{"id":24236,"date":"2025-11-11T14:13:16","date_gmt":"2025-11-11T21:13:16","guid":{"rendered":"https:\/\/techmasterdemexico.com\/?post_type=product&#038;p=24236"},"modified":"2025-11-11T14:13:16","modified_gmt":"2025-11-11T21:13:16","slug":"multimetro-digital-fluke-106","status":"publish","type":"product","link":"https:\/\/techmasterdemexico.com\/en\/producto\/multimetro-digital-fluke-106\/","title":{"rendered":"Mult\u00edmetro digital Fluke 106"},"content":{"rendered":"<p>El Fluke 106 es un mult\u00edmetro digital compacto y port\u00e1til, dise\u00f1ado para caber c\u00f3modamente en la palma de la mano y acompa\u00f1arte a cualquier lugar de trabajo. Ofrece mediciones confiables de voltaje, corriente, resistencia, continuidad y capacitancia, ideal para tareas el\u00e9ctricas b\u00e1sicas y diagn\u00f3sticos r\u00e1pidos en campo o laboratorio.<\/p>\n","protected":false},"excerpt":{"rendered":"<ul>\n<li>Dise\u00f1o ergon\u00f3mico y de tama\u00f1o reducido para f\u00e1cil transporte.<\/li>\n<li>Pantalla LCD de 6000 cuentas con actualizaci\u00f3n tres veces por segundo.<\/li>\n<li>Medici\u00f3n de voltaje AC\/DC hasta 600 V.<\/li>\n<li>Medici\u00f3n de corriente AC\/DC hasta 10 A.<\/li>\n<li>Funci\u00f3n de retenci\u00f3n de datos (\u201cData Hold\u201d).<\/li>\n<li>Protecci\u00f3n de sobrecarga integrada en todas las funciones.<\/li>\n<li>Alimentaci\u00f3n con 2 bater\u00edas AAA con autonom\u00eda m\u00ednima de 200 h.<\/li>\n<li>Cumple con normas de seguridad IEC 61010-1 CAT III 600 V.<\/li>\n<li>Incluye juego de cables de prueba TL75 y manual de usuario.<\/li>\n<li>Especificaciones T\u00e9cnicas Principales<\/li>\n<\/ul>\n","protected":false},"featured_media":24237,"template":"","meta":{"_acf_changed":false},"pwb-brand":[31],"product_brand":[],"product_cat":[366,30,138],"product_tag":[],"class_list":{"0":"post-24236","1":"product","2":"type-product","3":"status-publish","4":"has-post-thumbnail","6":"pwb-brand-fluke","7":"product_cat-todos-los-productos","8":"product_cat-fluke","9":"product_cat-multimetros-digitales-fluke","11":"first","12":"instock","13":"taxable","14":"shipping-taxable","15":"product-type-simple"},"acf":[],"yoast_head":"<!-- This site is optimized with the Yoast SEO plugin v27.4 - https:\/\/yoast.com\/product\/yoast-seo-wordpress\/ -->\n<title>Mult\u00edmetro digital Fluke 106 - Techmaster de Mexico<\/title>\n<meta name=\"robots\" content=\"index, follow, max-snippet:-1, max-image-preview:large, max-video-preview:-1\" \/>\n<link rel=\"canonical\" href=\"https:\/\/techmasterdemexico.com\/producto\/multimetro-digital-fluke-106\/\" \/>\n<meta property=\"og:locale\" content=\"en_US\" \/>\n<meta property=\"og:type\" content=\"article\" \/>\n<meta property=\"og:title\" content=\"Mult\u00edmetro digital Fluke 106 - Techmaster de Mexico\" \/>\n<meta property=\"og:description\" content=\"Dise\u00f1o ergon\u00f3mico y de tama\u00f1o reducido para f\u00e1cil transporte.  Pantalla LCD de 6000 cuentas con actualizaci\u00f3n tres veces por segundo.  Medici\u00f3n de voltaje AC\/DC hasta 600 V.  Medici\u00f3n de corriente AC\/DC hasta 10 A.  Funci\u00f3n de retenci\u00f3n de datos (\u201cData Hold\u201d).  Protecci\u00f3n de sobrecarga integrada en todas las funciones.  Alimentaci\u00f3n con 2 bater\u00edas AAA con autonom\u00eda m\u00ednima de 200 h.  Cumple con normas de seguridad IEC 61010-1 CAT III 600 V.  Incluye juego de cables de prueba TL75 y manual de usuario.  Especificaciones T\u00e9cnicas Principales\" \/>\n<meta property=\"og:url\" content=\"https:\/\/techmasterdemexico.com\/producto\/multimetro-digital-fluke-106\/\" \/>\n<meta property=\"og:site_name\" content=\"Techmaster de Mexico\" \/>\n<meta property=\"og:image\" content=\"https:\/\/techmasterdemexico.com\/wp-content\/uploads\/FLUKE-106.png\" \/>\n\t<meta property=\"og:image:width\" content=\"1000\" \/>\n\t<meta property=\"og:image:height\" content=\"1000\" \/>\n\t<meta property=\"og:image:type\" content=\"image\/png\" \/>\n<meta name=\"twitter:card\" content=\"summary_large_image\" \/>\n<meta name=\"twitter:label1\" content=\"Est. reading time\" \/>\n\t<meta name=\"twitter:data1\" content=\"1 minute\" \/>\n<script type=\"application\/ld+json\" class=\"yoast-schema-graph\">{\"@context\":\"https:\\\/\\\/schema.org\",\"@graph\":[{\"@type\":\"WebPage\",\"@id\":\"https:\\\/\\\/techmasterdemexico.com\\\/producto\\\/multimetro-digital-fluke-106\\\/\",\"url\":\"https:\\\/\\\/techmasterdemexico.com\\\/producto\\\/multimetro-digital-fluke-106\\\/\",\"name\":\"Mult\u00edmetro digital Fluke 106 - Techmaster de Mexico\",\"isPartOf\":{\"@id\":\"https:\\\/\\\/techmasterdemexico.com\\\/#website\"},\"primaryImageOfPage\":{\"@id\":\"https:\\\/\\\/techmasterdemexico.com\\\/producto\\\/multimetro-digital-fluke-106\\\/#primaryimage\"},\"image\":{\"@id\":\"https:\\\/\\\/techmasterdemexico.com\\\/producto\\\/multimetro-digital-fluke-106\\\/#primaryimage\"},\"thumbnailUrl\":\"https:\\\/\\\/techmasterdemexico.com\\\/wp-content\\\/uploads\\\/FLUKE-106.png\",\"datePublished\":\"2025-11-11T21:13:16+00:00\",\"breadcrumb\":{\"@id\":\"https:\\\/\\\/techmasterdemexico.com\\\/producto\\\/multimetro-digital-fluke-106\\\/#breadcrumb\"},\"inLanguage\":\"en-US\",\"potentialAction\":[{\"@type\":\"ReadAction\",\"target\":[\"https:\\\/\\\/techmasterdemexico.com\\\/producto\\\/multimetro-digital-fluke-106\\\/\"]}]},{\"@type\":\"ImageObject\",\"inLanguage\":\"en-US\",\"@id\":\"https:\\\/\\\/techmasterdemexico.com\\\/producto\\\/multimetro-digital-fluke-106\\\/#primaryimage\",\"url\":\"https:\\\/\\\/techmasterdemexico.com\\\/wp-content\\\/uploads\\\/FLUKE-106.png\",\"contentUrl\":\"https:\\\/\\\/techmasterdemexico.com\\\/wp-content\\\/uploads\\\/FLUKE-106.png\",\"width\":1000,\"height\":1000},{\"@type\":\"BreadcrumbList\",\"@id\":\"https:\\\/\\\/techmasterdemexico.com\\\/producto\\\/multimetro-digital-fluke-106\\\/#breadcrumb\",\"itemListElement\":[{\"@type\":\"ListItem\",\"position\":1,\"name\":\"Portada\",\"item\":\"https:\\\/\\\/techmasterdemexico.com\\\/\"},{\"@type\":\"ListItem\",\"position\":2,\"name\":\"Mult\u00edmetro digital Fluke 106\"}]},{\"@type\":\"WebSite\",\"@id\":\"https:\\\/\\\/techmasterdemexico.com\\\/#website\",\"url\":\"https:\\\/\\\/techmasterdemexico.com\\\/\",\"name\":\"Techmaster de Mexico\",\"description\":\"\",\"potentialAction\":[{\"@type\":\"SearchAction\",\"target\":{\"@type\":\"EntryPoint\",\"urlTemplate\":\"https:\\\/\\\/techmasterdemexico.com\\\/?s={search_term_string}\"},\"query-input\":{\"@type\":\"PropertyValueSpecification\",\"valueRequired\":true,\"valueName\":\"search_term_string\"}}],\"inLanguage\":\"en-US\"}]}<\/script>\n<!-- \/ Yoast SEO plugin. -->","yoast_head_json":{"title":"Mult\u00edmetro digital Fluke 106 - Techmaster de Mexico","robots":{"index":"index","follow":"follow","max-snippet":"max-snippet:-1","max-image-preview":"max-image-preview:large","max-video-preview":"max-video-preview:-1"},"canonical":"https:\/\/techmasterdemexico.com\/producto\/multimetro-digital-fluke-106\/","og_locale":"en_US","og_type":"article","og_title":"Mult\u00edmetro digital Fluke 106 - Techmaster de Mexico","og_description":"Dise\u00f1o ergon\u00f3mico y de tama\u00f1o reducido para f\u00e1cil transporte.  Pantalla LCD de 6000 cuentas con actualizaci\u00f3n tres veces por segundo.  Medici\u00f3n de voltaje AC\/DC hasta 600 V.  Medici\u00f3n de corriente AC\/DC hasta 10 A.  Funci\u00f3n de retenci\u00f3n de datos (\u201cData Hold\u201d).  Protecci\u00f3n de sobrecarga integrada en todas las funciones.  Alimentaci\u00f3n con 2 bater\u00edas AAA con autonom\u00eda m\u00ednima de 200 h.  Cumple con normas de seguridad IEC 61010-1 CAT III 600 V.  Incluye juego de cables de prueba TL75 y manual de usuario.  Especificaciones T\u00e9cnicas Principales","og_url":"https:\/\/techmasterdemexico.com\/producto\/multimetro-digital-fluke-106\/","og_site_name":"Techmaster de Mexico","og_image":[{"width":1000,"height":1000,"url":"https:\/\/techmasterdemexico.com\/wp-content\/uploads\/FLUKE-106.png","type":"image\/png"}],"twitter_card":"summary_large_image","twitter_misc":{"Est. reading time":"1 minute"},"schema":{"@context":"https:\/\/schema.org","@graph":[{"@type":"WebPage","@id":"https:\/\/techmasterdemexico.com\/producto\/multimetro-digital-fluke-106\/","url":"https:\/\/techmasterdemexico.com\/producto\/multimetro-digital-fluke-106\/","name":"Mult\u00edmetro digital Fluke 106 - Techmaster de Mexico","isPartOf":{"@id":"https:\/\/techmasterdemexico.com\/#website"},"primaryImageOfPage":{"@id":"https:\/\/techmasterdemexico.com\/producto\/multimetro-digital-fluke-106\/#primaryimage"},"image":{"@id":"https:\/\/techmasterdemexico.com\/producto\/multimetro-digital-fluke-106\/#primaryimage"},"thumbnailUrl":"https:\/\/techmasterdemexico.com\/wp-content\/uploads\/FLUKE-106.png","datePublished":"2025-11-11T21:13:16+00:00","breadcrumb":{"@id":"https:\/\/techmasterdemexico.com\/producto\/multimetro-digital-fluke-106\/#breadcrumb"},"inLanguage":"en-US","potentialAction":[{"@type":"ReadAction","target":["https:\/\/techmasterdemexico.com\/producto\/multimetro-digital-fluke-106\/"]}]},{"@type":"ImageObject","inLanguage":"en-US","@id":"https:\/\/techmasterdemexico.com\/producto\/multimetro-digital-fluke-106\/#primaryimage","url":"https:\/\/techmasterdemexico.com\/wp-content\/uploads\/FLUKE-106.png","contentUrl":"https:\/\/techmasterdemexico.com\/wp-content\/uploads\/FLUKE-106.png","width":1000,"height":1000},{"@type":"BreadcrumbList","@id":"https:\/\/techmasterdemexico.com\/producto\/multimetro-digital-fluke-106\/#breadcrumb","itemListElement":[{"@type":"ListItem","position":1,"name":"Portada","item":"https:\/\/techmasterdemexico.com\/"},{"@type":"ListItem","position":2,"name":"Mult\u00edmetro digital Fluke 106"}]},{"@type":"WebSite","@id":"https:\/\/techmasterdemexico.com\/#website","url":"https:\/\/techmasterdemexico.com\/","name":"Techmaster de Mexico","description":"","potentialAction":[{"@type":"SearchAction","target":{"@type":"EntryPoint","urlTemplate":"https:\/\/techmasterdemexico.com\/?s={search_term_string}"},"query-input":{"@type":"PropertyValueSpecification","valueRequired":true,"valueName":"search_term_string"}}],"inLanguage":"en-US"}]}},"brands":[{"id":31,"name":"Fluke","slug":"fluke"}],"_links":{"self":[{"href":"https:\/\/techmasterdemexico.com\/en\/wp-json\/wp\/v2\/product\/24236","targetHints":{"allow":["GET"]}}],"collection":[{"href":"https:\/\/techmasterdemexico.com\/en\/wp-json\/wp\/v2\/product"}],"about":[{"href":"https:\/\/techmasterdemexico.com\/en\/wp-json\/wp\/v2\/types\/product"}],"wp:featuredmedia":[{"embeddable":true,"href":"https:\/\/techmasterdemexico.com\/en\/wp-json\/wp\/v2\/media\/24237"}],"wp:attachment":[{"href":"https:\/\/techmasterdemexico.com\/en\/wp-json\/wp\/v2\/media?parent=24236"}],"wp:term":[{"taxonomy":"pwb-brand","embeddable":true,"href":"https:\/\/techmasterdemexico.com\/en\/wp-json\/wp\/v2\/pwb-brand?post=24236"},{"taxonomy":"product_brand","embeddable":true,"href":"https:\/\/techmasterdemexico.com\/en\/wp-json\/wp\/v2\/product_brand?post=24236"},{"taxonomy":"product_cat","embeddable":true,"href":"https:\/\/techmasterdemexico.com\/en\/wp-json\/wp\/v2\/product_cat?post=24236"},{"taxonomy":"product_tag","embeddable":true,"href":"https:\/\/techmasterdemexico.com\/en\/wp-json\/wp\/v2\/product_tag?post=24236"}],"curies":[{"name":"wp","href":"https:\/\/api.w.org\/{rel}","templated":true}]}}