{"id":24221,"date":"2025-11-07T12:18:25","date_gmt":"2025-11-07T19:18:25","guid":{"rendered":"https:\/\/techmasterdemexico.com\/?post_type=product&#038;p=24221"},"modified":"2025-11-07T13:45:07","modified_gmt":"2025-11-07T20:45:07","slug":"sistema-de-medicion-optica-swift-pro-elite","status":"publish","type":"product","link":"https:\/\/techmasterdemexico.com\/en\/producto\/sistema-de-medicion-optica-swift-pro-elite\/","title":{"rendered":"Sistema de medici\u00f3n \u00f3ptica Swift PRO Elite"},"content":{"rendered":"<p>Microscopio de medici\u00f3n \u00f3ptico sin ocular que ofrece precisi\u00f3n superior y una ergonom\u00eda avanzada para medici\u00f3n de piezas complejas. Ideal para componentes dif\u00edciles como pl\u00e1sticos transparentes o negros, donde los sistemas de video presentan limitaciones.<\/p>\n","protected":false},"excerpt":{"rendered":"<ul>\n<li>Medici\u00f3n \u00f3ptica pura, basada en tecnolog\u00eda Dynascope\u00ae sin ocular.<\/li>\n<li>Alta repetibilidad y precisi\u00f3n en medici\u00f3n de piezas complejas.<\/li>\n<li>Disponible con control basado en PC o microprocesador QC 3000.<\/li>\n<li>Ideal para fabricantes de herramientas y aplicaciones de inspecci\u00f3n de precisi\u00f3n.<\/li>\n<li>Operaci\u00f3n ergon\u00f3mica, permite uso con gafas o lentes de seguridad.<\/li>\n<li>Sistema robusto, de f\u00e1cil calibraci\u00f3n y mantenimiento.<\/li>\n<\/ul>\n","protected":false},"featured_media":24222,"template":"","meta":{"_acf_changed":false},"pwb-brand":[83],"product_brand":[],"product_cat":[366,86,52],"product_tag":[],"class_list":{"0":"post-24221","1":"product","2":"type-product","3":"status-publish","4":"has-post-thumbnail","6":"pwb-brand-vision-engineering","7":"product_cat-todos-los-productos","8":"product_cat-sistemas-de-medicion-sin-contacto","9":"product_cat-vision-engineering","11":"first","12":"instock","13":"taxable","14":"shipping-taxable","15":"product-type-simple"},"acf":[],"yoast_head":"<!-- This site is optimized with the Yoast SEO plugin v27.4 - https:\/\/yoast.com\/product\/yoast-seo-wordpress\/ -->\n<title>Sistema de medici\u00f3n \u00f3ptica Swift PRO Elite - Techmaster de Mexico<\/title>\n<meta name=\"robots\" content=\"index, follow, max-snippet:-1, max-image-preview:large, max-video-preview:-1\" \/>\n<link rel=\"canonical\" href=\"https:\/\/techmasterdemexico.com\/producto\/sistema-de-medicion-optica-swift-pro-elite\/\" \/>\n<meta property=\"og:locale\" content=\"en_US\" \/>\n<meta property=\"og:type\" content=\"article\" \/>\n<meta property=\"og:title\" content=\"Sistema de medici\u00f3n \u00f3ptica Swift PRO Elite - Techmaster de Mexico\" \/>\n<meta property=\"og:description\" content=\"Medici\u00f3n \u00f3ptica pura, basada en tecnolog\u00eda Dynascope\u00ae sin ocular.  Alta repetibilidad y precisi\u00f3n en medici\u00f3n de piezas complejas.  Disponible con control basado en PC o microprocesador QC 3000.  Ideal para fabricantes de herramientas y aplicaciones de inspecci\u00f3n de precisi\u00f3n.  Operaci\u00f3n ergon\u00f3mica, permite uso con gafas o lentes de seguridad.  Sistema robusto, de f\u00e1cil calibraci\u00f3n y mantenimiento.\" \/>\n<meta property=\"og:url\" content=\"https:\/\/techmasterdemexico.com\/producto\/sistema-de-medicion-optica-swift-pro-elite\/\" \/>\n<meta property=\"og:site_name\" content=\"Techmaster de Mexico\" \/>\n<meta property=\"article:modified_time\" content=\"2025-11-07T20:45:07+00:00\" \/>\n<meta property=\"og:image\" content=\"https:\/\/techmasterdemexico.com\/wp-content\/uploads\/Swift_PRO_Elite_300dpi.jpg\" \/>\n\t<meta property=\"og:image:width\" content=\"1072\" \/>\n\t<meta property=\"og:image:height\" content=\"1284\" \/>\n\t<meta property=\"og:image:type\" content=\"image\/jpeg\" \/>\n<meta name=\"twitter:card\" content=\"summary_large_image\" \/>\n<meta name=\"twitter:label1\" content=\"Est. reading time\" \/>\n\t<meta name=\"twitter:data1\" content=\"1 minute\" \/>\n<script type=\"application\/ld+json\" class=\"yoast-schema-graph\">{\"@context\":\"https:\\\/\\\/schema.org\",\"@graph\":[{\"@type\":\"WebPage\",\"@id\":\"https:\\\/\\\/techmasterdemexico.com\\\/producto\\\/sistema-de-medicion-optica-swift-pro-elite\\\/\",\"url\":\"https:\\\/\\\/techmasterdemexico.com\\\/producto\\\/sistema-de-medicion-optica-swift-pro-elite\\\/\",\"name\":\"Sistema de medici\u00f3n \u00f3ptica Swift PRO Elite - Techmaster de Mexico\",\"isPartOf\":{\"@id\":\"https:\\\/\\\/techmasterdemexico.com\\\/#website\"},\"primaryImageOfPage\":{\"@id\":\"https:\\\/\\\/techmasterdemexico.com\\\/producto\\\/sistema-de-medicion-optica-swift-pro-elite\\\/#primaryimage\"},\"image\":{\"@id\":\"https:\\\/\\\/techmasterdemexico.com\\\/producto\\\/sistema-de-medicion-optica-swift-pro-elite\\\/#primaryimage\"},\"thumbnailUrl\":\"https:\\\/\\\/techmasterdemexico.com\\\/wp-content\\\/uploads\\\/Swift_PRO_Elite_300dpi.jpg\",\"datePublished\":\"2025-11-07T19:18:25+00:00\",\"dateModified\":\"2025-11-07T20:45:07+00:00\",\"breadcrumb\":{\"@id\":\"https:\\\/\\\/techmasterdemexico.com\\\/producto\\\/sistema-de-medicion-optica-swift-pro-elite\\\/#breadcrumb\"},\"inLanguage\":\"en-US\",\"potentialAction\":[{\"@type\":\"ReadAction\",\"target\":[\"https:\\\/\\\/techmasterdemexico.com\\\/producto\\\/sistema-de-medicion-optica-swift-pro-elite\\\/\"]}]},{\"@type\":\"ImageObject\",\"inLanguage\":\"en-US\",\"@id\":\"https:\\\/\\\/techmasterdemexico.com\\\/producto\\\/sistema-de-medicion-optica-swift-pro-elite\\\/#primaryimage\",\"url\":\"https:\\\/\\\/techmasterdemexico.com\\\/wp-content\\\/uploads\\\/Swift_PRO_Elite_300dpi.jpg\",\"contentUrl\":\"https:\\\/\\\/techmasterdemexico.com\\\/wp-content\\\/uploads\\\/Swift_PRO_Elite_300dpi.jpg\",\"width\":1072,\"height\":1284},{\"@type\":\"BreadcrumbList\",\"@id\":\"https:\\\/\\\/techmasterdemexico.com\\\/producto\\\/sistema-de-medicion-optica-swift-pro-elite\\\/#breadcrumb\",\"itemListElement\":[{\"@type\":\"ListItem\",\"position\":1,\"name\":\"Portada\",\"item\":\"https:\\\/\\\/techmasterdemexico.com\\\/\"},{\"@type\":\"ListItem\",\"position\":2,\"name\":\"Sistema de medici\u00f3n \u00f3ptica Swift PRO Elite\"}]},{\"@type\":\"WebSite\",\"@id\":\"https:\\\/\\\/techmasterdemexico.com\\\/#website\",\"url\":\"https:\\\/\\\/techmasterdemexico.com\\\/\",\"name\":\"Techmaster de Mexico\",\"description\":\"\",\"potentialAction\":[{\"@type\":\"SearchAction\",\"target\":{\"@type\":\"EntryPoint\",\"urlTemplate\":\"https:\\\/\\\/techmasterdemexico.com\\\/?s={search_term_string}\"},\"query-input\":{\"@type\":\"PropertyValueSpecification\",\"valueRequired\":true,\"valueName\":\"search_term_string\"}}],\"inLanguage\":\"en-US\"}]}<\/script>\n<!-- \/ Yoast SEO plugin. -->","yoast_head_json":{"title":"Sistema de medici\u00f3n \u00f3ptica Swift PRO Elite - Techmaster de Mexico","robots":{"index":"index","follow":"follow","max-snippet":"max-snippet:-1","max-image-preview":"max-image-preview:large","max-video-preview":"max-video-preview:-1"},"canonical":"https:\/\/techmasterdemexico.com\/producto\/sistema-de-medicion-optica-swift-pro-elite\/","og_locale":"en_US","og_type":"article","og_title":"Sistema de medici\u00f3n \u00f3ptica Swift PRO Elite - Techmaster de Mexico","og_description":"Medici\u00f3n \u00f3ptica pura, basada en tecnolog\u00eda Dynascope\u00ae sin ocular.  Alta repetibilidad y precisi\u00f3n en medici\u00f3n de piezas complejas.  Disponible con control basado en PC o microprocesador QC 3000.  Ideal para fabricantes de herramientas y aplicaciones de inspecci\u00f3n de precisi\u00f3n.  Operaci\u00f3n ergon\u00f3mica, permite uso con gafas o lentes de seguridad.  Sistema robusto, de f\u00e1cil calibraci\u00f3n y mantenimiento.","og_url":"https:\/\/techmasterdemexico.com\/producto\/sistema-de-medicion-optica-swift-pro-elite\/","og_site_name":"Techmaster de Mexico","article_modified_time":"2025-11-07T20:45:07+00:00","og_image":[{"width":1072,"height":1284,"url":"https:\/\/techmasterdemexico.com\/wp-content\/uploads\/Swift_PRO_Elite_300dpi.jpg","type":"image\/jpeg"}],"twitter_card":"summary_large_image","twitter_misc":{"Est. reading time":"1 minute"},"schema":{"@context":"https:\/\/schema.org","@graph":[{"@type":"WebPage","@id":"https:\/\/techmasterdemexico.com\/producto\/sistema-de-medicion-optica-swift-pro-elite\/","url":"https:\/\/techmasterdemexico.com\/producto\/sistema-de-medicion-optica-swift-pro-elite\/","name":"Sistema de medici\u00f3n \u00f3ptica Swift PRO Elite - Techmaster de Mexico","isPartOf":{"@id":"https:\/\/techmasterdemexico.com\/#website"},"primaryImageOfPage":{"@id":"https:\/\/techmasterdemexico.com\/producto\/sistema-de-medicion-optica-swift-pro-elite\/#primaryimage"},"image":{"@id":"https:\/\/techmasterdemexico.com\/producto\/sistema-de-medicion-optica-swift-pro-elite\/#primaryimage"},"thumbnailUrl":"https:\/\/techmasterdemexico.com\/wp-content\/uploads\/Swift_PRO_Elite_300dpi.jpg","datePublished":"2025-11-07T19:18:25+00:00","dateModified":"2025-11-07T20:45:07+00:00","breadcrumb":{"@id":"https:\/\/techmasterdemexico.com\/producto\/sistema-de-medicion-optica-swift-pro-elite\/#breadcrumb"},"inLanguage":"en-US","potentialAction":[{"@type":"ReadAction","target":["https:\/\/techmasterdemexico.com\/producto\/sistema-de-medicion-optica-swift-pro-elite\/"]}]},{"@type":"ImageObject","inLanguage":"en-US","@id":"https:\/\/techmasterdemexico.com\/producto\/sistema-de-medicion-optica-swift-pro-elite\/#primaryimage","url":"https:\/\/techmasterdemexico.com\/wp-content\/uploads\/Swift_PRO_Elite_300dpi.jpg","contentUrl":"https:\/\/techmasterdemexico.com\/wp-content\/uploads\/Swift_PRO_Elite_300dpi.jpg","width":1072,"height":1284},{"@type":"BreadcrumbList","@id":"https:\/\/techmasterdemexico.com\/producto\/sistema-de-medicion-optica-swift-pro-elite\/#breadcrumb","itemListElement":[{"@type":"ListItem","position":1,"name":"Portada","item":"https:\/\/techmasterdemexico.com\/"},{"@type":"ListItem","position":2,"name":"Sistema de medici\u00f3n \u00f3ptica Swift PRO Elite"}]},{"@type":"WebSite","@id":"https:\/\/techmasterdemexico.com\/#website","url":"https:\/\/techmasterdemexico.com\/","name":"Techmaster de Mexico","description":"","potentialAction":[{"@type":"SearchAction","target":{"@type":"EntryPoint","urlTemplate":"https:\/\/techmasterdemexico.com\/?s={search_term_string}"},"query-input":{"@type":"PropertyValueSpecification","valueRequired":true,"valueName":"search_term_string"}}],"inLanguage":"en-US"}]}},"brands":[{"id":83,"name":"Vision Engineering","slug":"vision-engineering"}],"_links":{"self":[{"href":"https:\/\/techmasterdemexico.com\/en\/wp-json\/wp\/v2\/product\/24221","targetHints":{"allow":["GET"]}}],"collection":[{"href":"https:\/\/techmasterdemexico.com\/en\/wp-json\/wp\/v2\/product"}],"about":[{"href":"https:\/\/techmasterdemexico.com\/en\/wp-json\/wp\/v2\/types\/product"}],"wp:featuredmedia":[{"embeddable":true,"href":"https:\/\/techmasterdemexico.com\/en\/wp-json\/wp\/v2\/media\/24222"}],"wp:attachment":[{"href":"https:\/\/techmasterdemexico.com\/en\/wp-json\/wp\/v2\/media?parent=24221"}],"wp:term":[{"taxonomy":"pwb-brand","embeddable":true,"href":"https:\/\/techmasterdemexico.com\/en\/wp-json\/wp\/v2\/pwb-brand?post=24221"},{"taxonomy":"product_brand","embeddable":true,"href":"https:\/\/techmasterdemexico.com\/en\/wp-json\/wp\/v2\/product_brand?post=24221"},{"taxonomy":"product_cat","embeddable":true,"href":"https:\/\/techmasterdemexico.com\/en\/wp-json\/wp\/v2\/product_cat?post=24221"},{"taxonomy":"product_tag","embeddable":true,"href":"https:\/\/techmasterdemexico.com\/en\/wp-json\/wp\/v2\/product_tag?post=24221"}],"curies":[{"name":"wp","href":"https:\/\/api.w.org\/{rel}","templated":true}]}}