{"id":24207,"date":"2025-11-06T18:51:12","date_gmt":"2025-11-07T01:51:12","guid":{"rendered":"https:\/\/techmasterdemexico.com\/?post_type=product&#038;p=24207"},"modified":"2025-11-06T18:51:12","modified_gmt":"2025-11-07T01:51:12","slug":"indicador-de-caratula-001-2-in-3-8-bp-mitutoyo-1166t","status":"publish","type":"product","link":"https:\/\/techmasterdemexico.com\/en\/producto\/indicador-de-caratula-001-2-in-3-8-bp-mitutoyo-1166t\/","title":{"rendered":"Indicador de car\u00e1tula, .001, .2 In, 3\/8, BP MITUTOYO 1166T"},"content":{"rendered":"<p><span style=\"color: red;\">Producto descontinuado.<\/span><br \/>\n<\/p>","protected":false},"excerpt":{"rendered":"<div class=\"pb2\">\n<h3 class=\"flex items-center mv0 lh-copy f5 pb1 dark-gray\">Modelo \/ Estilo \/ Tipo<\/h3>\n<div class=\"mv0 lh-copy mid-gray f6\">1166T<\/div>\n<\/div>\n<div class=\"pb2\">\n<h3 class=\"flex items-center mv0 lh-copy f5 pb1 dark-gray\">Pa\u00eds de Origen<\/h3>\n<div class=\"mv0 lh-copy mid-gray f6\">Jap\u00f3n<\/div>\n<\/div>\n<div class=\"pb2\">\n<h3 class=\"flex items-center mv0 lh-copy f5 pb1 dark-gray\">Peso del Producto Ensamblado<\/h3>\n<div class=\"mv0 lh-copy mid-gray f6\">0.23 kg<\/div>\n<\/div>\n<div class=\"pb2\">\n<h3 class=\"flex items-center mv0 lh-copy f5 pb1 dark-gray\">Contenido del Empaque<\/h3>\n<div class=\"mv0 lh-copy mid-gray f6\">Indicador de car\u00e1tula, .001, .2 In, 3\/8, BP<\/div>\n<\/div>\n<div class=\"pb2\">\n<h3 class=\"flex items-center mv0 lh-copy f5 pb1 dark-gray\">Longitud del Producto Ensamblado<\/h3>\n<div class=\"mv0 lh-copy mid-gray f6\">11.43 cm<\/div>\n<\/div>\n<div class=\"pb2\">\n<h3 class=\"flex items-center mv0 lh-copy f5 pb1 dark-gray\">Material<\/h3>\n<div class=\"mv0 lh-copy mid-gray f6\">NA<\/div>\n<\/div>\n<div class=\"pb2\">\n<h3 class=\"flex items-center mv0 lh-copy f5 pb1 dark-gray\">Talla<\/h3>\n<div class=\"mv0 lh-copy mid-gray f6\">3\/8 pulg.<\/div>\n<\/div>\n<div class=\"pb2\">\n<h3 class=\"flex items-center mv0 lh-copy f5 pb1 dark-gray\">Ancho del Producto Ensamblado<\/h3>\n<div class=\"mv0 lh-copy mid-gray f6\">6.35 cm<\/div>\n<\/div>\n<div class=\"pb2\">\n<h3 class=\"flex items-center mv0 lh-copy f5 pb1 dark-gray\">Gama Color<\/h3>\n<div class=\"mv0 lh-copy mid-gray f6\">Acero Inox<\/div>\n<\/div>\n<div class=\"pb2\">\n<h3 class=\"flex items-center mv0 lh-copy f5 pb1 dark-gray\">Color<\/h3>\n<div class=\"mv0 lh-copy mid-gray f6\">NA<\/div>\n<\/div>\n<div class=\"pb2\">\n<h3 class=\"flex items-center mv0 lh-copy f5 pb1 dark-gray\">N\u00famero de Modelo<\/h3>\n<div class=\"mv0 lh-copy mid-gray f6\">1166T<\/div>\n<\/div>\n<div class=\"pb2\">\n<h3 class=\"flex items-center mv0 lh-copy f5 pb1 dark-gray\">Altura del Producto Ensamblado<\/h3>\n<div class=\"mv0 lh-copy mid-gray f6\">6.35 cm<\/div>\n<\/div>\n","protected":false},"featured_media":24208,"template":"","meta":{"_acf_changed":false},"pwb-brand":[39],"product_brand":[],"product_cat":[38],"product_tag":[],"class_list":{"0":"post-24207","1":"product","2":"type-product","3":"status-publish","4":"has-post-thumbnail","6":"pwb-brand-mitutoyo","7":"product_cat-mitutoyo","9":"first","10":"instock","11":"taxable","12":"shipping-taxable","13":"product-type-simple"},"acf":[],"yoast_head":"<!-- This site is optimized with the Yoast SEO plugin v27.5 - https:\/\/yoast.com\/product\/yoast-seo-wordpress\/ -->\n<title>Indicador de car\u00e1tula, .001, .2 In, 3\/8, BP MITUTOYO 1166T - Techmaster de Mexico<\/title>\n<meta name=\"robots\" content=\"index, follow, max-snippet:-1, max-image-preview:large, max-video-preview:-1\" \/>\n<link rel=\"canonical\" href=\"https:\/\/techmasterdemexico.com\/producto\/indicador-de-caratula-001-2-in-3-8-bp-mitutoyo-1166t\/\" \/>\n<meta property=\"og:locale\" content=\"en_US\" \/>\n<meta property=\"og:type\" content=\"article\" \/>\n<meta property=\"og:title\" content=\"Indicador de car\u00e1tula, .001, .2 In, 3\/8, BP MITUTOYO 1166T - Techmaster de Mexico\" \/>\n<meta property=\"og:description\" content=\"Modelo \/ Estilo \/ Tipo 1166T   Pa\u00eds de Origen Jap\u00f3n   Peso del Producto Ensamblado 0.23 kg   Contenido del Empaque Indicador de car\u00e1tula, .001, .2 In, 3\/8, BP   Longitud del Producto Ensamblado 11.43 cm   Material NA   Talla 3\/8 pulg.   Ancho del Producto Ensamblado 6.35 cm   Gama Color Acero Inox   Color NA   N\u00famero de Modelo 1166T   Altura del Producto Ensamblado 6.35 cm\" \/>\n<meta property=\"og:url\" content=\"https:\/\/techmasterdemexico.com\/producto\/indicador-de-caratula-001-2-in-3-8-bp-mitutoyo-1166t\/\" \/>\n<meta property=\"og:site_name\" content=\"Techmaster de Mexico\" \/>\n<meta property=\"og:image\" content=\"https:\/\/techmasterdemexico.com\/wp-content\/uploads\/d15e2db1-7588-4cc9-85a7-1c75104227e5.7e1576519724d0c22b42cf07bcd695b4.webp\" \/>\n\t<meta property=\"og:image:width\" content=\"612\" \/>\n\t<meta property=\"og:image:height\" content=\"612\" \/>\n\t<meta property=\"og:image:type\" content=\"image\/webp\" \/>\n<meta name=\"twitter:card\" content=\"summary_large_image\" \/>\n<meta name=\"twitter:label1\" content=\"Est. reading time\" \/>\n\t<meta name=\"twitter:data1\" content=\"1 minute\" \/>\n<script type=\"application\/ld+json\" class=\"yoast-schema-graph\">{\"@context\":\"https:\\\/\\\/schema.org\",\"@graph\":[{\"@type\":\"WebPage\",\"@id\":\"https:\\\/\\\/techmasterdemexico.com\\\/producto\\\/indicador-de-caratula-001-2-in-3-8-bp-mitutoyo-1166t\\\/\",\"url\":\"https:\\\/\\\/techmasterdemexico.com\\\/producto\\\/indicador-de-caratula-001-2-in-3-8-bp-mitutoyo-1166t\\\/\",\"name\":\"Indicador de car\u00e1tula, .001, .2 In, 3\\\/8, BP MITUTOYO 1166T - Techmaster de Mexico\",\"isPartOf\":{\"@id\":\"https:\\\/\\\/techmasterdemexico.com\\\/#website\"},\"primaryImageOfPage\":{\"@id\":\"https:\\\/\\\/techmasterdemexico.com\\\/producto\\\/indicador-de-caratula-001-2-in-3-8-bp-mitutoyo-1166t\\\/#primaryimage\"},\"image\":{\"@id\":\"https:\\\/\\\/techmasterdemexico.com\\\/producto\\\/indicador-de-caratula-001-2-in-3-8-bp-mitutoyo-1166t\\\/#primaryimage\"},\"thumbnailUrl\":\"https:\\\/\\\/techmasterdemexico.com\\\/wp-content\\\/uploads\\\/d15e2db1-7588-4cc9-85a7-1c75104227e5.7e1576519724d0c22b42cf07bcd695b4.webp\",\"datePublished\":\"2025-11-07T01:51:12+00:00\",\"breadcrumb\":{\"@id\":\"https:\\\/\\\/techmasterdemexico.com\\\/producto\\\/indicador-de-caratula-001-2-in-3-8-bp-mitutoyo-1166t\\\/#breadcrumb\"},\"inLanguage\":\"en-US\",\"potentialAction\":[{\"@type\":\"ReadAction\",\"target\":[\"https:\\\/\\\/techmasterdemexico.com\\\/producto\\\/indicador-de-caratula-001-2-in-3-8-bp-mitutoyo-1166t\\\/\"]}]},{\"@type\":\"ImageObject\",\"inLanguage\":\"en-US\",\"@id\":\"https:\\\/\\\/techmasterdemexico.com\\\/producto\\\/indicador-de-caratula-001-2-in-3-8-bp-mitutoyo-1166t\\\/#primaryimage\",\"url\":\"https:\\\/\\\/techmasterdemexico.com\\\/wp-content\\\/uploads\\\/d15e2db1-7588-4cc9-85a7-1c75104227e5.7e1576519724d0c22b42cf07bcd695b4.webp\",\"contentUrl\":\"https:\\\/\\\/techmasterdemexico.com\\\/wp-content\\\/uploads\\\/d15e2db1-7588-4cc9-85a7-1c75104227e5.7e1576519724d0c22b42cf07bcd695b4.webp\",\"width\":612,\"height\":612},{\"@type\":\"BreadcrumbList\",\"@id\":\"https:\\\/\\\/techmasterdemexico.com\\\/producto\\\/indicador-de-caratula-001-2-in-3-8-bp-mitutoyo-1166t\\\/#breadcrumb\",\"itemListElement\":[{\"@type\":\"ListItem\",\"position\":1,\"name\":\"Portada\",\"item\":\"https:\\\/\\\/techmasterdemexico.com\\\/\"},{\"@type\":\"ListItem\",\"position\":2,\"name\":\"Indicador de car\u00e1tula, .001, .2 In, 3\\\/8, BP MITUTOYO 1166T\"}]},{\"@type\":\"WebSite\",\"@id\":\"https:\\\/\\\/techmasterdemexico.com\\\/#website\",\"url\":\"https:\\\/\\\/techmasterdemexico.com\\\/\",\"name\":\"Techmaster de Mexico\",\"description\":\"\",\"potentialAction\":[{\"@type\":\"SearchAction\",\"target\":{\"@type\":\"EntryPoint\",\"urlTemplate\":\"https:\\\/\\\/techmasterdemexico.com\\\/?s={search_term_string}\"},\"query-input\":{\"@type\":\"PropertyValueSpecification\",\"valueRequired\":true,\"valueName\":\"search_term_string\"}}],\"inLanguage\":\"en-US\"}]}<\/script>\n<!-- \/ Yoast SEO plugin. -->","yoast_head_json":{"title":"Indicador de car\u00e1tula, .001, .2 In, 3\/8, BP MITUTOYO 1166T - Techmaster de Mexico","robots":{"index":"index","follow":"follow","max-snippet":"max-snippet:-1","max-image-preview":"max-image-preview:large","max-video-preview":"max-video-preview:-1"},"canonical":"https:\/\/techmasterdemexico.com\/producto\/indicador-de-caratula-001-2-in-3-8-bp-mitutoyo-1166t\/","og_locale":"en_US","og_type":"article","og_title":"Indicador de car\u00e1tula, .001, .2 In, 3\/8, BP MITUTOYO 1166T - Techmaster de Mexico","og_description":"Modelo \/ Estilo \/ Tipo 1166T   Pa\u00eds de Origen Jap\u00f3n   Peso del Producto Ensamblado 0.23 kg   Contenido del Empaque Indicador de car\u00e1tula, .001, .2 In, 3\/8, BP   Longitud del Producto Ensamblado 11.43 cm   Material NA   Talla 3\/8 pulg.   Ancho del Producto Ensamblado 6.35 cm   Gama Color Acero Inox   Color NA   N\u00famero de Modelo 1166T   Altura del Producto Ensamblado 6.35 cm","og_url":"https:\/\/techmasterdemexico.com\/producto\/indicador-de-caratula-001-2-in-3-8-bp-mitutoyo-1166t\/","og_site_name":"Techmaster de Mexico","og_image":[{"width":612,"height":612,"url":"https:\/\/techmasterdemexico.com\/wp-content\/uploads\/d15e2db1-7588-4cc9-85a7-1c75104227e5.7e1576519724d0c22b42cf07bcd695b4.webp","type":"image\/webp"}],"twitter_card":"summary_large_image","twitter_misc":{"Est. reading time":"1 minute"},"schema":{"@context":"https:\/\/schema.org","@graph":[{"@type":"WebPage","@id":"https:\/\/techmasterdemexico.com\/producto\/indicador-de-caratula-001-2-in-3-8-bp-mitutoyo-1166t\/","url":"https:\/\/techmasterdemexico.com\/producto\/indicador-de-caratula-001-2-in-3-8-bp-mitutoyo-1166t\/","name":"Indicador de car\u00e1tula, .001, .2 In, 3\/8, BP MITUTOYO 1166T - Techmaster de Mexico","isPartOf":{"@id":"https:\/\/techmasterdemexico.com\/#website"},"primaryImageOfPage":{"@id":"https:\/\/techmasterdemexico.com\/producto\/indicador-de-caratula-001-2-in-3-8-bp-mitutoyo-1166t\/#primaryimage"},"image":{"@id":"https:\/\/techmasterdemexico.com\/producto\/indicador-de-caratula-001-2-in-3-8-bp-mitutoyo-1166t\/#primaryimage"},"thumbnailUrl":"https:\/\/techmasterdemexico.com\/wp-content\/uploads\/d15e2db1-7588-4cc9-85a7-1c75104227e5.7e1576519724d0c22b42cf07bcd695b4.webp","datePublished":"2025-11-07T01:51:12+00:00","breadcrumb":{"@id":"https:\/\/techmasterdemexico.com\/producto\/indicador-de-caratula-001-2-in-3-8-bp-mitutoyo-1166t\/#breadcrumb"},"inLanguage":"en-US","potentialAction":[{"@type":"ReadAction","target":["https:\/\/techmasterdemexico.com\/producto\/indicador-de-caratula-001-2-in-3-8-bp-mitutoyo-1166t\/"]}]},{"@type":"ImageObject","inLanguage":"en-US","@id":"https:\/\/techmasterdemexico.com\/producto\/indicador-de-caratula-001-2-in-3-8-bp-mitutoyo-1166t\/#primaryimage","url":"https:\/\/techmasterdemexico.com\/wp-content\/uploads\/d15e2db1-7588-4cc9-85a7-1c75104227e5.7e1576519724d0c22b42cf07bcd695b4.webp","contentUrl":"https:\/\/techmasterdemexico.com\/wp-content\/uploads\/d15e2db1-7588-4cc9-85a7-1c75104227e5.7e1576519724d0c22b42cf07bcd695b4.webp","width":612,"height":612},{"@type":"BreadcrumbList","@id":"https:\/\/techmasterdemexico.com\/producto\/indicador-de-caratula-001-2-in-3-8-bp-mitutoyo-1166t\/#breadcrumb","itemListElement":[{"@type":"ListItem","position":1,"name":"Portada","item":"https:\/\/techmasterdemexico.com\/"},{"@type":"ListItem","position":2,"name":"Indicador de car\u00e1tula, .001, .2 In, 3\/8, BP MITUTOYO 1166T"}]},{"@type":"WebSite","@id":"https:\/\/techmasterdemexico.com\/#website","url":"https:\/\/techmasterdemexico.com\/","name":"Techmaster de Mexico","description":"","potentialAction":[{"@type":"SearchAction","target":{"@type":"EntryPoint","urlTemplate":"https:\/\/techmasterdemexico.com\/?s={search_term_string}"},"query-input":{"@type":"PropertyValueSpecification","valueRequired":true,"valueName":"search_term_string"}}],"inLanguage":"en-US"}]}},"brands":[{"id":39,"name":"Mitutoyo","slug":"mitutoyo"}],"_links":{"self":[{"href":"https:\/\/techmasterdemexico.com\/en\/wp-json\/wp\/v2\/product\/24207","targetHints":{"allow":["GET"]}}],"collection":[{"href":"https:\/\/techmasterdemexico.com\/en\/wp-json\/wp\/v2\/product"}],"about":[{"href":"https:\/\/techmasterdemexico.com\/en\/wp-json\/wp\/v2\/types\/product"}],"wp:featuredmedia":[{"embeddable":true,"href":"https:\/\/techmasterdemexico.com\/en\/wp-json\/wp\/v2\/media\/24208"}],"wp:attachment":[{"href":"https:\/\/techmasterdemexico.com\/en\/wp-json\/wp\/v2\/media?parent=24207"}],"wp:term":[{"taxonomy":"pwb-brand","embeddable":true,"href":"https:\/\/techmasterdemexico.com\/en\/wp-json\/wp\/v2\/pwb-brand?post=24207"},{"taxonomy":"product_brand","embeddable":true,"href":"https:\/\/techmasterdemexico.com\/en\/wp-json\/wp\/v2\/product_brand?post=24207"},{"taxonomy":"product_cat","embeddable":true,"href":"https:\/\/techmasterdemexico.com\/en\/wp-json\/wp\/v2\/product_cat?post=24207"},{"taxonomy":"product_tag","embeddable":true,"href":"https:\/\/techmasterdemexico.com\/en\/wp-json\/wp\/v2\/product_tag?post=24207"}],"curies":[{"name":"wp","href":"https:\/\/api.w.org\/{rel}","templated":true}]}}