{"id":23670,"date":"2025-10-07T15:28:31","date_gmt":"2025-10-07T22:28:31","guid":{"rendered":"https:\/\/techmasterdemexico.com\/?post_type=product&#038;p=23670"},"modified":"2025-10-07T15:28:31","modified_gmt":"2025-10-07T22:28:31","slug":"medidor-de-altura-lineal-mitutoyo-serie-lh-600f","status":"publish","type":"product","link":"https:\/\/techmasterdemexico.com\/en\/producto\/medidor-de-altura-lineal-mitutoyo-serie-lh-600f\/","title":{"rendered":"Medidor de altura lineal Mitutoyo serie LH-600F"},"content":{"rendered":"<p>El Mitutoyo LH-600F es un medidor de altura lineal 2D de alta precisi\u00f3n dise\u00f1ado para realizar mediciones complejas con eficiencia y confiabilidad. Integra una interfaz amigable (pantalla LCD, navegaci\u00f3n por pantalla t\u00e1ctil), capacidad multiling\u00fce y funciones motorizadas para facilitar tareas de inspecci\u00f3n. Es ideal para aplicaciones industriales donde se requieren medidas exactas en dos dimensiones, perpendiculares y de profundidad, todo con un solo instrumento.<\/p>\n","protected":false},"excerpt":{"rendered":"<ul>\n<li>\n<div class=\"elementToProof\" role=\"presentation\">Una nueva funci\u00f3n de autocomprobaci\u00f3n permite detectar suciedad o aceite en el codificador, lo que garantiza que el instrumento est\u00e9 limpio y pueda proporcionar mediciones precisas.<\/div>\n<\/li>\n<li>\n<div class=\"elementToProof\" role=\"presentation\">Ahora se pueden realizar cambios instant\u00e1neos en las unidades, la resoluci\u00f3n y la medici\u00f3n delta con respecto a la lectura anterior.<\/div>\n<\/li>\n<li>\n<div class=\"elementToProof\" role=\"presentation\">Un sistema de cojinetes neum\u00e1ticos facilita el desplazamiento del medidor de altura; un modo semiflotante permite deslizarlo m\u00e1s f\u00e1cilmente mientras se realizan mediciones, incluso con piezas pesadas.<\/div>\n<\/li>\n<li>\n<div class=\"elementToProof\" role=\"presentation\">Las capacidades motorizadas proporcionan una mejor repetibilidad y reproducibilidad, junto con un modo 2D mejorado para medir \u00e1ngulos, c\u00edrculos de orificios de pernos y mucho m\u00e1s.<\/div>\n<\/li>\n<li>\n<div class=\"elementToProof\" role=\"presentation\">Hay disponible un nuevo pedal opcional para realizar mediciones repetidas de piezas voluminosas sin necesidad de utilizar las manos.<\/div>\n<\/li>\n<li>\n<div class=\"elementToProof\" role=\"presentation\">M\u00faltiples opciones de sonda (opcionales) y posici\u00f3n de sonda conmutable para obtener mejores mediciones de perpendicularidad y rectitud.<\/div>\n<\/li>\n<li>\n<div class=\"elementToProof\" role=\"presentation\">Excelente precisi\u00f3n de (1,1+0,6L\/600) \u03bcm con una resoluci\u00f3n\/repetibilidad de 0,1 \u03bcm\/0,5 \u03bcm.<\/div>\n<\/li>\n<li>\n<div class=\"elementToProof\" role=\"presentation\">Disponible en modelos en pulgadas\/m\u00e9tricos.<\/div>\n<\/li>\n<\/ul>\n","protected":false},"featured_media":23671,"template":"","meta":{"_acf_changed":false},"pwb-brand":[39],"product_brand":[],"product_cat":[366,524,38],"product_tag":[],"class_list":{"0":"post-23670","1":"product","2":"type-product","3":"status-publish","4":"has-post-thumbnail","6":"pwb-brand-mitutoyo","7":"product_cat-todos-los-productos","8":"product_cat-height-gauges","9":"product_cat-mitutoyo","11":"first","12":"instock","13":"taxable","14":"shipping-taxable","15":"product-type-simple"},"acf":[],"yoast_head":"<!-- This site is optimized with the Yoast SEO plugin v27.4 - https:\/\/yoast.com\/product\/yoast-seo-wordpress\/ -->\n<title>Medidor de altura lineal Mitutoyo serie LH-600F - Techmaster de Mexico<\/title>\n<meta name=\"robots\" content=\"index, follow, max-snippet:-1, max-image-preview:large, max-video-preview:-1\" \/>\n<link rel=\"canonical\" href=\"https:\/\/techmasterdemexico.com\/producto\/medidor-de-altura-lineal-mitutoyo-serie-lh-600f\/\" \/>\n<meta property=\"og:locale\" content=\"en_US\" \/>\n<meta property=\"og:type\" content=\"article\" \/>\n<meta property=\"og:title\" content=\"Medidor de altura lineal Mitutoyo serie LH-600F - Techmaster de Mexico\" \/>\n<meta property=\"og:description\" content=\"Una nueva funci\u00f3n de autocomprobaci\u00f3n permite detectar suciedad o aceite en el codificador, lo que garantiza que el instrumento est\u00e9 limpio y pueda proporcionar mediciones precisas.   Ahora se pueden realizar cambios instant\u00e1neos en las unidades, la resoluci\u00f3n y la medici\u00f3n delta con respecto a la lectura anterior.   Un sistema de cojinetes neum\u00e1ticos facilita el desplazamiento del medidor de altura; un modo semiflotante permite deslizarlo m\u00e1s f\u00e1cilmente mientras se realizan mediciones, incluso con piezas pesadas.   Las capacidades motorizadas proporcionan una mejor repetibilidad y reproducibilidad, junto con un modo 2D mejorado para medir \u00e1ngulos, c\u00edrculos de orificios de pernos y mucho m\u00e1s.   Hay disponible un nuevo pedal opcional para realizar mediciones repetidas de piezas voluminosas sin necesidad de utilizar las manos.   M\u00faltiples opciones de sonda (opcionales) y posici\u00f3n de sonda conmutable para obtener mejores mediciones de perpendicularidad y rectitud.   Excelente precisi\u00f3n de (1,1+0,6L\/600) \u03bcm con una resoluci\u00f3n\/repetibilidad de 0,1 \u03bcm\/0,5 \u03bcm.   Disponible en modelos en pulgadas\/m\u00e9tricos.\" \/>\n<meta property=\"og:url\" content=\"https:\/\/techmasterdemexico.com\/producto\/medidor-de-altura-lineal-mitutoyo-serie-lh-600f\/\" \/>\n<meta property=\"og:site_name\" content=\"Techmaster de Mexico\" \/>\n<meta property=\"og:image\" content=\"https:\/\/techmasterdemexico.com\/wp-content\/uploads\/LH-600F-1.png\" \/>\n\t<meta property=\"og:image:width\" content=\"1000\" \/>\n\t<meta property=\"og:image:height\" content=\"1000\" \/>\n\t<meta property=\"og:image:type\" content=\"image\/png\" \/>\n<meta name=\"twitter:card\" content=\"summary_large_image\" \/>\n<meta name=\"twitter:label1\" content=\"Est. reading time\" \/>\n\t<meta name=\"twitter:data1\" content=\"1 minute\" \/>\n<script type=\"application\/ld+json\" class=\"yoast-schema-graph\">{\"@context\":\"https:\\\/\\\/schema.org\",\"@graph\":[{\"@type\":\"WebPage\",\"@id\":\"https:\\\/\\\/techmasterdemexico.com\\\/producto\\\/medidor-de-altura-lineal-mitutoyo-serie-lh-600f\\\/\",\"url\":\"https:\\\/\\\/techmasterdemexico.com\\\/producto\\\/medidor-de-altura-lineal-mitutoyo-serie-lh-600f\\\/\",\"name\":\"Medidor de altura lineal Mitutoyo serie LH-600F - Techmaster de Mexico\",\"isPartOf\":{\"@id\":\"https:\\\/\\\/techmasterdemexico.com\\\/#website\"},\"primaryImageOfPage\":{\"@id\":\"https:\\\/\\\/techmasterdemexico.com\\\/producto\\\/medidor-de-altura-lineal-mitutoyo-serie-lh-600f\\\/#primaryimage\"},\"image\":{\"@id\":\"https:\\\/\\\/techmasterdemexico.com\\\/producto\\\/medidor-de-altura-lineal-mitutoyo-serie-lh-600f\\\/#primaryimage\"},\"thumbnailUrl\":\"https:\\\/\\\/techmasterdemexico.com\\\/wp-content\\\/uploads\\\/LH-600F-1.png\",\"datePublished\":\"2025-10-07T22:28:31+00:00\",\"breadcrumb\":{\"@id\":\"https:\\\/\\\/techmasterdemexico.com\\\/producto\\\/medidor-de-altura-lineal-mitutoyo-serie-lh-600f\\\/#breadcrumb\"},\"inLanguage\":\"en-US\",\"potentialAction\":[{\"@type\":\"ReadAction\",\"target\":[\"https:\\\/\\\/techmasterdemexico.com\\\/producto\\\/medidor-de-altura-lineal-mitutoyo-serie-lh-600f\\\/\"]}]},{\"@type\":\"ImageObject\",\"inLanguage\":\"en-US\",\"@id\":\"https:\\\/\\\/techmasterdemexico.com\\\/producto\\\/medidor-de-altura-lineal-mitutoyo-serie-lh-600f\\\/#primaryimage\",\"url\":\"https:\\\/\\\/techmasterdemexico.com\\\/wp-content\\\/uploads\\\/LH-600F-1.png\",\"contentUrl\":\"https:\\\/\\\/techmasterdemexico.com\\\/wp-content\\\/uploads\\\/LH-600F-1.png\",\"width\":1000,\"height\":1000},{\"@type\":\"BreadcrumbList\",\"@id\":\"https:\\\/\\\/techmasterdemexico.com\\\/producto\\\/medidor-de-altura-lineal-mitutoyo-serie-lh-600f\\\/#breadcrumb\",\"itemListElement\":[{\"@type\":\"ListItem\",\"position\":1,\"name\":\"Portada\",\"item\":\"https:\\\/\\\/techmasterdemexico.com\\\/\"},{\"@type\":\"ListItem\",\"position\":2,\"name\":\"Medidor de altura lineal Mitutoyo serie LH-600F\"}]},{\"@type\":\"WebSite\",\"@id\":\"https:\\\/\\\/techmasterdemexico.com\\\/#website\",\"url\":\"https:\\\/\\\/techmasterdemexico.com\\\/\",\"name\":\"Techmaster de Mexico\",\"description\":\"\",\"potentialAction\":[{\"@type\":\"SearchAction\",\"target\":{\"@type\":\"EntryPoint\",\"urlTemplate\":\"https:\\\/\\\/techmasterdemexico.com\\\/?s={search_term_string}\"},\"query-input\":{\"@type\":\"PropertyValueSpecification\",\"valueRequired\":true,\"valueName\":\"search_term_string\"}}],\"inLanguage\":\"en-US\"}]}<\/script>\n<!-- \/ Yoast SEO plugin. -->","yoast_head_json":{"title":"Medidor de altura lineal Mitutoyo serie LH-600F - Techmaster de Mexico","robots":{"index":"index","follow":"follow","max-snippet":"max-snippet:-1","max-image-preview":"max-image-preview:large","max-video-preview":"max-video-preview:-1"},"canonical":"https:\/\/techmasterdemexico.com\/producto\/medidor-de-altura-lineal-mitutoyo-serie-lh-600f\/","og_locale":"en_US","og_type":"article","og_title":"Medidor de altura lineal Mitutoyo serie LH-600F - Techmaster de Mexico","og_description":"Una nueva funci\u00f3n de autocomprobaci\u00f3n permite detectar suciedad o aceite en el codificador, lo que garantiza que el instrumento est\u00e9 limpio y pueda proporcionar mediciones precisas.   Ahora se pueden realizar cambios instant\u00e1neos en las unidades, la resoluci\u00f3n y la medici\u00f3n delta con respecto a la lectura anterior.   Un sistema de cojinetes neum\u00e1ticos facilita el desplazamiento del medidor de altura; un modo semiflotante permite deslizarlo m\u00e1s f\u00e1cilmente mientras se realizan mediciones, incluso con piezas pesadas.   Las capacidades motorizadas proporcionan una mejor repetibilidad y reproducibilidad, junto con un modo 2D mejorado para medir \u00e1ngulos, c\u00edrculos de orificios de pernos y mucho m\u00e1s.   Hay disponible un nuevo pedal opcional para realizar mediciones repetidas de piezas voluminosas sin necesidad de utilizar las manos.   M\u00faltiples opciones de sonda (opcionales) y posici\u00f3n de sonda conmutable para obtener mejores mediciones de perpendicularidad y rectitud.   Excelente precisi\u00f3n de (1,1+0,6L\/600) \u03bcm con una resoluci\u00f3n\/repetibilidad de 0,1 \u03bcm\/0,5 \u03bcm.   Disponible en modelos en pulgadas\/m\u00e9tricos.","og_url":"https:\/\/techmasterdemexico.com\/producto\/medidor-de-altura-lineal-mitutoyo-serie-lh-600f\/","og_site_name":"Techmaster de Mexico","og_image":[{"width":1000,"height":1000,"url":"https:\/\/techmasterdemexico.com\/wp-content\/uploads\/LH-600F-1.png","type":"image\/png"}],"twitter_card":"summary_large_image","twitter_misc":{"Est. reading time":"1 minute"},"schema":{"@context":"https:\/\/schema.org","@graph":[{"@type":"WebPage","@id":"https:\/\/techmasterdemexico.com\/producto\/medidor-de-altura-lineal-mitutoyo-serie-lh-600f\/","url":"https:\/\/techmasterdemexico.com\/producto\/medidor-de-altura-lineal-mitutoyo-serie-lh-600f\/","name":"Medidor de altura lineal Mitutoyo serie LH-600F - Techmaster de Mexico","isPartOf":{"@id":"https:\/\/techmasterdemexico.com\/#website"},"primaryImageOfPage":{"@id":"https:\/\/techmasterdemexico.com\/producto\/medidor-de-altura-lineal-mitutoyo-serie-lh-600f\/#primaryimage"},"image":{"@id":"https:\/\/techmasterdemexico.com\/producto\/medidor-de-altura-lineal-mitutoyo-serie-lh-600f\/#primaryimage"},"thumbnailUrl":"https:\/\/techmasterdemexico.com\/wp-content\/uploads\/LH-600F-1.png","datePublished":"2025-10-07T22:28:31+00:00","breadcrumb":{"@id":"https:\/\/techmasterdemexico.com\/producto\/medidor-de-altura-lineal-mitutoyo-serie-lh-600f\/#breadcrumb"},"inLanguage":"en-US","potentialAction":[{"@type":"ReadAction","target":["https:\/\/techmasterdemexico.com\/producto\/medidor-de-altura-lineal-mitutoyo-serie-lh-600f\/"]}]},{"@type":"ImageObject","inLanguage":"en-US","@id":"https:\/\/techmasterdemexico.com\/producto\/medidor-de-altura-lineal-mitutoyo-serie-lh-600f\/#primaryimage","url":"https:\/\/techmasterdemexico.com\/wp-content\/uploads\/LH-600F-1.png","contentUrl":"https:\/\/techmasterdemexico.com\/wp-content\/uploads\/LH-600F-1.png","width":1000,"height":1000},{"@type":"BreadcrumbList","@id":"https:\/\/techmasterdemexico.com\/producto\/medidor-de-altura-lineal-mitutoyo-serie-lh-600f\/#breadcrumb","itemListElement":[{"@type":"ListItem","position":1,"name":"Portada","item":"https:\/\/techmasterdemexico.com\/"},{"@type":"ListItem","position":2,"name":"Medidor de altura lineal Mitutoyo serie LH-600F"}]},{"@type":"WebSite","@id":"https:\/\/techmasterdemexico.com\/#website","url":"https:\/\/techmasterdemexico.com\/","name":"Techmaster de Mexico","description":"","potentialAction":[{"@type":"SearchAction","target":{"@type":"EntryPoint","urlTemplate":"https:\/\/techmasterdemexico.com\/?s={search_term_string}"},"query-input":{"@type":"PropertyValueSpecification","valueRequired":true,"valueName":"search_term_string"}}],"inLanguage":"en-US"}]}},"brands":[{"id":39,"name":"Mitutoyo","slug":"mitutoyo"}],"_links":{"self":[{"href":"https:\/\/techmasterdemexico.com\/en\/wp-json\/wp\/v2\/product\/23670","targetHints":{"allow":["GET"]}}],"collection":[{"href":"https:\/\/techmasterdemexico.com\/en\/wp-json\/wp\/v2\/product"}],"about":[{"href":"https:\/\/techmasterdemexico.com\/en\/wp-json\/wp\/v2\/types\/product"}],"wp:featuredmedia":[{"embeddable":true,"href":"https:\/\/techmasterdemexico.com\/en\/wp-json\/wp\/v2\/media\/23671"}],"wp:attachment":[{"href":"https:\/\/techmasterdemexico.com\/en\/wp-json\/wp\/v2\/media?parent=23670"}],"wp:term":[{"taxonomy":"pwb-brand","embeddable":true,"href":"https:\/\/techmasterdemexico.com\/en\/wp-json\/wp\/v2\/pwb-brand?post=23670"},{"taxonomy":"product_brand","embeddable":true,"href":"https:\/\/techmasterdemexico.com\/en\/wp-json\/wp\/v2\/product_brand?post=23670"},{"taxonomy":"product_cat","embeddable":true,"href":"https:\/\/techmasterdemexico.com\/en\/wp-json\/wp\/v2\/product_cat?post=23670"},{"taxonomy":"product_tag","embeddable":true,"href":"https:\/\/techmasterdemexico.com\/en\/wp-json\/wp\/v2\/product_tag?post=23670"}],"curies":[{"name":"wp","href":"https:\/\/api.w.org\/{rel}","templated":true}]}}