{"id":23607,"date":"2025-10-01T17:50:55","date_gmt":"2025-10-02T00:50:55","guid":{"rendered":"https:\/\/techmasterdemexico.com\/?post_type=product&#038;p=23607"},"modified":"2025-10-01T17:50:56","modified_gmt":"2025-10-02T00:50:56","slug":"micrometro-digimatic-de-alta-velocidad-y-exactitud-quantumike-3","status":"publish","type":"product","link":"https:\/\/techmasterdemexico.com\/en\/producto\/micrometro-digimatic-de-alta-velocidad-y-exactitud-quantumike-3\/","title":{"rendered":"Micr\u00f3metro Digimatic de alta velocidad y exactitud QuantuMike"},"content":{"rendered":"<p>El QuantuMike de Mitutoyo incorpora un tornillo de avance de 2,0 mm, lo que reduce el tiempo de desplazamiento en aproximadamente un 60%. Adem\u00e1s, el tiempo de liberaci\u00f3n de la pieza de trabajo se acorta significativamente, optimizando el tiempo al medir en m\u00faltiples etapas. Este dispositivo est\u00e1 dise\u00f1ado para ofrecer facilidad de uso en una amplia variedad de entornos de trabajo.<\/p>\n<p>Ideal para piezas grandes, combina alta velocidad, precisi\u00f3n y robustez para aplicaciones industriales que requieren mediciones r\u00e1pidas y exactas de componentes de mayor tama\u00f1o.<\/p>\n","protected":false},"excerpt":{"rendered":"<p>Peso: Aproximadamente 465 g<\/p>\n<p>Dimensiones aproximadas: 225 mm \u00d7 32 mm \u00d7 30 mm<\/p>\n","protected":false},"featured_media":23609,"template":"","meta":{"_acf_changed":false},"pwb-brand":[39],"product_brand":[],"product_cat":[366,525,38],"product_tag":[],"class_list":{"0":"post-23607","1":"product","2":"type-product","3":"status-publish","4":"has-post-thumbnail","6":"pwb-brand-mitutoyo","7":"product_cat-todos-los-productos","8":"product_cat-micrometro","9":"product_cat-mitutoyo","11":"first","12":"instock","13":"taxable","14":"shipping-taxable","15":"product-type-simple"},"acf":[],"yoast_head":"<!-- This site is optimized with the Yoast SEO plugin v27.5 - https:\/\/yoast.com\/product\/yoast-seo-wordpress\/ -->\n<title>Micr\u00f3metro Digimatic de alta velocidad y exactitud QuantuMike - Techmaster de Mexico<\/title>\n<meta name=\"robots\" content=\"index, follow, max-snippet:-1, max-image-preview:large, max-video-preview:-1\" \/>\n<link rel=\"canonical\" href=\"https:\/\/techmasterdemexico.com\/producto\/micrometro-digimatic-de-alta-velocidad-y-exactitud-quantumike-3\/\" \/>\n<meta property=\"og:locale\" content=\"en_US\" \/>\n<meta property=\"og:type\" content=\"article\" \/>\n<meta property=\"og:title\" content=\"Micr\u00f3metro Digimatic de alta velocidad y exactitud QuantuMike - Techmaster de Mexico\" \/>\n<meta property=\"og:description\" content=\"Peso: Aproximadamente 465 g  Dimensiones aproximadas: 225 mm \u00d7 32 mm \u00d7 30 mm\" \/>\n<meta property=\"og:url\" content=\"https:\/\/techmasterdemexico.com\/producto\/micrometro-digimatic-de-alta-velocidad-y-exactitud-quantumike-3\/\" \/>\n<meta property=\"og:site_name\" content=\"Techmaster de Mexico\" \/>\n<meta property=\"article:modified_time\" content=\"2025-10-02T00:50:56+00:00\" \/>\n<meta property=\"og:image\" content=\"https:\/\/techmasterdemexico.com\/wp-content\/uploads\/293-142-40.png\" \/>\n\t<meta property=\"og:image:width\" content=\"1080\" \/>\n\t<meta property=\"og:image:height\" content=\"1080\" \/>\n\t<meta property=\"og:image:type\" content=\"image\/png\" \/>\n<meta name=\"twitter:card\" content=\"summary_large_image\" \/>\n<meta name=\"twitter:label1\" content=\"Est. reading time\" \/>\n\t<meta name=\"twitter:data1\" content=\"1 minute\" \/>\n<script type=\"application\/ld+json\" class=\"yoast-schema-graph\">{\"@context\":\"https:\\\/\\\/schema.org\",\"@graph\":[{\"@type\":\"WebPage\",\"@id\":\"https:\\\/\\\/techmasterdemexico.com\\\/producto\\\/micrometro-digimatic-de-alta-velocidad-y-exactitud-quantumike-3\\\/\",\"url\":\"https:\\\/\\\/techmasterdemexico.com\\\/producto\\\/micrometro-digimatic-de-alta-velocidad-y-exactitud-quantumike-3\\\/\",\"name\":\"Micr\u00f3metro Digimatic de alta velocidad y exactitud QuantuMike - Techmaster de Mexico\",\"isPartOf\":{\"@id\":\"https:\\\/\\\/techmasterdemexico.com\\\/#website\"},\"primaryImageOfPage\":{\"@id\":\"https:\\\/\\\/techmasterdemexico.com\\\/producto\\\/micrometro-digimatic-de-alta-velocidad-y-exactitud-quantumike-3\\\/#primaryimage\"},\"image\":{\"@id\":\"https:\\\/\\\/techmasterdemexico.com\\\/producto\\\/micrometro-digimatic-de-alta-velocidad-y-exactitud-quantumike-3\\\/#primaryimage\"},\"thumbnailUrl\":\"https:\\\/\\\/techmasterdemexico.com\\\/wp-content\\\/uploads\\\/293-142-40.png\",\"datePublished\":\"2025-10-02T00:50:55+00:00\",\"dateModified\":\"2025-10-02T00:50:56+00:00\",\"breadcrumb\":{\"@id\":\"https:\\\/\\\/techmasterdemexico.com\\\/producto\\\/micrometro-digimatic-de-alta-velocidad-y-exactitud-quantumike-3\\\/#breadcrumb\"},\"inLanguage\":\"en-US\",\"potentialAction\":[{\"@type\":\"ReadAction\",\"target\":[\"https:\\\/\\\/techmasterdemexico.com\\\/producto\\\/micrometro-digimatic-de-alta-velocidad-y-exactitud-quantumike-3\\\/\"]}]},{\"@type\":\"ImageObject\",\"inLanguage\":\"en-US\",\"@id\":\"https:\\\/\\\/techmasterdemexico.com\\\/producto\\\/micrometro-digimatic-de-alta-velocidad-y-exactitud-quantumike-3\\\/#primaryimage\",\"url\":\"https:\\\/\\\/techmasterdemexico.com\\\/wp-content\\\/uploads\\\/293-142-40.png\",\"contentUrl\":\"https:\\\/\\\/techmasterdemexico.com\\\/wp-content\\\/uploads\\\/293-142-40.png\",\"width\":1080,\"height\":1080},{\"@type\":\"BreadcrumbList\",\"@id\":\"https:\\\/\\\/techmasterdemexico.com\\\/producto\\\/micrometro-digimatic-de-alta-velocidad-y-exactitud-quantumike-3\\\/#breadcrumb\",\"itemListElement\":[{\"@type\":\"ListItem\",\"position\":1,\"name\":\"Portada\",\"item\":\"https:\\\/\\\/techmasterdemexico.com\\\/\"},{\"@type\":\"ListItem\",\"position\":2,\"name\":\"Micr\u00f3metro Digimatic de alta velocidad y exactitud QuantuMike\"}]},{\"@type\":\"WebSite\",\"@id\":\"https:\\\/\\\/techmasterdemexico.com\\\/#website\",\"url\":\"https:\\\/\\\/techmasterdemexico.com\\\/\",\"name\":\"Techmaster de Mexico\",\"description\":\"\",\"potentialAction\":[{\"@type\":\"SearchAction\",\"target\":{\"@type\":\"EntryPoint\",\"urlTemplate\":\"https:\\\/\\\/techmasterdemexico.com\\\/?s={search_term_string}\"},\"query-input\":{\"@type\":\"PropertyValueSpecification\",\"valueRequired\":true,\"valueName\":\"search_term_string\"}}],\"inLanguage\":\"en-US\"}]}<\/script>\n<!-- \/ Yoast SEO plugin. -->","yoast_head_json":{"title":"Micr\u00f3metro Digimatic de alta velocidad y exactitud QuantuMike - Techmaster de Mexico","robots":{"index":"index","follow":"follow","max-snippet":"max-snippet:-1","max-image-preview":"max-image-preview:large","max-video-preview":"max-video-preview:-1"},"canonical":"https:\/\/techmasterdemexico.com\/producto\/micrometro-digimatic-de-alta-velocidad-y-exactitud-quantumike-3\/","og_locale":"en_US","og_type":"article","og_title":"Micr\u00f3metro Digimatic de alta velocidad y exactitud QuantuMike - Techmaster de Mexico","og_description":"Peso: Aproximadamente 465 g  Dimensiones aproximadas: 225 mm \u00d7 32 mm \u00d7 30 mm","og_url":"https:\/\/techmasterdemexico.com\/producto\/micrometro-digimatic-de-alta-velocidad-y-exactitud-quantumike-3\/","og_site_name":"Techmaster de Mexico","article_modified_time":"2025-10-02T00:50:56+00:00","og_image":[{"width":1080,"height":1080,"url":"https:\/\/techmasterdemexico.com\/wp-content\/uploads\/293-142-40.png","type":"image\/png"}],"twitter_card":"summary_large_image","twitter_misc":{"Est. reading time":"1 minute"},"schema":{"@context":"https:\/\/schema.org","@graph":[{"@type":"WebPage","@id":"https:\/\/techmasterdemexico.com\/producto\/micrometro-digimatic-de-alta-velocidad-y-exactitud-quantumike-3\/","url":"https:\/\/techmasterdemexico.com\/producto\/micrometro-digimatic-de-alta-velocidad-y-exactitud-quantumike-3\/","name":"Micr\u00f3metro Digimatic de alta velocidad y exactitud QuantuMike - Techmaster de Mexico","isPartOf":{"@id":"https:\/\/techmasterdemexico.com\/#website"},"primaryImageOfPage":{"@id":"https:\/\/techmasterdemexico.com\/producto\/micrometro-digimatic-de-alta-velocidad-y-exactitud-quantumike-3\/#primaryimage"},"image":{"@id":"https:\/\/techmasterdemexico.com\/producto\/micrometro-digimatic-de-alta-velocidad-y-exactitud-quantumike-3\/#primaryimage"},"thumbnailUrl":"https:\/\/techmasterdemexico.com\/wp-content\/uploads\/293-142-40.png","datePublished":"2025-10-02T00:50:55+00:00","dateModified":"2025-10-02T00:50:56+00:00","breadcrumb":{"@id":"https:\/\/techmasterdemexico.com\/producto\/micrometro-digimatic-de-alta-velocidad-y-exactitud-quantumike-3\/#breadcrumb"},"inLanguage":"en-US","potentialAction":[{"@type":"ReadAction","target":["https:\/\/techmasterdemexico.com\/producto\/micrometro-digimatic-de-alta-velocidad-y-exactitud-quantumike-3\/"]}]},{"@type":"ImageObject","inLanguage":"en-US","@id":"https:\/\/techmasterdemexico.com\/producto\/micrometro-digimatic-de-alta-velocidad-y-exactitud-quantumike-3\/#primaryimage","url":"https:\/\/techmasterdemexico.com\/wp-content\/uploads\/293-142-40.png","contentUrl":"https:\/\/techmasterdemexico.com\/wp-content\/uploads\/293-142-40.png","width":1080,"height":1080},{"@type":"BreadcrumbList","@id":"https:\/\/techmasterdemexico.com\/producto\/micrometro-digimatic-de-alta-velocidad-y-exactitud-quantumike-3\/#breadcrumb","itemListElement":[{"@type":"ListItem","position":1,"name":"Portada","item":"https:\/\/techmasterdemexico.com\/"},{"@type":"ListItem","position":2,"name":"Micr\u00f3metro Digimatic de alta velocidad y exactitud QuantuMike"}]},{"@type":"WebSite","@id":"https:\/\/techmasterdemexico.com\/#website","url":"https:\/\/techmasterdemexico.com\/","name":"Techmaster de Mexico","description":"","potentialAction":[{"@type":"SearchAction","target":{"@type":"EntryPoint","urlTemplate":"https:\/\/techmasterdemexico.com\/?s={search_term_string}"},"query-input":{"@type":"PropertyValueSpecification","valueRequired":true,"valueName":"search_term_string"}}],"inLanguage":"en-US"}]}},"brands":[{"id":39,"name":"Mitutoyo","slug":"mitutoyo"}],"_links":{"self":[{"href":"https:\/\/techmasterdemexico.com\/en\/wp-json\/wp\/v2\/product\/23607","targetHints":{"allow":["GET"]}}],"collection":[{"href":"https:\/\/techmasterdemexico.com\/en\/wp-json\/wp\/v2\/product"}],"about":[{"href":"https:\/\/techmasterdemexico.com\/en\/wp-json\/wp\/v2\/types\/product"}],"wp:featuredmedia":[{"embeddable":true,"href":"https:\/\/techmasterdemexico.com\/en\/wp-json\/wp\/v2\/media\/23609"}],"wp:attachment":[{"href":"https:\/\/techmasterdemexico.com\/en\/wp-json\/wp\/v2\/media?parent=23607"}],"wp:term":[{"taxonomy":"pwb-brand","embeddable":true,"href":"https:\/\/techmasterdemexico.com\/en\/wp-json\/wp\/v2\/pwb-brand?post=23607"},{"taxonomy":"product_brand","embeddable":true,"href":"https:\/\/techmasterdemexico.com\/en\/wp-json\/wp\/v2\/product_brand?post=23607"},{"taxonomy":"product_cat","embeddable":true,"href":"https:\/\/techmasterdemexico.com\/en\/wp-json\/wp\/v2\/product_cat?post=23607"},{"taxonomy":"product_tag","embeddable":true,"href":"https:\/\/techmasterdemexico.com\/en\/wp-json\/wp\/v2\/product_tag?post=23607"}],"curies":[{"name":"wp","href":"https:\/\/api.w.org\/{rel}","templated":true}]}}