{"id":23329,"date":"2025-09-12T17:15:32","date_gmt":"2025-09-13T00:15:32","guid":{"rendered":"https:\/\/techmasterdemexico.com\/?post_type=product&#038;p=23329"},"modified":"2025-09-23T12:41:54","modified_gmt":"2025-09-23T19:41:54","slug":"high-performance-multi-product-calibrator-5560a","status":"publish","type":"product","link":"https:\/\/techmasterdemexico.com\/en\/producto\/high-performance-multi-product-calibrator-5560a\/","title":{"rendered":"High-Performance Multi-Product Calibrator 5560A"},"content":{"rendered":"<p>El 5560A calibra los mult\u00edmetros de sobremesa de 6,5 d\u00edgitos m\u00e1s habituales del mercado con un \u00edndice de incertidumbre de prueba (TUR) superior a 4:1, osciloscopios de hasta 2 GHz y pinzas amperim\u00e9tricas de hasta 1500 A.<\/p>\n<p>Entre sus mejoras t\u00e9cnicas se encuentran una salida de 30 A CC sin ciclo de trabajo y la funcionalidad de inductancia sintetizada. Estas mejoras permiten calibrar mult\u00edmetros de sobremesa y pinzas amperim\u00e9tricas modernas y dotadas de todas las funciones. El ancho debanda del osciloscopio de 2 GHz y el tiempo de subida de flanco &lt;175 ps permiten al 5560A manejar una carga de trabajo a\u00fan mayor. Una mayor variedad de tipos de termopar con un nuevo conector facilitan la conexi\u00f3n y admiten una mayor carga t\u00e9rmica. La carga de trabajo del 5560A se puede ampliar a\u00fan m\u00e1s si se utiliza con un amplificador 52120A y una bobina adecuada para aumentar la corriente de salida a 6000 A, lo que permite calibrar dispositivos de alta corriente, como bobinas de Rogowski.<\/p>\n","protected":false},"excerpt":{"rendered":"<p>El 5560A calibra los mult\u00edmetros de sobremesa de 6,5 d\u00edgitos m\u00e1s habituales del mercado con un \u00edndice de incertidumbre de prueba (TUR) superior a 4:1, osciloscopios de hasta 2 GHz y pinzas amperim\u00e9tricas de hasta 1500 A. Entre sus mejoras t\u00e9cnicas se encuentran una salida de 30 A CC sin ciclo de trabajo y la [&hellip;]<\/p>\n","protected":false},"featured_media":23330,"template":"","meta":{"_acf_changed":false},"pwb-brand":[31],"product_brand":[],"product_cat":[366,30,682],"product_tag":[],"class_list":{"0":"post-23329","1":"product","2":"type-product","3":"status-publish","4":"has-post-thumbnail","6":"pwb-brand-fluke","7":"product_cat-todos-los-productos","8":"product_cat-fluke","9":"product_cat-multicalibrador","11":"first","12":"instock","13":"taxable","14":"shipping-taxable","15":"product-type-simple"},"acf":[],"yoast_head":"<!-- This site is optimized with the Yoast SEO plugin v27.2 - https:\/\/yoast.com\/product\/yoast-seo-wordpress\/ -->\n<title>High-Performance Multi-Product Calibrator 5560A - Techmaster de Mexico<\/title>\n<meta name=\"robots\" content=\"index, follow, max-snippet:-1, max-image-preview:large, max-video-preview:-1\" \/>\n<link rel=\"canonical\" href=\"https:\/\/techmasterdemexico.com\/producto\/high-performance-multi-product-calibrator-5560a\/\" \/>\n<meta property=\"og:locale\" content=\"en_US\" \/>\n<meta property=\"og:type\" content=\"article\" \/>\n<meta property=\"og:title\" content=\"High-Performance Multi-Product Calibrator 5560A - Techmaster de Mexico\" \/>\n<meta property=\"og:description\" content=\"El 5560A calibra los mult\u00edmetros de sobremesa de 6,5 d\u00edgitos m\u00e1s habituales del mercado con un \u00edndice de incertidumbre de prueba (TUR) superior a 4:1, osciloscopios de hasta 2 GHz y pinzas amperim\u00e9tricas de hasta 1500 A. Entre sus mejoras t\u00e9cnicas se encuentran una salida de 30 A CC sin ciclo de trabajo y la [&hellip;]\" \/>\n<meta property=\"og:url\" content=\"https:\/\/techmasterdemexico.com\/producto\/high-performance-multi-product-calibrator-5560a\/\" \/>\n<meta property=\"og:site_name\" content=\"Techmaster de Mexico\" \/>\n<meta property=\"article:modified_time\" content=\"2025-09-23T19:41:54+00:00\" \/>\n<meta property=\"og:image\" content=\"https:\/\/techmasterdemexico.com\/wp-content\/uploads\/Fluke-5560A.png\" \/>\n\t<meta property=\"og:image:width\" content=\"1080\" \/>\n\t<meta property=\"og:image:height\" content=\"1080\" \/>\n\t<meta property=\"og:image:type\" content=\"image\/png\" \/>\n<meta name=\"twitter:card\" content=\"summary_large_image\" \/>\n<meta name=\"twitter:label1\" content=\"Est. reading time\" \/>\n\t<meta name=\"twitter:data1\" content=\"1 minute\" \/>\n<script type=\"application\/ld+json\" class=\"yoast-schema-graph\">{\"@context\":\"https:\/\/schema.org\",\"@graph\":[{\"@type\":\"WebPage\",\"@id\":\"https:\/\/techmasterdemexico.com\/producto\/high-performance-multi-product-calibrator-5560a\/\",\"url\":\"https:\/\/techmasterdemexico.com\/producto\/high-performance-multi-product-calibrator-5560a\/\",\"name\":\"High-Performance Multi-Product Calibrator 5560A - Techmaster de Mexico\",\"isPartOf\":{\"@id\":\"https:\/\/techmasterdemexico.com\/#website\"},\"primaryImageOfPage\":{\"@id\":\"https:\/\/techmasterdemexico.com\/producto\/high-performance-multi-product-calibrator-5560a\/#primaryimage\"},\"image\":{\"@id\":\"https:\/\/techmasterdemexico.com\/producto\/high-performance-multi-product-calibrator-5560a\/#primaryimage\"},\"thumbnailUrl\":\"https:\/\/techmasterdemexico.com\/wp-content\/uploads\/Fluke-5560A.png\",\"datePublished\":\"2025-09-13T00:15:32+00:00\",\"dateModified\":\"2025-09-23T19:41:54+00:00\",\"breadcrumb\":{\"@id\":\"https:\/\/techmasterdemexico.com\/producto\/high-performance-multi-product-calibrator-5560a\/#breadcrumb\"},\"inLanguage\":\"en-US\",\"potentialAction\":[{\"@type\":\"ReadAction\",\"target\":[\"https:\/\/techmasterdemexico.com\/producto\/high-performance-multi-product-calibrator-5560a\/\"]}]},{\"@type\":\"ImageObject\",\"inLanguage\":\"en-US\",\"@id\":\"https:\/\/techmasterdemexico.com\/producto\/high-performance-multi-product-calibrator-5560a\/#primaryimage\",\"url\":\"https:\/\/techmasterdemexico.com\/wp-content\/uploads\/Fluke-5560A.png\",\"contentUrl\":\"https:\/\/techmasterdemexico.com\/wp-content\/uploads\/Fluke-5560A.png\",\"width\":1080,\"height\":1080},{\"@type\":\"BreadcrumbList\",\"@id\":\"https:\/\/techmasterdemexico.com\/producto\/high-performance-multi-product-calibrator-5560a\/#breadcrumb\",\"itemListElement\":[{\"@type\":\"ListItem\",\"position\":1,\"name\":\"Portada\",\"item\":\"https:\/\/techmasterdemexico.com\/\"},{\"@type\":\"ListItem\",\"position\":2,\"name\":\"High-Performance Multi-Product Calibrator 5560A\"}]},{\"@type\":\"WebSite\",\"@id\":\"https:\/\/techmasterdemexico.com\/#website\",\"url\":\"https:\/\/techmasterdemexico.com\/\",\"name\":\"Techmaster de Mexico\",\"description\":\"\",\"potentialAction\":[{\"@type\":\"SearchAction\",\"target\":{\"@type\":\"EntryPoint\",\"urlTemplate\":\"https:\/\/techmasterdemexico.com\/?s={search_term_string}\"},\"query-input\":{\"@type\":\"PropertyValueSpecification\",\"valueRequired\":true,\"valueName\":\"search_term_string\"}}],\"inLanguage\":\"en-US\"}]}<\/script>\n<!-- \/ Yoast SEO plugin. -->","yoast_head_json":{"title":"High-Performance Multi-Product Calibrator 5560A - Techmaster de Mexico","robots":{"index":"index","follow":"follow","max-snippet":"max-snippet:-1","max-image-preview":"max-image-preview:large","max-video-preview":"max-video-preview:-1"},"canonical":"https:\/\/techmasterdemexico.com\/producto\/high-performance-multi-product-calibrator-5560a\/","og_locale":"en_US","og_type":"article","og_title":"High-Performance Multi-Product Calibrator 5560A - Techmaster de Mexico","og_description":"El 5560A calibra los mult\u00edmetros de sobremesa de 6,5 d\u00edgitos m\u00e1s habituales del mercado con un \u00edndice de incertidumbre de prueba (TUR) superior a 4:1, osciloscopios de hasta 2 GHz y pinzas amperim\u00e9tricas de hasta 1500 A. Entre sus mejoras t\u00e9cnicas se encuentran una salida de 30 A CC sin ciclo de trabajo y la [&hellip;]","og_url":"https:\/\/techmasterdemexico.com\/producto\/high-performance-multi-product-calibrator-5560a\/","og_site_name":"Techmaster de Mexico","article_modified_time":"2025-09-23T19:41:54+00:00","og_image":[{"width":1080,"height":1080,"url":"https:\/\/techmasterdemexico.com\/wp-content\/uploads\/Fluke-5560A.png","type":"image\/png"}],"twitter_card":"summary_large_image","twitter_misc":{"Est. reading time":"1 minute"},"schema":{"@context":"https:\/\/schema.org","@graph":[{"@type":"WebPage","@id":"https:\/\/techmasterdemexico.com\/producto\/high-performance-multi-product-calibrator-5560a\/","url":"https:\/\/techmasterdemexico.com\/producto\/high-performance-multi-product-calibrator-5560a\/","name":"High-Performance Multi-Product Calibrator 5560A - Techmaster de Mexico","isPartOf":{"@id":"https:\/\/techmasterdemexico.com\/#website"},"primaryImageOfPage":{"@id":"https:\/\/techmasterdemexico.com\/producto\/high-performance-multi-product-calibrator-5560a\/#primaryimage"},"image":{"@id":"https:\/\/techmasterdemexico.com\/producto\/high-performance-multi-product-calibrator-5560a\/#primaryimage"},"thumbnailUrl":"https:\/\/techmasterdemexico.com\/wp-content\/uploads\/Fluke-5560A.png","datePublished":"2025-09-13T00:15:32+00:00","dateModified":"2025-09-23T19:41:54+00:00","breadcrumb":{"@id":"https:\/\/techmasterdemexico.com\/producto\/high-performance-multi-product-calibrator-5560a\/#breadcrumb"},"inLanguage":"en-US","potentialAction":[{"@type":"ReadAction","target":["https:\/\/techmasterdemexico.com\/producto\/high-performance-multi-product-calibrator-5560a\/"]}]},{"@type":"ImageObject","inLanguage":"en-US","@id":"https:\/\/techmasterdemexico.com\/producto\/high-performance-multi-product-calibrator-5560a\/#primaryimage","url":"https:\/\/techmasterdemexico.com\/wp-content\/uploads\/Fluke-5560A.png","contentUrl":"https:\/\/techmasterdemexico.com\/wp-content\/uploads\/Fluke-5560A.png","width":1080,"height":1080},{"@type":"BreadcrumbList","@id":"https:\/\/techmasterdemexico.com\/producto\/high-performance-multi-product-calibrator-5560a\/#breadcrumb","itemListElement":[{"@type":"ListItem","position":1,"name":"Portada","item":"https:\/\/techmasterdemexico.com\/"},{"@type":"ListItem","position":2,"name":"High-Performance Multi-Product Calibrator 5560A"}]},{"@type":"WebSite","@id":"https:\/\/techmasterdemexico.com\/#website","url":"https:\/\/techmasterdemexico.com\/","name":"Techmaster de Mexico","description":"","potentialAction":[{"@type":"SearchAction","target":{"@type":"EntryPoint","urlTemplate":"https:\/\/techmasterdemexico.com\/?s={search_term_string}"},"query-input":{"@type":"PropertyValueSpecification","valueRequired":true,"valueName":"search_term_string"}}],"inLanguage":"en-US"}]}},"brands":[{"id":31,"name":"Fluke","slug":"fluke"}],"_links":{"self":[{"href":"https:\/\/techmasterdemexico.com\/en\/wp-json\/wp\/v2\/product\/23329","targetHints":{"allow":["GET"]}}],"collection":[{"href":"https:\/\/techmasterdemexico.com\/en\/wp-json\/wp\/v2\/product"}],"about":[{"href":"https:\/\/techmasterdemexico.com\/en\/wp-json\/wp\/v2\/types\/product"}],"wp:featuredmedia":[{"embeddable":true,"href":"https:\/\/techmasterdemexico.com\/en\/wp-json\/wp\/v2\/media\/23330"}],"wp:attachment":[{"href":"https:\/\/techmasterdemexico.com\/en\/wp-json\/wp\/v2\/media?parent=23329"}],"wp:term":[{"taxonomy":"pwb-brand","embeddable":true,"href":"https:\/\/techmasterdemexico.com\/en\/wp-json\/wp\/v2\/pwb-brand?post=23329"},{"taxonomy":"product_brand","embeddable":true,"href":"https:\/\/techmasterdemexico.com\/en\/wp-json\/wp\/v2\/product_brand?post=23329"},{"taxonomy":"product_cat","embeddable":true,"href":"https:\/\/techmasterdemexico.com\/en\/wp-json\/wp\/v2\/product_cat?post=23329"},{"taxonomy":"product_tag","embeddable":true,"href":"https:\/\/techmasterdemexico.com\/en\/wp-json\/wp\/v2\/product_tag?post=23329"}],"curies":[{"name":"wp","href":"https:\/\/api.w.org\/{rel}","templated":true}]}}