{"id":23320,"date":"2025-09-12T16:13:22","date_gmt":"2025-09-12T23:13:22","guid":{"rendered":"https:\/\/techmasterdemexico.com\/?post_type=product&#038;p=23320"},"modified":"2025-09-23T12:41:39","modified_gmt":"2025-09-23T19:41:39","slug":"standard-multi-product-calibrator-5540a","status":"publish","type":"product","link":"https:\/\/techmasterdemexico.com\/en\/producto\/standard-multi-product-calibrator-5540a\/","title":{"rendered":"Standard Multi-Product Calibrator 5540A"},"content":{"rendered":"<p>Rendimiento est\u00e1ndar optimizado para los osciloscopios y mult\u00edmetros digitales port\u00e1tiles m\u00e1s comunes<br \/>\nEl rendimiento de los calibradores Standard Multi-Product 5540A est\u00e1 adaptado a los osciloscopios y mult\u00edmetros digitales port\u00e1tiles m\u00e1s comunes. As\u00ed se reduce la exactitud de los est\u00e1ndares necesarios para verificar y ajustar el 5540A, y, por tanto, tambi\u00e9n el coste de propiedad. Calibra los mult\u00edmetros digitales port\u00e1tiles m\u00e1s habituales del mercado con \u00edndices de incertidumbre de prueba apropiados, osciloscopios de hasta 600 MHz y pinzas amperim\u00e9tricas de hasta 1500 A CC a la salida.<\/p>\n<p>Entre sus mejoras t\u00e9cnicas se incluye un aumento del rango de 20 A a 30 A CC a la salida, lo que reduce el tiempo de espera durante el uso intensivo. El nuevo dise\u00f1o de la gama le permite calibrar sus mult\u00edmetros digitales port\u00e1tiles con mayor confianza. Una mayor variedad de tipos de termopar con un nuevo conector facilita la conexi\u00f3n y admite una mayor carga t\u00e9rmica. La carga de trabajo del 5540A se puede ampliar a\u00fan m\u00e1s si se utiliza con un amplificador 52120A para aumentar la corriente a 6000 A, lo que permite calibrar componentes de alta corriente, como bobinas de Rogowski.<\/p>\n","protected":false},"excerpt":{"rendered":"<p>Rendimiento est\u00e1ndar optimizado para los osciloscopios y mult\u00edmetros digitales port\u00e1tiles m\u00e1s comunes El rendimiento de los calibradores Standard Multi-Product 5540A est\u00e1 adaptado a los osciloscopios y mult\u00edmetros digitales port\u00e1tiles m\u00e1s comunes. As\u00ed se reduce la exactitud de los est\u00e1ndares necesarios para verificar y ajustar el 5540A, y, por tanto, tambi\u00e9n el coste de propiedad. Calibra [&hellip;]<\/p>\n","protected":false},"featured_media":23322,"template":"","meta":{"_acf_changed":false},"pwb-brand":[31],"product_brand":[],"product_cat":[366,30,682],"product_tag":[],"class_list":{"0":"post-23320","1":"product","2":"type-product","3":"status-publish","4":"has-post-thumbnail","6":"pwb-brand-fluke","7":"product_cat-todos-los-productos","8":"product_cat-fluke","9":"product_cat-multicalibrador","11":"first","12":"instock","13":"taxable","14":"shipping-taxable","15":"product-type-simple"},"acf":[],"yoast_head":"<!-- This site is optimized with the Yoast SEO plugin v27.2 - https:\/\/yoast.com\/product\/yoast-seo-wordpress\/ -->\n<title>Standard Multi-Product Calibrator 5540A - Techmaster de Mexico<\/title>\n<meta name=\"robots\" content=\"index, follow, max-snippet:-1, max-image-preview:large, max-video-preview:-1\" \/>\n<link rel=\"canonical\" href=\"https:\/\/techmasterdemexico.com\/producto\/standard-multi-product-calibrator-5540a\/\" \/>\n<meta property=\"og:locale\" content=\"en_US\" \/>\n<meta property=\"og:type\" content=\"article\" \/>\n<meta property=\"og:title\" content=\"Standard Multi-Product Calibrator 5540A - Techmaster de Mexico\" \/>\n<meta property=\"og:description\" content=\"Rendimiento est\u00e1ndar optimizado para los osciloscopios y mult\u00edmetros digitales port\u00e1tiles m\u00e1s comunes El rendimiento de los calibradores Standard Multi-Product 5540A est\u00e1 adaptado a los osciloscopios y mult\u00edmetros digitales port\u00e1tiles m\u00e1s comunes. As\u00ed se reduce la exactitud de los est\u00e1ndares necesarios para verificar y ajustar el 5540A, y, por tanto, tambi\u00e9n el coste de propiedad. Calibra [&hellip;]\" \/>\n<meta property=\"og:url\" content=\"https:\/\/techmasterdemexico.com\/producto\/standard-multi-product-calibrator-5540a\/\" \/>\n<meta property=\"og:site_name\" content=\"Techmaster de Mexico\" \/>\n<meta property=\"article:modified_time\" content=\"2025-09-23T19:41:39+00:00\" \/>\n<meta property=\"og:image\" content=\"https:\/\/techmasterdemexico.com\/wp-content\/uploads\/Fluke-5540A.png\" \/>\n\t<meta property=\"og:image:width\" content=\"1080\" \/>\n\t<meta property=\"og:image:height\" content=\"1080\" \/>\n\t<meta property=\"og:image:type\" content=\"image\/png\" \/>\n<meta name=\"twitter:card\" content=\"summary_large_image\" \/>\n<meta name=\"twitter:label1\" content=\"Est. reading time\" \/>\n\t<meta name=\"twitter:data1\" content=\"2 minutes\" \/>\n<script type=\"application\/ld+json\" class=\"yoast-schema-graph\">{\"@context\":\"https:\/\/schema.org\",\"@graph\":[{\"@type\":\"WebPage\",\"@id\":\"https:\/\/techmasterdemexico.com\/producto\/standard-multi-product-calibrator-5540a\/\",\"url\":\"https:\/\/techmasterdemexico.com\/producto\/standard-multi-product-calibrator-5540a\/\",\"name\":\"Standard Multi-Product Calibrator 5540A - Techmaster de Mexico\",\"isPartOf\":{\"@id\":\"https:\/\/techmasterdemexico.com\/#website\"},\"primaryImageOfPage\":{\"@id\":\"https:\/\/techmasterdemexico.com\/producto\/standard-multi-product-calibrator-5540a\/#primaryimage\"},\"image\":{\"@id\":\"https:\/\/techmasterdemexico.com\/producto\/standard-multi-product-calibrator-5540a\/#primaryimage\"},\"thumbnailUrl\":\"https:\/\/techmasterdemexico.com\/wp-content\/uploads\/Fluke-5540A.png\",\"datePublished\":\"2025-09-12T23:13:22+00:00\",\"dateModified\":\"2025-09-23T19:41:39+00:00\",\"breadcrumb\":{\"@id\":\"https:\/\/techmasterdemexico.com\/producto\/standard-multi-product-calibrator-5540a\/#breadcrumb\"},\"inLanguage\":\"en-US\",\"potentialAction\":[{\"@type\":\"ReadAction\",\"target\":[\"https:\/\/techmasterdemexico.com\/producto\/standard-multi-product-calibrator-5540a\/\"]}]},{\"@type\":\"ImageObject\",\"inLanguage\":\"en-US\",\"@id\":\"https:\/\/techmasterdemexico.com\/producto\/standard-multi-product-calibrator-5540a\/#primaryimage\",\"url\":\"https:\/\/techmasterdemexico.com\/wp-content\/uploads\/Fluke-5540A.png\",\"contentUrl\":\"https:\/\/techmasterdemexico.com\/wp-content\/uploads\/Fluke-5540A.png\",\"width\":1080,\"height\":1080},{\"@type\":\"BreadcrumbList\",\"@id\":\"https:\/\/techmasterdemexico.com\/producto\/standard-multi-product-calibrator-5540a\/#breadcrumb\",\"itemListElement\":[{\"@type\":\"ListItem\",\"position\":1,\"name\":\"Portada\",\"item\":\"https:\/\/techmasterdemexico.com\/\"},{\"@type\":\"ListItem\",\"position\":2,\"name\":\"Standard Multi-Product Calibrator 5540A\"}]},{\"@type\":\"WebSite\",\"@id\":\"https:\/\/techmasterdemexico.com\/#website\",\"url\":\"https:\/\/techmasterdemexico.com\/\",\"name\":\"Techmaster de Mexico\",\"description\":\"\",\"potentialAction\":[{\"@type\":\"SearchAction\",\"target\":{\"@type\":\"EntryPoint\",\"urlTemplate\":\"https:\/\/techmasterdemexico.com\/?s={search_term_string}\"},\"query-input\":{\"@type\":\"PropertyValueSpecification\",\"valueRequired\":true,\"valueName\":\"search_term_string\"}}],\"inLanguage\":\"en-US\"}]}<\/script>\n<!-- \/ Yoast SEO plugin. -->","yoast_head_json":{"title":"Standard Multi-Product Calibrator 5540A - Techmaster de Mexico","robots":{"index":"index","follow":"follow","max-snippet":"max-snippet:-1","max-image-preview":"max-image-preview:large","max-video-preview":"max-video-preview:-1"},"canonical":"https:\/\/techmasterdemexico.com\/producto\/standard-multi-product-calibrator-5540a\/","og_locale":"en_US","og_type":"article","og_title":"Standard Multi-Product Calibrator 5540A - Techmaster de Mexico","og_description":"Rendimiento est\u00e1ndar optimizado para los osciloscopios y mult\u00edmetros digitales port\u00e1tiles m\u00e1s comunes El rendimiento de los calibradores Standard Multi-Product 5540A est\u00e1 adaptado a los osciloscopios y mult\u00edmetros digitales port\u00e1tiles m\u00e1s comunes. As\u00ed se reduce la exactitud de los est\u00e1ndares necesarios para verificar y ajustar el 5540A, y, por tanto, tambi\u00e9n el coste de propiedad. Calibra [&hellip;]","og_url":"https:\/\/techmasterdemexico.com\/producto\/standard-multi-product-calibrator-5540a\/","og_site_name":"Techmaster de Mexico","article_modified_time":"2025-09-23T19:41:39+00:00","og_image":[{"width":1080,"height":1080,"url":"https:\/\/techmasterdemexico.com\/wp-content\/uploads\/Fluke-5540A.png","type":"image\/png"}],"twitter_card":"summary_large_image","twitter_misc":{"Est. reading time":"2 minutes"},"schema":{"@context":"https:\/\/schema.org","@graph":[{"@type":"WebPage","@id":"https:\/\/techmasterdemexico.com\/producto\/standard-multi-product-calibrator-5540a\/","url":"https:\/\/techmasterdemexico.com\/producto\/standard-multi-product-calibrator-5540a\/","name":"Standard Multi-Product Calibrator 5540A - Techmaster de Mexico","isPartOf":{"@id":"https:\/\/techmasterdemexico.com\/#website"},"primaryImageOfPage":{"@id":"https:\/\/techmasterdemexico.com\/producto\/standard-multi-product-calibrator-5540a\/#primaryimage"},"image":{"@id":"https:\/\/techmasterdemexico.com\/producto\/standard-multi-product-calibrator-5540a\/#primaryimage"},"thumbnailUrl":"https:\/\/techmasterdemexico.com\/wp-content\/uploads\/Fluke-5540A.png","datePublished":"2025-09-12T23:13:22+00:00","dateModified":"2025-09-23T19:41:39+00:00","breadcrumb":{"@id":"https:\/\/techmasterdemexico.com\/producto\/standard-multi-product-calibrator-5540a\/#breadcrumb"},"inLanguage":"en-US","potentialAction":[{"@type":"ReadAction","target":["https:\/\/techmasterdemexico.com\/producto\/standard-multi-product-calibrator-5540a\/"]}]},{"@type":"ImageObject","inLanguage":"en-US","@id":"https:\/\/techmasterdemexico.com\/producto\/standard-multi-product-calibrator-5540a\/#primaryimage","url":"https:\/\/techmasterdemexico.com\/wp-content\/uploads\/Fluke-5540A.png","contentUrl":"https:\/\/techmasterdemexico.com\/wp-content\/uploads\/Fluke-5540A.png","width":1080,"height":1080},{"@type":"BreadcrumbList","@id":"https:\/\/techmasterdemexico.com\/producto\/standard-multi-product-calibrator-5540a\/#breadcrumb","itemListElement":[{"@type":"ListItem","position":1,"name":"Portada","item":"https:\/\/techmasterdemexico.com\/"},{"@type":"ListItem","position":2,"name":"Standard Multi-Product Calibrator 5540A"}]},{"@type":"WebSite","@id":"https:\/\/techmasterdemexico.com\/#website","url":"https:\/\/techmasterdemexico.com\/","name":"Techmaster de Mexico","description":"","potentialAction":[{"@type":"SearchAction","target":{"@type":"EntryPoint","urlTemplate":"https:\/\/techmasterdemexico.com\/?s={search_term_string}"},"query-input":{"@type":"PropertyValueSpecification","valueRequired":true,"valueName":"search_term_string"}}],"inLanguage":"en-US"}]}},"brands":[{"id":31,"name":"Fluke","slug":"fluke"}],"_links":{"self":[{"href":"https:\/\/techmasterdemexico.com\/en\/wp-json\/wp\/v2\/product\/23320","targetHints":{"allow":["GET"]}}],"collection":[{"href":"https:\/\/techmasterdemexico.com\/en\/wp-json\/wp\/v2\/product"}],"about":[{"href":"https:\/\/techmasterdemexico.com\/en\/wp-json\/wp\/v2\/types\/product"}],"wp:featuredmedia":[{"embeddable":true,"href":"https:\/\/techmasterdemexico.com\/en\/wp-json\/wp\/v2\/media\/23322"}],"wp:attachment":[{"href":"https:\/\/techmasterdemexico.com\/en\/wp-json\/wp\/v2\/media?parent=23320"}],"wp:term":[{"taxonomy":"pwb-brand","embeddable":true,"href":"https:\/\/techmasterdemexico.com\/en\/wp-json\/wp\/v2\/pwb-brand?post=23320"},{"taxonomy":"product_brand","embeddable":true,"href":"https:\/\/techmasterdemexico.com\/en\/wp-json\/wp\/v2\/product_brand?post=23320"},{"taxonomy":"product_cat","embeddable":true,"href":"https:\/\/techmasterdemexico.com\/en\/wp-json\/wp\/v2\/product_cat?post=23320"},{"taxonomy":"product_tag","embeddable":true,"href":"https:\/\/techmasterdemexico.com\/en\/wp-json\/wp\/v2\/product_tag?post=23320"}],"curies":[{"name":"wp","href":"https:\/\/api.w.org\/{rel}","templated":true}]}}