{"id":23124,"date":"2025-08-07T11:13:12","date_gmt":"2025-08-07T18:13:12","guid":{"rendered":"https:\/\/techmasterdemexico.com\/?post_type=product&#038;p=23124"},"modified":"2025-08-07T11:13:13","modified_gmt":"2025-08-07T18:13:13","slug":"maquina-de-prueba-de-dureza-rockwell-hr-430ms","status":"publish","type":"product","link":"https:\/\/techmasterdemexico.com\/en\/producto\/maquina-de-prueba-de-dureza-rockwell-hr-430ms\/","title":{"rendered":"M\u00e1quina de Prueba de Dureza ROCKWELL HR-430MS"},"content":{"rendered":"<p>M\u00e1quina de Prueba de Dureza ROCKWELL HR-430MS<br \/>\nEquipo vers\u00e1til para ensayos de dureza Rockwell en metales. Compacta, f\u00e1cil de operar y confiable, ideal para l\u00edneas de producci\u00f3n o laboratorios de calidad.<br \/>\nEl bastidor de nuevo dise\u00f1o proporciona un espacio m\u00e1ximo para posicionar la pieza de trabajo; todo lo que necesitas es una mesa plana para montar estas m\u00e1quinas de ensayo.<\/p>\n<p>Son muy f\u00e1ciles de operar: el modelo anal\u00f3gico HR-210 utiliza un reloj indicador de ajuste autom\u00e1tico.<\/p>\n<p>Los modelos digitales HR-430MR\/MS utilizan freno autom\u00e1tico en la rueda de ajuste y secuencia de carga autom\u00e1tica para un manejo sencillo.<\/p>\n<p>Los modelos digitales HR-320MS y HR-430MR\/MS pueden utilizar nuestro mini procesador Digimatic (DP-1VR) para imprimir resultados, y tambi\u00e9n puedes usar una herramienta de entrada (USB-ITN-E) para conectarlos a una PC y as\u00ed transferir, analizar y almacenar datos.<\/p>\n<p>Puedes realizar ensayos de dureza Brinell usando los siguientes accesorios opcionales:<br \/>\nun penetrador Brinell, un juego de pesas y un microscopio de medici\u00f3n.<\/p>\n","protected":false},"excerpt":{"rendered":"<p>Modelo: HR-430MS.<br \/>\nPantalla: Digital.<br \/>\nNormas aplicables: JIS B7726:2017, ISO 6508-2:2015, ASTM E18-20.<br \/>\nDureza comprobable: Dureza Rockwell, Dureza superficial Rockwell.<br \/>\nFuerza de prueba preliminar N (kgf): 29,42 (3) 98,07 (10).<br \/>\nFuerza de ensayo N (kgf): Rockwell 588,4 (60) 980,7 (100) 1471 (150), superficial 147,1 (15) 294,2 (30) 441,3 (45).<br \/>\nFuente de alimentaci\u00f3n: CA 100 a 240 V, 50\/60 Hz, 1,8 A.<br \/>\nCC 12 V, 4,17 A.<br \/>\nDimensiones externas (sin incluir salientes ni plataforma): 214 (ancho) \u00d7 512 (profundidad) \u00d7 780 (alto) mm.<br \/>\nMasa: 50 kg<br \/>\nSolo los modelos HR-430MR, HR-320MS y HR-430MS pueden conectarse a la red de datos de medici\u00f3n MeasurLink\u00ae.<br \/>\nNota 1: Es posible que no se admitan ensayos de pl\u00e1sticos, dependiendo del material pl\u00e1stico.<br \/>\nNota 2: Las pruebas de dureza Brinell se pueden realizar utilizando el juego de pesas para pruebas Brinell, el penetrador Brinell y el microscopio de medici\u00f3n.<br \/>\nEl cliente debe disponer de un microscopio de medici\u00f3n.<br \/>\nNota 3: La unidad no incluye penetrador ni bloque de referencia de dureza. Estos art\u00edculos (que cumplen con la norma aplicable) deben<br \/>\nadquirirse por separado.<\/p>\n","protected":false},"featured_media":23125,"template":"","meta":{"_acf_changed":false},"pwb-brand":[39],"product_brand":[],"product_cat":[366,302,304,38],"product_tag":[],"class_list":{"0":"post-23124","1":"product","2":"type-product","3":"status-publish","4":"has-post-thumbnail","6":"pwb-brand-mitutoyo","7":"product_cat-todos-los-productos","8":"product_cat-durometros-mitutoyo","9":"product_cat-durometros-rockwell","10":"product_cat-mitutoyo","12":"first","13":"instock","14":"taxable","15":"shipping-taxable","16":"product-type-simple"},"acf":[],"yoast_head":"<!-- This site is optimized with the Yoast SEO plugin v27.4 - https:\/\/yoast.com\/product\/yoast-seo-wordpress\/ -->\n<title>M\u00e1quina de Prueba de Dureza ROCKWELL HR-430MS - Techmaster de Mexico<\/title>\n<meta name=\"robots\" content=\"index, follow, max-snippet:-1, max-image-preview:large, max-video-preview:-1\" \/>\n<link rel=\"canonical\" href=\"https:\/\/techmasterdemexico.com\/en\/producto\/maquina-de-prueba-de-dureza-rockwell-hr-430ms\/\" \/>\n<meta property=\"og:locale\" content=\"en_US\" \/>\n<meta property=\"og:type\" content=\"article\" \/>\n<meta property=\"og:title\" content=\"M\u00e1quina de Prueba de Dureza ROCKWELL HR-430MS - Techmaster de Mexico\" \/>\n<meta property=\"og:description\" content=\"Modelo: HR-430MS. Pantalla: Digital. Normas aplicables: JIS B7726:2017, ISO 6508-2:2015, ASTM E18-20. Dureza comprobable: Dureza Rockwell, Dureza superficial Rockwell. Fuerza de prueba preliminar N (kgf): 29,42 (3) 98,07 (10). Fuerza de ensayo N (kgf): Rockwell 588,4 (60) 980,7 (100) 1471 (150), superficial 147,1 (15) 294,2 (30) 441,3 (45). Fuente de alimentaci\u00f3n: CA 100 a 240 V, 50\/60 Hz, 1,8 A. CC 12 V, 4,17 A. Dimensiones externas (sin incluir salientes ni plataforma): 214 (ancho) \u00d7 512 (profundidad) \u00d7 780 (alto) mm. Masa: 50 kg Solo los modelos HR-430MR, HR-320MS y HR-430MS pueden conectarse a la red de datos de medici\u00f3n MeasurLink\u00ae. Nota 1: Es posible que no se admitan ensayos de pl\u00e1sticos, dependiendo del material pl\u00e1stico. Nota 2: Las pruebas de dureza Brinell se pueden realizar utilizando el juego de pesas para pruebas Brinell, el penetrador Brinell y el microscopio de medici\u00f3n. El cliente debe disponer de un microscopio de medici\u00f3n. Nota 3: La unidad no incluye penetrador ni bloque de referencia de dureza. Estos art\u00edculos (que cumplen con la norma aplicable) deben adquirirse por separado.\" \/>\n<meta property=\"og:url\" content=\"https:\/\/techmasterdemexico.com\/en\/producto\/maquina-de-prueba-de-dureza-rockwell-hr-430ms\/\" \/>\n<meta property=\"og:site_name\" content=\"Techmaster de Mexico\" \/>\n<meta property=\"article:modified_time\" content=\"2025-08-07T18:13:13+00:00\" \/>\n<meta property=\"og:image\" content=\"https:\/\/techmasterdemexico.com\/wp-content\/uploads\/810-194-31.png\" \/>\n\t<meta property=\"og:image:width\" content=\"1000\" \/>\n\t<meta property=\"og:image:height\" content=\"1000\" \/>\n\t<meta property=\"og:image:type\" content=\"image\/png\" \/>\n<meta name=\"twitter:card\" content=\"summary_large_image\" \/>\n<meta name=\"twitter:label1\" content=\"Est. reading time\" \/>\n\t<meta name=\"twitter:data1\" content=\"1 minute\" \/>\n<script type=\"application\/ld+json\" class=\"yoast-schema-graph\">{\"@context\":\"https:\\\/\\\/schema.org\",\"@graph\":[{\"@type\":\"WebPage\",\"@id\":\"https:\\\/\\\/techmasterdemexico.com\\\/en\\\/producto\\\/maquina-de-prueba-de-dureza-rockwell-hr-430ms\\\/\",\"url\":\"https:\\\/\\\/techmasterdemexico.com\\\/en\\\/producto\\\/maquina-de-prueba-de-dureza-rockwell-hr-430ms\\\/\",\"name\":\"M\u00e1quina de Prueba de Dureza ROCKWELL HR-430MS - Techmaster de Mexico\",\"isPartOf\":{\"@id\":\"https:\\\/\\\/techmasterdemexico.com\\\/#website\"},\"primaryImageOfPage\":{\"@id\":\"https:\\\/\\\/techmasterdemexico.com\\\/en\\\/producto\\\/maquina-de-prueba-de-dureza-rockwell-hr-430ms\\\/#primaryimage\"},\"image\":{\"@id\":\"https:\\\/\\\/techmasterdemexico.com\\\/en\\\/producto\\\/maquina-de-prueba-de-dureza-rockwell-hr-430ms\\\/#primaryimage\"},\"thumbnailUrl\":\"https:\\\/\\\/techmasterdemexico.com\\\/wp-content\\\/uploads\\\/810-194-31.png\",\"datePublished\":\"2025-08-07T18:13:12+00:00\",\"dateModified\":\"2025-08-07T18:13:13+00:00\",\"breadcrumb\":{\"@id\":\"https:\\\/\\\/techmasterdemexico.com\\\/en\\\/producto\\\/maquina-de-prueba-de-dureza-rockwell-hr-430ms\\\/#breadcrumb\"},\"inLanguage\":\"en-US\",\"potentialAction\":[{\"@type\":\"ReadAction\",\"target\":[\"https:\\\/\\\/techmasterdemexico.com\\\/en\\\/producto\\\/maquina-de-prueba-de-dureza-rockwell-hr-430ms\\\/\"]}]},{\"@type\":\"ImageObject\",\"inLanguage\":\"en-US\",\"@id\":\"https:\\\/\\\/techmasterdemexico.com\\\/en\\\/producto\\\/maquina-de-prueba-de-dureza-rockwell-hr-430ms\\\/#primaryimage\",\"url\":\"https:\\\/\\\/techmasterdemexico.com\\\/wp-content\\\/uploads\\\/810-194-31.png\",\"contentUrl\":\"https:\\\/\\\/techmasterdemexico.com\\\/wp-content\\\/uploads\\\/810-194-31.png\",\"width\":1000,\"height\":1000},{\"@type\":\"BreadcrumbList\",\"@id\":\"https:\\\/\\\/techmasterdemexico.com\\\/en\\\/producto\\\/maquina-de-prueba-de-dureza-rockwell-hr-430ms\\\/#breadcrumb\",\"itemListElement\":[{\"@type\":\"ListItem\",\"position\":1,\"name\":\"Portada\",\"item\":\"https:\\\/\\\/techmasterdemexico.com\\\/\"},{\"@type\":\"ListItem\",\"position\":2,\"name\":\"M\u00e1quina de Prueba de Dureza ROCKWELL HR-430MS\"}]},{\"@type\":\"WebSite\",\"@id\":\"https:\\\/\\\/techmasterdemexico.com\\\/#website\",\"url\":\"https:\\\/\\\/techmasterdemexico.com\\\/\",\"name\":\"Techmaster de Mexico\",\"description\":\"\",\"potentialAction\":[{\"@type\":\"SearchAction\",\"target\":{\"@type\":\"EntryPoint\",\"urlTemplate\":\"https:\\\/\\\/techmasterdemexico.com\\\/?s={search_term_string}\"},\"query-input\":{\"@type\":\"PropertyValueSpecification\",\"valueRequired\":true,\"valueName\":\"search_term_string\"}}],\"inLanguage\":\"en-US\"}]}<\/script>\n<!-- \/ Yoast SEO plugin. -->","yoast_head_json":{"title":"M\u00e1quina de Prueba de Dureza ROCKWELL HR-430MS - Techmaster de Mexico","robots":{"index":"index","follow":"follow","max-snippet":"max-snippet:-1","max-image-preview":"max-image-preview:large","max-video-preview":"max-video-preview:-1"},"canonical":"https:\/\/techmasterdemexico.com\/en\/producto\/maquina-de-prueba-de-dureza-rockwell-hr-430ms\/","og_locale":"en_US","og_type":"article","og_title":"M\u00e1quina de Prueba de Dureza ROCKWELL HR-430MS - Techmaster de Mexico","og_description":"Modelo: HR-430MS. Pantalla: Digital. Normas aplicables: JIS B7726:2017, ISO 6508-2:2015, ASTM E18-20. Dureza comprobable: Dureza Rockwell, Dureza superficial Rockwell. Fuerza de prueba preliminar N (kgf): 29,42 (3) 98,07 (10). Fuerza de ensayo N (kgf): Rockwell 588,4 (60) 980,7 (100) 1471 (150), superficial 147,1 (15) 294,2 (30) 441,3 (45). Fuente de alimentaci\u00f3n: CA 100 a 240 V, 50\/60 Hz, 1,8 A. CC 12 V, 4,17 A. Dimensiones externas (sin incluir salientes ni plataforma): 214 (ancho) \u00d7 512 (profundidad) \u00d7 780 (alto) mm. Masa: 50 kg Solo los modelos HR-430MR, HR-320MS y HR-430MS pueden conectarse a la red de datos de medici\u00f3n MeasurLink\u00ae. Nota 1: Es posible que no se admitan ensayos de pl\u00e1sticos, dependiendo del material pl\u00e1stico. Nota 2: Las pruebas de dureza Brinell se pueden realizar utilizando el juego de pesas para pruebas Brinell, el penetrador Brinell y el microscopio de medici\u00f3n. El cliente debe disponer de un microscopio de medici\u00f3n. Nota 3: La unidad no incluye penetrador ni bloque de referencia de dureza. Estos art\u00edculos (que cumplen con la norma aplicable) deben adquirirse por separado.","og_url":"https:\/\/techmasterdemexico.com\/en\/producto\/maquina-de-prueba-de-dureza-rockwell-hr-430ms\/","og_site_name":"Techmaster de Mexico","article_modified_time":"2025-08-07T18:13:13+00:00","og_image":[{"width":1000,"height":1000,"url":"https:\/\/techmasterdemexico.com\/wp-content\/uploads\/810-194-31.png","type":"image\/png"}],"twitter_card":"summary_large_image","twitter_misc":{"Est. reading time":"1 minute"},"schema":{"@context":"https:\/\/schema.org","@graph":[{"@type":"WebPage","@id":"https:\/\/techmasterdemexico.com\/en\/producto\/maquina-de-prueba-de-dureza-rockwell-hr-430ms\/","url":"https:\/\/techmasterdemexico.com\/en\/producto\/maquina-de-prueba-de-dureza-rockwell-hr-430ms\/","name":"M\u00e1quina de Prueba de Dureza ROCKWELL HR-430MS - Techmaster de Mexico","isPartOf":{"@id":"https:\/\/techmasterdemexico.com\/#website"},"primaryImageOfPage":{"@id":"https:\/\/techmasterdemexico.com\/en\/producto\/maquina-de-prueba-de-dureza-rockwell-hr-430ms\/#primaryimage"},"image":{"@id":"https:\/\/techmasterdemexico.com\/en\/producto\/maquina-de-prueba-de-dureza-rockwell-hr-430ms\/#primaryimage"},"thumbnailUrl":"https:\/\/techmasterdemexico.com\/wp-content\/uploads\/810-194-31.png","datePublished":"2025-08-07T18:13:12+00:00","dateModified":"2025-08-07T18:13:13+00:00","breadcrumb":{"@id":"https:\/\/techmasterdemexico.com\/en\/producto\/maquina-de-prueba-de-dureza-rockwell-hr-430ms\/#breadcrumb"},"inLanguage":"en-US","potentialAction":[{"@type":"ReadAction","target":["https:\/\/techmasterdemexico.com\/en\/producto\/maquina-de-prueba-de-dureza-rockwell-hr-430ms\/"]}]},{"@type":"ImageObject","inLanguage":"en-US","@id":"https:\/\/techmasterdemexico.com\/en\/producto\/maquina-de-prueba-de-dureza-rockwell-hr-430ms\/#primaryimage","url":"https:\/\/techmasterdemexico.com\/wp-content\/uploads\/810-194-31.png","contentUrl":"https:\/\/techmasterdemexico.com\/wp-content\/uploads\/810-194-31.png","width":1000,"height":1000},{"@type":"BreadcrumbList","@id":"https:\/\/techmasterdemexico.com\/en\/producto\/maquina-de-prueba-de-dureza-rockwell-hr-430ms\/#breadcrumb","itemListElement":[{"@type":"ListItem","position":1,"name":"Portada","item":"https:\/\/techmasterdemexico.com\/"},{"@type":"ListItem","position":2,"name":"M\u00e1quina de Prueba de Dureza ROCKWELL HR-430MS"}]},{"@type":"WebSite","@id":"https:\/\/techmasterdemexico.com\/#website","url":"https:\/\/techmasterdemexico.com\/","name":"Techmaster de Mexico","description":"","potentialAction":[{"@type":"SearchAction","target":{"@type":"EntryPoint","urlTemplate":"https:\/\/techmasterdemexico.com\/?s={search_term_string}"},"query-input":{"@type":"PropertyValueSpecification","valueRequired":true,"valueName":"search_term_string"}}],"inLanguage":"en-US"}]}},"brands":[{"id":39,"name":"Mitutoyo","slug":"mitutoyo"}],"_links":{"self":[{"href":"https:\/\/techmasterdemexico.com\/en\/wp-json\/wp\/v2\/product\/23124","targetHints":{"allow":["GET"]}}],"collection":[{"href":"https:\/\/techmasterdemexico.com\/en\/wp-json\/wp\/v2\/product"}],"about":[{"href":"https:\/\/techmasterdemexico.com\/en\/wp-json\/wp\/v2\/types\/product"}],"wp:featuredmedia":[{"embeddable":true,"href":"https:\/\/techmasterdemexico.com\/en\/wp-json\/wp\/v2\/media\/23125"}],"wp:attachment":[{"href":"https:\/\/techmasterdemexico.com\/en\/wp-json\/wp\/v2\/media?parent=23124"}],"wp:term":[{"taxonomy":"pwb-brand","embeddable":true,"href":"https:\/\/techmasterdemexico.com\/en\/wp-json\/wp\/v2\/pwb-brand?post=23124"},{"taxonomy":"product_brand","embeddable":true,"href":"https:\/\/techmasterdemexico.com\/en\/wp-json\/wp\/v2\/product_brand?post=23124"},{"taxonomy":"product_cat","embeddable":true,"href":"https:\/\/techmasterdemexico.com\/en\/wp-json\/wp\/v2\/product_cat?post=23124"},{"taxonomy":"product_tag","embeddable":true,"href":"https:\/\/techmasterdemexico.com\/en\/wp-json\/wp\/v2\/product_tag?post=23124"}],"curies":[{"name":"wp","href":"https:\/\/api.w.org\/{rel}","templated":true}]}}