{"id":23117,"date":"2025-07-30T16:54:42","date_gmt":"2025-07-30T23:54:42","guid":{"rendered":"https:\/\/techmasterdemexico.com\/?post_type=product&#038;p=23117"},"modified":"2025-07-30T16:54:42","modified_gmt":"2025-07-30T23:54:42","slug":"medidor-de-potencia-it9100","status":"publish","type":"product","link":"https:\/\/techmasterdemexico.com\/en\/producto\/medidor-de-potencia-it9100\/","title":{"rendered":"Medidor de potencia IT9100"},"content":{"rendered":"<p>El medidor de potencia IT9100 puede proporcionar una entrada m\u00e1xima de 1000 Vrms y 50 Arms y un ancho de banda de medici\u00f3n de 100 KHz, y se puede utilizar f\u00e1cilmente para medir el voltaje, la corriente, la potencia, la frecuencia, los arm\u00f3nicos y otros par\u00e1metros. La configuraci\u00f3n est\u00e1ndar incluye interfaces de comunicaci\u00f3n USB, RS232 y LAN, as\u00ed como interfaces para dispositivos perif\u00e9ricos basados en USB. Los usuarios pueden guardar los par\u00e1metros medidos en un medio de almacenamiento externo. La precisi\u00f3n b\u00e1sica de tensi\u00f3n y corriente es del 0,1 %. Adem\u00e1s, el medidor de potencia cuenta con numerosas funciones de integraci\u00f3n, como la potencia activa. Se utiliza ampliamente en pruebas de motores, electrodom\u00e9sticos, UPS, etc.<\/p>\n","protected":false},"excerpt":{"rendered":"<p>\u2666 Pantalla LCD en color de 4,3 pulgadas (TFT)<br \/>\n\u2666 Rango de entrada: 1000 Vrms \/ 50 Arms<br \/>\n\u2666 Componentes arm\u00f3nicos<br \/>\n\u2666 La precisi\u00f3n de la medici\u00f3n de tensi\u00f3n y corriente es de hasta el 0,1 %<br \/>\n\u2666 Se pueden medir simult\u00e1neamente la tensi\u00f3n, la corriente, la potencia, los arm\u00f3nicos y otros par\u00e1metros<br \/>\n\u2666 El medidor de potencia tiene una funci\u00f3n de medici\u00f3n de arm\u00f3nicos y se puede utilizar para medir hasta el 50.\u00ba arm\u00f3nico *1<br \/>\n\u2666 El medidor de potencia tiene funciones de integraci\u00f3n ricas y potentes, y se puede utilizar para medir la energ\u00eda el\u00e9ctrica que se compra o se vende<br \/>\n\u2666 Se proporcionan interfaces para dispositivos perif\u00e9ricos basados en USB, y el usuario puede guardar datos en un medio de almacenamiento externo<br \/>\n\u2666 Interfaces de comunicaci\u00f3n USB, RS232 y Ethernet integradas de serie*1 Funci\u00f3n opcional para IT9121E<\/p>\n","protected":false},"featured_media":23118,"template":"","meta":{"_acf_changed":false},"pwb-brand":[670],"product_brand":[],"product_cat":[366,651,677],"product_tag":[],"class_list":{"0":"post-23117","1":"product","2":"type-product","3":"status-publish","4":"has-post-thumbnail","6":"pwb-brand-itech","7":"product_cat-todos-los-productos","8":"product_cat-itech","9":"product_cat-medidores-y-analizadores-de-potencia","11":"first","12":"instock","13":"taxable","14":"shipping-taxable","15":"product-type-simple"},"acf":[],"yoast_head":"<!-- This site is optimized with the Yoast SEO plugin v27.4 - https:\/\/yoast.com\/product\/yoast-seo-wordpress\/ -->\n<title>Medidor de potencia IT9100 - Techmaster de Mexico<\/title>\n<meta name=\"robots\" content=\"index, follow, max-snippet:-1, max-image-preview:large, max-video-preview:-1\" \/>\n<link rel=\"canonical\" href=\"https:\/\/techmasterdemexico.com\/producto\/medidor-de-potencia-it9100\/\" \/>\n<meta property=\"og:locale\" content=\"en_US\" \/>\n<meta property=\"og:type\" content=\"article\" \/>\n<meta property=\"og:title\" content=\"Medidor de potencia IT9100 - Techmaster de Mexico\" \/>\n<meta property=\"og:description\" content=\"\u2666 Pantalla LCD en color de 4,3 pulgadas (TFT) \u2666 Rango de entrada: 1000 Vrms \/ 50 Arms \u2666 Componentes arm\u00f3nicos \u2666 La precisi\u00f3n de la medici\u00f3n de tensi\u00f3n y corriente es de hasta el 0,1 % \u2666 Se pueden medir simult\u00e1neamente la tensi\u00f3n, la corriente, la potencia, los arm\u00f3nicos y otros par\u00e1metros \u2666 El medidor de potencia tiene una funci\u00f3n de medici\u00f3n de arm\u00f3nicos y se puede utilizar para medir hasta el 50.\u00ba arm\u00f3nico *1 \u2666 El medidor de potencia tiene funciones de integraci\u00f3n ricas y potentes, y se puede utilizar para medir la energ\u00eda el\u00e9ctrica que se compra o se vende \u2666 Se proporcionan interfaces para dispositivos perif\u00e9ricos basados en USB, y el usuario puede guardar datos en un medio de almacenamiento externo \u2666 Interfaces de comunicaci\u00f3n USB, RS232 y Ethernet integradas de serie*1 Funci\u00f3n opcional para IT9121E\" \/>\n<meta property=\"og:url\" content=\"https:\/\/techmasterdemexico.com\/producto\/medidor-de-potencia-it9100\/\" \/>\n<meta property=\"og:site_name\" content=\"Techmaster de Mexico\" \/>\n<meta property=\"og:image\" content=\"https:\/\/techmasterdemexico.com\/wp-content\/uploads\/IT9100.png\" \/>\n\t<meta property=\"og:image:width\" content=\"1000\" \/>\n\t<meta property=\"og:image:height\" content=\"1000\" \/>\n\t<meta property=\"og:image:type\" content=\"image\/png\" \/>\n<meta name=\"twitter:card\" content=\"summary_large_image\" \/>\n<meta name=\"twitter:label1\" content=\"Est. reading time\" \/>\n\t<meta name=\"twitter:data1\" content=\"1 minute\" \/>\n<script type=\"application\/ld+json\" class=\"yoast-schema-graph\">{\"@context\":\"https:\\\/\\\/schema.org\",\"@graph\":[{\"@type\":\"WebPage\",\"@id\":\"https:\\\/\\\/techmasterdemexico.com\\\/producto\\\/medidor-de-potencia-it9100\\\/\",\"url\":\"https:\\\/\\\/techmasterdemexico.com\\\/producto\\\/medidor-de-potencia-it9100\\\/\",\"name\":\"Medidor de potencia IT9100 - Techmaster de Mexico\",\"isPartOf\":{\"@id\":\"https:\\\/\\\/techmasterdemexico.com\\\/#website\"},\"primaryImageOfPage\":{\"@id\":\"https:\\\/\\\/techmasterdemexico.com\\\/producto\\\/medidor-de-potencia-it9100\\\/#primaryimage\"},\"image\":{\"@id\":\"https:\\\/\\\/techmasterdemexico.com\\\/producto\\\/medidor-de-potencia-it9100\\\/#primaryimage\"},\"thumbnailUrl\":\"https:\\\/\\\/techmasterdemexico.com\\\/wp-content\\\/uploads\\\/IT9100.png\",\"datePublished\":\"2025-07-30T23:54:42+00:00\",\"breadcrumb\":{\"@id\":\"https:\\\/\\\/techmasterdemexico.com\\\/producto\\\/medidor-de-potencia-it9100\\\/#breadcrumb\"},\"inLanguage\":\"en-US\",\"potentialAction\":[{\"@type\":\"ReadAction\",\"target\":[\"https:\\\/\\\/techmasterdemexico.com\\\/producto\\\/medidor-de-potencia-it9100\\\/\"]}]},{\"@type\":\"ImageObject\",\"inLanguage\":\"en-US\",\"@id\":\"https:\\\/\\\/techmasterdemexico.com\\\/producto\\\/medidor-de-potencia-it9100\\\/#primaryimage\",\"url\":\"https:\\\/\\\/techmasterdemexico.com\\\/wp-content\\\/uploads\\\/IT9100.png\",\"contentUrl\":\"https:\\\/\\\/techmasterdemexico.com\\\/wp-content\\\/uploads\\\/IT9100.png\",\"width\":1000,\"height\":1000},{\"@type\":\"BreadcrumbList\",\"@id\":\"https:\\\/\\\/techmasterdemexico.com\\\/producto\\\/medidor-de-potencia-it9100\\\/#breadcrumb\",\"itemListElement\":[{\"@type\":\"ListItem\",\"position\":1,\"name\":\"Portada\",\"item\":\"https:\\\/\\\/techmasterdemexico.com\\\/\"},{\"@type\":\"ListItem\",\"position\":2,\"name\":\"Medidor de potencia IT9100\"}]},{\"@type\":\"WebSite\",\"@id\":\"https:\\\/\\\/techmasterdemexico.com\\\/#website\",\"url\":\"https:\\\/\\\/techmasterdemexico.com\\\/\",\"name\":\"Techmaster de Mexico\",\"description\":\"\",\"potentialAction\":[{\"@type\":\"SearchAction\",\"target\":{\"@type\":\"EntryPoint\",\"urlTemplate\":\"https:\\\/\\\/techmasterdemexico.com\\\/?s={search_term_string}\"},\"query-input\":{\"@type\":\"PropertyValueSpecification\",\"valueRequired\":true,\"valueName\":\"search_term_string\"}}],\"inLanguage\":\"en-US\"}]}<\/script>\n<!-- \/ Yoast SEO plugin. -->","yoast_head_json":{"title":"Medidor de potencia IT9100 - Techmaster de Mexico","robots":{"index":"index","follow":"follow","max-snippet":"max-snippet:-1","max-image-preview":"max-image-preview:large","max-video-preview":"max-video-preview:-1"},"canonical":"https:\/\/techmasterdemexico.com\/producto\/medidor-de-potencia-it9100\/","og_locale":"en_US","og_type":"article","og_title":"Medidor de potencia IT9100 - Techmaster de Mexico","og_description":"\u2666 Pantalla LCD en color de 4,3 pulgadas (TFT) \u2666 Rango de entrada: 1000 Vrms \/ 50 Arms \u2666 Componentes arm\u00f3nicos \u2666 La precisi\u00f3n de la medici\u00f3n de tensi\u00f3n y corriente es de hasta el 0,1 % \u2666 Se pueden medir simult\u00e1neamente la tensi\u00f3n, la corriente, la potencia, los arm\u00f3nicos y otros par\u00e1metros \u2666 El medidor de potencia tiene una funci\u00f3n de medici\u00f3n de arm\u00f3nicos y se puede utilizar para medir hasta el 50.\u00ba arm\u00f3nico *1 \u2666 El medidor de potencia tiene funciones de integraci\u00f3n ricas y potentes, y se puede utilizar para medir la energ\u00eda el\u00e9ctrica que se compra o se vende \u2666 Se proporcionan interfaces para dispositivos perif\u00e9ricos basados en USB, y el usuario puede guardar datos en un medio de almacenamiento externo \u2666 Interfaces de comunicaci\u00f3n USB, RS232 y Ethernet integradas de serie*1 Funci\u00f3n opcional para IT9121E","og_url":"https:\/\/techmasterdemexico.com\/producto\/medidor-de-potencia-it9100\/","og_site_name":"Techmaster de Mexico","og_image":[{"width":1000,"height":1000,"url":"https:\/\/techmasterdemexico.com\/wp-content\/uploads\/IT9100.png","type":"image\/png"}],"twitter_card":"summary_large_image","twitter_misc":{"Est. reading time":"1 minute"},"schema":{"@context":"https:\/\/schema.org","@graph":[{"@type":"WebPage","@id":"https:\/\/techmasterdemexico.com\/producto\/medidor-de-potencia-it9100\/","url":"https:\/\/techmasterdemexico.com\/producto\/medidor-de-potencia-it9100\/","name":"Medidor de potencia IT9100 - Techmaster de Mexico","isPartOf":{"@id":"https:\/\/techmasterdemexico.com\/#website"},"primaryImageOfPage":{"@id":"https:\/\/techmasterdemexico.com\/producto\/medidor-de-potencia-it9100\/#primaryimage"},"image":{"@id":"https:\/\/techmasterdemexico.com\/producto\/medidor-de-potencia-it9100\/#primaryimage"},"thumbnailUrl":"https:\/\/techmasterdemexico.com\/wp-content\/uploads\/IT9100.png","datePublished":"2025-07-30T23:54:42+00:00","breadcrumb":{"@id":"https:\/\/techmasterdemexico.com\/producto\/medidor-de-potencia-it9100\/#breadcrumb"},"inLanguage":"en-US","potentialAction":[{"@type":"ReadAction","target":["https:\/\/techmasterdemexico.com\/producto\/medidor-de-potencia-it9100\/"]}]},{"@type":"ImageObject","inLanguage":"en-US","@id":"https:\/\/techmasterdemexico.com\/producto\/medidor-de-potencia-it9100\/#primaryimage","url":"https:\/\/techmasterdemexico.com\/wp-content\/uploads\/IT9100.png","contentUrl":"https:\/\/techmasterdemexico.com\/wp-content\/uploads\/IT9100.png","width":1000,"height":1000},{"@type":"BreadcrumbList","@id":"https:\/\/techmasterdemexico.com\/producto\/medidor-de-potencia-it9100\/#breadcrumb","itemListElement":[{"@type":"ListItem","position":1,"name":"Portada","item":"https:\/\/techmasterdemexico.com\/"},{"@type":"ListItem","position":2,"name":"Medidor de potencia IT9100"}]},{"@type":"WebSite","@id":"https:\/\/techmasterdemexico.com\/#website","url":"https:\/\/techmasterdemexico.com\/","name":"Techmaster de Mexico","description":"","potentialAction":[{"@type":"SearchAction","target":{"@type":"EntryPoint","urlTemplate":"https:\/\/techmasterdemexico.com\/?s={search_term_string}"},"query-input":{"@type":"PropertyValueSpecification","valueRequired":true,"valueName":"search_term_string"}}],"inLanguage":"en-US"}]}},"brands":[{"id":670,"name":"ITECH","slug":"itech"}],"_links":{"self":[{"href":"https:\/\/techmasterdemexico.com\/en\/wp-json\/wp\/v2\/product\/23117","targetHints":{"allow":["GET"]}}],"collection":[{"href":"https:\/\/techmasterdemexico.com\/en\/wp-json\/wp\/v2\/product"}],"about":[{"href":"https:\/\/techmasterdemexico.com\/en\/wp-json\/wp\/v2\/types\/product"}],"wp:featuredmedia":[{"embeddable":true,"href":"https:\/\/techmasterdemexico.com\/en\/wp-json\/wp\/v2\/media\/23118"}],"wp:attachment":[{"href":"https:\/\/techmasterdemexico.com\/en\/wp-json\/wp\/v2\/media?parent=23117"}],"wp:term":[{"taxonomy":"pwb-brand","embeddable":true,"href":"https:\/\/techmasterdemexico.com\/en\/wp-json\/wp\/v2\/pwb-brand?post=23117"},{"taxonomy":"product_brand","embeddable":true,"href":"https:\/\/techmasterdemexico.com\/en\/wp-json\/wp\/v2\/product_brand?post=23117"},{"taxonomy":"product_cat","embeddable":true,"href":"https:\/\/techmasterdemexico.com\/en\/wp-json\/wp\/v2\/product_cat?post=23117"},{"taxonomy":"product_tag","embeddable":true,"href":"https:\/\/techmasterdemexico.com\/en\/wp-json\/wp\/v2\/product_tag?post=23117"}],"curies":[{"name":"wp","href":"https:\/\/api.w.org\/{rel}","templated":true}]}}