{"id":23073,"date":"2025-07-30T15:52:48","date_gmt":"2025-07-30T22:52:48","guid":{"rendered":"https:\/\/techmasterdemexico.com\/?post_type=product&#038;p=23073"},"modified":"2025-07-30T16:49:30","modified_gmt":"2025-07-30T23:49:30","slug":"medidor-de-fuerza-digital-con-salida-usb-fgv-0-5xy","status":"publish","type":"product","link":"https:\/\/techmasterdemexico.com\/en\/producto\/medidor-de-fuerza-digital-con-salida-usb-fgv-0-5xy\/","title":{"rendered":"Medidor de fuerza digital con salida USB FGV-0.5XY"},"content":{"rendered":"<p>La nueva serie FGV-XY de medidores de fuerza ofrece un valor l\u00edder en la industria con una amplia gama de caracter\u00edsticas, incluyendo salida USB, pantalla reversible y una carcasa met\u00e1lica resistente. Cada medidor se suministra como un kit completo con varios adaptadores atornillables, lo que lo convierte en un instrumento completo para pruebas de fuerza, apto para una amplia variedad de industrias. Todos los modelos incluyen memoria integrada para 1000 valores, que se pueden descargar f\u00e1cilmente a trav\u00e9s de la salida de datos USB a un PC utilizando el software.<\/p>\n<p>Compatible con Windows 7. Los valores de fuerza se pueden transferir en tiempo real de forma continua o descargar por lotes una vez finalizada la prueba. Adem\u00e1s, tambi\u00e9n se suministran salidas RS-232C y anal\u00f3gicas, lo que proporciona al FGV-XY la m\u00e1xima flexibilidad para la transferencia y el registro de datos. Adem\u00e1s, las estad\u00edsticas de medici\u00f3n se calculan y almacenan autom\u00e1ticamente y se pueden recuperar en la pantalla para su visualizaci\u00f3n o se pueden descargar. Las estad\u00edsticas incluyen el m\u00e1ximo, el m\u00ednimo, la media y la desviaci\u00f3n est\u00e1ndar.<\/p>\n<p>El FGV-XY es adecuado para su uso en numerosas industrias y aplicaciones, incluyendo la inspecci\u00f3n de calidad de entrada, las pruebas de productos terminados, la I+D, as\u00ed como en pruebas de tracci\u00f3n de cables, engarzado de cables, tracci\u00f3n del gatillo, pedal de freno, aeroespacial, cer\u00e1mica, resortes, madurez de alimentos, resistencia del papel corrugado, envases bl\u00edster, componentes m\u00e9dicos, fuerza muscular, pruebas ergon\u00f3micas, adhesivos, \u00e9mbolo de jeringa, agudeza de agujas y muchos m\u00e1s.<\/p>\n<p>La salida USB no es compatible con Windows 10, requiere un cable RS232 (FGV-RS232). Solicite m\u00e1s informaci\u00f3n.<\/p>\n<p>NSN 6635-01-596-9415 (FGV-100XY)<\/p>\n","protected":false},"excerpt":{"rendered":"<h3>Caracter\u00edsticas<\/h3>\n<p>Frecuencia de muestreo de 1000 Hz<br \/>\ncaptura los valores pico reales, incluso aquellos que se producen en intervalos de tiempo muy cortos<br \/>\nApagado autom\u00e1tico seleccionable<br \/>\nprolonga la vida \u00fatil de la bater\u00eda, al tiempo que permite un uso constante cuando se alimenta a trav\u00e9s del adaptador de CA suministrado<br \/>\nPrecisi\u00f3n de \u00b10,2 %<br \/>\nproporciona una repetibilidad excelente<br \/>\nTama\u00f1o reducido<br \/>\nEl dise\u00f1o ergon\u00f3mico proporciona comodidad para las pruebas manuales<br \/>\nSalidas USB, RS-232 y anal\u00f3gicas: \u00a1todas incluidas!<br \/>\nTres salidas diferentes para la transferencia de datos proporcionan la m\u00e1xima flexibilidad.<br \/>\nC\u00e1lculo autom\u00e1tico y visualizaci\u00f3n de estad\u00edsticas<br \/>\nProporciona resultados inmediatos y an\u00e1lisis de sus pruebas de fuerza.<br \/>\nNueve capacidades independientes de 0,5 lb a 200 lb<br \/>\nSeleccione el mejor rango sin perder precisi\u00f3n.<br \/>\n3 modos de memoria<br \/>\nOptimiza el almacenamiento de datos para cualquier aplicaci\u00f3n. Transfiere los datos al PC\/port\u00e1til cuando te resulte m\u00e1s conveniente.<br \/>\nCapacidad de sobrecarga del 200 %<br \/>\nMinimiza la probabilidad de costosas reparaciones.<br \/>\nL\u00edmites de alarma Hi-Lo integrados y configurables por el usuario<br \/>\nRealiza pruebas r\u00e1pidas y sencillas de \u00abapto\/no apto\u00bb con un indicador LCD visual cuando se supera la tolerancia.<br \/>\nCarcasa de aluminio fundido a presi\u00f3n y construcci\u00f3n robusta<br \/>\nproporciona una durabilidad excepcional incluso en las aplicaciones de campo m\u00e1s exigentes.<br \/>\nPantalla reversible<br \/>\noptimizada para su uso como medidor port\u00e1til o montada boca abajo en un banco de pruebas.<br \/>\nIncluye certificado de calibraci\u00f3n trazable.<br \/>\nSe proporciona software gratuito de registro de datos\/gr\u00e1ficos, con una frecuencia de muestreo de hasta 100 lecturas\/segundo*. Requiere un cable RS232 para su uso con Windows 10. Solicite m\u00e1s informaci\u00f3n.<br \/>\n2 a\u00f1os de garant\u00eda.<\/p>\n<p>&nbsp;<\/p>\n<h3>Especificaciones<\/h3>\n<p>Capacidad: 0.5 lb | 2 N | 200 g | 8 oz<br \/>\nResoluci\u00f3n: 0.001 lb | 0.001 N | 0.1 g | 0.01 oz<\/p>\n<p>**Frecuencia de actualizaci\u00f3n de pantalla:**<br \/>\nSeleccionable por el usuario: 1, 2, 3, 5, 10, 20 veces por segundo<\/p>\n<p>**Frecuencia de muestreo:**<br \/>\n1000 veces por segundo (1000 Hz \/ 1 kHz)<\/p>\n<p>**Modos de medici\u00f3n:**<br \/>\nTiempo real, Pico en compresi\u00f3n, Pico en tensi\u00f3n<\/p>\n<p>**Precisi\u00f3n:**<br \/>\n\u00b1 0.2% de escala completa (F.S.)<\/p>\n<p>**Deriva por temperatura:**<br \/>\nGanancia: \u00b1 0.01% CARGA \/ Cero: \u00b1 0.01% \/ R.C. \/ La deriva del punto cero puede ser cancelada con la funci\u00f3n de seguimiento.<\/p>\n<p>**Pantalla:**<\/p>\n<p>* Pantalla principal: 4 d\u00edgitos, 12 mm de altura, reversible<br \/>\n* Pantalla de unidades: 3 d\u00edgitos, 7 mm de altura<br \/>\n* Otras indicaciones: \u201cLO BAT\u201d (bater\u00eda baja), \u201cBAT\u201d (bater\u00eda cargando), \u201cOVR\u201d (sobrecarga), \u201cPeak\u201d (retenci\u00f3n de pico)<\/p>\n<p>**Sobrecarga m\u00e1xima:**<br \/>\n200% de la escala completa<br \/>\n*En modelo FGV-200XY: 150% F.S.*<\/p>\n","protected":false},"featured_media":23074,"template":"","meta":{"_acf_changed":false},"pwb-brand":[678],"product_brand":[],"product_cat":[366,681,679],"product_tag":[],"class_list":{"0":"post-23073","1":"product","2":"type-product","3":"status-publish","4":"has-post-thumbnail","6":"pwb-brand-shimpo","7":"product_cat-todos-los-productos","8":"product_cat-medidor-de-fuerza-digital-con-salida-usb","9":"product_cat-shimpo","11":"first","12":"instock","13":"taxable","14":"shipping-taxable","15":"product-type-simple"},"acf":[],"yoast_head":"<!-- This site is optimized with the Yoast SEO plugin v27.4 - https:\/\/yoast.com\/product\/yoast-seo-wordpress\/ -->\n<title>Medidor de fuerza digital con salida USB FGV-0.5XY - Techmaster de Mexico<\/title>\n<meta name=\"robots\" content=\"index, follow, max-snippet:-1, max-image-preview:large, max-video-preview:-1\" \/>\n<link rel=\"canonical\" href=\"https:\/\/techmasterdemexico.com\/producto\/medidor-de-fuerza-digital-con-salida-usb-fgv-0-5xy\/\" \/>\n<meta property=\"og:locale\" content=\"en_US\" \/>\n<meta property=\"og:type\" content=\"article\" \/>\n<meta property=\"og:title\" content=\"Medidor de fuerza digital con salida USB FGV-0.5XY - Techmaster de Mexico\" \/>\n<meta property=\"og:description\" content=\"Caracter\u00edsticas Frecuencia de muestreo de 1000 Hz captura los valores pico reales, incluso aquellos que se producen en intervalos de tiempo muy cortos Apagado autom\u00e1tico seleccionable prolonga la vida \u00fatil de la bater\u00eda, al tiempo que permite un uso constante cuando se alimenta a trav\u00e9s del adaptador de CA suministrado Precisi\u00f3n de \u00b10,2 % proporciona una repetibilidad excelente Tama\u00f1o reducido El dise\u00f1o ergon\u00f3mico proporciona comodidad para las pruebas manuales Salidas USB, RS-232 y anal\u00f3gicas: \u00a1todas incluidas! Tres salidas diferentes para la transferencia de datos proporcionan la m\u00e1xima flexibilidad. C\u00e1lculo autom\u00e1tico y visualizaci\u00f3n de estad\u00edsticas Proporciona resultados inmediatos y an\u00e1lisis de sus pruebas de fuerza. Nueve capacidades independientes de 0,5 lb a 200 lb Seleccione el mejor rango sin perder precisi\u00f3n. 3 modos de memoria Optimiza el almacenamiento de datos para cualquier aplicaci\u00f3n. Transfiere los datos al PC\/port\u00e1til cuando te resulte m\u00e1s conveniente. Capacidad de sobrecarga del 200 % Minimiza la probabilidad de costosas reparaciones. L\u00edmites de alarma Hi-Lo integrados y configurables por el usuario Realiza pruebas r\u00e1pidas y sencillas de \u00abapto\/no apto\u00bb con un indicador LCD visual cuando se supera la tolerancia. Carcasa de aluminio fundido a presi\u00f3n y construcci\u00f3n robusta proporciona una durabilidad excepcional incluso en las aplicaciones de campo m\u00e1s exigentes. Pantalla reversible optimizada para su uso como medidor port\u00e1til o montada boca abajo en un banco de pruebas. Incluye certificado de calibraci\u00f3n trazable. Se proporciona software gratuito de registro de datos\/gr\u00e1ficos, con una frecuencia de muestreo de hasta 100 lecturas\/segundo*. Requiere un cable RS232 para su uso con Windows 10. Solicite m\u00e1s informaci\u00f3n. 2 a\u00f1os de garant\u00eda.  &nbsp; Especificaciones Capacidad: 0.5 lb | 2 N | 200 g | 8 oz Resoluci\u00f3n: 0.001 lb | 0.001 N | 0.1 g | 0.01 oz  **Frecuencia de actualizaci\u00f3n de pantalla:** Seleccionable por el usuario: 1, 2, 3, 5, 10, 20 veces por segundo  **Frecuencia de muestreo:** 1000 veces por segundo (1000 Hz \/ 1 kHz)  **Modos de medici\u00f3n:** Tiempo real, Pico en compresi\u00f3n, Pico en tensi\u00f3n  **Precisi\u00f3n:** \u00b1 0.2% de escala completa (F.S.)  **Deriva por temperatura:** Ganancia: \u00b1 0.01% CARGA \/ Cero: \u00b1 0.01% \/ R.C. \/ La deriva del punto cero puede ser cancelada con la funci\u00f3n de seguimiento.  **Pantalla:**  * Pantalla principal: 4 d\u00edgitos, 12 mm de altura, reversible * Pantalla de unidades: 3 d\u00edgitos, 7 mm de altura * Otras indicaciones: \u201cLO BAT\u201d (bater\u00eda baja), \u201cBAT\u201d (bater\u00eda cargando), \u201cOVR\u201d (sobrecarga), \u201cPeak\u201d (retenci\u00f3n de pico)  **Sobrecarga m\u00e1xima:** 200% de la escala completa *En modelo FGV-200XY: 150% F.S.*\" \/>\n<meta property=\"og:url\" content=\"https:\/\/techmasterdemexico.com\/producto\/medidor-de-fuerza-digital-con-salida-usb-fgv-0-5xy\/\" \/>\n<meta property=\"og:site_name\" content=\"Techmaster de Mexico\" \/>\n<meta property=\"article:modified_time\" content=\"2025-07-30T23:49:30+00:00\" \/>\n<meta property=\"og:image\" content=\"https:\/\/techmasterdemexico.com\/wp-content\/uploads\/FGV-0.5XY.png\" \/>\n\t<meta property=\"og:image:width\" content=\"1000\" \/>\n\t<meta property=\"og:image:height\" content=\"1000\" \/>\n\t<meta property=\"og:image:type\" content=\"image\/png\" \/>\n<meta name=\"twitter:card\" content=\"summary_large_image\" \/>\n<meta name=\"twitter:label1\" content=\"Est. reading time\" \/>\n\t<meta name=\"twitter:data1\" content=\"2 minutes\" \/>\n<script type=\"application\/ld+json\" class=\"yoast-schema-graph\">{\"@context\":\"https:\\\/\\\/schema.org\",\"@graph\":[{\"@type\":\"WebPage\",\"@id\":\"https:\\\/\\\/techmasterdemexico.com\\\/producto\\\/medidor-de-fuerza-digital-con-salida-usb-fgv-0-5xy\\\/\",\"url\":\"https:\\\/\\\/techmasterdemexico.com\\\/producto\\\/medidor-de-fuerza-digital-con-salida-usb-fgv-0-5xy\\\/\",\"name\":\"Medidor de fuerza digital con salida USB FGV-0.5XY - Techmaster de Mexico\",\"isPartOf\":{\"@id\":\"https:\\\/\\\/techmasterdemexico.com\\\/#website\"},\"primaryImageOfPage\":{\"@id\":\"https:\\\/\\\/techmasterdemexico.com\\\/producto\\\/medidor-de-fuerza-digital-con-salida-usb-fgv-0-5xy\\\/#primaryimage\"},\"image\":{\"@id\":\"https:\\\/\\\/techmasterdemexico.com\\\/producto\\\/medidor-de-fuerza-digital-con-salida-usb-fgv-0-5xy\\\/#primaryimage\"},\"thumbnailUrl\":\"https:\\\/\\\/techmasterdemexico.com\\\/wp-content\\\/uploads\\\/FGV-0.5XY.png\",\"datePublished\":\"2025-07-30T22:52:48+00:00\",\"dateModified\":\"2025-07-30T23:49:30+00:00\",\"breadcrumb\":{\"@id\":\"https:\\\/\\\/techmasterdemexico.com\\\/producto\\\/medidor-de-fuerza-digital-con-salida-usb-fgv-0-5xy\\\/#breadcrumb\"},\"inLanguage\":\"en-US\",\"potentialAction\":[{\"@type\":\"ReadAction\",\"target\":[\"https:\\\/\\\/techmasterdemexico.com\\\/producto\\\/medidor-de-fuerza-digital-con-salida-usb-fgv-0-5xy\\\/\"]}]},{\"@type\":\"ImageObject\",\"inLanguage\":\"en-US\",\"@id\":\"https:\\\/\\\/techmasterdemexico.com\\\/producto\\\/medidor-de-fuerza-digital-con-salida-usb-fgv-0-5xy\\\/#primaryimage\",\"url\":\"https:\\\/\\\/techmasterdemexico.com\\\/wp-content\\\/uploads\\\/FGV-0.5XY.png\",\"contentUrl\":\"https:\\\/\\\/techmasterdemexico.com\\\/wp-content\\\/uploads\\\/FGV-0.5XY.png\",\"width\":1000,\"height\":1000},{\"@type\":\"BreadcrumbList\",\"@id\":\"https:\\\/\\\/techmasterdemexico.com\\\/producto\\\/medidor-de-fuerza-digital-con-salida-usb-fgv-0-5xy\\\/#breadcrumb\",\"itemListElement\":[{\"@type\":\"ListItem\",\"position\":1,\"name\":\"Portada\",\"item\":\"https:\\\/\\\/techmasterdemexico.com\\\/\"},{\"@type\":\"ListItem\",\"position\":2,\"name\":\"Medidor de fuerza digital con salida USB FGV-0.5XY\"}]},{\"@type\":\"WebSite\",\"@id\":\"https:\\\/\\\/techmasterdemexico.com\\\/#website\",\"url\":\"https:\\\/\\\/techmasterdemexico.com\\\/\",\"name\":\"Techmaster de Mexico\",\"description\":\"\",\"potentialAction\":[{\"@type\":\"SearchAction\",\"target\":{\"@type\":\"EntryPoint\",\"urlTemplate\":\"https:\\\/\\\/techmasterdemexico.com\\\/?s={search_term_string}\"},\"query-input\":{\"@type\":\"PropertyValueSpecification\",\"valueRequired\":true,\"valueName\":\"search_term_string\"}}],\"inLanguage\":\"en-US\"}]}<\/script>\n<!-- \/ Yoast SEO plugin. -->","yoast_head_json":{"title":"Medidor de fuerza digital con salida USB FGV-0.5XY - Techmaster de Mexico","robots":{"index":"index","follow":"follow","max-snippet":"max-snippet:-1","max-image-preview":"max-image-preview:large","max-video-preview":"max-video-preview:-1"},"canonical":"https:\/\/techmasterdemexico.com\/producto\/medidor-de-fuerza-digital-con-salida-usb-fgv-0-5xy\/","og_locale":"en_US","og_type":"article","og_title":"Medidor de fuerza digital con salida USB FGV-0.5XY - Techmaster de Mexico","og_description":"Caracter\u00edsticas Frecuencia de muestreo de 1000 Hz captura los valores pico reales, incluso aquellos que se producen en intervalos de tiempo muy cortos Apagado autom\u00e1tico seleccionable prolonga la vida \u00fatil de la bater\u00eda, al tiempo que permite un uso constante cuando se alimenta a trav\u00e9s del adaptador de CA suministrado Precisi\u00f3n de \u00b10,2 % proporciona una repetibilidad excelente Tama\u00f1o reducido El dise\u00f1o ergon\u00f3mico proporciona comodidad para las pruebas manuales Salidas USB, RS-232 y anal\u00f3gicas: \u00a1todas incluidas! Tres salidas diferentes para la transferencia de datos proporcionan la m\u00e1xima flexibilidad. C\u00e1lculo autom\u00e1tico y visualizaci\u00f3n de estad\u00edsticas Proporciona resultados inmediatos y an\u00e1lisis de sus pruebas de fuerza. Nueve capacidades independientes de 0,5 lb a 200 lb Seleccione el mejor rango sin perder precisi\u00f3n. 3 modos de memoria Optimiza el almacenamiento de datos para cualquier aplicaci\u00f3n. Transfiere los datos al PC\/port\u00e1til cuando te resulte m\u00e1s conveniente. Capacidad de sobrecarga del 200 % Minimiza la probabilidad de costosas reparaciones. L\u00edmites de alarma Hi-Lo integrados y configurables por el usuario Realiza pruebas r\u00e1pidas y sencillas de \u00abapto\/no apto\u00bb con un indicador LCD visual cuando se supera la tolerancia. Carcasa de aluminio fundido a presi\u00f3n y construcci\u00f3n robusta proporciona una durabilidad excepcional incluso en las aplicaciones de campo m\u00e1s exigentes. Pantalla reversible optimizada para su uso como medidor port\u00e1til o montada boca abajo en un banco de pruebas. Incluye certificado de calibraci\u00f3n trazable. Se proporciona software gratuito de registro de datos\/gr\u00e1ficos, con una frecuencia de muestreo de hasta 100 lecturas\/segundo*. Requiere un cable RS232 para su uso con Windows 10. Solicite m\u00e1s informaci\u00f3n. 2 a\u00f1os de garant\u00eda.  &nbsp; Especificaciones Capacidad: 0.5 lb | 2 N | 200 g | 8 oz Resoluci\u00f3n: 0.001 lb | 0.001 N | 0.1 g | 0.01 oz  **Frecuencia de actualizaci\u00f3n de pantalla:** Seleccionable por el usuario: 1, 2, 3, 5, 10, 20 veces por segundo  **Frecuencia de muestreo:** 1000 veces por segundo (1000 Hz \/ 1 kHz)  **Modos de medici\u00f3n:** Tiempo real, Pico en compresi\u00f3n, Pico en tensi\u00f3n  **Precisi\u00f3n:** \u00b1 0.2% de escala completa (F.S.)  **Deriva por temperatura:** Ganancia: \u00b1 0.01% CARGA \/ Cero: \u00b1 0.01% \/ R.C. \/ La deriva del punto cero puede ser cancelada con la funci\u00f3n de seguimiento.  **Pantalla:**  * Pantalla principal: 4 d\u00edgitos, 12 mm de altura, reversible * Pantalla de unidades: 3 d\u00edgitos, 7 mm de altura * Otras indicaciones: \u201cLO BAT\u201d (bater\u00eda baja), \u201cBAT\u201d (bater\u00eda cargando), \u201cOVR\u201d (sobrecarga), \u201cPeak\u201d (retenci\u00f3n de pico)  **Sobrecarga m\u00e1xima:** 200% de la escala completa *En modelo FGV-200XY: 150% F.S.*","og_url":"https:\/\/techmasterdemexico.com\/producto\/medidor-de-fuerza-digital-con-salida-usb-fgv-0-5xy\/","og_site_name":"Techmaster de Mexico","article_modified_time":"2025-07-30T23:49:30+00:00","og_image":[{"width":1000,"height":1000,"url":"https:\/\/techmasterdemexico.com\/wp-content\/uploads\/FGV-0.5XY.png","type":"image\/png"}],"twitter_card":"summary_large_image","twitter_misc":{"Est. reading time":"2 minutes"},"schema":{"@context":"https:\/\/schema.org","@graph":[{"@type":"WebPage","@id":"https:\/\/techmasterdemexico.com\/producto\/medidor-de-fuerza-digital-con-salida-usb-fgv-0-5xy\/","url":"https:\/\/techmasterdemexico.com\/producto\/medidor-de-fuerza-digital-con-salida-usb-fgv-0-5xy\/","name":"Medidor de fuerza digital con salida USB FGV-0.5XY - Techmaster de Mexico","isPartOf":{"@id":"https:\/\/techmasterdemexico.com\/#website"},"primaryImageOfPage":{"@id":"https:\/\/techmasterdemexico.com\/producto\/medidor-de-fuerza-digital-con-salida-usb-fgv-0-5xy\/#primaryimage"},"image":{"@id":"https:\/\/techmasterdemexico.com\/producto\/medidor-de-fuerza-digital-con-salida-usb-fgv-0-5xy\/#primaryimage"},"thumbnailUrl":"https:\/\/techmasterdemexico.com\/wp-content\/uploads\/FGV-0.5XY.png","datePublished":"2025-07-30T22:52:48+00:00","dateModified":"2025-07-30T23:49:30+00:00","breadcrumb":{"@id":"https:\/\/techmasterdemexico.com\/producto\/medidor-de-fuerza-digital-con-salida-usb-fgv-0-5xy\/#breadcrumb"},"inLanguage":"en-US","potentialAction":[{"@type":"ReadAction","target":["https:\/\/techmasterdemexico.com\/producto\/medidor-de-fuerza-digital-con-salida-usb-fgv-0-5xy\/"]}]},{"@type":"ImageObject","inLanguage":"en-US","@id":"https:\/\/techmasterdemexico.com\/producto\/medidor-de-fuerza-digital-con-salida-usb-fgv-0-5xy\/#primaryimage","url":"https:\/\/techmasterdemexico.com\/wp-content\/uploads\/FGV-0.5XY.png","contentUrl":"https:\/\/techmasterdemexico.com\/wp-content\/uploads\/FGV-0.5XY.png","width":1000,"height":1000},{"@type":"BreadcrumbList","@id":"https:\/\/techmasterdemexico.com\/producto\/medidor-de-fuerza-digital-con-salida-usb-fgv-0-5xy\/#breadcrumb","itemListElement":[{"@type":"ListItem","position":1,"name":"Portada","item":"https:\/\/techmasterdemexico.com\/"},{"@type":"ListItem","position":2,"name":"Medidor de fuerza digital con salida USB FGV-0.5XY"}]},{"@type":"WebSite","@id":"https:\/\/techmasterdemexico.com\/#website","url":"https:\/\/techmasterdemexico.com\/","name":"Techmaster de Mexico","description":"","potentialAction":[{"@type":"SearchAction","target":{"@type":"EntryPoint","urlTemplate":"https:\/\/techmasterdemexico.com\/?s={search_term_string}"},"query-input":{"@type":"PropertyValueSpecification","valueRequired":true,"valueName":"search_term_string"}}],"inLanguage":"en-US"}]}},"brands":[{"id":678,"name":"Shimpo","slug":"shimpo"}],"_links":{"self":[{"href":"https:\/\/techmasterdemexico.com\/en\/wp-json\/wp\/v2\/product\/23073","targetHints":{"allow":["GET"]}}],"collection":[{"href":"https:\/\/techmasterdemexico.com\/en\/wp-json\/wp\/v2\/product"}],"about":[{"href":"https:\/\/techmasterdemexico.com\/en\/wp-json\/wp\/v2\/types\/product"}],"wp:featuredmedia":[{"embeddable":true,"href":"https:\/\/techmasterdemexico.com\/en\/wp-json\/wp\/v2\/media\/23074"}],"wp:attachment":[{"href":"https:\/\/techmasterdemexico.com\/en\/wp-json\/wp\/v2\/media?parent=23073"}],"wp:term":[{"taxonomy":"pwb-brand","embeddable":true,"href":"https:\/\/techmasterdemexico.com\/en\/wp-json\/wp\/v2\/pwb-brand?post=23073"},{"taxonomy":"product_brand","embeddable":true,"href":"https:\/\/techmasterdemexico.com\/en\/wp-json\/wp\/v2\/product_brand?post=23073"},{"taxonomy":"product_cat","embeddable":true,"href":"https:\/\/techmasterdemexico.com\/en\/wp-json\/wp\/v2\/product_cat?post=23073"},{"taxonomy":"product_tag","embeddable":true,"href":"https:\/\/techmasterdemexico.com\/en\/wp-json\/wp\/v2\/product_tag?post=23073"}],"curies":[{"name":"wp","href":"https:\/\/api.w.org\/{rel}","templated":true}]}}