{"id":23053,"date":"2025-07-30T15:27:35","date_gmt":"2025-07-30T22:27:35","guid":{"rendered":"https:\/\/techmasterdemexico.com\/?post_type=product&#038;p=23053"},"modified":"2025-07-30T15:42:26","modified_gmt":"2025-07-30T22:42:26","slug":"medidor-de-fuerza-digital-fge-20xy","status":"publish","type":"product","link":"https:\/\/techmasterdemexico.com\/en\/producto\/medidor-de-fuerza-digital-fge-20xy\/","title":{"rendered":"Medidor de fuerza digital FGE-20XY"},"content":{"rendered":"<p>Medidores de fuerza digitales con pantalla reversible de 180\u00b0 y teclado con doble etiquetado para aplicaciones de empuje y tracci\u00f3n. Los medidores de fuerza digitales de la serie FGE-XY combinan un dise\u00f1o resistente, ergon\u00f3mico y compacto con una precisi\u00f3n excepcional para proporcionar un instrumento de prueba de fuerza s\u00f3lido. Estos instrumentos se utilizan en una variedad de aplicaciones, tales como inspecci\u00f3n de calidad de entrada, pruebas de productos terminados, I+D o casi cualquier requisito de prueba port\u00e1til o con soporte de fuerza.<\/p>\n<p>Un simple ajuste con un bot\u00f3n cambia las unidades de medida, mientras que al pulsar el bot\u00f3n de pico se obtiene r\u00e1pidamente el valor m\u00e1s alto registrado durante la prueba. La pantalla reversible de 180\u00b0, combinada con la direcci\u00f3n de fuerza ajustable y el teclado con doble etiquetado, permiten que el FGE-XY destaque tanto en aplicaciones de compresi\u00f3n como de tensi\u00f3n en cualquier direcci\u00f3n. Hay modelos disponibles en rangos de 0,5 a 100 libras, lo que ofrece una amplia gama para diversos requisitos de prueba.<\/p>\n<p>Entre las aplicaciones t\u00edpicas se incluyen paneles de yeso, tracci\u00f3n de cables, engarces de cables, tracci\u00f3n del gatillo, pedal de freno, cer\u00e1mica aeroespacial, resortes, madurez de alimentos, resistencia del papel corrugado, envases bl\u00edster, componentes m\u00e9dicos, fuerza muscular, pruebas ergon\u00f3micas, adhesivos, \u00e9mbolo de jeringa, agudeza de agujas y muchas m\u00e1s.<\/p>\n","protected":false},"excerpt":{"rendered":"<p>Capacidad 20.00 lb | 10.00 Kg |100.0 N<br \/>\nResoluci\u00f3n 0.01 lb | 0.01 kg | 0.1 N<\/p>\n<p>Precisi\u00f3n \u00b10,2 % del fondo de escala<br \/>\nPantalla LCD de 4 d\u00edgitos, 12 mm de altura. Reversible con solo pulsar un bot\u00f3n. Signo menos para la tensi\u00f3n.<br \/>\nActualizaci\u00f3n de la pantalla 0,05, 0,1, 0,2, 0,3, 0,5, 1 s.<br \/>\nFrecuencia de muestreo 1000 veces por segundo.<br \/>\nProtecci\u00f3n contra sobrecargas 200 % del fondo de escala<br \/>\nAlimentaci\u00f3n Bater\u00eda recargable de Ni-MH o CA a trav\u00e9s de adaptador\/cargador<br \/>\nApagado autom\u00e1tico S\u00ed (no activo si se utiliza el adaptador\/cargador)<br \/>\nDuraci\u00f3n de la bater\u00eda 12 horas (cuando est\u00e1 completamente cargada)<br \/>\nTiempo de recarga Aproximadamente 18 horas cuando est\u00e1 completamente descargada<br \/>\nDimensiones 5,8\u00ab L x 3,0\u00bb W x 1,5&#8243; H (147 mm x 75 mm x 38 mm)<br \/>\nPeso 450 g; FGE-200XY aprox. 500 g<br \/>\nHomologaciones Certificado CE y ROHS<br \/>\nGarant\u00eda 1 a\u00f1o<br \/>\nN.\u00ba de referencia internacional FGJN<\/p>\n<p>Kit completo<br \/>\nIncluye medidor de fuerza, adaptador\/cargador universal de 100-240 V CA, 6 accesorios: gancho, cabeza plana, cabeza con muesca, colgador, cabeza c\u00f3nica y varilla de extensi\u00f3n en un estuche de transporte con espuma moldeada.<\/p>\n","protected":false},"featured_media":23054,"template":"","meta":{"_acf_changed":false},"pwb-brand":[678],"product_brand":[],"product_cat":[366,680,679],"product_tag":[],"class_list":{"0":"post-23053","1":"product","2":"type-product","3":"status-publish","4":"has-post-thumbnail","6":"pwb-brand-shimpo","7":"product_cat-todos-los-productos","8":"product_cat-medidor-de-fuerza-digital","9":"product_cat-shimpo","11":"first","12":"instock","13":"taxable","14":"shipping-taxable","15":"product-type-simple"},"acf":[],"yoast_head":"<!-- This site is optimized with the Yoast SEO plugin v27.4 - https:\/\/yoast.com\/product\/yoast-seo-wordpress\/ -->\n<title>Medidor de fuerza digital FGE-20XY - Techmaster de Mexico<\/title>\n<meta name=\"robots\" content=\"index, follow, max-snippet:-1, max-image-preview:large, max-video-preview:-1\" \/>\n<link rel=\"canonical\" href=\"https:\/\/techmasterdemexico.com\/producto\/medidor-de-fuerza-digital-fge-20xy\/\" \/>\n<meta property=\"og:locale\" content=\"en_US\" \/>\n<meta property=\"og:type\" content=\"article\" \/>\n<meta property=\"og:title\" content=\"Medidor de fuerza digital FGE-20XY - Techmaster de Mexico\" \/>\n<meta property=\"og:description\" content=\"Capacidad 20.00 lb | 10.00 Kg |100.0 N Resoluci\u00f3n 0.01 lb | 0.01 kg | 0.1 N  Precisi\u00f3n \u00b10,2 % del fondo de escala Pantalla LCD de 4 d\u00edgitos, 12 mm de altura. Reversible con solo pulsar un bot\u00f3n. Signo menos para la tensi\u00f3n. Actualizaci\u00f3n de la pantalla 0,05, 0,1, 0,2, 0,3, 0,5, 1 s. Frecuencia de muestreo 1000 veces por segundo. Protecci\u00f3n contra sobrecargas 200 % del fondo de escala Alimentaci\u00f3n Bater\u00eda recargable de Ni-MH o CA a trav\u00e9s de adaptador\/cargador Apagado autom\u00e1tico S\u00ed (no activo si se utiliza el adaptador\/cargador) Duraci\u00f3n de la bater\u00eda 12 horas (cuando est\u00e1 completamente cargada) Tiempo de recarga Aproximadamente 18 horas cuando est\u00e1 completamente descargada Dimensiones 5,8\u00ab L x 3,0\u00bb W x 1,5&quot; H (147 mm x 75 mm x 38 mm) Peso 450 g; FGE-200XY aprox. 500 g Homologaciones Certificado CE y ROHS Garant\u00eda 1 a\u00f1o N.\u00ba de referencia internacional FGJN  Kit completo Incluye medidor de fuerza, adaptador\/cargador universal de 100-240 V CA, 6 accesorios: gancho, cabeza plana, cabeza con muesca, colgador, cabeza c\u00f3nica y varilla de extensi\u00f3n en un estuche de transporte con espuma moldeada.\" \/>\n<meta property=\"og:url\" content=\"https:\/\/techmasterdemexico.com\/producto\/medidor-de-fuerza-digital-fge-20xy\/\" \/>\n<meta property=\"og:site_name\" content=\"Techmaster de Mexico\" \/>\n<meta property=\"article:modified_time\" content=\"2025-07-30T22:42:26+00:00\" \/>\n<meta property=\"og:image\" content=\"https:\/\/techmasterdemexico.com\/wp-content\/uploads\/FGE-20XY.png\" \/>\n\t<meta property=\"og:image:width\" content=\"1000\" \/>\n\t<meta property=\"og:image:height\" content=\"1000\" \/>\n\t<meta property=\"og:image:type\" content=\"image\/png\" \/>\n<meta name=\"twitter:card\" content=\"summary_large_image\" \/>\n<meta name=\"twitter:label1\" content=\"Est. reading time\" \/>\n\t<meta name=\"twitter:data1\" content=\"2 minutes\" \/>\n<script type=\"application\/ld+json\" class=\"yoast-schema-graph\">{\"@context\":\"https:\\\/\\\/schema.org\",\"@graph\":[{\"@type\":\"WebPage\",\"@id\":\"https:\\\/\\\/techmasterdemexico.com\\\/producto\\\/medidor-de-fuerza-digital-fge-20xy\\\/\",\"url\":\"https:\\\/\\\/techmasterdemexico.com\\\/producto\\\/medidor-de-fuerza-digital-fge-20xy\\\/\",\"name\":\"Medidor de fuerza digital FGE-20XY - Techmaster de Mexico\",\"isPartOf\":{\"@id\":\"https:\\\/\\\/techmasterdemexico.com\\\/#website\"},\"primaryImageOfPage\":{\"@id\":\"https:\\\/\\\/techmasterdemexico.com\\\/producto\\\/medidor-de-fuerza-digital-fge-20xy\\\/#primaryimage\"},\"image\":{\"@id\":\"https:\\\/\\\/techmasterdemexico.com\\\/producto\\\/medidor-de-fuerza-digital-fge-20xy\\\/#primaryimage\"},\"thumbnailUrl\":\"https:\\\/\\\/techmasterdemexico.com\\\/wp-content\\\/uploads\\\/FGE-20XY.png\",\"datePublished\":\"2025-07-30T22:27:35+00:00\",\"dateModified\":\"2025-07-30T22:42:26+00:00\",\"breadcrumb\":{\"@id\":\"https:\\\/\\\/techmasterdemexico.com\\\/producto\\\/medidor-de-fuerza-digital-fge-20xy\\\/#breadcrumb\"},\"inLanguage\":\"en-US\",\"potentialAction\":[{\"@type\":\"ReadAction\",\"target\":[\"https:\\\/\\\/techmasterdemexico.com\\\/producto\\\/medidor-de-fuerza-digital-fge-20xy\\\/\"]}]},{\"@type\":\"ImageObject\",\"inLanguage\":\"en-US\",\"@id\":\"https:\\\/\\\/techmasterdemexico.com\\\/producto\\\/medidor-de-fuerza-digital-fge-20xy\\\/#primaryimage\",\"url\":\"https:\\\/\\\/techmasterdemexico.com\\\/wp-content\\\/uploads\\\/FGE-20XY.png\",\"contentUrl\":\"https:\\\/\\\/techmasterdemexico.com\\\/wp-content\\\/uploads\\\/FGE-20XY.png\",\"width\":1000,\"height\":1000},{\"@type\":\"BreadcrumbList\",\"@id\":\"https:\\\/\\\/techmasterdemexico.com\\\/producto\\\/medidor-de-fuerza-digital-fge-20xy\\\/#breadcrumb\",\"itemListElement\":[{\"@type\":\"ListItem\",\"position\":1,\"name\":\"Portada\",\"item\":\"https:\\\/\\\/techmasterdemexico.com\\\/\"},{\"@type\":\"ListItem\",\"position\":2,\"name\":\"Medidor de fuerza digital FGE-20XY\"}]},{\"@type\":\"WebSite\",\"@id\":\"https:\\\/\\\/techmasterdemexico.com\\\/#website\",\"url\":\"https:\\\/\\\/techmasterdemexico.com\\\/\",\"name\":\"Techmaster de Mexico\",\"description\":\"\",\"potentialAction\":[{\"@type\":\"SearchAction\",\"target\":{\"@type\":\"EntryPoint\",\"urlTemplate\":\"https:\\\/\\\/techmasterdemexico.com\\\/?s={search_term_string}\"},\"query-input\":{\"@type\":\"PropertyValueSpecification\",\"valueRequired\":true,\"valueName\":\"search_term_string\"}}],\"inLanguage\":\"en-US\"}]}<\/script>\n<!-- \/ Yoast SEO plugin. -->","yoast_head_json":{"title":"Medidor de fuerza digital FGE-20XY - Techmaster de Mexico","robots":{"index":"index","follow":"follow","max-snippet":"max-snippet:-1","max-image-preview":"max-image-preview:large","max-video-preview":"max-video-preview:-1"},"canonical":"https:\/\/techmasterdemexico.com\/producto\/medidor-de-fuerza-digital-fge-20xy\/","og_locale":"en_US","og_type":"article","og_title":"Medidor de fuerza digital FGE-20XY - Techmaster de Mexico","og_description":"Capacidad 20.00 lb | 10.00 Kg |100.0 N Resoluci\u00f3n 0.01 lb | 0.01 kg | 0.1 N  Precisi\u00f3n \u00b10,2 % del fondo de escala Pantalla LCD de 4 d\u00edgitos, 12 mm de altura. Reversible con solo pulsar un bot\u00f3n. Signo menos para la tensi\u00f3n. Actualizaci\u00f3n de la pantalla 0,05, 0,1, 0,2, 0,3, 0,5, 1 s. Frecuencia de muestreo 1000 veces por segundo. Protecci\u00f3n contra sobrecargas 200 % del fondo de escala Alimentaci\u00f3n Bater\u00eda recargable de Ni-MH o CA a trav\u00e9s de adaptador\/cargador Apagado autom\u00e1tico S\u00ed (no activo si se utiliza el adaptador\/cargador) Duraci\u00f3n de la bater\u00eda 12 horas (cuando est\u00e1 completamente cargada) Tiempo de recarga Aproximadamente 18 horas cuando est\u00e1 completamente descargada Dimensiones 5,8\u00ab L x 3,0\u00bb W x 1,5\" H (147 mm x 75 mm x 38 mm) Peso 450 g; FGE-200XY aprox. 500 g Homologaciones Certificado CE y ROHS Garant\u00eda 1 a\u00f1o N.\u00ba de referencia internacional FGJN  Kit completo Incluye medidor de fuerza, adaptador\/cargador universal de 100-240 V CA, 6 accesorios: gancho, cabeza plana, cabeza con muesca, colgador, cabeza c\u00f3nica y varilla de extensi\u00f3n en un estuche de transporte con espuma moldeada.","og_url":"https:\/\/techmasterdemexico.com\/producto\/medidor-de-fuerza-digital-fge-20xy\/","og_site_name":"Techmaster de Mexico","article_modified_time":"2025-07-30T22:42:26+00:00","og_image":[{"width":1000,"height":1000,"url":"https:\/\/techmasterdemexico.com\/wp-content\/uploads\/FGE-20XY.png","type":"image\/png"}],"twitter_card":"summary_large_image","twitter_misc":{"Est. reading time":"2 minutes"},"schema":{"@context":"https:\/\/schema.org","@graph":[{"@type":"WebPage","@id":"https:\/\/techmasterdemexico.com\/producto\/medidor-de-fuerza-digital-fge-20xy\/","url":"https:\/\/techmasterdemexico.com\/producto\/medidor-de-fuerza-digital-fge-20xy\/","name":"Medidor de fuerza digital FGE-20XY - Techmaster de Mexico","isPartOf":{"@id":"https:\/\/techmasterdemexico.com\/#website"},"primaryImageOfPage":{"@id":"https:\/\/techmasterdemexico.com\/producto\/medidor-de-fuerza-digital-fge-20xy\/#primaryimage"},"image":{"@id":"https:\/\/techmasterdemexico.com\/producto\/medidor-de-fuerza-digital-fge-20xy\/#primaryimage"},"thumbnailUrl":"https:\/\/techmasterdemexico.com\/wp-content\/uploads\/FGE-20XY.png","datePublished":"2025-07-30T22:27:35+00:00","dateModified":"2025-07-30T22:42:26+00:00","breadcrumb":{"@id":"https:\/\/techmasterdemexico.com\/producto\/medidor-de-fuerza-digital-fge-20xy\/#breadcrumb"},"inLanguage":"en-US","potentialAction":[{"@type":"ReadAction","target":["https:\/\/techmasterdemexico.com\/producto\/medidor-de-fuerza-digital-fge-20xy\/"]}]},{"@type":"ImageObject","inLanguage":"en-US","@id":"https:\/\/techmasterdemexico.com\/producto\/medidor-de-fuerza-digital-fge-20xy\/#primaryimage","url":"https:\/\/techmasterdemexico.com\/wp-content\/uploads\/FGE-20XY.png","contentUrl":"https:\/\/techmasterdemexico.com\/wp-content\/uploads\/FGE-20XY.png","width":1000,"height":1000},{"@type":"BreadcrumbList","@id":"https:\/\/techmasterdemexico.com\/producto\/medidor-de-fuerza-digital-fge-20xy\/#breadcrumb","itemListElement":[{"@type":"ListItem","position":1,"name":"Portada","item":"https:\/\/techmasterdemexico.com\/"},{"@type":"ListItem","position":2,"name":"Medidor de fuerza digital FGE-20XY"}]},{"@type":"WebSite","@id":"https:\/\/techmasterdemexico.com\/#website","url":"https:\/\/techmasterdemexico.com\/","name":"Techmaster de Mexico","description":"","potentialAction":[{"@type":"SearchAction","target":{"@type":"EntryPoint","urlTemplate":"https:\/\/techmasterdemexico.com\/?s={search_term_string}"},"query-input":{"@type":"PropertyValueSpecification","valueRequired":true,"valueName":"search_term_string"}}],"inLanguage":"en-US"}]}},"brands":[{"id":678,"name":"Shimpo","slug":"shimpo"}],"_links":{"self":[{"href":"https:\/\/techmasterdemexico.com\/en\/wp-json\/wp\/v2\/product\/23053","targetHints":{"allow":["GET"]}}],"collection":[{"href":"https:\/\/techmasterdemexico.com\/en\/wp-json\/wp\/v2\/product"}],"about":[{"href":"https:\/\/techmasterdemexico.com\/en\/wp-json\/wp\/v2\/types\/product"}],"wp:featuredmedia":[{"embeddable":true,"href":"https:\/\/techmasterdemexico.com\/en\/wp-json\/wp\/v2\/media\/23054"}],"wp:attachment":[{"href":"https:\/\/techmasterdemexico.com\/en\/wp-json\/wp\/v2\/media?parent=23053"}],"wp:term":[{"taxonomy":"pwb-brand","embeddable":true,"href":"https:\/\/techmasterdemexico.com\/en\/wp-json\/wp\/v2\/pwb-brand?post=23053"},{"taxonomy":"product_brand","embeddable":true,"href":"https:\/\/techmasterdemexico.com\/en\/wp-json\/wp\/v2\/product_brand?post=23053"},{"taxonomy":"product_cat","embeddable":true,"href":"https:\/\/techmasterdemexico.com\/en\/wp-json\/wp\/v2\/product_cat?post=23053"},{"taxonomy":"product_tag","embeddable":true,"href":"https:\/\/techmasterdemexico.com\/en\/wp-json\/wp\/v2\/product_tag?post=23053"}],"curies":[{"name":"wp","href":"https:\/\/api.w.org\/{rel}","templated":true}]}}