{"id":23020,"date":"2025-07-30T14:58:23","date_gmt":"2025-07-30T21:58:23","guid":{"rendered":"https:\/\/techmasterdemexico.com\/?post_type=product&#038;p=23020"},"modified":"2025-07-30T14:58:23","modified_gmt":"2025-07-30T21:58:23","slug":"tacometro-shimpo-dt-205lr","status":"publish","type":"product","link":"https:\/\/techmasterdemexico.com\/en\/producto\/tacometro-shimpo-dt-205lr\/","title":{"rendered":"Tac\u00f3metro Shimpo DT-205LR"},"content":{"rendered":"<p>El Shimpo DT-205LR es un tac\u00f3metro sin contacto\/con pilas, controlado por microprocesador que utiliza un rayo l\u00e1ser para la detecci\u00f3n de movimiento. En el modo sin contacto, un rayo l\u00e1ser mide las RPM cuando se dirige hacia un eje (o cualquier otro mecanismo giratorio marcado con un peque\u00f1o trozo de cinta reflectante). El adaptador DT-ADP-200LR incluido permite la medici\u00f3n de contacto a trav\u00e9s de un accesorio de cono de punta de goma o el accesorio de rueda incluido<\/p>\n","protected":false},"excerpt":{"rendered":"<p>Tipo: Tac\u00f3metro digital combinado (l\u00e1ser + contacto) con pantalla LCD<br \/>\nRango de medici\u00f3n: 6 a 99,999 rpm<br \/>\nPrecisi\u00f3n:<\/p>\n<p>\u00b11 rpm (de 6 a 8,300 rpm)<\/p>\n<p>\u00b12 rpm (de 8,300 a 25,000 rpm)<\/p>\n<p>\u00b10.006% de la lectura \u00b11 d\u00edgito (m\u00e1ximo \u00b16 rpm, de 25,000 a 99,999 rpm)<\/p>\n<p>Distancia de medici\u00f3n (modo l\u00e1ser): De 1\u201d (25.4 mm) hasta 20 pies (6 m)<br \/>\nUnidades de medici\u00f3n: rpm, YPM, mPM, FPM, IPM, Longitud (yardas, metros, pies, pulgadas)<br \/>\nMemoria: Guarda hasta 13 lecturas (\u00faltima, m\u00e1x., m\u00edn. y 10 adicionales, retenci\u00f3n por 5 minutos)<br \/>\nTiempo de actualizaci\u00f3n: 1 segundo (t\u00edpico)<br \/>\nAlimentaci\u00f3n: 2 bater\u00edas AA de 1.5V (duraci\u00f3n aprox. 25 horas continuas)<br \/>\nPantalla: LCD de 5 d\u00edgitos, 0.4\u201d (10 mm) de altura<br \/>\nConstrucci\u00f3n: Carcasa de aluminio fundido (dise\u00f1o robusto para condiciones industriales)<br \/>\nPeso:<\/p>\n<p>Producto: 0.8 lb (365 g)<\/p>\n<p>Empaque: Aprox. 2 lb (0.91 kg)<br \/>\nDimensiones:<\/p>\n<p>6.6\u201d L x 2.4\u201d W x 1.8\u201d H (167.5 x 60 x 46 mm)<\/p>\n<p>Con adaptador de contacto: 8.25\u201d (209 mm) de largo<br \/>\nCertificaciones: CE + Certificado NIST incluido<br \/>\nGarant\u00eda: 1 a\u00f1o<\/p>\n","protected":false},"featured_media":23021,"template":"","meta":{"_acf_changed":false},"pwb-brand":[678],"product_brand":[],"product_cat":[366,679],"product_tag":[],"class_list":{"0":"post-23020","1":"product","2":"type-product","3":"status-publish","4":"has-post-thumbnail","6":"pwb-brand-shimpo","7":"product_cat-todos-los-productos","8":"product_cat-shimpo","10":"first","11":"instock","12":"taxable","13":"shipping-taxable","14":"product-type-simple"},"acf":[],"yoast_head":"<!-- This site is optimized with the Yoast SEO plugin v27.4 - https:\/\/yoast.com\/product\/yoast-seo-wordpress\/ -->\n<title>Tac\u00f3metro Shimpo DT-205LR - Techmaster de Mexico<\/title>\n<meta name=\"robots\" content=\"index, follow, max-snippet:-1, max-image-preview:large, max-video-preview:-1\" \/>\n<link rel=\"canonical\" href=\"https:\/\/techmasterdemexico.com\/producto\/tacometro-shimpo-dt-205lr\/\" \/>\n<meta property=\"og:locale\" content=\"en_US\" \/>\n<meta property=\"og:type\" content=\"article\" \/>\n<meta property=\"og:title\" content=\"Tac\u00f3metro Shimpo DT-205LR - Techmaster de Mexico\" \/>\n<meta property=\"og:description\" content=\"Tipo: Tac\u00f3metro digital combinado (l\u00e1ser + contacto) con pantalla LCD Rango de medici\u00f3n: 6 a 99,999 rpm Precisi\u00f3n:  \u00b11 rpm (de 6 a 8,300 rpm)  \u00b12 rpm (de 8,300 a 25,000 rpm)  \u00b10.006% de la lectura \u00b11 d\u00edgito (m\u00e1ximo \u00b16 rpm, de 25,000 a 99,999 rpm)  Distancia de medici\u00f3n (modo l\u00e1ser): De 1\u201d (25.4 mm) hasta 20 pies (6 m) Unidades de medici\u00f3n: rpm, YPM, mPM, FPM, IPM, Longitud (yardas, metros, pies, pulgadas) Memoria: Guarda hasta 13 lecturas (\u00faltima, m\u00e1x., m\u00edn. y 10 adicionales, retenci\u00f3n por 5 minutos) Tiempo de actualizaci\u00f3n: 1 segundo (t\u00edpico) Alimentaci\u00f3n: 2 bater\u00edas AA de 1.5V (duraci\u00f3n aprox. 25 horas continuas) Pantalla: LCD de 5 d\u00edgitos, 0.4\u201d (10 mm) de altura Construcci\u00f3n: Carcasa de aluminio fundido (dise\u00f1o robusto para condiciones industriales) Peso:  Producto: 0.8 lb (365 g)  Empaque: Aprox. 2 lb (0.91 kg) Dimensiones:  6.6\u201d L x 2.4\u201d W x 1.8\u201d H (167.5 x 60 x 46 mm)  Con adaptador de contacto: 8.25\u201d (209 mm) de largo Certificaciones: CE + Certificado NIST incluido Garant\u00eda: 1 a\u00f1o\" \/>\n<meta property=\"og:url\" content=\"https:\/\/techmasterdemexico.com\/producto\/tacometro-shimpo-dt-205lr\/\" \/>\n<meta property=\"og:site_name\" content=\"Techmaster de Mexico\" \/>\n<meta property=\"og:image\" content=\"https:\/\/techmasterdemexico.com\/wp-content\/uploads\/DT-205LR.png\" \/>\n\t<meta property=\"og:image:width\" content=\"1000\" \/>\n\t<meta property=\"og:image:height\" content=\"1000\" \/>\n\t<meta property=\"og:image:type\" content=\"image\/png\" \/>\n<meta name=\"twitter:card\" content=\"summary_large_image\" \/>\n<meta name=\"twitter:label1\" content=\"Est. reading time\" \/>\n\t<meta name=\"twitter:data1\" content=\"1 minute\" \/>\n<script type=\"application\/ld+json\" class=\"yoast-schema-graph\">{\"@context\":\"https:\\\/\\\/schema.org\",\"@graph\":[{\"@type\":\"WebPage\",\"@id\":\"https:\\\/\\\/techmasterdemexico.com\\\/producto\\\/tacometro-shimpo-dt-205lr\\\/\",\"url\":\"https:\\\/\\\/techmasterdemexico.com\\\/producto\\\/tacometro-shimpo-dt-205lr\\\/\",\"name\":\"Tac\u00f3metro Shimpo DT-205LR - Techmaster de Mexico\",\"isPartOf\":{\"@id\":\"https:\\\/\\\/techmasterdemexico.com\\\/#website\"},\"primaryImageOfPage\":{\"@id\":\"https:\\\/\\\/techmasterdemexico.com\\\/producto\\\/tacometro-shimpo-dt-205lr\\\/#primaryimage\"},\"image\":{\"@id\":\"https:\\\/\\\/techmasterdemexico.com\\\/producto\\\/tacometro-shimpo-dt-205lr\\\/#primaryimage\"},\"thumbnailUrl\":\"https:\\\/\\\/techmasterdemexico.com\\\/wp-content\\\/uploads\\\/DT-205LR.png\",\"datePublished\":\"2025-07-30T21:58:23+00:00\",\"breadcrumb\":{\"@id\":\"https:\\\/\\\/techmasterdemexico.com\\\/producto\\\/tacometro-shimpo-dt-205lr\\\/#breadcrumb\"},\"inLanguage\":\"en-US\",\"potentialAction\":[{\"@type\":\"ReadAction\",\"target\":[\"https:\\\/\\\/techmasterdemexico.com\\\/producto\\\/tacometro-shimpo-dt-205lr\\\/\"]}]},{\"@type\":\"ImageObject\",\"inLanguage\":\"en-US\",\"@id\":\"https:\\\/\\\/techmasterdemexico.com\\\/producto\\\/tacometro-shimpo-dt-205lr\\\/#primaryimage\",\"url\":\"https:\\\/\\\/techmasterdemexico.com\\\/wp-content\\\/uploads\\\/DT-205LR.png\",\"contentUrl\":\"https:\\\/\\\/techmasterdemexico.com\\\/wp-content\\\/uploads\\\/DT-205LR.png\",\"width\":1000,\"height\":1000},{\"@type\":\"BreadcrumbList\",\"@id\":\"https:\\\/\\\/techmasterdemexico.com\\\/producto\\\/tacometro-shimpo-dt-205lr\\\/#breadcrumb\",\"itemListElement\":[{\"@type\":\"ListItem\",\"position\":1,\"name\":\"Portada\",\"item\":\"https:\\\/\\\/techmasterdemexico.com\\\/\"},{\"@type\":\"ListItem\",\"position\":2,\"name\":\"Tac\u00f3metro Shimpo DT-205LR\"}]},{\"@type\":\"WebSite\",\"@id\":\"https:\\\/\\\/techmasterdemexico.com\\\/#website\",\"url\":\"https:\\\/\\\/techmasterdemexico.com\\\/\",\"name\":\"Techmaster de Mexico\",\"description\":\"\",\"potentialAction\":[{\"@type\":\"SearchAction\",\"target\":{\"@type\":\"EntryPoint\",\"urlTemplate\":\"https:\\\/\\\/techmasterdemexico.com\\\/?s={search_term_string}\"},\"query-input\":{\"@type\":\"PropertyValueSpecification\",\"valueRequired\":true,\"valueName\":\"search_term_string\"}}],\"inLanguage\":\"en-US\"}]}<\/script>\n<!-- \/ Yoast SEO plugin. -->","yoast_head_json":{"title":"Tac\u00f3metro Shimpo DT-205LR - Techmaster de Mexico","robots":{"index":"index","follow":"follow","max-snippet":"max-snippet:-1","max-image-preview":"max-image-preview:large","max-video-preview":"max-video-preview:-1"},"canonical":"https:\/\/techmasterdemexico.com\/producto\/tacometro-shimpo-dt-205lr\/","og_locale":"en_US","og_type":"article","og_title":"Tac\u00f3metro Shimpo DT-205LR - Techmaster de Mexico","og_description":"Tipo: Tac\u00f3metro digital combinado (l\u00e1ser + contacto) con pantalla LCD Rango de medici\u00f3n: 6 a 99,999 rpm Precisi\u00f3n:  \u00b11 rpm (de 6 a 8,300 rpm)  \u00b12 rpm (de 8,300 a 25,000 rpm)  \u00b10.006% de la lectura \u00b11 d\u00edgito (m\u00e1ximo \u00b16 rpm, de 25,000 a 99,999 rpm)  Distancia de medici\u00f3n (modo l\u00e1ser): De 1\u201d (25.4 mm) hasta 20 pies (6 m) Unidades de medici\u00f3n: rpm, YPM, mPM, FPM, IPM, Longitud (yardas, metros, pies, pulgadas) Memoria: Guarda hasta 13 lecturas (\u00faltima, m\u00e1x., m\u00edn. y 10 adicionales, retenci\u00f3n por 5 minutos) Tiempo de actualizaci\u00f3n: 1 segundo (t\u00edpico) Alimentaci\u00f3n: 2 bater\u00edas AA de 1.5V (duraci\u00f3n aprox. 25 horas continuas) Pantalla: LCD de 5 d\u00edgitos, 0.4\u201d (10 mm) de altura Construcci\u00f3n: Carcasa de aluminio fundido (dise\u00f1o robusto para condiciones industriales) Peso:  Producto: 0.8 lb (365 g)  Empaque: Aprox. 2 lb (0.91 kg) Dimensiones:  6.6\u201d L x 2.4\u201d W x 1.8\u201d H (167.5 x 60 x 46 mm)  Con adaptador de contacto: 8.25\u201d (209 mm) de largo Certificaciones: CE + Certificado NIST incluido Garant\u00eda: 1 a\u00f1o","og_url":"https:\/\/techmasterdemexico.com\/producto\/tacometro-shimpo-dt-205lr\/","og_site_name":"Techmaster de Mexico","og_image":[{"width":1000,"height":1000,"url":"https:\/\/techmasterdemexico.com\/wp-content\/uploads\/DT-205LR.png","type":"image\/png"}],"twitter_card":"summary_large_image","twitter_misc":{"Est. reading time":"1 minute"},"schema":{"@context":"https:\/\/schema.org","@graph":[{"@type":"WebPage","@id":"https:\/\/techmasterdemexico.com\/producto\/tacometro-shimpo-dt-205lr\/","url":"https:\/\/techmasterdemexico.com\/producto\/tacometro-shimpo-dt-205lr\/","name":"Tac\u00f3metro Shimpo DT-205LR - Techmaster de Mexico","isPartOf":{"@id":"https:\/\/techmasterdemexico.com\/#website"},"primaryImageOfPage":{"@id":"https:\/\/techmasterdemexico.com\/producto\/tacometro-shimpo-dt-205lr\/#primaryimage"},"image":{"@id":"https:\/\/techmasterdemexico.com\/producto\/tacometro-shimpo-dt-205lr\/#primaryimage"},"thumbnailUrl":"https:\/\/techmasterdemexico.com\/wp-content\/uploads\/DT-205LR.png","datePublished":"2025-07-30T21:58:23+00:00","breadcrumb":{"@id":"https:\/\/techmasterdemexico.com\/producto\/tacometro-shimpo-dt-205lr\/#breadcrumb"},"inLanguage":"en-US","potentialAction":[{"@type":"ReadAction","target":["https:\/\/techmasterdemexico.com\/producto\/tacometro-shimpo-dt-205lr\/"]}]},{"@type":"ImageObject","inLanguage":"en-US","@id":"https:\/\/techmasterdemexico.com\/producto\/tacometro-shimpo-dt-205lr\/#primaryimage","url":"https:\/\/techmasterdemexico.com\/wp-content\/uploads\/DT-205LR.png","contentUrl":"https:\/\/techmasterdemexico.com\/wp-content\/uploads\/DT-205LR.png","width":1000,"height":1000},{"@type":"BreadcrumbList","@id":"https:\/\/techmasterdemexico.com\/producto\/tacometro-shimpo-dt-205lr\/#breadcrumb","itemListElement":[{"@type":"ListItem","position":1,"name":"Portada","item":"https:\/\/techmasterdemexico.com\/"},{"@type":"ListItem","position":2,"name":"Tac\u00f3metro Shimpo DT-205LR"}]},{"@type":"WebSite","@id":"https:\/\/techmasterdemexico.com\/#website","url":"https:\/\/techmasterdemexico.com\/","name":"Techmaster de Mexico","description":"","potentialAction":[{"@type":"SearchAction","target":{"@type":"EntryPoint","urlTemplate":"https:\/\/techmasterdemexico.com\/?s={search_term_string}"},"query-input":{"@type":"PropertyValueSpecification","valueRequired":true,"valueName":"search_term_string"}}],"inLanguage":"en-US"}]}},"brands":[{"id":678,"name":"Shimpo","slug":"shimpo"}],"_links":{"self":[{"href":"https:\/\/techmasterdemexico.com\/en\/wp-json\/wp\/v2\/product\/23020","targetHints":{"allow":["GET"]}}],"collection":[{"href":"https:\/\/techmasterdemexico.com\/en\/wp-json\/wp\/v2\/product"}],"about":[{"href":"https:\/\/techmasterdemexico.com\/en\/wp-json\/wp\/v2\/types\/product"}],"wp:featuredmedia":[{"embeddable":true,"href":"https:\/\/techmasterdemexico.com\/en\/wp-json\/wp\/v2\/media\/23021"}],"wp:attachment":[{"href":"https:\/\/techmasterdemexico.com\/en\/wp-json\/wp\/v2\/media?parent=23020"}],"wp:term":[{"taxonomy":"pwb-brand","embeddable":true,"href":"https:\/\/techmasterdemexico.com\/en\/wp-json\/wp\/v2\/pwb-brand?post=23020"},{"taxonomy":"product_brand","embeddable":true,"href":"https:\/\/techmasterdemexico.com\/en\/wp-json\/wp\/v2\/product_brand?post=23020"},{"taxonomy":"product_cat","embeddable":true,"href":"https:\/\/techmasterdemexico.com\/en\/wp-json\/wp\/v2\/product_cat?post=23020"},{"taxonomy":"product_tag","embeddable":true,"href":"https:\/\/techmasterdemexico.com\/en\/wp-json\/wp\/v2\/product_tag?post=23020"}],"curies":[{"name":"wp","href":"https:\/\/api.w.org\/{rel}","templated":true}]}}