{"id":23015,"date":"2025-07-30T14:55:36","date_gmt":"2025-07-30T21:55:36","guid":{"rendered":"https:\/\/techmasterdemexico.com\/?post_type=product&#038;p=23015"},"modified":"2025-07-30T14:55:36","modified_gmt":"2025-07-30T21:55:36","slug":"shimpo-fgs-220vc-banco-de-pruebas-motorizado-vertical-220-lb-100-kg","status":"publish","type":"product","link":"https:\/\/techmasterdemexico.com\/en\/producto\/shimpo-fgs-220vc-banco-de-pruebas-motorizado-vertical-220-lb-100-kg\/","title":{"rendered":"SHIMPO FGS-220VC Banco de pruebas motorizado vertical, 220 lb (100 kg)"},"content":{"rendered":"<p>SHIMPO FGS-220VC Banco de pruebas motorizado vertical, 220 lb (100 kg)<br \/>\nProporciona resultados precisos y repetibles para pruebas de tensi\u00f3n, compresi\u00f3n, rotura y rendimiento c\u00edclico en diversas aplicaciones. Cuenta con un servo motor de precisi\u00f3n y un husillo de bolas para un control preciso del movimiento. Se puede manejar mediante el teclado o a trav\u00e9s de un PC con el software FGT-VC, que incluye recopilaci\u00f3n de datos, gr\u00e1ficos y an\u00e1lisis estad\u00edstico.<\/p>\n","protected":false},"excerpt":{"rendered":"<p>Especificaciones del SHIMPO FGS-220VC<br \/>\nCapacidad 220 lb (100 kg, 1000 N)<br \/>\nVelocidad de desplazamiento 0,40-15,75&#8243;\/min (10-400 mm\/min)<br \/>\nPrecisi\u00f3n de velocidad \u00b15 %<br \/>\nCarrera 15,75&#8243; (400 mm)<br \/>\nPantalla LCD de matriz de puntos de cuatro d\u00edgitos<br \/>\nModo de funcionamiento \u00danico (SING); Continuo (CONT); Programa (PROG); Manual (MANU); Jogging (JOG)<br \/>\nComunicaci\u00f3n USB<br \/>\nEntrada Sobrecarga del medidor de fuerza (el soporte se detendr\u00e1 inmediatamente si el medidor de fuerza detecta una sobrecarga).<br \/>\nTabla de medici\u00f3n 150 x 200 mm (5,91 x 7,87&#8243;)<br \/>\nL\u00edmites de temperatura 0 a 45 \u00b0C (32 a 113 \u00b0F)<br \/>\nDimensiones\/peso 300 x 885 x 500 mm\/63 kg<\/p>\n","protected":false},"featured_media":23016,"template":"","meta":{"_acf_changed":false},"pwb-brand":[678],"product_brand":[],"product_cat":[366,679],"product_tag":[],"class_list":{"0":"post-23015","1":"product","2":"type-product","3":"status-publish","4":"has-post-thumbnail","6":"pwb-brand-shimpo","7":"product_cat-todos-los-productos","8":"product_cat-shimpo","10":"first","11":"instock","12":"taxable","13":"shipping-taxable","14":"product-type-simple"},"acf":[],"yoast_head":"<!-- This site is optimized with the Yoast SEO plugin v27.4 - https:\/\/yoast.com\/product\/yoast-seo-wordpress\/ -->\n<title>SHIMPO FGS-220VC Banco de pruebas motorizado vertical, 220 lb (100 kg) - Techmaster de Mexico<\/title>\n<meta name=\"robots\" content=\"index, follow, max-snippet:-1, max-image-preview:large, max-video-preview:-1\" \/>\n<link rel=\"canonical\" href=\"https:\/\/techmasterdemexico.com\/producto\/shimpo-fgs-220vc-banco-de-pruebas-motorizado-vertical-220-lb-100-kg\/\" \/>\n<meta property=\"og:locale\" content=\"en_US\" \/>\n<meta property=\"og:type\" content=\"article\" \/>\n<meta property=\"og:title\" content=\"SHIMPO FGS-220VC Banco de pruebas motorizado vertical, 220 lb (100 kg) - Techmaster de Mexico\" \/>\n<meta property=\"og:description\" content=\"Especificaciones del SHIMPO FGS-220VC Capacidad 220 lb (100 kg, 1000 N) Velocidad de desplazamiento 0,40-15,75&quot;\/min (10-400 mm\/min) Precisi\u00f3n de velocidad \u00b15 % Carrera 15,75&quot; (400 mm) Pantalla LCD de matriz de puntos de cuatro d\u00edgitos Modo de funcionamiento \u00danico (SING); Continuo (CONT); Programa (PROG); Manual (MANU); Jogging (JOG) Comunicaci\u00f3n USB Entrada Sobrecarga del medidor de fuerza (el soporte se detendr\u00e1 inmediatamente si el medidor de fuerza detecta una sobrecarga). Tabla de medici\u00f3n 150 x 200 mm (5,91 x 7,87&quot;) L\u00edmites de temperatura 0 a 45 \u00b0C (32 a 113 \u00b0F) Dimensiones\/peso 300 x 885 x 500 mm\/63 kg\" \/>\n<meta property=\"og:url\" content=\"https:\/\/techmasterdemexico.com\/producto\/shimpo-fgs-220vc-banco-de-pruebas-motorizado-vertical-220-lb-100-kg\/\" \/>\n<meta property=\"og:site_name\" content=\"Techmaster de Mexico\" \/>\n<meta property=\"og:image\" content=\"https:\/\/techmasterdemexico.com\/wp-content\/uploads\/FGS-220VC.png\" \/>\n\t<meta property=\"og:image:width\" content=\"1000\" \/>\n\t<meta property=\"og:image:height\" content=\"1000\" \/>\n\t<meta property=\"og:image:type\" content=\"image\/png\" \/>\n<meta name=\"twitter:card\" content=\"summary_large_image\" \/>\n<meta name=\"twitter:label1\" content=\"Est. reading time\" \/>\n\t<meta name=\"twitter:data1\" content=\"1 minute\" \/>\n<script type=\"application\/ld+json\" class=\"yoast-schema-graph\">{\"@context\":\"https:\\\/\\\/schema.org\",\"@graph\":[{\"@type\":\"WebPage\",\"@id\":\"https:\\\/\\\/techmasterdemexico.com\\\/producto\\\/shimpo-fgs-220vc-banco-de-pruebas-motorizado-vertical-220-lb-100-kg\\\/\",\"url\":\"https:\\\/\\\/techmasterdemexico.com\\\/producto\\\/shimpo-fgs-220vc-banco-de-pruebas-motorizado-vertical-220-lb-100-kg\\\/\",\"name\":\"SHIMPO FGS-220VC Banco de pruebas motorizado vertical, 220 lb (100 kg) - Techmaster de Mexico\",\"isPartOf\":{\"@id\":\"https:\\\/\\\/techmasterdemexico.com\\\/#website\"},\"primaryImageOfPage\":{\"@id\":\"https:\\\/\\\/techmasterdemexico.com\\\/producto\\\/shimpo-fgs-220vc-banco-de-pruebas-motorizado-vertical-220-lb-100-kg\\\/#primaryimage\"},\"image\":{\"@id\":\"https:\\\/\\\/techmasterdemexico.com\\\/producto\\\/shimpo-fgs-220vc-banco-de-pruebas-motorizado-vertical-220-lb-100-kg\\\/#primaryimage\"},\"thumbnailUrl\":\"https:\\\/\\\/techmasterdemexico.com\\\/wp-content\\\/uploads\\\/FGS-220VC.png\",\"datePublished\":\"2025-07-30T21:55:36+00:00\",\"breadcrumb\":{\"@id\":\"https:\\\/\\\/techmasterdemexico.com\\\/producto\\\/shimpo-fgs-220vc-banco-de-pruebas-motorizado-vertical-220-lb-100-kg\\\/#breadcrumb\"},\"inLanguage\":\"en-US\",\"potentialAction\":[{\"@type\":\"ReadAction\",\"target\":[\"https:\\\/\\\/techmasterdemexico.com\\\/producto\\\/shimpo-fgs-220vc-banco-de-pruebas-motorizado-vertical-220-lb-100-kg\\\/\"]}]},{\"@type\":\"ImageObject\",\"inLanguage\":\"en-US\",\"@id\":\"https:\\\/\\\/techmasterdemexico.com\\\/producto\\\/shimpo-fgs-220vc-banco-de-pruebas-motorizado-vertical-220-lb-100-kg\\\/#primaryimage\",\"url\":\"https:\\\/\\\/techmasterdemexico.com\\\/wp-content\\\/uploads\\\/FGS-220VC.png\",\"contentUrl\":\"https:\\\/\\\/techmasterdemexico.com\\\/wp-content\\\/uploads\\\/FGS-220VC.png\",\"width\":1000,\"height\":1000},{\"@type\":\"BreadcrumbList\",\"@id\":\"https:\\\/\\\/techmasterdemexico.com\\\/producto\\\/shimpo-fgs-220vc-banco-de-pruebas-motorizado-vertical-220-lb-100-kg\\\/#breadcrumb\",\"itemListElement\":[{\"@type\":\"ListItem\",\"position\":1,\"name\":\"Portada\",\"item\":\"https:\\\/\\\/techmasterdemexico.com\\\/\"},{\"@type\":\"ListItem\",\"position\":2,\"name\":\"SHIMPO FGS-220VC Banco de pruebas motorizado vertical, 220 lb (100 kg)\"}]},{\"@type\":\"WebSite\",\"@id\":\"https:\\\/\\\/techmasterdemexico.com\\\/#website\",\"url\":\"https:\\\/\\\/techmasterdemexico.com\\\/\",\"name\":\"Techmaster de Mexico\",\"description\":\"\",\"potentialAction\":[{\"@type\":\"SearchAction\",\"target\":{\"@type\":\"EntryPoint\",\"urlTemplate\":\"https:\\\/\\\/techmasterdemexico.com\\\/?s={search_term_string}\"},\"query-input\":{\"@type\":\"PropertyValueSpecification\",\"valueRequired\":true,\"valueName\":\"search_term_string\"}}],\"inLanguage\":\"en-US\"}]}<\/script>\n<!-- \/ Yoast SEO plugin. -->","yoast_head_json":{"title":"SHIMPO FGS-220VC Banco de pruebas motorizado vertical, 220 lb (100 kg) - Techmaster de Mexico","robots":{"index":"index","follow":"follow","max-snippet":"max-snippet:-1","max-image-preview":"max-image-preview:large","max-video-preview":"max-video-preview:-1"},"canonical":"https:\/\/techmasterdemexico.com\/producto\/shimpo-fgs-220vc-banco-de-pruebas-motorizado-vertical-220-lb-100-kg\/","og_locale":"en_US","og_type":"article","og_title":"SHIMPO FGS-220VC Banco de pruebas motorizado vertical, 220 lb (100 kg) - Techmaster de Mexico","og_description":"Especificaciones del SHIMPO FGS-220VC Capacidad 220 lb (100 kg, 1000 N) Velocidad de desplazamiento 0,40-15,75\"\/min (10-400 mm\/min) Precisi\u00f3n de velocidad \u00b15 % Carrera 15,75\" (400 mm) Pantalla LCD de matriz de puntos de cuatro d\u00edgitos Modo de funcionamiento \u00danico (SING); Continuo (CONT); Programa (PROG); Manual (MANU); Jogging (JOG) Comunicaci\u00f3n USB Entrada Sobrecarga del medidor de fuerza (el soporte se detendr\u00e1 inmediatamente si el medidor de fuerza detecta una sobrecarga). Tabla de medici\u00f3n 150 x 200 mm (5,91 x 7,87\") L\u00edmites de temperatura 0 a 45 \u00b0C (32 a 113 \u00b0F) Dimensiones\/peso 300 x 885 x 500 mm\/63 kg","og_url":"https:\/\/techmasterdemexico.com\/producto\/shimpo-fgs-220vc-banco-de-pruebas-motorizado-vertical-220-lb-100-kg\/","og_site_name":"Techmaster de Mexico","og_image":[{"width":1000,"height":1000,"url":"https:\/\/techmasterdemexico.com\/wp-content\/uploads\/FGS-220VC.png","type":"image\/png"}],"twitter_card":"summary_large_image","twitter_misc":{"Est. reading time":"1 minute"},"schema":{"@context":"https:\/\/schema.org","@graph":[{"@type":"WebPage","@id":"https:\/\/techmasterdemexico.com\/producto\/shimpo-fgs-220vc-banco-de-pruebas-motorizado-vertical-220-lb-100-kg\/","url":"https:\/\/techmasterdemexico.com\/producto\/shimpo-fgs-220vc-banco-de-pruebas-motorizado-vertical-220-lb-100-kg\/","name":"SHIMPO FGS-220VC Banco de pruebas motorizado vertical, 220 lb (100 kg) - Techmaster de Mexico","isPartOf":{"@id":"https:\/\/techmasterdemexico.com\/#website"},"primaryImageOfPage":{"@id":"https:\/\/techmasterdemexico.com\/producto\/shimpo-fgs-220vc-banco-de-pruebas-motorizado-vertical-220-lb-100-kg\/#primaryimage"},"image":{"@id":"https:\/\/techmasterdemexico.com\/producto\/shimpo-fgs-220vc-banco-de-pruebas-motorizado-vertical-220-lb-100-kg\/#primaryimage"},"thumbnailUrl":"https:\/\/techmasterdemexico.com\/wp-content\/uploads\/FGS-220VC.png","datePublished":"2025-07-30T21:55:36+00:00","breadcrumb":{"@id":"https:\/\/techmasterdemexico.com\/producto\/shimpo-fgs-220vc-banco-de-pruebas-motorizado-vertical-220-lb-100-kg\/#breadcrumb"},"inLanguage":"en-US","potentialAction":[{"@type":"ReadAction","target":["https:\/\/techmasterdemexico.com\/producto\/shimpo-fgs-220vc-banco-de-pruebas-motorizado-vertical-220-lb-100-kg\/"]}]},{"@type":"ImageObject","inLanguage":"en-US","@id":"https:\/\/techmasterdemexico.com\/producto\/shimpo-fgs-220vc-banco-de-pruebas-motorizado-vertical-220-lb-100-kg\/#primaryimage","url":"https:\/\/techmasterdemexico.com\/wp-content\/uploads\/FGS-220VC.png","contentUrl":"https:\/\/techmasterdemexico.com\/wp-content\/uploads\/FGS-220VC.png","width":1000,"height":1000},{"@type":"BreadcrumbList","@id":"https:\/\/techmasterdemexico.com\/producto\/shimpo-fgs-220vc-banco-de-pruebas-motorizado-vertical-220-lb-100-kg\/#breadcrumb","itemListElement":[{"@type":"ListItem","position":1,"name":"Portada","item":"https:\/\/techmasterdemexico.com\/"},{"@type":"ListItem","position":2,"name":"SHIMPO FGS-220VC Banco de pruebas motorizado vertical, 220 lb (100 kg)"}]},{"@type":"WebSite","@id":"https:\/\/techmasterdemexico.com\/#website","url":"https:\/\/techmasterdemexico.com\/","name":"Techmaster de Mexico","description":"","potentialAction":[{"@type":"SearchAction","target":{"@type":"EntryPoint","urlTemplate":"https:\/\/techmasterdemexico.com\/?s={search_term_string}"},"query-input":{"@type":"PropertyValueSpecification","valueRequired":true,"valueName":"search_term_string"}}],"inLanguage":"en-US"}]}},"brands":[{"id":678,"name":"Shimpo","slug":"shimpo"}],"_links":{"self":[{"href":"https:\/\/techmasterdemexico.com\/en\/wp-json\/wp\/v2\/product\/23015","targetHints":{"allow":["GET"]}}],"collection":[{"href":"https:\/\/techmasterdemexico.com\/en\/wp-json\/wp\/v2\/product"}],"about":[{"href":"https:\/\/techmasterdemexico.com\/en\/wp-json\/wp\/v2\/types\/product"}],"wp:featuredmedia":[{"embeddable":true,"href":"https:\/\/techmasterdemexico.com\/en\/wp-json\/wp\/v2\/media\/23016"}],"wp:attachment":[{"href":"https:\/\/techmasterdemexico.com\/en\/wp-json\/wp\/v2\/media?parent=23015"}],"wp:term":[{"taxonomy":"pwb-brand","embeddable":true,"href":"https:\/\/techmasterdemexico.com\/en\/wp-json\/wp\/v2\/pwb-brand?post=23015"},{"taxonomy":"product_brand","embeddable":true,"href":"https:\/\/techmasterdemexico.com\/en\/wp-json\/wp\/v2\/product_brand?post=23015"},{"taxonomy":"product_cat","embeddable":true,"href":"https:\/\/techmasterdemexico.com\/en\/wp-json\/wp\/v2\/product_cat?post=23015"},{"taxonomy":"product_tag","embeddable":true,"href":"https:\/\/techmasterdemexico.com\/en\/wp-json\/wp\/v2\/product_tag?post=23015"}],"curies":[{"name":"wp","href":"https:\/\/api.w.org\/{rel}","templated":true}]}}