{"id":22999,"date":"2025-07-30T13:37:53","date_gmt":"2025-07-30T20:37:53","guid":{"rendered":"https:\/\/techmasterdemexico.com\/?post_type=product&#038;p=22999"},"modified":"2025-07-30T13:37:54","modified_gmt":"2025-07-30T20:37:54","slug":"estroboscopio-de-xenon-alimentado-por-bateria-dt-735","status":"publish","type":"product","link":"https:\/\/techmasterdemexico.com\/en\/producto\/estroboscopio-de-xenon-alimentado-por-bateria-dt-735\/","title":{"rendered":"Estroboscopio de xen\u00f3n alimentado por bater\u00eda DT-735"},"content":{"rendered":"<p>El DT-735 es un estroboscopio port\u00e1til, altamente estable y de calidad industrial para la inspecci\u00f3n y observaci\u00f3n sin contacto de piezas en movimiento, ya que proporciona al usuario la ilusi\u00f3n de que el movimiento del equipo se ha detenido o ralentizado.<\/p>\n<p>Su resistente carcasa met\u00e1lica permite que el DT-735 soporte un uso industrial intensivo. La bater\u00eda recargable interna y las asas superior e inferior incluidas facilitan su transporte y flexibilidad de uso. Los ajustes de control permiten al usuario modificar f\u00e1cilmente la frecuencia del flash para inspeccionar visualmente maquinaria rotativa o rec\u00edproca, como engranajes, rotores, ejes, rebobinadoras, prensas de impresi\u00f3n, etc., sin detener la producci\u00f3n. Estas caracter\u00edsticas hacen que el DT-735 sea ideal para la inspecci\u00f3n de calidad y el mantenimiento preventivo de equipos de movimiento automatizados.<\/p>\n<p>No tiene funci\u00f3n de cambio de fase.<\/p>\n","protected":false},"excerpt":{"rendered":"<p class=\"qtranxs-available-languages-message qtranxs-available-languages-message-en\">Sorry, this entry is only available in <a href=\"https:\/\/techmasterdemexico.com\/es\/wp-json\/wp\/v2\/product\/22999\" class=\"qtranxs-available-language-link qtranxs-available-language-link-es\" title=\"Espa\u00f1ol\">Espa\u00f1ol<\/a>.<\/p>\n","protected":false},"featured_media":23000,"template":"","meta":{"_acf_changed":false},"pwb-brand":[678],"product_brand":[],"product_cat":[366,679],"product_tag":[],"class_list":{"0":"post-22999","1":"product","2":"type-product","3":"status-publish","4":"has-post-thumbnail","6":"pwb-brand-shimpo","7":"product_cat-todos-los-productos","8":"product_cat-shimpo","10":"first","11":"instock","12":"taxable","13":"shipping-taxable","14":"product-type-simple"},"acf":[],"yoast_head":"<!-- This site is optimized with the Yoast SEO plugin v27.4 - https:\/\/yoast.com\/product\/yoast-seo-wordpress\/ -->\n<title>Estroboscopio de xen\u00f3n alimentado por bater\u00eda DT-735 - Techmaster de Mexico<\/title>\n<meta name=\"robots\" content=\"index, follow, max-snippet:-1, max-image-preview:large, max-video-preview:-1\" \/>\n<link rel=\"canonical\" href=\"https:\/\/techmasterdemexico.com\/producto\/estroboscopio-de-xenon-alimentado-por-bateria-dt-735\/\" \/>\n<meta property=\"og:locale\" content=\"en_US\" \/>\n<meta property=\"og:type\" content=\"article\" \/>\n<meta property=\"og:title\" content=\"Estroboscopio de xen\u00f3n alimentado por bater\u00eda DT-735 - Techmaster de Mexico\" \/>\n<meta property=\"og:description\" content=\"[:es]Especificaciones T\u00e9cnicas \u2013 Estroboscopio de xen\u00f3n alimentado por bater\u00eda Caracter\u00edstica Valor Rango de destellos (fpm) 60 \u2013 12,000 fpm (destellos por minuto) Precisi\u00f3n \u00b1 0.01 % Resoluci\u00f3n 0.1 (de 60 a 9,999 fpm) 1 (de 6,001 a 12,000 fpm) Pantalla 5 d\u00edgitos, altura de 0.4\u201d (10 mm) Fuente de luz Tubo de xen\u00f3n \u2264 45 W Vida \u00fatil del tubo 50,000,000 destellos Duraci\u00f3n del flash 10 \u2013 30 \u03bcs (ajuste autom\u00e1tico seg\u00fan frecuencia) Entrada de disparo externo Pulso de 5\u201312 V (nivel alto), hasta 50 mA Intensidad de luz (lux) A 20 cm: 1550 lx @1500 fpm \/ 2350 lx @6000 fpm A 50 cm: 650 lx @1500 fpm \/ 580 lx @6000 fpm \u00c1rea iluminada 400 mm a 20 cm \/ 600 mm a 50 cm Bater\u00eda Ni-MH recargable Duraci\u00f3n de bater\u00eda 1.5 \u2013 2 horas (seg\u00fan configuraci\u00f3n) Tiempo de carga 5 horas (carga completa) Fuente de alimentaci\u00f3n 100 \u2013 240 VCA, 50\/60 Hz Temperatura de operaci\u00f3n 0 \u2013 40 \u00b0C (32 \u2013 104 \u00b0F) Dimensiones 250 \u00d7 120 \u00d7 120 mm (9.8 \u00d7 4.7 \u00d7 4.7 in) Peso (producto \/ paquete) 1.25 kg \/ 1.86 kg (2.75 lb \/ 4.1 lb) Certificaci\u00f3n CE Garant\u00eda 1 a\u00f1o Accesorios incluidos Asa superior e inferior, cargador CA con cable D[:]\" \/>\n<meta property=\"og:url\" content=\"https:\/\/techmasterdemexico.com\/producto\/estroboscopio-de-xenon-alimentado-por-bateria-dt-735\/\" \/>\n<meta property=\"og:site_name\" content=\"Techmaster de Mexico\" \/>\n<meta property=\"article:modified_time\" content=\"2025-07-30T20:37:54+00:00\" \/>\n<meta property=\"og:image\" content=\"https:\/\/techmasterdemexico.com\/wp-content\/uploads\/DT-735.png\" \/>\n\t<meta property=\"og:image:width\" content=\"1000\" \/>\n\t<meta property=\"og:image:height\" content=\"1000\" \/>\n\t<meta property=\"og:image:type\" content=\"image\/png\" \/>\n<meta name=\"twitter:card\" content=\"summary_large_image\" \/>\n<meta name=\"twitter:label1\" content=\"Est. reading time\" \/>\n\t<meta name=\"twitter:data1\" content=\"1 minute\" \/>\n<script type=\"application\/ld+json\" class=\"yoast-schema-graph\">{\"@context\":\"https:\\\/\\\/schema.org\",\"@graph\":[{\"@type\":\"WebPage\",\"@id\":\"https:\\\/\\\/techmasterdemexico.com\\\/producto\\\/estroboscopio-de-xenon-alimentado-por-bateria-dt-735\\\/\",\"url\":\"https:\\\/\\\/techmasterdemexico.com\\\/producto\\\/estroboscopio-de-xenon-alimentado-por-bateria-dt-735\\\/\",\"name\":\"Estroboscopio de xen\u00f3n alimentado por bater\u00eda DT-735 - Techmaster de Mexico\",\"isPartOf\":{\"@id\":\"https:\\\/\\\/techmasterdemexico.com\\\/#website\"},\"primaryImageOfPage\":{\"@id\":\"https:\\\/\\\/techmasterdemexico.com\\\/producto\\\/estroboscopio-de-xenon-alimentado-por-bateria-dt-735\\\/#primaryimage\"},\"image\":{\"@id\":\"https:\\\/\\\/techmasterdemexico.com\\\/producto\\\/estroboscopio-de-xenon-alimentado-por-bateria-dt-735\\\/#primaryimage\"},\"thumbnailUrl\":\"https:\\\/\\\/techmasterdemexico.com\\\/wp-content\\\/uploads\\\/DT-735.png\",\"datePublished\":\"2025-07-30T20:37:53+00:00\",\"dateModified\":\"2025-07-30T20:37:54+00:00\",\"breadcrumb\":{\"@id\":\"https:\\\/\\\/techmasterdemexico.com\\\/producto\\\/estroboscopio-de-xenon-alimentado-por-bateria-dt-735\\\/#breadcrumb\"},\"inLanguage\":\"en-US\",\"potentialAction\":[{\"@type\":\"ReadAction\",\"target\":[\"https:\\\/\\\/techmasterdemexico.com\\\/producto\\\/estroboscopio-de-xenon-alimentado-por-bateria-dt-735\\\/\"]}]},{\"@type\":\"ImageObject\",\"inLanguage\":\"en-US\",\"@id\":\"https:\\\/\\\/techmasterdemexico.com\\\/producto\\\/estroboscopio-de-xenon-alimentado-por-bateria-dt-735\\\/#primaryimage\",\"url\":\"https:\\\/\\\/techmasterdemexico.com\\\/wp-content\\\/uploads\\\/DT-735.png\",\"contentUrl\":\"https:\\\/\\\/techmasterdemexico.com\\\/wp-content\\\/uploads\\\/DT-735.png\",\"width\":1000,\"height\":1000},{\"@type\":\"BreadcrumbList\",\"@id\":\"https:\\\/\\\/techmasterdemexico.com\\\/producto\\\/estroboscopio-de-xenon-alimentado-por-bateria-dt-735\\\/#breadcrumb\",\"itemListElement\":[{\"@type\":\"ListItem\",\"position\":1,\"name\":\"Portada\",\"item\":\"https:\\\/\\\/techmasterdemexico.com\\\/\"},{\"@type\":\"ListItem\",\"position\":2,\"name\":\"Estroboscopio de xen\u00f3n alimentado por bater\u00eda DT-735\"}]},{\"@type\":\"WebSite\",\"@id\":\"https:\\\/\\\/techmasterdemexico.com\\\/#website\",\"url\":\"https:\\\/\\\/techmasterdemexico.com\\\/\",\"name\":\"Techmaster de Mexico\",\"description\":\"\",\"potentialAction\":[{\"@type\":\"SearchAction\",\"target\":{\"@type\":\"EntryPoint\",\"urlTemplate\":\"https:\\\/\\\/techmasterdemexico.com\\\/?s={search_term_string}\"},\"query-input\":{\"@type\":\"PropertyValueSpecification\",\"valueRequired\":true,\"valueName\":\"search_term_string\"}}],\"inLanguage\":\"en-US\"}]}<\/script>\n<!-- \/ Yoast SEO plugin. -->","yoast_head_json":{"title":"Estroboscopio de xen\u00f3n alimentado por bater\u00eda DT-735 - Techmaster de Mexico","robots":{"index":"index","follow":"follow","max-snippet":"max-snippet:-1","max-image-preview":"max-image-preview:large","max-video-preview":"max-video-preview:-1"},"canonical":"https:\/\/techmasterdemexico.com\/producto\/estroboscopio-de-xenon-alimentado-por-bateria-dt-735\/","og_locale":"en_US","og_type":"article","og_title":"Estroboscopio de xen\u00f3n alimentado por bater\u00eda DT-735 - Techmaster de Mexico","og_description":"[:es]Especificaciones T\u00e9cnicas \u2013 Estroboscopio de xen\u00f3n alimentado por bater\u00eda Caracter\u00edstica Valor Rango de destellos (fpm) 60 \u2013 12,000 fpm (destellos por minuto) Precisi\u00f3n \u00b1 0.01 % Resoluci\u00f3n 0.1 (de 60 a 9,999 fpm) 1 (de 6,001 a 12,000 fpm) Pantalla 5 d\u00edgitos, altura de 0.4\u201d (10 mm) Fuente de luz Tubo de xen\u00f3n \u2264 45 W Vida \u00fatil del tubo 50,000,000 destellos Duraci\u00f3n del flash 10 \u2013 30 \u03bcs (ajuste autom\u00e1tico seg\u00fan frecuencia) Entrada de disparo externo Pulso de 5\u201312 V (nivel alto), hasta 50 mA Intensidad de luz (lux) A 20 cm: 1550 lx @1500 fpm \/ 2350 lx @6000 fpm A 50 cm: 650 lx @1500 fpm \/ 580 lx @6000 fpm \u00c1rea iluminada 400 mm a 20 cm \/ 600 mm a 50 cm Bater\u00eda Ni-MH recargable Duraci\u00f3n de bater\u00eda 1.5 \u2013 2 horas (seg\u00fan configuraci\u00f3n) Tiempo de carga 5 horas (carga completa) Fuente de alimentaci\u00f3n 100 \u2013 240 VCA, 50\/60 Hz Temperatura de operaci\u00f3n 0 \u2013 40 \u00b0C (32 \u2013 104 \u00b0F) Dimensiones 250 \u00d7 120 \u00d7 120 mm (9.8 \u00d7 4.7 \u00d7 4.7 in) Peso (producto \/ paquete) 1.25 kg \/ 1.86 kg (2.75 lb \/ 4.1 lb) Certificaci\u00f3n CE Garant\u00eda 1 a\u00f1o Accesorios incluidos Asa superior e inferior, cargador CA con cable D[:]","og_url":"https:\/\/techmasterdemexico.com\/producto\/estroboscopio-de-xenon-alimentado-por-bateria-dt-735\/","og_site_name":"Techmaster de Mexico","article_modified_time":"2025-07-30T20:37:54+00:00","og_image":[{"width":1000,"height":1000,"url":"https:\/\/techmasterdemexico.com\/wp-content\/uploads\/DT-735.png","type":"image\/png"}],"twitter_card":"summary_large_image","twitter_misc":{"Est. reading time":"1 minute"},"schema":{"@context":"https:\/\/schema.org","@graph":[{"@type":"WebPage","@id":"https:\/\/techmasterdemexico.com\/producto\/estroboscopio-de-xenon-alimentado-por-bateria-dt-735\/","url":"https:\/\/techmasterdemexico.com\/producto\/estroboscopio-de-xenon-alimentado-por-bateria-dt-735\/","name":"Estroboscopio de xen\u00f3n alimentado por bater\u00eda DT-735 - Techmaster de Mexico","isPartOf":{"@id":"https:\/\/techmasterdemexico.com\/#website"},"primaryImageOfPage":{"@id":"https:\/\/techmasterdemexico.com\/producto\/estroboscopio-de-xenon-alimentado-por-bateria-dt-735\/#primaryimage"},"image":{"@id":"https:\/\/techmasterdemexico.com\/producto\/estroboscopio-de-xenon-alimentado-por-bateria-dt-735\/#primaryimage"},"thumbnailUrl":"https:\/\/techmasterdemexico.com\/wp-content\/uploads\/DT-735.png","datePublished":"2025-07-30T20:37:53+00:00","dateModified":"2025-07-30T20:37:54+00:00","breadcrumb":{"@id":"https:\/\/techmasterdemexico.com\/producto\/estroboscopio-de-xenon-alimentado-por-bateria-dt-735\/#breadcrumb"},"inLanguage":"en-US","potentialAction":[{"@type":"ReadAction","target":["https:\/\/techmasterdemexico.com\/producto\/estroboscopio-de-xenon-alimentado-por-bateria-dt-735\/"]}]},{"@type":"ImageObject","inLanguage":"en-US","@id":"https:\/\/techmasterdemexico.com\/producto\/estroboscopio-de-xenon-alimentado-por-bateria-dt-735\/#primaryimage","url":"https:\/\/techmasterdemexico.com\/wp-content\/uploads\/DT-735.png","contentUrl":"https:\/\/techmasterdemexico.com\/wp-content\/uploads\/DT-735.png","width":1000,"height":1000},{"@type":"BreadcrumbList","@id":"https:\/\/techmasterdemexico.com\/producto\/estroboscopio-de-xenon-alimentado-por-bateria-dt-735\/#breadcrumb","itemListElement":[{"@type":"ListItem","position":1,"name":"Portada","item":"https:\/\/techmasterdemexico.com\/"},{"@type":"ListItem","position":2,"name":"Estroboscopio de xen\u00f3n alimentado por bater\u00eda DT-735"}]},{"@type":"WebSite","@id":"https:\/\/techmasterdemexico.com\/#website","url":"https:\/\/techmasterdemexico.com\/","name":"Techmaster de Mexico","description":"","potentialAction":[{"@type":"SearchAction","target":{"@type":"EntryPoint","urlTemplate":"https:\/\/techmasterdemexico.com\/?s={search_term_string}"},"query-input":{"@type":"PropertyValueSpecification","valueRequired":true,"valueName":"search_term_string"}}],"inLanguage":"en-US"}]}},"brands":[{"id":678,"name":"Shimpo","slug":"shimpo"}],"_links":{"self":[{"href":"https:\/\/techmasterdemexico.com\/en\/wp-json\/wp\/v2\/product\/22999","targetHints":{"allow":["GET"]}}],"collection":[{"href":"https:\/\/techmasterdemexico.com\/en\/wp-json\/wp\/v2\/product"}],"about":[{"href":"https:\/\/techmasterdemexico.com\/en\/wp-json\/wp\/v2\/types\/product"}],"wp:featuredmedia":[{"embeddable":true,"href":"https:\/\/techmasterdemexico.com\/en\/wp-json\/wp\/v2\/media\/23000"}],"wp:attachment":[{"href":"https:\/\/techmasterdemexico.com\/en\/wp-json\/wp\/v2\/media?parent=22999"}],"wp:term":[{"taxonomy":"pwb-brand","embeddable":true,"href":"https:\/\/techmasterdemexico.com\/en\/wp-json\/wp\/v2\/pwb-brand?post=22999"},{"taxonomy":"product_brand","embeddable":true,"href":"https:\/\/techmasterdemexico.com\/en\/wp-json\/wp\/v2\/product_brand?post=22999"},{"taxonomy":"product_cat","embeddable":true,"href":"https:\/\/techmasterdemexico.com\/en\/wp-json\/wp\/v2\/product_cat?post=22999"},{"taxonomy":"product_tag","embeddable":true,"href":"https:\/\/techmasterdemexico.com\/en\/wp-json\/wp\/v2\/product_tag?post=22999"}],"curies":[{"name":"wp","href":"https:\/\/api.w.org\/{rel}","templated":true}]}}