{"id":22995,"date":"2025-07-29T17:36:54","date_gmt":"2025-07-30T00:36:54","guid":{"rendered":"https:\/\/techmasterdemexico.com\/?post_type=product&#038;p=22995"},"modified":"2025-07-29T17:36:54","modified_gmt":"2025-07-30T00:36:54","slug":"tacometros-laser-combinados-dt-207lr","status":"publish","type":"product","link":"https:\/\/techmasterdemexico.com\/en\/producto\/tacometros-laser-combinados-dt-207lr\/","title":{"rendered":"Tac\u00f3metros l\u00e1ser combinados DT-207LR"},"content":{"rendered":"<p>El Shimpo DT-207LR es un tac\u00f3metro sin contacto\/con pilas, controlado por microprocesador que utiliza un rayo l\u00e1ser para la detecci\u00f3n de movimiento. En el modo sin contacto, un rayo l\u00e1ser mide las RPM cuando se dirige hacia un eje (o cualquier otro mecanismo giratorio marcado con un peque\u00f1o trozo de cinta reflectante). El adaptador DT-ADP-200LR incluido permite la medici\u00f3n de contacto a trav\u00e9s de un accesorio de cono de punta de goma o el accesorio de rueda incluido<\/p>\n","protected":false},"excerpt":{"rendered":"<p>Tipo: Tac\u00f3metro digital combinado (l\u00e1ser + contacto)<br \/>\nPantalla: LED brillante, 5 d\u00edgitos, altura de d\u00edgito: 0.4\u201d (10 mm)<\/p>\n<p>Rango de medici\u00f3n:<\/p>\n<p>6 a 99,999 rpm<\/p>\n<p>Precisi\u00f3n:<\/p>\n<p>\u00b11 rpm (6 &#8211; 8,300 rpm)<\/p>\n<p>\u00b12 rpm (8,300 &#8211; 25,000 rpm)<\/p>\n<p>\u00b10.006% de la lectura \u00b11 d\u00edgito (m\u00e1ximo \u00b16 rpm) para 25,000 &#8211; 99,999 rpm<\/p>\n<p>Distancia de medici\u00f3n (l\u00e1ser): 1\u201d (25.4 mm) a 20 pies (6 m)<br \/>\nTecnolog\u00eda de detecci\u00f3n: Diodo l\u00e1ser \/ contacto<br \/>\nUnidades de medici\u00f3n:<\/p>\n<p>Velocidad: rpm, YPM, mPM, FPM, IPM<\/p>\n<p>Longitud: yardas, metros, pies, pulgadas (requiere rueda de contacto)<\/p>\n<p>Tiempo de actualizaci\u00f3n: 1 segundo (t\u00edpico)<br \/>\nMemoria:<\/p>\n<p>13 lecturas almacenadas (\u00faltima, m\u00e1x., m\u00edn. y 10 adicionales)<\/p>\n<p>Se conservan durante 5 minutos<\/p>\n<p>Alimentaci\u00f3n:<\/p>\n<p>2 bater\u00edas AA de 1.5V<\/p>\n<p>Duraci\u00f3n: aproximadamente 25 horas de uso continuo<\/p>\n<p>Temperatura de operaci\u00f3n: 0\u00ba &#8211; 45\u00baC (32\u00ba &#8211; 113\u00baF)<br \/>\nConstrucci\u00f3n: Carcasa de aluminio fundido (alta resistencia)<br \/>\nPeso:<\/p>\n<p>Producto: 0.8 lb (365 g)<\/p>\n<p>Empaque: Aprox. 2 lb (0.91 kg)<\/p>\n<p>Dimensiones:<\/p>\n<p>6.6\u201d L x 2.4\u201d W x 1.8\u201d H (167.5 mm x 60 mm x 46 mm)<\/p>\n<p>Con adaptador de contacto: 8.25\u201d (209 mm)<\/p>\n<p>Certificaciones: CE<br \/>\nIncluye:<\/p>\n<p>Certificado NIST<\/p>\n<p>Cinta reflectiva<\/p>\n<p>2 conos, adaptador tipo embudo<\/p>\n<p>Eje de extensi\u00f3n de 3.5\u201d<\/p>\n<p>Rueda de contacto (6\u201d circunferencia)<\/p>\n<p>Estuche de transporte<\/p>\n<p>Adaptador de contacto<\/p>\n<p>Opcional:<\/p>\n<p>Versi\u00f3n S12: con rueda de contacto de 12\u201d en lugar de la de 6\u201d<\/p>\n","protected":false},"featured_media":22996,"template":"","meta":{"_acf_changed":false},"pwb-brand":[678],"product_brand":[],"product_cat":[366,679],"product_tag":[],"class_list":{"0":"post-22995","1":"product","2":"type-product","3":"status-publish","4":"has-post-thumbnail","6":"pwb-brand-shimpo","7":"product_cat-todos-los-productos","8":"product_cat-shimpo","10":"first","11":"instock","12":"taxable","13":"shipping-taxable","14":"product-type-simple"},"acf":[],"yoast_head":"<!-- This site is optimized with the Yoast SEO plugin v27.4 - https:\/\/yoast.com\/product\/yoast-seo-wordpress\/ -->\n<title>Tac\u00f3metros l\u00e1ser combinados DT-207LR - Techmaster de Mexico<\/title>\n<meta name=\"robots\" content=\"index, follow, max-snippet:-1, max-image-preview:large, max-video-preview:-1\" \/>\n<link rel=\"canonical\" href=\"https:\/\/techmasterdemexico.com\/en\/producto\/tacometros-laser-combinados-dt-207lr\/\" \/>\n<meta property=\"og:locale\" content=\"en_US\" \/>\n<meta property=\"og:type\" content=\"article\" \/>\n<meta property=\"og:title\" content=\"Tac\u00f3metros l\u00e1ser combinados DT-207LR - Techmaster de Mexico\" \/>\n<meta property=\"og:description\" content=\"Tipo: Tac\u00f3metro digital combinado (l\u00e1ser + contacto) Pantalla: LED brillante, 5 d\u00edgitos, altura de d\u00edgito: 0.4\u201d (10 mm)  Rango de medici\u00f3n:  6 a 99,999 rpm  Precisi\u00f3n:  \u00b11 rpm (6 - 8,300 rpm)  \u00b12 rpm (8,300 - 25,000 rpm)  \u00b10.006% de la lectura \u00b11 d\u00edgito (m\u00e1ximo \u00b16 rpm) para 25,000 - 99,999 rpm  Distancia de medici\u00f3n (l\u00e1ser): 1\u201d (25.4 mm) a 20 pies (6 m) Tecnolog\u00eda de detecci\u00f3n: Diodo l\u00e1ser \/ contacto Unidades de medici\u00f3n:  Velocidad: rpm, YPM, mPM, FPM, IPM  Longitud: yardas, metros, pies, pulgadas (requiere rueda de contacto)  Tiempo de actualizaci\u00f3n: 1 segundo (t\u00edpico) Memoria:  13 lecturas almacenadas (\u00faltima, m\u00e1x., m\u00edn. y 10 adicionales)  Se conservan durante 5 minutos  Alimentaci\u00f3n:  2 bater\u00edas AA de 1.5V  Duraci\u00f3n: aproximadamente 25 horas de uso continuo  Temperatura de operaci\u00f3n: 0\u00ba - 45\u00baC (32\u00ba - 113\u00baF) Construcci\u00f3n: Carcasa de aluminio fundido (alta resistencia) Peso:  Producto: 0.8 lb (365 g)  Empaque: Aprox. 2 lb (0.91 kg)  Dimensiones:  6.6\u201d L x 2.4\u201d W x 1.8\u201d H (167.5 mm x 60 mm x 46 mm)  Con adaptador de contacto: 8.25\u201d (209 mm)  Certificaciones: CE Incluye:  Certificado NIST  Cinta reflectiva  2 conos, adaptador tipo embudo  Eje de extensi\u00f3n de 3.5\u201d  Rueda de contacto (6\u201d circunferencia)  Estuche de transporte  Adaptador de contacto  Opcional:  Versi\u00f3n S12: con rueda de contacto de 12\u201d en lugar de la de 6\u201d\" \/>\n<meta property=\"og:url\" content=\"https:\/\/techmasterdemexico.com\/en\/producto\/tacometros-laser-combinados-dt-207lr\/\" \/>\n<meta property=\"og:site_name\" content=\"Techmaster de Mexico\" \/>\n<meta property=\"og:image\" content=\"https:\/\/techmasterdemexico.com\/wp-content\/uploads\/DT-207LR.png\" \/>\n\t<meta property=\"og:image:width\" content=\"1000\" \/>\n\t<meta property=\"og:image:height\" content=\"1000\" \/>\n\t<meta property=\"og:image:type\" content=\"image\/png\" \/>\n<meta name=\"twitter:card\" content=\"summary_large_image\" \/>\n<meta name=\"twitter:label1\" content=\"Est. reading time\" \/>\n\t<meta name=\"twitter:data1\" content=\"1 minute\" \/>\n<script type=\"application\/ld+json\" class=\"yoast-schema-graph\">{\"@context\":\"https:\\\/\\\/schema.org\",\"@graph\":[{\"@type\":\"WebPage\",\"@id\":\"https:\\\/\\\/techmasterdemexico.com\\\/en\\\/producto\\\/tacometros-laser-combinados-dt-207lr\\\/\",\"url\":\"https:\\\/\\\/techmasterdemexico.com\\\/en\\\/producto\\\/tacometros-laser-combinados-dt-207lr\\\/\",\"name\":\"Tac\u00f3metros l\u00e1ser combinados DT-207LR - Techmaster de Mexico\",\"isPartOf\":{\"@id\":\"https:\\\/\\\/techmasterdemexico.com\\\/#website\"},\"primaryImageOfPage\":{\"@id\":\"https:\\\/\\\/techmasterdemexico.com\\\/en\\\/producto\\\/tacometros-laser-combinados-dt-207lr\\\/#primaryimage\"},\"image\":{\"@id\":\"https:\\\/\\\/techmasterdemexico.com\\\/en\\\/producto\\\/tacometros-laser-combinados-dt-207lr\\\/#primaryimage\"},\"thumbnailUrl\":\"https:\\\/\\\/techmasterdemexico.com\\\/wp-content\\\/uploads\\\/DT-207LR.png\",\"datePublished\":\"2025-07-30T00:36:54+00:00\",\"breadcrumb\":{\"@id\":\"https:\\\/\\\/techmasterdemexico.com\\\/en\\\/producto\\\/tacometros-laser-combinados-dt-207lr\\\/#breadcrumb\"},\"inLanguage\":\"en-US\",\"potentialAction\":[{\"@type\":\"ReadAction\",\"target\":[\"https:\\\/\\\/techmasterdemexico.com\\\/en\\\/producto\\\/tacometros-laser-combinados-dt-207lr\\\/\"]}]},{\"@type\":\"ImageObject\",\"inLanguage\":\"en-US\",\"@id\":\"https:\\\/\\\/techmasterdemexico.com\\\/en\\\/producto\\\/tacometros-laser-combinados-dt-207lr\\\/#primaryimage\",\"url\":\"https:\\\/\\\/techmasterdemexico.com\\\/wp-content\\\/uploads\\\/DT-207LR.png\",\"contentUrl\":\"https:\\\/\\\/techmasterdemexico.com\\\/wp-content\\\/uploads\\\/DT-207LR.png\",\"width\":1000,\"height\":1000},{\"@type\":\"BreadcrumbList\",\"@id\":\"https:\\\/\\\/techmasterdemexico.com\\\/en\\\/producto\\\/tacometros-laser-combinados-dt-207lr\\\/#breadcrumb\",\"itemListElement\":[{\"@type\":\"ListItem\",\"position\":1,\"name\":\"Portada\",\"item\":\"https:\\\/\\\/techmasterdemexico.com\\\/\"},{\"@type\":\"ListItem\",\"position\":2,\"name\":\"Tac\u00f3metros l\u00e1ser combinados DT-207LR\"}]},{\"@type\":\"WebSite\",\"@id\":\"https:\\\/\\\/techmasterdemexico.com\\\/#website\",\"url\":\"https:\\\/\\\/techmasterdemexico.com\\\/\",\"name\":\"Techmaster de Mexico\",\"description\":\"\",\"potentialAction\":[{\"@type\":\"SearchAction\",\"target\":{\"@type\":\"EntryPoint\",\"urlTemplate\":\"https:\\\/\\\/techmasterdemexico.com\\\/?s={search_term_string}\"},\"query-input\":{\"@type\":\"PropertyValueSpecification\",\"valueRequired\":true,\"valueName\":\"search_term_string\"}}],\"inLanguage\":\"en-US\"}]}<\/script>\n<!-- \/ Yoast SEO plugin. -->","yoast_head_json":{"title":"Tac\u00f3metros l\u00e1ser combinados DT-207LR - Techmaster de Mexico","robots":{"index":"index","follow":"follow","max-snippet":"max-snippet:-1","max-image-preview":"max-image-preview:large","max-video-preview":"max-video-preview:-1"},"canonical":"https:\/\/techmasterdemexico.com\/en\/producto\/tacometros-laser-combinados-dt-207lr\/","og_locale":"en_US","og_type":"article","og_title":"Tac\u00f3metros l\u00e1ser combinados DT-207LR - Techmaster de Mexico","og_description":"Tipo: Tac\u00f3metro digital combinado (l\u00e1ser + contacto) Pantalla: LED brillante, 5 d\u00edgitos, altura de d\u00edgito: 0.4\u201d (10 mm)  Rango de medici\u00f3n:  6 a 99,999 rpm  Precisi\u00f3n:  \u00b11 rpm (6 - 8,300 rpm)  \u00b12 rpm (8,300 - 25,000 rpm)  \u00b10.006% de la lectura \u00b11 d\u00edgito (m\u00e1ximo \u00b16 rpm) para 25,000 - 99,999 rpm  Distancia de medici\u00f3n (l\u00e1ser): 1\u201d (25.4 mm) a 20 pies (6 m) Tecnolog\u00eda de detecci\u00f3n: Diodo l\u00e1ser \/ contacto Unidades de medici\u00f3n:  Velocidad: rpm, YPM, mPM, FPM, IPM  Longitud: yardas, metros, pies, pulgadas (requiere rueda de contacto)  Tiempo de actualizaci\u00f3n: 1 segundo (t\u00edpico) Memoria:  13 lecturas almacenadas (\u00faltima, m\u00e1x., m\u00edn. y 10 adicionales)  Se conservan durante 5 minutos  Alimentaci\u00f3n:  2 bater\u00edas AA de 1.5V  Duraci\u00f3n: aproximadamente 25 horas de uso continuo  Temperatura de operaci\u00f3n: 0\u00ba - 45\u00baC (32\u00ba - 113\u00baF) Construcci\u00f3n: Carcasa de aluminio fundido (alta resistencia) Peso:  Producto: 0.8 lb (365 g)  Empaque: Aprox. 2 lb (0.91 kg)  Dimensiones:  6.6\u201d L x 2.4\u201d W x 1.8\u201d H (167.5 mm x 60 mm x 46 mm)  Con adaptador de contacto: 8.25\u201d (209 mm)  Certificaciones: CE Incluye:  Certificado NIST  Cinta reflectiva  2 conos, adaptador tipo embudo  Eje de extensi\u00f3n de 3.5\u201d  Rueda de contacto (6\u201d circunferencia)  Estuche de transporte  Adaptador de contacto  Opcional:  Versi\u00f3n S12: con rueda de contacto de 12\u201d en lugar de la de 6\u201d","og_url":"https:\/\/techmasterdemexico.com\/en\/producto\/tacometros-laser-combinados-dt-207lr\/","og_site_name":"Techmaster de Mexico","og_image":[{"width":1000,"height":1000,"url":"https:\/\/techmasterdemexico.com\/wp-content\/uploads\/DT-207LR.png","type":"image\/png"}],"twitter_card":"summary_large_image","twitter_misc":{"Est. reading time":"1 minute"},"schema":{"@context":"https:\/\/schema.org","@graph":[{"@type":"WebPage","@id":"https:\/\/techmasterdemexico.com\/en\/producto\/tacometros-laser-combinados-dt-207lr\/","url":"https:\/\/techmasterdemexico.com\/en\/producto\/tacometros-laser-combinados-dt-207lr\/","name":"Tac\u00f3metros l\u00e1ser combinados DT-207LR - Techmaster de Mexico","isPartOf":{"@id":"https:\/\/techmasterdemexico.com\/#website"},"primaryImageOfPage":{"@id":"https:\/\/techmasterdemexico.com\/en\/producto\/tacometros-laser-combinados-dt-207lr\/#primaryimage"},"image":{"@id":"https:\/\/techmasterdemexico.com\/en\/producto\/tacometros-laser-combinados-dt-207lr\/#primaryimage"},"thumbnailUrl":"https:\/\/techmasterdemexico.com\/wp-content\/uploads\/DT-207LR.png","datePublished":"2025-07-30T00:36:54+00:00","breadcrumb":{"@id":"https:\/\/techmasterdemexico.com\/en\/producto\/tacometros-laser-combinados-dt-207lr\/#breadcrumb"},"inLanguage":"en-US","potentialAction":[{"@type":"ReadAction","target":["https:\/\/techmasterdemexico.com\/en\/producto\/tacometros-laser-combinados-dt-207lr\/"]}]},{"@type":"ImageObject","inLanguage":"en-US","@id":"https:\/\/techmasterdemexico.com\/en\/producto\/tacometros-laser-combinados-dt-207lr\/#primaryimage","url":"https:\/\/techmasterdemexico.com\/wp-content\/uploads\/DT-207LR.png","contentUrl":"https:\/\/techmasterdemexico.com\/wp-content\/uploads\/DT-207LR.png","width":1000,"height":1000},{"@type":"BreadcrumbList","@id":"https:\/\/techmasterdemexico.com\/en\/producto\/tacometros-laser-combinados-dt-207lr\/#breadcrumb","itemListElement":[{"@type":"ListItem","position":1,"name":"Portada","item":"https:\/\/techmasterdemexico.com\/"},{"@type":"ListItem","position":2,"name":"Tac\u00f3metros l\u00e1ser combinados DT-207LR"}]},{"@type":"WebSite","@id":"https:\/\/techmasterdemexico.com\/#website","url":"https:\/\/techmasterdemexico.com\/","name":"Techmaster de Mexico","description":"","potentialAction":[{"@type":"SearchAction","target":{"@type":"EntryPoint","urlTemplate":"https:\/\/techmasterdemexico.com\/?s={search_term_string}"},"query-input":{"@type":"PropertyValueSpecification","valueRequired":true,"valueName":"search_term_string"}}],"inLanguage":"en-US"}]}},"brands":[{"id":678,"name":"Shimpo","slug":"shimpo"}],"_links":{"self":[{"href":"https:\/\/techmasterdemexico.com\/en\/wp-json\/wp\/v2\/product\/22995","targetHints":{"allow":["GET"]}}],"collection":[{"href":"https:\/\/techmasterdemexico.com\/en\/wp-json\/wp\/v2\/product"}],"about":[{"href":"https:\/\/techmasterdemexico.com\/en\/wp-json\/wp\/v2\/types\/product"}],"wp:featuredmedia":[{"embeddable":true,"href":"https:\/\/techmasterdemexico.com\/en\/wp-json\/wp\/v2\/media\/22996"}],"wp:attachment":[{"href":"https:\/\/techmasterdemexico.com\/en\/wp-json\/wp\/v2\/media?parent=22995"}],"wp:term":[{"taxonomy":"pwb-brand","embeddable":true,"href":"https:\/\/techmasterdemexico.com\/en\/wp-json\/wp\/v2\/pwb-brand?post=22995"},{"taxonomy":"product_brand","embeddable":true,"href":"https:\/\/techmasterdemexico.com\/en\/wp-json\/wp\/v2\/product_brand?post=22995"},{"taxonomy":"product_cat","embeddable":true,"href":"https:\/\/techmasterdemexico.com\/en\/wp-json\/wp\/v2\/product_cat?post=22995"},{"taxonomy":"product_tag","embeddable":true,"href":"https:\/\/techmasterdemexico.com\/en\/wp-json\/wp\/v2\/product_tag?post=22995"}],"curies":[{"name":"wp","href":"https:\/\/api.w.org\/{rel}","templated":true}]}}