{"id":22991,"date":"2025-07-29T17:31:55","date_gmt":"2025-07-30T00:31:55","guid":{"rendered":"https:\/\/techmasterdemexico.com\/?post_type=product&#038;p=22991"},"modified":"2025-07-29T17:31:55","modified_gmt":"2025-07-30T00:31:55","slug":"medidor-de-panel-dt-5txr-con-modulo-de-salida-opcional","status":"publish","type":"product","link":"https:\/\/techmasterdemexico.com\/en\/producto\/medidor-de-panel-dt-5txr-con-modulo-de-salida-opcional\/","title":{"rendered":"Medidor de panel DT-5TXR con m\u00f3dulo de salida opcional"},"content":{"rendered":"<p>El medidor de panel DT-5TXR con m\u00f3dulos de salida opcionales es una unidad econ\u00f3mica para la monitorizaci\u00f3n de la velocidad y el tiempo de proceso cuando se combina con un sensor en l\u00ednea compatible. Equipado con caracter\u00edsticas que se encuentran en unidades m\u00e1s caras, el medidor de panel DT-5TXR es extremadamente vers\u00e1til con entradas seleccionables. El DT-5TXR es totalmente escalable y posee tres modos seleccionables que le permiten medir RPM\/velocidad lineal\/tasa, tiempo transcurrido y tiempo de proceso. Cada medidor de panel acepta una variedad de entradas de se\u00f1al de cualquier sensor que proporcione una se\u00f1al NPN, de contacto, sinusoidal o cuadrada, como generadores de impulsos, sensores de proximidad, sensores fotoel\u00e9ctricos, sensores magn\u00e9ticos y transistores NPN OC. Las aplicaciones t\u00edpicas pueden abarcar desde la sincronizaci\u00f3n de operaciones de mecanizado, la supervisi\u00f3n de la tasa de cambio, como en una cinta transportadora, el tiempo transcurrido de curado en un horno, etc., con cualquier variedad de entradas de sensores compatibles que se desee. El medidor de panel DT-5TXR tambi\u00e9n acepta varios m\u00f3dulos de salida, lo que le permite enviar datos para su an\u00e1lisis, registro o asistencia en el control del proceso a trav\u00e9s de un dispositivo de control independiente. Se pueden aceptar hasta dos m\u00f3dulos simult\u00e1neamente, lo que ofrece un gran n\u00famero de combinaciones y opciones.<\/p>\n","protected":false},"excerpt":{"rendered":"<p>Especificaciones T\u00e9cnicas \u2013 DT-5TXR (Panel Meter)<\/p>\n<ul>\n<li>Modos de medici\u00f3n Tac\u00f3metro \/ Velocidad lineal \/ Tiempo transcurrido \/ Tiempo de proceso<\/li>\n<li>Rango de medici\u00f3n 10 \u2013 99,999 rpm (1 pulso\/rev)<\/li>\n<li>0.2 \u2013 30,000 rpm (60 pulsos\/rev)<\/li>\n<li>Precisi\u00f3n \u00b10.008% \u00b11 d\u00edgito (en todos los modos)<\/li>\n<li>Actualizaci\u00f3n de pantalla Seleccionable: 0.2, 0.5, 1, 2, 5, 10, 15, 30, 60 s<\/li>\n<li>Pantalla LED de 6 d\u00edgitos grandes + 2 pantallas secundarias de 6 d\u00edgitos cada una<\/li>\n<li>Rango de visualizaci\u00f3n 0 \u2013 999,999 unidades<\/li>\n<li>Tiempo transcurrido: hasta 9:59:59<\/li>\n<li>Tiempo de proceso: hasta 59:59 o 999.99 s<\/li>\n<li>Tipo de entradas NPN open collector, contacto, onda cuadrada, onda senoidal<\/li>\n<li>Frecuencia m\u00e1x. de entrada NPN: 100 kHz<\/li>\n<li>Contacto: 20 Hz<\/li>\n<li>Cuadrada: 30 kHz<\/li>\n<li>Senoidal: 10 kHz<\/li>\n<li>Pulso por revoluci\u00f3n (P\/R) Programable de 1 a 9,999<\/li>\n<li>Alimentaci\u00f3n de sensor 12 VDC (150 mA) incorporado<\/li>\n<li>Alimentaci\u00f3n 85 \u2013 264 VAC (50\/60 Hz) o versi\u00f3n 9 \u2013 35 VDC<\/li>\n<li>Protecci\u00f3n frontal IP66 (resistente a agua en lavado de planta)<\/li>\n<li>Montaje Tama\u00f1o DIN 1\/8 est\u00e1ndar (5.27 x 3.78 x 1.89\u201d \/ 134 x 96 x 48 mm)<\/li>\n<li>Peso del equipo 0.66 lb (300 g)<\/li>\n<li>Peso con empaque 0.95 lb (430 g)<\/li>\n<li>Garant\u00eda 1 a\u00f1o<\/li>\n<li>Accesorios incluidos Adaptadores de montaje, tornillos, hoja de calcoman\u00edas<\/li>\n<li>M\u00f3dulos de salida opcionales\n<ul>\n<li>DOP-CPTR: Salida por rel\u00e9<\/li>\n<li>DOP-FVC \/ FVTR: Salida anal\u00f3gica (4-20 mA \/ 0-1, 0-10, 1-5 VDC)<\/li>\n<li>DOP-TRC \/ TRTR: Salida NPN open collector<\/li>\n<li>DOP-BCD: Salida digital BCD<\/li>\n<li>DOP-RMTR: Entrada de relaci\u00f3n<\/li>\n<\/ul>\n<\/li>\n<\/ul>\n","protected":false},"featured_media":22992,"template":"","meta":{"_acf_changed":false},"pwb-brand":[678],"product_brand":[],"product_cat":[366,679],"product_tag":[],"class_list":{"0":"post-22991","1":"product","2":"type-product","3":"status-publish","4":"has-post-thumbnail","6":"pwb-brand-shimpo","7":"product_cat-todos-los-productos","8":"product_cat-shimpo","10":"first","11":"instock","12":"taxable","13":"shipping-taxable","14":"product-type-simple"},"acf":[],"yoast_head":"<!-- This site is optimized with the Yoast SEO plugin v27.4 - https:\/\/yoast.com\/product\/yoast-seo-wordpress\/ -->\n<title>Medidor de panel DT-5TXR con m\u00f3dulo de salida opcional - Techmaster de Mexico<\/title>\n<meta name=\"robots\" content=\"index, follow, max-snippet:-1, max-image-preview:large, max-video-preview:-1\" \/>\n<link rel=\"canonical\" href=\"https:\/\/techmasterdemexico.com\/producto\/medidor-de-panel-dt-5txr-con-modulo-de-salida-opcional\/\" \/>\n<meta property=\"og:locale\" content=\"en_US\" \/>\n<meta property=\"og:type\" content=\"article\" \/>\n<meta property=\"og:title\" content=\"Medidor de panel DT-5TXR con m\u00f3dulo de salida opcional - Techmaster de Mexico\" \/>\n<meta property=\"og:description\" content=\"Especificaciones T\u00e9cnicas \u2013 DT-5TXR (Panel Meter)   Modos de medici\u00f3n Tac\u00f3metro \/ Velocidad lineal \/ Tiempo transcurrido \/ Tiempo de proceso  Rango de medici\u00f3n 10 \u2013 99,999 rpm (1 pulso\/rev)  0.2 \u2013 30,000 rpm (60 pulsos\/rev)  Precisi\u00f3n \u00b10.008% \u00b11 d\u00edgito (en todos los modos)  Actualizaci\u00f3n de pantalla Seleccionable: 0.2, 0.5, 1, 2, 5, 10, 15, 30, 60 s  Pantalla LED de 6 d\u00edgitos grandes + 2 pantallas secundarias de 6 d\u00edgitos cada una  Rango de visualizaci\u00f3n 0 \u2013 999,999 unidades  Tiempo transcurrido: hasta 9:59:59  Tiempo de proceso: hasta 59:59 o 999.99 s  Tipo de entradas NPN open collector, contacto, onda cuadrada, onda senoidal  Frecuencia m\u00e1x. de entrada NPN: 100 kHz  Contacto: 20 Hz  Cuadrada: 30 kHz  Senoidal: 10 kHz  Pulso por revoluci\u00f3n (P\/R) Programable de 1 a 9,999  Alimentaci\u00f3n de sensor 12 VDC (150 mA) incorporado  Alimentaci\u00f3n 85 \u2013 264 VAC (50\/60 Hz) o versi\u00f3n 9 \u2013 35 VDC  Protecci\u00f3n frontal IP66 (resistente a agua en lavado de planta)  Montaje Tama\u00f1o DIN 1\/8 est\u00e1ndar (5.27 x 3.78 x 1.89\u201d \/ 134 x 96 x 48 mm)  Peso del equipo 0.66 lb (300 g)  Peso con empaque 0.95 lb (430 g)  Garant\u00eda 1 a\u00f1o  Accesorios incluidos Adaptadores de montaje, tornillos, hoja de calcoman\u00edas  M\u00f3dulos de salida opcionales   DOP-CPTR: Salida por rel\u00e9  DOP-FVC \/ FVTR: Salida anal\u00f3gica (4-20 mA \/ 0-1, 0-10, 1-5 VDC)  DOP-TRC \/ TRTR: Salida NPN open collector  DOP-BCD: Salida digital BCD  DOP-RMTR: Entrada de relaci\u00f3n\" \/>\n<meta property=\"og:url\" content=\"https:\/\/techmasterdemexico.com\/producto\/medidor-de-panel-dt-5txr-con-modulo-de-salida-opcional\/\" \/>\n<meta property=\"og:site_name\" content=\"Techmaster de Mexico\" \/>\n<meta property=\"og:image\" content=\"https:\/\/techmasterdemexico.com\/wp-content\/uploads\/DT-5TXR.png\" \/>\n\t<meta property=\"og:image:width\" content=\"1000\" \/>\n\t<meta property=\"og:image:height\" content=\"1000\" \/>\n\t<meta property=\"og:image:type\" content=\"image\/png\" \/>\n<meta name=\"twitter:card\" content=\"summary_large_image\" \/>\n<meta name=\"twitter:label1\" content=\"Est. reading time\" \/>\n\t<meta name=\"twitter:data1\" content=\"1 minute\" \/>\n<script type=\"application\/ld+json\" class=\"yoast-schema-graph\">{\"@context\":\"https:\\\/\\\/schema.org\",\"@graph\":[{\"@type\":\"WebPage\",\"@id\":\"https:\\\/\\\/techmasterdemexico.com\\\/producto\\\/medidor-de-panel-dt-5txr-con-modulo-de-salida-opcional\\\/\",\"url\":\"https:\\\/\\\/techmasterdemexico.com\\\/producto\\\/medidor-de-panel-dt-5txr-con-modulo-de-salida-opcional\\\/\",\"name\":\"Medidor de panel DT-5TXR con m\u00f3dulo de salida opcional - Techmaster de Mexico\",\"isPartOf\":{\"@id\":\"https:\\\/\\\/techmasterdemexico.com\\\/#website\"},\"primaryImageOfPage\":{\"@id\":\"https:\\\/\\\/techmasterdemexico.com\\\/producto\\\/medidor-de-panel-dt-5txr-con-modulo-de-salida-opcional\\\/#primaryimage\"},\"image\":{\"@id\":\"https:\\\/\\\/techmasterdemexico.com\\\/producto\\\/medidor-de-panel-dt-5txr-con-modulo-de-salida-opcional\\\/#primaryimage\"},\"thumbnailUrl\":\"https:\\\/\\\/techmasterdemexico.com\\\/wp-content\\\/uploads\\\/DT-5TXR.png\",\"datePublished\":\"2025-07-30T00:31:55+00:00\",\"breadcrumb\":{\"@id\":\"https:\\\/\\\/techmasterdemexico.com\\\/producto\\\/medidor-de-panel-dt-5txr-con-modulo-de-salida-opcional\\\/#breadcrumb\"},\"inLanguage\":\"en-US\",\"potentialAction\":[{\"@type\":\"ReadAction\",\"target\":[\"https:\\\/\\\/techmasterdemexico.com\\\/producto\\\/medidor-de-panel-dt-5txr-con-modulo-de-salida-opcional\\\/\"]}]},{\"@type\":\"ImageObject\",\"inLanguage\":\"en-US\",\"@id\":\"https:\\\/\\\/techmasterdemexico.com\\\/producto\\\/medidor-de-panel-dt-5txr-con-modulo-de-salida-opcional\\\/#primaryimage\",\"url\":\"https:\\\/\\\/techmasterdemexico.com\\\/wp-content\\\/uploads\\\/DT-5TXR.png\",\"contentUrl\":\"https:\\\/\\\/techmasterdemexico.com\\\/wp-content\\\/uploads\\\/DT-5TXR.png\",\"width\":1000,\"height\":1000},{\"@type\":\"BreadcrumbList\",\"@id\":\"https:\\\/\\\/techmasterdemexico.com\\\/producto\\\/medidor-de-panel-dt-5txr-con-modulo-de-salida-opcional\\\/#breadcrumb\",\"itemListElement\":[{\"@type\":\"ListItem\",\"position\":1,\"name\":\"Portada\",\"item\":\"https:\\\/\\\/techmasterdemexico.com\\\/\"},{\"@type\":\"ListItem\",\"position\":2,\"name\":\"Medidor de panel DT-5TXR con m\u00f3dulo de salida opcional\"}]},{\"@type\":\"WebSite\",\"@id\":\"https:\\\/\\\/techmasterdemexico.com\\\/#website\",\"url\":\"https:\\\/\\\/techmasterdemexico.com\\\/\",\"name\":\"Techmaster de Mexico\",\"description\":\"\",\"potentialAction\":[{\"@type\":\"SearchAction\",\"target\":{\"@type\":\"EntryPoint\",\"urlTemplate\":\"https:\\\/\\\/techmasterdemexico.com\\\/?s={search_term_string}\"},\"query-input\":{\"@type\":\"PropertyValueSpecification\",\"valueRequired\":true,\"valueName\":\"search_term_string\"}}],\"inLanguage\":\"en-US\"}]}<\/script>\n<!-- \/ Yoast SEO plugin. -->","yoast_head_json":{"title":"Medidor de panel DT-5TXR con m\u00f3dulo de salida opcional - Techmaster de Mexico","robots":{"index":"index","follow":"follow","max-snippet":"max-snippet:-1","max-image-preview":"max-image-preview:large","max-video-preview":"max-video-preview:-1"},"canonical":"https:\/\/techmasterdemexico.com\/producto\/medidor-de-panel-dt-5txr-con-modulo-de-salida-opcional\/","og_locale":"en_US","og_type":"article","og_title":"Medidor de panel DT-5TXR con m\u00f3dulo de salida opcional - Techmaster de Mexico","og_description":"Especificaciones T\u00e9cnicas \u2013 DT-5TXR (Panel Meter)   Modos de medici\u00f3n Tac\u00f3metro \/ Velocidad lineal \/ Tiempo transcurrido \/ Tiempo de proceso  Rango de medici\u00f3n 10 \u2013 99,999 rpm (1 pulso\/rev)  0.2 \u2013 30,000 rpm (60 pulsos\/rev)  Precisi\u00f3n \u00b10.008% \u00b11 d\u00edgito (en todos los modos)  Actualizaci\u00f3n de pantalla Seleccionable: 0.2, 0.5, 1, 2, 5, 10, 15, 30, 60 s  Pantalla LED de 6 d\u00edgitos grandes + 2 pantallas secundarias de 6 d\u00edgitos cada una  Rango de visualizaci\u00f3n 0 \u2013 999,999 unidades  Tiempo transcurrido: hasta 9:59:59  Tiempo de proceso: hasta 59:59 o 999.99 s  Tipo de entradas NPN open collector, contacto, onda cuadrada, onda senoidal  Frecuencia m\u00e1x. de entrada NPN: 100 kHz  Contacto: 20 Hz  Cuadrada: 30 kHz  Senoidal: 10 kHz  Pulso por revoluci\u00f3n (P\/R) Programable de 1 a 9,999  Alimentaci\u00f3n de sensor 12 VDC (150 mA) incorporado  Alimentaci\u00f3n 85 \u2013 264 VAC (50\/60 Hz) o versi\u00f3n 9 \u2013 35 VDC  Protecci\u00f3n frontal IP66 (resistente a agua en lavado de planta)  Montaje Tama\u00f1o DIN 1\/8 est\u00e1ndar (5.27 x 3.78 x 1.89\u201d \/ 134 x 96 x 48 mm)  Peso del equipo 0.66 lb (300 g)  Peso con empaque 0.95 lb (430 g)  Garant\u00eda 1 a\u00f1o  Accesorios incluidos Adaptadores de montaje, tornillos, hoja de calcoman\u00edas  M\u00f3dulos de salida opcionales   DOP-CPTR: Salida por rel\u00e9  DOP-FVC \/ FVTR: Salida anal\u00f3gica (4-20 mA \/ 0-1, 0-10, 1-5 VDC)  DOP-TRC \/ TRTR: Salida NPN open collector  DOP-BCD: Salida digital BCD  DOP-RMTR: Entrada de relaci\u00f3n","og_url":"https:\/\/techmasterdemexico.com\/producto\/medidor-de-panel-dt-5txr-con-modulo-de-salida-opcional\/","og_site_name":"Techmaster de Mexico","og_image":[{"width":1000,"height":1000,"url":"https:\/\/techmasterdemexico.com\/wp-content\/uploads\/DT-5TXR.png","type":"image\/png"}],"twitter_card":"summary_large_image","twitter_misc":{"Est. reading time":"1 minute"},"schema":{"@context":"https:\/\/schema.org","@graph":[{"@type":"WebPage","@id":"https:\/\/techmasterdemexico.com\/producto\/medidor-de-panel-dt-5txr-con-modulo-de-salida-opcional\/","url":"https:\/\/techmasterdemexico.com\/producto\/medidor-de-panel-dt-5txr-con-modulo-de-salida-opcional\/","name":"Medidor de panel DT-5TXR con m\u00f3dulo de salida opcional - Techmaster de Mexico","isPartOf":{"@id":"https:\/\/techmasterdemexico.com\/#website"},"primaryImageOfPage":{"@id":"https:\/\/techmasterdemexico.com\/producto\/medidor-de-panel-dt-5txr-con-modulo-de-salida-opcional\/#primaryimage"},"image":{"@id":"https:\/\/techmasterdemexico.com\/producto\/medidor-de-panel-dt-5txr-con-modulo-de-salida-opcional\/#primaryimage"},"thumbnailUrl":"https:\/\/techmasterdemexico.com\/wp-content\/uploads\/DT-5TXR.png","datePublished":"2025-07-30T00:31:55+00:00","breadcrumb":{"@id":"https:\/\/techmasterdemexico.com\/producto\/medidor-de-panel-dt-5txr-con-modulo-de-salida-opcional\/#breadcrumb"},"inLanguage":"en-US","potentialAction":[{"@type":"ReadAction","target":["https:\/\/techmasterdemexico.com\/producto\/medidor-de-panel-dt-5txr-con-modulo-de-salida-opcional\/"]}]},{"@type":"ImageObject","inLanguage":"en-US","@id":"https:\/\/techmasterdemexico.com\/producto\/medidor-de-panel-dt-5txr-con-modulo-de-salida-opcional\/#primaryimage","url":"https:\/\/techmasterdemexico.com\/wp-content\/uploads\/DT-5TXR.png","contentUrl":"https:\/\/techmasterdemexico.com\/wp-content\/uploads\/DT-5TXR.png","width":1000,"height":1000},{"@type":"BreadcrumbList","@id":"https:\/\/techmasterdemexico.com\/producto\/medidor-de-panel-dt-5txr-con-modulo-de-salida-opcional\/#breadcrumb","itemListElement":[{"@type":"ListItem","position":1,"name":"Portada","item":"https:\/\/techmasterdemexico.com\/"},{"@type":"ListItem","position":2,"name":"Medidor de panel DT-5TXR con m\u00f3dulo de salida opcional"}]},{"@type":"WebSite","@id":"https:\/\/techmasterdemexico.com\/#website","url":"https:\/\/techmasterdemexico.com\/","name":"Techmaster de Mexico","description":"","potentialAction":[{"@type":"SearchAction","target":{"@type":"EntryPoint","urlTemplate":"https:\/\/techmasterdemexico.com\/?s={search_term_string}"},"query-input":{"@type":"PropertyValueSpecification","valueRequired":true,"valueName":"search_term_string"}}],"inLanguage":"en-US"}]}},"brands":[{"id":678,"name":"Shimpo","slug":"shimpo"}],"_links":{"self":[{"href":"https:\/\/techmasterdemexico.com\/en\/wp-json\/wp\/v2\/product\/22991","targetHints":{"allow":["GET"]}}],"collection":[{"href":"https:\/\/techmasterdemexico.com\/en\/wp-json\/wp\/v2\/product"}],"about":[{"href":"https:\/\/techmasterdemexico.com\/en\/wp-json\/wp\/v2\/types\/product"}],"wp:featuredmedia":[{"embeddable":true,"href":"https:\/\/techmasterdemexico.com\/en\/wp-json\/wp\/v2\/media\/22992"}],"wp:attachment":[{"href":"https:\/\/techmasterdemexico.com\/en\/wp-json\/wp\/v2\/media?parent=22991"}],"wp:term":[{"taxonomy":"pwb-brand","embeddable":true,"href":"https:\/\/techmasterdemexico.com\/en\/wp-json\/wp\/v2\/pwb-brand?post=22991"},{"taxonomy":"product_brand","embeddable":true,"href":"https:\/\/techmasterdemexico.com\/en\/wp-json\/wp\/v2\/product_brand?post=22991"},{"taxonomy":"product_cat","embeddable":true,"href":"https:\/\/techmasterdemexico.com\/en\/wp-json\/wp\/v2\/product_cat?post=22991"},{"taxonomy":"product_tag","embeddable":true,"href":"https:\/\/techmasterdemexico.com\/en\/wp-json\/wp\/v2\/product_tag?post=22991"}],"curies":[{"name":"wp","href":"https:\/\/api.w.org\/{rel}","templated":true}]}}