{"id":22969,"date":"2025-07-22T10:39:17","date_gmt":"2025-07-22T17:39:17","guid":{"rendered":"https:\/\/techmasterdemexico.com\/?post_type=product&#038;p=22969"},"modified":"2025-07-22T12:07:43","modified_gmt":"2025-07-22T19:07:43","slug":"it7900-regenerative-grid-simulator","status":"publish","type":"product","link":"https:\/\/techmasterdemexico.com\/en\/producto\/it7900-regenerative-grid-simulator\/","title":{"rendered":"IT7904-350-20 Simulador de red regenerativa"},"content":{"rendered":"<p>La serie IT7900 es un simulador de red programable de cuatro cuadrantes. Tambi\u00e9n es un amplificador de potencia de cuatro cuadrantes, que puede usarse para probar diversos equipos conectados a la red. Por ejemplo, PCS, sistemas de almacenamiento de energ\u00eda, microrredes, BOBC (V2X), PHiL, etc. Con tecnolog\u00eda avanzada de SiC, una sola unidad del IT7900 puede realizar la prueba de protecci\u00f3n anti-isla a trav\u00e9s del modo de isla (RLC configurable). Adem\u00e1s, la densidad de potencia de la serie IT7900 es muy alta: 6\u202fkVA en 1U, 15\u202fkVA en 3U. Despu\u00e9s de la conexi\u00f3n en paralelo, la potencia puede ampliarse hasta un m\u00e1ximo de 960\u202fkVA. Sus modos de operaci\u00f3n vers\u00e1tiles cumplen con diversos requisitos de prueba en configuraciones monof\u00e1sicas, trif\u00e1sicas, de fase inversa y multicanal. En modo inverso, el voltaje puede ampliarse hasta el 200\u202f% del voltaje nominal. La potente funci\u00f3n de edici\u00f3n de formas de onda arbitrarias puede simular diversas perturbaciones de red, lo que lo convierte en una opci\u00f3n ideal para pruebas y laboratorios de I+D.<\/p>\n","protected":false},"excerpt":{"rendered":"<p>\ud83d\udd39 Caracter\u00edsticas Destacadas<\/p>\n<ul>\n<li>Tecnolog\u00eda avanzada de SiC para alto rendimiento y eficiencia.<\/li>\n<li>Alta densidad de potencia en m\u00ednimo espacio: hasta 15\u202fkVA en solo 3U (16\u202fHz\u2013150\u202fHz).<\/li>\n<li>Simulador de red regenerativo y fuente de poder CA\/CC de 4 cuadrantes completos.<\/li>\n<li>Funci\u00f3n de amplificador de potencia para aplicaciones PHiL.<\/li>\n<li>Modo profesional de prueba anti-isla: permite configurar y simular circuitos RLC (resistivo-inductivo-capacitivo), potencia activa y reactiva. *3<\/li>\n<li>Tres modos de operaci\u00f3n: control de voltaje (CV), l\u00edmite de corriente, l\u00edmite de potencia.<\/li>\n<li>Salidas programables en CA, CC, CA+CC o CC+CA.<\/li>\n<li>Modos de trabajo seleccionables: monof\u00e1sico, trif\u00e1sico, fase invertida y multicanal. *1<\/li>\n<li>Impedancia de salida programable: simula la impedancia real de redes el\u00e9ctricas.<\/li>\n<li>Cumple con pruebas normativas: LVRT, salto de fase, variaci\u00f3n de frecuencia, inyecci\u00f3n de arm\u00f3nicos.<\/li>\n<li>Compatible con pruebas IEC 61000-4-11\/4-13\/4-14\/4-28.<\/li>\n<li>Modo de fuente de corriente.<\/li>\n<\/ul>\n<p>&nbsp;<\/p>\n<p>\ud83d\udd27 Otras Caracter\u00edsticas<\/p>\n<ul>\n<li>Amplio rango de voltaje: hasta 350\u202fV L-N.<\/li>\n<li>Conexi\u00f3n en paralelo tipo master-slave con reparto de corriente, hasta 960\u202fkVA.<\/li>\n<li>Pantalla t\u00e1ctil intuitiva, medidor de potencia CA (mono\/trif\u00e1sico) integrado y funci\u00f3n de osciloscopio.<\/li>\n<li>Tiempo de respuesta r\u00e1pido y alta precisi\u00f3n: \u00b10.1\u202f% + 0.2\u202f% FS.<\/li>\n<li>Biblioteca de formas de onda: senoidal, cuadrada, triangular, senoidal recortada, trapezoidal y formas definidas por el usuario.<\/li>\n<li>Generador de arm\u00f3nicos e interarm\u00f3nicos.<\/li>\n<li>Pruebas de perturbaciones en red mediante programaci\u00f3n LIST, barrido (sweep), sobretensi\u00f3n y ca\u00edda de tensi\u00f3n.<\/li>\n<li>An\u00e1lisis de arm\u00f3nicos hasta la orden 50 de voltaje y corriente. *2<\/li>\n<li>\u00c1ngulo de fase programable de inicio\/parada entre 0\u00b0 y 360\u00b0.<\/li>\n<li>Puerto USB frontal para importaci\u00f3n\/exportaci\u00f3n de datos y formas de onda.<\/li>\n<li>Configuraci\u00f3n avanzada de disparos (triggers) para capturar formas de onda del DUT (dispositivo bajo prueba).<\/li>\n<li>Funci\u00f3n Relay CTRL para desconexi\u00f3n entre el equipo y el DUT.<\/li>\n<li>Salidas de potencia en configuraciones de 6 y 12 fases.<\/li>\n<li>Interfaces integradas: USB, CAN, LAN, I\/O digital; opcional GPIB, anal\u00f3gica y RS232.<\/li>\n<li>Compatible con protocolos de comunicaci\u00f3n: CANopen *4, Modbus, LXI, SCPI.<\/li>\n<\/ul>\n<p>Notas:<\/p>\n<p>*1: Modelos &lt;6\u202fkVA solo soportan funci\u00f3n monof\u00e1sica.<br \/>\n*2: An\u00e1lisis de arm\u00f3nicos de voltaje y corriente, simulaci\u00f3n de arm\u00f3nicos de voltaje.<br \/>\n*3: Funci\u00f3n no disponible en modo multicanal.<br \/>\n*4: Soporte CANopen disponible pr\u00f3ximamente.<\/p>\n","protected":false},"featured_media":22970,"template":"","meta":{"_acf_changed":false},"pwb-brand":[670],"product_brand":[],"product_cat":[366,651,661],"product_tag":[],"class_list":{"0":"post-22969","1":"product","2":"type-product","3":"status-publish","4":"has-post-thumbnail","6":"pwb-brand-itech","7":"product_cat-todos-los-productos","8":"product_cat-itech","9":"product_cat-simuladores-de-red-ca-regenerativa","11":"first","12":"instock","13":"taxable","14":"shipping-taxable","15":"product-type-simple"},"acf":[],"yoast_head":"<!-- This site is optimized with the Yoast SEO plugin v27.4 - https:\/\/yoast.com\/product\/yoast-seo-wordpress\/ -->\n<title>IT7904-350-20 Simulador de red regenerativa - Techmaster de Mexico<\/title>\n<meta name=\"robots\" content=\"index, follow, max-snippet:-1, max-image-preview:large, max-video-preview:-1\" \/>\n<link rel=\"canonical\" href=\"https:\/\/techmasterdemexico.com\/producto\/it7900-regenerative-grid-simulator\/\" \/>\n<meta property=\"og:locale\" content=\"en_US\" \/>\n<meta property=\"og:type\" content=\"article\" \/>\n<meta property=\"og:title\" content=\"IT7904-350-20 Simulador de red regenerativa - Techmaster de Mexico\" \/>\n<meta property=\"og:description\" content=\"\ud83d\udd39 Caracter\u00edsticas Destacadas   Tecnolog\u00eda avanzada de SiC para alto rendimiento y eficiencia.  Alta densidad de potencia en m\u00ednimo espacio: hasta 15\u202fkVA en solo 3U (16\u202fHz\u2013150\u202fHz).  Simulador de red regenerativo y fuente de poder CA\/CC de 4 cuadrantes completos.  Funci\u00f3n de amplificador de potencia para aplicaciones PHiL.  Modo profesional de prueba anti-isla: permite configurar y simular circuitos RLC (resistivo-inductivo-capacitivo), potencia activa y reactiva. *3  Tres modos de operaci\u00f3n: control de voltaje (CV), l\u00edmite de corriente, l\u00edmite de potencia.  Salidas programables en CA, CC, CA+CC o CC+CA.  Modos de trabajo seleccionables: monof\u00e1sico, trif\u00e1sico, fase invertida y multicanal. *1  Impedancia de salida programable: simula la impedancia real de redes el\u00e9ctricas.  Cumple con pruebas normativas: LVRT, salto de fase, variaci\u00f3n de frecuencia, inyecci\u00f3n de arm\u00f3nicos.  Compatible con pruebas IEC 61000-4-11\/4-13\/4-14\/4-28.  Modo de fuente de corriente.  &nbsp;  \ud83d\udd27 Otras Caracter\u00edsticas   Amplio rango de voltaje: hasta 350\u202fV L-N.  Conexi\u00f3n en paralelo tipo master-slave con reparto de corriente, hasta 960\u202fkVA.  Pantalla t\u00e1ctil intuitiva, medidor de potencia CA (mono\/trif\u00e1sico) integrado y funci\u00f3n de osciloscopio.  Tiempo de respuesta r\u00e1pido y alta precisi\u00f3n: \u00b10.1\u202f% + 0.2\u202f% FS.  Biblioteca de formas de onda: senoidal, cuadrada, triangular, senoidal recortada, trapezoidal y formas definidas por el usuario.  Generador de arm\u00f3nicos e interarm\u00f3nicos.  Pruebas de perturbaciones en red mediante programaci\u00f3n LIST, barrido (sweep), sobretensi\u00f3n y ca\u00edda de tensi\u00f3n.  An\u00e1lisis de arm\u00f3nicos hasta la orden 50 de voltaje y corriente. *2  \u00c1ngulo de fase programable de inicio\/parada entre 0\u00b0 y 360\u00b0.  Puerto USB frontal para importaci\u00f3n\/exportaci\u00f3n de datos y formas de onda.  Configuraci\u00f3n avanzada de disparos (triggers) para capturar formas de onda del DUT (dispositivo bajo prueba).  Funci\u00f3n Relay CTRL para desconexi\u00f3n entre el equipo y el DUT.  Salidas de potencia en configuraciones de 6 y 12 fases.  Interfaces integradas: USB, CAN, LAN, I\/O digital; opcional GPIB, anal\u00f3gica y RS232.  Compatible con protocolos de comunicaci\u00f3n: CANopen *4, Modbus, LXI, SCPI.  Notas:  *1: Modelos &lt;6\u202fkVA solo soportan funci\u00f3n monof\u00e1sica. *2: An\u00e1lisis de arm\u00f3nicos de voltaje y corriente, simulaci\u00f3n de arm\u00f3nicos de voltaje. *3: Funci\u00f3n no disponible en modo multicanal. *4: Soporte CANopen disponible pr\u00f3ximamente.\" \/>\n<meta property=\"og:url\" content=\"https:\/\/techmasterdemexico.com\/producto\/it7900-regenerative-grid-simulator\/\" \/>\n<meta property=\"og:site_name\" content=\"Techmaster de Mexico\" \/>\n<meta property=\"article:modified_time\" content=\"2025-07-22T19:07:43+00:00\" \/>\n<meta property=\"og:image\" content=\"https:\/\/techmasterdemexico.com\/wp-content\/uploads\/IT7900-Series.png\" \/>\n\t<meta property=\"og:image:width\" content=\"1000\" \/>\n\t<meta property=\"og:image:height\" content=\"1000\" \/>\n\t<meta property=\"og:image:type\" content=\"image\/png\" \/>\n<meta name=\"twitter:card\" content=\"summary_large_image\" \/>\n<meta name=\"twitter:label1\" content=\"Est. reading time\" \/>\n\t<meta name=\"twitter:data1\" content=\"1 minute\" \/>\n<script type=\"application\/ld+json\" class=\"yoast-schema-graph\">{\"@context\":\"https:\\\/\\\/schema.org\",\"@graph\":[{\"@type\":\"WebPage\",\"@id\":\"https:\\\/\\\/techmasterdemexico.com\\\/producto\\\/it7900-regenerative-grid-simulator\\\/\",\"url\":\"https:\\\/\\\/techmasterdemexico.com\\\/producto\\\/it7900-regenerative-grid-simulator\\\/\",\"name\":\"IT7904-350-20 Simulador de red regenerativa - Techmaster de Mexico\",\"isPartOf\":{\"@id\":\"https:\\\/\\\/techmasterdemexico.com\\\/#website\"},\"primaryImageOfPage\":{\"@id\":\"https:\\\/\\\/techmasterdemexico.com\\\/producto\\\/it7900-regenerative-grid-simulator\\\/#primaryimage\"},\"image\":{\"@id\":\"https:\\\/\\\/techmasterdemexico.com\\\/producto\\\/it7900-regenerative-grid-simulator\\\/#primaryimage\"},\"thumbnailUrl\":\"https:\\\/\\\/techmasterdemexico.com\\\/wp-content\\\/uploads\\\/IT7900-Series.png\",\"datePublished\":\"2025-07-22T17:39:17+00:00\",\"dateModified\":\"2025-07-22T19:07:43+00:00\",\"breadcrumb\":{\"@id\":\"https:\\\/\\\/techmasterdemexico.com\\\/producto\\\/it7900-regenerative-grid-simulator\\\/#breadcrumb\"},\"inLanguage\":\"en-US\",\"potentialAction\":[{\"@type\":\"ReadAction\",\"target\":[\"https:\\\/\\\/techmasterdemexico.com\\\/producto\\\/it7900-regenerative-grid-simulator\\\/\"]}]},{\"@type\":\"ImageObject\",\"inLanguage\":\"en-US\",\"@id\":\"https:\\\/\\\/techmasterdemexico.com\\\/producto\\\/it7900-regenerative-grid-simulator\\\/#primaryimage\",\"url\":\"https:\\\/\\\/techmasterdemexico.com\\\/wp-content\\\/uploads\\\/IT7900-Series.png\",\"contentUrl\":\"https:\\\/\\\/techmasterdemexico.com\\\/wp-content\\\/uploads\\\/IT7900-Series.png\",\"width\":1000,\"height\":1000},{\"@type\":\"BreadcrumbList\",\"@id\":\"https:\\\/\\\/techmasterdemexico.com\\\/producto\\\/it7900-regenerative-grid-simulator\\\/#breadcrumb\",\"itemListElement\":[{\"@type\":\"ListItem\",\"position\":1,\"name\":\"Portada\",\"item\":\"https:\\\/\\\/techmasterdemexico.com\\\/\"},{\"@type\":\"ListItem\",\"position\":2,\"name\":\"IT7904-350-20 Simulador de red regenerativa\"}]},{\"@type\":\"WebSite\",\"@id\":\"https:\\\/\\\/techmasterdemexico.com\\\/#website\",\"url\":\"https:\\\/\\\/techmasterdemexico.com\\\/\",\"name\":\"Techmaster de Mexico\",\"description\":\"\",\"potentialAction\":[{\"@type\":\"SearchAction\",\"target\":{\"@type\":\"EntryPoint\",\"urlTemplate\":\"https:\\\/\\\/techmasterdemexico.com\\\/?s={search_term_string}\"},\"query-input\":{\"@type\":\"PropertyValueSpecification\",\"valueRequired\":true,\"valueName\":\"search_term_string\"}}],\"inLanguage\":\"en-US\"}]}<\/script>\n<!-- \/ Yoast SEO plugin. -->","yoast_head_json":{"title":"IT7904-350-20 Simulador de red regenerativa - Techmaster de Mexico","robots":{"index":"index","follow":"follow","max-snippet":"max-snippet:-1","max-image-preview":"max-image-preview:large","max-video-preview":"max-video-preview:-1"},"canonical":"https:\/\/techmasterdemexico.com\/producto\/it7900-regenerative-grid-simulator\/","og_locale":"en_US","og_type":"article","og_title":"IT7904-350-20 Simulador de red regenerativa - Techmaster de Mexico","og_description":"\ud83d\udd39 Caracter\u00edsticas Destacadas   Tecnolog\u00eda avanzada de SiC para alto rendimiento y eficiencia.  Alta densidad de potencia en m\u00ednimo espacio: hasta 15\u202fkVA en solo 3U (16\u202fHz\u2013150\u202fHz).  Simulador de red regenerativo y fuente de poder CA\/CC de 4 cuadrantes completos.  Funci\u00f3n de amplificador de potencia para aplicaciones PHiL.  Modo profesional de prueba anti-isla: permite configurar y simular circuitos RLC (resistivo-inductivo-capacitivo), potencia activa y reactiva. *3  Tres modos de operaci\u00f3n: control de voltaje (CV), l\u00edmite de corriente, l\u00edmite de potencia.  Salidas programables en CA, CC, CA+CC o CC+CA.  Modos de trabajo seleccionables: monof\u00e1sico, trif\u00e1sico, fase invertida y multicanal. *1  Impedancia de salida programable: simula la impedancia real de redes el\u00e9ctricas.  Cumple con pruebas normativas: LVRT, salto de fase, variaci\u00f3n de frecuencia, inyecci\u00f3n de arm\u00f3nicos.  Compatible con pruebas IEC 61000-4-11\/4-13\/4-14\/4-28.  Modo de fuente de corriente.  &nbsp;  \ud83d\udd27 Otras Caracter\u00edsticas   Amplio rango de voltaje: hasta 350\u202fV L-N.  Conexi\u00f3n en paralelo tipo master-slave con reparto de corriente, hasta 960\u202fkVA.  Pantalla t\u00e1ctil intuitiva, medidor de potencia CA (mono\/trif\u00e1sico) integrado y funci\u00f3n de osciloscopio.  Tiempo de respuesta r\u00e1pido y alta precisi\u00f3n: \u00b10.1\u202f% + 0.2\u202f% FS.  Biblioteca de formas de onda: senoidal, cuadrada, triangular, senoidal recortada, trapezoidal y formas definidas por el usuario.  Generador de arm\u00f3nicos e interarm\u00f3nicos.  Pruebas de perturbaciones en red mediante programaci\u00f3n LIST, barrido (sweep), sobretensi\u00f3n y ca\u00edda de tensi\u00f3n.  An\u00e1lisis de arm\u00f3nicos hasta la orden 50 de voltaje y corriente. *2  \u00c1ngulo de fase programable de inicio\/parada entre 0\u00b0 y 360\u00b0.  Puerto USB frontal para importaci\u00f3n\/exportaci\u00f3n de datos y formas de onda.  Configuraci\u00f3n avanzada de disparos (triggers) para capturar formas de onda del DUT (dispositivo bajo prueba).  Funci\u00f3n Relay CTRL para desconexi\u00f3n entre el equipo y el DUT.  Salidas de potencia en configuraciones de 6 y 12 fases.  Interfaces integradas: USB, CAN, LAN, I\/O digital; opcional GPIB, anal\u00f3gica y RS232.  Compatible con protocolos de comunicaci\u00f3n: CANopen *4, Modbus, LXI, SCPI.  Notas:  *1: Modelos &lt;6\u202fkVA solo soportan funci\u00f3n monof\u00e1sica. *2: An\u00e1lisis de arm\u00f3nicos de voltaje y corriente, simulaci\u00f3n de arm\u00f3nicos de voltaje. *3: Funci\u00f3n no disponible en modo multicanal. *4: Soporte CANopen disponible pr\u00f3ximamente.","og_url":"https:\/\/techmasterdemexico.com\/producto\/it7900-regenerative-grid-simulator\/","og_site_name":"Techmaster de Mexico","article_modified_time":"2025-07-22T19:07:43+00:00","og_image":[{"width":1000,"height":1000,"url":"https:\/\/techmasterdemexico.com\/wp-content\/uploads\/IT7900-Series.png","type":"image\/png"}],"twitter_card":"summary_large_image","twitter_misc":{"Est. reading time":"1 minute"},"schema":{"@context":"https:\/\/schema.org","@graph":[{"@type":"WebPage","@id":"https:\/\/techmasterdemexico.com\/producto\/it7900-regenerative-grid-simulator\/","url":"https:\/\/techmasterdemexico.com\/producto\/it7900-regenerative-grid-simulator\/","name":"IT7904-350-20 Simulador de red regenerativa - Techmaster de Mexico","isPartOf":{"@id":"https:\/\/techmasterdemexico.com\/#website"},"primaryImageOfPage":{"@id":"https:\/\/techmasterdemexico.com\/producto\/it7900-regenerative-grid-simulator\/#primaryimage"},"image":{"@id":"https:\/\/techmasterdemexico.com\/producto\/it7900-regenerative-grid-simulator\/#primaryimage"},"thumbnailUrl":"https:\/\/techmasterdemexico.com\/wp-content\/uploads\/IT7900-Series.png","datePublished":"2025-07-22T17:39:17+00:00","dateModified":"2025-07-22T19:07:43+00:00","breadcrumb":{"@id":"https:\/\/techmasterdemexico.com\/producto\/it7900-regenerative-grid-simulator\/#breadcrumb"},"inLanguage":"en-US","potentialAction":[{"@type":"ReadAction","target":["https:\/\/techmasterdemexico.com\/producto\/it7900-regenerative-grid-simulator\/"]}]},{"@type":"ImageObject","inLanguage":"en-US","@id":"https:\/\/techmasterdemexico.com\/producto\/it7900-regenerative-grid-simulator\/#primaryimage","url":"https:\/\/techmasterdemexico.com\/wp-content\/uploads\/IT7900-Series.png","contentUrl":"https:\/\/techmasterdemexico.com\/wp-content\/uploads\/IT7900-Series.png","width":1000,"height":1000},{"@type":"BreadcrumbList","@id":"https:\/\/techmasterdemexico.com\/producto\/it7900-regenerative-grid-simulator\/#breadcrumb","itemListElement":[{"@type":"ListItem","position":1,"name":"Portada","item":"https:\/\/techmasterdemexico.com\/"},{"@type":"ListItem","position":2,"name":"IT7904-350-20 Simulador de red regenerativa"}]},{"@type":"WebSite","@id":"https:\/\/techmasterdemexico.com\/#website","url":"https:\/\/techmasterdemexico.com\/","name":"Techmaster de Mexico","description":"","potentialAction":[{"@type":"SearchAction","target":{"@type":"EntryPoint","urlTemplate":"https:\/\/techmasterdemexico.com\/?s={search_term_string}"},"query-input":{"@type":"PropertyValueSpecification","valueRequired":true,"valueName":"search_term_string"}}],"inLanguage":"en-US"}]}},"brands":[{"id":670,"name":"ITECH","slug":"itech"}],"_links":{"self":[{"href":"https:\/\/techmasterdemexico.com\/en\/wp-json\/wp\/v2\/product\/22969","targetHints":{"allow":["GET"]}}],"collection":[{"href":"https:\/\/techmasterdemexico.com\/en\/wp-json\/wp\/v2\/product"}],"about":[{"href":"https:\/\/techmasterdemexico.com\/en\/wp-json\/wp\/v2\/types\/product"}],"wp:featuredmedia":[{"embeddable":true,"href":"https:\/\/techmasterdemexico.com\/en\/wp-json\/wp\/v2\/media\/22970"}],"wp:attachment":[{"href":"https:\/\/techmasterdemexico.com\/en\/wp-json\/wp\/v2\/media?parent=22969"}],"wp:term":[{"taxonomy":"pwb-brand","embeddable":true,"href":"https:\/\/techmasterdemexico.com\/en\/wp-json\/wp\/v2\/pwb-brand?post=22969"},{"taxonomy":"product_brand","embeddable":true,"href":"https:\/\/techmasterdemexico.com\/en\/wp-json\/wp\/v2\/product_brand?post=22969"},{"taxonomy":"product_cat","embeddable":true,"href":"https:\/\/techmasterdemexico.com\/en\/wp-json\/wp\/v2\/product_cat?post=22969"},{"taxonomy":"product_tag","embeddable":true,"href":"https:\/\/techmasterdemexico.com\/en\/wp-json\/wp\/v2\/product_tag?post=22969"}],"curies":[{"name":"wp","href":"https:\/\/api.w.org\/{rel}","templated":true}]}}