{"id":22966,"date":"2025-07-22T10:35:08","date_gmt":"2025-07-22T17:35:08","guid":{"rendered":"https:\/\/techmasterdemexico.com\/?post_type=product&#038;p=22966"},"modified":"2025-07-22T12:05:49","modified_gmt":"2025-07-22T19:05:49","slug":"it6000c-series-bidirectional-programmable-dc-power-supply","status":"publish","type":"product","link":"https:\/\/techmasterdemexico.com\/en\/producto\/it6000c-series-bidirectional-programmable-dc-power-supply\/","title":{"rendered":"IT6012C-300-150 Fuente de alimentaci\u00f3n de CC bidireccional"},"content":{"rendered":"<p>La serie IT6000C es una fuente de alimentaci\u00f3n de CC programable bidireccional que adopta la tecnolog\u00eda de SiC de tercera generaci\u00f3n. Integra las funciones de fuente y sumidero en una sola unidad. Bas\u00e1ndose en estas dos funciones, la IT6000C ofrece la funcionalidad de operaci\u00f3n en dos cuadrantes. La capacidad regenerativa permite que la energ\u00eda consumida se reinyecte a la red de forma limpia, ahorrando costos de energ\u00eda y refrigeraci\u00f3n, sin interferir con la red. La serie IT6000C proporciona una tensi\u00f3n de salida m\u00e1xima de hasta 2250 V, admite conexi\u00f3n en paralelo maestro-esclavo con distribuci\u00f3n de corriente promedio y una potencia de salida m\u00e1xima de hasta 2 MW. El generador de formas de onda integrado permite generar formas de onda arbitrarias e importar archivos LIST de formas de onda a trav\u00e9s del puerto USB del panel frontal. La IT6000C combina alta fiabilidad, configuraci\u00f3n de alta eficiencia, seguridad y m\u00faltiples funciones de medici\u00f3n.<\/p>\n","protected":false},"excerpt":{"rendered":"<p>Potencia m\u00e1xima: 12 kW<br \/>\nTensi\u00f3n de salida: 300 V<br \/>\nCorriente de salida: 150 A<br \/>\nSerie: Serie IT6000C<br \/>\nN\u00famero de salidas: Salida simple<\/p>\n<p>Caracter\u00edsticas\u200b<\/p>\n<ul>\n<li>Adopta tecnolog\u00eda SiC de tercera generaci\u00f3n , integra funci\u00f3n de fuente y sumidero en una unidad<\/li>\n<li>M\u00e1x. aut\u00f3nomo<\/li>\n<li>Potencia de salida m\u00e1xima 144kW, ampliable hasta 2 MW mediante conexi\u00f3n en paralelo<\/li>\n<li>Rango de salida de voltaje: 0 a 2250 V<\/li>\n<li>Rango de salida de corriente: 0 a 2040 A (gabinete \u00fanico), 0 a 8000 A (conexi\u00f3n en paralelo entre gabinetes)<\/li>\n<li>Alta densidad de potencia de hasta 18 kW en un espacio de rack compacto de 3U<\/li>\n<li>Conmutaci\u00f3n de corriente continua entre alimentaci\u00f3n y sumidero<\/li>\n<li>Alta eficiencia regenerativa de hasta el 95 %<\/li>\n<li>Interfaz de E\/S USB\/CAN\/LAN\/digital integrada est\u00e1ndar, GPIB\/anal\u00f3gica y RS232 opcionales<\/li>\n<li>Protecciones completas: admite OVP, \u00b1OCP, \u00b1OPP, OTP, protecci\u00f3n contra apagado, protecci\u00f3n contra isla<\/li>\n<li>Admite configuraci\u00f3n de prioridad CC\/CV, se pueden configurar diferentes velocidades de bucle<\/li>\n<\/ul>\n<p>Cumplimiento parcial previo con LV123, LV148, DIN40839, ISO-16750-2,Normas de prueba SAEJ1113-11, LV124 e ISO21848Se puede utilizar como ciclador de bater\u00edas y admite varios modos de carga y descarga de bater\u00edas, como CC\/CV\/CP<\/p>\n<ul>\n<li>Generador de funciones incorporado, admite generaci\u00f3n de formas de onda arbitrarias<\/li>\n<li>Se puede utilizar como simulador fotovoltaico, simulando las curvas fotovoltaicas (con el software SAS1000 opcional)<\/li>\n<li>Se puede utilizar como simulador de bater\u00eda (con el software BSS2000 opcional)<\/li>\n<li>Admite m\u00faltiples modos de trabajo, el tiempo de subida y bajada se puede ajustar.<\/li>\n<li>Admite registro de datos a trav\u00e9s de un disco USB y el intervalo de muestra m\u00e1s corto es de 10 us<\/li>\n<li>Potente funci\u00f3n de simulaci\u00f3n de perfil de conducci\u00f3n din\u00e1mica, hasta 10.000.000 de puntos<\/li>\n<\/ul>\n","protected":false},"featured_media":22967,"template":"","meta":{"_acf_changed":false},"pwb-brand":[670],"product_brand":[],"product_cat":[366,652,651],"product_tag":[],"class_list":{"0":"post-22966","1":"product","2":"type-product","3":"status-publish","4":"has-post-thumbnail","6":"pwb-brand-itech","7":"product_cat-todos-los-productos","8":"product_cat-fuentes-de-alimentacion-cc-programable","9":"product_cat-itech","11":"first","12":"instock","13":"taxable","14":"shipping-taxable","15":"product-type-simple"},"acf":[],"yoast_head":"<!-- This site is optimized with the Yoast SEO plugin v27.4 - https:\/\/yoast.com\/product\/yoast-seo-wordpress\/ -->\n<title>IT6012C-300-150 Fuente de alimentaci\u00f3n de CC bidireccional - Techmaster de Mexico<\/title>\n<meta name=\"robots\" content=\"index, follow, max-snippet:-1, max-image-preview:large, max-video-preview:-1\" \/>\n<link rel=\"canonical\" href=\"https:\/\/techmasterdemexico.com\/producto\/it6000c-series-bidirectional-programmable-dc-power-supply\/\" \/>\n<meta property=\"og:locale\" content=\"en_US\" \/>\n<meta property=\"og:type\" content=\"article\" \/>\n<meta property=\"og:title\" content=\"IT6012C-300-150 Fuente de alimentaci\u00f3n de CC bidireccional - Techmaster de Mexico\" \/>\n<meta property=\"og:description\" content=\"Potencia m\u00e1xima: 12 kW Tensi\u00f3n de salida: 300 V Corriente de salida: 150 A Serie: Serie IT6000C N\u00famero de salidas: Salida simple  Caracter\u00edsticas\u200b   Adopta tecnolog\u00eda SiC de tercera generaci\u00f3n , integra funci\u00f3n de fuente y sumidero en una unidad  M\u00e1x. aut\u00f3nomo  Potencia de salida m\u00e1xima 144kW, ampliable hasta 2 MW mediante conexi\u00f3n en paralelo  Rango de salida de voltaje: 0 a 2250 V  Rango de salida de corriente: 0 a 2040 A (gabinete \u00fanico), 0 a 8000 A (conexi\u00f3n en paralelo entre gabinetes)  Alta densidad de potencia de hasta 18 kW en un espacio de rack compacto de 3U  Conmutaci\u00f3n de corriente continua entre alimentaci\u00f3n y sumidero  Alta eficiencia regenerativa de hasta el 95 %  Interfaz de E\/S USB\/CAN\/LAN\/digital integrada est\u00e1ndar, GPIB\/anal\u00f3gica y RS232 opcionales  Protecciones completas: admite OVP, \u00b1OCP, \u00b1OPP, OTP, protecci\u00f3n contra apagado, protecci\u00f3n contra isla  Admite configuraci\u00f3n de prioridad CC\/CV, se pueden configurar diferentes velocidades de bucle  Cumplimiento parcial previo con LV123, LV148, DIN40839, ISO-16750-2,Normas de prueba SAEJ1113-11, LV124 e ISO21848Se puede utilizar como ciclador de bater\u00edas y admite varios modos de carga y descarga de bater\u00edas, como CC\/CV\/CP   Generador de funciones incorporado, admite generaci\u00f3n de formas de onda arbitrarias  Se puede utilizar como simulador fotovoltaico, simulando las curvas fotovoltaicas (con el software SAS1000 opcional)  Se puede utilizar como simulador de bater\u00eda (con el software BSS2000 opcional)  Admite m\u00faltiples modos de trabajo, el tiempo de subida y bajada se puede ajustar.  Admite registro de datos a trav\u00e9s de un disco USB y el intervalo de muestra m\u00e1s corto es de 10 us  Potente funci\u00f3n de simulaci\u00f3n de perfil de conducci\u00f3n din\u00e1mica, hasta 10.000.000 de puntos\" \/>\n<meta property=\"og:url\" content=\"https:\/\/techmasterdemexico.com\/producto\/it6000c-series-bidirectional-programmable-dc-power-supply\/\" \/>\n<meta property=\"og:site_name\" content=\"Techmaster de Mexico\" \/>\n<meta property=\"article:modified_time\" content=\"2025-07-22T19:05:49+00:00\" \/>\n<meta property=\"og:image\" content=\"https:\/\/techmasterdemexico.com\/wp-content\/uploads\/IT6012C-300-150.png\" \/>\n\t<meta property=\"og:image:width\" content=\"1000\" \/>\n\t<meta property=\"og:image:height\" content=\"1000\" \/>\n\t<meta property=\"og:image:type\" content=\"image\/png\" \/>\n<meta name=\"twitter:card\" content=\"summary_large_image\" \/>\n<meta name=\"twitter:label1\" content=\"Est. reading time\" \/>\n\t<meta name=\"twitter:data1\" content=\"1 minute\" \/>\n<script type=\"application\/ld+json\" class=\"yoast-schema-graph\">{\"@context\":\"https:\\\/\\\/schema.org\",\"@graph\":[{\"@type\":\"WebPage\",\"@id\":\"https:\\\/\\\/techmasterdemexico.com\\\/producto\\\/it6000c-series-bidirectional-programmable-dc-power-supply\\\/\",\"url\":\"https:\\\/\\\/techmasterdemexico.com\\\/producto\\\/it6000c-series-bidirectional-programmable-dc-power-supply\\\/\",\"name\":\"IT6012C-300-150 Fuente de alimentaci\u00f3n de CC bidireccional - Techmaster de Mexico\",\"isPartOf\":{\"@id\":\"https:\\\/\\\/techmasterdemexico.com\\\/#website\"},\"primaryImageOfPage\":{\"@id\":\"https:\\\/\\\/techmasterdemexico.com\\\/producto\\\/it6000c-series-bidirectional-programmable-dc-power-supply\\\/#primaryimage\"},\"image\":{\"@id\":\"https:\\\/\\\/techmasterdemexico.com\\\/producto\\\/it6000c-series-bidirectional-programmable-dc-power-supply\\\/#primaryimage\"},\"thumbnailUrl\":\"https:\\\/\\\/techmasterdemexico.com\\\/wp-content\\\/uploads\\\/IT6012C-300-150.png\",\"datePublished\":\"2025-07-22T17:35:08+00:00\",\"dateModified\":\"2025-07-22T19:05:49+00:00\",\"breadcrumb\":{\"@id\":\"https:\\\/\\\/techmasterdemexico.com\\\/producto\\\/it6000c-series-bidirectional-programmable-dc-power-supply\\\/#breadcrumb\"},\"inLanguage\":\"en-US\",\"potentialAction\":[{\"@type\":\"ReadAction\",\"target\":[\"https:\\\/\\\/techmasterdemexico.com\\\/producto\\\/it6000c-series-bidirectional-programmable-dc-power-supply\\\/\"]}]},{\"@type\":\"ImageObject\",\"inLanguage\":\"en-US\",\"@id\":\"https:\\\/\\\/techmasterdemexico.com\\\/producto\\\/it6000c-series-bidirectional-programmable-dc-power-supply\\\/#primaryimage\",\"url\":\"https:\\\/\\\/techmasterdemexico.com\\\/wp-content\\\/uploads\\\/IT6012C-300-150.png\",\"contentUrl\":\"https:\\\/\\\/techmasterdemexico.com\\\/wp-content\\\/uploads\\\/IT6012C-300-150.png\",\"width\":1000,\"height\":1000},{\"@type\":\"BreadcrumbList\",\"@id\":\"https:\\\/\\\/techmasterdemexico.com\\\/producto\\\/it6000c-series-bidirectional-programmable-dc-power-supply\\\/#breadcrumb\",\"itemListElement\":[{\"@type\":\"ListItem\",\"position\":1,\"name\":\"Portada\",\"item\":\"https:\\\/\\\/techmasterdemexico.com\\\/\"},{\"@type\":\"ListItem\",\"position\":2,\"name\":\"IT6012C-300-150 Fuente de alimentaci\u00f3n de CC bidireccional\"}]},{\"@type\":\"WebSite\",\"@id\":\"https:\\\/\\\/techmasterdemexico.com\\\/#website\",\"url\":\"https:\\\/\\\/techmasterdemexico.com\\\/\",\"name\":\"Techmaster de Mexico\",\"description\":\"\",\"potentialAction\":[{\"@type\":\"SearchAction\",\"target\":{\"@type\":\"EntryPoint\",\"urlTemplate\":\"https:\\\/\\\/techmasterdemexico.com\\\/?s={search_term_string}\"},\"query-input\":{\"@type\":\"PropertyValueSpecification\",\"valueRequired\":true,\"valueName\":\"search_term_string\"}}],\"inLanguage\":\"en-US\"}]}<\/script>\n<!-- \/ Yoast SEO plugin. -->","yoast_head_json":{"title":"IT6012C-300-150 Fuente de alimentaci\u00f3n de CC bidireccional - Techmaster de Mexico","robots":{"index":"index","follow":"follow","max-snippet":"max-snippet:-1","max-image-preview":"max-image-preview:large","max-video-preview":"max-video-preview:-1"},"canonical":"https:\/\/techmasterdemexico.com\/producto\/it6000c-series-bidirectional-programmable-dc-power-supply\/","og_locale":"en_US","og_type":"article","og_title":"IT6012C-300-150 Fuente de alimentaci\u00f3n de CC bidireccional - Techmaster de Mexico","og_description":"Potencia m\u00e1xima: 12 kW Tensi\u00f3n de salida: 300 V Corriente de salida: 150 A Serie: Serie IT6000C N\u00famero de salidas: Salida simple  Caracter\u00edsticas\u200b   Adopta tecnolog\u00eda SiC de tercera generaci\u00f3n , integra funci\u00f3n de fuente y sumidero en una unidad  M\u00e1x. aut\u00f3nomo  Potencia de salida m\u00e1xima 144kW, ampliable hasta 2 MW mediante conexi\u00f3n en paralelo  Rango de salida de voltaje: 0 a 2250 V  Rango de salida de corriente: 0 a 2040 A (gabinete \u00fanico), 0 a 8000 A (conexi\u00f3n en paralelo entre gabinetes)  Alta densidad de potencia de hasta 18 kW en un espacio de rack compacto de 3U  Conmutaci\u00f3n de corriente continua entre alimentaci\u00f3n y sumidero  Alta eficiencia regenerativa de hasta el 95 %  Interfaz de E\/S USB\/CAN\/LAN\/digital integrada est\u00e1ndar, GPIB\/anal\u00f3gica y RS232 opcionales  Protecciones completas: admite OVP, \u00b1OCP, \u00b1OPP, OTP, protecci\u00f3n contra apagado, protecci\u00f3n contra isla  Admite configuraci\u00f3n de prioridad CC\/CV, se pueden configurar diferentes velocidades de bucle  Cumplimiento parcial previo con LV123, LV148, DIN40839, ISO-16750-2,Normas de prueba SAEJ1113-11, LV124 e ISO21848Se puede utilizar como ciclador de bater\u00edas y admite varios modos de carga y descarga de bater\u00edas, como CC\/CV\/CP   Generador de funciones incorporado, admite generaci\u00f3n de formas de onda arbitrarias  Se puede utilizar como simulador fotovoltaico, simulando las curvas fotovoltaicas (con el software SAS1000 opcional)  Se puede utilizar como simulador de bater\u00eda (con el software BSS2000 opcional)  Admite m\u00faltiples modos de trabajo, el tiempo de subida y bajada se puede ajustar.  Admite registro de datos a trav\u00e9s de un disco USB y el intervalo de muestra m\u00e1s corto es de 10 us  Potente funci\u00f3n de simulaci\u00f3n de perfil de conducci\u00f3n din\u00e1mica, hasta 10.000.000 de puntos","og_url":"https:\/\/techmasterdemexico.com\/producto\/it6000c-series-bidirectional-programmable-dc-power-supply\/","og_site_name":"Techmaster de Mexico","article_modified_time":"2025-07-22T19:05:49+00:00","og_image":[{"width":1000,"height":1000,"url":"https:\/\/techmasterdemexico.com\/wp-content\/uploads\/IT6012C-300-150.png","type":"image\/png"}],"twitter_card":"summary_large_image","twitter_misc":{"Est. reading time":"1 minute"},"schema":{"@context":"https:\/\/schema.org","@graph":[{"@type":"WebPage","@id":"https:\/\/techmasterdemexico.com\/producto\/it6000c-series-bidirectional-programmable-dc-power-supply\/","url":"https:\/\/techmasterdemexico.com\/producto\/it6000c-series-bidirectional-programmable-dc-power-supply\/","name":"IT6012C-300-150 Fuente de alimentaci\u00f3n de CC bidireccional - Techmaster de Mexico","isPartOf":{"@id":"https:\/\/techmasterdemexico.com\/#website"},"primaryImageOfPage":{"@id":"https:\/\/techmasterdemexico.com\/producto\/it6000c-series-bidirectional-programmable-dc-power-supply\/#primaryimage"},"image":{"@id":"https:\/\/techmasterdemexico.com\/producto\/it6000c-series-bidirectional-programmable-dc-power-supply\/#primaryimage"},"thumbnailUrl":"https:\/\/techmasterdemexico.com\/wp-content\/uploads\/IT6012C-300-150.png","datePublished":"2025-07-22T17:35:08+00:00","dateModified":"2025-07-22T19:05:49+00:00","breadcrumb":{"@id":"https:\/\/techmasterdemexico.com\/producto\/it6000c-series-bidirectional-programmable-dc-power-supply\/#breadcrumb"},"inLanguage":"en-US","potentialAction":[{"@type":"ReadAction","target":["https:\/\/techmasterdemexico.com\/producto\/it6000c-series-bidirectional-programmable-dc-power-supply\/"]}]},{"@type":"ImageObject","inLanguage":"en-US","@id":"https:\/\/techmasterdemexico.com\/producto\/it6000c-series-bidirectional-programmable-dc-power-supply\/#primaryimage","url":"https:\/\/techmasterdemexico.com\/wp-content\/uploads\/IT6012C-300-150.png","contentUrl":"https:\/\/techmasterdemexico.com\/wp-content\/uploads\/IT6012C-300-150.png","width":1000,"height":1000},{"@type":"BreadcrumbList","@id":"https:\/\/techmasterdemexico.com\/producto\/it6000c-series-bidirectional-programmable-dc-power-supply\/#breadcrumb","itemListElement":[{"@type":"ListItem","position":1,"name":"Portada","item":"https:\/\/techmasterdemexico.com\/"},{"@type":"ListItem","position":2,"name":"IT6012C-300-150 Fuente de alimentaci\u00f3n de CC bidireccional"}]},{"@type":"WebSite","@id":"https:\/\/techmasterdemexico.com\/#website","url":"https:\/\/techmasterdemexico.com\/","name":"Techmaster de Mexico","description":"","potentialAction":[{"@type":"SearchAction","target":{"@type":"EntryPoint","urlTemplate":"https:\/\/techmasterdemexico.com\/?s={search_term_string}"},"query-input":{"@type":"PropertyValueSpecification","valueRequired":true,"valueName":"search_term_string"}}],"inLanguage":"en-US"}]}},"brands":[{"id":670,"name":"ITECH","slug":"itech"}],"_links":{"self":[{"href":"https:\/\/techmasterdemexico.com\/en\/wp-json\/wp\/v2\/product\/22966","targetHints":{"allow":["GET"]}}],"collection":[{"href":"https:\/\/techmasterdemexico.com\/en\/wp-json\/wp\/v2\/product"}],"about":[{"href":"https:\/\/techmasterdemexico.com\/en\/wp-json\/wp\/v2\/types\/product"}],"wp:featuredmedia":[{"embeddable":true,"href":"https:\/\/techmasterdemexico.com\/en\/wp-json\/wp\/v2\/media\/22967"}],"wp:attachment":[{"href":"https:\/\/techmasterdemexico.com\/en\/wp-json\/wp\/v2\/media?parent=22966"}],"wp:term":[{"taxonomy":"pwb-brand","embeddable":true,"href":"https:\/\/techmasterdemexico.com\/en\/wp-json\/wp\/v2\/pwb-brand?post=22966"},{"taxonomy":"product_brand","embeddable":true,"href":"https:\/\/techmasterdemexico.com\/en\/wp-json\/wp\/v2\/product_brand?post=22966"},{"taxonomy":"product_cat","embeddable":true,"href":"https:\/\/techmasterdemexico.com\/en\/wp-json\/wp\/v2\/product_cat?post=22966"},{"taxonomy":"product_tag","embeddable":true,"href":"https:\/\/techmasterdemexico.com\/en\/wp-json\/wp\/v2\/product_tag?post=22966"}],"curies":[{"name":"wp","href":"https:\/\/api.w.org\/{rel}","templated":true}]}}