{"id":22958,"date":"2025-07-22T10:12:55","date_gmt":"2025-07-22T17:12:55","guid":{"rendered":"https:\/\/techmasterdemexico.com\/?post_type=product&#038;p=22958"},"modified":"2025-07-22T12:01:13","modified_gmt":"2025-07-22T19:01:13","slug":"anfhf-series-ac-power-supply","status":"publish","type":"product","link":"https:\/\/techmasterdemexico.com\/en\/producto\/anfhf-series-ac-power-supply\/","title":{"rendered":"REXGEAR ANFH003S(F) Fuente de alimentaci\u00f3n CA"},"content":{"rendered":"<p>La fuente de alimentaci\u00f3n tiene la capacidad de soportar impactos de 3 veces la corriente nominal, con una gran adaptabilidad a la carga, principalmente para aplicaciones como electrodom\u00e9sticos, motores y l\u00edneas de producci\u00f3n, soluciones de alimentaci\u00f3n que satisfacen las necesidades esenciales de las industrias tradicionales, as\u00ed como la sustituci\u00f3n y actualizaci\u00f3n de equipos.<\/p>\n<p>La fuente de alimentaci\u00f3n de CA de la serie ANFH(F) adopta tecnolog\u00edas digitales que incluyen control digital, control de forma de onda instant\u00e1nea y modulaci\u00f3n de ancho de pulso de alta frecuencia (SPWM). La fuente de alimentaci\u00f3n tiene la capacidad de soportar impactos de 3 veces la corriente nominal, presentando una gran adaptabilidad a la carga, principalmente para aplicaciones como electrodom\u00e9sticos, motores y l\u00edneas de producci\u00f3n, soluciones de alimentaci\u00f3n que satisfacen las necesidades esenciales de las industrias tradicionales, as\u00ed como la sustituci\u00f3n y actualizaci\u00f3n de equipos. La fuente de alimentaci\u00f3n se ha dise\u00f1ado para un armario est\u00e1ndar de 19\u00ab, con un tama\u00f1o reducido e interfaces completas, y puede instalarse directamente en un armario est\u00e1ndar para diversas aplicaciones, como pruebas, integraci\u00f3n de sistemas, l\u00edneas de producci\u00f3n, etc.; adem\u00e1s, cuenta con una pantalla t\u00e1ctil LCD en color de 4,3\u00bb y un panel de carcasa de pl\u00e1stico, con un aspecto est\u00e9tico y de alta gama, y un funcionamiento intuitivo y f\u00e1cil de usar.<\/p>\n","protected":false},"excerpt":{"rendered":"<p>Caracter\u00edsticas del producto.<\/p>\n<ul>\n<li>Chasis est\u00e1ndar de 19&#8243;, compacto, puede instalarse en armario est\u00e1ndar<\/li>\n<li>Soporta 3 veces la corriente nominal durando 2S, arranca directamente carga de impacto equivalente a 1\/3 de la potencia<\/li>\n<li>Ajuste de tensi\u00f3n\/frecuencia en estado de salida<\/li>\n<li>Rampa de arranque y rampa de arranque en l\u00ednea, pudi\u00e9ndose ajustar el tiempo de rampa de arranque<\/li>\n<li>Medidas: tensi\u00f3n, corriente, frecuencia, potencia activa<\/li>\n<li>Nivel de tensi\u00f3n: 1,0~150,0V, 150,1~300,0V ajustable autom\u00e1ticamente o bloqueado dentro de 1. 0~300,0V<\/li>\n<li>Compensaci\u00f3n de ca\u00edda de tensi\u00f3n de l\u00edneaMultigrupos de acceso directo, memoria de apagado y teclas de acceso directoPantalla t\u00e1ctil en color de 4,3&#8243;, c\u00f3moda e intuitiva<\/li>\n<li>Bloqueo de teclas y dise\u00f1o humanizado para evitar el funcionamiento incorrecto<\/li>\n<li>Registradores de datos de funcionamiento: registran autom\u00e1ticamente el estado de la alimentaci\u00f3n cuando se produce una alarma y el c\u00f3digo de alarma, etc<\/li>\n<li>Puerto RS232 est\u00e1ndar, puerto RS485\/GPIB\/Ethernet opcional o control anal\u00f3gico<\/li>\n<li>Ajuste de tensi\u00f3n\/frecuencia en estado de salida.<\/li>\n<\/ul>\n","protected":false},"featured_media":22959,"template":"","meta":{"_acf_changed":false},"pwb-brand":[670],"product_brand":[],"product_cat":[366,664,651],"product_tag":[],"class_list":{"0":"post-22958","1":"product","2":"type-product","3":"status-publish","4":"has-post-thumbnail","6":"pwb-brand-itech","7":"product_cat-todos-los-productos","8":"product_cat-fuentes-de-alimentacion-ca-programables","9":"product_cat-itech","11":"first","12":"instock","13":"taxable","14":"shipping-taxable","15":"product-type-simple"},"acf":[],"yoast_head":"<!-- This site is optimized with the Yoast SEO plugin v27.5 - https:\/\/yoast.com\/product\/yoast-seo-wordpress\/ -->\n<title>REXGEAR ANFH003S(F) Fuente de alimentaci\u00f3n CA - Techmaster de Mexico<\/title>\n<meta name=\"robots\" content=\"index, follow, max-snippet:-1, max-image-preview:large, max-video-preview:-1\" \/>\n<link rel=\"canonical\" href=\"https:\/\/techmasterdemexico.com\/en\/producto\/anfhf-series-ac-power-supply\/\" \/>\n<meta property=\"og:locale\" content=\"en_US\" \/>\n<meta property=\"og:type\" content=\"article\" \/>\n<meta property=\"og:title\" content=\"REXGEAR ANFH003S(F) Fuente de alimentaci\u00f3n CA - Techmaster de Mexico\" \/>\n<meta property=\"og:description\" content=\"Caracter\u00edsticas del producto.   Chasis est\u00e1ndar de 19&quot;, compacto, puede instalarse en armario est\u00e1ndar  Soporta 3 veces la corriente nominal durando 2S, arranca directamente carga de impacto equivalente a 1\/3 de la potencia  Ajuste de tensi\u00f3n\/frecuencia en estado de salida  Rampa de arranque y rampa de arranque en l\u00ednea, pudi\u00e9ndose ajustar el tiempo de rampa de arranque  Medidas: tensi\u00f3n, corriente, frecuencia, potencia activa  Nivel de tensi\u00f3n: 1,0~150,0V, 150,1~300,0V ajustable autom\u00e1ticamente o bloqueado dentro de 1. 0~300,0V  Compensaci\u00f3n de ca\u00edda de tensi\u00f3n de l\u00edneaMultigrupos de acceso directo, memoria de apagado y teclas de acceso directoPantalla t\u00e1ctil en color de 4,3&quot;, c\u00f3moda e intuitiva  Bloqueo de teclas y dise\u00f1o humanizado para evitar el funcionamiento incorrecto  Registradores de datos de funcionamiento: registran autom\u00e1ticamente el estado de la alimentaci\u00f3n cuando se produce una alarma y el c\u00f3digo de alarma, etc  Puerto RS232 est\u00e1ndar, puerto RS485\/GPIB\/Ethernet opcional o control anal\u00f3gico  Ajuste de tensi\u00f3n\/frecuencia en estado de salida.\" \/>\n<meta property=\"og:url\" content=\"https:\/\/techmasterdemexico.com\/en\/producto\/anfhf-series-ac-power-supply\/\" \/>\n<meta property=\"og:site_name\" content=\"Techmaster de Mexico\" \/>\n<meta property=\"article:modified_time\" content=\"2025-07-22T19:01:13+00:00\" \/>\n<meta property=\"og:image\" content=\"https:\/\/techmasterdemexico.com\/wp-content\/uploads\/ANFH003SF.png\" \/>\n\t<meta property=\"og:image:width\" content=\"1000\" \/>\n\t<meta property=\"og:image:height\" content=\"1000\" \/>\n\t<meta property=\"og:image:type\" content=\"image\/png\" \/>\n<meta name=\"twitter:card\" content=\"summary_large_image\" \/>\n<meta name=\"twitter:label1\" content=\"Est. reading time\" \/>\n\t<meta name=\"twitter:data1\" content=\"2 minutes\" \/>\n<script type=\"application\/ld+json\" class=\"yoast-schema-graph\">{\"@context\":\"https:\\\/\\\/schema.org\",\"@graph\":[{\"@type\":\"WebPage\",\"@id\":\"https:\\\/\\\/techmasterdemexico.com\\\/en\\\/producto\\\/anfhf-series-ac-power-supply\\\/\",\"url\":\"https:\\\/\\\/techmasterdemexico.com\\\/en\\\/producto\\\/anfhf-series-ac-power-supply\\\/\",\"name\":\"REXGEAR ANFH003S(F) Fuente de alimentaci\u00f3n CA - Techmaster de Mexico\",\"isPartOf\":{\"@id\":\"https:\\\/\\\/techmasterdemexico.com\\\/#website\"},\"primaryImageOfPage\":{\"@id\":\"https:\\\/\\\/techmasterdemexico.com\\\/en\\\/producto\\\/anfhf-series-ac-power-supply\\\/#primaryimage\"},\"image\":{\"@id\":\"https:\\\/\\\/techmasterdemexico.com\\\/en\\\/producto\\\/anfhf-series-ac-power-supply\\\/#primaryimage\"},\"thumbnailUrl\":\"https:\\\/\\\/techmasterdemexico.com\\\/wp-content\\\/uploads\\\/ANFH003SF.png\",\"datePublished\":\"2025-07-22T17:12:55+00:00\",\"dateModified\":\"2025-07-22T19:01:13+00:00\",\"breadcrumb\":{\"@id\":\"https:\\\/\\\/techmasterdemexico.com\\\/en\\\/producto\\\/anfhf-series-ac-power-supply\\\/#breadcrumb\"},\"inLanguage\":\"en-US\",\"potentialAction\":[{\"@type\":\"ReadAction\",\"target\":[\"https:\\\/\\\/techmasterdemexico.com\\\/en\\\/producto\\\/anfhf-series-ac-power-supply\\\/\"]}]},{\"@type\":\"ImageObject\",\"inLanguage\":\"en-US\",\"@id\":\"https:\\\/\\\/techmasterdemexico.com\\\/en\\\/producto\\\/anfhf-series-ac-power-supply\\\/#primaryimage\",\"url\":\"https:\\\/\\\/techmasterdemexico.com\\\/wp-content\\\/uploads\\\/ANFH003SF.png\",\"contentUrl\":\"https:\\\/\\\/techmasterdemexico.com\\\/wp-content\\\/uploads\\\/ANFH003SF.png\",\"width\":1000,\"height\":1000},{\"@type\":\"BreadcrumbList\",\"@id\":\"https:\\\/\\\/techmasterdemexico.com\\\/en\\\/producto\\\/anfhf-series-ac-power-supply\\\/#breadcrumb\",\"itemListElement\":[{\"@type\":\"ListItem\",\"position\":1,\"name\":\"Portada\",\"item\":\"https:\\\/\\\/techmasterdemexico.com\\\/\"},{\"@type\":\"ListItem\",\"position\":2,\"name\":\"REXGEAR ANFH003S(F) Fuente de alimentaci\u00f3n CA\"}]},{\"@type\":\"WebSite\",\"@id\":\"https:\\\/\\\/techmasterdemexico.com\\\/#website\",\"url\":\"https:\\\/\\\/techmasterdemexico.com\\\/\",\"name\":\"Techmaster de Mexico\",\"description\":\"\",\"potentialAction\":[{\"@type\":\"SearchAction\",\"target\":{\"@type\":\"EntryPoint\",\"urlTemplate\":\"https:\\\/\\\/techmasterdemexico.com\\\/?s={search_term_string}\"},\"query-input\":{\"@type\":\"PropertyValueSpecification\",\"valueRequired\":true,\"valueName\":\"search_term_string\"}}],\"inLanguage\":\"en-US\"}]}<\/script>\n<!-- \/ Yoast SEO plugin. -->","yoast_head_json":{"title":"REXGEAR ANFH003S(F) Fuente de alimentaci\u00f3n CA - Techmaster de Mexico","robots":{"index":"index","follow":"follow","max-snippet":"max-snippet:-1","max-image-preview":"max-image-preview:large","max-video-preview":"max-video-preview:-1"},"canonical":"https:\/\/techmasterdemexico.com\/en\/producto\/anfhf-series-ac-power-supply\/","og_locale":"en_US","og_type":"article","og_title":"REXGEAR ANFH003S(F) Fuente de alimentaci\u00f3n CA - Techmaster de Mexico","og_description":"Caracter\u00edsticas del producto.   Chasis est\u00e1ndar de 19\", compacto, puede instalarse en armario est\u00e1ndar  Soporta 3 veces la corriente nominal durando 2S, arranca directamente carga de impacto equivalente a 1\/3 de la potencia  Ajuste de tensi\u00f3n\/frecuencia en estado de salida  Rampa de arranque y rampa de arranque en l\u00ednea, pudi\u00e9ndose ajustar el tiempo de rampa de arranque  Medidas: tensi\u00f3n, corriente, frecuencia, potencia activa  Nivel de tensi\u00f3n: 1,0~150,0V, 150,1~300,0V ajustable autom\u00e1ticamente o bloqueado dentro de 1. 0~300,0V  Compensaci\u00f3n de ca\u00edda de tensi\u00f3n de l\u00edneaMultigrupos de acceso directo, memoria de apagado y teclas de acceso directoPantalla t\u00e1ctil en color de 4,3\", c\u00f3moda e intuitiva  Bloqueo de teclas y dise\u00f1o humanizado para evitar el funcionamiento incorrecto  Registradores de datos de funcionamiento: registran autom\u00e1ticamente el estado de la alimentaci\u00f3n cuando se produce una alarma y el c\u00f3digo de alarma, etc  Puerto RS232 est\u00e1ndar, puerto RS485\/GPIB\/Ethernet opcional o control anal\u00f3gico  Ajuste de tensi\u00f3n\/frecuencia en estado de salida.","og_url":"https:\/\/techmasterdemexico.com\/en\/producto\/anfhf-series-ac-power-supply\/","og_site_name":"Techmaster de Mexico","article_modified_time":"2025-07-22T19:01:13+00:00","og_image":[{"width":1000,"height":1000,"url":"https:\/\/techmasterdemexico.com\/wp-content\/uploads\/ANFH003SF.png","type":"image\/png"}],"twitter_card":"summary_large_image","twitter_misc":{"Est. reading time":"2 minutes"},"schema":{"@context":"https:\/\/schema.org","@graph":[{"@type":"WebPage","@id":"https:\/\/techmasterdemexico.com\/en\/producto\/anfhf-series-ac-power-supply\/","url":"https:\/\/techmasterdemexico.com\/en\/producto\/anfhf-series-ac-power-supply\/","name":"REXGEAR ANFH003S(F) Fuente de alimentaci\u00f3n CA - Techmaster de Mexico","isPartOf":{"@id":"https:\/\/techmasterdemexico.com\/#website"},"primaryImageOfPage":{"@id":"https:\/\/techmasterdemexico.com\/en\/producto\/anfhf-series-ac-power-supply\/#primaryimage"},"image":{"@id":"https:\/\/techmasterdemexico.com\/en\/producto\/anfhf-series-ac-power-supply\/#primaryimage"},"thumbnailUrl":"https:\/\/techmasterdemexico.com\/wp-content\/uploads\/ANFH003SF.png","datePublished":"2025-07-22T17:12:55+00:00","dateModified":"2025-07-22T19:01:13+00:00","breadcrumb":{"@id":"https:\/\/techmasterdemexico.com\/en\/producto\/anfhf-series-ac-power-supply\/#breadcrumb"},"inLanguage":"en-US","potentialAction":[{"@type":"ReadAction","target":["https:\/\/techmasterdemexico.com\/en\/producto\/anfhf-series-ac-power-supply\/"]}]},{"@type":"ImageObject","inLanguage":"en-US","@id":"https:\/\/techmasterdemexico.com\/en\/producto\/anfhf-series-ac-power-supply\/#primaryimage","url":"https:\/\/techmasterdemexico.com\/wp-content\/uploads\/ANFH003SF.png","contentUrl":"https:\/\/techmasterdemexico.com\/wp-content\/uploads\/ANFH003SF.png","width":1000,"height":1000},{"@type":"BreadcrumbList","@id":"https:\/\/techmasterdemexico.com\/en\/producto\/anfhf-series-ac-power-supply\/#breadcrumb","itemListElement":[{"@type":"ListItem","position":1,"name":"Portada","item":"https:\/\/techmasterdemexico.com\/"},{"@type":"ListItem","position":2,"name":"REXGEAR ANFH003S(F) Fuente de alimentaci\u00f3n CA"}]},{"@type":"WebSite","@id":"https:\/\/techmasterdemexico.com\/#website","url":"https:\/\/techmasterdemexico.com\/","name":"Techmaster de Mexico","description":"","potentialAction":[{"@type":"SearchAction","target":{"@type":"EntryPoint","urlTemplate":"https:\/\/techmasterdemexico.com\/?s={search_term_string}"},"query-input":{"@type":"PropertyValueSpecification","valueRequired":true,"valueName":"search_term_string"}}],"inLanguage":"en-US"}]}},"brands":[{"id":670,"name":"ITECH","slug":"itech"}],"_links":{"self":[{"href":"https:\/\/techmasterdemexico.com\/en\/wp-json\/wp\/v2\/product\/22958","targetHints":{"allow":["GET"]}}],"collection":[{"href":"https:\/\/techmasterdemexico.com\/en\/wp-json\/wp\/v2\/product"}],"about":[{"href":"https:\/\/techmasterdemexico.com\/en\/wp-json\/wp\/v2\/types\/product"}],"wp:featuredmedia":[{"embeddable":true,"href":"https:\/\/techmasterdemexico.com\/en\/wp-json\/wp\/v2\/media\/22959"}],"wp:attachment":[{"href":"https:\/\/techmasterdemexico.com\/en\/wp-json\/wp\/v2\/media?parent=22958"}],"wp:term":[{"taxonomy":"pwb-brand","embeddable":true,"href":"https:\/\/techmasterdemexico.com\/en\/wp-json\/wp\/v2\/pwb-brand?post=22958"},{"taxonomy":"product_brand","embeddable":true,"href":"https:\/\/techmasterdemexico.com\/en\/wp-json\/wp\/v2\/product_brand?post=22958"},{"taxonomy":"product_cat","embeddable":true,"href":"https:\/\/techmasterdemexico.com\/en\/wp-json\/wp\/v2\/product_cat?post=22958"},{"taxonomy":"product_tag","embeddable":true,"href":"https:\/\/techmasterdemexico.com\/en\/wp-json\/wp\/v2\/product_tag?post=22958"}],"curies":[{"name":"wp","href":"https:\/\/api.w.org\/{rel}","templated":true}]}}