{"id":22953,"date":"2025-07-22T10:09:35","date_gmt":"2025-07-22T17:09:35","guid":{"rendered":"https:\/\/techmasterdemexico.com\/?post_type=product&#038;p=22953"},"modified":"2025-07-22T11:59:38","modified_gmt":"2025-07-22T18:59:38","slug":"87400-high-precision-compact-4-channel-power-analyzer","status":"publish","type":"product","link":"https:\/\/techmasterdemexico.com\/en\/producto\/87400-high-precision-compact-4-channel-power-analyzer\/","title":{"rendered":"REXGEAR 87400 analizador de potencia"},"content":{"rendered":"<p>La serie 87400 de analizadores de potencia compactos de alta precisi\u00f3n de 4 canales adopta la m\u00e1s reciente tecnolog\u00eda de procesamiento paralelo s\u00edncrono FPGA + ARM. Cuenta con un chasis compacto IEC est\u00e1ndar de 3U y una apariencia sofisticada, siendo ampliamente utilizada en pruebas de eficiencia energ\u00e9tica de equipos el\u00e9ctricos trif\u00e1sicos.<\/p>\n<p>Incluye protocolo est\u00e1ndar TCP-MODBUS basado en Ethernet, ideal para integraciones en ingenier\u00eda.<br \/>\nEntre sus funciones avanzadas se encuentran:<\/p>\n<ul>\n<li>Pantalla LCD t\u00e1ctil<\/li>\n<li>Visualizaci\u00f3n de formas de onda en hasta 4 canales simult\u00e1neamente<\/li>\n<li>Exportaci\u00f3n de datos en formato CSV<\/li>\n<li>Rango de edici\u00f3n eficaz y otras herramientas de an\u00e1lisis detallado<\/li>\n<\/ul>\n","protected":false},"excerpt":{"rendered":"<p>Caracter\u00edsticas del Producto<\/p>\n<ul>\n<li>Precisi\u00f3n b\u00e1sica: 0.05\u202f% \u00d7 lectura + 0.05\u202f% \u00d7 rango<\/li>\n<li>Ancho de banda de medici\u00f3n: CC, 0.5\u202fHz \u2013 100\u202fkHz<\/li>\n<li>Velocidad de muestreo: 200\u202fkSps<\/li>\n<li>Voltaje m\u00e1ximo: 1,000\u202fV convencional \/ 1,500\u202fVDC opcional<\/li>\n<li>Corriente m\u00e1xima: 20\u202fA (convencional), 5\u202fA, 1\u202fA \u2013 admite combinaciones mixtas y configuraci\u00f3n opcional con sensores<\/li>\n<li>Pantalla LCD completa: Interfaz t\u00e1ctil, elementos de visualizaci\u00f3n personalizables y visualizaci\u00f3n de formas de onda<\/li>\n<li>Almacenamiento de datos: Proyectos de almacenamiento personalizables y exportaci\u00f3n en formato CSV<\/li>\n<li>Tama\u00f1o compacto: Chasis 3U de media anchura, ideal para integraci\u00f3n en sistemas<\/li>\n<\/ul>\n","protected":false},"featured_media":22954,"template":"","meta":{"_acf_changed":false},"pwb-brand":[670],"product_brand":[],"product_cat":[366,651,677],"product_tag":[],"class_list":{"0":"post-22953","1":"product","2":"type-product","3":"status-publish","4":"has-post-thumbnail","6":"pwb-brand-itech","7":"product_cat-todos-los-productos","8":"product_cat-itech","9":"product_cat-medidores-y-analizadores-de-potencia","11":"first","12":"instock","13":"taxable","14":"shipping-taxable","15":"product-type-simple"},"acf":[],"yoast_head":"<!-- This site is optimized with the Yoast SEO plugin v27.4 - https:\/\/yoast.com\/product\/yoast-seo-wordpress\/ -->\n<title>REXGEAR 87400 analizador de potencia - Techmaster de Mexico<\/title>\n<meta name=\"robots\" content=\"index, follow, max-snippet:-1, max-image-preview:large, max-video-preview:-1\" \/>\n<link rel=\"canonical\" href=\"https:\/\/techmasterdemexico.com\/producto\/87400-high-precision-compact-4-channel-power-analyzer\/\" \/>\n<meta property=\"og:locale\" content=\"en_US\" \/>\n<meta property=\"og:type\" content=\"article\" \/>\n<meta property=\"og:title\" content=\"REXGEAR 87400 analizador de potencia - Techmaster de Mexico\" \/>\n<meta property=\"og:description\" content=\"Caracter\u00edsticas del Producto   Precisi\u00f3n b\u00e1sica: 0.05\u202f% \u00d7 lectura + 0.05\u202f% \u00d7 rango  Ancho de banda de medici\u00f3n: CC, 0.5\u202fHz \u2013 100\u202fkHz  Velocidad de muestreo: 200\u202fkSps  Voltaje m\u00e1ximo: 1,000\u202fV convencional \/ 1,500\u202fVDC opcional  Corriente m\u00e1xima: 20\u202fA (convencional), 5\u202fA, 1\u202fA \u2013 admite combinaciones mixtas y configuraci\u00f3n opcional con sensores  Pantalla LCD completa: Interfaz t\u00e1ctil, elementos de visualizaci\u00f3n personalizables y visualizaci\u00f3n de formas de onda  Almacenamiento de datos: Proyectos de almacenamiento personalizables y exportaci\u00f3n en formato CSV  Tama\u00f1o compacto: Chasis 3U de media anchura, ideal para integraci\u00f3n en sistemas\" \/>\n<meta property=\"og:url\" content=\"https:\/\/techmasterdemexico.com\/producto\/87400-high-precision-compact-4-channel-power-analyzer\/\" \/>\n<meta property=\"og:site_name\" content=\"Techmaster de Mexico\" \/>\n<meta property=\"article:modified_time\" content=\"2025-07-22T18:59:38+00:00\" \/>\n<meta property=\"og:image\" content=\"https:\/\/techmasterdemexico.com\/wp-content\/uploads\/87400.png\" \/>\n\t<meta property=\"og:image:width\" content=\"1000\" \/>\n\t<meta property=\"og:image:height\" content=\"1000\" \/>\n\t<meta property=\"og:image:type\" content=\"image\/png\" \/>\n<meta name=\"twitter:card\" content=\"summary_large_image\" \/>\n<meta name=\"twitter:label1\" content=\"Est. reading time\" \/>\n\t<meta name=\"twitter:data1\" content=\"1 minute\" \/>\n<script type=\"application\/ld+json\" class=\"yoast-schema-graph\">{\"@context\":\"https:\\\/\\\/schema.org\",\"@graph\":[{\"@type\":\"WebPage\",\"@id\":\"https:\\\/\\\/techmasterdemexico.com\\\/producto\\\/87400-high-precision-compact-4-channel-power-analyzer\\\/\",\"url\":\"https:\\\/\\\/techmasterdemexico.com\\\/producto\\\/87400-high-precision-compact-4-channel-power-analyzer\\\/\",\"name\":\"REXGEAR 87400 analizador de potencia - Techmaster de Mexico\",\"isPartOf\":{\"@id\":\"https:\\\/\\\/techmasterdemexico.com\\\/#website\"},\"primaryImageOfPage\":{\"@id\":\"https:\\\/\\\/techmasterdemexico.com\\\/producto\\\/87400-high-precision-compact-4-channel-power-analyzer\\\/#primaryimage\"},\"image\":{\"@id\":\"https:\\\/\\\/techmasterdemexico.com\\\/producto\\\/87400-high-precision-compact-4-channel-power-analyzer\\\/#primaryimage\"},\"thumbnailUrl\":\"https:\\\/\\\/techmasterdemexico.com\\\/wp-content\\\/uploads\\\/87400.png\",\"datePublished\":\"2025-07-22T17:09:35+00:00\",\"dateModified\":\"2025-07-22T18:59:38+00:00\",\"breadcrumb\":{\"@id\":\"https:\\\/\\\/techmasterdemexico.com\\\/producto\\\/87400-high-precision-compact-4-channel-power-analyzer\\\/#breadcrumb\"},\"inLanguage\":\"en-US\",\"potentialAction\":[{\"@type\":\"ReadAction\",\"target\":[\"https:\\\/\\\/techmasterdemexico.com\\\/producto\\\/87400-high-precision-compact-4-channel-power-analyzer\\\/\"]}]},{\"@type\":\"ImageObject\",\"inLanguage\":\"en-US\",\"@id\":\"https:\\\/\\\/techmasterdemexico.com\\\/producto\\\/87400-high-precision-compact-4-channel-power-analyzer\\\/#primaryimage\",\"url\":\"https:\\\/\\\/techmasterdemexico.com\\\/wp-content\\\/uploads\\\/87400.png\",\"contentUrl\":\"https:\\\/\\\/techmasterdemexico.com\\\/wp-content\\\/uploads\\\/87400.png\",\"width\":1000,\"height\":1000},{\"@type\":\"BreadcrumbList\",\"@id\":\"https:\\\/\\\/techmasterdemexico.com\\\/producto\\\/87400-high-precision-compact-4-channel-power-analyzer\\\/#breadcrumb\",\"itemListElement\":[{\"@type\":\"ListItem\",\"position\":1,\"name\":\"Portada\",\"item\":\"https:\\\/\\\/techmasterdemexico.com\\\/\"},{\"@type\":\"ListItem\",\"position\":2,\"name\":\"REXGEAR 87400 analizador de potencia\"}]},{\"@type\":\"WebSite\",\"@id\":\"https:\\\/\\\/techmasterdemexico.com\\\/#website\",\"url\":\"https:\\\/\\\/techmasterdemexico.com\\\/\",\"name\":\"Techmaster de Mexico\",\"description\":\"\",\"potentialAction\":[{\"@type\":\"SearchAction\",\"target\":{\"@type\":\"EntryPoint\",\"urlTemplate\":\"https:\\\/\\\/techmasterdemexico.com\\\/?s={search_term_string}\"},\"query-input\":{\"@type\":\"PropertyValueSpecification\",\"valueRequired\":true,\"valueName\":\"search_term_string\"}}],\"inLanguage\":\"en-US\"}]}<\/script>\n<!-- \/ Yoast SEO plugin. -->","yoast_head_json":{"title":"REXGEAR 87400 analizador de potencia - Techmaster de Mexico","robots":{"index":"index","follow":"follow","max-snippet":"max-snippet:-1","max-image-preview":"max-image-preview:large","max-video-preview":"max-video-preview:-1"},"canonical":"https:\/\/techmasterdemexico.com\/producto\/87400-high-precision-compact-4-channel-power-analyzer\/","og_locale":"en_US","og_type":"article","og_title":"REXGEAR 87400 analizador de potencia - Techmaster de Mexico","og_description":"Caracter\u00edsticas del Producto   Precisi\u00f3n b\u00e1sica: 0.05\u202f% \u00d7 lectura + 0.05\u202f% \u00d7 rango  Ancho de banda de medici\u00f3n: CC, 0.5\u202fHz \u2013 100\u202fkHz  Velocidad de muestreo: 200\u202fkSps  Voltaje m\u00e1ximo: 1,000\u202fV convencional \/ 1,500\u202fVDC opcional  Corriente m\u00e1xima: 20\u202fA (convencional), 5\u202fA, 1\u202fA \u2013 admite combinaciones mixtas y configuraci\u00f3n opcional con sensores  Pantalla LCD completa: Interfaz t\u00e1ctil, elementos de visualizaci\u00f3n personalizables y visualizaci\u00f3n de formas de onda  Almacenamiento de datos: Proyectos de almacenamiento personalizables y exportaci\u00f3n en formato CSV  Tama\u00f1o compacto: Chasis 3U de media anchura, ideal para integraci\u00f3n en sistemas","og_url":"https:\/\/techmasterdemexico.com\/producto\/87400-high-precision-compact-4-channel-power-analyzer\/","og_site_name":"Techmaster de Mexico","article_modified_time":"2025-07-22T18:59:38+00:00","og_image":[{"width":1000,"height":1000,"url":"https:\/\/techmasterdemexico.com\/wp-content\/uploads\/87400.png","type":"image\/png"}],"twitter_card":"summary_large_image","twitter_misc":{"Est. reading time":"1 minute"},"schema":{"@context":"https:\/\/schema.org","@graph":[{"@type":"WebPage","@id":"https:\/\/techmasterdemexico.com\/producto\/87400-high-precision-compact-4-channel-power-analyzer\/","url":"https:\/\/techmasterdemexico.com\/producto\/87400-high-precision-compact-4-channel-power-analyzer\/","name":"REXGEAR 87400 analizador de potencia - Techmaster de Mexico","isPartOf":{"@id":"https:\/\/techmasterdemexico.com\/#website"},"primaryImageOfPage":{"@id":"https:\/\/techmasterdemexico.com\/producto\/87400-high-precision-compact-4-channel-power-analyzer\/#primaryimage"},"image":{"@id":"https:\/\/techmasterdemexico.com\/producto\/87400-high-precision-compact-4-channel-power-analyzer\/#primaryimage"},"thumbnailUrl":"https:\/\/techmasterdemexico.com\/wp-content\/uploads\/87400.png","datePublished":"2025-07-22T17:09:35+00:00","dateModified":"2025-07-22T18:59:38+00:00","breadcrumb":{"@id":"https:\/\/techmasterdemexico.com\/producto\/87400-high-precision-compact-4-channel-power-analyzer\/#breadcrumb"},"inLanguage":"en-US","potentialAction":[{"@type":"ReadAction","target":["https:\/\/techmasterdemexico.com\/producto\/87400-high-precision-compact-4-channel-power-analyzer\/"]}]},{"@type":"ImageObject","inLanguage":"en-US","@id":"https:\/\/techmasterdemexico.com\/producto\/87400-high-precision-compact-4-channel-power-analyzer\/#primaryimage","url":"https:\/\/techmasterdemexico.com\/wp-content\/uploads\/87400.png","contentUrl":"https:\/\/techmasterdemexico.com\/wp-content\/uploads\/87400.png","width":1000,"height":1000},{"@type":"BreadcrumbList","@id":"https:\/\/techmasterdemexico.com\/producto\/87400-high-precision-compact-4-channel-power-analyzer\/#breadcrumb","itemListElement":[{"@type":"ListItem","position":1,"name":"Portada","item":"https:\/\/techmasterdemexico.com\/"},{"@type":"ListItem","position":2,"name":"REXGEAR 87400 analizador de potencia"}]},{"@type":"WebSite","@id":"https:\/\/techmasterdemexico.com\/#website","url":"https:\/\/techmasterdemexico.com\/","name":"Techmaster de Mexico","description":"","potentialAction":[{"@type":"SearchAction","target":{"@type":"EntryPoint","urlTemplate":"https:\/\/techmasterdemexico.com\/?s={search_term_string}"},"query-input":{"@type":"PropertyValueSpecification","valueRequired":true,"valueName":"search_term_string"}}],"inLanguage":"en-US"}]}},"brands":[{"id":670,"name":"ITECH","slug":"itech"}],"_links":{"self":[{"href":"https:\/\/techmasterdemexico.com\/en\/wp-json\/wp\/v2\/product\/22953","targetHints":{"allow":["GET"]}}],"collection":[{"href":"https:\/\/techmasterdemexico.com\/en\/wp-json\/wp\/v2\/product"}],"about":[{"href":"https:\/\/techmasterdemexico.com\/en\/wp-json\/wp\/v2\/types\/product"}],"wp:featuredmedia":[{"embeddable":true,"href":"https:\/\/techmasterdemexico.com\/en\/wp-json\/wp\/v2\/media\/22954"}],"wp:attachment":[{"href":"https:\/\/techmasterdemexico.com\/en\/wp-json\/wp\/v2\/media?parent=22953"}],"wp:term":[{"taxonomy":"pwb-brand","embeddable":true,"href":"https:\/\/techmasterdemexico.com\/en\/wp-json\/wp\/v2\/pwb-brand?post=22953"},{"taxonomy":"product_brand","embeddable":true,"href":"https:\/\/techmasterdemexico.com\/en\/wp-json\/wp\/v2\/product_brand?post=22953"},{"taxonomy":"product_cat","embeddable":true,"href":"https:\/\/techmasterdemexico.com\/en\/wp-json\/wp\/v2\/product_cat?post=22953"},{"taxonomy":"product_tag","embeddable":true,"href":"https:\/\/techmasterdemexico.com\/en\/wp-json\/wp\/v2\/product_tag?post=22953"}],"curies":[{"name":"wp","href":"https:\/\/api.w.org\/{rel}","templated":true}]}}