{"id":22941,"date":"2025-07-07T17:52:58","date_gmt":"2025-07-08T00:52:58","guid":{"rendered":"https:\/\/techmasterdemexico.com\/?post_type=product&#038;p=22941"},"modified":"2025-07-07T17:52:58","modified_gmt":"2025-07-08T00:52:58","slug":"comparador-de-presion-hidraulica-p5514b","status":"publish","type":"product","link":"https:\/\/techmasterdemexico.com\/en\/producto\/comparador-de-presion-hidraulica-p5514b\/","title":{"rendered":"Comparador de presi\u00f3n hidr\u00e1ulica P5514B"},"content":{"rendered":"<p>Caracter\u00edsticas principales<\/p>\n<ul>\n<li>Genere una presi\u00f3n de hasta 10.000 psi (70 MPa) con facilidad<\/li>\n<li>Control de ajuste fino mediante vernier<\/li>\n<li>Conectores de prueba sin necesidad de herramientas para conexiones sencillas y sin fugas.<\/li>\n<li>Los conectores del puerto de prueba incluyen adaptadores para tama\u00f1os comunes de NPT y BSP.<\/li>\n<li>Dise\u00f1o robusto con un sellado de la v\u00e1lvula del dep\u00f3sito mejorado.<\/li>\n<\/ul>\n","protected":false},"excerpt":{"rendered":"<p>Caracter\u00edsticas principales Genere una presi\u00f3n de hasta 10.000 psi (70 MPa) con facilidad Control de ajuste fino mediante vernier Conectores de prueba sin necesidad de herramientas para conexiones sencillas y sin fugas. Los conectores del puerto de prueba incluyen adaptadores para tama\u00f1os comunes de NPT y BSP. Dise\u00f1o robusto con un sellado de la v\u00e1lvula [&hellip;]<\/p>\n","protected":false},"featured_media":22943,"template":"","meta":{"_acf_changed":false},"pwb-brand":[31],"product_brand":[],"product_cat":[30],"product_tag":[],"class_list":{"0":"post-22941","1":"product","2":"type-product","3":"status-publish","4":"has-post-thumbnail","6":"pwb-brand-fluke","7":"product_cat-fluke","9":"first","10":"instock","11":"taxable","12":"shipping-taxable","13":"product-type-simple"},"acf":[],"yoast_head":"<!-- This site is optimized with the Yoast SEO plugin v27.3 - https:\/\/yoast.com\/product\/yoast-seo-wordpress\/ -->\n<title>Comparador de presi\u00f3n hidr\u00e1ulica P5514B - Techmaster de Mexico<\/title>\n<meta name=\"robots\" content=\"index, follow, max-snippet:-1, max-image-preview:large, max-video-preview:-1\" \/>\n<link rel=\"canonical\" href=\"https:\/\/techmasterdemexico.com\/producto\/comparador-de-presion-hidraulica-p5514b\/\" \/>\n<meta property=\"og:locale\" content=\"en_US\" \/>\n<meta property=\"og:type\" content=\"article\" \/>\n<meta property=\"og:title\" content=\"Comparador de presi\u00f3n hidr\u00e1ulica P5514B - Techmaster de Mexico\" \/>\n<meta property=\"og:description\" content=\"Caracter\u00edsticas principales Genere una presi\u00f3n de hasta 10.000 psi (70 MPa) con facilidad Control de ajuste fino mediante vernier Conectores de prueba sin necesidad de herramientas para conexiones sencillas y sin fugas. Los conectores del puerto de prueba incluyen adaptadores para tama\u00f1os comunes de NPT y BSP. Dise\u00f1o robusto con un sellado de la v\u00e1lvula [&hellip;]\" \/>\n<meta property=\"og:url\" content=\"https:\/\/techmasterdemexico.com\/producto\/comparador-de-presion-hidraulica-p5514b\/\" \/>\n<meta property=\"og:site_name\" content=\"Techmaster de Mexico\" \/>\n<meta property=\"og:image\" content=\"https:\/\/techmasterdemexico.com\/wp-content\/uploads\/P5514B-1.png\" \/>\n\t<meta property=\"og:image:width\" content=\"1000\" \/>\n\t<meta property=\"og:image:height\" content=\"1000\" \/>\n\t<meta property=\"og:image:type\" content=\"image\/png\" \/>\n<meta name=\"twitter:card\" content=\"summary_large_image\" \/>\n<meta name=\"twitter:label1\" content=\"Est. reading time\" \/>\n\t<meta name=\"twitter:data1\" content=\"1 minute\" \/>\n<script type=\"application\/ld+json\" class=\"yoast-schema-graph\">{\"@context\":\"https:\\\/\\\/schema.org\",\"@graph\":[{\"@type\":\"WebPage\",\"@id\":\"https:\\\/\\\/techmasterdemexico.com\\\/producto\\\/comparador-de-presion-hidraulica-p5514b\\\/\",\"url\":\"https:\\\/\\\/techmasterdemexico.com\\\/producto\\\/comparador-de-presion-hidraulica-p5514b\\\/\",\"name\":\"Comparador de presi\u00f3n hidr\u00e1ulica P5514B - Techmaster de Mexico\",\"isPartOf\":{\"@id\":\"https:\\\/\\\/techmasterdemexico.com\\\/#website\"},\"primaryImageOfPage\":{\"@id\":\"https:\\\/\\\/techmasterdemexico.com\\\/producto\\\/comparador-de-presion-hidraulica-p5514b\\\/#primaryimage\"},\"image\":{\"@id\":\"https:\\\/\\\/techmasterdemexico.com\\\/producto\\\/comparador-de-presion-hidraulica-p5514b\\\/#primaryimage\"},\"thumbnailUrl\":\"https:\\\/\\\/techmasterdemexico.com\\\/wp-content\\\/uploads\\\/P5514B-1.png\",\"datePublished\":\"2025-07-08T00:52:58+00:00\",\"breadcrumb\":{\"@id\":\"https:\\\/\\\/techmasterdemexico.com\\\/producto\\\/comparador-de-presion-hidraulica-p5514b\\\/#breadcrumb\"},\"inLanguage\":\"en-US\",\"potentialAction\":[{\"@type\":\"ReadAction\",\"target\":[\"https:\\\/\\\/techmasterdemexico.com\\\/producto\\\/comparador-de-presion-hidraulica-p5514b\\\/\"]}]},{\"@type\":\"ImageObject\",\"inLanguage\":\"en-US\",\"@id\":\"https:\\\/\\\/techmasterdemexico.com\\\/producto\\\/comparador-de-presion-hidraulica-p5514b\\\/#primaryimage\",\"url\":\"https:\\\/\\\/techmasterdemexico.com\\\/wp-content\\\/uploads\\\/P5514B-1.png\",\"contentUrl\":\"https:\\\/\\\/techmasterdemexico.com\\\/wp-content\\\/uploads\\\/P5514B-1.png\",\"width\":1000,\"height\":1000},{\"@type\":\"BreadcrumbList\",\"@id\":\"https:\\\/\\\/techmasterdemexico.com\\\/producto\\\/comparador-de-presion-hidraulica-p5514b\\\/#breadcrumb\",\"itemListElement\":[{\"@type\":\"ListItem\",\"position\":1,\"name\":\"Portada\",\"item\":\"https:\\\/\\\/techmasterdemexico.com\\\/\"},{\"@type\":\"ListItem\",\"position\":2,\"name\":\"Comparador de presi\u00f3n hidr\u00e1ulica P5514B\"}]},{\"@type\":\"WebSite\",\"@id\":\"https:\\\/\\\/techmasterdemexico.com\\\/#website\",\"url\":\"https:\\\/\\\/techmasterdemexico.com\\\/\",\"name\":\"Techmaster de Mexico\",\"description\":\"\",\"potentialAction\":[{\"@type\":\"SearchAction\",\"target\":{\"@type\":\"EntryPoint\",\"urlTemplate\":\"https:\\\/\\\/techmasterdemexico.com\\\/?s={search_term_string}\"},\"query-input\":{\"@type\":\"PropertyValueSpecification\",\"valueRequired\":true,\"valueName\":\"search_term_string\"}}],\"inLanguage\":\"en-US\"}]}<\/script>\n<!-- \/ Yoast SEO plugin. -->","yoast_head_json":{"title":"Comparador de presi\u00f3n hidr\u00e1ulica P5514B - Techmaster de Mexico","robots":{"index":"index","follow":"follow","max-snippet":"max-snippet:-1","max-image-preview":"max-image-preview:large","max-video-preview":"max-video-preview:-1"},"canonical":"https:\/\/techmasterdemexico.com\/producto\/comparador-de-presion-hidraulica-p5514b\/","og_locale":"en_US","og_type":"article","og_title":"Comparador de presi\u00f3n hidr\u00e1ulica P5514B - Techmaster de Mexico","og_description":"Caracter\u00edsticas principales Genere una presi\u00f3n de hasta 10.000 psi (70 MPa) con facilidad Control de ajuste fino mediante vernier Conectores de prueba sin necesidad de herramientas para conexiones sencillas y sin fugas. Los conectores del puerto de prueba incluyen adaptadores para tama\u00f1os comunes de NPT y BSP. Dise\u00f1o robusto con un sellado de la v\u00e1lvula [&hellip;]","og_url":"https:\/\/techmasterdemexico.com\/producto\/comparador-de-presion-hidraulica-p5514b\/","og_site_name":"Techmaster de Mexico","og_image":[{"width":1000,"height":1000,"url":"https:\/\/techmasterdemexico.com\/wp-content\/uploads\/P5514B-1.png","type":"image\/png"}],"twitter_card":"summary_large_image","twitter_misc":{"Est. reading time":"1 minute"},"schema":{"@context":"https:\/\/schema.org","@graph":[{"@type":"WebPage","@id":"https:\/\/techmasterdemexico.com\/producto\/comparador-de-presion-hidraulica-p5514b\/","url":"https:\/\/techmasterdemexico.com\/producto\/comparador-de-presion-hidraulica-p5514b\/","name":"Comparador de presi\u00f3n hidr\u00e1ulica P5514B - Techmaster de Mexico","isPartOf":{"@id":"https:\/\/techmasterdemexico.com\/#website"},"primaryImageOfPage":{"@id":"https:\/\/techmasterdemexico.com\/producto\/comparador-de-presion-hidraulica-p5514b\/#primaryimage"},"image":{"@id":"https:\/\/techmasterdemexico.com\/producto\/comparador-de-presion-hidraulica-p5514b\/#primaryimage"},"thumbnailUrl":"https:\/\/techmasterdemexico.com\/wp-content\/uploads\/P5514B-1.png","datePublished":"2025-07-08T00:52:58+00:00","breadcrumb":{"@id":"https:\/\/techmasterdemexico.com\/producto\/comparador-de-presion-hidraulica-p5514b\/#breadcrumb"},"inLanguage":"en-US","potentialAction":[{"@type":"ReadAction","target":["https:\/\/techmasterdemexico.com\/producto\/comparador-de-presion-hidraulica-p5514b\/"]}]},{"@type":"ImageObject","inLanguage":"en-US","@id":"https:\/\/techmasterdemexico.com\/producto\/comparador-de-presion-hidraulica-p5514b\/#primaryimage","url":"https:\/\/techmasterdemexico.com\/wp-content\/uploads\/P5514B-1.png","contentUrl":"https:\/\/techmasterdemexico.com\/wp-content\/uploads\/P5514B-1.png","width":1000,"height":1000},{"@type":"BreadcrumbList","@id":"https:\/\/techmasterdemexico.com\/producto\/comparador-de-presion-hidraulica-p5514b\/#breadcrumb","itemListElement":[{"@type":"ListItem","position":1,"name":"Portada","item":"https:\/\/techmasterdemexico.com\/"},{"@type":"ListItem","position":2,"name":"Comparador de presi\u00f3n hidr\u00e1ulica P5514B"}]},{"@type":"WebSite","@id":"https:\/\/techmasterdemexico.com\/#website","url":"https:\/\/techmasterdemexico.com\/","name":"Techmaster de Mexico","description":"","potentialAction":[{"@type":"SearchAction","target":{"@type":"EntryPoint","urlTemplate":"https:\/\/techmasterdemexico.com\/?s={search_term_string}"},"query-input":{"@type":"PropertyValueSpecification","valueRequired":true,"valueName":"search_term_string"}}],"inLanguage":"en-US"}]}},"brands":[{"id":31,"name":"Fluke","slug":"fluke"}],"_links":{"self":[{"href":"https:\/\/techmasterdemexico.com\/en\/wp-json\/wp\/v2\/product\/22941","targetHints":{"allow":["GET"]}}],"collection":[{"href":"https:\/\/techmasterdemexico.com\/en\/wp-json\/wp\/v2\/product"}],"about":[{"href":"https:\/\/techmasterdemexico.com\/en\/wp-json\/wp\/v2\/types\/product"}],"wp:featuredmedia":[{"embeddable":true,"href":"https:\/\/techmasterdemexico.com\/en\/wp-json\/wp\/v2\/media\/22943"}],"wp:attachment":[{"href":"https:\/\/techmasterdemexico.com\/en\/wp-json\/wp\/v2\/media?parent=22941"}],"wp:term":[{"taxonomy":"pwb-brand","embeddable":true,"href":"https:\/\/techmasterdemexico.com\/en\/wp-json\/wp\/v2\/pwb-brand?post=22941"},{"taxonomy":"product_brand","embeddable":true,"href":"https:\/\/techmasterdemexico.com\/en\/wp-json\/wp\/v2\/product_brand?post=22941"},{"taxonomy":"product_cat","embeddable":true,"href":"https:\/\/techmasterdemexico.com\/en\/wp-json\/wp\/v2\/product_cat?post=22941"},{"taxonomy":"product_tag","embeddable":true,"href":"https:\/\/techmasterdemexico.com\/en\/wp-json\/wp\/v2\/product_tag?post=22941"}],"curies":[{"name":"wp","href":"https:\/\/api.w.org\/{rel}","templated":true}]}}