{"id":22846,"date":"2025-05-20T17:14:21","date_gmt":"2025-05-21T00:14:21","guid":{"rendered":"https:\/\/techmasterdemexico.com\/?post_type=product&#038;p=22846"},"modified":"2025-05-20T17:14:21","modified_gmt":"2025-05-21T00:14:21","slug":"herramienta-de-alineacion-laser-de-correa-fluke-835","status":"publish","type":"product","link":"https:\/\/techmasterdemexico.com\/en\/producto\/herramienta-de-alineacion-laser-de-correa-fluke-835\/","title":{"rendered":"Herramienta de alineaci\u00f3n l\u00e1ser de correa Fluke 835"},"content":{"rendered":"<p>Herramienta de alineaci\u00f3n l\u00e1ser de correa Fluke 835<\/p>\n<p>Fluke 835 Laser Belt Alignment Tool<\/p>\n<p>Caracter\u00edsticas principales<\/p>\n<p>M\u00e9todo de alineaci\u00f3n de correas sin comprobaciones cruzadas que permite ahorrar tiempo<br \/>\nIndicaci\u00f3n simult\u00e1nea de la desviaci\u00f3n y los \u00e1ngulos vertical y horizontal<br \/>\nValidaci\u00f3n de las correcciones en tiempo real cuando se logra una alineaci\u00f3n de precisi\u00f3n<br \/>\nMontaje de imanes de gran potencia en pr\u00e1cticamente cualquier tipo de polea<br \/>\nManejo eficiente y preciso por una sola persona sin necesidad de formaci\u00f3n<\/p>\n<p>Herramienta de alineaci\u00f3n l\u00e1ser de correa Fluke 835<br \/>\nPeso 0,3 kg<br \/>\nDimensiones 37 x 40 x 170 mm<br \/>\nCarcasa Aluminio anodizado en color gris<\/p>\n<p>Reflector Fluke 835<br \/>\nPeso 0,27 kg<br \/>\nDimensiones 37 x 40 x 170 mm<br \/>\nCarcasa Aluminio anodizado en color gris<\/p>\n","protected":false},"excerpt":{"rendered":"<p>Herramienta de alineaci\u00f3n l\u00e1ser de correa Fluke 835 Fluke 835 Laser Belt Alignment Tool Caracter\u00edsticas principales M\u00e9todo de alineaci\u00f3n de correas sin comprobaciones cruzadas que permite ahorrar tiempo Indicaci\u00f3n simult\u00e1nea de la desviaci\u00f3n y los \u00e1ngulos vertical y horizontal Validaci\u00f3n de las correcciones en tiempo real cuando se logra una alineaci\u00f3n de precisi\u00f3n Montaje de [&hellip;]<\/p>\n","protected":false},"featured_media":22847,"template":"","meta":{"_acf_changed":false},"pwb-brand":[31],"product_brand":[],"product_cat":[30],"product_tag":[],"class_list":{"0":"post-22846","1":"product","2":"type-product","3":"status-publish","4":"has-post-thumbnail","6":"pwb-brand-fluke","7":"product_cat-fluke","9":"first","10":"instock","11":"taxable","12":"shipping-taxable","13":"product-type-simple"},"acf":[],"yoast_head":"<!-- This site is optimized with the Yoast SEO plugin v27.4 - https:\/\/yoast.com\/product\/yoast-seo-wordpress\/ -->\n<title>Herramienta de alineaci\u00f3n l\u00e1ser de correa Fluke 835 - Techmaster de Mexico<\/title>\n<meta name=\"robots\" content=\"index, follow, max-snippet:-1, max-image-preview:large, max-video-preview:-1\" \/>\n<link rel=\"canonical\" href=\"https:\/\/techmasterdemexico.com\/producto\/herramienta-de-alineacion-laser-de-correa-fluke-835\/\" \/>\n<meta property=\"og:locale\" content=\"en_US\" \/>\n<meta property=\"og:type\" content=\"article\" \/>\n<meta property=\"og:title\" content=\"Herramienta de alineaci\u00f3n l\u00e1ser de correa Fluke 835 - Techmaster de Mexico\" \/>\n<meta property=\"og:description\" content=\"Herramienta de alineaci\u00f3n l\u00e1ser de correa Fluke 835 Fluke 835 Laser Belt Alignment Tool Caracter\u00edsticas principales M\u00e9todo de alineaci\u00f3n de correas sin comprobaciones cruzadas que permite ahorrar tiempo Indicaci\u00f3n simult\u00e1nea de la desviaci\u00f3n y los \u00e1ngulos vertical y horizontal Validaci\u00f3n de las correcciones en tiempo real cuando se logra una alineaci\u00f3n de precisi\u00f3n Montaje de [&hellip;]\" \/>\n<meta property=\"og:url\" content=\"https:\/\/techmasterdemexico.com\/producto\/herramienta-de-alineacion-laser-de-correa-fluke-835\/\" \/>\n<meta property=\"og:site_name\" content=\"Techmaster de Mexico\" \/>\n<meta property=\"og:image\" content=\"https:\/\/techmasterdemexico.com\/wp-content\/uploads\/Fluke-835.png\" \/>\n\t<meta property=\"og:image:width\" content=\"1000\" \/>\n\t<meta property=\"og:image:height\" content=\"1000\" \/>\n\t<meta property=\"og:image:type\" content=\"image\/png\" \/>\n<meta name=\"twitter:card\" content=\"summary_large_image\" \/>\n<meta name=\"twitter:label1\" content=\"Est. reading time\" \/>\n\t<meta name=\"twitter:data1\" content=\"1 minute\" \/>\n<script type=\"application\/ld+json\" class=\"yoast-schema-graph\">{\"@context\":\"https:\\\/\\\/schema.org\",\"@graph\":[{\"@type\":\"WebPage\",\"@id\":\"https:\\\/\\\/techmasterdemexico.com\\\/producto\\\/herramienta-de-alineacion-laser-de-correa-fluke-835\\\/\",\"url\":\"https:\\\/\\\/techmasterdemexico.com\\\/producto\\\/herramienta-de-alineacion-laser-de-correa-fluke-835\\\/\",\"name\":\"Herramienta de alineaci\u00f3n l\u00e1ser de correa Fluke 835 - Techmaster de Mexico\",\"isPartOf\":{\"@id\":\"https:\\\/\\\/techmasterdemexico.com\\\/#website\"},\"primaryImageOfPage\":{\"@id\":\"https:\\\/\\\/techmasterdemexico.com\\\/producto\\\/herramienta-de-alineacion-laser-de-correa-fluke-835\\\/#primaryimage\"},\"image\":{\"@id\":\"https:\\\/\\\/techmasterdemexico.com\\\/producto\\\/herramienta-de-alineacion-laser-de-correa-fluke-835\\\/#primaryimage\"},\"thumbnailUrl\":\"https:\\\/\\\/techmasterdemexico.com\\\/wp-content\\\/uploads\\\/Fluke-835.png\",\"datePublished\":\"2025-05-21T00:14:21+00:00\",\"breadcrumb\":{\"@id\":\"https:\\\/\\\/techmasterdemexico.com\\\/producto\\\/herramienta-de-alineacion-laser-de-correa-fluke-835\\\/#breadcrumb\"},\"inLanguage\":\"en-US\",\"potentialAction\":[{\"@type\":\"ReadAction\",\"target\":[\"https:\\\/\\\/techmasterdemexico.com\\\/producto\\\/herramienta-de-alineacion-laser-de-correa-fluke-835\\\/\"]}]},{\"@type\":\"ImageObject\",\"inLanguage\":\"en-US\",\"@id\":\"https:\\\/\\\/techmasterdemexico.com\\\/producto\\\/herramienta-de-alineacion-laser-de-correa-fluke-835\\\/#primaryimage\",\"url\":\"https:\\\/\\\/techmasterdemexico.com\\\/wp-content\\\/uploads\\\/Fluke-835.png\",\"contentUrl\":\"https:\\\/\\\/techmasterdemexico.com\\\/wp-content\\\/uploads\\\/Fluke-835.png\",\"width\":1000,\"height\":1000},{\"@type\":\"BreadcrumbList\",\"@id\":\"https:\\\/\\\/techmasterdemexico.com\\\/producto\\\/herramienta-de-alineacion-laser-de-correa-fluke-835\\\/#breadcrumb\",\"itemListElement\":[{\"@type\":\"ListItem\",\"position\":1,\"name\":\"Portada\",\"item\":\"https:\\\/\\\/techmasterdemexico.com\\\/\"},{\"@type\":\"ListItem\",\"position\":2,\"name\":\"Herramienta de alineaci\u00f3n l\u00e1ser de correa Fluke 835\"}]},{\"@type\":\"WebSite\",\"@id\":\"https:\\\/\\\/techmasterdemexico.com\\\/#website\",\"url\":\"https:\\\/\\\/techmasterdemexico.com\\\/\",\"name\":\"Techmaster de Mexico\",\"description\":\"\",\"potentialAction\":[{\"@type\":\"SearchAction\",\"target\":{\"@type\":\"EntryPoint\",\"urlTemplate\":\"https:\\\/\\\/techmasterdemexico.com\\\/?s={search_term_string}\"},\"query-input\":{\"@type\":\"PropertyValueSpecification\",\"valueRequired\":true,\"valueName\":\"search_term_string\"}}],\"inLanguage\":\"en-US\"}]}<\/script>\n<!-- \/ Yoast SEO plugin. -->","yoast_head_json":{"title":"Herramienta de alineaci\u00f3n l\u00e1ser de correa Fluke 835 - Techmaster de Mexico","robots":{"index":"index","follow":"follow","max-snippet":"max-snippet:-1","max-image-preview":"max-image-preview:large","max-video-preview":"max-video-preview:-1"},"canonical":"https:\/\/techmasterdemexico.com\/producto\/herramienta-de-alineacion-laser-de-correa-fluke-835\/","og_locale":"en_US","og_type":"article","og_title":"Herramienta de alineaci\u00f3n l\u00e1ser de correa Fluke 835 - Techmaster de Mexico","og_description":"Herramienta de alineaci\u00f3n l\u00e1ser de correa Fluke 835 Fluke 835 Laser Belt Alignment Tool Caracter\u00edsticas principales M\u00e9todo de alineaci\u00f3n de correas sin comprobaciones cruzadas que permite ahorrar tiempo Indicaci\u00f3n simult\u00e1nea de la desviaci\u00f3n y los \u00e1ngulos vertical y horizontal Validaci\u00f3n de las correcciones en tiempo real cuando se logra una alineaci\u00f3n de precisi\u00f3n Montaje de [&hellip;]","og_url":"https:\/\/techmasterdemexico.com\/producto\/herramienta-de-alineacion-laser-de-correa-fluke-835\/","og_site_name":"Techmaster de Mexico","og_image":[{"width":1000,"height":1000,"url":"https:\/\/techmasterdemexico.com\/wp-content\/uploads\/Fluke-835.png","type":"image\/png"}],"twitter_card":"summary_large_image","twitter_misc":{"Est. reading time":"1 minute"},"schema":{"@context":"https:\/\/schema.org","@graph":[{"@type":"WebPage","@id":"https:\/\/techmasterdemexico.com\/producto\/herramienta-de-alineacion-laser-de-correa-fluke-835\/","url":"https:\/\/techmasterdemexico.com\/producto\/herramienta-de-alineacion-laser-de-correa-fluke-835\/","name":"Herramienta de alineaci\u00f3n l\u00e1ser de correa Fluke 835 - Techmaster de Mexico","isPartOf":{"@id":"https:\/\/techmasterdemexico.com\/#website"},"primaryImageOfPage":{"@id":"https:\/\/techmasterdemexico.com\/producto\/herramienta-de-alineacion-laser-de-correa-fluke-835\/#primaryimage"},"image":{"@id":"https:\/\/techmasterdemexico.com\/producto\/herramienta-de-alineacion-laser-de-correa-fluke-835\/#primaryimage"},"thumbnailUrl":"https:\/\/techmasterdemexico.com\/wp-content\/uploads\/Fluke-835.png","datePublished":"2025-05-21T00:14:21+00:00","breadcrumb":{"@id":"https:\/\/techmasterdemexico.com\/producto\/herramienta-de-alineacion-laser-de-correa-fluke-835\/#breadcrumb"},"inLanguage":"en-US","potentialAction":[{"@type":"ReadAction","target":["https:\/\/techmasterdemexico.com\/producto\/herramienta-de-alineacion-laser-de-correa-fluke-835\/"]}]},{"@type":"ImageObject","inLanguage":"en-US","@id":"https:\/\/techmasterdemexico.com\/producto\/herramienta-de-alineacion-laser-de-correa-fluke-835\/#primaryimage","url":"https:\/\/techmasterdemexico.com\/wp-content\/uploads\/Fluke-835.png","contentUrl":"https:\/\/techmasterdemexico.com\/wp-content\/uploads\/Fluke-835.png","width":1000,"height":1000},{"@type":"BreadcrumbList","@id":"https:\/\/techmasterdemexico.com\/producto\/herramienta-de-alineacion-laser-de-correa-fluke-835\/#breadcrumb","itemListElement":[{"@type":"ListItem","position":1,"name":"Portada","item":"https:\/\/techmasterdemexico.com\/"},{"@type":"ListItem","position":2,"name":"Herramienta de alineaci\u00f3n l\u00e1ser de correa Fluke 835"}]},{"@type":"WebSite","@id":"https:\/\/techmasterdemexico.com\/#website","url":"https:\/\/techmasterdemexico.com\/","name":"Techmaster de Mexico","description":"","potentialAction":[{"@type":"SearchAction","target":{"@type":"EntryPoint","urlTemplate":"https:\/\/techmasterdemexico.com\/?s={search_term_string}"},"query-input":{"@type":"PropertyValueSpecification","valueRequired":true,"valueName":"search_term_string"}}],"inLanguage":"en-US"}]}},"brands":[{"id":31,"name":"Fluke","slug":"fluke"}],"_links":{"self":[{"href":"https:\/\/techmasterdemexico.com\/en\/wp-json\/wp\/v2\/product\/22846","targetHints":{"allow":["GET"]}}],"collection":[{"href":"https:\/\/techmasterdemexico.com\/en\/wp-json\/wp\/v2\/product"}],"about":[{"href":"https:\/\/techmasterdemexico.com\/en\/wp-json\/wp\/v2\/types\/product"}],"wp:featuredmedia":[{"embeddable":true,"href":"https:\/\/techmasterdemexico.com\/en\/wp-json\/wp\/v2\/media\/22847"}],"wp:attachment":[{"href":"https:\/\/techmasterdemexico.com\/en\/wp-json\/wp\/v2\/media?parent=22846"}],"wp:term":[{"taxonomy":"pwb-brand","embeddable":true,"href":"https:\/\/techmasterdemexico.com\/en\/wp-json\/wp\/v2\/pwb-brand?post=22846"},{"taxonomy":"product_brand","embeddable":true,"href":"https:\/\/techmasterdemexico.com\/en\/wp-json\/wp\/v2\/product_brand?post=22846"},{"taxonomy":"product_cat","embeddable":true,"href":"https:\/\/techmasterdemexico.com\/en\/wp-json\/wp\/v2\/product_cat?post=22846"},{"taxonomy":"product_tag","embeddable":true,"href":"https:\/\/techmasterdemexico.com\/en\/wp-json\/wp\/v2\/product_tag?post=22846"}],"curies":[{"name":"wp","href":"https:\/\/api.w.org\/{rel}","templated":true}]}}