{"id":22842,"date":"2025-05-19T16:54:27","date_gmt":"2025-05-19T23:54:27","guid":{"rendered":"https:\/\/techmasterdemexico.com\/?post_type=product&#038;p=22842"},"modified":"2025-08-07T11:09:34","modified_gmt":"2025-08-07T18:09:34","slug":"durometro-rockwell-digital-hr-430ms-810-194-21-iso","status":"publish","type":"product","link":"https:\/\/techmasterdemexico.com\/en\/producto\/durometro-rockwell-digital-hr-430ms-810-194-21-iso\/","title":{"rendered":"Dur\u00f3metro Rockwell Digital HR-430MS 810-194-21-ISO"},"content":{"rendered":"<p><span style=\"color: red;\">Equipo inactivo, su reemplazo 810-194-31<\/span><\/p>\n<p>Dur\u00f3metro Rockwell Digital HR-430MS 810-194-21-ISO. Modelo digital con selector r\u00e1pido de pre-carga y cambio de carga autom\u00e1tico. Realiza ensayos Rockwell Normal y Superficial.<\/p>\n<p>Informaci\u00f3n t\u00e9cnica<\/p>\n<ul>\n<li>Modelo digital con selector r\u00e1pido de precarga, facilitando el cambio de ensayo. Cuenta con selector giratorio para cambio de carga, eliminando el cambio manual de pesos. Realiza ensayos Rockwell Normal y Superficial.<\/li>\n<li>Los modelos digitales tienen un display que muestra los siguientes datos: Valor de dureza, Indicaci\u00f3n de aplicaci\u00f3n de la carga, Tiempo de ensayo, Conversi\u00f3n de escalas, L\u00edmite de tolerancia y Offset.<br \/>\nEstos modelos tambi\u00e9n ofrecen salida de datos<\/li>\n<li>Modelo digital con selector r\u00e1pido de pre-carga, facilitando el cambio de ensayo. Cuenta con selector giratorio para cambio de carga, eliminando el cambio manual de pesos. Realiza ensayos Rockwell Normal y Superficial.<\/li>\n<li>Los modelos digitales tienen un mostrador que presenta los siguientes datos: Valor de la dureza, Indicaci\u00f3n de aplicaci\u00f3n de la carga, Tiempo de ensayo, Conversi\u00f3n de escalas, L\u00edmite de tolerancia y Offset.<\/li>\n<\/ul>\n<p>Estos modelos tambi\u00e9n ofrecen salida de datos<\/p>\n","protected":false},"excerpt":{"rendered":"<p>Informaci\u00f3n adicional<\/p>\n<ul>\n<li>Serie: 810<\/li>\n<li>Modelo: HR-430MS<\/li>\n<li>Tipo de dureza: Rockwell Superficial<\/li>\n<li>Reglas: JIS B 7726 ISO6508-2 (ASTM E18)<\/li>\n<li>Tipo de pantalla: Digital<\/li>\n<li>Control de la precarga: Frenagem autom\u00e1tica do voltante<\/li>\n<li>Selecci\u00f3n de la precarga: Cambio manual<\/li>\n<li>Selecci\u00f3n de la carga total: Volante Lateral<\/li>\n<li>Aplicaci\u00f3n de la carga: Motorizado<\/li>\n<li>Funciones: uicio de tolerancia (G\/NG) \/ Compensaci\u00f3n de Offset \/ Conversi\u00f3n entre<\/li>\n<li>Salida de Datos: Interfaz Digimatic CEP, Interfaz Serial (RS-232C)<\/li>\n<li>Alimentaci\u00f3n: 100 a 240V VA, 1.2A (Fonte 12V CC, 3.5A)<\/li>\n<li>Dimensiones externas: Aprox. 235(L)\u00d7516(P)\u00d7780(A)mm<\/li>\n<\/ul>\n","protected":false},"featured_media":22843,"template":"","meta":{"_acf_changed":false},"pwb-brand":[39],"product_brand":[],"product_cat":[366,302,304,38],"product_tag":[],"class_list":{"0":"post-22842","1":"product","2":"type-product","3":"status-publish","4":"has-post-thumbnail","6":"pwb-brand-mitutoyo","7":"product_cat-todos-los-productos","8":"product_cat-durometros-mitutoyo","9":"product_cat-durometros-rockwell","10":"product_cat-mitutoyo","12":"first","13":"instock","14":"taxable","15":"shipping-taxable","16":"product-type-simple"},"acf":[],"yoast_head":"<!-- This site is optimized with the Yoast SEO plugin v27.4 - https:\/\/yoast.com\/product\/yoast-seo-wordpress\/ -->\n<title>Dur\u00f3metro Rockwell Digital HR-430MS 810-194-21-ISO - Techmaster de Mexico<\/title>\n<meta name=\"robots\" content=\"index, follow, max-snippet:-1, max-image-preview:large, max-video-preview:-1\" \/>\n<link rel=\"canonical\" href=\"https:\/\/techmasterdemexico.com\/producto\/durometro-rockwell-digital-hr-430ms-810-194-21-iso\/\" \/>\n<meta property=\"og:locale\" content=\"en_US\" \/>\n<meta property=\"og:type\" content=\"article\" \/>\n<meta property=\"og:title\" content=\"Dur\u00f3metro Rockwell Digital HR-430MS 810-194-21-ISO - Techmaster de Mexico\" \/>\n<meta property=\"og:description\" content=\"Informaci\u00f3n adicional   Serie: 810  Modelo: HR-430MS  Tipo de dureza: Rockwell Superficial  Reglas: JIS B 7726 ISO6508-2 (ASTM E18)  Tipo de pantalla: Digital  Control de la precarga: Frenagem autom\u00e1tica do voltante  Selecci\u00f3n de la precarga: Cambio manual  Selecci\u00f3n de la carga total: Volante Lateral  Aplicaci\u00f3n de la carga: Motorizado  Funciones: uicio de tolerancia (G\/NG) \/ Compensaci\u00f3n de Offset \/ Conversi\u00f3n entre  Salida de Datos: Interfaz Digimatic CEP, Interfaz Serial (RS-232C)  Alimentaci\u00f3n: 100 a 240V VA, 1.2A (Fonte 12V CC, 3.5A)  Dimensiones externas: Aprox. 235(L)\u00d7516(P)\u00d7780(A)mm\" \/>\n<meta property=\"og:url\" content=\"https:\/\/techmasterdemexico.com\/producto\/durometro-rockwell-digital-hr-430ms-810-194-21-iso\/\" \/>\n<meta property=\"og:site_name\" content=\"Techmaster de Mexico\" \/>\n<meta property=\"article:modified_time\" content=\"2025-08-07T18:09:34+00:00\" \/>\n<meta property=\"og:image\" content=\"https:\/\/techmasterdemexico.com\/wp-content\/uploads\/HR-430-MR.png\" \/>\n\t<meta property=\"og:image:width\" content=\"1000\" \/>\n\t<meta property=\"og:image:height\" content=\"1000\" \/>\n\t<meta property=\"og:image:type\" content=\"image\/png\" \/>\n<meta name=\"twitter:card\" content=\"summary_large_image\" \/>\n<meta name=\"twitter:label1\" content=\"Est. reading time\" \/>\n\t<meta name=\"twitter:data1\" content=\"1 minute\" \/>\n<script type=\"application\/ld+json\" class=\"yoast-schema-graph\">{\"@context\":\"https:\\\/\\\/schema.org\",\"@graph\":[{\"@type\":\"WebPage\",\"@id\":\"https:\\\/\\\/techmasterdemexico.com\\\/producto\\\/durometro-rockwell-digital-hr-430ms-810-194-21-iso\\\/\",\"url\":\"https:\\\/\\\/techmasterdemexico.com\\\/producto\\\/durometro-rockwell-digital-hr-430ms-810-194-21-iso\\\/\",\"name\":\"Dur\u00f3metro Rockwell Digital HR-430MS 810-194-21-ISO - Techmaster de Mexico\",\"isPartOf\":{\"@id\":\"https:\\\/\\\/techmasterdemexico.com\\\/#website\"},\"primaryImageOfPage\":{\"@id\":\"https:\\\/\\\/techmasterdemexico.com\\\/producto\\\/durometro-rockwell-digital-hr-430ms-810-194-21-iso\\\/#primaryimage\"},\"image\":{\"@id\":\"https:\\\/\\\/techmasterdemexico.com\\\/producto\\\/durometro-rockwell-digital-hr-430ms-810-194-21-iso\\\/#primaryimage\"},\"thumbnailUrl\":\"https:\\\/\\\/techmasterdemexico.com\\\/wp-content\\\/uploads\\\/HR-430-MR.png\",\"datePublished\":\"2025-05-19T23:54:27+00:00\",\"dateModified\":\"2025-08-07T18:09:34+00:00\",\"breadcrumb\":{\"@id\":\"https:\\\/\\\/techmasterdemexico.com\\\/producto\\\/durometro-rockwell-digital-hr-430ms-810-194-21-iso\\\/#breadcrumb\"},\"inLanguage\":\"en-US\",\"potentialAction\":[{\"@type\":\"ReadAction\",\"target\":[\"https:\\\/\\\/techmasterdemexico.com\\\/producto\\\/durometro-rockwell-digital-hr-430ms-810-194-21-iso\\\/\"]}]},{\"@type\":\"ImageObject\",\"inLanguage\":\"en-US\",\"@id\":\"https:\\\/\\\/techmasterdemexico.com\\\/producto\\\/durometro-rockwell-digital-hr-430ms-810-194-21-iso\\\/#primaryimage\",\"url\":\"https:\\\/\\\/techmasterdemexico.com\\\/wp-content\\\/uploads\\\/HR-430-MR.png\",\"contentUrl\":\"https:\\\/\\\/techmasterdemexico.com\\\/wp-content\\\/uploads\\\/HR-430-MR.png\",\"width\":1000,\"height\":1000},{\"@type\":\"BreadcrumbList\",\"@id\":\"https:\\\/\\\/techmasterdemexico.com\\\/producto\\\/durometro-rockwell-digital-hr-430ms-810-194-21-iso\\\/#breadcrumb\",\"itemListElement\":[{\"@type\":\"ListItem\",\"position\":1,\"name\":\"Portada\",\"item\":\"https:\\\/\\\/techmasterdemexico.com\\\/\"},{\"@type\":\"ListItem\",\"position\":2,\"name\":\"Dur\u00f3metro Rockwell Digital HR-430MS 810-194-21-ISO\"}]},{\"@type\":\"WebSite\",\"@id\":\"https:\\\/\\\/techmasterdemexico.com\\\/#website\",\"url\":\"https:\\\/\\\/techmasterdemexico.com\\\/\",\"name\":\"Techmaster de Mexico\",\"description\":\"\",\"potentialAction\":[{\"@type\":\"SearchAction\",\"target\":{\"@type\":\"EntryPoint\",\"urlTemplate\":\"https:\\\/\\\/techmasterdemexico.com\\\/?s={search_term_string}\"},\"query-input\":{\"@type\":\"PropertyValueSpecification\",\"valueRequired\":true,\"valueName\":\"search_term_string\"}}],\"inLanguage\":\"en-US\"}]}<\/script>\n<!-- \/ Yoast SEO plugin. -->","yoast_head_json":{"title":"Dur\u00f3metro Rockwell Digital HR-430MS 810-194-21-ISO - Techmaster de Mexico","robots":{"index":"index","follow":"follow","max-snippet":"max-snippet:-1","max-image-preview":"max-image-preview:large","max-video-preview":"max-video-preview:-1"},"canonical":"https:\/\/techmasterdemexico.com\/producto\/durometro-rockwell-digital-hr-430ms-810-194-21-iso\/","og_locale":"en_US","og_type":"article","og_title":"Dur\u00f3metro Rockwell Digital HR-430MS 810-194-21-ISO - Techmaster de Mexico","og_description":"Informaci\u00f3n adicional   Serie: 810  Modelo: HR-430MS  Tipo de dureza: Rockwell Superficial  Reglas: JIS B 7726 ISO6508-2 (ASTM E18)  Tipo de pantalla: Digital  Control de la precarga: Frenagem autom\u00e1tica do voltante  Selecci\u00f3n de la precarga: Cambio manual  Selecci\u00f3n de la carga total: Volante Lateral  Aplicaci\u00f3n de la carga: Motorizado  Funciones: uicio de tolerancia (G\/NG) \/ Compensaci\u00f3n de Offset \/ Conversi\u00f3n entre  Salida de Datos: Interfaz Digimatic CEP, Interfaz Serial (RS-232C)  Alimentaci\u00f3n: 100 a 240V VA, 1.2A (Fonte 12V CC, 3.5A)  Dimensiones externas: Aprox. 235(L)\u00d7516(P)\u00d7780(A)mm","og_url":"https:\/\/techmasterdemexico.com\/producto\/durometro-rockwell-digital-hr-430ms-810-194-21-iso\/","og_site_name":"Techmaster de Mexico","article_modified_time":"2025-08-07T18:09:34+00:00","og_image":[{"width":1000,"height":1000,"url":"https:\/\/techmasterdemexico.com\/wp-content\/uploads\/HR-430-MR.png","type":"image\/png"}],"twitter_card":"summary_large_image","twitter_misc":{"Est. reading time":"1 minute"},"schema":{"@context":"https:\/\/schema.org","@graph":[{"@type":"WebPage","@id":"https:\/\/techmasterdemexico.com\/producto\/durometro-rockwell-digital-hr-430ms-810-194-21-iso\/","url":"https:\/\/techmasterdemexico.com\/producto\/durometro-rockwell-digital-hr-430ms-810-194-21-iso\/","name":"Dur\u00f3metro Rockwell Digital HR-430MS 810-194-21-ISO - Techmaster de Mexico","isPartOf":{"@id":"https:\/\/techmasterdemexico.com\/#website"},"primaryImageOfPage":{"@id":"https:\/\/techmasterdemexico.com\/producto\/durometro-rockwell-digital-hr-430ms-810-194-21-iso\/#primaryimage"},"image":{"@id":"https:\/\/techmasterdemexico.com\/producto\/durometro-rockwell-digital-hr-430ms-810-194-21-iso\/#primaryimage"},"thumbnailUrl":"https:\/\/techmasterdemexico.com\/wp-content\/uploads\/HR-430-MR.png","datePublished":"2025-05-19T23:54:27+00:00","dateModified":"2025-08-07T18:09:34+00:00","breadcrumb":{"@id":"https:\/\/techmasterdemexico.com\/producto\/durometro-rockwell-digital-hr-430ms-810-194-21-iso\/#breadcrumb"},"inLanguage":"en-US","potentialAction":[{"@type":"ReadAction","target":["https:\/\/techmasterdemexico.com\/producto\/durometro-rockwell-digital-hr-430ms-810-194-21-iso\/"]}]},{"@type":"ImageObject","inLanguage":"en-US","@id":"https:\/\/techmasterdemexico.com\/producto\/durometro-rockwell-digital-hr-430ms-810-194-21-iso\/#primaryimage","url":"https:\/\/techmasterdemexico.com\/wp-content\/uploads\/HR-430-MR.png","contentUrl":"https:\/\/techmasterdemexico.com\/wp-content\/uploads\/HR-430-MR.png","width":1000,"height":1000},{"@type":"BreadcrumbList","@id":"https:\/\/techmasterdemexico.com\/producto\/durometro-rockwell-digital-hr-430ms-810-194-21-iso\/#breadcrumb","itemListElement":[{"@type":"ListItem","position":1,"name":"Portada","item":"https:\/\/techmasterdemexico.com\/"},{"@type":"ListItem","position":2,"name":"Dur\u00f3metro Rockwell Digital HR-430MS 810-194-21-ISO"}]},{"@type":"WebSite","@id":"https:\/\/techmasterdemexico.com\/#website","url":"https:\/\/techmasterdemexico.com\/","name":"Techmaster de Mexico","description":"","potentialAction":[{"@type":"SearchAction","target":{"@type":"EntryPoint","urlTemplate":"https:\/\/techmasterdemexico.com\/?s={search_term_string}"},"query-input":{"@type":"PropertyValueSpecification","valueRequired":true,"valueName":"search_term_string"}}],"inLanguage":"en-US"}]}},"brands":[{"id":39,"name":"Mitutoyo","slug":"mitutoyo"}],"_links":{"self":[{"href":"https:\/\/techmasterdemexico.com\/en\/wp-json\/wp\/v2\/product\/22842","targetHints":{"allow":["GET"]}}],"collection":[{"href":"https:\/\/techmasterdemexico.com\/en\/wp-json\/wp\/v2\/product"}],"about":[{"href":"https:\/\/techmasterdemexico.com\/en\/wp-json\/wp\/v2\/types\/product"}],"wp:featuredmedia":[{"embeddable":true,"href":"https:\/\/techmasterdemexico.com\/en\/wp-json\/wp\/v2\/media\/22843"}],"wp:attachment":[{"href":"https:\/\/techmasterdemexico.com\/en\/wp-json\/wp\/v2\/media?parent=22842"}],"wp:term":[{"taxonomy":"pwb-brand","embeddable":true,"href":"https:\/\/techmasterdemexico.com\/en\/wp-json\/wp\/v2\/pwb-brand?post=22842"},{"taxonomy":"product_brand","embeddable":true,"href":"https:\/\/techmasterdemexico.com\/en\/wp-json\/wp\/v2\/product_brand?post=22842"},{"taxonomy":"product_cat","embeddable":true,"href":"https:\/\/techmasterdemexico.com\/en\/wp-json\/wp\/v2\/product_cat?post=22842"},{"taxonomy":"product_tag","embeddable":true,"href":"https:\/\/techmasterdemexico.com\/en\/wp-json\/wp\/v2\/product_tag?post=22842"}],"curies":[{"name":"wp","href":"https:\/\/api.w.org\/{rel}","templated":true}]}}