{"id":22830,"date":"2025-05-19T12:43:07","date_gmt":"2025-05-19T19:43:07","guid":{"rendered":"https:\/\/techmasterdemexico.com\/?post_type=product&#038;p=22830"},"modified":"2025-05-19T12:43:08","modified_gmt":"2025-05-19T19:43:08","slug":"digital-micrometer-inch-metric-0-1-w-o-data-output","status":"publish","type":"product","link":"https:\/\/techmasterdemexico.com\/en\/producto\/digital-micrometer-inch-metric-0-1-w-o-data-output\/","title":{"rendered":"Digital Micrometer, Inch\/Metric 0-1&#8243;, w\/o Data Output"},"content":{"rendered":"<p>Rango de medici\u00f3n: De 0 a 1 pulgada (25,4 mm) con una resoluci\u00f3n de 0,00005 pulgadas (0,001 mm).\u200b<\/p>\n<p>Pantalla digital: Facilita lecturas precisas y r\u00e1pidas, con la funci\u00f3n &#8220;cero absoluto&#8221; para evitar ajustes previos.\u200b<\/p>\n<p>Sistema de freno ratchet: Permite mediciones constantes y repetibles, evitando presi\u00f3n excesiva.\u200b<\/p>\n<p>Bajo consumo energ\u00e9tico: Bater\u00eda de larga duraci\u00f3n para m\u00e1s tiempo de uso sin cambios frecuentes.\u200b<\/p>\n","protected":false},"excerpt":{"rendered":"<p>Rango de medici\u00f3n: De 0 a 1 pulgada (25,4 mm) con una resoluci\u00f3n de 0,00005 pulgadas (0,001 mm).\u200b Pantalla digital: Facilita lecturas precisas y r\u00e1pidas, con la funci\u00f3n &#8220;cero absoluto&#8221; para evitar ajustes previos.\u200b Sistema de freno ratchet: Permite mediciones constantes y repetibles, evitando presi\u00f3n excesiva.\u200b Bajo consumo energ\u00e9tico: Bater\u00eda de larga duraci\u00f3n para m\u00e1s [&hellip;]<\/p>\n","protected":false},"featured_media":22832,"template":"","meta":{"_acf_changed":false},"pwb-brand":[39],"product_brand":[],"product_cat":[366,331,74,432,38],"product_tag":[],"class_list":{"0":"post-22830","1":"product","2":"type-product","3":"status-publish","4":"has-post-thumbnail","6":"pwb-brand-mitutoyo","7":"product_cat-todos-los-productos","8":"product_cat-instrumentos-de-medicion-y-gestion-de-datos","9":"product_cat-micrometros","10":"product_cat-micrometros-digimatic-y-micrometros-mecanicos","11":"product_cat-mitutoyo","13":"first","14":"instock","15":"taxable","16":"shipping-taxable","17":"product-type-simple"},"acf":[],"yoast_head":"<!-- This site is optimized with the Yoast SEO plugin v27.3 - https:\/\/yoast.com\/product\/yoast-seo-wordpress\/ -->\n<title>Digital Micrometer, Inch\/Metric 0-1&#8243;, w\/o Data Output - Techmaster de Mexico<\/title>\n<meta name=\"robots\" content=\"index, follow, max-snippet:-1, max-image-preview:large, max-video-preview:-1\" \/>\n<link rel=\"canonical\" href=\"https:\/\/techmasterdemexico.com\/en\/producto\/digital-micrometer-inch-metric-0-1-w-o-data-output\/\" \/>\n<meta property=\"og:locale\" content=\"en_US\" \/>\n<meta property=\"og:type\" content=\"article\" \/>\n<meta property=\"og:title\" content=\"Digital Micrometer, Inch\/Metric 0-1&#8243;, w\/o Data Output - Techmaster de Mexico\" \/>\n<meta property=\"og:description\" content=\"Rango de medici\u00f3n: De 0 a 1 pulgada (25,4 mm) con una resoluci\u00f3n de 0,00005 pulgadas (0,001 mm).\u200b Pantalla digital: Facilita lecturas precisas y r\u00e1pidas, con la funci\u00f3n &#8220;cero absoluto&#8221; para evitar ajustes previos.\u200b Sistema de freno ratchet: Permite mediciones constantes y repetibles, evitando presi\u00f3n excesiva.\u200b Bajo consumo energ\u00e9tico: Bater\u00eda de larga duraci\u00f3n para m\u00e1s [&hellip;]\" \/>\n<meta property=\"og:url\" content=\"https:\/\/techmasterdemexico.com\/en\/producto\/digital-micrometer-inch-metric-0-1-w-o-data-output\/\" \/>\n<meta property=\"og:site_name\" content=\"Techmaster de Mexico\" \/>\n<meta property=\"article:modified_time\" content=\"2025-05-19T19:43:08+00:00\" \/>\n<meta property=\"og:image\" content=\"https:\/\/techmasterdemexico.com\/wp-content\/uploads\/293-831-30\u200b.png\" \/>\n\t<meta property=\"og:image:width\" content=\"1000\" \/>\n\t<meta property=\"og:image:height\" content=\"1000\" \/>\n\t<meta property=\"og:image:type\" content=\"image\/png\" \/>\n<meta name=\"twitter:card\" content=\"summary_large_image\" \/>\n<meta name=\"twitter:label1\" content=\"Est. reading time\" \/>\n\t<meta name=\"twitter:data1\" content=\"1 minute\" \/>\n<script type=\"application\/ld+json\" class=\"yoast-schema-graph\">{\"@context\":\"https:\\\/\\\/schema.org\",\"@graph\":[{\"@type\":\"WebPage\",\"@id\":\"https:\\\/\\\/techmasterdemexico.com\\\/en\\\/producto\\\/digital-micrometer-inch-metric-0-1-w-o-data-output\\\/\",\"url\":\"https:\\\/\\\/techmasterdemexico.com\\\/en\\\/producto\\\/digital-micrometer-inch-metric-0-1-w-o-data-output\\\/\",\"name\":\"Digital Micrometer, Inch\\\/Metric 0-1&#8243;, w\\\/o Data Output - Techmaster de Mexico\",\"isPartOf\":{\"@id\":\"https:\\\/\\\/techmasterdemexico.com\\\/#website\"},\"primaryImageOfPage\":{\"@id\":\"https:\\\/\\\/techmasterdemexico.com\\\/en\\\/producto\\\/digital-micrometer-inch-metric-0-1-w-o-data-output\\\/#primaryimage\"},\"image\":{\"@id\":\"https:\\\/\\\/techmasterdemexico.com\\\/en\\\/producto\\\/digital-micrometer-inch-metric-0-1-w-o-data-output\\\/#primaryimage\"},\"thumbnailUrl\":\"https:\\\/\\\/techmasterdemexico.com\\\/wp-content\\\/uploads\\\/293-831-30\u200b.png\",\"datePublished\":\"2025-05-19T19:43:07+00:00\",\"dateModified\":\"2025-05-19T19:43:08+00:00\",\"breadcrumb\":{\"@id\":\"https:\\\/\\\/techmasterdemexico.com\\\/en\\\/producto\\\/digital-micrometer-inch-metric-0-1-w-o-data-output\\\/#breadcrumb\"},\"inLanguage\":\"en-US\",\"potentialAction\":[{\"@type\":\"ReadAction\",\"target\":[\"https:\\\/\\\/techmasterdemexico.com\\\/en\\\/producto\\\/digital-micrometer-inch-metric-0-1-w-o-data-output\\\/\"]}]},{\"@type\":\"ImageObject\",\"inLanguage\":\"en-US\",\"@id\":\"https:\\\/\\\/techmasterdemexico.com\\\/en\\\/producto\\\/digital-micrometer-inch-metric-0-1-w-o-data-output\\\/#primaryimage\",\"url\":\"https:\\\/\\\/techmasterdemexico.com\\\/wp-content\\\/uploads\\\/293-831-30\u200b.png\",\"contentUrl\":\"https:\\\/\\\/techmasterdemexico.com\\\/wp-content\\\/uploads\\\/293-831-30\u200b.png\",\"width\":1000,\"height\":1000},{\"@type\":\"BreadcrumbList\",\"@id\":\"https:\\\/\\\/techmasterdemexico.com\\\/en\\\/producto\\\/digital-micrometer-inch-metric-0-1-w-o-data-output\\\/#breadcrumb\",\"itemListElement\":[{\"@type\":\"ListItem\",\"position\":1,\"name\":\"Portada\",\"item\":\"https:\\\/\\\/techmasterdemexico.com\\\/\"},{\"@type\":\"ListItem\",\"position\":2,\"name\":\"Digital Micrometer, Inch\\\/Metric 0-1&#8243;, w\\\/o Data Output\"}]},{\"@type\":\"WebSite\",\"@id\":\"https:\\\/\\\/techmasterdemexico.com\\\/#website\",\"url\":\"https:\\\/\\\/techmasterdemexico.com\\\/\",\"name\":\"Techmaster de Mexico\",\"description\":\"\",\"potentialAction\":[{\"@type\":\"SearchAction\",\"target\":{\"@type\":\"EntryPoint\",\"urlTemplate\":\"https:\\\/\\\/techmasterdemexico.com\\\/?s={search_term_string}\"},\"query-input\":{\"@type\":\"PropertyValueSpecification\",\"valueRequired\":true,\"valueName\":\"search_term_string\"}}],\"inLanguage\":\"en-US\"}]}<\/script>\n<!-- \/ Yoast SEO plugin. -->","yoast_head_json":{"title":"Digital Micrometer, Inch\/Metric 0-1&#8243;, w\/o Data Output - Techmaster de Mexico","robots":{"index":"index","follow":"follow","max-snippet":"max-snippet:-1","max-image-preview":"max-image-preview:large","max-video-preview":"max-video-preview:-1"},"canonical":"https:\/\/techmasterdemexico.com\/en\/producto\/digital-micrometer-inch-metric-0-1-w-o-data-output\/","og_locale":"en_US","og_type":"article","og_title":"Digital Micrometer, Inch\/Metric 0-1&#8243;, w\/o Data Output - Techmaster de Mexico","og_description":"Rango de medici\u00f3n: De 0 a 1 pulgada (25,4 mm) con una resoluci\u00f3n de 0,00005 pulgadas (0,001 mm).\u200b Pantalla digital: Facilita lecturas precisas y r\u00e1pidas, con la funci\u00f3n &#8220;cero absoluto&#8221; para evitar ajustes previos.\u200b Sistema de freno ratchet: Permite mediciones constantes y repetibles, evitando presi\u00f3n excesiva.\u200b Bajo consumo energ\u00e9tico: Bater\u00eda de larga duraci\u00f3n para m\u00e1s [&hellip;]","og_url":"https:\/\/techmasterdemexico.com\/en\/producto\/digital-micrometer-inch-metric-0-1-w-o-data-output\/","og_site_name":"Techmaster de Mexico","article_modified_time":"2025-05-19T19:43:08+00:00","og_image":[{"width":1000,"height":1000,"url":"https:\/\/techmasterdemexico.com\/wp-content\/uploads\/293-831-30\u200b.png","type":"image\/png"}],"twitter_card":"summary_large_image","twitter_misc":{"Est. reading time":"1 minute"},"schema":{"@context":"https:\/\/schema.org","@graph":[{"@type":"WebPage","@id":"https:\/\/techmasterdemexico.com\/en\/producto\/digital-micrometer-inch-metric-0-1-w-o-data-output\/","url":"https:\/\/techmasterdemexico.com\/en\/producto\/digital-micrometer-inch-metric-0-1-w-o-data-output\/","name":"Digital Micrometer, Inch\/Metric 0-1&#8243;, w\/o Data Output - Techmaster de Mexico","isPartOf":{"@id":"https:\/\/techmasterdemexico.com\/#website"},"primaryImageOfPage":{"@id":"https:\/\/techmasterdemexico.com\/en\/producto\/digital-micrometer-inch-metric-0-1-w-o-data-output\/#primaryimage"},"image":{"@id":"https:\/\/techmasterdemexico.com\/en\/producto\/digital-micrometer-inch-metric-0-1-w-o-data-output\/#primaryimage"},"thumbnailUrl":"https:\/\/techmasterdemexico.com\/wp-content\/uploads\/293-831-30\u200b.png","datePublished":"2025-05-19T19:43:07+00:00","dateModified":"2025-05-19T19:43:08+00:00","breadcrumb":{"@id":"https:\/\/techmasterdemexico.com\/en\/producto\/digital-micrometer-inch-metric-0-1-w-o-data-output\/#breadcrumb"},"inLanguage":"en-US","potentialAction":[{"@type":"ReadAction","target":["https:\/\/techmasterdemexico.com\/en\/producto\/digital-micrometer-inch-metric-0-1-w-o-data-output\/"]}]},{"@type":"ImageObject","inLanguage":"en-US","@id":"https:\/\/techmasterdemexico.com\/en\/producto\/digital-micrometer-inch-metric-0-1-w-o-data-output\/#primaryimage","url":"https:\/\/techmasterdemexico.com\/wp-content\/uploads\/293-831-30\u200b.png","contentUrl":"https:\/\/techmasterdemexico.com\/wp-content\/uploads\/293-831-30\u200b.png","width":1000,"height":1000},{"@type":"BreadcrumbList","@id":"https:\/\/techmasterdemexico.com\/en\/producto\/digital-micrometer-inch-metric-0-1-w-o-data-output\/#breadcrumb","itemListElement":[{"@type":"ListItem","position":1,"name":"Portada","item":"https:\/\/techmasterdemexico.com\/"},{"@type":"ListItem","position":2,"name":"Digital Micrometer, Inch\/Metric 0-1&#8243;, w\/o Data Output"}]},{"@type":"WebSite","@id":"https:\/\/techmasterdemexico.com\/#website","url":"https:\/\/techmasterdemexico.com\/","name":"Techmaster de Mexico","description":"","potentialAction":[{"@type":"SearchAction","target":{"@type":"EntryPoint","urlTemplate":"https:\/\/techmasterdemexico.com\/?s={search_term_string}"},"query-input":{"@type":"PropertyValueSpecification","valueRequired":true,"valueName":"search_term_string"}}],"inLanguage":"en-US"}]}},"brands":[{"id":39,"name":"Mitutoyo","slug":"mitutoyo"}],"_links":{"self":[{"href":"https:\/\/techmasterdemexico.com\/en\/wp-json\/wp\/v2\/product\/22830","targetHints":{"allow":["GET"]}}],"collection":[{"href":"https:\/\/techmasterdemexico.com\/en\/wp-json\/wp\/v2\/product"}],"about":[{"href":"https:\/\/techmasterdemexico.com\/en\/wp-json\/wp\/v2\/types\/product"}],"wp:featuredmedia":[{"embeddable":true,"href":"https:\/\/techmasterdemexico.com\/en\/wp-json\/wp\/v2\/media\/22832"}],"wp:attachment":[{"href":"https:\/\/techmasterdemexico.com\/en\/wp-json\/wp\/v2\/media?parent=22830"}],"wp:term":[{"taxonomy":"pwb-brand","embeddable":true,"href":"https:\/\/techmasterdemexico.com\/en\/wp-json\/wp\/v2\/pwb-brand?post=22830"},{"taxonomy":"product_brand","embeddable":true,"href":"https:\/\/techmasterdemexico.com\/en\/wp-json\/wp\/v2\/product_brand?post=22830"},{"taxonomy":"product_cat","embeddable":true,"href":"https:\/\/techmasterdemexico.com\/en\/wp-json\/wp\/v2\/product_cat?post=22830"},{"taxonomy":"product_tag","embeddable":true,"href":"https:\/\/techmasterdemexico.com\/en\/wp-json\/wp\/v2\/product_tag?post=22830"}],"curies":[{"name":"wp","href":"https:\/\/api.w.org\/{rel}","templated":true}]}}