{"id":22805,"date":"2025-05-13T15:07:07","date_gmt":"2025-05-13T22:07:07","guid":{"rendered":"https:\/\/techmasterdemexico.com\/?post_type=product&#038;p=22805"},"modified":"2025-05-13T15:07:08","modified_gmt":"2025-05-13T22:07:08","slug":"multimetro-digital-fluke-233","status":"publish","type":"product","link":"https:\/\/techmasterdemexico.com\/en\/producto\/multimetro-digital-fluke-233\/","title":{"rendered":"Mult\u00edmetro digital Fluke 233"},"content":{"rendered":"<p>Con su pantalla extra\u00edble, el mult\u00edmetro digital con valor eficaz verdadero Fluke 233 le aporta la flexibilidad necesaria para realizar mediciones en lugares dif\u00edciles de alcanzar o en \u00e1reas de acceso restringido. <\/p>\n<p>Est\u00e9 en dos lugares al mismo tiempo y reduzca los riesgos de crear un arco el\u00e9ctrico al apartarse de situaciones de medici\u00f3n peligrosas.<\/p>\n","protected":false},"excerpt":{"rendered":"<ul>\n<li>Voltaje y corriente de CA con valor eficaz verdadero para obtener mediciones exactas en se\u00f1ales no lineales<\/li>\n<li>Mediciones de hasta 1000 V CA y CC<\/li>\n<li>Medida de hasta 10 A (20 A por un m\u00e1ximo de 30 segundos)<\/li>\n<li>Rango de capacidad de 10 000 ?F<\/li>\n<li>Frecuencia hasta 50 kHz.<\/li>\n<li>El term\u00f3metro incorporado le permite tomar lecturas de temperatura sin la necesidad de llevar un instrumento separado.<\/li>\n<li>Prueba de resistencia, continuidad y diodos<\/li>\n<li>La tecnolog\u00eda inal\u00e1mbrica de baja potencia permite situar la pantalla hasta a 10 metros (33 pies) de distancia del punto de medida a fin de permitir una mayor flexibilidad. No se produce interferencia en las mediciones<\/li>\n<li>La pantalla magn\u00e9tica extra\u00edble puede situarse c\u00f3modamente donde usted pueda verla.<\/li>\n<li>Tome medidas sin tener que sujetar el mult\u00edmetro; as\u00ed podr\u00e1 concentrarse en las sondas y aumentar la seguridad durante las medidas el\u00e9ctricas<\/li>\n<li>Cuando la pantalla est\u00e1 montada, se usa como un mult\u00edmetro convencional.<\/li>\n<li>El transmisor de radio se desactiva autom\u00e1ticamente cuando la pantalla se encuentra montada en el mult\u00edmetro<\/li>\n<li>Apagado autom\u00e1tico para alargar la duraci\u00f3n de las bater\u00edas.<\/li>\n<li>Registro de valores m\u00ednimo, m\u00e1ximo y promedio para capturar las variaciones autom\u00e1ticamente.<\/li>\n<li>Comprobaci\u00f3n de continuidad y diodos.<\/li>\n<li>Pantalla de f\u00e1cil lectura con n\u00fameros grandes y retroiluminaci\u00f3n brillante.<\/li>\n<li>Duraci\u00f3n de la bater\u00eda de aproximadamente 400 horas<\/li>\n<\/ul>\n<p>&nbsp;<\/p>\n<h4>Garant\u00eda y protecci\u00f3n<\/h4>\n<p>Clasificaci\u00f3n de seguridad CAT IV 600 V \/ CAT III 1000 V<br \/>\nProtecci\u00f3n externa Sobremoldeado de caucho<br \/>\nGarant\u00eda Tres a\u00f1os<br \/>\nTama\u00f1o (al. x an. x long.) 5.3 x 9.3 x 19.3 cm (2.08 x 3.6 x 7.6 pulg.)<br \/>\nPeso 604 g (1.3 lb)<\/p>\n","protected":false},"featured_media":22806,"template":"","meta":{"_acf_changed":false},"pwb-brand":[31],"product_brand":[],"product_cat":[30],"product_tag":[],"class_list":{"0":"post-22805","1":"product","2":"type-product","3":"status-publish","4":"has-post-thumbnail","6":"pwb-brand-fluke","7":"product_cat-fluke","9":"first","10":"instock","11":"taxable","12":"shipping-taxable","13":"product-type-simple"},"acf":[],"yoast_head":"<!-- This site is optimized with the Yoast SEO plugin v27.5 - https:\/\/yoast.com\/product\/yoast-seo-wordpress\/ -->\n<title>Mult\u00edmetro digital Fluke 233 - Techmaster de Mexico<\/title>\n<meta name=\"robots\" content=\"index, follow, max-snippet:-1, max-image-preview:large, max-video-preview:-1\" \/>\n<link rel=\"canonical\" href=\"https:\/\/techmasterdemexico.com\/producto\/multimetro-digital-fluke-233\/\" \/>\n<meta property=\"og:locale\" content=\"en_US\" \/>\n<meta property=\"og:type\" content=\"article\" \/>\n<meta property=\"og:title\" content=\"Mult\u00edmetro digital Fluke 233 - Techmaster de Mexico\" \/>\n<meta property=\"og:description\" content=\"Voltaje y corriente de CA con valor eficaz verdadero para obtener mediciones exactas en se\u00f1ales no lineales  Mediciones de hasta 1000 V CA y CC  Medida de hasta 10 A (20 A por un m\u00e1ximo de 30 segundos)  Rango de capacidad de 10 000 ?F  Frecuencia hasta 50 kHz.  El term\u00f3metro incorporado le permite tomar lecturas de temperatura sin la necesidad de llevar un instrumento separado.  Prueba de resistencia, continuidad y diodos  La tecnolog\u00eda inal\u00e1mbrica de baja potencia permite situar la pantalla hasta a 10 metros (33 pies) de distancia del punto de medida a fin de permitir una mayor flexibilidad. No se produce interferencia en las mediciones  La pantalla magn\u00e9tica extra\u00edble puede situarse c\u00f3modamente donde usted pueda verla.  Tome medidas sin tener que sujetar el mult\u00edmetro; as\u00ed podr\u00e1 concentrarse en las sondas y aumentar la seguridad durante las medidas el\u00e9ctricas  Cuando la pantalla est\u00e1 montada, se usa como un mult\u00edmetro convencional.  El transmisor de radio se desactiva autom\u00e1ticamente cuando la pantalla se encuentra montada en el mult\u00edmetro  Apagado autom\u00e1tico para alargar la duraci\u00f3n de las bater\u00edas.  Registro de valores m\u00ednimo, m\u00e1ximo y promedio para capturar las variaciones autom\u00e1ticamente.  Comprobaci\u00f3n de continuidad y diodos.  Pantalla de f\u00e1cil lectura con n\u00fameros grandes y retroiluminaci\u00f3n brillante.  Duraci\u00f3n de la bater\u00eda de aproximadamente 400 horas  &nbsp; Garant\u00eda y protecci\u00f3n Clasificaci\u00f3n de seguridad CAT IV 600 V \/ CAT III 1000 V Protecci\u00f3n externa Sobremoldeado de caucho Garant\u00eda Tres a\u00f1os Tama\u00f1o (al. x an. x long.) 5.3 x 9.3 x 19.3 cm (2.08 x 3.6 x 7.6 pulg.) Peso 604 g (1.3 lb)\" \/>\n<meta property=\"og:url\" content=\"https:\/\/techmasterdemexico.com\/producto\/multimetro-digital-fluke-233\/\" \/>\n<meta property=\"og:site_name\" content=\"Techmaster de Mexico\" \/>\n<meta property=\"article:modified_time\" content=\"2025-05-13T22:07:08+00:00\" \/>\n<meta property=\"og:image\" content=\"https:\/\/techmasterdemexico.com\/wp-content\/uploads\/Fluke-233.png\" \/>\n\t<meta property=\"og:image:width\" content=\"1000\" \/>\n\t<meta property=\"og:image:height\" content=\"1000\" \/>\n\t<meta property=\"og:image:type\" content=\"image\/png\" \/>\n<meta name=\"twitter:card\" content=\"summary_large_image\" \/>\n<meta name=\"twitter:label1\" content=\"Est. reading time\" \/>\n\t<meta name=\"twitter:data1\" content=\"1 minute\" \/>\n<script type=\"application\/ld+json\" class=\"yoast-schema-graph\">{\"@context\":\"https:\\\/\\\/schema.org\",\"@graph\":[{\"@type\":\"WebPage\",\"@id\":\"https:\\\/\\\/techmasterdemexico.com\\\/producto\\\/multimetro-digital-fluke-233\\\/\",\"url\":\"https:\\\/\\\/techmasterdemexico.com\\\/producto\\\/multimetro-digital-fluke-233\\\/\",\"name\":\"Mult\u00edmetro digital Fluke 233 - Techmaster de Mexico\",\"isPartOf\":{\"@id\":\"https:\\\/\\\/techmasterdemexico.com\\\/#website\"},\"primaryImageOfPage\":{\"@id\":\"https:\\\/\\\/techmasterdemexico.com\\\/producto\\\/multimetro-digital-fluke-233\\\/#primaryimage\"},\"image\":{\"@id\":\"https:\\\/\\\/techmasterdemexico.com\\\/producto\\\/multimetro-digital-fluke-233\\\/#primaryimage\"},\"thumbnailUrl\":\"https:\\\/\\\/techmasterdemexico.com\\\/wp-content\\\/uploads\\\/Fluke-233.png\",\"datePublished\":\"2025-05-13T22:07:07+00:00\",\"dateModified\":\"2025-05-13T22:07:08+00:00\",\"breadcrumb\":{\"@id\":\"https:\\\/\\\/techmasterdemexico.com\\\/producto\\\/multimetro-digital-fluke-233\\\/#breadcrumb\"},\"inLanguage\":\"en-US\",\"potentialAction\":[{\"@type\":\"ReadAction\",\"target\":[\"https:\\\/\\\/techmasterdemexico.com\\\/producto\\\/multimetro-digital-fluke-233\\\/\"]}]},{\"@type\":\"ImageObject\",\"inLanguage\":\"en-US\",\"@id\":\"https:\\\/\\\/techmasterdemexico.com\\\/producto\\\/multimetro-digital-fluke-233\\\/#primaryimage\",\"url\":\"https:\\\/\\\/techmasterdemexico.com\\\/wp-content\\\/uploads\\\/Fluke-233.png\",\"contentUrl\":\"https:\\\/\\\/techmasterdemexico.com\\\/wp-content\\\/uploads\\\/Fluke-233.png\",\"width\":1000,\"height\":1000},{\"@type\":\"BreadcrumbList\",\"@id\":\"https:\\\/\\\/techmasterdemexico.com\\\/producto\\\/multimetro-digital-fluke-233\\\/#breadcrumb\",\"itemListElement\":[{\"@type\":\"ListItem\",\"position\":1,\"name\":\"Portada\",\"item\":\"https:\\\/\\\/techmasterdemexico.com\\\/\"},{\"@type\":\"ListItem\",\"position\":2,\"name\":\"Mult\u00edmetro digital Fluke 233\"}]},{\"@type\":\"WebSite\",\"@id\":\"https:\\\/\\\/techmasterdemexico.com\\\/#website\",\"url\":\"https:\\\/\\\/techmasterdemexico.com\\\/\",\"name\":\"Techmaster de Mexico\",\"description\":\"\",\"potentialAction\":[{\"@type\":\"SearchAction\",\"target\":{\"@type\":\"EntryPoint\",\"urlTemplate\":\"https:\\\/\\\/techmasterdemexico.com\\\/?s={search_term_string}\"},\"query-input\":{\"@type\":\"PropertyValueSpecification\",\"valueRequired\":true,\"valueName\":\"search_term_string\"}}],\"inLanguage\":\"en-US\"}]}<\/script>\n<!-- \/ Yoast SEO plugin. -->","yoast_head_json":{"title":"Mult\u00edmetro digital Fluke 233 - Techmaster de Mexico","robots":{"index":"index","follow":"follow","max-snippet":"max-snippet:-1","max-image-preview":"max-image-preview:large","max-video-preview":"max-video-preview:-1"},"canonical":"https:\/\/techmasterdemexico.com\/producto\/multimetro-digital-fluke-233\/","og_locale":"en_US","og_type":"article","og_title":"Mult\u00edmetro digital Fluke 233 - Techmaster de Mexico","og_description":"Voltaje y corriente de CA con valor eficaz verdadero para obtener mediciones exactas en se\u00f1ales no lineales  Mediciones de hasta 1000 V CA y CC  Medida de hasta 10 A (20 A por un m\u00e1ximo de 30 segundos)  Rango de capacidad de 10 000 ?F  Frecuencia hasta 50 kHz.  El term\u00f3metro incorporado le permite tomar lecturas de temperatura sin la necesidad de llevar un instrumento separado.  Prueba de resistencia, continuidad y diodos  La tecnolog\u00eda inal\u00e1mbrica de baja potencia permite situar la pantalla hasta a 10 metros (33 pies) de distancia del punto de medida a fin de permitir una mayor flexibilidad. No se produce interferencia en las mediciones  La pantalla magn\u00e9tica extra\u00edble puede situarse c\u00f3modamente donde usted pueda verla.  Tome medidas sin tener que sujetar el mult\u00edmetro; as\u00ed podr\u00e1 concentrarse en las sondas y aumentar la seguridad durante las medidas el\u00e9ctricas  Cuando la pantalla est\u00e1 montada, se usa como un mult\u00edmetro convencional.  El transmisor de radio se desactiva autom\u00e1ticamente cuando la pantalla se encuentra montada en el mult\u00edmetro  Apagado autom\u00e1tico para alargar la duraci\u00f3n de las bater\u00edas.  Registro de valores m\u00ednimo, m\u00e1ximo y promedio para capturar las variaciones autom\u00e1ticamente.  Comprobaci\u00f3n de continuidad y diodos.  Pantalla de f\u00e1cil lectura con n\u00fameros grandes y retroiluminaci\u00f3n brillante.  Duraci\u00f3n de la bater\u00eda de aproximadamente 400 horas  &nbsp; Garant\u00eda y protecci\u00f3n Clasificaci\u00f3n de seguridad CAT IV 600 V \/ CAT III 1000 V Protecci\u00f3n externa Sobremoldeado de caucho Garant\u00eda Tres a\u00f1os Tama\u00f1o (al. x an. x long.) 5.3 x 9.3 x 19.3 cm (2.08 x 3.6 x 7.6 pulg.) Peso 604 g (1.3 lb)","og_url":"https:\/\/techmasterdemexico.com\/producto\/multimetro-digital-fluke-233\/","og_site_name":"Techmaster de Mexico","article_modified_time":"2025-05-13T22:07:08+00:00","og_image":[{"width":1000,"height":1000,"url":"https:\/\/techmasterdemexico.com\/wp-content\/uploads\/Fluke-233.png","type":"image\/png"}],"twitter_card":"summary_large_image","twitter_misc":{"Est. reading time":"1 minute"},"schema":{"@context":"https:\/\/schema.org","@graph":[{"@type":"WebPage","@id":"https:\/\/techmasterdemexico.com\/producto\/multimetro-digital-fluke-233\/","url":"https:\/\/techmasterdemexico.com\/producto\/multimetro-digital-fluke-233\/","name":"Mult\u00edmetro digital Fluke 233 - Techmaster de Mexico","isPartOf":{"@id":"https:\/\/techmasterdemexico.com\/#website"},"primaryImageOfPage":{"@id":"https:\/\/techmasterdemexico.com\/producto\/multimetro-digital-fluke-233\/#primaryimage"},"image":{"@id":"https:\/\/techmasterdemexico.com\/producto\/multimetro-digital-fluke-233\/#primaryimage"},"thumbnailUrl":"https:\/\/techmasterdemexico.com\/wp-content\/uploads\/Fluke-233.png","datePublished":"2025-05-13T22:07:07+00:00","dateModified":"2025-05-13T22:07:08+00:00","breadcrumb":{"@id":"https:\/\/techmasterdemexico.com\/producto\/multimetro-digital-fluke-233\/#breadcrumb"},"inLanguage":"en-US","potentialAction":[{"@type":"ReadAction","target":["https:\/\/techmasterdemexico.com\/producto\/multimetro-digital-fluke-233\/"]}]},{"@type":"ImageObject","inLanguage":"en-US","@id":"https:\/\/techmasterdemexico.com\/producto\/multimetro-digital-fluke-233\/#primaryimage","url":"https:\/\/techmasterdemexico.com\/wp-content\/uploads\/Fluke-233.png","contentUrl":"https:\/\/techmasterdemexico.com\/wp-content\/uploads\/Fluke-233.png","width":1000,"height":1000},{"@type":"BreadcrumbList","@id":"https:\/\/techmasterdemexico.com\/producto\/multimetro-digital-fluke-233\/#breadcrumb","itemListElement":[{"@type":"ListItem","position":1,"name":"Portada","item":"https:\/\/techmasterdemexico.com\/"},{"@type":"ListItem","position":2,"name":"Mult\u00edmetro digital Fluke 233"}]},{"@type":"WebSite","@id":"https:\/\/techmasterdemexico.com\/#website","url":"https:\/\/techmasterdemexico.com\/","name":"Techmaster de Mexico","description":"","potentialAction":[{"@type":"SearchAction","target":{"@type":"EntryPoint","urlTemplate":"https:\/\/techmasterdemexico.com\/?s={search_term_string}"},"query-input":{"@type":"PropertyValueSpecification","valueRequired":true,"valueName":"search_term_string"}}],"inLanguage":"en-US"}]}},"brands":[{"id":31,"name":"Fluke","slug":"fluke"}],"_links":{"self":[{"href":"https:\/\/techmasterdemexico.com\/en\/wp-json\/wp\/v2\/product\/22805","targetHints":{"allow":["GET"]}}],"collection":[{"href":"https:\/\/techmasterdemexico.com\/en\/wp-json\/wp\/v2\/product"}],"about":[{"href":"https:\/\/techmasterdemexico.com\/en\/wp-json\/wp\/v2\/types\/product"}],"wp:featuredmedia":[{"embeddable":true,"href":"https:\/\/techmasterdemexico.com\/en\/wp-json\/wp\/v2\/media\/22806"}],"wp:attachment":[{"href":"https:\/\/techmasterdemexico.com\/en\/wp-json\/wp\/v2\/media?parent=22805"}],"wp:term":[{"taxonomy":"pwb-brand","embeddable":true,"href":"https:\/\/techmasterdemexico.com\/en\/wp-json\/wp\/v2\/pwb-brand?post=22805"},{"taxonomy":"product_brand","embeddable":true,"href":"https:\/\/techmasterdemexico.com\/en\/wp-json\/wp\/v2\/product_brand?post=22805"},{"taxonomy":"product_cat","embeddable":true,"href":"https:\/\/techmasterdemexico.com\/en\/wp-json\/wp\/v2\/product_cat?post=22805"},{"taxonomy":"product_tag","embeddable":true,"href":"https:\/\/techmasterdemexico.com\/en\/wp-json\/wp\/v2\/product_tag?post=22805"}],"curies":[{"name":"wp","href":"https:\/\/api.w.org\/{rel}","templated":true}]}}