{"id":22546,"date":"2025-04-16T11:16:57","date_gmt":"2025-04-16T18:16:57","guid":{"rendered":"https:\/\/techmasterdemexico.com\/?post_type=product&#038;p=22546"},"modified":"2025-04-16T11:16:57","modified_gmt":"2025-04-16T18:16:57","slug":"unidad-de-medida-de-fuente-grafica-it2800","status":"publish","type":"product","link":"https:\/\/techmasterdemexico.com\/en\/producto\/unidad-de-medida-de-fuente-grafica-it2800\/","title":{"rendered":"Unidad de medida de fuente gr\u00e1fica IT2800"},"content":{"rendered":"<p>La serie IT2800 son unidades de medida de fuente (SMU) de sobremesa, compactas y econ\u00f3micas, capaces de generar y medir tanto tensi\u00f3n como corriente.<\/p>\n<p>Combinan las funciones de una fuente de tensi\u00f3n, una fuente de corriente, un volt\u00edmetro, un amper\u00edmetro y un \u00f3hmetro (con la posibilidad de alternar f\u00e1cilmente entre estas funciones).<\/p>\n<p>Esto garantiza la medici\u00f3n independiente de la caracter\u00edstica IV en 4 cuadrantes.<\/p>\n<p>&nbsp;<\/p>\n","protected":false},"excerpt":{"rendered":"<ul>\n<li>La pantalla t\u00e1ctil de 5 pulgadas admite modos de vista tanto gr\u00e1fica como num\u00e9rica.<\/li>\n<li>Combina las capacidades de seis dispositivos en uno: fuente de voltaje, fuente de corriente, mult\u00edmetro digital de 6 \u00bd (DCV, DCI, ohmios), simulador de bater\u00eda, carga electr\u00f3nica y generador de pulsos.<\/li>\n<li>Integra capacidades de medici\u00f3n y abastecimiento de 4 cuadrantes y admite medici\u00f3n de dos y cuatro cables.<\/li>\n<li>Resoluci\u00f3n de hasta 10 fA\/100 nV, frecuencia de muestreo de hasta 10 us.<\/li>\n<li>Tres modos de visualizaci\u00f3n gr\u00e1fica: vista de gr\u00e1fico, vista de osciloscopio y vista de registro.<\/li>\n<li>Dise\u00f1o de operaci\u00f3n simult\u00e1nea y multicanal, con capacidad de prueba en paralelo.<\/li>\n<li>Funciones integradas de medici\u00f3n de resistencia, potencia y matem\u00e1ticas.<\/li>\n<li>Puerto USB frontal utilizado para almacenamiento de datos, captura de pantalla o importaci\u00f3n de configuraci\u00f3n de prueba.<\/li>\n<li>Interfaz de comunicaci\u00f3n digital IO\/USB\/LAN incorporada.<\/li>\n<\/ul>\n","protected":false},"featured_media":22547,"template":"","meta":{"_acf_changed":false},"pwb-brand":[670],"product_brand":[],"product_cat":[366,651],"product_tag":[],"class_list":{"0":"post-22546","1":"product","2":"type-product","3":"status-publish","4":"has-post-thumbnail","6":"pwb-brand-itech","7":"product_cat-todos-los-productos","8":"product_cat-itech","10":"first","11":"instock","12":"taxable","13":"shipping-taxable","14":"product-type-simple"},"acf":[],"yoast_head":"<!-- This site is optimized with the Yoast SEO plugin v27.5 - https:\/\/yoast.com\/product\/yoast-seo-wordpress\/ -->\n<title>Unidad de medida de fuente gr\u00e1fica IT2800 - Techmaster de Mexico<\/title>\n<meta name=\"robots\" content=\"index, follow, max-snippet:-1, max-image-preview:large, max-video-preview:-1\" \/>\n<link rel=\"canonical\" href=\"https:\/\/techmasterdemexico.com\/producto\/unidad-de-medida-de-fuente-grafica-it2800\/\" \/>\n<meta property=\"og:locale\" content=\"en_US\" \/>\n<meta property=\"og:type\" content=\"article\" \/>\n<meta property=\"og:title\" content=\"Unidad de medida de fuente gr\u00e1fica IT2800 - Techmaster de Mexico\" \/>\n<meta property=\"og:description\" content=\"La pantalla t\u00e1ctil de 5 pulgadas admite modos de vista tanto gr\u00e1fica como num\u00e9rica.  Combina las capacidades de seis dispositivos en uno: fuente de voltaje, fuente de corriente, mult\u00edmetro digital de 6 \u00bd (DCV, DCI, ohmios), simulador de bater\u00eda, carga electr\u00f3nica y generador de pulsos.  Integra capacidades de medici\u00f3n y abastecimiento de 4 cuadrantes y admite medici\u00f3n de dos y cuatro cables.  Resoluci\u00f3n de hasta 10 fA\/100 nV, frecuencia de muestreo de hasta 10 us.  Tres modos de visualizaci\u00f3n gr\u00e1fica: vista de gr\u00e1fico, vista de osciloscopio y vista de registro.  Dise\u00f1o de operaci\u00f3n simult\u00e1nea y multicanal, con capacidad de prueba en paralelo.  Funciones integradas de medici\u00f3n de resistencia, potencia y matem\u00e1ticas.  Puerto USB frontal utilizado para almacenamiento de datos, captura de pantalla o importaci\u00f3n de configuraci\u00f3n de prueba.  Interfaz de comunicaci\u00f3n digital IO\/USB\/LAN incorporada.\" \/>\n<meta property=\"og:url\" content=\"https:\/\/techmasterdemexico.com\/producto\/unidad-de-medida-de-fuente-grafica-it2800\/\" \/>\n<meta property=\"og:site_name\" content=\"Techmaster de Mexico\" \/>\n<meta property=\"og:image\" content=\"https:\/\/techmasterdemexico.com\/wp-content\/uploads\/IT2800.png\" \/>\n\t<meta property=\"og:image:width\" content=\"1000\" \/>\n\t<meta property=\"og:image:height\" content=\"1000\" \/>\n\t<meta property=\"og:image:type\" content=\"image\/png\" \/>\n<meta name=\"twitter:card\" content=\"summary_large_image\" \/>\n<meta name=\"twitter:label1\" content=\"Est. reading time\" \/>\n\t<meta name=\"twitter:data1\" content=\"1 minute\" \/>\n<script type=\"application\/ld+json\" class=\"yoast-schema-graph\">{\"@context\":\"https:\\\/\\\/schema.org\",\"@graph\":[{\"@type\":\"WebPage\",\"@id\":\"https:\\\/\\\/techmasterdemexico.com\\\/producto\\\/unidad-de-medida-de-fuente-grafica-it2800\\\/\",\"url\":\"https:\\\/\\\/techmasterdemexico.com\\\/producto\\\/unidad-de-medida-de-fuente-grafica-it2800\\\/\",\"name\":\"Unidad de medida de fuente gr\u00e1fica IT2800 - Techmaster de Mexico\",\"isPartOf\":{\"@id\":\"https:\\\/\\\/techmasterdemexico.com\\\/#website\"},\"primaryImageOfPage\":{\"@id\":\"https:\\\/\\\/techmasterdemexico.com\\\/producto\\\/unidad-de-medida-de-fuente-grafica-it2800\\\/#primaryimage\"},\"image\":{\"@id\":\"https:\\\/\\\/techmasterdemexico.com\\\/producto\\\/unidad-de-medida-de-fuente-grafica-it2800\\\/#primaryimage\"},\"thumbnailUrl\":\"https:\\\/\\\/techmasterdemexico.com\\\/wp-content\\\/uploads\\\/IT2800.png\",\"datePublished\":\"2025-04-16T18:16:57+00:00\",\"breadcrumb\":{\"@id\":\"https:\\\/\\\/techmasterdemexico.com\\\/producto\\\/unidad-de-medida-de-fuente-grafica-it2800\\\/#breadcrumb\"},\"inLanguage\":\"en-US\",\"potentialAction\":[{\"@type\":\"ReadAction\",\"target\":[\"https:\\\/\\\/techmasterdemexico.com\\\/producto\\\/unidad-de-medida-de-fuente-grafica-it2800\\\/\"]}]},{\"@type\":\"ImageObject\",\"inLanguage\":\"en-US\",\"@id\":\"https:\\\/\\\/techmasterdemexico.com\\\/producto\\\/unidad-de-medida-de-fuente-grafica-it2800\\\/#primaryimage\",\"url\":\"https:\\\/\\\/techmasterdemexico.com\\\/wp-content\\\/uploads\\\/IT2800.png\",\"contentUrl\":\"https:\\\/\\\/techmasterdemexico.com\\\/wp-content\\\/uploads\\\/IT2800.png\",\"width\":1000,\"height\":1000},{\"@type\":\"BreadcrumbList\",\"@id\":\"https:\\\/\\\/techmasterdemexico.com\\\/producto\\\/unidad-de-medida-de-fuente-grafica-it2800\\\/#breadcrumb\",\"itemListElement\":[{\"@type\":\"ListItem\",\"position\":1,\"name\":\"Portada\",\"item\":\"https:\\\/\\\/techmasterdemexico.com\\\/\"},{\"@type\":\"ListItem\",\"position\":2,\"name\":\"Unidad de medida de fuente gr\u00e1fica IT2800\"}]},{\"@type\":\"WebSite\",\"@id\":\"https:\\\/\\\/techmasterdemexico.com\\\/#website\",\"url\":\"https:\\\/\\\/techmasterdemexico.com\\\/\",\"name\":\"Techmaster de Mexico\",\"description\":\"\",\"potentialAction\":[{\"@type\":\"SearchAction\",\"target\":{\"@type\":\"EntryPoint\",\"urlTemplate\":\"https:\\\/\\\/techmasterdemexico.com\\\/?s={search_term_string}\"},\"query-input\":{\"@type\":\"PropertyValueSpecification\",\"valueRequired\":true,\"valueName\":\"search_term_string\"}}],\"inLanguage\":\"en-US\"}]}<\/script>\n<!-- \/ Yoast SEO plugin. -->","yoast_head_json":{"title":"Unidad de medida de fuente gr\u00e1fica IT2800 - Techmaster de Mexico","robots":{"index":"index","follow":"follow","max-snippet":"max-snippet:-1","max-image-preview":"max-image-preview:large","max-video-preview":"max-video-preview:-1"},"canonical":"https:\/\/techmasterdemexico.com\/producto\/unidad-de-medida-de-fuente-grafica-it2800\/","og_locale":"en_US","og_type":"article","og_title":"Unidad de medida de fuente gr\u00e1fica IT2800 - Techmaster de Mexico","og_description":"La pantalla t\u00e1ctil de 5 pulgadas admite modos de vista tanto gr\u00e1fica como num\u00e9rica.  Combina las capacidades de seis dispositivos en uno: fuente de voltaje, fuente de corriente, mult\u00edmetro digital de 6 \u00bd (DCV, DCI, ohmios), simulador de bater\u00eda, carga electr\u00f3nica y generador de pulsos.  Integra capacidades de medici\u00f3n y abastecimiento de 4 cuadrantes y admite medici\u00f3n de dos y cuatro cables.  Resoluci\u00f3n de hasta 10 fA\/100 nV, frecuencia de muestreo de hasta 10 us.  Tres modos de visualizaci\u00f3n gr\u00e1fica: vista de gr\u00e1fico, vista de osciloscopio y vista de registro.  Dise\u00f1o de operaci\u00f3n simult\u00e1nea y multicanal, con capacidad de prueba en paralelo.  Funciones integradas de medici\u00f3n de resistencia, potencia y matem\u00e1ticas.  Puerto USB frontal utilizado para almacenamiento de datos, captura de pantalla o importaci\u00f3n de configuraci\u00f3n de prueba.  Interfaz de comunicaci\u00f3n digital IO\/USB\/LAN incorporada.","og_url":"https:\/\/techmasterdemexico.com\/producto\/unidad-de-medida-de-fuente-grafica-it2800\/","og_site_name":"Techmaster de Mexico","og_image":[{"width":1000,"height":1000,"url":"https:\/\/techmasterdemexico.com\/wp-content\/uploads\/IT2800.png","type":"image\/png"}],"twitter_card":"summary_large_image","twitter_misc":{"Est. reading time":"1 minute"},"schema":{"@context":"https:\/\/schema.org","@graph":[{"@type":"WebPage","@id":"https:\/\/techmasterdemexico.com\/producto\/unidad-de-medida-de-fuente-grafica-it2800\/","url":"https:\/\/techmasterdemexico.com\/producto\/unidad-de-medida-de-fuente-grafica-it2800\/","name":"Unidad de medida de fuente gr\u00e1fica IT2800 - Techmaster de Mexico","isPartOf":{"@id":"https:\/\/techmasterdemexico.com\/#website"},"primaryImageOfPage":{"@id":"https:\/\/techmasterdemexico.com\/producto\/unidad-de-medida-de-fuente-grafica-it2800\/#primaryimage"},"image":{"@id":"https:\/\/techmasterdemexico.com\/producto\/unidad-de-medida-de-fuente-grafica-it2800\/#primaryimage"},"thumbnailUrl":"https:\/\/techmasterdemexico.com\/wp-content\/uploads\/IT2800.png","datePublished":"2025-04-16T18:16:57+00:00","breadcrumb":{"@id":"https:\/\/techmasterdemexico.com\/producto\/unidad-de-medida-de-fuente-grafica-it2800\/#breadcrumb"},"inLanguage":"en-US","potentialAction":[{"@type":"ReadAction","target":["https:\/\/techmasterdemexico.com\/producto\/unidad-de-medida-de-fuente-grafica-it2800\/"]}]},{"@type":"ImageObject","inLanguage":"en-US","@id":"https:\/\/techmasterdemexico.com\/producto\/unidad-de-medida-de-fuente-grafica-it2800\/#primaryimage","url":"https:\/\/techmasterdemexico.com\/wp-content\/uploads\/IT2800.png","contentUrl":"https:\/\/techmasterdemexico.com\/wp-content\/uploads\/IT2800.png","width":1000,"height":1000},{"@type":"BreadcrumbList","@id":"https:\/\/techmasterdemexico.com\/producto\/unidad-de-medida-de-fuente-grafica-it2800\/#breadcrumb","itemListElement":[{"@type":"ListItem","position":1,"name":"Portada","item":"https:\/\/techmasterdemexico.com\/"},{"@type":"ListItem","position":2,"name":"Unidad de medida de fuente gr\u00e1fica IT2800"}]},{"@type":"WebSite","@id":"https:\/\/techmasterdemexico.com\/#website","url":"https:\/\/techmasterdemexico.com\/","name":"Techmaster de Mexico","description":"","potentialAction":[{"@type":"SearchAction","target":{"@type":"EntryPoint","urlTemplate":"https:\/\/techmasterdemexico.com\/?s={search_term_string}"},"query-input":{"@type":"PropertyValueSpecification","valueRequired":true,"valueName":"search_term_string"}}],"inLanguage":"en-US"}]}},"brands":[{"id":670,"name":"ITECH","slug":"itech"}],"_links":{"self":[{"href":"https:\/\/techmasterdemexico.com\/en\/wp-json\/wp\/v2\/product\/22546","targetHints":{"allow":["GET"]}}],"collection":[{"href":"https:\/\/techmasterdemexico.com\/en\/wp-json\/wp\/v2\/product"}],"about":[{"href":"https:\/\/techmasterdemexico.com\/en\/wp-json\/wp\/v2\/types\/product"}],"wp:featuredmedia":[{"embeddable":true,"href":"https:\/\/techmasterdemexico.com\/en\/wp-json\/wp\/v2\/media\/22547"}],"wp:attachment":[{"href":"https:\/\/techmasterdemexico.com\/en\/wp-json\/wp\/v2\/media?parent=22546"}],"wp:term":[{"taxonomy":"pwb-brand","embeddable":true,"href":"https:\/\/techmasterdemexico.com\/en\/wp-json\/wp\/v2\/pwb-brand?post=22546"},{"taxonomy":"product_brand","embeddable":true,"href":"https:\/\/techmasterdemexico.com\/en\/wp-json\/wp\/v2\/product_brand?post=22546"},{"taxonomy":"product_cat","embeddable":true,"href":"https:\/\/techmasterdemexico.com\/en\/wp-json\/wp\/v2\/product_cat?post=22546"},{"taxonomy":"product_tag","embeddable":true,"href":"https:\/\/techmasterdemexico.com\/en\/wp-json\/wp\/v2\/product_tag?post=22546"}],"curies":[{"name":"wp","href":"https:\/\/api.w.org\/{rel}","templated":true}]}}