{"id":22539,"date":"2025-04-16T11:11:55","date_gmt":"2025-04-16T18:11:55","guid":{"rendered":"https:\/\/techmasterdemexico.com\/?post_type=product&#038;p=22539"},"modified":"2025-04-16T11:11:56","modified_gmt":"2025-04-16T18:11:56","slug":"software-de-pruebas-parametricas-de-semiconductores-sps5000","status":"publish","type":"product","link":"https:\/\/techmasterdemexico.com\/en\/producto\/software-de-pruebas-parametricas-de-semiconductores-sps5000\/","title":{"rendered":"Software de pruebas param\u00e9tricas de semiconductores SPS5000"},"content":{"rendered":"<p>El software para pruebas param\u00e9tricas de semiconductores SPS5000 est\u00e1 equipado con la unidad de medici\u00f3n de fuente de alta precisi\u00f3n IT2800. Permite realizar r\u00e1pidamente pruebas de semiconductores para la caracterizaci\u00f3n de dispositivos IV y pruebas param\u00e9tricas. <\/p>\n<p>El SPS5000 admite los modos de CC, pulso, barrido simple y bidireccional. Con una interfaz gr\u00e1fica intuitiva, el SPS5000 ayuda a laboratorios universitarios, proveedores de semiconductores e institutos de investigaci\u00f3n a realizar r\u00e1pidamente pruebas de caracterizaci\u00f3n de dispositivos semiconductores.<\/p>\n","protected":false},"excerpt":{"rendered":"<ul>\n<li>La interfaz gr\u00e1fica de usuario intuitiva simplifica la configuraci\u00f3n de la medici\u00f3n, la caracterizaci\u00f3n IV y el an\u00e1lisis de datos<\/li>\n<li>Proporciona elementos de prueba listos para usar para MOSFET\/BJT\/diodos\/resistencias para una recuperaci\u00f3n r\u00e1pida<\/li>\n<li>Funci\u00f3n de secuencia de prueba automatizada para la ejecuci\u00f3n continua de pruebas de m\u00faltiples par\u00e1metros para dispositivos*1<\/li>\n<li>El trazado de datos interactivo y en tiempo real acelera la revisi\u00f3n de los resultados de las pruebas<\/li>\n<li>Modo de prueba r\u00e1pida para realizar pruebas de hasta 32 canales DUT simult\u00e1neamente<\/li>\n<li>La base de datos incorporada permite al usuario almacenar y recuperar r\u00e1pidamente los datos y gr\u00e1ficos<\/li>\n<li>Potentes herramientas de an\u00e1lisis de gr\u00e1ficos, como escala autom\u00e1tica y operaciones de l\u00ednea<\/li>\n<li>Capacidades para m\u00faltiples ejes Y y tipo de par\u00e1metro configurable y tipo de escala del eje Y\/eje X<\/li>\n<li>Proporciona una funci\u00f3n de elemento de prueba personalizada*2<\/li>\n<li>Software compatible con el sistema operativo Windows 7 (o superior)<\/li>\n<li>Accesorio de prueba IT-E803 para diodos de baja potencia y prueba Mosfet (42 V\/1 A)<\/li>\n<li>Capaz Se utiliza con SMU de la serie IT2800, resoluci\u00f3n m\u00ednima de hasta 100 nV\/10 fA.<\/li>\n<\/ul>\n","protected":false},"featured_media":22540,"template":"","meta":{"_acf_changed":false},"pwb-brand":[670],"product_brand":[],"product_cat":[651,672],"product_tag":[],"class_list":{"0":"post-22539","1":"product","2":"type-product","3":"status-publish","4":"has-post-thumbnail","6":"pwb-brand-itech","7":"product_cat-itech","8":"product_cat-software-de-pruebas-parametricas-de-semiconductores","10":"first","11":"instock","12":"taxable","13":"shipping-taxable","14":"product-type-simple"},"acf":[],"yoast_head":"<!-- This site is optimized with the Yoast SEO plugin v27.4 - https:\/\/yoast.com\/product\/yoast-seo-wordpress\/ -->\n<title>Software de pruebas param\u00e9tricas de semiconductores SPS5000 - Techmaster de Mexico<\/title>\n<meta name=\"robots\" content=\"index, follow, max-snippet:-1, max-image-preview:large, max-video-preview:-1\" \/>\n<link rel=\"canonical\" href=\"https:\/\/techmasterdemexico.com\/producto\/software-de-pruebas-parametricas-de-semiconductores-sps5000\/\" \/>\n<meta property=\"og:locale\" content=\"en_US\" \/>\n<meta property=\"og:type\" content=\"article\" \/>\n<meta property=\"og:title\" content=\"Software de pruebas param\u00e9tricas de semiconductores SPS5000 - Techmaster de Mexico\" \/>\n<meta property=\"og:description\" content=\"La interfaz gr\u00e1fica de usuario intuitiva simplifica la configuraci\u00f3n de la medici\u00f3n, la caracterizaci\u00f3n IV y el an\u00e1lisis de datos  Proporciona elementos de prueba listos para usar para MOSFET\/BJT\/diodos\/resistencias para una recuperaci\u00f3n r\u00e1pida  Funci\u00f3n de secuencia de prueba automatizada para la ejecuci\u00f3n continua de pruebas de m\u00faltiples par\u00e1metros para dispositivos*1  El trazado de datos interactivo y en tiempo real acelera la revisi\u00f3n de los resultados de las pruebas  Modo de prueba r\u00e1pida para realizar pruebas de hasta 32 canales DUT simult\u00e1neamente  La base de datos incorporada permite al usuario almacenar y recuperar r\u00e1pidamente los datos y gr\u00e1ficos  Potentes herramientas de an\u00e1lisis de gr\u00e1ficos, como escala autom\u00e1tica y operaciones de l\u00ednea  Capacidades para m\u00faltiples ejes Y y tipo de par\u00e1metro configurable y tipo de escala del eje Y\/eje X  Proporciona una funci\u00f3n de elemento de prueba personalizada*2  Software compatible con el sistema operativo Windows 7 (o superior)  Accesorio de prueba IT-E803 para diodos de baja potencia y prueba Mosfet (42 V\/1 A)  Capaz Se utiliza con SMU de la serie IT2800, resoluci\u00f3n m\u00ednima de hasta 100 nV\/10 fA.\" \/>\n<meta property=\"og:url\" content=\"https:\/\/techmasterdemexico.com\/producto\/software-de-pruebas-parametricas-de-semiconductores-sps5000\/\" \/>\n<meta property=\"og:site_name\" content=\"Techmaster de Mexico\" \/>\n<meta property=\"article:modified_time\" content=\"2025-04-16T18:11:56+00:00\" \/>\n<meta property=\"og:image\" content=\"https:\/\/techmasterdemexico.com\/wp-content\/uploads\/SPS5000.png\" \/>\n\t<meta property=\"og:image:width\" content=\"1000\" \/>\n\t<meta property=\"og:image:height\" content=\"1000\" \/>\n\t<meta property=\"og:image:type\" content=\"image\/png\" \/>\n<meta name=\"twitter:card\" content=\"summary_large_image\" \/>\n<meta name=\"twitter:label1\" content=\"Est. reading time\" \/>\n\t<meta name=\"twitter:data1\" content=\"1 minute\" \/>\n<script type=\"application\/ld+json\" class=\"yoast-schema-graph\">{\"@context\":\"https:\\\/\\\/schema.org\",\"@graph\":[{\"@type\":\"WebPage\",\"@id\":\"https:\\\/\\\/techmasterdemexico.com\\\/producto\\\/software-de-pruebas-parametricas-de-semiconductores-sps5000\\\/\",\"url\":\"https:\\\/\\\/techmasterdemexico.com\\\/producto\\\/software-de-pruebas-parametricas-de-semiconductores-sps5000\\\/\",\"name\":\"Software de pruebas param\u00e9tricas de semiconductores SPS5000 - Techmaster de Mexico\",\"isPartOf\":{\"@id\":\"https:\\\/\\\/techmasterdemexico.com\\\/#website\"},\"primaryImageOfPage\":{\"@id\":\"https:\\\/\\\/techmasterdemexico.com\\\/producto\\\/software-de-pruebas-parametricas-de-semiconductores-sps5000\\\/#primaryimage\"},\"image\":{\"@id\":\"https:\\\/\\\/techmasterdemexico.com\\\/producto\\\/software-de-pruebas-parametricas-de-semiconductores-sps5000\\\/#primaryimage\"},\"thumbnailUrl\":\"https:\\\/\\\/techmasterdemexico.com\\\/wp-content\\\/uploads\\\/SPS5000.png\",\"datePublished\":\"2025-04-16T18:11:55+00:00\",\"dateModified\":\"2025-04-16T18:11:56+00:00\",\"breadcrumb\":{\"@id\":\"https:\\\/\\\/techmasterdemexico.com\\\/producto\\\/software-de-pruebas-parametricas-de-semiconductores-sps5000\\\/#breadcrumb\"},\"inLanguage\":\"en-US\",\"potentialAction\":[{\"@type\":\"ReadAction\",\"target\":[\"https:\\\/\\\/techmasterdemexico.com\\\/producto\\\/software-de-pruebas-parametricas-de-semiconductores-sps5000\\\/\"]}]},{\"@type\":\"ImageObject\",\"inLanguage\":\"en-US\",\"@id\":\"https:\\\/\\\/techmasterdemexico.com\\\/producto\\\/software-de-pruebas-parametricas-de-semiconductores-sps5000\\\/#primaryimage\",\"url\":\"https:\\\/\\\/techmasterdemexico.com\\\/wp-content\\\/uploads\\\/SPS5000.png\",\"contentUrl\":\"https:\\\/\\\/techmasterdemexico.com\\\/wp-content\\\/uploads\\\/SPS5000.png\",\"width\":1000,\"height\":1000},{\"@type\":\"BreadcrumbList\",\"@id\":\"https:\\\/\\\/techmasterdemexico.com\\\/producto\\\/software-de-pruebas-parametricas-de-semiconductores-sps5000\\\/#breadcrumb\",\"itemListElement\":[{\"@type\":\"ListItem\",\"position\":1,\"name\":\"Portada\",\"item\":\"https:\\\/\\\/techmasterdemexico.com\\\/\"},{\"@type\":\"ListItem\",\"position\":2,\"name\":\"Software de pruebas param\u00e9tricas de semiconductores SPS5000\"}]},{\"@type\":\"WebSite\",\"@id\":\"https:\\\/\\\/techmasterdemexico.com\\\/#website\",\"url\":\"https:\\\/\\\/techmasterdemexico.com\\\/\",\"name\":\"Techmaster de Mexico\",\"description\":\"\",\"potentialAction\":[{\"@type\":\"SearchAction\",\"target\":{\"@type\":\"EntryPoint\",\"urlTemplate\":\"https:\\\/\\\/techmasterdemexico.com\\\/?s={search_term_string}\"},\"query-input\":{\"@type\":\"PropertyValueSpecification\",\"valueRequired\":true,\"valueName\":\"search_term_string\"}}],\"inLanguage\":\"en-US\"}]}<\/script>\n<!-- \/ Yoast SEO plugin. -->","yoast_head_json":{"title":"Software de pruebas param\u00e9tricas de semiconductores SPS5000 - Techmaster de Mexico","robots":{"index":"index","follow":"follow","max-snippet":"max-snippet:-1","max-image-preview":"max-image-preview:large","max-video-preview":"max-video-preview:-1"},"canonical":"https:\/\/techmasterdemexico.com\/producto\/software-de-pruebas-parametricas-de-semiconductores-sps5000\/","og_locale":"en_US","og_type":"article","og_title":"Software de pruebas param\u00e9tricas de semiconductores SPS5000 - Techmaster de Mexico","og_description":"La interfaz gr\u00e1fica de usuario intuitiva simplifica la configuraci\u00f3n de la medici\u00f3n, la caracterizaci\u00f3n IV y el an\u00e1lisis de datos  Proporciona elementos de prueba listos para usar para MOSFET\/BJT\/diodos\/resistencias para una recuperaci\u00f3n r\u00e1pida  Funci\u00f3n de secuencia de prueba automatizada para la ejecuci\u00f3n continua de pruebas de m\u00faltiples par\u00e1metros para dispositivos*1  El trazado de datos interactivo y en tiempo real acelera la revisi\u00f3n de los resultados de las pruebas  Modo de prueba r\u00e1pida para realizar pruebas de hasta 32 canales DUT simult\u00e1neamente  La base de datos incorporada permite al usuario almacenar y recuperar r\u00e1pidamente los datos y gr\u00e1ficos  Potentes herramientas de an\u00e1lisis de gr\u00e1ficos, como escala autom\u00e1tica y operaciones de l\u00ednea  Capacidades para m\u00faltiples ejes Y y tipo de par\u00e1metro configurable y tipo de escala del eje Y\/eje X  Proporciona una funci\u00f3n de elemento de prueba personalizada*2  Software compatible con el sistema operativo Windows 7 (o superior)  Accesorio de prueba IT-E803 para diodos de baja potencia y prueba Mosfet (42 V\/1 A)  Capaz Se utiliza con SMU de la serie IT2800, resoluci\u00f3n m\u00ednima de hasta 100 nV\/10 fA.","og_url":"https:\/\/techmasterdemexico.com\/producto\/software-de-pruebas-parametricas-de-semiconductores-sps5000\/","og_site_name":"Techmaster de Mexico","article_modified_time":"2025-04-16T18:11:56+00:00","og_image":[{"width":1000,"height":1000,"url":"https:\/\/techmasterdemexico.com\/wp-content\/uploads\/SPS5000.png","type":"image\/png"}],"twitter_card":"summary_large_image","twitter_misc":{"Est. reading time":"1 minute"},"schema":{"@context":"https:\/\/schema.org","@graph":[{"@type":"WebPage","@id":"https:\/\/techmasterdemexico.com\/producto\/software-de-pruebas-parametricas-de-semiconductores-sps5000\/","url":"https:\/\/techmasterdemexico.com\/producto\/software-de-pruebas-parametricas-de-semiconductores-sps5000\/","name":"Software de pruebas param\u00e9tricas de semiconductores SPS5000 - Techmaster de Mexico","isPartOf":{"@id":"https:\/\/techmasterdemexico.com\/#website"},"primaryImageOfPage":{"@id":"https:\/\/techmasterdemexico.com\/producto\/software-de-pruebas-parametricas-de-semiconductores-sps5000\/#primaryimage"},"image":{"@id":"https:\/\/techmasterdemexico.com\/producto\/software-de-pruebas-parametricas-de-semiconductores-sps5000\/#primaryimage"},"thumbnailUrl":"https:\/\/techmasterdemexico.com\/wp-content\/uploads\/SPS5000.png","datePublished":"2025-04-16T18:11:55+00:00","dateModified":"2025-04-16T18:11:56+00:00","breadcrumb":{"@id":"https:\/\/techmasterdemexico.com\/producto\/software-de-pruebas-parametricas-de-semiconductores-sps5000\/#breadcrumb"},"inLanguage":"en-US","potentialAction":[{"@type":"ReadAction","target":["https:\/\/techmasterdemexico.com\/producto\/software-de-pruebas-parametricas-de-semiconductores-sps5000\/"]}]},{"@type":"ImageObject","inLanguage":"en-US","@id":"https:\/\/techmasterdemexico.com\/producto\/software-de-pruebas-parametricas-de-semiconductores-sps5000\/#primaryimage","url":"https:\/\/techmasterdemexico.com\/wp-content\/uploads\/SPS5000.png","contentUrl":"https:\/\/techmasterdemexico.com\/wp-content\/uploads\/SPS5000.png","width":1000,"height":1000},{"@type":"BreadcrumbList","@id":"https:\/\/techmasterdemexico.com\/producto\/software-de-pruebas-parametricas-de-semiconductores-sps5000\/#breadcrumb","itemListElement":[{"@type":"ListItem","position":1,"name":"Portada","item":"https:\/\/techmasterdemexico.com\/"},{"@type":"ListItem","position":2,"name":"Software de pruebas param\u00e9tricas de semiconductores SPS5000"}]},{"@type":"WebSite","@id":"https:\/\/techmasterdemexico.com\/#website","url":"https:\/\/techmasterdemexico.com\/","name":"Techmaster de Mexico","description":"","potentialAction":[{"@type":"SearchAction","target":{"@type":"EntryPoint","urlTemplate":"https:\/\/techmasterdemexico.com\/?s={search_term_string}"},"query-input":{"@type":"PropertyValueSpecification","valueRequired":true,"valueName":"search_term_string"}}],"inLanguage":"en-US"}]}},"brands":[{"id":670,"name":"ITECH","slug":"itech"}],"_links":{"self":[{"href":"https:\/\/techmasterdemexico.com\/en\/wp-json\/wp\/v2\/product\/22539","targetHints":{"allow":["GET"]}}],"collection":[{"href":"https:\/\/techmasterdemexico.com\/en\/wp-json\/wp\/v2\/product"}],"about":[{"href":"https:\/\/techmasterdemexico.com\/en\/wp-json\/wp\/v2\/types\/product"}],"wp:featuredmedia":[{"embeddable":true,"href":"https:\/\/techmasterdemexico.com\/en\/wp-json\/wp\/v2\/media\/22540"}],"wp:attachment":[{"href":"https:\/\/techmasterdemexico.com\/en\/wp-json\/wp\/v2\/media?parent=22539"}],"wp:term":[{"taxonomy":"pwb-brand","embeddable":true,"href":"https:\/\/techmasterdemexico.com\/en\/wp-json\/wp\/v2\/pwb-brand?post=22539"},{"taxonomy":"product_brand","embeddable":true,"href":"https:\/\/techmasterdemexico.com\/en\/wp-json\/wp\/v2\/product_brand?post=22539"},{"taxonomy":"product_cat","embeddable":true,"href":"https:\/\/techmasterdemexico.com\/en\/wp-json\/wp\/v2\/product_cat?post=22539"},{"taxonomy":"product_tag","embeddable":true,"href":"https:\/\/techmasterdemexico.com\/en\/wp-json\/wp\/v2\/product_tag?post=22539"}],"curies":[{"name":"wp","href":"https:\/\/api.w.org\/{rel}","templated":true}]}}