{"id":22504,"date":"2025-04-03T17:32:58","date_gmt":"2025-04-04T00:32:58","guid":{"rendered":"https:\/\/techmasterdemexico.com\/?post_type=product&#038;p=22504"},"modified":"2025-04-03T17:34:22","modified_gmt":"2025-04-04T00:34:22","slug":"calibrador-de-osciloscopio-de-alto-rendimiento-fluke-9500c","status":"publish","type":"product","link":"https:\/\/techmasterdemexico.com\/en\/producto\/calibrador-de-osciloscopio-de-alto-rendimiento-fluke-9500c\/","title":{"rendered":"Calibrador de osciloscopio de alto rendimiento Fluke 9500C"},"content":{"rendered":"<p>Calibrador de osciloscopio de alto rendimiento Fluke 9500C<br \/>\nSu clave para un rendimiento excepcional de la se\u00f1al<br \/>\nEl 9500C es un moderno calibrador de osciloscopios dedicado, dise\u00f1ado para profesionales de la calibraci\u00f3n que necesitan cubrir carga de trabajo por debajo de 4 GHz de forma precisa, fiable y eficiente.<\/p>\n<p>Las mejoras con respecto a su predecesor, el 9500B, incluyen salidas simult\u00e1neas en todos los canales, lo que aumenta la velocidad y la eficacia de las pruebas y elimina los cambios de cables. El 9500C tambi\u00e9n cuenta con una mayor precisi\u00f3n, un cabezal activo m\u00e1s robusto, hardware y software actualizados y una moderna interfaz de pantalla t\u00e1ctil en color. El 9500C puede automatizarse totalmente con el software MET\/ CAL para un funcionamiento manos libres.<\/p>\n","protected":false},"excerpt":{"rendered":"<p>Automatizaci\u00f3n total: Elimina las tareas manuales, lo que aumenta significativamente la productividad del laboratorio.<br \/>\nActive Head Technology: Garantiza la entrega directa y exacta de la se\u00f1al al osciloscopio.<br \/>\nCalibraci\u00f3n multicanal simult\u00e1nea: Reduce el tiempo y la complejidad implicados en la calibraci\u00f3n de cada canal.<br \/>\nIncertidumbres m\u00ednimas de medida: Evita los errores com\u00fanmente asociados con la manipulaci\u00f3n manual de cables y matrices de conmutaci\u00f3n.<br \/>\nVersatilidad y rendimiento: Capaz de calibrar osciloscopios modernos multicanal con una intervenci\u00f3n m\u00ednima del operador.<\/p>\n","protected":false},"featured_media":22505,"template":"","meta":{"_acf_changed":false},"pwb-brand":[31],"product_brand":[],"product_cat":[366,30],"product_tag":[],"class_list":{"0":"post-22504","1":"product","2":"type-product","3":"status-publish","4":"has-post-thumbnail","6":"pwb-brand-fluke","7":"product_cat-todos-los-productos","8":"product_cat-fluke","10":"first","11":"instock","12":"taxable","13":"shipping-taxable","14":"product-type-simple"},"acf":[],"yoast_head":"<!-- This site is optimized with the Yoast SEO plugin v27.2 - https:\/\/yoast.com\/product\/yoast-seo-wordpress\/ -->\n<title>Calibrador de osciloscopio de alto rendimiento Fluke 9500C - Techmaster de Mexico<\/title>\n<meta name=\"robots\" content=\"index, follow, max-snippet:-1, max-image-preview:large, max-video-preview:-1\" \/>\n<link rel=\"canonical\" href=\"https:\/\/techmasterdemexico.com\/producto\/calibrador-de-osciloscopio-de-alto-rendimiento-fluke-9500c\/\" \/>\n<meta property=\"og:locale\" content=\"en_US\" \/>\n<meta property=\"og:type\" content=\"article\" \/>\n<meta property=\"og:title\" content=\"Calibrador de osciloscopio de alto rendimiento Fluke 9500C - Techmaster de Mexico\" \/>\n<meta property=\"og:description\" content=\"Automatizaci\u00f3n total: Elimina las tareas manuales, lo que aumenta significativamente la productividad del laboratorio. Active Head Technology: Garantiza la entrega directa y exacta de la se\u00f1al al osciloscopio. Calibraci\u00f3n multicanal simult\u00e1nea: Reduce el tiempo y la complejidad implicados en la calibraci\u00f3n de cada canal. Incertidumbres m\u00ednimas de medida: Evita los errores com\u00fanmente asociados con la manipulaci\u00f3n manual de cables y matrices de conmutaci\u00f3n. Versatilidad y rendimiento: Capaz de calibrar osciloscopios modernos multicanal con una intervenci\u00f3n m\u00ednima del operador.\" \/>\n<meta property=\"og:url\" content=\"https:\/\/techmasterdemexico.com\/producto\/calibrador-de-osciloscopio-de-alto-rendimiento-fluke-9500c\/\" \/>\n<meta property=\"og:site_name\" content=\"Techmaster de Mexico\" \/>\n<meta property=\"article:modified_time\" content=\"2025-04-04T00:34:22+00:00\" \/>\n<meta property=\"og:image\" content=\"https:\/\/techmasterdemexico.com\/wp-content\/uploads\/Fluke-9500C-1.png\" \/>\n\t<meta property=\"og:image:width\" content=\"1000\" \/>\n\t<meta property=\"og:image:height\" content=\"1000\" \/>\n\t<meta property=\"og:image:type\" content=\"image\/png\" \/>\n<meta name=\"twitter:card\" content=\"summary_large_image\" \/>\n<meta name=\"twitter:label1\" content=\"Est. reading time\" \/>\n\t<meta name=\"twitter:data1\" content=\"1 minute\" \/>\n<script type=\"application\/ld+json\" class=\"yoast-schema-graph\">{\"@context\":\"https:\/\/schema.org\",\"@graph\":[{\"@type\":\"WebPage\",\"@id\":\"https:\/\/techmasterdemexico.com\/producto\/calibrador-de-osciloscopio-de-alto-rendimiento-fluke-9500c\/\",\"url\":\"https:\/\/techmasterdemexico.com\/producto\/calibrador-de-osciloscopio-de-alto-rendimiento-fluke-9500c\/\",\"name\":\"Calibrador de osciloscopio de alto rendimiento Fluke 9500C - Techmaster de Mexico\",\"isPartOf\":{\"@id\":\"https:\/\/techmasterdemexico.com\/#website\"},\"primaryImageOfPage\":{\"@id\":\"https:\/\/techmasterdemexico.com\/producto\/calibrador-de-osciloscopio-de-alto-rendimiento-fluke-9500c\/#primaryimage\"},\"image\":{\"@id\":\"https:\/\/techmasterdemexico.com\/producto\/calibrador-de-osciloscopio-de-alto-rendimiento-fluke-9500c\/#primaryimage\"},\"thumbnailUrl\":\"https:\/\/techmasterdemexico.com\/wp-content\/uploads\/Fluke-9500C-1.png\",\"datePublished\":\"2025-04-04T00:32:58+00:00\",\"dateModified\":\"2025-04-04T00:34:22+00:00\",\"breadcrumb\":{\"@id\":\"https:\/\/techmasterdemexico.com\/producto\/calibrador-de-osciloscopio-de-alto-rendimiento-fluke-9500c\/#breadcrumb\"},\"inLanguage\":\"en-US\",\"potentialAction\":[{\"@type\":\"ReadAction\",\"target\":[\"https:\/\/techmasterdemexico.com\/producto\/calibrador-de-osciloscopio-de-alto-rendimiento-fluke-9500c\/\"]}]},{\"@type\":\"ImageObject\",\"inLanguage\":\"en-US\",\"@id\":\"https:\/\/techmasterdemexico.com\/producto\/calibrador-de-osciloscopio-de-alto-rendimiento-fluke-9500c\/#primaryimage\",\"url\":\"https:\/\/techmasterdemexico.com\/wp-content\/uploads\/Fluke-9500C-1.png\",\"contentUrl\":\"https:\/\/techmasterdemexico.com\/wp-content\/uploads\/Fluke-9500C-1.png\",\"width\":1000,\"height\":1000},{\"@type\":\"BreadcrumbList\",\"@id\":\"https:\/\/techmasterdemexico.com\/producto\/calibrador-de-osciloscopio-de-alto-rendimiento-fluke-9500c\/#breadcrumb\",\"itemListElement\":[{\"@type\":\"ListItem\",\"position\":1,\"name\":\"Portada\",\"item\":\"https:\/\/techmasterdemexico.com\/\"},{\"@type\":\"ListItem\",\"position\":2,\"name\":\"Calibrador de osciloscopio de alto rendimiento Fluke 9500C\"}]},{\"@type\":\"WebSite\",\"@id\":\"https:\/\/techmasterdemexico.com\/#website\",\"url\":\"https:\/\/techmasterdemexico.com\/\",\"name\":\"Techmaster de Mexico\",\"description\":\"\",\"potentialAction\":[{\"@type\":\"SearchAction\",\"target\":{\"@type\":\"EntryPoint\",\"urlTemplate\":\"https:\/\/techmasterdemexico.com\/?s={search_term_string}\"},\"query-input\":{\"@type\":\"PropertyValueSpecification\",\"valueRequired\":true,\"valueName\":\"search_term_string\"}}],\"inLanguage\":\"en-US\"}]}<\/script>\n<!-- \/ Yoast SEO plugin. -->","yoast_head_json":{"title":"Calibrador de osciloscopio de alto rendimiento Fluke 9500C - Techmaster de Mexico","robots":{"index":"index","follow":"follow","max-snippet":"max-snippet:-1","max-image-preview":"max-image-preview:large","max-video-preview":"max-video-preview:-1"},"canonical":"https:\/\/techmasterdemexico.com\/producto\/calibrador-de-osciloscopio-de-alto-rendimiento-fluke-9500c\/","og_locale":"en_US","og_type":"article","og_title":"Calibrador de osciloscopio de alto rendimiento Fluke 9500C - Techmaster de Mexico","og_description":"Automatizaci\u00f3n total: Elimina las tareas manuales, lo que aumenta significativamente la productividad del laboratorio. Active Head Technology: Garantiza la entrega directa y exacta de la se\u00f1al al osciloscopio. Calibraci\u00f3n multicanal simult\u00e1nea: Reduce el tiempo y la complejidad implicados en la calibraci\u00f3n de cada canal. Incertidumbres m\u00ednimas de medida: Evita los errores com\u00fanmente asociados con la manipulaci\u00f3n manual de cables y matrices de conmutaci\u00f3n. Versatilidad y rendimiento: Capaz de calibrar osciloscopios modernos multicanal con una intervenci\u00f3n m\u00ednima del operador.","og_url":"https:\/\/techmasterdemexico.com\/producto\/calibrador-de-osciloscopio-de-alto-rendimiento-fluke-9500c\/","og_site_name":"Techmaster de Mexico","article_modified_time":"2025-04-04T00:34:22+00:00","og_image":[{"width":1000,"height":1000,"url":"https:\/\/techmasterdemexico.com\/wp-content\/uploads\/Fluke-9500C-1.png","type":"image\/png"}],"twitter_card":"summary_large_image","twitter_misc":{"Est. reading time":"1 minute"},"schema":{"@context":"https:\/\/schema.org","@graph":[{"@type":"WebPage","@id":"https:\/\/techmasterdemexico.com\/producto\/calibrador-de-osciloscopio-de-alto-rendimiento-fluke-9500c\/","url":"https:\/\/techmasterdemexico.com\/producto\/calibrador-de-osciloscopio-de-alto-rendimiento-fluke-9500c\/","name":"Calibrador de osciloscopio de alto rendimiento Fluke 9500C - Techmaster de Mexico","isPartOf":{"@id":"https:\/\/techmasterdemexico.com\/#website"},"primaryImageOfPage":{"@id":"https:\/\/techmasterdemexico.com\/producto\/calibrador-de-osciloscopio-de-alto-rendimiento-fluke-9500c\/#primaryimage"},"image":{"@id":"https:\/\/techmasterdemexico.com\/producto\/calibrador-de-osciloscopio-de-alto-rendimiento-fluke-9500c\/#primaryimage"},"thumbnailUrl":"https:\/\/techmasterdemexico.com\/wp-content\/uploads\/Fluke-9500C-1.png","datePublished":"2025-04-04T00:32:58+00:00","dateModified":"2025-04-04T00:34:22+00:00","breadcrumb":{"@id":"https:\/\/techmasterdemexico.com\/producto\/calibrador-de-osciloscopio-de-alto-rendimiento-fluke-9500c\/#breadcrumb"},"inLanguage":"en-US","potentialAction":[{"@type":"ReadAction","target":["https:\/\/techmasterdemexico.com\/producto\/calibrador-de-osciloscopio-de-alto-rendimiento-fluke-9500c\/"]}]},{"@type":"ImageObject","inLanguage":"en-US","@id":"https:\/\/techmasterdemexico.com\/producto\/calibrador-de-osciloscopio-de-alto-rendimiento-fluke-9500c\/#primaryimage","url":"https:\/\/techmasterdemexico.com\/wp-content\/uploads\/Fluke-9500C-1.png","contentUrl":"https:\/\/techmasterdemexico.com\/wp-content\/uploads\/Fluke-9500C-1.png","width":1000,"height":1000},{"@type":"BreadcrumbList","@id":"https:\/\/techmasterdemexico.com\/producto\/calibrador-de-osciloscopio-de-alto-rendimiento-fluke-9500c\/#breadcrumb","itemListElement":[{"@type":"ListItem","position":1,"name":"Portada","item":"https:\/\/techmasterdemexico.com\/"},{"@type":"ListItem","position":2,"name":"Calibrador de osciloscopio de alto rendimiento Fluke 9500C"}]},{"@type":"WebSite","@id":"https:\/\/techmasterdemexico.com\/#website","url":"https:\/\/techmasterdemexico.com\/","name":"Techmaster de Mexico","description":"","potentialAction":[{"@type":"SearchAction","target":{"@type":"EntryPoint","urlTemplate":"https:\/\/techmasterdemexico.com\/?s={search_term_string}"},"query-input":{"@type":"PropertyValueSpecification","valueRequired":true,"valueName":"search_term_string"}}],"inLanguage":"en-US"}]}},"brands":[{"id":31,"name":"Fluke","slug":"fluke"}],"_links":{"self":[{"href":"https:\/\/techmasterdemexico.com\/en\/wp-json\/wp\/v2\/product\/22504","targetHints":{"allow":["GET"]}}],"collection":[{"href":"https:\/\/techmasterdemexico.com\/en\/wp-json\/wp\/v2\/product"}],"about":[{"href":"https:\/\/techmasterdemexico.com\/en\/wp-json\/wp\/v2\/types\/product"}],"wp:featuredmedia":[{"embeddable":true,"href":"https:\/\/techmasterdemexico.com\/en\/wp-json\/wp\/v2\/media\/22505"}],"wp:attachment":[{"href":"https:\/\/techmasterdemexico.com\/en\/wp-json\/wp\/v2\/media?parent=22504"}],"wp:term":[{"taxonomy":"pwb-brand","embeddable":true,"href":"https:\/\/techmasterdemexico.com\/en\/wp-json\/wp\/v2\/pwb-brand?post=22504"},{"taxonomy":"product_brand","embeddable":true,"href":"https:\/\/techmasterdemexico.com\/en\/wp-json\/wp\/v2\/product_brand?post=22504"},{"taxonomy":"product_cat","embeddable":true,"href":"https:\/\/techmasterdemexico.com\/en\/wp-json\/wp\/v2\/product_cat?post=22504"},{"taxonomy":"product_tag","embeddable":true,"href":"https:\/\/techmasterdemexico.com\/en\/wp-json\/wp\/v2\/product_tag?post=22504"}],"curies":[{"name":"wp","href":"https:\/\/api.w.org\/{rel}","templated":true}]}}