{"id":22476,"date":"2025-03-27T16:50:26","date_gmt":"2025-03-27T23:50:26","guid":{"rendered":"https:\/\/techmasterdemexico.com\/?post_type=product&#038;p=22476"},"modified":"2025-03-27T16:50:26","modified_gmt":"2025-03-27T23:50:26","slug":"medidor-de-aislamiento-fluke-1555c","status":"publish","type":"product","link":"https:\/\/techmasterdemexico.com\/en\/producto\/medidor-de-aislamiento-fluke-1555c\/","title":{"rendered":"Medidor de aislamiento Fluke 1555C"},"content":{"rendered":"<p>El Fluke 1555 permite pruebas de aislamiento de hasta 10 kV, ideal para equipos de alto voltaje como motores, generadores y cables.<br \/>\nCuenta con certificaci\u00f3n CAT IV 600 V, garant\u00eda de 3 a\u00f1os y almacenamiento de datos con interfaz para PC, facilitando el mantenimiento preventivo y la detecci\u00f3n de fallas antes de que ocurran.<\/p>\n<p>&nbsp;<\/p>\n","protected":false},"excerpt":{"rendered":"<ul>\n<li>Mida voltajes de hasta 10 kV y ahorre tiempo al marcar tendencias inmediatamente solo con Fluke Connect\u00ae<\/li>\n<li>Categor\u00eda de seguridad el\u00e9ctrica CAT III 1000 V y CAT IV 600 V<\/li>\n<li>La funci\u00f3n de alerta indica al usuario que existe voltaje y proporciona una lectura de voltaje de hasta 600 V CA o CC para mayor seguridad del usuario<\/li>\n<li>Selecci\u00f3n de voltajes de prueba en escalones de 50 V desde 250 V hasta 1000 V, y escalones de 100 V por encima de los 1000 V.<\/li>\n<li>La memoria puede almacenar hasta 99 medidas y cada una de ellas cuenta con una etiqueta \u00fanica definida por el usuario para facilitar su uso.<\/li>\n<li>Las bater\u00edas de larga duraci\u00f3n permiten realizar 750 pruebas con cada carga<\/li>\n<li>C\u00e1lculo autom\u00e1tico del Radio de Absorci\u00f3n Diel\u00e9ctrico y del \u00cdndice de Polarizaci\u00f3n sin configuraciones adicionales<\/li>\n<li>El sistema de protecci\u00f3n elimina el efecto de fuga superficial en las mediciones de resistencia muy altas<\/li>\n<li>Pantalla LCD digital\/anal\u00f3gica de gran tama\u00f1o para una f\u00e1cil visualizaci\u00f3n<\/li>\n<li>Medici\u00f3n de capacitancia y de corriente de fuga<\/li>\n<li>Funci\u00f3n de rampa para las pruebas de ruptura del aislamiento<\/li>\n<li>Medida de resistencia de hasta 2 T?<\/li>\n<li>Posibilidad de ajuste del temporizador de hasta 99 minutos para comprobaciones programadas<\/li>\n<li>Tensiones de prueba disponibles: Seleccionables en pasos de 50 V desde 250 V hasta 1000 V, y en pasos de 100 V por encima de 1000 V.<\/li>\n<\/ul>\n","protected":false},"featured_media":22477,"template":"","meta":{"_acf_changed":false},"pwb-brand":[31],"product_brand":[],"product_cat":[366,30],"product_tag":[],"class_list":{"0":"post-22476","1":"product","2":"type-product","3":"status-publish","4":"has-post-thumbnail","6":"pwb-brand-fluke","7":"product_cat-todos-los-productos","8":"product_cat-fluke","10":"first","11":"instock","12":"taxable","13":"shipping-taxable","14":"product-type-simple"},"acf":[],"yoast_head":"<!-- This site is optimized with the Yoast SEO plugin v27.4 - https:\/\/yoast.com\/product\/yoast-seo-wordpress\/ -->\n<title>Medidor de aislamiento Fluke 1555C - Techmaster de Mexico<\/title>\n<meta name=\"robots\" content=\"index, follow, max-snippet:-1, max-image-preview:large, max-video-preview:-1\" \/>\n<link rel=\"canonical\" href=\"https:\/\/techmasterdemexico.com\/producto\/medidor-de-aislamiento-fluke-1555c\/\" \/>\n<meta property=\"og:locale\" content=\"en_US\" \/>\n<meta property=\"og:type\" content=\"article\" \/>\n<meta property=\"og:title\" content=\"Medidor de aislamiento Fluke 1555C - Techmaster de Mexico\" \/>\n<meta property=\"og:description\" content=\"Mida voltajes de hasta 10 kV y ahorre tiempo al marcar tendencias inmediatamente solo con Fluke Connect\u00ae  Categor\u00eda de seguridad el\u00e9ctrica CAT III 1000 V y CAT IV 600 V  La funci\u00f3n de alerta indica al usuario que existe voltaje y proporciona una lectura de voltaje de hasta 600 V CA o CC para mayor seguridad del usuario  Selecci\u00f3n de voltajes de prueba en escalones de 50 V desde 250 V hasta 1000 V, y escalones de 100 V por encima de los 1000 V.  La memoria puede almacenar hasta 99 medidas y cada una de ellas cuenta con una etiqueta \u00fanica definida por el usuario para facilitar su uso.  Las bater\u00edas de larga duraci\u00f3n permiten realizar 750 pruebas con cada carga  C\u00e1lculo autom\u00e1tico del Radio de Absorci\u00f3n Diel\u00e9ctrico y del \u00cdndice de Polarizaci\u00f3n sin configuraciones adicionales  El sistema de protecci\u00f3n elimina el efecto de fuga superficial en las mediciones de resistencia muy altas  Pantalla LCD digital\/anal\u00f3gica de gran tama\u00f1o para una f\u00e1cil visualizaci\u00f3n  Medici\u00f3n de capacitancia y de corriente de fuga  Funci\u00f3n de rampa para las pruebas de ruptura del aislamiento  Medida de resistencia de hasta 2 T?  Posibilidad de ajuste del temporizador de hasta 99 minutos para comprobaciones programadas  Tensiones de prueba disponibles: Seleccionables en pasos de 50 V desde 250 V hasta 1000 V, y en pasos de 100 V por encima de 1000 V.\" \/>\n<meta property=\"og:url\" content=\"https:\/\/techmasterdemexico.com\/producto\/medidor-de-aislamiento-fluke-1555c\/\" \/>\n<meta property=\"og:site_name\" content=\"Techmaster de Mexico\" \/>\n<meta property=\"og:image\" content=\"https:\/\/techmasterdemexico.com\/wp-content\/uploads\/Fluke-1555C-FC-Kit.jpg\" \/>\n\t<meta property=\"og:image:width\" content=\"1000\" \/>\n\t<meta property=\"og:image:height\" content=\"1000\" \/>\n\t<meta property=\"og:image:type\" content=\"image\/jpeg\" \/>\n<meta name=\"twitter:card\" content=\"summary_large_image\" \/>\n<meta name=\"twitter:label1\" content=\"Est. reading time\" \/>\n\t<meta name=\"twitter:data1\" content=\"1 minute\" \/>\n<script type=\"application\/ld+json\" class=\"yoast-schema-graph\">{\"@context\":\"https:\\\/\\\/schema.org\",\"@graph\":[{\"@type\":\"WebPage\",\"@id\":\"https:\\\/\\\/techmasterdemexico.com\\\/producto\\\/medidor-de-aislamiento-fluke-1555c\\\/\",\"url\":\"https:\\\/\\\/techmasterdemexico.com\\\/producto\\\/medidor-de-aislamiento-fluke-1555c\\\/\",\"name\":\"Medidor de aislamiento Fluke 1555C - Techmaster de Mexico\",\"isPartOf\":{\"@id\":\"https:\\\/\\\/techmasterdemexico.com\\\/#website\"},\"primaryImageOfPage\":{\"@id\":\"https:\\\/\\\/techmasterdemexico.com\\\/producto\\\/medidor-de-aislamiento-fluke-1555c\\\/#primaryimage\"},\"image\":{\"@id\":\"https:\\\/\\\/techmasterdemexico.com\\\/producto\\\/medidor-de-aislamiento-fluke-1555c\\\/#primaryimage\"},\"thumbnailUrl\":\"https:\\\/\\\/techmasterdemexico.com\\\/wp-content\\\/uploads\\\/Fluke-1555C-FC-Kit.jpg\",\"datePublished\":\"2025-03-27T23:50:26+00:00\",\"breadcrumb\":{\"@id\":\"https:\\\/\\\/techmasterdemexico.com\\\/producto\\\/medidor-de-aislamiento-fluke-1555c\\\/#breadcrumb\"},\"inLanguage\":\"en-US\",\"potentialAction\":[{\"@type\":\"ReadAction\",\"target\":[\"https:\\\/\\\/techmasterdemexico.com\\\/producto\\\/medidor-de-aislamiento-fluke-1555c\\\/\"]}]},{\"@type\":\"ImageObject\",\"inLanguage\":\"en-US\",\"@id\":\"https:\\\/\\\/techmasterdemexico.com\\\/producto\\\/medidor-de-aislamiento-fluke-1555c\\\/#primaryimage\",\"url\":\"https:\\\/\\\/techmasterdemexico.com\\\/wp-content\\\/uploads\\\/Fluke-1555C-FC-Kit.jpg\",\"contentUrl\":\"https:\\\/\\\/techmasterdemexico.com\\\/wp-content\\\/uploads\\\/Fluke-1555C-FC-Kit.jpg\",\"width\":1000,\"height\":1000},{\"@type\":\"BreadcrumbList\",\"@id\":\"https:\\\/\\\/techmasterdemexico.com\\\/producto\\\/medidor-de-aislamiento-fluke-1555c\\\/#breadcrumb\",\"itemListElement\":[{\"@type\":\"ListItem\",\"position\":1,\"name\":\"Portada\",\"item\":\"https:\\\/\\\/techmasterdemexico.com\\\/\"},{\"@type\":\"ListItem\",\"position\":2,\"name\":\"Medidor de aislamiento Fluke 1555C\"}]},{\"@type\":\"WebSite\",\"@id\":\"https:\\\/\\\/techmasterdemexico.com\\\/#website\",\"url\":\"https:\\\/\\\/techmasterdemexico.com\\\/\",\"name\":\"Techmaster de Mexico\",\"description\":\"\",\"potentialAction\":[{\"@type\":\"SearchAction\",\"target\":{\"@type\":\"EntryPoint\",\"urlTemplate\":\"https:\\\/\\\/techmasterdemexico.com\\\/?s={search_term_string}\"},\"query-input\":{\"@type\":\"PropertyValueSpecification\",\"valueRequired\":true,\"valueName\":\"search_term_string\"}}],\"inLanguage\":\"en-US\"}]}<\/script>\n<!-- \/ Yoast SEO plugin. -->","yoast_head_json":{"title":"Medidor de aislamiento Fluke 1555C - Techmaster de Mexico","robots":{"index":"index","follow":"follow","max-snippet":"max-snippet:-1","max-image-preview":"max-image-preview:large","max-video-preview":"max-video-preview:-1"},"canonical":"https:\/\/techmasterdemexico.com\/producto\/medidor-de-aislamiento-fluke-1555c\/","og_locale":"en_US","og_type":"article","og_title":"Medidor de aislamiento Fluke 1555C - Techmaster de Mexico","og_description":"Mida voltajes de hasta 10 kV y ahorre tiempo al marcar tendencias inmediatamente solo con Fluke Connect\u00ae  Categor\u00eda de seguridad el\u00e9ctrica CAT III 1000 V y CAT IV 600 V  La funci\u00f3n de alerta indica al usuario que existe voltaje y proporciona una lectura de voltaje de hasta 600 V CA o CC para mayor seguridad del usuario  Selecci\u00f3n de voltajes de prueba en escalones de 50 V desde 250 V hasta 1000 V, y escalones de 100 V por encima de los 1000 V.  La memoria puede almacenar hasta 99 medidas y cada una de ellas cuenta con una etiqueta \u00fanica definida por el usuario para facilitar su uso.  Las bater\u00edas de larga duraci\u00f3n permiten realizar 750 pruebas con cada carga  C\u00e1lculo autom\u00e1tico del Radio de Absorci\u00f3n Diel\u00e9ctrico y del \u00cdndice de Polarizaci\u00f3n sin configuraciones adicionales  El sistema de protecci\u00f3n elimina el efecto de fuga superficial en las mediciones de resistencia muy altas  Pantalla LCD digital\/anal\u00f3gica de gran tama\u00f1o para una f\u00e1cil visualizaci\u00f3n  Medici\u00f3n de capacitancia y de corriente de fuga  Funci\u00f3n de rampa para las pruebas de ruptura del aislamiento  Medida de resistencia de hasta 2 T?  Posibilidad de ajuste del temporizador de hasta 99 minutos para comprobaciones programadas  Tensiones de prueba disponibles: Seleccionables en pasos de 50 V desde 250 V hasta 1000 V, y en pasos de 100 V por encima de 1000 V.","og_url":"https:\/\/techmasterdemexico.com\/producto\/medidor-de-aislamiento-fluke-1555c\/","og_site_name":"Techmaster de Mexico","og_image":[{"width":1000,"height":1000,"url":"https:\/\/techmasterdemexico.com\/wp-content\/uploads\/Fluke-1555C-FC-Kit.jpg","type":"image\/jpeg"}],"twitter_card":"summary_large_image","twitter_misc":{"Est. reading time":"1 minute"},"schema":{"@context":"https:\/\/schema.org","@graph":[{"@type":"WebPage","@id":"https:\/\/techmasterdemexico.com\/producto\/medidor-de-aislamiento-fluke-1555c\/","url":"https:\/\/techmasterdemexico.com\/producto\/medidor-de-aislamiento-fluke-1555c\/","name":"Medidor de aislamiento Fluke 1555C - Techmaster de Mexico","isPartOf":{"@id":"https:\/\/techmasterdemexico.com\/#website"},"primaryImageOfPage":{"@id":"https:\/\/techmasterdemexico.com\/producto\/medidor-de-aislamiento-fluke-1555c\/#primaryimage"},"image":{"@id":"https:\/\/techmasterdemexico.com\/producto\/medidor-de-aislamiento-fluke-1555c\/#primaryimage"},"thumbnailUrl":"https:\/\/techmasterdemexico.com\/wp-content\/uploads\/Fluke-1555C-FC-Kit.jpg","datePublished":"2025-03-27T23:50:26+00:00","breadcrumb":{"@id":"https:\/\/techmasterdemexico.com\/producto\/medidor-de-aislamiento-fluke-1555c\/#breadcrumb"},"inLanguage":"en-US","potentialAction":[{"@type":"ReadAction","target":["https:\/\/techmasterdemexico.com\/producto\/medidor-de-aislamiento-fluke-1555c\/"]}]},{"@type":"ImageObject","inLanguage":"en-US","@id":"https:\/\/techmasterdemexico.com\/producto\/medidor-de-aislamiento-fluke-1555c\/#primaryimage","url":"https:\/\/techmasterdemexico.com\/wp-content\/uploads\/Fluke-1555C-FC-Kit.jpg","contentUrl":"https:\/\/techmasterdemexico.com\/wp-content\/uploads\/Fluke-1555C-FC-Kit.jpg","width":1000,"height":1000},{"@type":"BreadcrumbList","@id":"https:\/\/techmasterdemexico.com\/producto\/medidor-de-aislamiento-fluke-1555c\/#breadcrumb","itemListElement":[{"@type":"ListItem","position":1,"name":"Portada","item":"https:\/\/techmasterdemexico.com\/"},{"@type":"ListItem","position":2,"name":"Medidor de aislamiento Fluke 1555C"}]},{"@type":"WebSite","@id":"https:\/\/techmasterdemexico.com\/#website","url":"https:\/\/techmasterdemexico.com\/","name":"Techmaster de Mexico","description":"","potentialAction":[{"@type":"SearchAction","target":{"@type":"EntryPoint","urlTemplate":"https:\/\/techmasterdemexico.com\/?s={search_term_string}"},"query-input":{"@type":"PropertyValueSpecification","valueRequired":true,"valueName":"search_term_string"}}],"inLanguage":"en-US"}]}},"brands":[{"id":31,"name":"Fluke","slug":"fluke"}],"_links":{"self":[{"href":"https:\/\/techmasterdemexico.com\/en\/wp-json\/wp\/v2\/product\/22476","targetHints":{"allow":["GET"]}}],"collection":[{"href":"https:\/\/techmasterdemexico.com\/en\/wp-json\/wp\/v2\/product"}],"about":[{"href":"https:\/\/techmasterdemexico.com\/en\/wp-json\/wp\/v2\/types\/product"}],"wp:featuredmedia":[{"embeddable":true,"href":"https:\/\/techmasterdemexico.com\/en\/wp-json\/wp\/v2\/media\/22477"}],"wp:attachment":[{"href":"https:\/\/techmasterdemexico.com\/en\/wp-json\/wp\/v2\/media?parent=22476"}],"wp:term":[{"taxonomy":"pwb-brand","embeddable":true,"href":"https:\/\/techmasterdemexico.com\/en\/wp-json\/wp\/v2\/pwb-brand?post=22476"},{"taxonomy":"product_brand","embeddable":true,"href":"https:\/\/techmasterdemexico.com\/en\/wp-json\/wp\/v2\/product_brand?post=22476"},{"taxonomy":"product_cat","embeddable":true,"href":"https:\/\/techmasterdemexico.com\/en\/wp-json\/wp\/v2\/product_cat?post=22476"},{"taxonomy":"product_tag","embeddable":true,"href":"https:\/\/techmasterdemexico.com\/en\/wp-json\/wp\/v2\/product_tag?post=22476"}],"curies":[{"name":"wp","href":"https:\/\/api.w.org\/{rel}","templated":true}]}}