{"id":22464,"date":"2025-03-27T16:34:18","date_gmt":"2025-03-27T23:34:18","guid":{"rendered":"https:\/\/techmasterdemexico.com\/?post_type=product&#038;p=22464"},"modified":"2025-03-27T16:34:18","modified_gmt":"2025-03-27T23:34:18","slug":"kit-basico-de-herramientas-de-mano-aisladas-de-fluke-ibtk6","status":"publish","type":"product","link":"https:\/\/techmasterdemexico.com\/en\/producto\/kit-basico-de-herramientas-de-mano-aisladas-de-fluke-ibtk6\/","title":{"rendered":"Kit b\u00e1sico de herramientas de mano aisladas de Fluke iBTK6"},"content":{"rendered":"<p>El Fluke iBTK6 es un adaptador de pinza de corriente dise\u00f1ado para medir corrientes de hasta 600 amperios en sistemas el\u00e9ctricos. Este dispositivo permite a los profesionales realizar mediciones precisas sin necesidad de interrumpir el circuito.<\/p>\n","protected":false},"excerpt":{"rendered":"<ul>\n<li>Rango de corriente: Hasta 600 A.<\/li>\n<li>Compatibilidad: Dise\u00f1ado para funcionar con mult\u00edmetros digitales y otros instrumentos de medici\u00f3n de Fluke.<\/li>\n<li>Dise\u00f1o: Compacto y ergon\u00f3mico, facilitando su uso en espacios reducidos.<\/li>\n<li>Seguridad: Cumple con las normas de seguridad internacionales para garantizar mediciones seguras y precisas.<\/li>\n<\/ul>\n","protected":false},"featured_media":22465,"template":"","meta":{"_acf_changed":false},"pwb-brand":[31],"product_brand":[],"product_cat":[366,30],"product_tag":[],"class_list":{"0":"post-22464","1":"product","2":"type-product","3":"status-publish","4":"has-post-thumbnail","6":"pwb-brand-fluke","7":"product_cat-todos-los-productos","8":"product_cat-fluke","10":"first","11":"instock","12":"taxable","13":"shipping-taxable","14":"product-type-simple"},"acf":[],"yoast_head":"<!-- This site is optimized with the Yoast SEO plugin v27.4 - https:\/\/yoast.com\/product\/yoast-seo-wordpress\/ -->\n<title>Kit b\u00e1sico de herramientas de mano aisladas de Fluke iBTK6 - Techmaster de Mexico<\/title>\n<meta name=\"robots\" content=\"index, follow, max-snippet:-1, max-image-preview:large, max-video-preview:-1\" \/>\n<link rel=\"canonical\" href=\"https:\/\/techmasterdemexico.com\/producto\/kit-basico-de-herramientas-de-mano-aisladas-de-fluke-ibtk6\/\" \/>\n<meta property=\"og:locale\" content=\"en_US\" \/>\n<meta property=\"og:type\" content=\"article\" \/>\n<meta property=\"og:title\" content=\"Kit b\u00e1sico de herramientas de mano aisladas de Fluke iBTK6 - Techmaster de Mexico\" \/>\n<meta property=\"og:description\" content=\"Rango de corriente: Hasta 600 A.  Compatibilidad: Dise\u00f1ado para funcionar con mult\u00edmetros digitales y otros instrumentos de medici\u00f3n de Fluke.  Dise\u00f1o: Compacto y ergon\u00f3mico, facilitando su uso en espacios reducidos.  Seguridad: Cumple con las normas de seguridad internacionales para garantizar mediciones seguras y precisas.\" \/>\n<meta property=\"og:url\" content=\"https:\/\/techmasterdemexico.com\/producto\/kit-basico-de-herramientas-de-mano-aisladas-de-fluke-ibtk6\/\" \/>\n<meta property=\"og:site_name\" content=\"Techmaster de Mexico\" \/>\n<meta property=\"og:image\" content=\"https:\/\/techmasterdemexico.com\/wp-content\/uploads\/Fluke-IBT6K.jpg\" \/>\n\t<meta property=\"og:image:width\" content=\"1000\" \/>\n\t<meta property=\"og:image:height\" content=\"1000\" \/>\n\t<meta property=\"og:image:type\" content=\"image\/jpeg\" \/>\n<meta name=\"twitter:card\" content=\"summary_large_image\" \/>\n<meta name=\"twitter:label1\" content=\"Est. reading time\" \/>\n\t<meta name=\"twitter:data1\" content=\"1 minute\" \/>\n<script type=\"application\/ld+json\" class=\"yoast-schema-graph\">{\"@context\":\"https:\\\/\\\/schema.org\",\"@graph\":[{\"@type\":\"WebPage\",\"@id\":\"https:\\\/\\\/techmasterdemexico.com\\\/producto\\\/kit-basico-de-herramientas-de-mano-aisladas-de-fluke-ibtk6\\\/\",\"url\":\"https:\\\/\\\/techmasterdemexico.com\\\/producto\\\/kit-basico-de-herramientas-de-mano-aisladas-de-fluke-ibtk6\\\/\",\"name\":\"Kit b\u00e1sico de herramientas de mano aisladas de Fluke iBTK6 - Techmaster de Mexico\",\"isPartOf\":{\"@id\":\"https:\\\/\\\/techmasterdemexico.com\\\/#website\"},\"primaryImageOfPage\":{\"@id\":\"https:\\\/\\\/techmasterdemexico.com\\\/producto\\\/kit-basico-de-herramientas-de-mano-aisladas-de-fluke-ibtk6\\\/#primaryimage\"},\"image\":{\"@id\":\"https:\\\/\\\/techmasterdemexico.com\\\/producto\\\/kit-basico-de-herramientas-de-mano-aisladas-de-fluke-ibtk6\\\/#primaryimage\"},\"thumbnailUrl\":\"https:\\\/\\\/techmasterdemexico.com\\\/wp-content\\\/uploads\\\/Fluke-IBT6K.jpg\",\"datePublished\":\"2025-03-27T23:34:18+00:00\",\"breadcrumb\":{\"@id\":\"https:\\\/\\\/techmasterdemexico.com\\\/producto\\\/kit-basico-de-herramientas-de-mano-aisladas-de-fluke-ibtk6\\\/#breadcrumb\"},\"inLanguage\":\"en-US\",\"potentialAction\":[{\"@type\":\"ReadAction\",\"target\":[\"https:\\\/\\\/techmasterdemexico.com\\\/producto\\\/kit-basico-de-herramientas-de-mano-aisladas-de-fluke-ibtk6\\\/\"]}]},{\"@type\":\"ImageObject\",\"inLanguage\":\"en-US\",\"@id\":\"https:\\\/\\\/techmasterdemexico.com\\\/producto\\\/kit-basico-de-herramientas-de-mano-aisladas-de-fluke-ibtk6\\\/#primaryimage\",\"url\":\"https:\\\/\\\/techmasterdemexico.com\\\/wp-content\\\/uploads\\\/Fluke-IBT6K.jpg\",\"contentUrl\":\"https:\\\/\\\/techmasterdemexico.com\\\/wp-content\\\/uploads\\\/Fluke-IBT6K.jpg\",\"width\":1000,\"height\":1000},{\"@type\":\"BreadcrumbList\",\"@id\":\"https:\\\/\\\/techmasterdemexico.com\\\/producto\\\/kit-basico-de-herramientas-de-mano-aisladas-de-fluke-ibtk6\\\/#breadcrumb\",\"itemListElement\":[{\"@type\":\"ListItem\",\"position\":1,\"name\":\"Portada\",\"item\":\"https:\\\/\\\/techmasterdemexico.com\\\/\"},{\"@type\":\"ListItem\",\"position\":2,\"name\":\"Kit b\u00e1sico de herramientas de mano aisladas de Fluke iBTK6\"}]},{\"@type\":\"WebSite\",\"@id\":\"https:\\\/\\\/techmasterdemexico.com\\\/#website\",\"url\":\"https:\\\/\\\/techmasterdemexico.com\\\/\",\"name\":\"Techmaster de Mexico\",\"description\":\"\",\"potentialAction\":[{\"@type\":\"SearchAction\",\"target\":{\"@type\":\"EntryPoint\",\"urlTemplate\":\"https:\\\/\\\/techmasterdemexico.com\\\/?s={search_term_string}\"},\"query-input\":{\"@type\":\"PropertyValueSpecification\",\"valueRequired\":true,\"valueName\":\"search_term_string\"}}],\"inLanguage\":\"en-US\"}]}<\/script>\n<!-- \/ Yoast SEO plugin. -->","yoast_head_json":{"title":"Kit b\u00e1sico de herramientas de mano aisladas de Fluke iBTK6 - Techmaster de Mexico","robots":{"index":"index","follow":"follow","max-snippet":"max-snippet:-1","max-image-preview":"max-image-preview:large","max-video-preview":"max-video-preview:-1"},"canonical":"https:\/\/techmasterdemexico.com\/producto\/kit-basico-de-herramientas-de-mano-aisladas-de-fluke-ibtk6\/","og_locale":"en_US","og_type":"article","og_title":"Kit b\u00e1sico de herramientas de mano aisladas de Fluke iBTK6 - Techmaster de Mexico","og_description":"Rango de corriente: Hasta 600 A.  Compatibilidad: Dise\u00f1ado para funcionar con mult\u00edmetros digitales y otros instrumentos de medici\u00f3n de Fluke.  Dise\u00f1o: Compacto y ergon\u00f3mico, facilitando su uso en espacios reducidos.  Seguridad: Cumple con las normas de seguridad internacionales para garantizar mediciones seguras y precisas.","og_url":"https:\/\/techmasterdemexico.com\/producto\/kit-basico-de-herramientas-de-mano-aisladas-de-fluke-ibtk6\/","og_site_name":"Techmaster de Mexico","og_image":[{"width":1000,"height":1000,"url":"https:\/\/techmasterdemexico.com\/wp-content\/uploads\/Fluke-IBT6K.jpg","type":"image\/jpeg"}],"twitter_card":"summary_large_image","twitter_misc":{"Est. reading time":"1 minute"},"schema":{"@context":"https:\/\/schema.org","@graph":[{"@type":"WebPage","@id":"https:\/\/techmasterdemexico.com\/producto\/kit-basico-de-herramientas-de-mano-aisladas-de-fluke-ibtk6\/","url":"https:\/\/techmasterdemexico.com\/producto\/kit-basico-de-herramientas-de-mano-aisladas-de-fluke-ibtk6\/","name":"Kit b\u00e1sico de herramientas de mano aisladas de Fluke iBTK6 - Techmaster de Mexico","isPartOf":{"@id":"https:\/\/techmasterdemexico.com\/#website"},"primaryImageOfPage":{"@id":"https:\/\/techmasterdemexico.com\/producto\/kit-basico-de-herramientas-de-mano-aisladas-de-fluke-ibtk6\/#primaryimage"},"image":{"@id":"https:\/\/techmasterdemexico.com\/producto\/kit-basico-de-herramientas-de-mano-aisladas-de-fluke-ibtk6\/#primaryimage"},"thumbnailUrl":"https:\/\/techmasterdemexico.com\/wp-content\/uploads\/Fluke-IBT6K.jpg","datePublished":"2025-03-27T23:34:18+00:00","breadcrumb":{"@id":"https:\/\/techmasterdemexico.com\/producto\/kit-basico-de-herramientas-de-mano-aisladas-de-fluke-ibtk6\/#breadcrumb"},"inLanguage":"en-US","potentialAction":[{"@type":"ReadAction","target":["https:\/\/techmasterdemexico.com\/producto\/kit-basico-de-herramientas-de-mano-aisladas-de-fluke-ibtk6\/"]}]},{"@type":"ImageObject","inLanguage":"en-US","@id":"https:\/\/techmasterdemexico.com\/producto\/kit-basico-de-herramientas-de-mano-aisladas-de-fluke-ibtk6\/#primaryimage","url":"https:\/\/techmasterdemexico.com\/wp-content\/uploads\/Fluke-IBT6K.jpg","contentUrl":"https:\/\/techmasterdemexico.com\/wp-content\/uploads\/Fluke-IBT6K.jpg","width":1000,"height":1000},{"@type":"BreadcrumbList","@id":"https:\/\/techmasterdemexico.com\/producto\/kit-basico-de-herramientas-de-mano-aisladas-de-fluke-ibtk6\/#breadcrumb","itemListElement":[{"@type":"ListItem","position":1,"name":"Portada","item":"https:\/\/techmasterdemexico.com\/"},{"@type":"ListItem","position":2,"name":"Kit b\u00e1sico de herramientas de mano aisladas de Fluke iBTK6"}]},{"@type":"WebSite","@id":"https:\/\/techmasterdemexico.com\/#website","url":"https:\/\/techmasterdemexico.com\/","name":"Techmaster de Mexico","description":"","potentialAction":[{"@type":"SearchAction","target":{"@type":"EntryPoint","urlTemplate":"https:\/\/techmasterdemexico.com\/?s={search_term_string}"},"query-input":{"@type":"PropertyValueSpecification","valueRequired":true,"valueName":"search_term_string"}}],"inLanguage":"en-US"}]}},"brands":[{"id":31,"name":"Fluke","slug":"fluke"}],"_links":{"self":[{"href":"https:\/\/techmasterdemexico.com\/en\/wp-json\/wp\/v2\/product\/22464","targetHints":{"allow":["GET"]}}],"collection":[{"href":"https:\/\/techmasterdemexico.com\/en\/wp-json\/wp\/v2\/product"}],"about":[{"href":"https:\/\/techmasterdemexico.com\/en\/wp-json\/wp\/v2\/types\/product"}],"wp:featuredmedia":[{"embeddable":true,"href":"https:\/\/techmasterdemexico.com\/en\/wp-json\/wp\/v2\/media\/22465"}],"wp:attachment":[{"href":"https:\/\/techmasterdemexico.com\/en\/wp-json\/wp\/v2\/media?parent=22464"}],"wp:term":[{"taxonomy":"pwb-brand","embeddable":true,"href":"https:\/\/techmasterdemexico.com\/en\/wp-json\/wp\/v2\/pwb-brand?post=22464"},{"taxonomy":"product_brand","embeddable":true,"href":"https:\/\/techmasterdemexico.com\/en\/wp-json\/wp\/v2\/product_brand?post=22464"},{"taxonomy":"product_cat","embeddable":true,"href":"https:\/\/techmasterdemexico.com\/en\/wp-json\/wp\/v2\/product_cat?post=22464"},{"taxonomy":"product_tag","embeddable":true,"href":"https:\/\/techmasterdemexico.com\/en\/wp-json\/wp\/v2\/product_tag?post=22464"}],"curies":[{"name":"wp","href":"https:\/\/api.w.org\/{rel}","templated":true}]}}