{"id":22458,"date":"2025-03-27T16:29:38","date_gmt":"2025-03-27T23:29:38","guid":{"rendered":"https:\/\/techmasterdemexico.com\/?post_type=product&#038;p=22458"},"modified":"2025-03-27T16:29:39","modified_gmt":"2025-03-27T23:29:39","slug":"camara-acustica-fluke-ii905-detecta-localiza-y-evalua-las-fugas-de-gas","status":"publish","type":"product","link":"https:\/\/techmasterdemexico.com\/en\/producto\/camara-acustica-fluke-ii905-detecta-localiza-y-evalua-las-fugas-de-gas\/","title":{"rendered":"C\u00e1mara ac\u00fastica Fluke ii905 &#8211; Detecta, localiza y eval\u00faa las fugas de gas"},"content":{"rendered":"<p>La c\u00e1mara ac\u00fastica Fluke ii905 que incorpora la tecnolog\u00eda ac\u00fastica de detecci\u00f3n de fugas LeakQ\u2122 permite a los equipos de mantenimiento detectar, localizar y evaluar de forma eficaz las fugas de gas o vac\u00edo. Tanto si trabaja con sistemas de aire comprimido, tuber\u00edas o equipos industriales, la Fluke ii905 le proporciona informaci\u00f3n valiosa para optimizar sus operaciones.<\/p>\n","protected":false},"excerpt":{"rendered":"<ul>\n<li>Detecci\u00f3n visual f\u00e1cil, r\u00e1pida y segura de fugas de gas comprimido gracias al modo LeakQ\u2122\ufe0f, que incluye el tama\u00f1o de las fugas y el coste asociado.<\/li>\n<li>La pantalla LCD t\u00e1ctil de 7\u201d superpone un mapa SoundMap\u2122\ufe0f a una imagen de luz visible para localizar r\u00e1pidamente el punto de fuga.<\/li>\n<li>Las funciones integradas de etiquetado y anotaci\u00f3n, tanto visuales como textuales, ofrecen detalles importantes para optimizar la generaci\u00f3n de informes y las acciones de seguimiento.<\/li>\n<li>Carga inal\u00e1mbrica desde cualquier lugar a Fluke Connect.<\/li>\n<\/ul>\n","protected":false},"featured_media":22459,"template":"","meta":{"_acf_changed":false},"pwb-brand":[31],"product_brand":[],"product_cat":[366,30],"product_tag":[],"class_list":{"0":"post-22458","1":"product","2":"type-product","3":"status-publish","4":"has-post-thumbnail","6":"pwb-brand-fluke","7":"product_cat-todos-los-productos","8":"product_cat-fluke","10":"first","11":"instock","12":"taxable","13":"shipping-taxable","14":"product-type-simple"},"acf":[],"yoast_head":"<!-- This site is optimized with the Yoast SEO plugin v27.4 - https:\/\/yoast.com\/product\/yoast-seo-wordpress\/ -->\n<title>C\u00e1mara ac\u00fastica Fluke ii905 &#8211; Detecta, localiza y eval\u00faa las fugas de gas - Techmaster de Mexico<\/title>\n<meta name=\"robots\" content=\"index, follow, max-snippet:-1, max-image-preview:large, max-video-preview:-1\" \/>\n<link rel=\"canonical\" href=\"https:\/\/techmasterdemexico.com\/producto\/camara-acustica-fluke-ii905-detecta-localiza-y-evalua-las-fugas-de-gas\/\" \/>\n<meta property=\"og:locale\" content=\"en_US\" \/>\n<meta property=\"og:type\" content=\"article\" \/>\n<meta property=\"og:title\" content=\"C\u00e1mara ac\u00fastica Fluke ii905 &#8211; Detecta, localiza y eval\u00faa las fugas de gas - Techmaster de Mexico\" \/>\n<meta property=\"og:description\" content=\"Detecci\u00f3n visual f\u00e1cil, r\u00e1pida y segura de fugas de gas comprimido gracias al modo LeakQ\u2122\ufe0f, que incluye el tama\u00f1o de las fugas y el coste asociado.  La pantalla LCD t\u00e1ctil de 7\u201d superpone un mapa SoundMap\u2122\ufe0f a una imagen de luz visible para localizar r\u00e1pidamente el punto de fuga.  Las funciones integradas de etiquetado y anotaci\u00f3n, tanto visuales como textuales, ofrecen detalles importantes para optimizar la generaci\u00f3n de informes y las acciones de seguimiento.  Carga inal\u00e1mbrica desde cualquier lugar a Fluke Connect.\" \/>\n<meta property=\"og:url\" content=\"https:\/\/techmasterdemexico.com\/producto\/camara-acustica-fluke-ii905-detecta-localiza-y-evalua-las-fugas-de-gas\/\" \/>\n<meta property=\"og:site_name\" content=\"Techmaster de Mexico\" \/>\n<meta property=\"article:modified_time\" content=\"2025-03-27T23:29:39+00:00\" \/>\n<meta property=\"og:image\" content=\"https:\/\/techmasterdemexico.com\/wp-content\/uploads\/Fluke-ii905-1.png\" \/>\n\t<meta property=\"og:image:width\" content=\"1000\" \/>\n\t<meta property=\"og:image:height\" content=\"1000\" \/>\n\t<meta property=\"og:image:type\" content=\"image\/png\" \/>\n<meta name=\"twitter:card\" content=\"summary_large_image\" \/>\n<meta name=\"twitter:label1\" content=\"Est. reading time\" \/>\n\t<meta name=\"twitter:data1\" content=\"1 minute\" \/>\n<script type=\"application\/ld+json\" class=\"yoast-schema-graph\">{\"@context\":\"https:\\\/\\\/schema.org\",\"@graph\":[{\"@type\":\"WebPage\",\"@id\":\"https:\\\/\\\/techmasterdemexico.com\\\/producto\\\/camara-acustica-fluke-ii905-detecta-localiza-y-evalua-las-fugas-de-gas\\\/\",\"url\":\"https:\\\/\\\/techmasterdemexico.com\\\/producto\\\/camara-acustica-fluke-ii905-detecta-localiza-y-evalua-las-fugas-de-gas\\\/\",\"name\":\"C\u00e1mara ac\u00fastica Fluke ii905 &#8211; Detecta, localiza y eval\u00faa las fugas de gas - Techmaster de Mexico\",\"isPartOf\":{\"@id\":\"https:\\\/\\\/techmasterdemexico.com\\\/#website\"},\"primaryImageOfPage\":{\"@id\":\"https:\\\/\\\/techmasterdemexico.com\\\/producto\\\/camara-acustica-fluke-ii905-detecta-localiza-y-evalua-las-fugas-de-gas\\\/#primaryimage\"},\"image\":{\"@id\":\"https:\\\/\\\/techmasterdemexico.com\\\/producto\\\/camara-acustica-fluke-ii905-detecta-localiza-y-evalua-las-fugas-de-gas\\\/#primaryimage\"},\"thumbnailUrl\":\"https:\\\/\\\/techmasterdemexico.com\\\/wp-content\\\/uploads\\\/Fluke-ii905-1.png\",\"datePublished\":\"2025-03-27T23:29:38+00:00\",\"dateModified\":\"2025-03-27T23:29:39+00:00\",\"breadcrumb\":{\"@id\":\"https:\\\/\\\/techmasterdemexico.com\\\/producto\\\/camara-acustica-fluke-ii905-detecta-localiza-y-evalua-las-fugas-de-gas\\\/#breadcrumb\"},\"inLanguage\":\"en-US\",\"potentialAction\":[{\"@type\":\"ReadAction\",\"target\":[\"https:\\\/\\\/techmasterdemexico.com\\\/producto\\\/camara-acustica-fluke-ii905-detecta-localiza-y-evalua-las-fugas-de-gas\\\/\"]}]},{\"@type\":\"ImageObject\",\"inLanguage\":\"en-US\",\"@id\":\"https:\\\/\\\/techmasterdemexico.com\\\/producto\\\/camara-acustica-fluke-ii905-detecta-localiza-y-evalua-las-fugas-de-gas\\\/#primaryimage\",\"url\":\"https:\\\/\\\/techmasterdemexico.com\\\/wp-content\\\/uploads\\\/Fluke-ii905-1.png\",\"contentUrl\":\"https:\\\/\\\/techmasterdemexico.com\\\/wp-content\\\/uploads\\\/Fluke-ii905-1.png\",\"width\":1000,\"height\":1000},{\"@type\":\"BreadcrumbList\",\"@id\":\"https:\\\/\\\/techmasterdemexico.com\\\/producto\\\/camara-acustica-fluke-ii905-detecta-localiza-y-evalua-las-fugas-de-gas\\\/#breadcrumb\",\"itemListElement\":[{\"@type\":\"ListItem\",\"position\":1,\"name\":\"Portada\",\"item\":\"https:\\\/\\\/techmasterdemexico.com\\\/\"},{\"@type\":\"ListItem\",\"position\":2,\"name\":\"C\u00e1mara ac\u00fastica Fluke ii905 &#8211; Detecta, localiza y eval\u00faa las fugas de gas\"}]},{\"@type\":\"WebSite\",\"@id\":\"https:\\\/\\\/techmasterdemexico.com\\\/#website\",\"url\":\"https:\\\/\\\/techmasterdemexico.com\\\/\",\"name\":\"Techmaster de Mexico\",\"description\":\"\",\"potentialAction\":[{\"@type\":\"SearchAction\",\"target\":{\"@type\":\"EntryPoint\",\"urlTemplate\":\"https:\\\/\\\/techmasterdemexico.com\\\/?s={search_term_string}\"},\"query-input\":{\"@type\":\"PropertyValueSpecification\",\"valueRequired\":true,\"valueName\":\"search_term_string\"}}],\"inLanguage\":\"en-US\"}]}<\/script>\n<!-- \/ Yoast SEO plugin. -->","yoast_head_json":{"title":"C\u00e1mara ac\u00fastica Fluke ii905 &#8211; Detecta, localiza y eval\u00faa las fugas de gas - Techmaster de Mexico","robots":{"index":"index","follow":"follow","max-snippet":"max-snippet:-1","max-image-preview":"max-image-preview:large","max-video-preview":"max-video-preview:-1"},"canonical":"https:\/\/techmasterdemexico.com\/producto\/camara-acustica-fluke-ii905-detecta-localiza-y-evalua-las-fugas-de-gas\/","og_locale":"en_US","og_type":"article","og_title":"C\u00e1mara ac\u00fastica Fluke ii905 &#8211; Detecta, localiza y eval\u00faa las fugas de gas - Techmaster de Mexico","og_description":"Detecci\u00f3n visual f\u00e1cil, r\u00e1pida y segura de fugas de gas comprimido gracias al modo LeakQ\u2122\ufe0f, que incluye el tama\u00f1o de las fugas y el coste asociado.  La pantalla LCD t\u00e1ctil de 7\u201d superpone un mapa SoundMap\u2122\ufe0f a una imagen de luz visible para localizar r\u00e1pidamente el punto de fuga.  Las funciones integradas de etiquetado y anotaci\u00f3n, tanto visuales como textuales, ofrecen detalles importantes para optimizar la generaci\u00f3n de informes y las acciones de seguimiento.  Carga inal\u00e1mbrica desde cualquier lugar a Fluke Connect.","og_url":"https:\/\/techmasterdemexico.com\/producto\/camara-acustica-fluke-ii905-detecta-localiza-y-evalua-las-fugas-de-gas\/","og_site_name":"Techmaster de Mexico","article_modified_time":"2025-03-27T23:29:39+00:00","og_image":[{"width":1000,"height":1000,"url":"https:\/\/techmasterdemexico.com\/wp-content\/uploads\/Fluke-ii905-1.png","type":"image\/png"}],"twitter_card":"summary_large_image","twitter_misc":{"Est. reading time":"1 minute"},"schema":{"@context":"https:\/\/schema.org","@graph":[{"@type":"WebPage","@id":"https:\/\/techmasterdemexico.com\/producto\/camara-acustica-fluke-ii905-detecta-localiza-y-evalua-las-fugas-de-gas\/","url":"https:\/\/techmasterdemexico.com\/producto\/camara-acustica-fluke-ii905-detecta-localiza-y-evalua-las-fugas-de-gas\/","name":"C\u00e1mara ac\u00fastica Fluke ii905 &#8211; Detecta, localiza y eval\u00faa las fugas de gas - Techmaster de Mexico","isPartOf":{"@id":"https:\/\/techmasterdemexico.com\/#website"},"primaryImageOfPage":{"@id":"https:\/\/techmasterdemexico.com\/producto\/camara-acustica-fluke-ii905-detecta-localiza-y-evalua-las-fugas-de-gas\/#primaryimage"},"image":{"@id":"https:\/\/techmasterdemexico.com\/producto\/camara-acustica-fluke-ii905-detecta-localiza-y-evalua-las-fugas-de-gas\/#primaryimage"},"thumbnailUrl":"https:\/\/techmasterdemexico.com\/wp-content\/uploads\/Fluke-ii905-1.png","datePublished":"2025-03-27T23:29:38+00:00","dateModified":"2025-03-27T23:29:39+00:00","breadcrumb":{"@id":"https:\/\/techmasterdemexico.com\/producto\/camara-acustica-fluke-ii905-detecta-localiza-y-evalua-las-fugas-de-gas\/#breadcrumb"},"inLanguage":"en-US","potentialAction":[{"@type":"ReadAction","target":["https:\/\/techmasterdemexico.com\/producto\/camara-acustica-fluke-ii905-detecta-localiza-y-evalua-las-fugas-de-gas\/"]}]},{"@type":"ImageObject","inLanguage":"en-US","@id":"https:\/\/techmasterdemexico.com\/producto\/camara-acustica-fluke-ii905-detecta-localiza-y-evalua-las-fugas-de-gas\/#primaryimage","url":"https:\/\/techmasterdemexico.com\/wp-content\/uploads\/Fluke-ii905-1.png","contentUrl":"https:\/\/techmasterdemexico.com\/wp-content\/uploads\/Fluke-ii905-1.png","width":1000,"height":1000},{"@type":"BreadcrumbList","@id":"https:\/\/techmasterdemexico.com\/producto\/camara-acustica-fluke-ii905-detecta-localiza-y-evalua-las-fugas-de-gas\/#breadcrumb","itemListElement":[{"@type":"ListItem","position":1,"name":"Portada","item":"https:\/\/techmasterdemexico.com\/"},{"@type":"ListItem","position":2,"name":"C\u00e1mara ac\u00fastica Fluke ii905 &#8211; Detecta, localiza y eval\u00faa las fugas de gas"}]},{"@type":"WebSite","@id":"https:\/\/techmasterdemexico.com\/#website","url":"https:\/\/techmasterdemexico.com\/","name":"Techmaster de Mexico","description":"","potentialAction":[{"@type":"SearchAction","target":{"@type":"EntryPoint","urlTemplate":"https:\/\/techmasterdemexico.com\/?s={search_term_string}"},"query-input":{"@type":"PropertyValueSpecification","valueRequired":true,"valueName":"search_term_string"}}],"inLanguage":"en-US"}]}},"brands":[{"id":31,"name":"Fluke","slug":"fluke"}],"_links":{"self":[{"href":"https:\/\/techmasterdemexico.com\/en\/wp-json\/wp\/v2\/product\/22458","targetHints":{"allow":["GET"]}}],"collection":[{"href":"https:\/\/techmasterdemexico.com\/en\/wp-json\/wp\/v2\/product"}],"about":[{"href":"https:\/\/techmasterdemexico.com\/en\/wp-json\/wp\/v2\/types\/product"}],"wp:featuredmedia":[{"embeddable":true,"href":"https:\/\/techmasterdemexico.com\/en\/wp-json\/wp\/v2\/media\/22459"}],"wp:attachment":[{"href":"https:\/\/techmasterdemexico.com\/en\/wp-json\/wp\/v2\/media?parent=22458"}],"wp:term":[{"taxonomy":"pwb-brand","embeddable":true,"href":"https:\/\/techmasterdemexico.com\/en\/wp-json\/wp\/v2\/pwb-brand?post=22458"},{"taxonomy":"product_brand","embeddable":true,"href":"https:\/\/techmasterdemexico.com\/en\/wp-json\/wp\/v2\/product_brand?post=22458"},{"taxonomy":"product_cat","embeddable":true,"href":"https:\/\/techmasterdemexico.com\/en\/wp-json\/wp\/v2\/product_cat?post=22458"},{"taxonomy":"product_tag","embeddable":true,"href":"https:\/\/techmasterdemexico.com\/en\/wp-json\/wp\/v2\/product_tag?post=22458"}],"curies":[{"name":"wp","href":"https:\/\/api.w.org\/{rel}","templated":true}]}}