{"id":22454,"date":"2025-03-27T16:25:25","date_gmt":"2025-03-27T23:25:25","guid":{"rendered":"https:\/\/techmasterdemexico.com\/?post_type=product&#038;p=22454"},"modified":"2025-03-27T16:25:25","modified_gmt":"2025-03-27T23:25:25","slug":"kit-de-destornilladores-aislados-de-fluke","status":"publish","type":"product","link":"https:\/\/techmasterdemexico.com\/en\/producto\/kit-de-destornilladores-aislados-de-fluke\/","title":{"rendered":"Kit de destornilladores aislados de Fluke"},"content":{"rendered":"<p>El trabajo no termina hasta apretar el \u00faltimo tornillo. Los destornilladores aislados de Fluke ofrecen un ajuste preciso para aplicar el m\u00e1ximo torque sin da\u00f1ar la punta. Fabricados con acero alem\u00e1n endurecido con cromo-molibdeno-vanadio (CMV), garantizan mayor durabilidad y menor desgaste.<br \/>\nSu dise\u00f1o evita deslizamientos accidentales que puedan provocar contacto con conductores energizados.<\/p>\n","protected":false},"excerpt":{"rendered":"<ul>\n<li>7 destornilladores aislados (punta cuadrada, punta plana y estrella)<\/li>\n<li>Con diferentes tama\u00f1os y longitudes de v\u00e1stago<\/li>\n<li>Certificados para 1000 V CA, 1500 V CC<\/li>\n<li>Mango ergon\u00f3mico que se adapta a la mano del usuario, permite reducir el esfuerzo y la fatiga, y proporciona el par m\u00e1ximo<\/li>\n<li>N\u00facleo del mango de cuerpo entero resistente a impactos recubierto con un material exterior blando antideslizante, con un orificio que permite colgar la herramienta para mayor seguridad y un dise\u00f1o de mango que evita que se desplace rodando de forma inadvertida<\/li>\n<li>V\u00e1stago aislado delgado que permite acceder a lugares dif\u00edciles<\/li>\n<li>Forjados con acero alem\u00e1n CMV de gran durabilidad<\/li>\n<\/ul>\n<p>&nbsp;<\/p>\n<p>Contenido del kit:<\/p>\n<p>Destornilladores planos (Slotted):<br \/>\n3\/32&#8243; x 3&#8243;<br \/>\n5\/32&#8243; x 4&#8243;<br \/>\n1\/4&#8243; x 5&#8243;<\/p>\n<p>Destornilladores Phillips:<br \/>\n#1 x 3&#8243;<br \/>\n#2 x 4&#8243;<\/p>\n<p>Destornilladores cuadrados (Robertson):<br \/>\n#1 x 4&#8243;<br \/>\n#2 x 5&#8243;<\/p>\n","protected":false},"featured_media":22455,"template":"","meta":{"_acf_changed":false},"pwb-brand":[31],"product_brand":[],"product_cat":[366,30],"product_tag":[],"class_list":{"0":"post-22454","1":"product","2":"type-product","3":"status-publish","4":"has-post-thumbnail","6":"pwb-brand-fluke","7":"product_cat-todos-los-productos","8":"product_cat-fluke","10":"first","11":"instock","12":"taxable","13":"shipping-taxable","14":"product-type-simple"},"acf":[],"yoast_head":"<!-- This site is optimized with the Yoast SEO plugin v27.4 - https:\/\/yoast.com\/product\/yoast-seo-wordpress\/ -->\n<title>Kit de destornilladores aislados de Fluke - Techmaster de Mexico<\/title>\n<meta name=\"robots\" content=\"index, follow, max-snippet:-1, max-image-preview:large, max-video-preview:-1\" \/>\n<link rel=\"canonical\" href=\"https:\/\/techmasterdemexico.com\/en\/producto\/kit-de-destornilladores-aislados-de-fluke\/\" \/>\n<meta property=\"og:locale\" content=\"en_US\" \/>\n<meta property=\"og:type\" content=\"article\" \/>\n<meta property=\"og:title\" content=\"Kit de destornilladores aislados de Fluke - Techmaster de Mexico\" \/>\n<meta property=\"og:description\" content=\"7 destornilladores aislados (punta cuadrada, punta plana y estrella)  Con diferentes tama\u00f1os y longitudes de v\u00e1stago  Certificados para 1000 V CA, 1500 V CC  Mango ergon\u00f3mico que se adapta a la mano del usuario, permite reducir el esfuerzo y la fatiga, y proporciona el par m\u00e1ximo  N\u00facleo del mango de cuerpo entero resistente a impactos recubierto con un material exterior blando antideslizante, con un orificio que permite colgar la herramienta para mayor seguridad y un dise\u00f1o de mango que evita que se desplace rodando de forma inadvertida  V\u00e1stago aislado delgado que permite acceder a lugares dif\u00edciles  Forjados con acero alem\u00e1n CMV de gran durabilidad  &nbsp;  Contenido del kit:  Destornilladores planos (Slotted): 3\/32&quot; x 3&quot; 5\/32&quot; x 4&quot; 1\/4&quot; x 5&quot;  Destornilladores Phillips: #1 x 3&quot; #2 x 4&quot;  Destornilladores cuadrados (Robertson): #1 x 4&quot; #2 x 5&quot;\" \/>\n<meta property=\"og:url\" content=\"https:\/\/techmasterdemexico.com\/en\/producto\/kit-de-destornilladores-aislados-de-fluke\/\" \/>\n<meta property=\"og:site_name\" content=\"Techmaster de Mexico\" \/>\n<meta property=\"og:image\" content=\"https:\/\/techmasterdemexico.com\/wp-content\/uploads\/Fluke-IKSC7.jpg\" \/>\n\t<meta property=\"og:image:width\" content=\"1000\" \/>\n\t<meta property=\"og:image:height\" content=\"1000\" \/>\n\t<meta property=\"og:image:type\" content=\"image\/jpeg\" \/>\n<meta name=\"twitter:card\" content=\"summary_large_image\" \/>\n<meta name=\"twitter:label1\" content=\"Est. reading time\" \/>\n\t<meta name=\"twitter:data1\" content=\"1 minute\" \/>\n<script type=\"application\/ld+json\" class=\"yoast-schema-graph\">{\"@context\":\"https:\\\/\\\/schema.org\",\"@graph\":[{\"@type\":\"WebPage\",\"@id\":\"https:\\\/\\\/techmasterdemexico.com\\\/en\\\/producto\\\/kit-de-destornilladores-aislados-de-fluke\\\/\",\"url\":\"https:\\\/\\\/techmasterdemexico.com\\\/en\\\/producto\\\/kit-de-destornilladores-aislados-de-fluke\\\/\",\"name\":\"Kit de destornilladores aislados de Fluke - Techmaster de Mexico\",\"isPartOf\":{\"@id\":\"https:\\\/\\\/techmasterdemexico.com\\\/#website\"},\"primaryImageOfPage\":{\"@id\":\"https:\\\/\\\/techmasterdemexico.com\\\/en\\\/producto\\\/kit-de-destornilladores-aislados-de-fluke\\\/#primaryimage\"},\"image\":{\"@id\":\"https:\\\/\\\/techmasterdemexico.com\\\/en\\\/producto\\\/kit-de-destornilladores-aislados-de-fluke\\\/#primaryimage\"},\"thumbnailUrl\":\"https:\\\/\\\/techmasterdemexico.com\\\/wp-content\\\/uploads\\\/Fluke-IKSC7.jpg\",\"datePublished\":\"2025-03-27T23:25:25+00:00\",\"breadcrumb\":{\"@id\":\"https:\\\/\\\/techmasterdemexico.com\\\/en\\\/producto\\\/kit-de-destornilladores-aislados-de-fluke\\\/#breadcrumb\"},\"inLanguage\":\"en-US\",\"potentialAction\":[{\"@type\":\"ReadAction\",\"target\":[\"https:\\\/\\\/techmasterdemexico.com\\\/en\\\/producto\\\/kit-de-destornilladores-aislados-de-fluke\\\/\"]}]},{\"@type\":\"ImageObject\",\"inLanguage\":\"en-US\",\"@id\":\"https:\\\/\\\/techmasterdemexico.com\\\/en\\\/producto\\\/kit-de-destornilladores-aislados-de-fluke\\\/#primaryimage\",\"url\":\"https:\\\/\\\/techmasterdemexico.com\\\/wp-content\\\/uploads\\\/Fluke-IKSC7.jpg\",\"contentUrl\":\"https:\\\/\\\/techmasterdemexico.com\\\/wp-content\\\/uploads\\\/Fluke-IKSC7.jpg\",\"width\":1000,\"height\":1000},{\"@type\":\"BreadcrumbList\",\"@id\":\"https:\\\/\\\/techmasterdemexico.com\\\/en\\\/producto\\\/kit-de-destornilladores-aislados-de-fluke\\\/#breadcrumb\",\"itemListElement\":[{\"@type\":\"ListItem\",\"position\":1,\"name\":\"Portada\",\"item\":\"https:\\\/\\\/techmasterdemexico.com\\\/\"},{\"@type\":\"ListItem\",\"position\":2,\"name\":\"Kit de destornilladores aislados de Fluke\"}]},{\"@type\":\"WebSite\",\"@id\":\"https:\\\/\\\/techmasterdemexico.com\\\/#website\",\"url\":\"https:\\\/\\\/techmasterdemexico.com\\\/\",\"name\":\"Techmaster de Mexico\",\"description\":\"\",\"potentialAction\":[{\"@type\":\"SearchAction\",\"target\":{\"@type\":\"EntryPoint\",\"urlTemplate\":\"https:\\\/\\\/techmasterdemexico.com\\\/?s={search_term_string}\"},\"query-input\":{\"@type\":\"PropertyValueSpecification\",\"valueRequired\":true,\"valueName\":\"search_term_string\"}}],\"inLanguage\":\"en-US\"}]}<\/script>\n<!-- \/ Yoast SEO plugin. -->","yoast_head_json":{"title":"Kit de destornilladores aislados de Fluke - Techmaster de Mexico","robots":{"index":"index","follow":"follow","max-snippet":"max-snippet:-1","max-image-preview":"max-image-preview:large","max-video-preview":"max-video-preview:-1"},"canonical":"https:\/\/techmasterdemexico.com\/en\/producto\/kit-de-destornilladores-aislados-de-fluke\/","og_locale":"en_US","og_type":"article","og_title":"Kit de destornilladores aislados de Fluke - Techmaster de Mexico","og_description":"7 destornilladores aislados (punta cuadrada, punta plana y estrella)  Con diferentes tama\u00f1os y longitudes de v\u00e1stago  Certificados para 1000 V CA, 1500 V CC  Mango ergon\u00f3mico que se adapta a la mano del usuario, permite reducir el esfuerzo y la fatiga, y proporciona el par m\u00e1ximo  N\u00facleo del mango de cuerpo entero resistente a impactos recubierto con un material exterior blando antideslizante, con un orificio que permite colgar la herramienta para mayor seguridad y un dise\u00f1o de mango que evita que se desplace rodando de forma inadvertida  V\u00e1stago aislado delgado que permite acceder a lugares dif\u00edciles  Forjados con acero alem\u00e1n CMV de gran durabilidad  &nbsp;  Contenido del kit:  Destornilladores planos (Slotted): 3\/32\" x 3\" 5\/32\" x 4\" 1\/4\" x 5\"  Destornilladores Phillips: #1 x 3\" #2 x 4\"  Destornilladores cuadrados (Robertson): #1 x 4\" #2 x 5\"","og_url":"https:\/\/techmasterdemexico.com\/en\/producto\/kit-de-destornilladores-aislados-de-fluke\/","og_site_name":"Techmaster de Mexico","og_image":[{"width":1000,"height":1000,"url":"https:\/\/techmasterdemexico.com\/wp-content\/uploads\/Fluke-IKSC7.jpg","type":"image\/jpeg"}],"twitter_card":"summary_large_image","twitter_misc":{"Est. reading time":"1 minute"},"schema":{"@context":"https:\/\/schema.org","@graph":[{"@type":"WebPage","@id":"https:\/\/techmasterdemexico.com\/en\/producto\/kit-de-destornilladores-aislados-de-fluke\/","url":"https:\/\/techmasterdemexico.com\/en\/producto\/kit-de-destornilladores-aislados-de-fluke\/","name":"Kit de destornilladores aislados de Fluke - Techmaster de Mexico","isPartOf":{"@id":"https:\/\/techmasterdemexico.com\/#website"},"primaryImageOfPage":{"@id":"https:\/\/techmasterdemexico.com\/en\/producto\/kit-de-destornilladores-aislados-de-fluke\/#primaryimage"},"image":{"@id":"https:\/\/techmasterdemexico.com\/en\/producto\/kit-de-destornilladores-aislados-de-fluke\/#primaryimage"},"thumbnailUrl":"https:\/\/techmasterdemexico.com\/wp-content\/uploads\/Fluke-IKSC7.jpg","datePublished":"2025-03-27T23:25:25+00:00","breadcrumb":{"@id":"https:\/\/techmasterdemexico.com\/en\/producto\/kit-de-destornilladores-aislados-de-fluke\/#breadcrumb"},"inLanguage":"en-US","potentialAction":[{"@type":"ReadAction","target":["https:\/\/techmasterdemexico.com\/en\/producto\/kit-de-destornilladores-aislados-de-fluke\/"]}]},{"@type":"ImageObject","inLanguage":"en-US","@id":"https:\/\/techmasterdemexico.com\/en\/producto\/kit-de-destornilladores-aislados-de-fluke\/#primaryimage","url":"https:\/\/techmasterdemexico.com\/wp-content\/uploads\/Fluke-IKSC7.jpg","contentUrl":"https:\/\/techmasterdemexico.com\/wp-content\/uploads\/Fluke-IKSC7.jpg","width":1000,"height":1000},{"@type":"BreadcrumbList","@id":"https:\/\/techmasterdemexico.com\/en\/producto\/kit-de-destornilladores-aislados-de-fluke\/#breadcrumb","itemListElement":[{"@type":"ListItem","position":1,"name":"Portada","item":"https:\/\/techmasterdemexico.com\/"},{"@type":"ListItem","position":2,"name":"Kit de destornilladores aislados de Fluke"}]},{"@type":"WebSite","@id":"https:\/\/techmasterdemexico.com\/#website","url":"https:\/\/techmasterdemexico.com\/","name":"Techmaster de Mexico","description":"","potentialAction":[{"@type":"SearchAction","target":{"@type":"EntryPoint","urlTemplate":"https:\/\/techmasterdemexico.com\/?s={search_term_string}"},"query-input":{"@type":"PropertyValueSpecification","valueRequired":true,"valueName":"search_term_string"}}],"inLanguage":"en-US"}]}},"brands":[{"id":31,"name":"Fluke","slug":"fluke"}],"_links":{"self":[{"href":"https:\/\/techmasterdemexico.com\/en\/wp-json\/wp\/v2\/product\/22454","targetHints":{"allow":["GET"]}}],"collection":[{"href":"https:\/\/techmasterdemexico.com\/en\/wp-json\/wp\/v2\/product"}],"about":[{"href":"https:\/\/techmasterdemexico.com\/en\/wp-json\/wp\/v2\/types\/product"}],"wp:featuredmedia":[{"embeddable":true,"href":"https:\/\/techmasterdemexico.com\/en\/wp-json\/wp\/v2\/media\/22455"}],"wp:attachment":[{"href":"https:\/\/techmasterdemexico.com\/en\/wp-json\/wp\/v2\/media?parent=22454"}],"wp:term":[{"taxonomy":"pwb-brand","embeddable":true,"href":"https:\/\/techmasterdemexico.com\/en\/wp-json\/wp\/v2\/pwb-brand?post=22454"},{"taxonomy":"product_brand","embeddable":true,"href":"https:\/\/techmasterdemexico.com\/en\/wp-json\/wp\/v2\/product_brand?post=22454"},{"taxonomy":"product_cat","embeddable":true,"href":"https:\/\/techmasterdemexico.com\/en\/wp-json\/wp\/v2\/product_cat?post=22454"},{"taxonomy":"product_tag","embeddable":true,"href":"https:\/\/techmasterdemexico.com\/en\/wp-json\/wp\/v2\/product_tag?post=22454"}],"curies":[{"name":"wp","href":"https:\/\/api.w.org\/{rel}","templated":true}]}}