{"id":22450,"date":"2025-03-27T16:21:23","date_gmt":"2025-03-27T23:21:23","guid":{"rendered":"https:\/\/techmasterdemexico.com\/?post_type=product&#038;p=22450"},"modified":"2025-03-27T16:21:23","modified_gmt":"2025-03-27T23:21:23","slug":"analizador-de-variadores-de-velocidad-fluke-mda-550-serie-iii","status":"publish","type":"product","link":"https:\/\/techmasterdemexico.com\/en\/producto\/analizador-de-variadores-de-velocidad-fluke-mda-550-serie-iii\/","title":{"rendered":"Analizador de variadores de velocidad Fluke MDA-550 serie III"},"content":{"rendered":"<p>El Fluke MDA-550 Serie III es un analizador port\u00e1til de variadores de motor dise\u00f1ado para simplificar la soluci\u00f3n de problemas en sistemas de accionamiento de motores inversores monof\u00e1sicos y trif\u00e1sicos. Su enfoque guiado y automatizado facilita la captura de mediciones precisas para diagnosticar problemas el\u00e9ctricos y mec\u00e1nicos.<br \/>\nCaracter\u00edsticas principales:<\/p>\n<p>Mediciones clave: Eval\u00faa par\u00e1metros como voltaje y corriente de entrada, nivel de voltaje del bus de CC, ondulaci\u00f3n, voltaje y corriente de salida del inversor, desbalance, arm\u00f3nicos, modulaci\u00f3n de voltaje y descargas de voltaje en el eje del motor.<br \/>\nAn\u00e1lisis de arm\u00f3nicos extendido: Detecta arm\u00f3nicos de orden bajo y alto, cubriendo un rango de 1 Hz a 150 kHz.<br \/>\nConfiguraci\u00f3n simplificada: Ofrece perfiles de medici\u00f3n preestablecidos y gu\u00edas paso a paso con diagramas gr\u00e1ficos para facilitar la conexi\u00f3n de voltaje y corriente.<br \/>\nGeneraci\u00f3n de informes integrada: Permite la creaci\u00f3n de documentos detallados para documentar procesos de soluci\u00f3n de problemas y colaborar con otros profesionales.<\/p>\n","protected":false},"excerpt":{"rendered":"<p>El Fluke MDA-550 Serie III es un analizador port\u00e1til de variadores de motor dise\u00f1ado para simplificar la soluci\u00f3n de problemas en sistemas de accionamiento de motores inversores monof\u00e1sicos y trif\u00e1sicos. Su enfoque guiado y automatizado facilita la captura de mediciones precisas para diagnosticar problemas el\u00e9ctricos y mec\u00e1nicos. Caracter\u00edsticas principales: Mediciones clave: Eval\u00faa par\u00e1metros como voltaje [&hellip;]<\/p>\n","protected":false},"featured_media":22451,"template":"","meta":{"_acf_changed":false},"pwb-brand":[31],"product_brand":[],"product_cat":[366,30],"product_tag":[],"class_list":{"0":"post-22450","1":"product","2":"type-product","3":"status-publish","4":"has-post-thumbnail","6":"pwb-brand-fluke","7":"product_cat-todos-los-productos","8":"product_cat-fluke","10":"first","11":"instock","12":"taxable","13":"shipping-taxable","14":"product-type-simple"},"acf":[],"yoast_head":"<!-- This site is optimized with the Yoast SEO plugin v27.4 - https:\/\/yoast.com\/product\/yoast-seo-wordpress\/ -->\n<title>Analizador de variadores de velocidad Fluke MDA-550 serie III - Techmaster de Mexico<\/title>\n<meta name=\"robots\" content=\"index, follow, max-snippet:-1, max-image-preview:large, max-video-preview:-1\" \/>\n<link rel=\"canonical\" href=\"https:\/\/techmasterdemexico.com\/producto\/analizador-de-variadores-de-velocidad-fluke-mda-550-serie-iii\/\" \/>\n<meta property=\"og:locale\" content=\"en_US\" \/>\n<meta property=\"og:type\" content=\"article\" \/>\n<meta property=\"og:title\" content=\"Analizador de variadores de velocidad Fluke MDA-550 serie III - Techmaster de Mexico\" \/>\n<meta property=\"og:description\" content=\"El Fluke MDA-550 Serie III es un analizador port\u00e1til de variadores de motor dise\u00f1ado para simplificar la soluci\u00f3n de problemas en sistemas de accionamiento de motores inversores monof\u00e1sicos y trif\u00e1sicos. Su enfoque guiado y automatizado facilita la captura de mediciones precisas para diagnosticar problemas el\u00e9ctricos y mec\u00e1nicos. Caracter\u00edsticas principales: Mediciones clave: Eval\u00faa par\u00e1metros como voltaje [&hellip;]\" \/>\n<meta property=\"og:url\" content=\"https:\/\/techmasterdemexico.com\/producto\/analizador-de-variadores-de-velocidad-fluke-mda-550-serie-iii\/\" \/>\n<meta property=\"og:site_name\" content=\"Techmaster de Mexico\" \/>\n<meta property=\"og:image\" content=\"https:\/\/techmasterdemexico.com\/wp-content\/uploads\/Fluke-MDA-550-III.jpg\" \/>\n\t<meta property=\"og:image:width\" content=\"1000\" \/>\n\t<meta property=\"og:image:height\" content=\"1000\" \/>\n\t<meta property=\"og:image:type\" content=\"image\/jpeg\" \/>\n<meta name=\"twitter:card\" content=\"summary_large_image\" \/>\n<meta name=\"twitter:label1\" content=\"Est. reading time\" \/>\n\t<meta name=\"twitter:data1\" content=\"1 minute\" \/>\n<script type=\"application\/ld+json\" class=\"yoast-schema-graph\">{\"@context\":\"https:\\\/\\\/schema.org\",\"@graph\":[{\"@type\":\"WebPage\",\"@id\":\"https:\\\/\\\/techmasterdemexico.com\\\/producto\\\/analizador-de-variadores-de-velocidad-fluke-mda-550-serie-iii\\\/\",\"url\":\"https:\\\/\\\/techmasterdemexico.com\\\/producto\\\/analizador-de-variadores-de-velocidad-fluke-mda-550-serie-iii\\\/\",\"name\":\"Analizador de variadores de velocidad Fluke MDA-550 serie III - Techmaster de Mexico\",\"isPartOf\":{\"@id\":\"https:\\\/\\\/techmasterdemexico.com\\\/#website\"},\"primaryImageOfPage\":{\"@id\":\"https:\\\/\\\/techmasterdemexico.com\\\/producto\\\/analizador-de-variadores-de-velocidad-fluke-mda-550-serie-iii\\\/#primaryimage\"},\"image\":{\"@id\":\"https:\\\/\\\/techmasterdemexico.com\\\/producto\\\/analizador-de-variadores-de-velocidad-fluke-mda-550-serie-iii\\\/#primaryimage\"},\"thumbnailUrl\":\"https:\\\/\\\/techmasterdemexico.com\\\/wp-content\\\/uploads\\\/Fluke-MDA-550-III.jpg\",\"datePublished\":\"2025-03-27T23:21:23+00:00\",\"breadcrumb\":{\"@id\":\"https:\\\/\\\/techmasterdemexico.com\\\/producto\\\/analizador-de-variadores-de-velocidad-fluke-mda-550-serie-iii\\\/#breadcrumb\"},\"inLanguage\":\"en-US\",\"potentialAction\":[{\"@type\":\"ReadAction\",\"target\":[\"https:\\\/\\\/techmasterdemexico.com\\\/producto\\\/analizador-de-variadores-de-velocidad-fluke-mda-550-serie-iii\\\/\"]}]},{\"@type\":\"ImageObject\",\"inLanguage\":\"en-US\",\"@id\":\"https:\\\/\\\/techmasterdemexico.com\\\/producto\\\/analizador-de-variadores-de-velocidad-fluke-mda-550-serie-iii\\\/#primaryimage\",\"url\":\"https:\\\/\\\/techmasterdemexico.com\\\/wp-content\\\/uploads\\\/Fluke-MDA-550-III.jpg\",\"contentUrl\":\"https:\\\/\\\/techmasterdemexico.com\\\/wp-content\\\/uploads\\\/Fluke-MDA-550-III.jpg\",\"width\":1000,\"height\":1000},{\"@type\":\"BreadcrumbList\",\"@id\":\"https:\\\/\\\/techmasterdemexico.com\\\/producto\\\/analizador-de-variadores-de-velocidad-fluke-mda-550-serie-iii\\\/#breadcrumb\",\"itemListElement\":[{\"@type\":\"ListItem\",\"position\":1,\"name\":\"Portada\",\"item\":\"https:\\\/\\\/techmasterdemexico.com\\\/\"},{\"@type\":\"ListItem\",\"position\":2,\"name\":\"Analizador de variadores de velocidad Fluke MDA-550 serie III\"}]},{\"@type\":\"WebSite\",\"@id\":\"https:\\\/\\\/techmasterdemexico.com\\\/#website\",\"url\":\"https:\\\/\\\/techmasterdemexico.com\\\/\",\"name\":\"Techmaster de Mexico\",\"description\":\"\",\"potentialAction\":[{\"@type\":\"SearchAction\",\"target\":{\"@type\":\"EntryPoint\",\"urlTemplate\":\"https:\\\/\\\/techmasterdemexico.com\\\/?s={search_term_string}\"},\"query-input\":{\"@type\":\"PropertyValueSpecification\",\"valueRequired\":true,\"valueName\":\"search_term_string\"}}],\"inLanguage\":\"en-US\"}]}<\/script>\n<!-- \/ Yoast SEO plugin. -->","yoast_head_json":{"title":"Analizador de variadores de velocidad Fluke MDA-550 serie III - Techmaster de Mexico","robots":{"index":"index","follow":"follow","max-snippet":"max-snippet:-1","max-image-preview":"max-image-preview:large","max-video-preview":"max-video-preview:-1"},"canonical":"https:\/\/techmasterdemexico.com\/producto\/analizador-de-variadores-de-velocidad-fluke-mda-550-serie-iii\/","og_locale":"en_US","og_type":"article","og_title":"Analizador de variadores de velocidad Fluke MDA-550 serie III - Techmaster de Mexico","og_description":"El Fluke MDA-550 Serie III es un analizador port\u00e1til de variadores de motor dise\u00f1ado para simplificar la soluci\u00f3n de problemas en sistemas de accionamiento de motores inversores monof\u00e1sicos y trif\u00e1sicos. Su enfoque guiado y automatizado facilita la captura de mediciones precisas para diagnosticar problemas el\u00e9ctricos y mec\u00e1nicos. Caracter\u00edsticas principales: Mediciones clave: Eval\u00faa par\u00e1metros como voltaje [&hellip;]","og_url":"https:\/\/techmasterdemexico.com\/producto\/analizador-de-variadores-de-velocidad-fluke-mda-550-serie-iii\/","og_site_name":"Techmaster de Mexico","og_image":[{"width":1000,"height":1000,"url":"https:\/\/techmasterdemexico.com\/wp-content\/uploads\/Fluke-MDA-550-III.jpg","type":"image\/jpeg"}],"twitter_card":"summary_large_image","twitter_misc":{"Est. reading time":"1 minute"},"schema":{"@context":"https:\/\/schema.org","@graph":[{"@type":"WebPage","@id":"https:\/\/techmasterdemexico.com\/producto\/analizador-de-variadores-de-velocidad-fluke-mda-550-serie-iii\/","url":"https:\/\/techmasterdemexico.com\/producto\/analizador-de-variadores-de-velocidad-fluke-mda-550-serie-iii\/","name":"Analizador de variadores de velocidad Fluke MDA-550 serie III - Techmaster de Mexico","isPartOf":{"@id":"https:\/\/techmasterdemexico.com\/#website"},"primaryImageOfPage":{"@id":"https:\/\/techmasterdemexico.com\/producto\/analizador-de-variadores-de-velocidad-fluke-mda-550-serie-iii\/#primaryimage"},"image":{"@id":"https:\/\/techmasterdemexico.com\/producto\/analizador-de-variadores-de-velocidad-fluke-mda-550-serie-iii\/#primaryimage"},"thumbnailUrl":"https:\/\/techmasterdemexico.com\/wp-content\/uploads\/Fluke-MDA-550-III.jpg","datePublished":"2025-03-27T23:21:23+00:00","breadcrumb":{"@id":"https:\/\/techmasterdemexico.com\/producto\/analizador-de-variadores-de-velocidad-fluke-mda-550-serie-iii\/#breadcrumb"},"inLanguage":"en-US","potentialAction":[{"@type":"ReadAction","target":["https:\/\/techmasterdemexico.com\/producto\/analizador-de-variadores-de-velocidad-fluke-mda-550-serie-iii\/"]}]},{"@type":"ImageObject","inLanguage":"en-US","@id":"https:\/\/techmasterdemexico.com\/producto\/analizador-de-variadores-de-velocidad-fluke-mda-550-serie-iii\/#primaryimage","url":"https:\/\/techmasterdemexico.com\/wp-content\/uploads\/Fluke-MDA-550-III.jpg","contentUrl":"https:\/\/techmasterdemexico.com\/wp-content\/uploads\/Fluke-MDA-550-III.jpg","width":1000,"height":1000},{"@type":"BreadcrumbList","@id":"https:\/\/techmasterdemexico.com\/producto\/analizador-de-variadores-de-velocidad-fluke-mda-550-serie-iii\/#breadcrumb","itemListElement":[{"@type":"ListItem","position":1,"name":"Portada","item":"https:\/\/techmasterdemexico.com\/"},{"@type":"ListItem","position":2,"name":"Analizador de variadores de velocidad Fluke MDA-550 serie III"}]},{"@type":"WebSite","@id":"https:\/\/techmasterdemexico.com\/#website","url":"https:\/\/techmasterdemexico.com\/","name":"Techmaster de Mexico","description":"","potentialAction":[{"@type":"SearchAction","target":{"@type":"EntryPoint","urlTemplate":"https:\/\/techmasterdemexico.com\/?s={search_term_string}"},"query-input":{"@type":"PropertyValueSpecification","valueRequired":true,"valueName":"search_term_string"}}],"inLanguage":"en-US"}]}},"brands":[{"id":31,"name":"Fluke","slug":"fluke"}],"_links":{"self":[{"href":"https:\/\/techmasterdemexico.com\/en\/wp-json\/wp\/v2\/product\/22450","targetHints":{"allow":["GET"]}}],"collection":[{"href":"https:\/\/techmasterdemexico.com\/en\/wp-json\/wp\/v2\/product"}],"about":[{"href":"https:\/\/techmasterdemexico.com\/en\/wp-json\/wp\/v2\/types\/product"}],"wp:featuredmedia":[{"embeddable":true,"href":"https:\/\/techmasterdemexico.com\/en\/wp-json\/wp\/v2\/media\/22451"}],"wp:attachment":[{"href":"https:\/\/techmasterdemexico.com\/en\/wp-json\/wp\/v2\/media?parent=22450"}],"wp:term":[{"taxonomy":"pwb-brand","embeddable":true,"href":"https:\/\/techmasterdemexico.com\/en\/wp-json\/wp\/v2\/pwb-brand?post=22450"},{"taxonomy":"product_brand","embeddable":true,"href":"https:\/\/techmasterdemexico.com\/en\/wp-json\/wp\/v2\/product_brand?post=22450"},{"taxonomy":"product_cat","embeddable":true,"href":"https:\/\/techmasterdemexico.com\/en\/wp-json\/wp\/v2\/product_cat?post=22450"},{"taxonomy":"product_tag","embeddable":true,"href":"https:\/\/techmasterdemexico.com\/en\/wp-json\/wp\/v2\/product_tag?post=22450"}],"curies":[{"name":"wp","href":"https:\/\/api.w.org\/{rel}","templated":true}]}}