{"id":22435,"date":"2025-03-27T15:49:21","date_gmt":"2025-03-27T22:49:21","guid":{"rendered":"https:\/\/techmasterdemexico.com\/?post_type=product&#038;p=22435"},"modified":"2025-03-27T15:58:18","modified_gmt":"2025-03-27T22:58:18","slug":"calibrador-de-presion-automatico-fluke-729-pro","status":"publish","type":"product","link":"https:\/\/techmasterdemexico.com\/en\/producto\/calibrador-de-presion-automatico-fluke-729-pro\/","title":{"rendered":"Calibrador de presi\u00f3n autom\u00e1tico Fluke 729 Pro"},"content":{"rendered":"<p>El calibrador de presi\u00f3n autom\u00e1tico Fluke 729Pro se ha dise\u00f1ado espec\u00edficamente teniendo en cuenta a los t\u00e9cnicos de procesos, para simplificar el proceso de calibraci\u00f3n de la presi\u00f3n y proporcionar unos resultados de prueba m\u00e1s r\u00e1pidos y precisos.<\/p>\n","protected":false},"excerpt":{"rendered":"<p>Rango de presi\u00f3n:<\/p>\n<p>Para el modelo est\u00e1ndar: 0 a 300 psi (presi\u00f3n absoluta o relativa).<\/p>\n<p>Para otros modelos: Rango de presi\u00f3n depende del tipo de m\u00f3dulo de presi\u00f3n seleccionado.<\/p>\n<p>Precisi\u00f3n:<\/p>\n<p>Calibraci\u00f3n autom\u00e1tica con una precisi\u00f3n de hasta 0.025% del valor de lectura.<\/p>\n<p>Resoluci\u00f3n:<\/p>\n<p>Dependiendo del modelo y m\u00f3dulo de presi\u00f3n, la resoluci\u00f3n de medida puede ser hasta 0.001 psi.<\/p>\n<p>Pantalla:<\/p>\n<p>Pantalla LCD a color de 5.7 pulgadas, con gr\u00e1ficos interactivos y lectura clara de las mediciones.<\/p>\n<p>Calibraci\u00f3n autom\u00e1tica:<\/p>\n<p>Realiza calibraci\u00f3n completamente autom\u00e1tica para medir y ajustar sistemas de presi\u00f3n, sin intervenci\u00f3n manual.<\/p>\n<p>Rango de temperatura de operaci\u00f3n:<\/p>\n<p>0 \u00b0C a 50 \u00b0C (32 \u00b0F a 122 \u00b0F).<\/p>\n<p>Almacenamiento de datos:<\/p>\n<p>Capacidad para guardar configuraciones y resultados de pruebas.<\/p>\n<p>Funci\u00f3n de exportaci\u00f3n de datos a trav\u00e9s de USB.<\/p>\n<p>Fuente de alimentaci\u00f3n:<\/p>\n<p>Bater\u00eda recargable de litio con una duraci\u00f3n de 12 horas de uso continuo.<\/p>\n<p>Conectividad:<\/p>\n<p>Puerto USB para la transferencia de datos y conexi\u00f3n a software de gesti\u00f3n.<\/p>\n","protected":false},"featured_media":22430,"template":"","meta":{"_acf_changed":false},"pwb-brand":[31],"product_brand":[],"product_cat":[366,135,30],"product_tag":[],"class_list":{"0":"post-22435","1":"product","2":"type-product","3":"status-publish","4":"has-post-thumbnail","6":"pwb-brand-fluke","7":"product_cat-todos-los-productos","8":"product_cat-calibradores-de-presion","9":"product_cat-fluke","11":"first","12":"instock","13":"taxable","14":"shipping-taxable","15":"product-type-simple"},"acf":[],"yoast_head":"<!-- This site is optimized with the Yoast SEO plugin v27.4 - https:\/\/yoast.com\/product\/yoast-seo-wordpress\/ -->\n<title>Calibrador de presi\u00f3n autom\u00e1tico Fluke 729 Pro - Techmaster de Mexico<\/title>\n<meta name=\"robots\" content=\"index, follow, max-snippet:-1, max-image-preview:large, max-video-preview:-1\" \/>\n<link rel=\"canonical\" href=\"https:\/\/techmasterdemexico.com\/producto\/calibrador-de-presion-automatico-fluke-729-pro\/\" \/>\n<meta property=\"og:locale\" content=\"en_US\" \/>\n<meta property=\"og:type\" content=\"article\" \/>\n<meta property=\"og:title\" content=\"Calibrador de presi\u00f3n autom\u00e1tico Fluke 729 Pro - Techmaster de Mexico\" \/>\n<meta property=\"og:description\" content=\"Rango de presi\u00f3n:  Para el modelo est\u00e1ndar: 0 a 300 psi (presi\u00f3n absoluta o relativa).  Para otros modelos: Rango de presi\u00f3n depende del tipo de m\u00f3dulo de presi\u00f3n seleccionado.  Precisi\u00f3n:  Calibraci\u00f3n autom\u00e1tica con una precisi\u00f3n de hasta 0.025% del valor de lectura.  Resoluci\u00f3n:  Dependiendo del modelo y m\u00f3dulo de presi\u00f3n, la resoluci\u00f3n de medida puede ser hasta 0.001 psi.  Pantalla:  Pantalla LCD a color de 5.7 pulgadas, con gr\u00e1ficos interactivos y lectura clara de las mediciones.  Calibraci\u00f3n autom\u00e1tica:  Realiza calibraci\u00f3n completamente autom\u00e1tica para medir y ajustar sistemas de presi\u00f3n, sin intervenci\u00f3n manual.  Rango de temperatura de operaci\u00f3n:  0 \u00b0C a 50 \u00b0C (32 \u00b0F a 122 \u00b0F).  Almacenamiento de datos:  Capacidad para guardar configuraciones y resultados de pruebas.  Funci\u00f3n de exportaci\u00f3n de datos a trav\u00e9s de USB.  Fuente de alimentaci\u00f3n:  Bater\u00eda recargable de litio con una duraci\u00f3n de 12 horas de uso continuo.  Conectividad:  Puerto USB para la transferencia de datos y conexi\u00f3n a software de gesti\u00f3n.\" \/>\n<meta property=\"og:url\" content=\"https:\/\/techmasterdemexico.com\/producto\/calibrador-de-presion-automatico-fluke-729-pro\/\" \/>\n<meta property=\"og:site_name\" content=\"Techmaster de Mexico\" \/>\n<meta property=\"article:modified_time\" content=\"2025-03-27T22:58:18+00:00\" \/>\n<meta property=\"og:image\" content=\"https:\/\/techmasterdemexico.com\/wp-content\/uploads\/Fluke-729-PRO.jpg\" \/>\n\t<meta property=\"og:image:width\" content=\"1000\" \/>\n\t<meta property=\"og:image:height\" content=\"1000\" \/>\n\t<meta property=\"og:image:type\" content=\"image\/jpeg\" \/>\n<meta name=\"twitter:card\" content=\"summary_large_image\" \/>\n<meta name=\"twitter:label1\" content=\"Est. reading time\" \/>\n\t<meta name=\"twitter:data1\" content=\"1 minute\" \/>\n<script type=\"application\/ld+json\" class=\"yoast-schema-graph\">{\"@context\":\"https:\\\/\\\/schema.org\",\"@graph\":[{\"@type\":\"WebPage\",\"@id\":\"https:\\\/\\\/techmasterdemexico.com\\\/producto\\\/calibrador-de-presion-automatico-fluke-729-pro\\\/\",\"url\":\"https:\\\/\\\/techmasterdemexico.com\\\/producto\\\/calibrador-de-presion-automatico-fluke-729-pro\\\/\",\"name\":\"Calibrador de presi\u00f3n autom\u00e1tico Fluke 729 Pro - Techmaster de Mexico\",\"isPartOf\":{\"@id\":\"https:\\\/\\\/techmasterdemexico.com\\\/#website\"},\"primaryImageOfPage\":{\"@id\":\"https:\\\/\\\/techmasterdemexico.com\\\/producto\\\/calibrador-de-presion-automatico-fluke-729-pro\\\/#primaryimage\"},\"image\":{\"@id\":\"https:\\\/\\\/techmasterdemexico.com\\\/producto\\\/calibrador-de-presion-automatico-fluke-729-pro\\\/#primaryimage\"},\"thumbnailUrl\":\"https:\\\/\\\/techmasterdemexico.com\\\/wp-content\\\/uploads\\\/Fluke-729-PRO.jpg\",\"datePublished\":\"2025-03-27T22:49:21+00:00\",\"dateModified\":\"2025-03-27T22:58:18+00:00\",\"breadcrumb\":{\"@id\":\"https:\\\/\\\/techmasterdemexico.com\\\/producto\\\/calibrador-de-presion-automatico-fluke-729-pro\\\/#breadcrumb\"},\"inLanguage\":\"en-US\",\"potentialAction\":[{\"@type\":\"ReadAction\",\"target\":[\"https:\\\/\\\/techmasterdemexico.com\\\/producto\\\/calibrador-de-presion-automatico-fluke-729-pro\\\/\"]}]},{\"@type\":\"ImageObject\",\"inLanguage\":\"en-US\",\"@id\":\"https:\\\/\\\/techmasterdemexico.com\\\/producto\\\/calibrador-de-presion-automatico-fluke-729-pro\\\/#primaryimage\",\"url\":\"https:\\\/\\\/techmasterdemexico.com\\\/wp-content\\\/uploads\\\/Fluke-729-PRO.jpg\",\"contentUrl\":\"https:\\\/\\\/techmasterdemexico.com\\\/wp-content\\\/uploads\\\/Fluke-729-PRO.jpg\",\"width\":1000,\"height\":1000},{\"@type\":\"BreadcrumbList\",\"@id\":\"https:\\\/\\\/techmasterdemexico.com\\\/producto\\\/calibrador-de-presion-automatico-fluke-729-pro\\\/#breadcrumb\",\"itemListElement\":[{\"@type\":\"ListItem\",\"position\":1,\"name\":\"Portada\",\"item\":\"https:\\\/\\\/techmasterdemexico.com\\\/\"},{\"@type\":\"ListItem\",\"position\":2,\"name\":\"Calibrador de presi\u00f3n autom\u00e1tico Fluke 729 Pro\"}]},{\"@type\":\"WebSite\",\"@id\":\"https:\\\/\\\/techmasterdemexico.com\\\/#website\",\"url\":\"https:\\\/\\\/techmasterdemexico.com\\\/\",\"name\":\"Techmaster de Mexico\",\"description\":\"\",\"potentialAction\":[{\"@type\":\"SearchAction\",\"target\":{\"@type\":\"EntryPoint\",\"urlTemplate\":\"https:\\\/\\\/techmasterdemexico.com\\\/?s={search_term_string}\"},\"query-input\":{\"@type\":\"PropertyValueSpecification\",\"valueRequired\":true,\"valueName\":\"search_term_string\"}}],\"inLanguage\":\"en-US\"}]}<\/script>\n<!-- \/ Yoast SEO plugin. -->","yoast_head_json":{"title":"Calibrador de presi\u00f3n autom\u00e1tico Fluke 729 Pro - Techmaster de Mexico","robots":{"index":"index","follow":"follow","max-snippet":"max-snippet:-1","max-image-preview":"max-image-preview:large","max-video-preview":"max-video-preview:-1"},"canonical":"https:\/\/techmasterdemexico.com\/producto\/calibrador-de-presion-automatico-fluke-729-pro\/","og_locale":"en_US","og_type":"article","og_title":"Calibrador de presi\u00f3n autom\u00e1tico Fluke 729 Pro - Techmaster de Mexico","og_description":"Rango de presi\u00f3n:  Para el modelo est\u00e1ndar: 0 a 300 psi (presi\u00f3n absoluta o relativa).  Para otros modelos: Rango de presi\u00f3n depende del tipo de m\u00f3dulo de presi\u00f3n seleccionado.  Precisi\u00f3n:  Calibraci\u00f3n autom\u00e1tica con una precisi\u00f3n de hasta 0.025% del valor de lectura.  Resoluci\u00f3n:  Dependiendo del modelo y m\u00f3dulo de presi\u00f3n, la resoluci\u00f3n de medida puede ser hasta 0.001 psi.  Pantalla:  Pantalla LCD a color de 5.7 pulgadas, con gr\u00e1ficos interactivos y lectura clara de las mediciones.  Calibraci\u00f3n autom\u00e1tica:  Realiza calibraci\u00f3n completamente autom\u00e1tica para medir y ajustar sistemas de presi\u00f3n, sin intervenci\u00f3n manual.  Rango de temperatura de operaci\u00f3n:  0 \u00b0C a 50 \u00b0C (32 \u00b0F a 122 \u00b0F).  Almacenamiento de datos:  Capacidad para guardar configuraciones y resultados de pruebas.  Funci\u00f3n de exportaci\u00f3n de datos a trav\u00e9s de USB.  Fuente de alimentaci\u00f3n:  Bater\u00eda recargable de litio con una duraci\u00f3n de 12 horas de uso continuo.  Conectividad:  Puerto USB para la transferencia de datos y conexi\u00f3n a software de gesti\u00f3n.","og_url":"https:\/\/techmasterdemexico.com\/producto\/calibrador-de-presion-automatico-fluke-729-pro\/","og_site_name":"Techmaster de Mexico","article_modified_time":"2025-03-27T22:58:18+00:00","og_image":[{"width":1000,"height":1000,"url":"https:\/\/techmasterdemexico.com\/wp-content\/uploads\/Fluke-729-PRO.jpg","type":"image\/jpeg"}],"twitter_card":"summary_large_image","twitter_misc":{"Est. reading time":"1 minute"},"schema":{"@context":"https:\/\/schema.org","@graph":[{"@type":"WebPage","@id":"https:\/\/techmasterdemexico.com\/producto\/calibrador-de-presion-automatico-fluke-729-pro\/","url":"https:\/\/techmasterdemexico.com\/producto\/calibrador-de-presion-automatico-fluke-729-pro\/","name":"Calibrador de presi\u00f3n autom\u00e1tico Fluke 729 Pro - Techmaster de Mexico","isPartOf":{"@id":"https:\/\/techmasterdemexico.com\/#website"},"primaryImageOfPage":{"@id":"https:\/\/techmasterdemexico.com\/producto\/calibrador-de-presion-automatico-fluke-729-pro\/#primaryimage"},"image":{"@id":"https:\/\/techmasterdemexico.com\/producto\/calibrador-de-presion-automatico-fluke-729-pro\/#primaryimage"},"thumbnailUrl":"https:\/\/techmasterdemexico.com\/wp-content\/uploads\/Fluke-729-PRO.jpg","datePublished":"2025-03-27T22:49:21+00:00","dateModified":"2025-03-27T22:58:18+00:00","breadcrumb":{"@id":"https:\/\/techmasterdemexico.com\/producto\/calibrador-de-presion-automatico-fluke-729-pro\/#breadcrumb"},"inLanguage":"en-US","potentialAction":[{"@type":"ReadAction","target":["https:\/\/techmasterdemexico.com\/producto\/calibrador-de-presion-automatico-fluke-729-pro\/"]}]},{"@type":"ImageObject","inLanguage":"en-US","@id":"https:\/\/techmasterdemexico.com\/producto\/calibrador-de-presion-automatico-fluke-729-pro\/#primaryimage","url":"https:\/\/techmasterdemexico.com\/wp-content\/uploads\/Fluke-729-PRO.jpg","contentUrl":"https:\/\/techmasterdemexico.com\/wp-content\/uploads\/Fluke-729-PRO.jpg","width":1000,"height":1000},{"@type":"BreadcrumbList","@id":"https:\/\/techmasterdemexico.com\/producto\/calibrador-de-presion-automatico-fluke-729-pro\/#breadcrumb","itemListElement":[{"@type":"ListItem","position":1,"name":"Portada","item":"https:\/\/techmasterdemexico.com\/"},{"@type":"ListItem","position":2,"name":"Calibrador de presi\u00f3n autom\u00e1tico Fluke 729 Pro"}]},{"@type":"WebSite","@id":"https:\/\/techmasterdemexico.com\/#website","url":"https:\/\/techmasterdemexico.com\/","name":"Techmaster de Mexico","description":"","potentialAction":[{"@type":"SearchAction","target":{"@type":"EntryPoint","urlTemplate":"https:\/\/techmasterdemexico.com\/?s={search_term_string}"},"query-input":{"@type":"PropertyValueSpecification","valueRequired":true,"valueName":"search_term_string"}}],"inLanguage":"en-US"}]}},"brands":[{"id":31,"name":"Fluke","slug":"fluke"}],"_links":{"self":[{"href":"https:\/\/techmasterdemexico.com\/en\/wp-json\/wp\/v2\/product\/22435","targetHints":{"allow":["GET"]}}],"collection":[{"href":"https:\/\/techmasterdemexico.com\/en\/wp-json\/wp\/v2\/product"}],"about":[{"href":"https:\/\/techmasterdemexico.com\/en\/wp-json\/wp\/v2\/types\/product"}],"wp:featuredmedia":[{"embeddable":true,"href":"https:\/\/techmasterdemexico.com\/en\/wp-json\/wp\/v2\/media\/22430"}],"wp:attachment":[{"href":"https:\/\/techmasterdemexico.com\/en\/wp-json\/wp\/v2\/media?parent=22435"}],"wp:term":[{"taxonomy":"pwb-brand","embeddable":true,"href":"https:\/\/techmasterdemexico.com\/en\/wp-json\/wp\/v2\/pwb-brand?post=22435"},{"taxonomy":"product_brand","embeddable":true,"href":"https:\/\/techmasterdemexico.com\/en\/wp-json\/wp\/v2\/product_brand?post=22435"},{"taxonomy":"product_cat","embeddable":true,"href":"https:\/\/techmasterdemexico.com\/en\/wp-json\/wp\/v2\/product_cat?post=22435"},{"taxonomy":"product_tag","embeddable":true,"href":"https:\/\/techmasterdemexico.com\/en\/wp-json\/wp\/v2\/product_tag?post=22435"}],"curies":[{"name":"wp","href":"https:\/\/api.w.org\/{rel}","templated":true}]}}