{"id":22372,"date":"2025-03-06T14:15:25","date_gmt":"2025-03-06T21:15:25","guid":{"rendered":"https:\/\/techmasterdemexico.com\/?post_type=product&#038;p=22372"},"modified":"2025-03-27T15:57:54","modified_gmt":"2025-03-27T22:57:54","slug":"micat-planner","status":"publish","type":"product","link":"https:\/\/techmasterdemexico.com\/en\/producto\/micat-planner\/","title":{"rendered":"MiCAT Planner"},"content":{"rendered":"<p>Aproveche el poder de la planificaci\u00f3n para crear programas de piezas de forma r\u00e1pida y sencilla<\/p>\n<p>D\u00edgale adi\u00f3s a la costosa, tediosa y lenta programaci\u00f3n de piezas convencional para CMM. El software MiCAT Planner utiliza la configuraci\u00f3n de CMM virtual para adquirir la configuraci\u00f3n actual para crear un modelo digital de su CMM desde CMM System Manager en MCOSMOS. Luego, MiCAT Planner genera el programa de medici\u00f3 de sus piezas autom\u00e1ticamente, con una eficiencia sin precedentes.<\/p>\n<p>Capaz de reducir el tiempo de programaci\u00f3n en m\u00e1s del 75 %*<\/p>\n<p>Los estudios muestran un ahorro de tiempo del 89 % para realizar programas de piezas con PMI y del 77 % sin PMI utilizando el software MiCAT Planner con datos GD&#038;T.<\/p>\n<p>*Algunos estudios de tiempo muestran que el tiempo de programaci\u00f3n se reduce en m\u00e1s del 90%, dependiendo de la complejidad y el tipo de pieza.<\/p>\n<p>Exactitud digital<\/p>\n<p>El modelo digital integrado para piezas, accesorios y su CMM configurada proporciona una representaci\u00f3n gr\u00e1fica detallada para programas de piezas confiables y sin errores.<br \/>\nResultados repetibles<\/p>\n<p>Resultados de medici\u00f3n m\u00e1s consistentes y de mayor calidad, gracias al Editor de reglas de medici\u00f3n Mitutoyo. Menos discrepancias por diferencias en los estilos de programaci\u00f3n. No existen malas interpretaciones del dibujo o del dise\u00f1o.<\/p>","protected":false},"excerpt":{"rendered":"<p>Dise\u00f1o innovador y f\u00e1cil de usar<\/p>\n<p>Proceso sencillo<br \/>\nCree programas de piezas en cuatro sencillos pasos<\/p>\n<p>Modelo de dise\u00f1o<br \/>\nImporte archivos CAD con o sin informaci\u00f3n de tolerancias.<\/p>\n<p>Equipo de medici\u00f3n dimensional: su CMM virtual<br \/>\nMiCAT genera el plan de medici\u00f3n autom\u00e1ticamente usando reglas definidas<\/p>\n<p>Bot\u00f3n de programa de medici\u00f3n<br \/>\nPrograma de pieza MCOSMOS generado autom\u00e1ticamente para revisi\u00f3n a trav\u00e9s de simulaci\u00f3n<\/p>\n<p>Bot\u00f3n Descargar a Geopak<br \/>\nEl programa de medici\u00f3n se carga en el Part Manager de MCOSMOS para su ejecuci\u00f3n inmediata.<\/p>\n","protected":false},"featured_media":22369,"template":"","meta":{"_acf_changed":false},"pwb-brand":[39],"product_brand":[],"product_cat":[38,49],"product_tag":[],"class_list":{"0":"post-22372","1":"product","2":"type-product","3":"status-publish","4":"has-post-thumbnail","6":"pwb-brand-mitutoyo","7":"product_cat-mitutoyo","8":"product_cat-software","10":"first","11":"instock","12":"taxable","13":"shipping-taxable","14":"product-type-simple"},"acf":[],"yoast_head":"<!-- This site is optimized with the Yoast SEO plugin v27.4 - https:\/\/yoast.com\/product\/yoast-seo-wordpress\/ -->\n<title>MiCAT Planner - Techmaster de Mexico<\/title>\n<meta name=\"robots\" content=\"index, follow, max-snippet:-1, max-image-preview:large, max-video-preview:-1\" \/>\n<link rel=\"canonical\" href=\"https:\/\/techmasterdemexico.com\/producto\/micat-planner\/\" \/>\n<meta property=\"og:locale\" content=\"en_US\" \/>\n<meta property=\"og:type\" content=\"article\" \/>\n<meta property=\"og:title\" content=\"MiCAT Planner - Techmaster de Mexico\" \/>\n<meta property=\"og:description\" content=\"[:es]Dise\u00f1o innovador y f\u00e1cil de usar  Proceso sencillo Cree programas de piezas en cuatro sencillos pasos  Modelo de dise\u00f1o Importe archivos CAD con o sin informaci\u00f3n de tolerancias.  Equipo de medici\u00f3n dimensional: su CMM virtual MiCAT genera el plan de medici\u00f3n autom\u00e1ticamente usando reglas definidas  Bot\u00f3n de programa de medici\u00f3n Programa de pieza MCOSMOS generado autom\u00e1ticamente para revisi\u00f3n a trav\u00e9s de simulaci\u00f3n  Bot\u00f3n Descargar a Geopak El programa de medici\u00f3n se carga en el Part Manager de MCOSMOS para su ejecuci\u00f3n inmediata.[:en]Dise\u00f1o innovador y f\u00e1cil de usar  Proceso sencillo Cree programas de piezas en cuatro sencillos pasos  Modelo de dise\u00f1o Importe archivos CAD con o sin informaci\u00f3n de tolerancias.  Equipo de medici\u00f3n dimensional: su CMM virtual MiCAT genera el plan de medici\u00f3n autom\u00e1ticamente usando reglas definidas  Bot\u00f3n de programa de medici\u00f3n Programa de pieza MCOSMOS generado autom\u00e1ticamente para revisi\u00f3n a trav\u00e9s de simulaci\u00f3n  Bot\u00f3n Descargar a Geopak El programa de medici\u00f3n se carga en el Part Manager de MCOSMOS para su ejecuci\u00f3n inmediata.[:]\" \/>\n<meta property=\"og:url\" content=\"https:\/\/techmasterdemexico.com\/producto\/micat-planner\/\" \/>\n<meta property=\"og:site_name\" content=\"Techmaster de Mexico\" \/>\n<meta property=\"article:modified_time\" content=\"2025-03-27T22:57:54+00:00\" \/>\n<meta property=\"og:image\" content=\"https:\/\/techmasterdemexico.com\/wp-content\/uploads\/MiCAT-Planner.jpg\" \/>\n\t<meta property=\"og:image:width\" content=\"1000\" \/>\n\t<meta property=\"og:image:height\" content=\"1000\" \/>\n\t<meta property=\"og:image:type\" content=\"image\/jpeg\" \/>\n<meta name=\"twitter:card\" content=\"summary_large_image\" \/>\n<meta name=\"twitter:label1\" content=\"Est. reading time\" \/>\n\t<meta name=\"twitter:data1\" content=\"2 minutes\" \/>\n<script type=\"application\/ld+json\" class=\"yoast-schema-graph\">{\"@context\":\"https:\\\/\\\/schema.org\",\"@graph\":[{\"@type\":\"WebPage\",\"@id\":\"https:\\\/\\\/techmasterdemexico.com\\\/producto\\\/micat-planner\\\/\",\"url\":\"https:\\\/\\\/techmasterdemexico.com\\\/producto\\\/micat-planner\\\/\",\"name\":\"MiCAT Planner - Techmaster de Mexico\",\"isPartOf\":{\"@id\":\"https:\\\/\\\/techmasterdemexico.com\\\/#website\"},\"primaryImageOfPage\":{\"@id\":\"https:\\\/\\\/techmasterdemexico.com\\\/producto\\\/micat-planner\\\/#primaryimage\"},\"image\":{\"@id\":\"https:\\\/\\\/techmasterdemexico.com\\\/producto\\\/micat-planner\\\/#primaryimage\"},\"thumbnailUrl\":\"https:\\\/\\\/techmasterdemexico.com\\\/wp-content\\\/uploads\\\/MiCAT-Planner.jpg\",\"datePublished\":\"2025-03-06T21:15:25+00:00\",\"dateModified\":\"2025-03-27T22:57:54+00:00\",\"breadcrumb\":{\"@id\":\"https:\\\/\\\/techmasterdemexico.com\\\/producto\\\/micat-planner\\\/#breadcrumb\"},\"inLanguage\":\"en-US\",\"potentialAction\":[{\"@type\":\"ReadAction\",\"target\":[\"https:\\\/\\\/techmasterdemexico.com\\\/producto\\\/micat-planner\\\/\"]}]},{\"@type\":\"ImageObject\",\"inLanguage\":\"en-US\",\"@id\":\"https:\\\/\\\/techmasterdemexico.com\\\/producto\\\/micat-planner\\\/#primaryimage\",\"url\":\"https:\\\/\\\/techmasterdemexico.com\\\/wp-content\\\/uploads\\\/MiCAT-Planner.jpg\",\"contentUrl\":\"https:\\\/\\\/techmasterdemexico.com\\\/wp-content\\\/uploads\\\/MiCAT-Planner.jpg\",\"width\":1000,\"height\":1000},{\"@type\":\"BreadcrumbList\",\"@id\":\"https:\\\/\\\/techmasterdemexico.com\\\/producto\\\/micat-planner\\\/#breadcrumb\",\"itemListElement\":[{\"@type\":\"ListItem\",\"position\":1,\"name\":\"Portada\",\"item\":\"https:\\\/\\\/techmasterdemexico.com\\\/\"},{\"@type\":\"ListItem\",\"position\":2,\"name\":\"MiCAT Planner\"}]},{\"@type\":\"WebSite\",\"@id\":\"https:\\\/\\\/techmasterdemexico.com\\\/#website\",\"url\":\"https:\\\/\\\/techmasterdemexico.com\\\/\",\"name\":\"Techmaster de Mexico\",\"description\":\"\",\"potentialAction\":[{\"@type\":\"SearchAction\",\"target\":{\"@type\":\"EntryPoint\",\"urlTemplate\":\"https:\\\/\\\/techmasterdemexico.com\\\/?s={search_term_string}\"},\"query-input\":{\"@type\":\"PropertyValueSpecification\",\"valueRequired\":true,\"valueName\":\"search_term_string\"}}],\"inLanguage\":\"en-US\"}]}<\/script>\n<!-- \/ Yoast SEO plugin. -->","yoast_head_json":{"title":"MiCAT Planner - Techmaster de Mexico","robots":{"index":"index","follow":"follow","max-snippet":"max-snippet:-1","max-image-preview":"max-image-preview:large","max-video-preview":"max-video-preview:-1"},"canonical":"https:\/\/techmasterdemexico.com\/producto\/micat-planner\/","og_locale":"en_US","og_type":"article","og_title":"MiCAT Planner - Techmaster de Mexico","og_description":"[:es]Dise\u00f1o innovador y f\u00e1cil de usar  Proceso sencillo Cree programas de piezas en cuatro sencillos pasos  Modelo de dise\u00f1o Importe archivos CAD con o sin informaci\u00f3n de tolerancias.  Equipo de medici\u00f3n dimensional: su CMM virtual MiCAT genera el plan de medici\u00f3n autom\u00e1ticamente usando reglas definidas  Bot\u00f3n de programa de medici\u00f3n Programa de pieza MCOSMOS generado autom\u00e1ticamente para revisi\u00f3n a trav\u00e9s de simulaci\u00f3n  Bot\u00f3n Descargar a Geopak El programa de medici\u00f3n se carga en el Part Manager de MCOSMOS para su ejecuci\u00f3n inmediata.[:en]Dise\u00f1o innovador y f\u00e1cil de usar  Proceso sencillo Cree programas de piezas en cuatro sencillos pasos  Modelo de dise\u00f1o Importe archivos CAD con o sin informaci\u00f3n de tolerancias.  Equipo de medici\u00f3n dimensional: su CMM virtual MiCAT genera el plan de medici\u00f3n autom\u00e1ticamente usando reglas definidas  Bot\u00f3n de programa de medici\u00f3n Programa de pieza MCOSMOS generado autom\u00e1ticamente para revisi\u00f3n a trav\u00e9s de simulaci\u00f3n  Bot\u00f3n Descargar a Geopak El programa de medici\u00f3n se carga en el Part Manager de MCOSMOS para su ejecuci\u00f3n inmediata.[:]","og_url":"https:\/\/techmasterdemexico.com\/producto\/micat-planner\/","og_site_name":"Techmaster de Mexico","article_modified_time":"2025-03-27T22:57:54+00:00","og_image":[{"width":1000,"height":1000,"url":"https:\/\/techmasterdemexico.com\/wp-content\/uploads\/MiCAT-Planner.jpg","type":"image\/jpeg"}],"twitter_card":"summary_large_image","twitter_misc":{"Est. reading time":"2 minutes"},"schema":{"@context":"https:\/\/schema.org","@graph":[{"@type":"WebPage","@id":"https:\/\/techmasterdemexico.com\/producto\/micat-planner\/","url":"https:\/\/techmasterdemexico.com\/producto\/micat-planner\/","name":"MiCAT Planner - Techmaster de Mexico","isPartOf":{"@id":"https:\/\/techmasterdemexico.com\/#website"},"primaryImageOfPage":{"@id":"https:\/\/techmasterdemexico.com\/producto\/micat-planner\/#primaryimage"},"image":{"@id":"https:\/\/techmasterdemexico.com\/producto\/micat-planner\/#primaryimage"},"thumbnailUrl":"https:\/\/techmasterdemexico.com\/wp-content\/uploads\/MiCAT-Planner.jpg","datePublished":"2025-03-06T21:15:25+00:00","dateModified":"2025-03-27T22:57:54+00:00","breadcrumb":{"@id":"https:\/\/techmasterdemexico.com\/producto\/micat-planner\/#breadcrumb"},"inLanguage":"en-US","potentialAction":[{"@type":"ReadAction","target":["https:\/\/techmasterdemexico.com\/producto\/micat-planner\/"]}]},{"@type":"ImageObject","inLanguage":"en-US","@id":"https:\/\/techmasterdemexico.com\/producto\/micat-planner\/#primaryimage","url":"https:\/\/techmasterdemexico.com\/wp-content\/uploads\/MiCAT-Planner.jpg","contentUrl":"https:\/\/techmasterdemexico.com\/wp-content\/uploads\/MiCAT-Planner.jpg","width":1000,"height":1000},{"@type":"BreadcrumbList","@id":"https:\/\/techmasterdemexico.com\/producto\/micat-planner\/#breadcrumb","itemListElement":[{"@type":"ListItem","position":1,"name":"Portada","item":"https:\/\/techmasterdemexico.com\/"},{"@type":"ListItem","position":2,"name":"MiCAT Planner"}]},{"@type":"WebSite","@id":"https:\/\/techmasterdemexico.com\/#website","url":"https:\/\/techmasterdemexico.com\/","name":"Techmaster de Mexico","description":"","potentialAction":[{"@type":"SearchAction","target":{"@type":"EntryPoint","urlTemplate":"https:\/\/techmasterdemexico.com\/?s={search_term_string}"},"query-input":{"@type":"PropertyValueSpecification","valueRequired":true,"valueName":"search_term_string"}}],"inLanguage":"en-US"}]}},"brands":[{"id":39,"name":"Mitutoyo","slug":"mitutoyo"}],"_links":{"self":[{"href":"https:\/\/techmasterdemexico.com\/en\/wp-json\/wp\/v2\/product\/22372","targetHints":{"allow":["GET"]}}],"collection":[{"href":"https:\/\/techmasterdemexico.com\/en\/wp-json\/wp\/v2\/product"}],"about":[{"href":"https:\/\/techmasterdemexico.com\/en\/wp-json\/wp\/v2\/types\/product"}],"wp:featuredmedia":[{"embeddable":true,"href":"https:\/\/techmasterdemexico.com\/en\/wp-json\/wp\/v2\/media\/22369"}],"wp:attachment":[{"href":"https:\/\/techmasterdemexico.com\/en\/wp-json\/wp\/v2\/media?parent=22372"}],"wp:term":[{"taxonomy":"pwb-brand","embeddable":true,"href":"https:\/\/techmasterdemexico.com\/en\/wp-json\/wp\/v2\/pwb-brand?post=22372"},{"taxonomy":"product_brand","embeddable":true,"href":"https:\/\/techmasterdemexico.com\/en\/wp-json\/wp\/v2\/product_brand?post=22372"},{"taxonomy":"product_cat","embeddable":true,"href":"https:\/\/techmasterdemexico.com\/en\/wp-json\/wp\/v2\/product_cat?post=22372"},{"taxonomy":"product_tag","embeddable":true,"href":"https:\/\/techmasterdemexico.com\/en\/wp-json\/wp\/v2\/product_tag?post=22372"}],"curies":[{"name":"wp","href":"https:\/\/api.w.org\/{rel}","templated":true}]}}