{"id":22275,"date":"2025-02-14T12:57:46","date_gmt":"2025-02-14T19:57:46","guid":{"rendered":"https:\/\/techmasterdemexico.com\/?post_type=product&#038;p=22275"},"modified":"2025-02-18T18:47:59","modified_gmt":"2025-02-19T01:47:59","slug":"pinza-amperimetrica-inalambrica-a283","status":"publish","type":"product","link":"https:\/\/techmasterdemexico.com\/en\/producto\/pinza-amperimetrica-inalambrica-a283\/","title":{"rendered":"Pinza amperim\u00e9trica inal\u00e1mbrica Fluke a283 FC CAT III 1500V de verdadero valor eficaz"},"content":{"rendered":"<p>La pinza amperim\u00e9trica A238 FC es compatible con el Fluke 238 FC, midiendo corriente AC\/DC hasta 60 A de manera segura y precisa. Con dise\u00f1o sin contacto y categor\u00eda CAT III 1500 V \/ CAT IV 1000 V, permite mediciones a distancia mediante conectividad inal\u00e1mbrica, ideal para instalaciones solares y sistemas el\u00e9ctricos. su mordaza dina facilita el acceso a espacios reducidos.<\/p>\n","protected":false},"excerpt":{"rendered":"<ul>\n<li>Pinza amperim\u00e9trica inal\u00e1mbrica CAT III 1500 V \/ CAT IV 1000 V para su uso con el mult\u00edmetro digital 283 FC<\/li>\n<li>Mide corriente CA y CC hasta 60 A.<\/li>\n<li>El dise\u00f1o sin contacto permite conexiones seguras<\/li>\n<li>Conectividad inal\u00e1mbrica para una transmisi\u00f3n c\u00f3moda al mult\u00edmetro digital 283 FC<\/li>\n<li>Dise\u00f1o de mordaza fina para garantizar un f\u00e1cil acceso a cajas de conexiones y espacios reducidos<\/li>\n<\/ul>\n","protected":false},"featured_media":22279,"template":"","meta":{"_acf_changed":false},"pwb-brand":[31],"product_brand":[],"product_cat":[30,138],"product_tag":[],"class_list":{"0":"post-22275","1":"product","2":"type-product","3":"status-publish","4":"has-post-thumbnail","6":"pwb-brand-fluke","7":"product_cat-fluke","8":"product_cat-multimetros-digitales-fluke","10":"first","11":"instock","12":"taxable","13":"shipping-taxable","14":"product-type-simple"},"acf":[],"yoast_head":"<!-- This site is optimized with the Yoast SEO plugin v27.4 - https:\/\/yoast.com\/product\/yoast-seo-wordpress\/ -->\n<title>Pinza amperim\u00e9trica inal\u00e1mbrica Fluke a283 FC CAT III 1500V de verdadero valor eficaz - Techmaster de Mexico<\/title>\n<meta name=\"robots\" content=\"index, follow, max-snippet:-1, max-image-preview:large, max-video-preview:-1\" \/>\n<link rel=\"canonical\" href=\"https:\/\/techmasterdemexico.com\/producto\/pinza-amperimetrica-inalambrica-a283\/\" \/>\n<meta property=\"og:locale\" content=\"en_US\" \/>\n<meta property=\"og:type\" content=\"article\" \/>\n<meta property=\"og:title\" content=\"Pinza amperim\u00e9trica inal\u00e1mbrica Fluke a283 FC CAT III 1500V de verdadero valor eficaz - Techmaster de Mexico\" \/>\n<meta property=\"og:description\" content=\"Pinza amperim\u00e9trica inal\u00e1mbrica CAT III 1500 V \/ CAT IV 1000 V para su uso con el mult\u00edmetro digital 283 FC Mide corriente CA y CC hasta 60 A. El dise\u00f1o sin contacto permite conexiones seguras Conectividad inal\u00e1mbrica para una transmisi\u00f3n c\u00f3moda al mult\u00edmetro digital 283 FC Dise\u00f1o de mordaza fina para garantizar un f\u00e1cil acceso a cajas de conexiones y espacios reducidos\" \/>\n<meta property=\"og:url\" content=\"https:\/\/techmasterdemexico.com\/producto\/pinza-amperimetrica-inalambrica-a283\/\" \/>\n<meta property=\"og:site_name\" content=\"Techmaster de Mexico\" \/>\n<meta property=\"article:modified_time\" content=\"2025-02-19T01:47:59+00:00\" \/>\n<meta property=\"og:image\" content=\"https:\/\/techmasterdemexico.com\/wp-content\/uploads\/Fluke-a283.jpg\" \/>\n\t<meta property=\"og:image:width\" content=\"1000\" \/>\n\t<meta property=\"og:image:height\" content=\"1000\" \/>\n\t<meta property=\"og:image:type\" content=\"image\/jpeg\" \/>\n<meta name=\"twitter:card\" content=\"summary_large_image\" \/>\n<meta name=\"twitter:label1\" content=\"Est. reading time\" \/>\n\t<meta name=\"twitter:data1\" content=\"1 minute\" \/>\n<script type=\"application\/ld+json\" class=\"yoast-schema-graph\">{\"@context\":\"https:\\\/\\\/schema.org\",\"@graph\":[{\"@type\":\"WebPage\",\"@id\":\"https:\\\/\\\/techmasterdemexico.com\\\/producto\\\/pinza-amperimetrica-inalambrica-a283\\\/\",\"url\":\"https:\\\/\\\/techmasterdemexico.com\\\/producto\\\/pinza-amperimetrica-inalambrica-a283\\\/\",\"name\":\"Pinza amperim\u00e9trica inal\u00e1mbrica Fluke a283 FC CAT III 1500V de verdadero valor eficaz - Techmaster de Mexico\",\"isPartOf\":{\"@id\":\"https:\\\/\\\/techmasterdemexico.com\\\/#website\"},\"primaryImageOfPage\":{\"@id\":\"https:\\\/\\\/techmasterdemexico.com\\\/producto\\\/pinza-amperimetrica-inalambrica-a283\\\/#primaryimage\"},\"image\":{\"@id\":\"https:\\\/\\\/techmasterdemexico.com\\\/producto\\\/pinza-amperimetrica-inalambrica-a283\\\/#primaryimage\"},\"thumbnailUrl\":\"https:\\\/\\\/techmasterdemexico.com\\\/wp-content\\\/uploads\\\/Fluke-a283.jpg\",\"datePublished\":\"2025-02-14T19:57:46+00:00\",\"dateModified\":\"2025-02-19T01:47:59+00:00\",\"breadcrumb\":{\"@id\":\"https:\\\/\\\/techmasterdemexico.com\\\/producto\\\/pinza-amperimetrica-inalambrica-a283\\\/#breadcrumb\"},\"inLanguage\":\"en-US\",\"potentialAction\":[{\"@type\":\"ReadAction\",\"target\":[\"https:\\\/\\\/techmasterdemexico.com\\\/producto\\\/pinza-amperimetrica-inalambrica-a283\\\/\"]}]},{\"@type\":\"ImageObject\",\"inLanguage\":\"en-US\",\"@id\":\"https:\\\/\\\/techmasterdemexico.com\\\/producto\\\/pinza-amperimetrica-inalambrica-a283\\\/#primaryimage\",\"url\":\"https:\\\/\\\/techmasterdemexico.com\\\/wp-content\\\/uploads\\\/Fluke-a283.jpg\",\"contentUrl\":\"https:\\\/\\\/techmasterdemexico.com\\\/wp-content\\\/uploads\\\/Fluke-a283.jpg\",\"width\":1000,\"height\":1000},{\"@type\":\"BreadcrumbList\",\"@id\":\"https:\\\/\\\/techmasterdemexico.com\\\/producto\\\/pinza-amperimetrica-inalambrica-a283\\\/#breadcrumb\",\"itemListElement\":[{\"@type\":\"ListItem\",\"position\":1,\"name\":\"Portada\",\"item\":\"https:\\\/\\\/techmasterdemexico.com\\\/\"},{\"@type\":\"ListItem\",\"position\":2,\"name\":\"Pinza amperim\u00e9trica inal\u00e1mbrica Fluke a283 FC CAT III 1500V de verdadero valor eficaz\"}]},{\"@type\":\"WebSite\",\"@id\":\"https:\\\/\\\/techmasterdemexico.com\\\/#website\",\"url\":\"https:\\\/\\\/techmasterdemexico.com\\\/\",\"name\":\"Techmaster de Mexico\",\"description\":\"\",\"potentialAction\":[{\"@type\":\"SearchAction\",\"target\":{\"@type\":\"EntryPoint\",\"urlTemplate\":\"https:\\\/\\\/techmasterdemexico.com\\\/?s={search_term_string}\"},\"query-input\":{\"@type\":\"PropertyValueSpecification\",\"valueRequired\":true,\"valueName\":\"search_term_string\"}}],\"inLanguage\":\"en-US\"}]}<\/script>\n<!-- \/ Yoast SEO plugin. -->","yoast_head_json":{"title":"Pinza amperim\u00e9trica inal\u00e1mbrica Fluke a283 FC CAT III 1500V de verdadero valor eficaz - Techmaster de Mexico","robots":{"index":"index","follow":"follow","max-snippet":"max-snippet:-1","max-image-preview":"max-image-preview:large","max-video-preview":"max-video-preview:-1"},"canonical":"https:\/\/techmasterdemexico.com\/producto\/pinza-amperimetrica-inalambrica-a283\/","og_locale":"en_US","og_type":"article","og_title":"Pinza amperim\u00e9trica inal\u00e1mbrica Fluke a283 FC CAT III 1500V de verdadero valor eficaz - Techmaster de Mexico","og_description":"Pinza amperim\u00e9trica inal\u00e1mbrica CAT III 1500 V \/ CAT IV 1000 V para su uso con el mult\u00edmetro digital 283 FC Mide corriente CA y CC hasta 60 A. El dise\u00f1o sin contacto permite conexiones seguras Conectividad inal\u00e1mbrica para una transmisi\u00f3n c\u00f3moda al mult\u00edmetro digital 283 FC Dise\u00f1o de mordaza fina para garantizar un f\u00e1cil acceso a cajas de conexiones y espacios reducidos","og_url":"https:\/\/techmasterdemexico.com\/producto\/pinza-amperimetrica-inalambrica-a283\/","og_site_name":"Techmaster de Mexico","article_modified_time":"2025-02-19T01:47:59+00:00","og_image":[{"width":1000,"height":1000,"url":"https:\/\/techmasterdemexico.com\/wp-content\/uploads\/Fluke-a283.jpg","type":"image\/jpeg"}],"twitter_card":"summary_large_image","twitter_misc":{"Est. reading time":"1 minute"},"schema":{"@context":"https:\/\/schema.org","@graph":[{"@type":"WebPage","@id":"https:\/\/techmasterdemexico.com\/producto\/pinza-amperimetrica-inalambrica-a283\/","url":"https:\/\/techmasterdemexico.com\/producto\/pinza-amperimetrica-inalambrica-a283\/","name":"Pinza amperim\u00e9trica inal\u00e1mbrica Fluke a283 FC CAT III 1500V de verdadero valor eficaz - Techmaster de Mexico","isPartOf":{"@id":"https:\/\/techmasterdemexico.com\/#website"},"primaryImageOfPage":{"@id":"https:\/\/techmasterdemexico.com\/producto\/pinza-amperimetrica-inalambrica-a283\/#primaryimage"},"image":{"@id":"https:\/\/techmasterdemexico.com\/producto\/pinza-amperimetrica-inalambrica-a283\/#primaryimage"},"thumbnailUrl":"https:\/\/techmasterdemexico.com\/wp-content\/uploads\/Fluke-a283.jpg","datePublished":"2025-02-14T19:57:46+00:00","dateModified":"2025-02-19T01:47:59+00:00","breadcrumb":{"@id":"https:\/\/techmasterdemexico.com\/producto\/pinza-amperimetrica-inalambrica-a283\/#breadcrumb"},"inLanguage":"en-US","potentialAction":[{"@type":"ReadAction","target":["https:\/\/techmasterdemexico.com\/producto\/pinza-amperimetrica-inalambrica-a283\/"]}]},{"@type":"ImageObject","inLanguage":"en-US","@id":"https:\/\/techmasterdemexico.com\/producto\/pinza-amperimetrica-inalambrica-a283\/#primaryimage","url":"https:\/\/techmasterdemexico.com\/wp-content\/uploads\/Fluke-a283.jpg","contentUrl":"https:\/\/techmasterdemexico.com\/wp-content\/uploads\/Fluke-a283.jpg","width":1000,"height":1000},{"@type":"BreadcrumbList","@id":"https:\/\/techmasterdemexico.com\/producto\/pinza-amperimetrica-inalambrica-a283\/#breadcrumb","itemListElement":[{"@type":"ListItem","position":1,"name":"Portada","item":"https:\/\/techmasterdemexico.com\/"},{"@type":"ListItem","position":2,"name":"Pinza amperim\u00e9trica inal\u00e1mbrica Fluke a283 FC CAT III 1500V de verdadero valor eficaz"}]},{"@type":"WebSite","@id":"https:\/\/techmasterdemexico.com\/#website","url":"https:\/\/techmasterdemexico.com\/","name":"Techmaster de Mexico","description":"","potentialAction":[{"@type":"SearchAction","target":{"@type":"EntryPoint","urlTemplate":"https:\/\/techmasterdemexico.com\/?s={search_term_string}"},"query-input":{"@type":"PropertyValueSpecification","valueRequired":true,"valueName":"search_term_string"}}],"inLanguage":"en-US"}]}},"brands":[{"id":31,"name":"Fluke","slug":"fluke"}],"_links":{"self":[{"href":"https:\/\/techmasterdemexico.com\/en\/wp-json\/wp\/v2\/product\/22275","targetHints":{"allow":["GET"]}}],"collection":[{"href":"https:\/\/techmasterdemexico.com\/en\/wp-json\/wp\/v2\/product"}],"about":[{"href":"https:\/\/techmasterdemexico.com\/en\/wp-json\/wp\/v2\/types\/product"}],"wp:featuredmedia":[{"embeddable":true,"href":"https:\/\/techmasterdemexico.com\/en\/wp-json\/wp\/v2\/media\/22279"}],"wp:attachment":[{"href":"https:\/\/techmasterdemexico.com\/en\/wp-json\/wp\/v2\/media?parent=22275"}],"wp:term":[{"taxonomy":"pwb-brand","embeddable":true,"href":"https:\/\/techmasterdemexico.com\/en\/wp-json\/wp\/v2\/pwb-brand?post=22275"},{"taxonomy":"product_brand","embeddable":true,"href":"https:\/\/techmasterdemexico.com\/en\/wp-json\/wp\/v2\/product_brand?post=22275"},{"taxonomy":"product_cat","embeddable":true,"href":"https:\/\/techmasterdemexico.com\/en\/wp-json\/wp\/v2\/product_cat?post=22275"},{"taxonomy":"product_tag","embeddable":true,"href":"https:\/\/techmasterdemexico.com\/en\/wp-json\/wp\/v2\/product_tag?post=22275"}],"curies":[{"name":"wp","href":"https:\/\/api.w.org\/{rel}","templated":true}]}}