{"id":22213,"date":"2025-01-11T01:05:14","date_gmt":"2025-01-11T08:05:14","guid":{"rendered":"https:\/\/techmasterdemexico.com\/?post_type=product&#038;p=22213"},"modified":"2025-09-24T10:32:51","modified_gmt":"2025-09-24T17:32:51","slug":"camara-acustica-ii915","status":"publish","type":"product","link":"https:\/\/techmasterdemexico.com\/en\/producto\/camara-acustica-ii915\/","title":{"rendered":"C\u00e1mara ac\u00fastica ii915"},"content":{"rendered":"<p>    Rendimiento mejorado: Mejora del rendimiento de detecci\u00f3n de fugas de gas, descargas el\u00e9ctricas y problemas mec\u00e1nicos.<br \/>\n    Modo LeakQ\u2122: Estima el tama\u00f1o y coste de la fuga.<br \/>\n    PDQ Mode\u2122: Eval\u00faa la severidad de la descarga.<br \/>\n    Modo MecQ\u2122:  Aborde de forma proactiva posibles problemas en componentes mec\u00e1nicos giratorios.<br \/>\n    Funciones de generaci\u00f3n de informes: Funciones integradas de anotaci\u00f3n y etiquetado visual y textual para agilizar la generaci\u00f3n de informes.<br \/>\n    Carga inal\u00e1mbrica: Transfiere datos f\u00e1cilmente a Fluke Connect.<\/p>\n","protected":false},"excerpt":{"rendered":"<p>Rendimiento mejorado: Mejora del rendimiento de detecci\u00f3n de fugas de gas, descargas el\u00e9ctricas y problemas mec\u00e1nicos. Modo LeakQ\u2122: Estima el tama\u00f1o y coste de la fuga. PDQ Mode\u2122: Eval\u00faa la severidad de la descarga. Modo MecQ\u2122: Aborde de forma proactiva posibles problemas en componentes mec\u00e1nicos giratorios. Funciones de generaci\u00f3n de informes: Funciones integradas de anotaci\u00f3n [&hellip;]<\/p>\n","protected":false},"featured_media":22215,"template":"","meta":{"_acf_changed":false},"pwb-brand":[31],"product_brand":[],"product_cat":[683,30],"product_tag":[],"class_list":{"0":"post-22213","1":"product","2":"type-product","3":"status-publish","4":"has-post-thumbnail","6":"pwb-brand-fluke","7":"product_cat-camaras-acusticas","8":"product_cat-fluke","10":"first","11":"instock","12":"taxable","13":"shipping-taxable","14":"product-type-simple"},"acf":[],"yoast_head":"<!-- This site is optimized with the Yoast SEO plugin v27.4 - https:\/\/yoast.com\/product\/yoast-seo-wordpress\/ -->\n<title>C\u00e1mara ac\u00fastica ii915 - Techmaster de Mexico<\/title>\n<meta name=\"robots\" content=\"index, follow, max-snippet:-1, max-image-preview:large, max-video-preview:-1\" \/>\n<link rel=\"canonical\" href=\"https:\/\/techmasterdemexico.com\/producto\/camara-acustica-ii915\/\" \/>\n<meta property=\"og:locale\" content=\"en_US\" \/>\n<meta property=\"og:type\" content=\"article\" \/>\n<meta property=\"og:title\" content=\"C\u00e1mara ac\u00fastica ii915 - Techmaster de Mexico\" \/>\n<meta property=\"og:description\" content=\"Rendimiento mejorado: Mejora del rendimiento de detecci\u00f3n de fugas de gas, descargas el\u00e9ctricas y problemas mec\u00e1nicos. Modo LeakQ\u2122: Estima el tama\u00f1o y coste de la fuga. PDQ Mode\u2122: Eval\u00faa la severidad de la descarga. Modo MecQ\u2122: Aborde de forma proactiva posibles problemas en componentes mec\u00e1nicos giratorios. Funciones de generaci\u00f3n de informes: Funciones integradas de anotaci\u00f3n [&hellip;]\" \/>\n<meta property=\"og:url\" content=\"https:\/\/techmasterdemexico.com\/producto\/camara-acustica-ii915\/\" \/>\n<meta property=\"og:site_name\" content=\"Techmaster de Mexico\" \/>\n<meta property=\"article:modified_time\" content=\"2025-09-24T17:32:51+00:00\" \/>\n<meta property=\"og:image\" content=\"https:\/\/techmasterdemexico.com\/wp-content\/uploads\/ii915.png\" \/>\n\t<meta property=\"og:image:width\" content=\"1000\" \/>\n\t<meta property=\"og:image:height\" content=\"1000\" \/>\n\t<meta property=\"og:image:type\" content=\"image\/png\" \/>\n<meta name=\"twitter:card\" content=\"summary_large_image\" \/>\n<meta name=\"twitter:label1\" content=\"Est. reading time\" \/>\n\t<meta name=\"twitter:data1\" content=\"1 minute\" \/>\n<script type=\"application\/ld+json\" class=\"yoast-schema-graph\">{\"@context\":\"https:\\\/\\\/schema.org\",\"@graph\":[{\"@type\":\"WebPage\",\"@id\":\"https:\\\/\\\/techmasterdemexico.com\\\/producto\\\/camara-acustica-ii915\\\/\",\"url\":\"https:\\\/\\\/techmasterdemexico.com\\\/producto\\\/camara-acustica-ii915\\\/\",\"name\":\"C\u00e1mara ac\u00fastica ii915 - Techmaster de Mexico\",\"isPartOf\":{\"@id\":\"https:\\\/\\\/techmasterdemexico.com\\\/#website\"},\"primaryImageOfPage\":{\"@id\":\"https:\\\/\\\/techmasterdemexico.com\\\/producto\\\/camara-acustica-ii915\\\/#primaryimage\"},\"image\":{\"@id\":\"https:\\\/\\\/techmasterdemexico.com\\\/producto\\\/camara-acustica-ii915\\\/#primaryimage\"},\"thumbnailUrl\":\"https:\\\/\\\/techmasterdemexico.com\\\/wp-content\\\/uploads\\\/ii915.png\",\"datePublished\":\"2025-01-11T08:05:14+00:00\",\"dateModified\":\"2025-09-24T17:32:51+00:00\",\"breadcrumb\":{\"@id\":\"https:\\\/\\\/techmasterdemexico.com\\\/producto\\\/camara-acustica-ii915\\\/#breadcrumb\"},\"inLanguage\":\"en-US\",\"potentialAction\":[{\"@type\":\"ReadAction\",\"target\":[\"https:\\\/\\\/techmasterdemexico.com\\\/producto\\\/camara-acustica-ii915\\\/\"]}]},{\"@type\":\"ImageObject\",\"inLanguage\":\"en-US\",\"@id\":\"https:\\\/\\\/techmasterdemexico.com\\\/producto\\\/camara-acustica-ii915\\\/#primaryimage\",\"url\":\"https:\\\/\\\/techmasterdemexico.com\\\/wp-content\\\/uploads\\\/ii915.png\",\"contentUrl\":\"https:\\\/\\\/techmasterdemexico.com\\\/wp-content\\\/uploads\\\/ii915.png\",\"width\":1000,\"height\":1000},{\"@type\":\"BreadcrumbList\",\"@id\":\"https:\\\/\\\/techmasterdemexico.com\\\/producto\\\/camara-acustica-ii915\\\/#breadcrumb\",\"itemListElement\":[{\"@type\":\"ListItem\",\"position\":1,\"name\":\"Portada\",\"item\":\"https:\\\/\\\/techmasterdemexico.com\\\/\"},{\"@type\":\"ListItem\",\"position\":2,\"name\":\"C\u00e1mara ac\u00fastica ii915\"}]},{\"@type\":\"WebSite\",\"@id\":\"https:\\\/\\\/techmasterdemexico.com\\\/#website\",\"url\":\"https:\\\/\\\/techmasterdemexico.com\\\/\",\"name\":\"Techmaster de Mexico\",\"description\":\"\",\"potentialAction\":[{\"@type\":\"SearchAction\",\"target\":{\"@type\":\"EntryPoint\",\"urlTemplate\":\"https:\\\/\\\/techmasterdemexico.com\\\/?s={search_term_string}\"},\"query-input\":{\"@type\":\"PropertyValueSpecification\",\"valueRequired\":true,\"valueName\":\"search_term_string\"}}],\"inLanguage\":\"en-US\"}]}<\/script>\n<!-- \/ Yoast SEO plugin. -->","yoast_head_json":{"title":"C\u00e1mara ac\u00fastica ii915 - Techmaster de Mexico","robots":{"index":"index","follow":"follow","max-snippet":"max-snippet:-1","max-image-preview":"max-image-preview:large","max-video-preview":"max-video-preview:-1"},"canonical":"https:\/\/techmasterdemexico.com\/producto\/camara-acustica-ii915\/","og_locale":"en_US","og_type":"article","og_title":"C\u00e1mara ac\u00fastica ii915 - Techmaster de Mexico","og_description":"Rendimiento mejorado: Mejora del rendimiento de detecci\u00f3n de fugas de gas, descargas el\u00e9ctricas y problemas mec\u00e1nicos. Modo LeakQ\u2122: Estima el tama\u00f1o y coste de la fuga. PDQ Mode\u2122: Eval\u00faa la severidad de la descarga. Modo MecQ\u2122: Aborde de forma proactiva posibles problemas en componentes mec\u00e1nicos giratorios. Funciones de generaci\u00f3n de informes: Funciones integradas de anotaci\u00f3n [&hellip;]","og_url":"https:\/\/techmasterdemexico.com\/producto\/camara-acustica-ii915\/","og_site_name":"Techmaster de Mexico","article_modified_time":"2025-09-24T17:32:51+00:00","og_image":[{"width":1000,"height":1000,"url":"https:\/\/techmasterdemexico.com\/wp-content\/uploads\/ii915.png","type":"image\/png"}],"twitter_card":"summary_large_image","twitter_misc":{"Est. reading time":"1 minute"},"schema":{"@context":"https:\/\/schema.org","@graph":[{"@type":"WebPage","@id":"https:\/\/techmasterdemexico.com\/producto\/camara-acustica-ii915\/","url":"https:\/\/techmasterdemexico.com\/producto\/camara-acustica-ii915\/","name":"C\u00e1mara ac\u00fastica ii915 - Techmaster de Mexico","isPartOf":{"@id":"https:\/\/techmasterdemexico.com\/#website"},"primaryImageOfPage":{"@id":"https:\/\/techmasterdemexico.com\/producto\/camara-acustica-ii915\/#primaryimage"},"image":{"@id":"https:\/\/techmasterdemexico.com\/producto\/camara-acustica-ii915\/#primaryimage"},"thumbnailUrl":"https:\/\/techmasterdemexico.com\/wp-content\/uploads\/ii915.png","datePublished":"2025-01-11T08:05:14+00:00","dateModified":"2025-09-24T17:32:51+00:00","breadcrumb":{"@id":"https:\/\/techmasterdemexico.com\/producto\/camara-acustica-ii915\/#breadcrumb"},"inLanguage":"en-US","potentialAction":[{"@type":"ReadAction","target":["https:\/\/techmasterdemexico.com\/producto\/camara-acustica-ii915\/"]}]},{"@type":"ImageObject","inLanguage":"en-US","@id":"https:\/\/techmasterdemexico.com\/producto\/camara-acustica-ii915\/#primaryimage","url":"https:\/\/techmasterdemexico.com\/wp-content\/uploads\/ii915.png","contentUrl":"https:\/\/techmasterdemexico.com\/wp-content\/uploads\/ii915.png","width":1000,"height":1000},{"@type":"BreadcrumbList","@id":"https:\/\/techmasterdemexico.com\/producto\/camara-acustica-ii915\/#breadcrumb","itemListElement":[{"@type":"ListItem","position":1,"name":"Portada","item":"https:\/\/techmasterdemexico.com\/"},{"@type":"ListItem","position":2,"name":"C\u00e1mara ac\u00fastica ii915"}]},{"@type":"WebSite","@id":"https:\/\/techmasterdemexico.com\/#website","url":"https:\/\/techmasterdemexico.com\/","name":"Techmaster de Mexico","description":"","potentialAction":[{"@type":"SearchAction","target":{"@type":"EntryPoint","urlTemplate":"https:\/\/techmasterdemexico.com\/?s={search_term_string}"},"query-input":{"@type":"PropertyValueSpecification","valueRequired":true,"valueName":"search_term_string"}}],"inLanguage":"en-US"}]}},"brands":[{"id":31,"name":"Fluke","slug":"fluke"}],"_links":{"self":[{"href":"https:\/\/techmasterdemexico.com\/en\/wp-json\/wp\/v2\/product\/22213","targetHints":{"allow":["GET"]}}],"collection":[{"href":"https:\/\/techmasterdemexico.com\/en\/wp-json\/wp\/v2\/product"}],"about":[{"href":"https:\/\/techmasterdemexico.com\/en\/wp-json\/wp\/v2\/types\/product"}],"wp:featuredmedia":[{"embeddable":true,"href":"https:\/\/techmasterdemexico.com\/en\/wp-json\/wp\/v2\/media\/22215"}],"wp:attachment":[{"href":"https:\/\/techmasterdemexico.com\/en\/wp-json\/wp\/v2\/media?parent=22213"}],"wp:term":[{"taxonomy":"pwb-brand","embeddable":true,"href":"https:\/\/techmasterdemexico.com\/en\/wp-json\/wp\/v2\/pwb-brand?post=22213"},{"taxonomy":"product_brand","embeddable":true,"href":"https:\/\/techmasterdemexico.com\/en\/wp-json\/wp\/v2\/product_brand?post=22213"},{"taxonomy":"product_cat","embeddable":true,"href":"https:\/\/techmasterdemexico.com\/en\/wp-json\/wp\/v2\/product_cat?post=22213"},{"taxonomy":"product_tag","embeddable":true,"href":"https:\/\/techmasterdemexico.com\/en\/wp-json\/wp\/v2\/product_tag?post=22213"}],"curies":[{"name":"wp","href":"https:\/\/api.w.org\/{rel}","templated":true}]}}