{"id":22050,"date":"2024-10-18T16:56:19","date_gmt":"2024-10-18T23:56:19","guid":{"rendered":"https:\/\/techmasterdemexico.com\/producto\/carga-electronica-de-cc-programable-multicanal-it8702p-four-module\/"},"modified":"2024-10-21T11:46:50","modified_gmt":"2024-10-21T18:46:50","slug":"carga-electronica-de-cc-programable-multicanal-it8702p-four-module","status":"publish","type":"product","link":"https:\/\/techmasterdemexico.com\/en\/producto\/carga-electronica-de-cc-programable-multicanal-it8702p-four-module\/","title":{"rendered":"Carga electr\u00f3nica de CC programable multicanal IT8702P (Four Module)"},"content":{"rendered":"<p>El ITECH IT8702P es un marco modular de carga electr\u00f3nica de CC dise\u00f1ado para aplicaciones avanzadas. A continuaci\u00f3n, se presentan las especificaciones t\u00e9cnicas principales:<br \/>\nEspecificaciones Principales:<\/p>\n<p>Modelo: IT8702P (Marco de cuatro m\u00f3dulos)<br \/>\nN\u00famero de Canales: Hasta 16 canales (8 en el marco b\u00e1sico, ampliable a 16)<br \/>\nFrecuencia de Transici\u00f3n: Hasta 25 kHz<br \/>\nResoluci\u00f3n de Medici\u00f3n: 0.1 mV para voltaje y 0.01 mA para corriente<br \/>\nVelocidad de Medici\u00f3n: Hasta 50 kHz para voltaje y corriente<br \/>\nFunciones de Protecci\u00f3n: OVP (Protecci\u00f3n contra Sobretensi\u00f3n), OCP (Protecci\u00f3n contra Sobrecorriente), OPP (Protecci\u00f3n contra Sobrecarga de Potencia), OTP (Protecci\u00f3n contra Sobretemperatura)<br \/>\nInterfaces de Comunicaci\u00f3n: Ethernet, USB y RS232, compatible con el protocolo SCPI<br \/>\nFunciones Adicionales:<br \/>\nSimulaci\u00f3n de diferentes formas de onda en modo de lista<br \/>\nFunci\u00f3n de prueba autom\u00e1tica<br \/>\nCapacidad de medir corriente de cortocircuito y su voltaje<br \/>\nAjuste de la pendiente de corriente en aumento\/disminuci\u00f3n<br \/>\nFunci\u00f3n de distribuci\u00f3n din\u00e1mica de potencia para canales duales<\/p>\n","protected":false},"excerpt":{"rendered":"<p>El ITECH IT8702P es un marco modular de carga electr\u00f3nica de CC dise\u00f1ado para aplicaciones avanzadas. A continuaci\u00f3n, se presentan las especificaciones t\u00e9cnicas principales: Especificaciones Principales: Modelo: IT8702P (Marco de cuatro m\u00f3dulos) N\u00famero de Canales: Hasta 16 canales (8 en el marco b\u00e1sico, ampliable a 16) Frecuencia de Transici\u00f3n: Hasta 25 kHz Resoluci\u00f3n de Medici\u00f3n: [&hellip;]<\/p>\n","protected":false},"featured_media":22053,"template":"","meta":{"_acf_changed":false},"pwb-brand":[670],"product_brand":[],"product_cat":[669,667,651,668],"product_tag":[],"class_list":{"0":"post-22050","1":"product","2":"type-product","3":"status-publish","4":"has-post-thumbnail","6":"pwb-brand-itech","7":"product_cat-carga-electronica-de-cc-programable","8":"product_cat-cargas-electronica-de-cc-programable-multicanal","9":"product_cat-itech","10":"product_cat-multicanal-cc","12":"first","13":"instock","14":"taxable","15":"shipping-taxable","16":"product-type-simple"},"acf":[],"yoast_head":"<!-- This site is optimized with the Yoast SEO plugin v27.5 - https:\/\/yoast.com\/product\/yoast-seo-wordpress\/ -->\n<title>Carga electr\u00f3nica de CC programable multicanal IT8702P (Four Module) - Techmaster de Mexico<\/title>\n<meta name=\"robots\" content=\"index, follow, max-snippet:-1, max-image-preview:large, max-video-preview:-1\" \/>\n<link rel=\"canonical\" href=\"https:\/\/techmasterdemexico.com\/producto\/carga-electronica-de-cc-programable-multicanal-it8702p-four-module\/\" \/>\n<meta property=\"og:locale\" content=\"en_US\" \/>\n<meta property=\"og:type\" content=\"article\" \/>\n<meta property=\"og:title\" content=\"Carga electr\u00f3nica de CC programable multicanal IT8702P (Four Module) - Techmaster de Mexico\" \/>\n<meta property=\"og:description\" content=\"El ITECH IT8702P es un marco modular de carga electr\u00f3nica de CC dise\u00f1ado para aplicaciones avanzadas. A continuaci\u00f3n, se presentan las especificaciones t\u00e9cnicas principales: Especificaciones Principales: Modelo: IT8702P (Marco de cuatro m\u00f3dulos) N\u00famero de Canales: Hasta 16 canales (8 en el marco b\u00e1sico, ampliable a 16) Frecuencia de Transici\u00f3n: Hasta 25 kHz Resoluci\u00f3n de Medici\u00f3n: [&hellip;]\" \/>\n<meta property=\"og:url\" content=\"https:\/\/techmasterdemexico.com\/producto\/carga-electronica-de-cc-programable-multicanal-it8702p-four-module\/\" \/>\n<meta property=\"og:site_name\" content=\"Techmaster de Mexico\" \/>\n<meta property=\"article:modified_time\" content=\"2024-10-21T18:46:50+00:00\" \/>\n<meta property=\"og:image\" content=\"https:\/\/techmasterdemexico.com\/wp-content\/uploads\/IT8702P.png\" \/>\n\t<meta property=\"og:image:width\" content=\"1000\" \/>\n\t<meta property=\"og:image:height\" content=\"1000\" \/>\n\t<meta property=\"og:image:type\" content=\"image\/png\" \/>\n<meta name=\"twitter:card\" content=\"summary_large_image\" \/>\n<meta name=\"twitter:label1\" content=\"Est. reading time\" \/>\n\t<meta name=\"twitter:data1\" content=\"1 minute\" \/>\n<script type=\"application\/ld+json\" class=\"yoast-schema-graph\">{\"@context\":\"https:\\\/\\\/schema.org\",\"@graph\":[{\"@type\":\"WebPage\",\"@id\":\"https:\\\/\\\/techmasterdemexico.com\\\/producto\\\/carga-electronica-de-cc-programable-multicanal-it8702p-four-module\\\/\",\"url\":\"https:\\\/\\\/techmasterdemexico.com\\\/producto\\\/carga-electronica-de-cc-programable-multicanal-it8702p-four-module\\\/\",\"name\":\"Carga electr\u00f3nica de CC programable multicanal IT8702P (Four Module) - Techmaster de Mexico\",\"isPartOf\":{\"@id\":\"https:\\\/\\\/techmasterdemexico.com\\\/#website\"},\"primaryImageOfPage\":{\"@id\":\"https:\\\/\\\/techmasterdemexico.com\\\/producto\\\/carga-electronica-de-cc-programable-multicanal-it8702p-four-module\\\/#primaryimage\"},\"image\":{\"@id\":\"https:\\\/\\\/techmasterdemexico.com\\\/producto\\\/carga-electronica-de-cc-programable-multicanal-it8702p-four-module\\\/#primaryimage\"},\"thumbnailUrl\":\"https:\\\/\\\/techmasterdemexico.com\\\/wp-content\\\/uploads\\\/IT8702P.png\",\"datePublished\":\"2024-10-18T23:56:19+00:00\",\"dateModified\":\"2024-10-21T18:46:50+00:00\",\"breadcrumb\":{\"@id\":\"https:\\\/\\\/techmasterdemexico.com\\\/producto\\\/carga-electronica-de-cc-programable-multicanal-it8702p-four-module\\\/#breadcrumb\"},\"inLanguage\":\"en-US\",\"potentialAction\":[{\"@type\":\"ReadAction\",\"target\":[\"https:\\\/\\\/techmasterdemexico.com\\\/producto\\\/carga-electronica-de-cc-programable-multicanal-it8702p-four-module\\\/\"]}]},{\"@type\":\"ImageObject\",\"inLanguage\":\"en-US\",\"@id\":\"https:\\\/\\\/techmasterdemexico.com\\\/producto\\\/carga-electronica-de-cc-programable-multicanal-it8702p-four-module\\\/#primaryimage\",\"url\":\"https:\\\/\\\/techmasterdemexico.com\\\/wp-content\\\/uploads\\\/IT8702P.png\",\"contentUrl\":\"https:\\\/\\\/techmasterdemexico.com\\\/wp-content\\\/uploads\\\/IT8702P.png\",\"width\":1000,\"height\":1000},{\"@type\":\"BreadcrumbList\",\"@id\":\"https:\\\/\\\/techmasterdemexico.com\\\/producto\\\/carga-electronica-de-cc-programable-multicanal-it8702p-four-module\\\/#breadcrumb\",\"itemListElement\":[{\"@type\":\"ListItem\",\"position\":1,\"name\":\"Portada\",\"item\":\"https:\\\/\\\/techmasterdemexico.com\\\/\"},{\"@type\":\"ListItem\",\"position\":2,\"name\":\"Carga electr\u00f3nica de CC programable multicanal IT8702P (Four Module)\"}]},{\"@type\":\"WebSite\",\"@id\":\"https:\\\/\\\/techmasterdemexico.com\\\/#website\",\"url\":\"https:\\\/\\\/techmasterdemexico.com\\\/\",\"name\":\"Techmaster de Mexico\",\"description\":\"\",\"potentialAction\":[{\"@type\":\"SearchAction\",\"target\":{\"@type\":\"EntryPoint\",\"urlTemplate\":\"https:\\\/\\\/techmasterdemexico.com\\\/?s={search_term_string}\"},\"query-input\":{\"@type\":\"PropertyValueSpecification\",\"valueRequired\":true,\"valueName\":\"search_term_string\"}}],\"inLanguage\":\"en-US\"}]}<\/script>\n<!-- \/ Yoast SEO plugin. -->","yoast_head_json":{"title":"Carga electr\u00f3nica de CC programable multicanal IT8702P (Four Module) - Techmaster de Mexico","robots":{"index":"index","follow":"follow","max-snippet":"max-snippet:-1","max-image-preview":"max-image-preview:large","max-video-preview":"max-video-preview:-1"},"canonical":"https:\/\/techmasterdemexico.com\/producto\/carga-electronica-de-cc-programable-multicanal-it8702p-four-module\/","og_locale":"en_US","og_type":"article","og_title":"Carga electr\u00f3nica de CC programable multicanal IT8702P (Four Module) - Techmaster de Mexico","og_description":"El ITECH IT8702P es un marco modular de carga electr\u00f3nica de CC dise\u00f1ado para aplicaciones avanzadas. A continuaci\u00f3n, se presentan las especificaciones t\u00e9cnicas principales: Especificaciones Principales: Modelo: IT8702P (Marco de cuatro m\u00f3dulos) N\u00famero de Canales: Hasta 16 canales (8 en el marco b\u00e1sico, ampliable a 16) Frecuencia de Transici\u00f3n: Hasta 25 kHz Resoluci\u00f3n de Medici\u00f3n: [&hellip;]","og_url":"https:\/\/techmasterdemexico.com\/producto\/carga-electronica-de-cc-programable-multicanal-it8702p-four-module\/","og_site_name":"Techmaster de Mexico","article_modified_time":"2024-10-21T18:46:50+00:00","og_image":[{"width":1000,"height":1000,"url":"https:\/\/techmasterdemexico.com\/wp-content\/uploads\/IT8702P.png","type":"image\/png"}],"twitter_card":"summary_large_image","twitter_misc":{"Est. reading time":"1 minute"},"schema":{"@context":"https:\/\/schema.org","@graph":[{"@type":"WebPage","@id":"https:\/\/techmasterdemexico.com\/producto\/carga-electronica-de-cc-programable-multicanal-it8702p-four-module\/","url":"https:\/\/techmasterdemexico.com\/producto\/carga-electronica-de-cc-programable-multicanal-it8702p-four-module\/","name":"Carga electr\u00f3nica de CC programable multicanal IT8702P (Four Module) - Techmaster de Mexico","isPartOf":{"@id":"https:\/\/techmasterdemexico.com\/#website"},"primaryImageOfPage":{"@id":"https:\/\/techmasterdemexico.com\/producto\/carga-electronica-de-cc-programable-multicanal-it8702p-four-module\/#primaryimage"},"image":{"@id":"https:\/\/techmasterdemexico.com\/producto\/carga-electronica-de-cc-programable-multicanal-it8702p-four-module\/#primaryimage"},"thumbnailUrl":"https:\/\/techmasterdemexico.com\/wp-content\/uploads\/IT8702P.png","datePublished":"2024-10-18T23:56:19+00:00","dateModified":"2024-10-21T18:46:50+00:00","breadcrumb":{"@id":"https:\/\/techmasterdemexico.com\/producto\/carga-electronica-de-cc-programable-multicanal-it8702p-four-module\/#breadcrumb"},"inLanguage":"en-US","potentialAction":[{"@type":"ReadAction","target":["https:\/\/techmasterdemexico.com\/producto\/carga-electronica-de-cc-programable-multicanal-it8702p-four-module\/"]}]},{"@type":"ImageObject","inLanguage":"en-US","@id":"https:\/\/techmasterdemexico.com\/producto\/carga-electronica-de-cc-programable-multicanal-it8702p-four-module\/#primaryimage","url":"https:\/\/techmasterdemexico.com\/wp-content\/uploads\/IT8702P.png","contentUrl":"https:\/\/techmasterdemexico.com\/wp-content\/uploads\/IT8702P.png","width":1000,"height":1000},{"@type":"BreadcrumbList","@id":"https:\/\/techmasterdemexico.com\/producto\/carga-electronica-de-cc-programable-multicanal-it8702p-four-module\/#breadcrumb","itemListElement":[{"@type":"ListItem","position":1,"name":"Portada","item":"https:\/\/techmasterdemexico.com\/"},{"@type":"ListItem","position":2,"name":"Carga electr\u00f3nica de CC programable multicanal IT8702P (Four Module)"}]},{"@type":"WebSite","@id":"https:\/\/techmasterdemexico.com\/#website","url":"https:\/\/techmasterdemexico.com\/","name":"Techmaster de Mexico","description":"","potentialAction":[{"@type":"SearchAction","target":{"@type":"EntryPoint","urlTemplate":"https:\/\/techmasterdemexico.com\/?s={search_term_string}"},"query-input":{"@type":"PropertyValueSpecification","valueRequired":true,"valueName":"search_term_string"}}],"inLanguage":"en-US"}]}},"brands":[{"id":670,"name":"ITECH","slug":"itech"}],"_links":{"self":[{"href":"https:\/\/techmasterdemexico.com\/en\/wp-json\/wp\/v2\/product\/22050","targetHints":{"allow":["GET"]}}],"collection":[{"href":"https:\/\/techmasterdemexico.com\/en\/wp-json\/wp\/v2\/product"}],"about":[{"href":"https:\/\/techmasterdemexico.com\/en\/wp-json\/wp\/v2\/types\/product"}],"wp:featuredmedia":[{"embeddable":true,"href":"https:\/\/techmasterdemexico.com\/en\/wp-json\/wp\/v2\/media\/22053"}],"wp:attachment":[{"href":"https:\/\/techmasterdemexico.com\/en\/wp-json\/wp\/v2\/media?parent=22050"}],"wp:term":[{"taxonomy":"pwb-brand","embeddable":true,"href":"https:\/\/techmasterdemexico.com\/en\/wp-json\/wp\/v2\/pwb-brand?post=22050"},{"taxonomy":"product_brand","embeddable":true,"href":"https:\/\/techmasterdemexico.com\/en\/wp-json\/wp\/v2\/product_brand?post=22050"},{"taxonomy":"product_cat","embeddable":true,"href":"https:\/\/techmasterdemexico.com\/en\/wp-json\/wp\/v2\/product_cat?post=22050"},{"taxonomy":"product_tag","embeddable":true,"href":"https:\/\/techmasterdemexico.com\/en\/wp-json\/wp\/v2\/product_tag?post=22050"}],"curies":[{"name":"wp","href":"https:\/\/api.w.org\/{rel}","templated":true}]}}