{"id":22042,"date":"2024-10-18T16:56:17","date_gmt":"2024-10-18T23:56:17","guid":{"rendered":"https:\/\/techmasterdemexico.com\/producto\/carga-electronica-de-ca-programable-lineal-it8617\/"},"modified":"2024-10-21T12:35:07","modified_gmt":"2024-10-21T19:35:07","slug":"carga-electronica-de-ca-programable-lineal-it8617","status":"publish","type":"product","link":"https:\/\/techmasterdemexico.com\/en\/producto\/carga-electronica-de-ca-programable-lineal-it8617\/","title":{"rendered":"Carga electr\u00f3nica de CA programable Lineal IT8617"},"content":{"rendered":"<p>Especificaciones principales:<\/p>\n<p>Voltaje de entrada: 50 &#8211; 420 Vrms (600 V pico)<br \/>\nCorriente m\u00e1xima: 0 &#8211; 60 Arms (120 A pico)<br \/>\nPotencia m\u00e1xima: 5.4 kVA (extensible hasta 16.2 kVA en paralelo)<br \/>\nRango de frecuencia: 45 &#8211; 450 Hz<\/p>\n<p>Modos de operaci\u00f3n:<\/p>\n<p>AC: Corriente constante (CC), resistencia constante (CR), potencia constante (CP)<br \/>\nDC: Operaci\u00f3n en corriente constante (CC) con opciones adicionales de CR y CP<\/p>\n<p>Funciones adicionales:<\/p>\n<p>Osciloscopio integrado: Visualizaci\u00f3n en tiempo real de formas de onda de voltaje y corriente<br \/>\nAn\u00e1lisis de arm\u00f3nicos: Hasta el 50\u00ba arm\u00f3nico<br \/>\nFactor de cresta ajustable: 1.414 &#8211; 5.0<br \/>\nMedici\u00f3n del factor de potencia (PF): 0 a 1, en adelanto o retraso<\/p>\n<p>Protecci\u00f3n y seguridad:<\/p>\n<p>Protecciones integradas:<br \/>\nOVP (sobre voltaje)<br \/>\nOCP (sobre corriente)<br \/>\nUVP (bajo voltaje)<br \/>\nOTP (sobre temperatura)<\/p>\n<p>Interfaces de comunicaci\u00f3n:<\/p>\n<p>Interfaz: LAN, GPIB, USB<br \/>\nAlmacenamiento externo: Soporte para memoria USB<\/p>\n<p>Pantalla:<\/p>\n<p>Pantalla LCD: 7 pulgadas, para configuraci\u00f3n y monitorizaci\u00f3n detallada<\/p>\n<p>Dimensiones y peso:<\/p>\n<p>Dimensiones: No especificado en las fuentes consultadas<br \/>\nPeso: No especificado<\/p>\n<p>Este equipo es especialmente adecuado para probar fuentes de energ\u00eda cr\u00edticas como inversores y UPS, permitiendo realizar pruebas complejas y precisas con un control detallado sobre cada par\u00e1metro el\u00e9ctrico.<\/p>\n","protected":false},"excerpt":{"rendered":"<p>Especificaciones principales: Voltaje de entrada: 50 &#8211; 420 Vrms (600 V pico) Corriente m\u00e1xima: 0 &#8211; 60 Arms (120 A pico) Potencia m\u00e1xima: 5.4 kVA (extensible hasta 16.2 kVA en paralelo) Rango de frecuencia: 45 &#8211; 450 Hz Modos de operaci\u00f3n: AC: Corriente constante (CC), resistencia constante (CR), potencia constante (CP) DC: Operaci\u00f3n en corriente [&hellip;]<\/p>\n","protected":false},"featured_media":22088,"template":"","meta":{"_acf_changed":false},"pwb-brand":[670],"product_brand":[],"product_cat":[658,660,651,659],"product_tag":[],"class_list":{"0":"post-22042","1":"product","2":"type-product","3":"status-publish","4":"has-post-thumbnail","6":"pwb-brand-itech","7":"product_cat-carga-electronica-de-ca-programable","8":"product_cat-carga-electronica-de-ca-programable-lineal","9":"product_cat-itech","10":"product_cat-lineales-de-cc-carga-electronica-de-ca-programable","12":"first","13":"instock","14":"taxable","15":"shipping-taxable","16":"product-type-simple"},"acf":[],"yoast_head":"<!-- This site is optimized with the Yoast SEO plugin v27.4 - https:\/\/yoast.com\/product\/yoast-seo-wordpress\/ -->\n<title>Carga electr\u00f3nica de CA programable Lineal IT8617 - Techmaster de Mexico<\/title>\n<meta name=\"robots\" content=\"index, follow, max-snippet:-1, max-image-preview:large, max-video-preview:-1\" \/>\n<link rel=\"canonical\" href=\"https:\/\/techmasterdemexico.com\/producto\/carga-electronica-de-ca-programable-lineal-it8617\/\" \/>\n<meta property=\"og:locale\" content=\"en_US\" \/>\n<meta property=\"og:type\" content=\"article\" \/>\n<meta property=\"og:title\" content=\"Carga electr\u00f3nica de CA programable Lineal IT8617 - Techmaster de Mexico\" \/>\n<meta property=\"og:description\" content=\"Especificaciones principales: Voltaje de entrada: 50 &#8211; 420 Vrms (600 V pico) Corriente m\u00e1xima: 0 &#8211; 60 Arms (120 A pico) Potencia m\u00e1xima: 5.4 kVA (extensible hasta 16.2 kVA en paralelo) Rango de frecuencia: 45 &#8211; 450 Hz Modos de operaci\u00f3n: AC: Corriente constante (CC), resistencia constante (CR), potencia constante (CP) DC: Operaci\u00f3n en corriente [&hellip;]\" \/>\n<meta property=\"og:url\" content=\"https:\/\/techmasterdemexico.com\/producto\/carga-electronica-de-ca-programable-lineal-it8617\/\" \/>\n<meta property=\"og:site_name\" content=\"Techmaster de Mexico\" \/>\n<meta property=\"article:modified_time\" content=\"2024-10-21T19:35:07+00:00\" \/>\n<meta property=\"og:image\" content=\"https:\/\/techmasterdemexico.com\/wp-content\/uploads\/IT8617-1.png\" \/>\n\t<meta property=\"og:image:width\" content=\"1000\" \/>\n\t<meta property=\"og:image:height\" content=\"1000\" \/>\n\t<meta property=\"og:image:type\" content=\"image\/png\" \/>\n<meta name=\"twitter:card\" content=\"summary_large_image\" \/>\n<meta name=\"twitter:label1\" content=\"Est. reading time\" \/>\n\t<meta name=\"twitter:data1\" content=\"2 minutes\" \/>\n<script type=\"application\/ld+json\" class=\"yoast-schema-graph\">{\"@context\":\"https:\\\/\\\/schema.org\",\"@graph\":[{\"@type\":\"WebPage\",\"@id\":\"https:\\\/\\\/techmasterdemexico.com\\\/producto\\\/carga-electronica-de-ca-programable-lineal-it8617\\\/\",\"url\":\"https:\\\/\\\/techmasterdemexico.com\\\/producto\\\/carga-electronica-de-ca-programable-lineal-it8617\\\/\",\"name\":\"Carga electr\u00f3nica de CA programable Lineal IT8617 - Techmaster de Mexico\",\"isPartOf\":{\"@id\":\"https:\\\/\\\/techmasterdemexico.com\\\/#website\"},\"primaryImageOfPage\":{\"@id\":\"https:\\\/\\\/techmasterdemexico.com\\\/producto\\\/carga-electronica-de-ca-programable-lineal-it8617\\\/#primaryimage\"},\"image\":{\"@id\":\"https:\\\/\\\/techmasterdemexico.com\\\/producto\\\/carga-electronica-de-ca-programable-lineal-it8617\\\/#primaryimage\"},\"thumbnailUrl\":\"https:\\\/\\\/techmasterdemexico.com\\\/wp-content\\\/uploads\\\/IT8617-1.png\",\"datePublished\":\"2024-10-18T23:56:17+00:00\",\"dateModified\":\"2024-10-21T19:35:07+00:00\",\"breadcrumb\":{\"@id\":\"https:\\\/\\\/techmasterdemexico.com\\\/producto\\\/carga-electronica-de-ca-programable-lineal-it8617\\\/#breadcrumb\"},\"inLanguage\":\"en-US\",\"potentialAction\":[{\"@type\":\"ReadAction\",\"target\":[\"https:\\\/\\\/techmasterdemexico.com\\\/producto\\\/carga-electronica-de-ca-programable-lineal-it8617\\\/\"]}]},{\"@type\":\"ImageObject\",\"inLanguage\":\"en-US\",\"@id\":\"https:\\\/\\\/techmasterdemexico.com\\\/producto\\\/carga-electronica-de-ca-programable-lineal-it8617\\\/#primaryimage\",\"url\":\"https:\\\/\\\/techmasterdemexico.com\\\/wp-content\\\/uploads\\\/IT8617-1.png\",\"contentUrl\":\"https:\\\/\\\/techmasterdemexico.com\\\/wp-content\\\/uploads\\\/IT8617-1.png\",\"width\":1000,\"height\":1000},{\"@type\":\"BreadcrumbList\",\"@id\":\"https:\\\/\\\/techmasterdemexico.com\\\/producto\\\/carga-electronica-de-ca-programable-lineal-it8617\\\/#breadcrumb\",\"itemListElement\":[{\"@type\":\"ListItem\",\"position\":1,\"name\":\"Portada\",\"item\":\"https:\\\/\\\/techmasterdemexico.com\\\/\"},{\"@type\":\"ListItem\",\"position\":2,\"name\":\"Carga electr\u00f3nica de CA programable Lineal IT8617\"}]},{\"@type\":\"WebSite\",\"@id\":\"https:\\\/\\\/techmasterdemexico.com\\\/#website\",\"url\":\"https:\\\/\\\/techmasterdemexico.com\\\/\",\"name\":\"Techmaster de Mexico\",\"description\":\"\",\"potentialAction\":[{\"@type\":\"SearchAction\",\"target\":{\"@type\":\"EntryPoint\",\"urlTemplate\":\"https:\\\/\\\/techmasterdemexico.com\\\/?s={search_term_string}\"},\"query-input\":{\"@type\":\"PropertyValueSpecification\",\"valueRequired\":true,\"valueName\":\"search_term_string\"}}],\"inLanguage\":\"en-US\"}]}<\/script>\n<!-- \/ Yoast SEO plugin. -->","yoast_head_json":{"title":"Carga electr\u00f3nica de CA programable Lineal IT8617 - Techmaster de Mexico","robots":{"index":"index","follow":"follow","max-snippet":"max-snippet:-1","max-image-preview":"max-image-preview:large","max-video-preview":"max-video-preview:-1"},"canonical":"https:\/\/techmasterdemexico.com\/producto\/carga-electronica-de-ca-programable-lineal-it8617\/","og_locale":"en_US","og_type":"article","og_title":"Carga electr\u00f3nica de CA programable Lineal IT8617 - Techmaster de Mexico","og_description":"Especificaciones principales: Voltaje de entrada: 50 &#8211; 420 Vrms (600 V pico) Corriente m\u00e1xima: 0 &#8211; 60 Arms (120 A pico) Potencia m\u00e1xima: 5.4 kVA (extensible hasta 16.2 kVA en paralelo) Rango de frecuencia: 45 &#8211; 450 Hz Modos de operaci\u00f3n: AC: Corriente constante (CC), resistencia constante (CR), potencia constante (CP) DC: Operaci\u00f3n en corriente [&hellip;]","og_url":"https:\/\/techmasterdemexico.com\/producto\/carga-electronica-de-ca-programable-lineal-it8617\/","og_site_name":"Techmaster de Mexico","article_modified_time":"2024-10-21T19:35:07+00:00","og_image":[{"width":1000,"height":1000,"url":"https:\/\/techmasterdemexico.com\/wp-content\/uploads\/IT8617-1.png","type":"image\/png"}],"twitter_card":"summary_large_image","twitter_misc":{"Est. reading time":"2 minutes"},"schema":{"@context":"https:\/\/schema.org","@graph":[{"@type":"WebPage","@id":"https:\/\/techmasterdemexico.com\/producto\/carga-electronica-de-ca-programable-lineal-it8617\/","url":"https:\/\/techmasterdemexico.com\/producto\/carga-electronica-de-ca-programable-lineal-it8617\/","name":"Carga electr\u00f3nica de CA programable Lineal IT8617 - Techmaster de Mexico","isPartOf":{"@id":"https:\/\/techmasterdemexico.com\/#website"},"primaryImageOfPage":{"@id":"https:\/\/techmasterdemexico.com\/producto\/carga-electronica-de-ca-programable-lineal-it8617\/#primaryimage"},"image":{"@id":"https:\/\/techmasterdemexico.com\/producto\/carga-electronica-de-ca-programable-lineal-it8617\/#primaryimage"},"thumbnailUrl":"https:\/\/techmasterdemexico.com\/wp-content\/uploads\/IT8617-1.png","datePublished":"2024-10-18T23:56:17+00:00","dateModified":"2024-10-21T19:35:07+00:00","breadcrumb":{"@id":"https:\/\/techmasterdemexico.com\/producto\/carga-electronica-de-ca-programable-lineal-it8617\/#breadcrumb"},"inLanguage":"en-US","potentialAction":[{"@type":"ReadAction","target":["https:\/\/techmasterdemexico.com\/producto\/carga-electronica-de-ca-programable-lineal-it8617\/"]}]},{"@type":"ImageObject","inLanguage":"en-US","@id":"https:\/\/techmasterdemexico.com\/producto\/carga-electronica-de-ca-programable-lineal-it8617\/#primaryimage","url":"https:\/\/techmasterdemexico.com\/wp-content\/uploads\/IT8617-1.png","contentUrl":"https:\/\/techmasterdemexico.com\/wp-content\/uploads\/IT8617-1.png","width":1000,"height":1000},{"@type":"BreadcrumbList","@id":"https:\/\/techmasterdemexico.com\/producto\/carga-electronica-de-ca-programable-lineal-it8617\/#breadcrumb","itemListElement":[{"@type":"ListItem","position":1,"name":"Portada","item":"https:\/\/techmasterdemexico.com\/"},{"@type":"ListItem","position":2,"name":"Carga electr\u00f3nica de CA programable Lineal IT8617"}]},{"@type":"WebSite","@id":"https:\/\/techmasterdemexico.com\/#website","url":"https:\/\/techmasterdemexico.com\/","name":"Techmaster de Mexico","description":"","potentialAction":[{"@type":"SearchAction","target":{"@type":"EntryPoint","urlTemplate":"https:\/\/techmasterdemexico.com\/?s={search_term_string}"},"query-input":{"@type":"PropertyValueSpecification","valueRequired":true,"valueName":"search_term_string"}}],"inLanguage":"en-US"}]}},"brands":[{"id":670,"name":"ITECH","slug":"itech"}],"_links":{"self":[{"href":"https:\/\/techmasterdemexico.com\/en\/wp-json\/wp\/v2\/product\/22042","targetHints":{"allow":["GET"]}}],"collection":[{"href":"https:\/\/techmasterdemexico.com\/en\/wp-json\/wp\/v2\/product"}],"about":[{"href":"https:\/\/techmasterdemexico.com\/en\/wp-json\/wp\/v2\/types\/product"}],"wp:featuredmedia":[{"embeddable":true,"href":"https:\/\/techmasterdemexico.com\/en\/wp-json\/wp\/v2\/media\/22088"}],"wp:attachment":[{"href":"https:\/\/techmasterdemexico.com\/en\/wp-json\/wp\/v2\/media?parent=22042"}],"wp:term":[{"taxonomy":"pwb-brand","embeddable":true,"href":"https:\/\/techmasterdemexico.com\/en\/wp-json\/wp\/v2\/pwb-brand?post=22042"},{"taxonomy":"product_brand","embeddable":true,"href":"https:\/\/techmasterdemexico.com\/en\/wp-json\/wp\/v2\/product_brand?post=22042"},{"taxonomy":"product_cat","embeddable":true,"href":"https:\/\/techmasterdemexico.com\/en\/wp-json\/wp\/v2\/product_cat?post=22042"},{"taxonomy":"product_tag","embeddable":true,"href":"https:\/\/techmasterdemexico.com\/en\/wp-json\/wp\/v2\/product_tag?post=22042"}],"curies":[{"name":"wp","href":"https:\/\/api.w.org\/{rel}","templated":true}]}}