{"id":22041,"date":"2024-10-18T16:56:17","date_gmt":"2024-10-18T23:56:17","guid":{"rendered":"https:\/\/techmasterdemexico.com\/producto\/carga-electronica-de-ca-programable-lineal-it8616\/"},"modified":"2024-10-21T12:16:37","modified_gmt":"2024-10-21T19:16:37","slug":"carga-electronica-de-ca-programable-lineal-it8616","status":"publish","type":"product","link":"https:\/\/techmasterdemexico.com\/en\/producto\/carga-electronica-de-ca-programable-lineal-it8616\/","title":{"rendered":"Carga electr\u00f3nica de CA programable Lineal IT8616"},"content":{"rendered":"<p>Potencia m\u00e1xima:<br \/>\nAC: 3600 W<br \/>\nDC: 1800 W<\/p>\n<p>Rango de voltaje:<br \/>\nAC: 50-420 Vrms (600 V pico)<br \/>\nDC: 10-600 V<\/p>\n<p>Corriente:<br \/>\nAC: 0.1-40 Arms (120 A pico)<br \/>\nDC: 0.1-60 A<\/p>\n<p>Frecuencia: 45-450 Hz<\/p>\n<p>Modos de operaci\u00f3n: Corriente constante (CC), resistencia constante (CR), potencia constante (CP), voltaje constante (solo DC)<\/p>\n<p>An\u00e1lisis de arm\u00f3nicos: Hasta el 50\u00ba orden<\/p>\n<p>Factor de cresta ajustable: 1.414-5.0<\/p>\n<p>Factor de potencia ajustable: De 0 a 1 (en adelanto o retraso)<\/p>\n<p>Interfaces: LAN, RS-232, USB<\/p>\n<p>Funciones adicionales: Osciloscopio integrado, an\u00e1lisis del factor de potencia, y capacidad de acoplamiento en paralelo o en sistemas trif\u00e1sicos.<\/p>\n<p>Control de ventiladores: Inteligente, para minimizar el ruido ac\u00fastico.<\/p>\n<p>El IT8616 es una herramienta muy vers\u00e1til para pruebas de UPS, inversores y fuentes de alimentaci\u00f3n, con capacidad de medici\u00f3n detallada de valores transitorios y comportamiento arm\u00f3nico.<\/p>\n","protected":false},"excerpt":{"rendered":"<p>Potencia m\u00e1xima: AC: 3600 W DC: 1800 W Rango de voltaje: AC: 50-420 Vrms (600 V pico) DC: 10-600 V Corriente: AC: 0.1-40 Arms (120 A pico) DC: 0.1-60 A Frecuencia: 45-450 Hz Modos de operaci\u00f3n: Corriente constante (CC), resistencia constante (CR), potencia constante (CP), voltaje constante (solo DC) An\u00e1lisis de arm\u00f3nicos: Hasta el 50\u00ba [&hellip;]<\/p>\n","protected":false},"featured_media":22085,"template":"","meta":{"_acf_changed":false},"pwb-brand":[670],"product_brand":[],"product_cat":[658,660,651,659],"product_tag":[],"class_list":{"0":"post-22041","1":"product","2":"type-product","3":"status-publish","4":"has-post-thumbnail","6":"pwb-brand-itech","7":"product_cat-carga-electronica-de-ca-programable","8":"product_cat-carga-electronica-de-ca-programable-lineal","9":"product_cat-itech","10":"product_cat-lineales-de-cc-carga-electronica-de-ca-programable","12":"first","13":"instock","14":"taxable","15":"shipping-taxable","16":"product-type-simple"},"acf":[],"yoast_head":"<!-- This site is optimized with the Yoast SEO plugin v27.4 - https:\/\/yoast.com\/product\/yoast-seo-wordpress\/ -->\n<title>Carga electr\u00f3nica de CA programable Lineal IT8616 - Techmaster de Mexico<\/title>\n<meta name=\"robots\" content=\"index, follow, max-snippet:-1, max-image-preview:large, max-video-preview:-1\" \/>\n<link rel=\"canonical\" href=\"https:\/\/techmasterdemexico.com\/producto\/carga-electronica-de-ca-programable-lineal-it8616\/\" \/>\n<meta property=\"og:locale\" content=\"en_US\" \/>\n<meta property=\"og:type\" content=\"article\" \/>\n<meta property=\"og:title\" content=\"Carga electr\u00f3nica de CA programable Lineal IT8616 - Techmaster de Mexico\" \/>\n<meta property=\"og:description\" content=\"Potencia m\u00e1xima: AC: 3600 W DC: 1800 W Rango de voltaje: AC: 50-420 Vrms (600 V pico) DC: 10-600 V Corriente: AC: 0.1-40 Arms (120 A pico) DC: 0.1-60 A Frecuencia: 45-450 Hz Modos de operaci\u00f3n: Corriente constante (CC), resistencia constante (CR), potencia constante (CP), voltaje constante (solo DC) An\u00e1lisis de arm\u00f3nicos: Hasta el 50\u00ba [&hellip;]\" \/>\n<meta property=\"og:url\" content=\"https:\/\/techmasterdemexico.com\/producto\/carga-electronica-de-ca-programable-lineal-it8616\/\" \/>\n<meta property=\"og:site_name\" content=\"Techmaster de Mexico\" \/>\n<meta property=\"article:modified_time\" content=\"2024-10-21T19:16:37+00:00\" \/>\n<meta property=\"og:image\" content=\"https:\/\/techmasterdemexico.com\/wp-content\/uploads\/IT8616-1.png\" \/>\n\t<meta property=\"og:image:width\" content=\"1000\" \/>\n\t<meta property=\"og:image:height\" content=\"1000\" \/>\n\t<meta property=\"og:image:type\" content=\"image\/png\" \/>\n<meta name=\"twitter:card\" content=\"summary_large_image\" \/>\n<meta name=\"twitter:label1\" content=\"Est. reading time\" \/>\n\t<meta name=\"twitter:data1\" content=\"1 minute\" \/>\n<script type=\"application\/ld+json\" class=\"yoast-schema-graph\">{\"@context\":\"https:\\\/\\\/schema.org\",\"@graph\":[{\"@type\":\"WebPage\",\"@id\":\"https:\\\/\\\/techmasterdemexico.com\\\/producto\\\/carga-electronica-de-ca-programable-lineal-it8616\\\/\",\"url\":\"https:\\\/\\\/techmasterdemexico.com\\\/producto\\\/carga-electronica-de-ca-programable-lineal-it8616\\\/\",\"name\":\"Carga electr\u00f3nica de CA programable Lineal IT8616 - Techmaster de Mexico\",\"isPartOf\":{\"@id\":\"https:\\\/\\\/techmasterdemexico.com\\\/#website\"},\"primaryImageOfPage\":{\"@id\":\"https:\\\/\\\/techmasterdemexico.com\\\/producto\\\/carga-electronica-de-ca-programable-lineal-it8616\\\/#primaryimage\"},\"image\":{\"@id\":\"https:\\\/\\\/techmasterdemexico.com\\\/producto\\\/carga-electronica-de-ca-programable-lineal-it8616\\\/#primaryimage\"},\"thumbnailUrl\":\"https:\\\/\\\/techmasterdemexico.com\\\/wp-content\\\/uploads\\\/IT8616-1.png\",\"datePublished\":\"2024-10-18T23:56:17+00:00\",\"dateModified\":\"2024-10-21T19:16:37+00:00\",\"breadcrumb\":{\"@id\":\"https:\\\/\\\/techmasterdemexico.com\\\/producto\\\/carga-electronica-de-ca-programable-lineal-it8616\\\/#breadcrumb\"},\"inLanguage\":\"en-US\",\"potentialAction\":[{\"@type\":\"ReadAction\",\"target\":[\"https:\\\/\\\/techmasterdemexico.com\\\/producto\\\/carga-electronica-de-ca-programable-lineal-it8616\\\/\"]}]},{\"@type\":\"ImageObject\",\"inLanguage\":\"en-US\",\"@id\":\"https:\\\/\\\/techmasterdemexico.com\\\/producto\\\/carga-electronica-de-ca-programable-lineal-it8616\\\/#primaryimage\",\"url\":\"https:\\\/\\\/techmasterdemexico.com\\\/wp-content\\\/uploads\\\/IT8616-1.png\",\"contentUrl\":\"https:\\\/\\\/techmasterdemexico.com\\\/wp-content\\\/uploads\\\/IT8616-1.png\",\"width\":1000,\"height\":1000},{\"@type\":\"BreadcrumbList\",\"@id\":\"https:\\\/\\\/techmasterdemexico.com\\\/producto\\\/carga-electronica-de-ca-programable-lineal-it8616\\\/#breadcrumb\",\"itemListElement\":[{\"@type\":\"ListItem\",\"position\":1,\"name\":\"Portada\",\"item\":\"https:\\\/\\\/techmasterdemexico.com\\\/\"},{\"@type\":\"ListItem\",\"position\":2,\"name\":\"Carga electr\u00f3nica de CA programable Lineal IT8616\"}]},{\"@type\":\"WebSite\",\"@id\":\"https:\\\/\\\/techmasterdemexico.com\\\/#website\",\"url\":\"https:\\\/\\\/techmasterdemexico.com\\\/\",\"name\":\"Techmaster de Mexico\",\"description\":\"\",\"potentialAction\":[{\"@type\":\"SearchAction\",\"target\":{\"@type\":\"EntryPoint\",\"urlTemplate\":\"https:\\\/\\\/techmasterdemexico.com\\\/?s={search_term_string}\"},\"query-input\":{\"@type\":\"PropertyValueSpecification\",\"valueRequired\":true,\"valueName\":\"search_term_string\"}}],\"inLanguage\":\"en-US\"}]}<\/script>\n<!-- \/ Yoast SEO plugin. -->","yoast_head_json":{"title":"Carga electr\u00f3nica de CA programable Lineal IT8616 - Techmaster de Mexico","robots":{"index":"index","follow":"follow","max-snippet":"max-snippet:-1","max-image-preview":"max-image-preview:large","max-video-preview":"max-video-preview:-1"},"canonical":"https:\/\/techmasterdemexico.com\/producto\/carga-electronica-de-ca-programable-lineal-it8616\/","og_locale":"en_US","og_type":"article","og_title":"Carga electr\u00f3nica de CA programable Lineal IT8616 - Techmaster de Mexico","og_description":"Potencia m\u00e1xima: AC: 3600 W DC: 1800 W Rango de voltaje: AC: 50-420 Vrms (600 V pico) DC: 10-600 V Corriente: AC: 0.1-40 Arms (120 A pico) DC: 0.1-60 A Frecuencia: 45-450 Hz Modos de operaci\u00f3n: Corriente constante (CC), resistencia constante (CR), potencia constante (CP), voltaje constante (solo DC) An\u00e1lisis de arm\u00f3nicos: Hasta el 50\u00ba [&hellip;]","og_url":"https:\/\/techmasterdemexico.com\/producto\/carga-electronica-de-ca-programable-lineal-it8616\/","og_site_name":"Techmaster de Mexico","article_modified_time":"2024-10-21T19:16:37+00:00","og_image":[{"width":1000,"height":1000,"url":"https:\/\/techmasterdemexico.com\/wp-content\/uploads\/IT8616-1.png","type":"image\/png"}],"twitter_card":"summary_large_image","twitter_misc":{"Est. reading time":"1 minute"},"schema":{"@context":"https:\/\/schema.org","@graph":[{"@type":"WebPage","@id":"https:\/\/techmasterdemexico.com\/producto\/carga-electronica-de-ca-programable-lineal-it8616\/","url":"https:\/\/techmasterdemexico.com\/producto\/carga-electronica-de-ca-programable-lineal-it8616\/","name":"Carga electr\u00f3nica de CA programable Lineal IT8616 - Techmaster de Mexico","isPartOf":{"@id":"https:\/\/techmasterdemexico.com\/#website"},"primaryImageOfPage":{"@id":"https:\/\/techmasterdemexico.com\/producto\/carga-electronica-de-ca-programable-lineal-it8616\/#primaryimage"},"image":{"@id":"https:\/\/techmasterdemexico.com\/producto\/carga-electronica-de-ca-programable-lineal-it8616\/#primaryimage"},"thumbnailUrl":"https:\/\/techmasterdemexico.com\/wp-content\/uploads\/IT8616-1.png","datePublished":"2024-10-18T23:56:17+00:00","dateModified":"2024-10-21T19:16:37+00:00","breadcrumb":{"@id":"https:\/\/techmasterdemexico.com\/producto\/carga-electronica-de-ca-programable-lineal-it8616\/#breadcrumb"},"inLanguage":"en-US","potentialAction":[{"@type":"ReadAction","target":["https:\/\/techmasterdemexico.com\/producto\/carga-electronica-de-ca-programable-lineal-it8616\/"]}]},{"@type":"ImageObject","inLanguage":"en-US","@id":"https:\/\/techmasterdemexico.com\/producto\/carga-electronica-de-ca-programable-lineal-it8616\/#primaryimage","url":"https:\/\/techmasterdemexico.com\/wp-content\/uploads\/IT8616-1.png","contentUrl":"https:\/\/techmasterdemexico.com\/wp-content\/uploads\/IT8616-1.png","width":1000,"height":1000},{"@type":"BreadcrumbList","@id":"https:\/\/techmasterdemexico.com\/producto\/carga-electronica-de-ca-programable-lineal-it8616\/#breadcrumb","itemListElement":[{"@type":"ListItem","position":1,"name":"Portada","item":"https:\/\/techmasterdemexico.com\/"},{"@type":"ListItem","position":2,"name":"Carga electr\u00f3nica de CA programable Lineal IT8616"}]},{"@type":"WebSite","@id":"https:\/\/techmasterdemexico.com\/#website","url":"https:\/\/techmasterdemexico.com\/","name":"Techmaster de Mexico","description":"","potentialAction":[{"@type":"SearchAction","target":{"@type":"EntryPoint","urlTemplate":"https:\/\/techmasterdemexico.com\/?s={search_term_string}"},"query-input":{"@type":"PropertyValueSpecification","valueRequired":true,"valueName":"search_term_string"}}],"inLanguage":"en-US"}]}},"brands":[{"id":670,"name":"ITECH","slug":"itech"}],"_links":{"self":[{"href":"https:\/\/techmasterdemexico.com\/en\/wp-json\/wp\/v2\/product\/22041","targetHints":{"allow":["GET"]}}],"collection":[{"href":"https:\/\/techmasterdemexico.com\/en\/wp-json\/wp\/v2\/product"}],"about":[{"href":"https:\/\/techmasterdemexico.com\/en\/wp-json\/wp\/v2\/types\/product"}],"wp:featuredmedia":[{"embeddable":true,"href":"https:\/\/techmasterdemexico.com\/en\/wp-json\/wp\/v2\/media\/22085"}],"wp:attachment":[{"href":"https:\/\/techmasterdemexico.com\/en\/wp-json\/wp\/v2\/media?parent=22041"}],"wp:term":[{"taxonomy":"pwb-brand","embeddable":true,"href":"https:\/\/techmasterdemexico.com\/en\/wp-json\/wp\/v2\/pwb-brand?post=22041"},{"taxonomy":"product_brand","embeddable":true,"href":"https:\/\/techmasterdemexico.com\/en\/wp-json\/wp\/v2\/product_brand?post=22041"},{"taxonomy":"product_cat","embeddable":true,"href":"https:\/\/techmasterdemexico.com\/en\/wp-json\/wp\/v2\/product_cat?post=22041"},{"taxonomy":"product_tag","embeddable":true,"href":"https:\/\/techmasterdemexico.com\/en\/wp-json\/wp\/v2\/product_tag?post=22041"}],"curies":[{"name":"wp","href":"https:\/\/api.w.org\/{rel}","templated":true}]}}