{"id":22040,"date":"2024-10-18T16:56:17","date_gmt":"2024-10-18T23:56:17","guid":{"rendered":"https:\/\/techmasterdemexico.com\/producto\/carga-electronica-de-ca-programable-lineal-it8615\/"},"modified":"2024-10-21T12:15:20","modified_gmt":"2024-10-21T19:15:20","slug":"carga-electronica-de-ca-programable-lineal-it8615","status":"publish","type":"product","link":"https:\/\/techmasterdemexico.com\/en\/producto\/carga-electronica-de-ca-programable-lineal-it8615\/","title":{"rendered":"Carga electr\u00f3nica de CA programable Lineal IT8615"},"content":{"rendered":"<p>El IT8615 de ITECH es una carga electr\u00f3nica AC\/DC dise\u00f1ada para probar equipos el\u00e9ctricos mediante simulaciones bajo diferentes condiciones de carga. Estas son sus principales especificaciones:<\/p>\n<p>Rango de voltaje: 50-420 Vrms (600V pico).<\/p>\n<p>Corriente: 0-20 Arms (60A pico).<\/p>\n<p>Potencia m\u00e1xima: 1800 VA.<\/p>\n<p>Frecuencia: 45-450 Hz.<\/p>\n<p>Modos de operaci\u00f3n:<br \/>\nAC: CC (Corriente constante), CR (Resistencia constante), CP (Potencia constante).<br \/>\nDC: CC, CR, CP, CV (Voltaje constante).<\/p>\n<p>Protecciones: OCP (sobre corriente), OVP (sobre voltaje), OPP (sobre potencia), y OTP (sobre temperatura).<\/p>\n<p>Interfaz: GPIB, USB, LAN.<\/p>\n<p>Pantalla: LCD de 7&#8221; con funciones de osciloscopio para visualizar formas de onda de voltaje y corriente.<\/p>\n<p>Dimensiones: 483 mm (ancho) x 482 mm (alto) x 641 mm (fondo).<\/p>\n<p>Peso: 98 kg.<\/p>\n<p>Este equipo es ideal para probar fuentes de poder y otros dispositivos el\u00e9ctricos, gracias a su capacidad para operar en distintos modos tanto en AC como en DC. Tambi\u00e9n permite monitoreo en tiempo real y registro de datos, lo que lo hace \u00fatil en aplicaciones avanzadas de prueba y desarrollo\u200b<\/p>\n","protected":false},"excerpt":{"rendered":"<p>El IT8615 de ITECH es una carga electr\u00f3nica AC\/DC dise\u00f1ada para probar equipos el\u00e9ctricos mediante simulaciones bajo diferentes condiciones de carga. Estas son sus principales especificaciones: Rango de voltaje: 50-420 Vrms (600V pico). Corriente: 0-20 Arms (60A pico). Potencia m\u00e1xima: 1800 VA. Frecuencia: 45-450 Hz. Modos de operaci\u00f3n: AC: CC (Corriente constante), CR (Resistencia constante), [&hellip;]<\/p>\n","protected":false},"featured_media":22082,"template":"","meta":{"_acf_changed":false},"pwb-brand":[670],"product_brand":[],"product_cat":[658,660,651,659],"product_tag":[],"class_list":{"0":"post-22040","1":"product","2":"type-product","3":"status-publish","4":"has-post-thumbnail","6":"pwb-brand-itech","7":"product_cat-carga-electronica-de-ca-programable","8":"product_cat-carga-electronica-de-ca-programable-lineal","9":"product_cat-itech","10":"product_cat-lineales-de-cc-carga-electronica-de-ca-programable","12":"first","13":"instock","14":"taxable","15":"shipping-taxable","16":"product-type-simple"},"acf":[],"yoast_head":"<!-- This site is optimized with the Yoast SEO plugin v27.4 - https:\/\/yoast.com\/product\/yoast-seo-wordpress\/ -->\n<title>Carga electr\u00f3nica de CA programable Lineal IT8615 - Techmaster de Mexico<\/title>\n<meta name=\"robots\" content=\"index, follow, max-snippet:-1, max-image-preview:large, max-video-preview:-1\" \/>\n<link rel=\"canonical\" href=\"https:\/\/techmasterdemexico.com\/producto\/carga-electronica-de-ca-programable-lineal-it8615\/\" \/>\n<meta property=\"og:locale\" content=\"en_US\" \/>\n<meta property=\"og:type\" content=\"article\" \/>\n<meta property=\"og:title\" content=\"Carga electr\u00f3nica de CA programable Lineal IT8615 - Techmaster de Mexico\" \/>\n<meta property=\"og:description\" content=\"El IT8615 de ITECH es una carga electr\u00f3nica AC\/DC dise\u00f1ada para probar equipos el\u00e9ctricos mediante simulaciones bajo diferentes condiciones de carga. Estas son sus principales especificaciones: Rango de voltaje: 50-420 Vrms (600V pico). Corriente: 0-20 Arms (60A pico). Potencia m\u00e1xima: 1800 VA. Frecuencia: 45-450 Hz. Modos de operaci\u00f3n: AC: CC (Corriente constante), CR (Resistencia constante), [&hellip;]\" \/>\n<meta property=\"og:url\" content=\"https:\/\/techmasterdemexico.com\/producto\/carga-electronica-de-ca-programable-lineal-it8615\/\" \/>\n<meta property=\"og:site_name\" content=\"Techmaster de Mexico\" \/>\n<meta property=\"article:modified_time\" content=\"2024-10-21T19:15:20+00:00\" \/>\n<meta property=\"og:image\" content=\"https:\/\/techmasterdemexico.com\/wp-content\/uploads\/it8615.png\" \/>\n\t<meta property=\"og:image:width\" content=\"1000\" \/>\n\t<meta property=\"og:image:height\" content=\"1000\" \/>\n\t<meta property=\"og:image:type\" content=\"image\/png\" \/>\n<meta name=\"twitter:card\" content=\"summary_large_image\" \/>\n<meta name=\"twitter:label1\" content=\"Est. reading time\" \/>\n\t<meta name=\"twitter:data1\" content=\"1 minute\" \/>\n<script type=\"application\/ld+json\" class=\"yoast-schema-graph\">{\"@context\":\"https:\\\/\\\/schema.org\",\"@graph\":[{\"@type\":\"WebPage\",\"@id\":\"https:\\\/\\\/techmasterdemexico.com\\\/producto\\\/carga-electronica-de-ca-programable-lineal-it8615\\\/\",\"url\":\"https:\\\/\\\/techmasterdemexico.com\\\/producto\\\/carga-electronica-de-ca-programable-lineal-it8615\\\/\",\"name\":\"Carga electr\u00f3nica de CA programable Lineal IT8615 - Techmaster de Mexico\",\"isPartOf\":{\"@id\":\"https:\\\/\\\/techmasterdemexico.com\\\/#website\"},\"primaryImageOfPage\":{\"@id\":\"https:\\\/\\\/techmasterdemexico.com\\\/producto\\\/carga-electronica-de-ca-programable-lineal-it8615\\\/#primaryimage\"},\"image\":{\"@id\":\"https:\\\/\\\/techmasterdemexico.com\\\/producto\\\/carga-electronica-de-ca-programable-lineal-it8615\\\/#primaryimage\"},\"thumbnailUrl\":\"https:\\\/\\\/techmasterdemexico.com\\\/wp-content\\\/uploads\\\/it8615.png\",\"datePublished\":\"2024-10-18T23:56:17+00:00\",\"dateModified\":\"2024-10-21T19:15:20+00:00\",\"breadcrumb\":{\"@id\":\"https:\\\/\\\/techmasterdemexico.com\\\/producto\\\/carga-electronica-de-ca-programable-lineal-it8615\\\/#breadcrumb\"},\"inLanguage\":\"en-US\",\"potentialAction\":[{\"@type\":\"ReadAction\",\"target\":[\"https:\\\/\\\/techmasterdemexico.com\\\/producto\\\/carga-electronica-de-ca-programable-lineal-it8615\\\/\"]}]},{\"@type\":\"ImageObject\",\"inLanguage\":\"en-US\",\"@id\":\"https:\\\/\\\/techmasterdemexico.com\\\/producto\\\/carga-electronica-de-ca-programable-lineal-it8615\\\/#primaryimage\",\"url\":\"https:\\\/\\\/techmasterdemexico.com\\\/wp-content\\\/uploads\\\/it8615.png\",\"contentUrl\":\"https:\\\/\\\/techmasterdemexico.com\\\/wp-content\\\/uploads\\\/it8615.png\",\"width\":1000,\"height\":1000},{\"@type\":\"BreadcrumbList\",\"@id\":\"https:\\\/\\\/techmasterdemexico.com\\\/producto\\\/carga-electronica-de-ca-programable-lineal-it8615\\\/#breadcrumb\",\"itemListElement\":[{\"@type\":\"ListItem\",\"position\":1,\"name\":\"Portada\",\"item\":\"https:\\\/\\\/techmasterdemexico.com\\\/\"},{\"@type\":\"ListItem\",\"position\":2,\"name\":\"Carga electr\u00f3nica de CA programable Lineal IT8615\"}]},{\"@type\":\"WebSite\",\"@id\":\"https:\\\/\\\/techmasterdemexico.com\\\/#website\",\"url\":\"https:\\\/\\\/techmasterdemexico.com\\\/\",\"name\":\"Techmaster de Mexico\",\"description\":\"\",\"potentialAction\":[{\"@type\":\"SearchAction\",\"target\":{\"@type\":\"EntryPoint\",\"urlTemplate\":\"https:\\\/\\\/techmasterdemexico.com\\\/?s={search_term_string}\"},\"query-input\":{\"@type\":\"PropertyValueSpecification\",\"valueRequired\":true,\"valueName\":\"search_term_string\"}}],\"inLanguage\":\"en-US\"}]}<\/script>\n<!-- \/ Yoast SEO plugin. -->","yoast_head_json":{"title":"Carga electr\u00f3nica de CA programable Lineal IT8615 - Techmaster de Mexico","robots":{"index":"index","follow":"follow","max-snippet":"max-snippet:-1","max-image-preview":"max-image-preview:large","max-video-preview":"max-video-preview:-1"},"canonical":"https:\/\/techmasterdemexico.com\/producto\/carga-electronica-de-ca-programable-lineal-it8615\/","og_locale":"en_US","og_type":"article","og_title":"Carga electr\u00f3nica de CA programable Lineal IT8615 - Techmaster de Mexico","og_description":"El IT8615 de ITECH es una carga electr\u00f3nica AC\/DC dise\u00f1ada para probar equipos el\u00e9ctricos mediante simulaciones bajo diferentes condiciones de carga. Estas son sus principales especificaciones: Rango de voltaje: 50-420 Vrms (600V pico). Corriente: 0-20 Arms (60A pico). Potencia m\u00e1xima: 1800 VA. Frecuencia: 45-450 Hz. Modos de operaci\u00f3n: AC: CC (Corriente constante), CR (Resistencia constante), [&hellip;]","og_url":"https:\/\/techmasterdemexico.com\/producto\/carga-electronica-de-ca-programable-lineal-it8615\/","og_site_name":"Techmaster de Mexico","article_modified_time":"2024-10-21T19:15:20+00:00","og_image":[{"width":1000,"height":1000,"url":"https:\/\/techmasterdemexico.com\/wp-content\/uploads\/it8615.png","type":"image\/png"}],"twitter_card":"summary_large_image","twitter_misc":{"Est. reading time":"1 minute"},"schema":{"@context":"https:\/\/schema.org","@graph":[{"@type":"WebPage","@id":"https:\/\/techmasterdemexico.com\/producto\/carga-electronica-de-ca-programable-lineal-it8615\/","url":"https:\/\/techmasterdemexico.com\/producto\/carga-electronica-de-ca-programable-lineal-it8615\/","name":"Carga electr\u00f3nica de CA programable Lineal IT8615 - Techmaster de Mexico","isPartOf":{"@id":"https:\/\/techmasterdemexico.com\/#website"},"primaryImageOfPage":{"@id":"https:\/\/techmasterdemexico.com\/producto\/carga-electronica-de-ca-programable-lineal-it8615\/#primaryimage"},"image":{"@id":"https:\/\/techmasterdemexico.com\/producto\/carga-electronica-de-ca-programable-lineal-it8615\/#primaryimage"},"thumbnailUrl":"https:\/\/techmasterdemexico.com\/wp-content\/uploads\/it8615.png","datePublished":"2024-10-18T23:56:17+00:00","dateModified":"2024-10-21T19:15:20+00:00","breadcrumb":{"@id":"https:\/\/techmasterdemexico.com\/producto\/carga-electronica-de-ca-programable-lineal-it8615\/#breadcrumb"},"inLanguage":"en-US","potentialAction":[{"@type":"ReadAction","target":["https:\/\/techmasterdemexico.com\/producto\/carga-electronica-de-ca-programable-lineal-it8615\/"]}]},{"@type":"ImageObject","inLanguage":"en-US","@id":"https:\/\/techmasterdemexico.com\/producto\/carga-electronica-de-ca-programable-lineal-it8615\/#primaryimage","url":"https:\/\/techmasterdemexico.com\/wp-content\/uploads\/it8615.png","contentUrl":"https:\/\/techmasterdemexico.com\/wp-content\/uploads\/it8615.png","width":1000,"height":1000},{"@type":"BreadcrumbList","@id":"https:\/\/techmasterdemexico.com\/producto\/carga-electronica-de-ca-programable-lineal-it8615\/#breadcrumb","itemListElement":[{"@type":"ListItem","position":1,"name":"Portada","item":"https:\/\/techmasterdemexico.com\/"},{"@type":"ListItem","position":2,"name":"Carga electr\u00f3nica de CA programable Lineal IT8615"}]},{"@type":"WebSite","@id":"https:\/\/techmasterdemexico.com\/#website","url":"https:\/\/techmasterdemexico.com\/","name":"Techmaster de Mexico","description":"","potentialAction":[{"@type":"SearchAction","target":{"@type":"EntryPoint","urlTemplate":"https:\/\/techmasterdemexico.com\/?s={search_term_string}"},"query-input":{"@type":"PropertyValueSpecification","valueRequired":true,"valueName":"search_term_string"}}],"inLanguage":"en-US"}]}},"brands":[{"id":670,"name":"ITECH","slug":"itech"}],"_links":{"self":[{"href":"https:\/\/techmasterdemexico.com\/en\/wp-json\/wp\/v2\/product\/22040","targetHints":{"allow":["GET"]}}],"collection":[{"href":"https:\/\/techmasterdemexico.com\/en\/wp-json\/wp\/v2\/product"}],"about":[{"href":"https:\/\/techmasterdemexico.com\/en\/wp-json\/wp\/v2\/types\/product"}],"wp:featuredmedia":[{"embeddable":true,"href":"https:\/\/techmasterdemexico.com\/en\/wp-json\/wp\/v2\/media\/22082"}],"wp:attachment":[{"href":"https:\/\/techmasterdemexico.com\/en\/wp-json\/wp\/v2\/media?parent=22040"}],"wp:term":[{"taxonomy":"pwb-brand","embeddable":true,"href":"https:\/\/techmasterdemexico.com\/en\/wp-json\/wp\/v2\/pwb-brand?post=22040"},{"taxonomy":"product_brand","embeddable":true,"href":"https:\/\/techmasterdemexico.com\/en\/wp-json\/wp\/v2\/product_brand?post=22040"},{"taxonomy":"product_cat","embeddable":true,"href":"https:\/\/techmasterdemexico.com\/en\/wp-json\/wp\/v2\/product_cat?post=22040"},{"taxonomy":"product_tag","embeddable":true,"href":"https:\/\/techmasterdemexico.com\/en\/wp-json\/wp\/v2\/product_tag?post=22040"}],"curies":[{"name":"wp","href":"https:\/\/api.w.org\/{rel}","templated":true}]}}