{"id":22039,"date":"2024-10-18T16:56:16","date_gmt":"2024-10-18T23:56:16","guid":{"rendered":"https:\/\/techmasterdemexico.com\/producto\/carga-electronica-de-cc-de-alta-potencia-lineal-it8912a-150-1200\/"},"modified":"2024-10-21T12:52:22","modified_gmt":"2024-10-21T19:52:22","slug":"carga-electronica-de-cc-de-alta-potencia-lineal-it8912a-150-1200","status":"publish","type":"product","link":"https:\/\/techmasterdemexico.com\/en\/producto\/carga-electronica-de-cc-de-alta-potencia-lineal-it8912a-150-1200\/","title":{"rendered":"Carga electr\u00f3nica de CC de alta potencia Lineal IT8912A-150-1200"},"content":{"rendered":"<p>El IT8912A-150-1200 es un equipo de carga electr\u00f3nica DC de alta potencia, dise\u00f1ado para aplicaciones que requieren alta corriente. Estas son sus especificaciones principales:<\/p>\n<p>Voltaje m\u00e1ximo: 150 V<br \/>\nCorriente m\u00e1xima: 1200 A<br \/>\nPotencia m\u00e1xima: 12 kW<br \/>\nTama\u00f1o: 8U de rack (unidad de rack)<\/p>\n<p>Este dispositivo es parte de la serie IT8900A, conocida por ofrecer m\u00faltiples modos operativos (CC, CV, CR, CP y combinaciones) y funciones avanzadas, como arranque\/parada suave y simulaci\u00f3n de cortocircuito. Tambi\u00e9n incluye protecciones completas (OVP, OCP, OTP) para evitar da\u00f1os por sobrecarga o mal manejo.<\/p>\n<p>Es utilizado en pruebas industriales, como validaci\u00f3n de bater\u00edas, convertidores DC-DC, y pruebas de estabilidad para fuentes de alimentaci\u00f3n de alto rendimiento<\/p>\n","protected":false},"excerpt":{"rendered":"<p>El IT8912A-150-1200 es un equipo de carga electr\u00f3nica DC de alta potencia, dise\u00f1ado para aplicaciones que requieren alta corriente. Estas son sus especificaciones principales: Voltaje m\u00e1ximo: 150 V Corriente m\u00e1xima: 1200 A Potencia m\u00e1xima: 12 kW Tama\u00f1o: 8U de rack (unidad de rack) Este dispositivo es parte de la serie IT8900A, conocida por ofrecer m\u00faltiples [&hellip;]<\/p>\n","protected":false},"featured_media":22120,"template":"","meta":{"_acf_changed":false},"pwb-brand":[670],"product_brand":[],"product_cat":[657,655,651,656],"product_tag":[],"class_list":{"0":"post-22039","1":"product","2":"type-product","3":"status-publish","4":"has-post-thumbnail","6":"pwb-brand-itech","7":"product_cat-carga-electronica-de-cc-de-alta-potencia-lineal","8":"product_cat-cargas-electronicas-de-cc-de-alta-potencia","9":"product_cat-itech","10":"product_cat-lineales-de-cc","12":"first","13":"instock","14":"taxable","15":"shipping-taxable","16":"product-type-simple"},"acf":[],"yoast_head":"<!-- This site is optimized with the Yoast SEO plugin v27.5 - https:\/\/yoast.com\/product\/yoast-seo-wordpress\/ -->\n<title>Carga electr\u00f3nica de CC de alta potencia Lineal IT8912A-150-1200 - Techmaster de Mexico<\/title>\n<meta name=\"robots\" content=\"index, follow, max-snippet:-1, max-image-preview:large, max-video-preview:-1\" \/>\n<link rel=\"canonical\" href=\"https:\/\/techmasterdemexico.com\/producto\/carga-electronica-de-cc-de-alta-potencia-lineal-it8912a-150-1200\/\" \/>\n<meta property=\"og:locale\" content=\"en_US\" \/>\n<meta property=\"og:type\" content=\"article\" \/>\n<meta property=\"og:title\" content=\"Carga electr\u00f3nica de CC de alta potencia Lineal IT8912A-150-1200 - Techmaster de Mexico\" \/>\n<meta property=\"og:description\" content=\"El IT8912A-150-1200 es un equipo de carga electr\u00f3nica DC de alta potencia, dise\u00f1ado para aplicaciones que requieren alta corriente. Estas son sus especificaciones principales: Voltaje m\u00e1ximo: 150 V Corriente m\u00e1xima: 1200 A Potencia m\u00e1xima: 12 kW Tama\u00f1o: 8U de rack (unidad de rack) Este dispositivo es parte de la serie IT8900A, conocida por ofrecer m\u00faltiples [&hellip;]\" \/>\n<meta property=\"og:url\" content=\"https:\/\/techmasterdemexico.com\/producto\/carga-electronica-de-cc-de-alta-potencia-lineal-it8912a-150-1200\/\" \/>\n<meta property=\"og:site_name\" content=\"Techmaster de Mexico\" \/>\n<meta property=\"article:modified_time\" content=\"2024-10-21T19:52:22+00:00\" \/>\n<meta property=\"og:image\" content=\"https:\/\/techmasterdemexico.com\/wp-content\/uploads\/IT8912A-150-1200-1.png\" \/>\n\t<meta property=\"og:image:width\" content=\"1000\" \/>\n\t<meta property=\"og:image:height\" content=\"1000\" \/>\n\t<meta property=\"og:image:type\" content=\"image\/png\" \/>\n<meta name=\"twitter:card\" content=\"summary_large_image\" \/>\n<meta name=\"twitter:label1\" content=\"Est. reading time\" \/>\n\t<meta name=\"twitter:data1\" content=\"1 minute\" \/>\n<script type=\"application\/ld+json\" class=\"yoast-schema-graph\">{\"@context\":\"https:\\\/\\\/schema.org\",\"@graph\":[{\"@type\":\"WebPage\",\"@id\":\"https:\\\/\\\/techmasterdemexico.com\\\/producto\\\/carga-electronica-de-cc-de-alta-potencia-lineal-it8912a-150-1200\\\/\",\"url\":\"https:\\\/\\\/techmasterdemexico.com\\\/producto\\\/carga-electronica-de-cc-de-alta-potencia-lineal-it8912a-150-1200\\\/\",\"name\":\"Carga electr\u00f3nica de CC de alta potencia Lineal IT8912A-150-1200 - Techmaster de Mexico\",\"isPartOf\":{\"@id\":\"https:\\\/\\\/techmasterdemexico.com\\\/#website\"},\"primaryImageOfPage\":{\"@id\":\"https:\\\/\\\/techmasterdemexico.com\\\/producto\\\/carga-electronica-de-cc-de-alta-potencia-lineal-it8912a-150-1200\\\/#primaryimage\"},\"image\":{\"@id\":\"https:\\\/\\\/techmasterdemexico.com\\\/producto\\\/carga-electronica-de-cc-de-alta-potencia-lineal-it8912a-150-1200\\\/#primaryimage\"},\"thumbnailUrl\":\"https:\\\/\\\/techmasterdemexico.com\\\/wp-content\\\/uploads\\\/IT8912A-150-1200-1.png\",\"datePublished\":\"2024-10-18T23:56:16+00:00\",\"dateModified\":\"2024-10-21T19:52:22+00:00\",\"breadcrumb\":{\"@id\":\"https:\\\/\\\/techmasterdemexico.com\\\/producto\\\/carga-electronica-de-cc-de-alta-potencia-lineal-it8912a-150-1200\\\/#breadcrumb\"},\"inLanguage\":\"en-US\",\"potentialAction\":[{\"@type\":\"ReadAction\",\"target\":[\"https:\\\/\\\/techmasterdemexico.com\\\/producto\\\/carga-electronica-de-cc-de-alta-potencia-lineal-it8912a-150-1200\\\/\"]}]},{\"@type\":\"ImageObject\",\"inLanguage\":\"en-US\",\"@id\":\"https:\\\/\\\/techmasterdemexico.com\\\/producto\\\/carga-electronica-de-cc-de-alta-potencia-lineal-it8912a-150-1200\\\/#primaryimage\",\"url\":\"https:\\\/\\\/techmasterdemexico.com\\\/wp-content\\\/uploads\\\/IT8912A-150-1200-1.png\",\"contentUrl\":\"https:\\\/\\\/techmasterdemexico.com\\\/wp-content\\\/uploads\\\/IT8912A-150-1200-1.png\",\"width\":1000,\"height\":1000},{\"@type\":\"BreadcrumbList\",\"@id\":\"https:\\\/\\\/techmasterdemexico.com\\\/producto\\\/carga-electronica-de-cc-de-alta-potencia-lineal-it8912a-150-1200\\\/#breadcrumb\",\"itemListElement\":[{\"@type\":\"ListItem\",\"position\":1,\"name\":\"Portada\",\"item\":\"https:\\\/\\\/techmasterdemexico.com\\\/\"},{\"@type\":\"ListItem\",\"position\":2,\"name\":\"Carga electr\u00f3nica de CC de alta potencia Lineal IT8912A-150-1200\"}]},{\"@type\":\"WebSite\",\"@id\":\"https:\\\/\\\/techmasterdemexico.com\\\/#website\",\"url\":\"https:\\\/\\\/techmasterdemexico.com\\\/\",\"name\":\"Techmaster de Mexico\",\"description\":\"\",\"potentialAction\":[{\"@type\":\"SearchAction\",\"target\":{\"@type\":\"EntryPoint\",\"urlTemplate\":\"https:\\\/\\\/techmasterdemexico.com\\\/?s={search_term_string}\"},\"query-input\":{\"@type\":\"PropertyValueSpecification\",\"valueRequired\":true,\"valueName\":\"search_term_string\"}}],\"inLanguage\":\"en-US\"}]}<\/script>\n<!-- \/ Yoast SEO plugin. -->","yoast_head_json":{"title":"Carga electr\u00f3nica de CC de alta potencia Lineal IT8912A-150-1200 - Techmaster de Mexico","robots":{"index":"index","follow":"follow","max-snippet":"max-snippet:-1","max-image-preview":"max-image-preview:large","max-video-preview":"max-video-preview:-1"},"canonical":"https:\/\/techmasterdemexico.com\/producto\/carga-electronica-de-cc-de-alta-potencia-lineal-it8912a-150-1200\/","og_locale":"en_US","og_type":"article","og_title":"Carga electr\u00f3nica de CC de alta potencia Lineal IT8912A-150-1200 - Techmaster de Mexico","og_description":"El IT8912A-150-1200 es un equipo de carga electr\u00f3nica DC de alta potencia, dise\u00f1ado para aplicaciones que requieren alta corriente. Estas son sus especificaciones principales: Voltaje m\u00e1ximo: 150 V Corriente m\u00e1xima: 1200 A Potencia m\u00e1xima: 12 kW Tama\u00f1o: 8U de rack (unidad de rack) Este dispositivo es parte de la serie IT8900A, conocida por ofrecer m\u00faltiples [&hellip;]","og_url":"https:\/\/techmasterdemexico.com\/producto\/carga-electronica-de-cc-de-alta-potencia-lineal-it8912a-150-1200\/","og_site_name":"Techmaster de Mexico","article_modified_time":"2024-10-21T19:52:22+00:00","og_image":[{"width":1000,"height":1000,"url":"https:\/\/techmasterdemexico.com\/wp-content\/uploads\/IT8912A-150-1200-1.png","type":"image\/png"}],"twitter_card":"summary_large_image","twitter_misc":{"Est. reading time":"1 minute"},"schema":{"@context":"https:\/\/schema.org","@graph":[{"@type":"WebPage","@id":"https:\/\/techmasterdemexico.com\/producto\/carga-electronica-de-cc-de-alta-potencia-lineal-it8912a-150-1200\/","url":"https:\/\/techmasterdemexico.com\/producto\/carga-electronica-de-cc-de-alta-potencia-lineal-it8912a-150-1200\/","name":"Carga electr\u00f3nica de CC de alta potencia Lineal IT8912A-150-1200 - Techmaster de Mexico","isPartOf":{"@id":"https:\/\/techmasterdemexico.com\/#website"},"primaryImageOfPage":{"@id":"https:\/\/techmasterdemexico.com\/producto\/carga-electronica-de-cc-de-alta-potencia-lineal-it8912a-150-1200\/#primaryimage"},"image":{"@id":"https:\/\/techmasterdemexico.com\/producto\/carga-electronica-de-cc-de-alta-potencia-lineal-it8912a-150-1200\/#primaryimage"},"thumbnailUrl":"https:\/\/techmasterdemexico.com\/wp-content\/uploads\/IT8912A-150-1200-1.png","datePublished":"2024-10-18T23:56:16+00:00","dateModified":"2024-10-21T19:52:22+00:00","breadcrumb":{"@id":"https:\/\/techmasterdemexico.com\/producto\/carga-electronica-de-cc-de-alta-potencia-lineal-it8912a-150-1200\/#breadcrumb"},"inLanguage":"en-US","potentialAction":[{"@type":"ReadAction","target":["https:\/\/techmasterdemexico.com\/producto\/carga-electronica-de-cc-de-alta-potencia-lineal-it8912a-150-1200\/"]}]},{"@type":"ImageObject","inLanguage":"en-US","@id":"https:\/\/techmasterdemexico.com\/producto\/carga-electronica-de-cc-de-alta-potencia-lineal-it8912a-150-1200\/#primaryimage","url":"https:\/\/techmasterdemexico.com\/wp-content\/uploads\/IT8912A-150-1200-1.png","contentUrl":"https:\/\/techmasterdemexico.com\/wp-content\/uploads\/IT8912A-150-1200-1.png","width":1000,"height":1000},{"@type":"BreadcrumbList","@id":"https:\/\/techmasterdemexico.com\/producto\/carga-electronica-de-cc-de-alta-potencia-lineal-it8912a-150-1200\/#breadcrumb","itemListElement":[{"@type":"ListItem","position":1,"name":"Portada","item":"https:\/\/techmasterdemexico.com\/"},{"@type":"ListItem","position":2,"name":"Carga electr\u00f3nica de CC de alta potencia Lineal IT8912A-150-1200"}]},{"@type":"WebSite","@id":"https:\/\/techmasterdemexico.com\/#website","url":"https:\/\/techmasterdemexico.com\/","name":"Techmaster de Mexico","description":"","potentialAction":[{"@type":"SearchAction","target":{"@type":"EntryPoint","urlTemplate":"https:\/\/techmasterdemexico.com\/?s={search_term_string}"},"query-input":{"@type":"PropertyValueSpecification","valueRequired":true,"valueName":"search_term_string"}}],"inLanguage":"en-US"}]}},"brands":[{"id":670,"name":"ITECH","slug":"itech"}],"_links":{"self":[{"href":"https:\/\/techmasterdemexico.com\/en\/wp-json\/wp\/v2\/product\/22039","targetHints":{"allow":["GET"]}}],"collection":[{"href":"https:\/\/techmasterdemexico.com\/en\/wp-json\/wp\/v2\/product"}],"about":[{"href":"https:\/\/techmasterdemexico.com\/en\/wp-json\/wp\/v2\/types\/product"}],"wp:featuredmedia":[{"embeddable":true,"href":"https:\/\/techmasterdemexico.com\/en\/wp-json\/wp\/v2\/media\/22120"}],"wp:attachment":[{"href":"https:\/\/techmasterdemexico.com\/en\/wp-json\/wp\/v2\/media?parent=22039"}],"wp:term":[{"taxonomy":"pwb-brand","embeddable":true,"href":"https:\/\/techmasterdemexico.com\/en\/wp-json\/wp\/v2\/pwb-brand?post=22039"},{"taxonomy":"product_brand","embeddable":true,"href":"https:\/\/techmasterdemexico.com\/en\/wp-json\/wp\/v2\/product_brand?post=22039"},{"taxonomy":"product_cat","embeddable":true,"href":"https:\/\/techmasterdemexico.com\/en\/wp-json\/wp\/v2\/product_cat?post=22039"},{"taxonomy":"product_tag","embeddable":true,"href":"https:\/\/techmasterdemexico.com\/en\/wp-json\/wp\/v2\/product_tag?post=22039"}],"curies":[{"name":"wp","href":"https:\/\/api.w.org\/{rel}","templated":true}]}}