{"id":22037,"date":"2024-10-18T16:56:16","date_gmt":"2024-10-18T23:56:16","guid":{"rendered":"https:\/\/techmasterdemexico.com\/producto\/carga-electronica-de-cc-de-alta-potencia-lineal-it8902a-150-200\/"},"modified":"2024-10-21T12:47:52","modified_gmt":"2024-10-21T19:47:52","slug":"carga-electronica-de-cc-de-alta-potencia-lineal-it8902a-150-200","status":"publish","type":"product","link":"https:\/\/techmasterdemexico.com\/en\/producto\/carga-electronica-de-cc-de-alta-potencia-lineal-it8902a-150-200\/","title":{"rendered":"Carga electr\u00f3nica de CC de alta potencia Lineal IT8902A-150-200"},"content":{"rendered":"<p>El IT8902A-150-200 de ITECH es una carga electr\u00f3nica DC dise\u00f1ada para pruebas de alta precisi\u00f3n. Sus especificaciones clave incluyen:<\/p>\n<p>Voltaje de operaci\u00f3n: 0 &#8211; 150 V<br \/>\nCorriente m\u00e1xima: 200 A<br \/>\nPotencia: 2000 W (2 kW)<br \/>\nModos de operaci\u00f3n: CV (voltaje constante), CC (corriente constante), CR (resistencia constante) y CP (potencia constante).<br \/>\nInterfaces de comunicaci\u00f3n: RS-232, USB, GPIB (IEEE 488), LAN y CAN.<br \/>\nMontaje: Rack, con una altura de 4U.<br \/>\nN\u00famero de canales: 1<\/p>\n<p>Este modelo es \u00fatil para laboratorios de pruebas y validaci\u00f3n de dispositivos electr\u00f3nicos, permitiendo configuraciones precisas y m\u00faltiples modos de carga. Adem\u00e1s, su versatilidad lo hace ideal para aplicaciones en la industria automotriz y pruebas de bater\u00edas.<\/p>\n","protected":false},"excerpt":{"rendered":"<p>El IT8902A-150-200 de ITECH es una carga electr\u00f3nica DC dise\u00f1ada para pruebas de alta precisi\u00f3n. Sus especificaciones clave incluyen: Voltaje de operaci\u00f3n: 0 &#8211; 150 V Corriente m\u00e1xima: 200 A Potencia: 2000 W (2 kW) Modos de operaci\u00f3n: CV (voltaje constante), CC (corriente constante), CR (resistencia constante) y CP (potencia constante). Interfaces de comunicaci\u00f3n: RS-232, [&hellip;]<\/p>\n","protected":false},"featured_media":22108,"template":"","meta":{"_acf_changed":false},"pwb-brand":[670],"product_brand":[],"product_cat":[657,655,651,656],"product_tag":[],"class_list":{"0":"post-22037","1":"product","2":"type-product","3":"status-publish","4":"has-post-thumbnail","6":"pwb-brand-itech","7":"product_cat-carga-electronica-de-cc-de-alta-potencia-lineal","8":"product_cat-cargas-electronicas-de-cc-de-alta-potencia","9":"product_cat-itech","10":"product_cat-lineales-de-cc","12":"first","13":"instock","14":"taxable","15":"shipping-taxable","16":"product-type-simple"},"acf":[],"yoast_head":"<!-- This site is optimized with the Yoast SEO plugin v27.4 - https:\/\/yoast.com\/product\/yoast-seo-wordpress\/ -->\n<title>Carga electr\u00f3nica de CC de alta potencia Lineal IT8902A-150-200 - Techmaster de Mexico<\/title>\n<meta name=\"robots\" content=\"index, follow, max-snippet:-1, max-image-preview:large, max-video-preview:-1\" \/>\n<link rel=\"canonical\" href=\"https:\/\/techmasterdemexico.com\/producto\/carga-electronica-de-cc-de-alta-potencia-lineal-it8902a-150-200\/\" \/>\n<meta property=\"og:locale\" content=\"en_US\" \/>\n<meta property=\"og:type\" content=\"article\" \/>\n<meta property=\"og:title\" content=\"Carga electr\u00f3nica de CC de alta potencia Lineal IT8902A-150-200 - Techmaster de Mexico\" \/>\n<meta property=\"og:description\" content=\"El IT8902A-150-200 de ITECH es una carga electr\u00f3nica DC dise\u00f1ada para pruebas de alta precisi\u00f3n. Sus especificaciones clave incluyen: Voltaje de operaci\u00f3n: 0 &#8211; 150 V Corriente m\u00e1xima: 200 A Potencia: 2000 W (2 kW) Modos de operaci\u00f3n: CV (voltaje constante), CC (corriente constante), CR (resistencia constante) y CP (potencia constante). Interfaces de comunicaci\u00f3n: RS-232, [&hellip;]\" \/>\n<meta property=\"og:url\" content=\"https:\/\/techmasterdemexico.com\/producto\/carga-electronica-de-cc-de-alta-potencia-lineal-it8902a-150-200\/\" \/>\n<meta property=\"og:site_name\" content=\"Techmaster de Mexico\" \/>\n<meta property=\"article:modified_time\" content=\"2024-10-21T19:47:52+00:00\" \/>\n<meta property=\"og:image\" content=\"https:\/\/techmasterdemexico.com\/wp-content\/uploads\/IT8902A-150-200.png\" \/>\n\t<meta property=\"og:image:width\" content=\"1000\" \/>\n\t<meta property=\"og:image:height\" content=\"1000\" \/>\n\t<meta property=\"og:image:type\" content=\"image\/png\" \/>\n<meta name=\"twitter:card\" content=\"summary_large_image\" \/>\n<meta name=\"twitter:label1\" content=\"Est. reading time\" \/>\n\t<meta name=\"twitter:data1\" content=\"1 minute\" \/>\n<script type=\"application\/ld+json\" class=\"yoast-schema-graph\">{\"@context\":\"https:\\\/\\\/schema.org\",\"@graph\":[{\"@type\":\"WebPage\",\"@id\":\"https:\\\/\\\/techmasterdemexico.com\\\/producto\\\/carga-electronica-de-cc-de-alta-potencia-lineal-it8902a-150-200\\\/\",\"url\":\"https:\\\/\\\/techmasterdemexico.com\\\/producto\\\/carga-electronica-de-cc-de-alta-potencia-lineal-it8902a-150-200\\\/\",\"name\":\"Carga electr\u00f3nica de CC de alta potencia Lineal IT8902A-150-200 - Techmaster de Mexico\",\"isPartOf\":{\"@id\":\"https:\\\/\\\/techmasterdemexico.com\\\/#website\"},\"primaryImageOfPage\":{\"@id\":\"https:\\\/\\\/techmasterdemexico.com\\\/producto\\\/carga-electronica-de-cc-de-alta-potencia-lineal-it8902a-150-200\\\/#primaryimage\"},\"image\":{\"@id\":\"https:\\\/\\\/techmasterdemexico.com\\\/producto\\\/carga-electronica-de-cc-de-alta-potencia-lineal-it8902a-150-200\\\/#primaryimage\"},\"thumbnailUrl\":\"https:\\\/\\\/techmasterdemexico.com\\\/wp-content\\\/uploads\\\/IT8902A-150-200.png\",\"datePublished\":\"2024-10-18T23:56:16+00:00\",\"dateModified\":\"2024-10-21T19:47:52+00:00\",\"breadcrumb\":{\"@id\":\"https:\\\/\\\/techmasterdemexico.com\\\/producto\\\/carga-electronica-de-cc-de-alta-potencia-lineal-it8902a-150-200\\\/#breadcrumb\"},\"inLanguage\":\"en-US\",\"potentialAction\":[{\"@type\":\"ReadAction\",\"target\":[\"https:\\\/\\\/techmasterdemexico.com\\\/producto\\\/carga-electronica-de-cc-de-alta-potencia-lineal-it8902a-150-200\\\/\"]}]},{\"@type\":\"ImageObject\",\"inLanguage\":\"en-US\",\"@id\":\"https:\\\/\\\/techmasterdemexico.com\\\/producto\\\/carga-electronica-de-cc-de-alta-potencia-lineal-it8902a-150-200\\\/#primaryimage\",\"url\":\"https:\\\/\\\/techmasterdemexico.com\\\/wp-content\\\/uploads\\\/IT8902A-150-200.png\",\"contentUrl\":\"https:\\\/\\\/techmasterdemexico.com\\\/wp-content\\\/uploads\\\/IT8902A-150-200.png\",\"width\":1000,\"height\":1000},{\"@type\":\"BreadcrumbList\",\"@id\":\"https:\\\/\\\/techmasterdemexico.com\\\/producto\\\/carga-electronica-de-cc-de-alta-potencia-lineal-it8902a-150-200\\\/#breadcrumb\",\"itemListElement\":[{\"@type\":\"ListItem\",\"position\":1,\"name\":\"Portada\",\"item\":\"https:\\\/\\\/techmasterdemexico.com\\\/\"},{\"@type\":\"ListItem\",\"position\":2,\"name\":\"Carga electr\u00f3nica de CC de alta potencia Lineal IT8902A-150-200\"}]},{\"@type\":\"WebSite\",\"@id\":\"https:\\\/\\\/techmasterdemexico.com\\\/#website\",\"url\":\"https:\\\/\\\/techmasterdemexico.com\\\/\",\"name\":\"Techmaster de Mexico\",\"description\":\"\",\"potentialAction\":[{\"@type\":\"SearchAction\",\"target\":{\"@type\":\"EntryPoint\",\"urlTemplate\":\"https:\\\/\\\/techmasterdemexico.com\\\/?s={search_term_string}\"},\"query-input\":{\"@type\":\"PropertyValueSpecification\",\"valueRequired\":true,\"valueName\":\"search_term_string\"}}],\"inLanguage\":\"en-US\"}]}<\/script>\n<!-- \/ Yoast SEO plugin. -->","yoast_head_json":{"title":"Carga electr\u00f3nica de CC de alta potencia Lineal IT8902A-150-200 - Techmaster de Mexico","robots":{"index":"index","follow":"follow","max-snippet":"max-snippet:-1","max-image-preview":"max-image-preview:large","max-video-preview":"max-video-preview:-1"},"canonical":"https:\/\/techmasterdemexico.com\/producto\/carga-electronica-de-cc-de-alta-potencia-lineal-it8902a-150-200\/","og_locale":"en_US","og_type":"article","og_title":"Carga electr\u00f3nica de CC de alta potencia Lineal IT8902A-150-200 - Techmaster de Mexico","og_description":"El IT8902A-150-200 de ITECH es una carga electr\u00f3nica DC dise\u00f1ada para pruebas de alta precisi\u00f3n. Sus especificaciones clave incluyen: Voltaje de operaci\u00f3n: 0 &#8211; 150 V Corriente m\u00e1xima: 200 A Potencia: 2000 W (2 kW) Modos de operaci\u00f3n: CV (voltaje constante), CC (corriente constante), CR (resistencia constante) y CP (potencia constante). Interfaces de comunicaci\u00f3n: RS-232, [&hellip;]","og_url":"https:\/\/techmasterdemexico.com\/producto\/carga-electronica-de-cc-de-alta-potencia-lineal-it8902a-150-200\/","og_site_name":"Techmaster de Mexico","article_modified_time":"2024-10-21T19:47:52+00:00","og_image":[{"width":1000,"height":1000,"url":"https:\/\/techmasterdemexico.com\/wp-content\/uploads\/IT8902A-150-200.png","type":"image\/png"}],"twitter_card":"summary_large_image","twitter_misc":{"Est. reading time":"1 minute"},"schema":{"@context":"https:\/\/schema.org","@graph":[{"@type":"WebPage","@id":"https:\/\/techmasterdemexico.com\/producto\/carga-electronica-de-cc-de-alta-potencia-lineal-it8902a-150-200\/","url":"https:\/\/techmasterdemexico.com\/producto\/carga-electronica-de-cc-de-alta-potencia-lineal-it8902a-150-200\/","name":"Carga electr\u00f3nica de CC de alta potencia Lineal IT8902A-150-200 - Techmaster de Mexico","isPartOf":{"@id":"https:\/\/techmasterdemexico.com\/#website"},"primaryImageOfPage":{"@id":"https:\/\/techmasterdemexico.com\/producto\/carga-electronica-de-cc-de-alta-potencia-lineal-it8902a-150-200\/#primaryimage"},"image":{"@id":"https:\/\/techmasterdemexico.com\/producto\/carga-electronica-de-cc-de-alta-potencia-lineal-it8902a-150-200\/#primaryimage"},"thumbnailUrl":"https:\/\/techmasterdemexico.com\/wp-content\/uploads\/IT8902A-150-200.png","datePublished":"2024-10-18T23:56:16+00:00","dateModified":"2024-10-21T19:47:52+00:00","breadcrumb":{"@id":"https:\/\/techmasterdemexico.com\/producto\/carga-electronica-de-cc-de-alta-potencia-lineal-it8902a-150-200\/#breadcrumb"},"inLanguage":"en-US","potentialAction":[{"@type":"ReadAction","target":["https:\/\/techmasterdemexico.com\/producto\/carga-electronica-de-cc-de-alta-potencia-lineal-it8902a-150-200\/"]}]},{"@type":"ImageObject","inLanguage":"en-US","@id":"https:\/\/techmasterdemexico.com\/producto\/carga-electronica-de-cc-de-alta-potencia-lineal-it8902a-150-200\/#primaryimage","url":"https:\/\/techmasterdemexico.com\/wp-content\/uploads\/IT8902A-150-200.png","contentUrl":"https:\/\/techmasterdemexico.com\/wp-content\/uploads\/IT8902A-150-200.png","width":1000,"height":1000},{"@type":"BreadcrumbList","@id":"https:\/\/techmasterdemexico.com\/producto\/carga-electronica-de-cc-de-alta-potencia-lineal-it8902a-150-200\/#breadcrumb","itemListElement":[{"@type":"ListItem","position":1,"name":"Portada","item":"https:\/\/techmasterdemexico.com\/"},{"@type":"ListItem","position":2,"name":"Carga electr\u00f3nica de CC de alta potencia Lineal IT8902A-150-200"}]},{"@type":"WebSite","@id":"https:\/\/techmasterdemexico.com\/#website","url":"https:\/\/techmasterdemexico.com\/","name":"Techmaster de Mexico","description":"","potentialAction":[{"@type":"SearchAction","target":{"@type":"EntryPoint","urlTemplate":"https:\/\/techmasterdemexico.com\/?s={search_term_string}"},"query-input":{"@type":"PropertyValueSpecification","valueRequired":true,"valueName":"search_term_string"}}],"inLanguage":"en-US"}]}},"brands":[{"id":670,"name":"ITECH","slug":"itech"}],"_links":{"self":[{"href":"https:\/\/techmasterdemexico.com\/en\/wp-json\/wp\/v2\/product\/22037","targetHints":{"allow":["GET"]}}],"collection":[{"href":"https:\/\/techmasterdemexico.com\/en\/wp-json\/wp\/v2\/product"}],"about":[{"href":"https:\/\/techmasterdemexico.com\/en\/wp-json\/wp\/v2\/types\/product"}],"wp:featuredmedia":[{"embeddable":true,"href":"https:\/\/techmasterdemexico.com\/en\/wp-json\/wp\/v2\/media\/22108"}],"wp:attachment":[{"href":"https:\/\/techmasterdemexico.com\/en\/wp-json\/wp\/v2\/media?parent=22037"}],"wp:term":[{"taxonomy":"pwb-brand","embeddable":true,"href":"https:\/\/techmasterdemexico.com\/en\/wp-json\/wp\/v2\/pwb-brand?post=22037"},{"taxonomy":"product_brand","embeddable":true,"href":"https:\/\/techmasterdemexico.com\/en\/wp-json\/wp\/v2\/product_brand?post=22037"},{"taxonomy":"product_cat","embeddable":true,"href":"https:\/\/techmasterdemexico.com\/en\/wp-json\/wp\/v2\/product_cat?post=22037"},{"taxonomy":"product_tag","embeddable":true,"href":"https:\/\/techmasterdemexico.com\/en\/wp-json\/wp\/v2\/product_tag?post=22037"}],"curies":[{"name":"wp","href":"https:\/\/api.w.org\/{rel}","templated":true}]}}