{"id":22035,"date":"2024-10-18T16:56:15","date_gmt":"2024-10-18T23:56:15","guid":{"rendered":"https:\/\/techmasterdemexico.com\/producto\/fuente-de-alimentacion-cc-programable-bidireccional-it6018c-500-120\/"},"modified":"2024-10-21T12:56:42","modified_gmt":"2024-10-21T19:56:42","slug":"fuente-de-alimentacion-cc-programable-bidireccional-it6018c-500-120","status":"publish","type":"product","link":"https:\/\/techmasterdemexico.com\/en\/producto\/fuente-de-alimentacion-cc-programable-bidireccional-it6018c-500-120\/","title":{"rendered":"Fuente de alimentaci\u00f3n CC programable bidireccional IT6018C-500-120"},"content":{"rendered":"<p>Potencia m\u00e1xima: 18 kW.<br \/>\nRango de voltaje: 0-500 V.<br \/>\nCorriente m\u00e1xima: 120 A.<br \/>\nOperaci\u00f3n bidireccional: Funciona como fuente (source) y carga (sink), permitiendo la regeneraci\u00f3n de energ\u00eda hacia la red.<br \/>\nGenerador de formas de onda: Incluye capacidades para crear y simular formas de onda, lo que es \u00fatil para pruebas especializadas.<br \/>\nInterfaz de comunicaci\u00f3n: Conectividad mediante USB, LAN, CAN, y opciones adicionales como GPIB y RS232.<br \/>\nProtecciones de seguridad: Cuenta con protecci\u00f3n contra sobrecorriente, sobrevoltaje, y fallas en la red, entre otras.<br \/>\nConfiguraci\u00f3n en paralelo: Posibilidad de conectar m\u00faltiples unidades para aumentar la capacidad total de potencia.<\/p>\n","protected":false},"excerpt":{"rendered":"<p>Potencia m\u00e1xima: 18 kW. Rango de voltaje: 0-500 V. Corriente m\u00e1xima: 120 A. Operaci\u00f3n bidireccional: Funciona como fuente (source) y carga (sink), permitiendo la regeneraci\u00f3n de energ\u00eda hacia la red. Generador de formas de onda: Incluye capacidades para crear y simular formas de onda, lo que es \u00fatil para pruebas especializadas. Interfaz de comunicaci\u00f3n: Conectividad [&hellip;]<\/p>\n","protected":false},"featured_media":22141,"template":"","meta":{"_acf_changed":false},"pwb-brand":[670],"product_brand":[],"product_cat":[653,654,652,651],"product_tag":[],"class_list":{"0":"post-22035","1":"product","2":"type-product","3":"status-publish","4":"has-post-thumbnail","6":"pwb-brand-itech","7":"product_cat-bidireccionales-cc","8":"product_cat-fuente-de-alimentacion-cc-programable-bidireccional","9":"product_cat-fuentes-de-alimentacion-cc-programable","10":"product_cat-itech","12":"first","13":"instock","14":"taxable","15":"shipping-taxable","16":"product-type-simple"},"acf":[],"yoast_head":"<!-- This site is optimized with the Yoast SEO plugin v27.3 - https:\/\/yoast.com\/product\/yoast-seo-wordpress\/ -->\n<title>Fuente de alimentaci\u00f3n CC programable bidireccional IT6018C-500-120 - Techmaster de Mexico<\/title>\n<meta name=\"robots\" content=\"index, follow, max-snippet:-1, max-image-preview:large, max-video-preview:-1\" \/>\n<link rel=\"canonical\" href=\"https:\/\/techmasterdemexico.com\/producto\/fuente-de-alimentacion-cc-programable-bidireccional-it6018c-500-120\/\" \/>\n<meta property=\"og:locale\" content=\"en_US\" \/>\n<meta property=\"og:type\" content=\"article\" \/>\n<meta property=\"og:title\" content=\"Fuente de alimentaci\u00f3n CC programable bidireccional IT6018C-500-120 - Techmaster de Mexico\" \/>\n<meta property=\"og:description\" content=\"Potencia m\u00e1xima: 18 kW. Rango de voltaje: 0-500 V. Corriente m\u00e1xima: 120 A. Operaci\u00f3n bidireccional: Funciona como fuente (source) y carga (sink), permitiendo la regeneraci\u00f3n de energ\u00eda hacia la red. Generador de formas de onda: Incluye capacidades para crear y simular formas de onda, lo que es \u00fatil para pruebas especializadas. Interfaz de comunicaci\u00f3n: Conectividad [&hellip;]\" \/>\n<meta property=\"og:url\" content=\"https:\/\/techmasterdemexico.com\/producto\/fuente-de-alimentacion-cc-programable-bidireccional-it6018c-500-120\/\" \/>\n<meta property=\"og:site_name\" content=\"Techmaster de Mexico\" \/>\n<meta property=\"article:modified_time\" content=\"2024-10-21T19:56:42+00:00\" \/>\n<meta property=\"og:image\" content=\"https:\/\/techmasterdemexico.com\/wp-content\/uploads\/IT6018C-500-120-1.png\" \/>\n\t<meta property=\"og:image:width\" content=\"1000\" \/>\n\t<meta property=\"og:image:height\" content=\"1000\" \/>\n\t<meta property=\"og:image:type\" content=\"image\/png\" \/>\n<meta name=\"twitter:card\" content=\"summary_large_image\" \/>\n<meta name=\"twitter:label1\" content=\"Est. reading time\" \/>\n\t<meta name=\"twitter:data1\" content=\"1 minute\" \/>\n<script type=\"application\/ld+json\" class=\"yoast-schema-graph\">{\"@context\":\"https:\\\/\\\/schema.org\",\"@graph\":[{\"@type\":\"WebPage\",\"@id\":\"https:\\\/\\\/techmasterdemexico.com\\\/producto\\\/fuente-de-alimentacion-cc-programable-bidireccional-it6018c-500-120\\\/\",\"url\":\"https:\\\/\\\/techmasterdemexico.com\\\/producto\\\/fuente-de-alimentacion-cc-programable-bidireccional-it6018c-500-120\\\/\",\"name\":\"Fuente de alimentaci\u00f3n CC programable bidireccional IT6018C-500-120 - Techmaster de Mexico\",\"isPartOf\":{\"@id\":\"https:\\\/\\\/techmasterdemexico.com\\\/#website\"},\"primaryImageOfPage\":{\"@id\":\"https:\\\/\\\/techmasterdemexico.com\\\/producto\\\/fuente-de-alimentacion-cc-programable-bidireccional-it6018c-500-120\\\/#primaryimage\"},\"image\":{\"@id\":\"https:\\\/\\\/techmasterdemexico.com\\\/producto\\\/fuente-de-alimentacion-cc-programable-bidireccional-it6018c-500-120\\\/#primaryimage\"},\"thumbnailUrl\":\"https:\\\/\\\/techmasterdemexico.com\\\/wp-content\\\/uploads\\\/IT6018C-500-120-1.png\",\"datePublished\":\"2024-10-18T23:56:15+00:00\",\"dateModified\":\"2024-10-21T19:56:42+00:00\",\"breadcrumb\":{\"@id\":\"https:\\\/\\\/techmasterdemexico.com\\\/producto\\\/fuente-de-alimentacion-cc-programable-bidireccional-it6018c-500-120\\\/#breadcrumb\"},\"inLanguage\":\"en-US\",\"potentialAction\":[{\"@type\":\"ReadAction\",\"target\":[\"https:\\\/\\\/techmasterdemexico.com\\\/producto\\\/fuente-de-alimentacion-cc-programable-bidireccional-it6018c-500-120\\\/\"]}]},{\"@type\":\"ImageObject\",\"inLanguage\":\"en-US\",\"@id\":\"https:\\\/\\\/techmasterdemexico.com\\\/producto\\\/fuente-de-alimentacion-cc-programable-bidireccional-it6018c-500-120\\\/#primaryimage\",\"url\":\"https:\\\/\\\/techmasterdemexico.com\\\/wp-content\\\/uploads\\\/IT6018C-500-120-1.png\",\"contentUrl\":\"https:\\\/\\\/techmasterdemexico.com\\\/wp-content\\\/uploads\\\/IT6018C-500-120-1.png\",\"width\":1000,\"height\":1000},{\"@type\":\"BreadcrumbList\",\"@id\":\"https:\\\/\\\/techmasterdemexico.com\\\/producto\\\/fuente-de-alimentacion-cc-programable-bidireccional-it6018c-500-120\\\/#breadcrumb\",\"itemListElement\":[{\"@type\":\"ListItem\",\"position\":1,\"name\":\"Portada\",\"item\":\"https:\\\/\\\/techmasterdemexico.com\\\/\"},{\"@type\":\"ListItem\",\"position\":2,\"name\":\"Fuente de alimentaci\u00f3n CC programable bidireccional IT6018C-500-120\"}]},{\"@type\":\"WebSite\",\"@id\":\"https:\\\/\\\/techmasterdemexico.com\\\/#website\",\"url\":\"https:\\\/\\\/techmasterdemexico.com\\\/\",\"name\":\"Techmaster de Mexico\",\"description\":\"\",\"potentialAction\":[{\"@type\":\"SearchAction\",\"target\":{\"@type\":\"EntryPoint\",\"urlTemplate\":\"https:\\\/\\\/techmasterdemexico.com\\\/?s={search_term_string}\"},\"query-input\":{\"@type\":\"PropertyValueSpecification\",\"valueRequired\":true,\"valueName\":\"search_term_string\"}}],\"inLanguage\":\"en-US\"}]}<\/script>\n<!-- \/ Yoast SEO plugin. -->","yoast_head_json":{"title":"Fuente de alimentaci\u00f3n CC programable bidireccional IT6018C-500-120 - Techmaster de Mexico","robots":{"index":"index","follow":"follow","max-snippet":"max-snippet:-1","max-image-preview":"max-image-preview:large","max-video-preview":"max-video-preview:-1"},"canonical":"https:\/\/techmasterdemexico.com\/producto\/fuente-de-alimentacion-cc-programable-bidireccional-it6018c-500-120\/","og_locale":"en_US","og_type":"article","og_title":"Fuente de alimentaci\u00f3n CC programable bidireccional IT6018C-500-120 - Techmaster de Mexico","og_description":"Potencia m\u00e1xima: 18 kW. Rango de voltaje: 0-500 V. Corriente m\u00e1xima: 120 A. Operaci\u00f3n bidireccional: Funciona como fuente (source) y carga (sink), permitiendo la regeneraci\u00f3n de energ\u00eda hacia la red. Generador de formas de onda: Incluye capacidades para crear y simular formas de onda, lo que es \u00fatil para pruebas especializadas. Interfaz de comunicaci\u00f3n: Conectividad [&hellip;]","og_url":"https:\/\/techmasterdemexico.com\/producto\/fuente-de-alimentacion-cc-programable-bidireccional-it6018c-500-120\/","og_site_name":"Techmaster de Mexico","article_modified_time":"2024-10-21T19:56:42+00:00","og_image":[{"width":1000,"height":1000,"url":"https:\/\/techmasterdemexico.com\/wp-content\/uploads\/IT6018C-500-120-1.png","type":"image\/png"}],"twitter_card":"summary_large_image","twitter_misc":{"Est. reading time":"1 minute"},"schema":{"@context":"https:\/\/schema.org","@graph":[{"@type":"WebPage","@id":"https:\/\/techmasterdemexico.com\/producto\/fuente-de-alimentacion-cc-programable-bidireccional-it6018c-500-120\/","url":"https:\/\/techmasterdemexico.com\/producto\/fuente-de-alimentacion-cc-programable-bidireccional-it6018c-500-120\/","name":"Fuente de alimentaci\u00f3n CC programable bidireccional IT6018C-500-120 - Techmaster de Mexico","isPartOf":{"@id":"https:\/\/techmasterdemexico.com\/#website"},"primaryImageOfPage":{"@id":"https:\/\/techmasterdemexico.com\/producto\/fuente-de-alimentacion-cc-programable-bidireccional-it6018c-500-120\/#primaryimage"},"image":{"@id":"https:\/\/techmasterdemexico.com\/producto\/fuente-de-alimentacion-cc-programable-bidireccional-it6018c-500-120\/#primaryimage"},"thumbnailUrl":"https:\/\/techmasterdemexico.com\/wp-content\/uploads\/IT6018C-500-120-1.png","datePublished":"2024-10-18T23:56:15+00:00","dateModified":"2024-10-21T19:56:42+00:00","breadcrumb":{"@id":"https:\/\/techmasterdemexico.com\/producto\/fuente-de-alimentacion-cc-programable-bidireccional-it6018c-500-120\/#breadcrumb"},"inLanguage":"en-US","potentialAction":[{"@type":"ReadAction","target":["https:\/\/techmasterdemexico.com\/producto\/fuente-de-alimentacion-cc-programable-bidireccional-it6018c-500-120\/"]}]},{"@type":"ImageObject","inLanguage":"en-US","@id":"https:\/\/techmasterdemexico.com\/producto\/fuente-de-alimentacion-cc-programable-bidireccional-it6018c-500-120\/#primaryimage","url":"https:\/\/techmasterdemexico.com\/wp-content\/uploads\/IT6018C-500-120-1.png","contentUrl":"https:\/\/techmasterdemexico.com\/wp-content\/uploads\/IT6018C-500-120-1.png","width":1000,"height":1000},{"@type":"BreadcrumbList","@id":"https:\/\/techmasterdemexico.com\/producto\/fuente-de-alimentacion-cc-programable-bidireccional-it6018c-500-120\/#breadcrumb","itemListElement":[{"@type":"ListItem","position":1,"name":"Portada","item":"https:\/\/techmasterdemexico.com\/"},{"@type":"ListItem","position":2,"name":"Fuente de alimentaci\u00f3n CC programable bidireccional IT6018C-500-120"}]},{"@type":"WebSite","@id":"https:\/\/techmasterdemexico.com\/#website","url":"https:\/\/techmasterdemexico.com\/","name":"Techmaster de Mexico","description":"","potentialAction":[{"@type":"SearchAction","target":{"@type":"EntryPoint","urlTemplate":"https:\/\/techmasterdemexico.com\/?s={search_term_string}"},"query-input":{"@type":"PropertyValueSpecification","valueRequired":true,"valueName":"search_term_string"}}],"inLanguage":"en-US"}]}},"brands":[{"id":670,"name":"ITECH","slug":"itech"}],"_links":{"self":[{"href":"https:\/\/techmasterdemexico.com\/en\/wp-json\/wp\/v2\/product\/22035","targetHints":{"allow":["GET"]}}],"collection":[{"href":"https:\/\/techmasterdemexico.com\/en\/wp-json\/wp\/v2\/product"}],"about":[{"href":"https:\/\/techmasterdemexico.com\/en\/wp-json\/wp\/v2\/types\/product"}],"wp:featuredmedia":[{"embeddable":true,"href":"https:\/\/techmasterdemexico.com\/en\/wp-json\/wp\/v2\/media\/22141"}],"wp:attachment":[{"href":"https:\/\/techmasterdemexico.com\/en\/wp-json\/wp\/v2\/media?parent=22035"}],"wp:term":[{"taxonomy":"pwb-brand","embeddable":true,"href":"https:\/\/techmasterdemexico.com\/en\/wp-json\/wp\/v2\/pwb-brand?post=22035"},{"taxonomy":"product_brand","embeddable":true,"href":"https:\/\/techmasterdemexico.com\/en\/wp-json\/wp\/v2\/product_brand?post=22035"},{"taxonomy":"product_cat","embeddable":true,"href":"https:\/\/techmasterdemexico.com\/en\/wp-json\/wp\/v2\/product_cat?post=22035"},{"taxonomy":"product_tag","embeddable":true,"href":"https:\/\/techmasterdemexico.com\/en\/wp-json\/wp\/v2\/product_tag?post=22035"}],"curies":[{"name":"wp","href":"https:\/\/api.w.org\/{rel}","templated":true}]}}