{"id":22032,"date":"2024-10-18T16:56:15","date_gmt":"2024-10-18T23:56:15","guid":{"rendered":"https:\/\/techmasterdemexico.com\/producto\/fuente-de-alimentacion-cc-programable-bidireccional-it6005c-80-150\/"},"modified":"2024-10-21T12:53:29","modified_gmt":"2024-10-21T19:53:29","slug":"fuente-de-alimentacion-cc-programable-bidireccional-it6005c-80-150","status":"publish","type":"product","link":"https:\/\/techmasterdemexico.com\/en\/producto\/fuente-de-alimentacion-cc-programable-bidireccional-it6005c-80-150\/","title":{"rendered":"Fuente de alimentaci\u00f3n CC programable bidireccional IT6005C-80-150"},"content":{"rendered":"<p>El IT6005C-80-150 de Rexgear es una fuente de poder DC bidireccional y programable, parte de la serie IT6000C. Tiene la capacidad de operar tanto como fuente (source) como carga regenerativa (sink), lo que permite un flujo de energ\u00eda en dos direcciones y la regeneraci\u00f3n de energ\u00eda hacia la red el\u00e9ctrica, lo que reduce el consumo y los costos de enfriamiento.<br \/>\nEspecificaciones principales:<\/p>\n<p>Voltaje de salida: 0-80 V<br \/>\nCorriente m\u00e1xima: 150 A (con operaci\u00f3n bidireccional)<br \/>\nPotencia m\u00e1xima: 5 kW<br \/>\nEficiencia regenerativa: Hasta 95%<br \/>\nModos de operaci\u00f3n: Control de voltaje constante (CV) y corriente constante (CC), con simulaci\u00f3n I-V y ajuste de impedancia de salida.<\/p>\n<p>Funcionalidades destacadas:<\/p>\n<p>Generador de formas de onda integrado: Permite importar archivos y generar formas de onda arbitrarias.<br \/>\nInterfaz de comunicaci\u00f3n: Incluye USB, CAN, LAN y entradas\/salidas digitales, con opciones adicionales para GPIB y RS-232.<br \/>\nCompatibilidad est\u00e1ndar: Soporta normativas automotrices como DIN40839 e ISO-16750-2, lo que lo hace ideal para pruebas de bater\u00edas y simulaciones solares.<\/p>\n<p>Este equipo es adecuado para entornos que requieren precisi\u00f3n y alta eficiencia, como pruebas automotrices y laboratorios de investigaci\u00f3n que simulan cargas din\u00e1micas. Adem\u00e1s, permite configuraci\u00f3n en paralelo para aplicaciones de mayor potencia, lo que lo hace escalable y vers\u00e1til\u200b<\/p>\n","protected":false},"excerpt":{"rendered":"<p>El IT6005C-80-150 de Rexgear es una fuente de poder DC bidireccional y programable, parte de la serie IT6000C. Tiene la capacidad de operar tanto como fuente (source) como carga regenerativa (sink), lo que permite un flujo de energ\u00eda en dos direcciones y la regeneraci\u00f3n de energ\u00eda hacia la red el\u00e9ctrica, lo que reduce el consumo [&hellip;]<\/p>\n","protected":false},"featured_media":22126,"template":"","meta":{"_acf_changed":false},"pwb-brand":[670],"product_brand":[],"product_cat":[653,654,652,651],"product_tag":[],"class_list":{"0":"post-22032","1":"product","2":"type-product","3":"status-publish","4":"has-post-thumbnail","6":"pwb-brand-itech","7":"product_cat-bidireccionales-cc","8":"product_cat-fuente-de-alimentacion-cc-programable-bidireccional","9":"product_cat-fuentes-de-alimentacion-cc-programable","10":"product_cat-itech","12":"first","13":"instock","14":"taxable","15":"shipping-taxable","16":"product-type-simple"},"acf":[],"yoast_head":"<!-- This site is optimized with the Yoast SEO plugin v27.5 - https:\/\/yoast.com\/product\/yoast-seo-wordpress\/ -->\n<title>Fuente de alimentaci\u00f3n CC programable bidireccional IT6005C-80-150 - Techmaster de Mexico<\/title>\n<meta name=\"robots\" content=\"index, follow, max-snippet:-1, max-image-preview:large, max-video-preview:-1\" \/>\n<link rel=\"canonical\" href=\"https:\/\/techmasterdemexico.com\/producto\/fuente-de-alimentacion-cc-programable-bidireccional-it6005c-80-150\/\" \/>\n<meta property=\"og:locale\" content=\"en_US\" \/>\n<meta property=\"og:type\" content=\"article\" \/>\n<meta property=\"og:title\" content=\"Fuente de alimentaci\u00f3n CC programable bidireccional IT6005C-80-150 - Techmaster de Mexico\" \/>\n<meta property=\"og:description\" content=\"El IT6005C-80-150 de Rexgear es una fuente de poder DC bidireccional y programable, parte de la serie IT6000C. Tiene la capacidad de operar tanto como fuente (source) como carga regenerativa (sink), lo que permite un flujo de energ\u00eda en dos direcciones y la regeneraci\u00f3n de energ\u00eda hacia la red el\u00e9ctrica, lo que reduce el consumo [&hellip;]\" \/>\n<meta property=\"og:url\" content=\"https:\/\/techmasterdemexico.com\/producto\/fuente-de-alimentacion-cc-programable-bidireccional-it6005c-80-150\/\" \/>\n<meta property=\"og:site_name\" content=\"Techmaster de Mexico\" \/>\n<meta property=\"article:modified_time\" content=\"2024-10-21T19:53:29+00:00\" \/>\n<meta property=\"og:image\" content=\"https:\/\/techmasterdemexico.com\/wp-content\/uploads\/IT6005C-80-150.png\" \/>\n\t<meta property=\"og:image:width\" content=\"1000\" \/>\n\t<meta property=\"og:image:height\" content=\"1000\" \/>\n\t<meta property=\"og:image:type\" content=\"image\/png\" \/>\n<meta name=\"twitter:card\" content=\"summary_large_image\" \/>\n<meta name=\"twitter:label1\" content=\"Est. reading time\" \/>\n\t<meta name=\"twitter:data1\" content=\"2 minutes\" \/>\n<script type=\"application\/ld+json\" class=\"yoast-schema-graph\">{\"@context\":\"https:\\\/\\\/schema.org\",\"@graph\":[{\"@type\":\"WebPage\",\"@id\":\"https:\\\/\\\/techmasterdemexico.com\\\/producto\\\/fuente-de-alimentacion-cc-programable-bidireccional-it6005c-80-150\\\/\",\"url\":\"https:\\\/\\\/techmasterdemexico.com\\\/producto\\\/fuente-de-alimentacion-cc-programable-bidireccional-it6005c-80-150\\\/\",\"name\":\"Fuente de alimentaci\u00f3n CC programable bidireccional IT6005C-80-150 - Techmaster de Mexico\",\"isPartOf\":{\"@id\":\"https:\\\/\\\/techmasterdemexico.com\\\/#website\"},\"primaryImageOfPage\":{\"@id\":\"https:\\\/\\\/techmasterdemexico.com\\\/producto\\\/fuente-de-alimentacion-cc-programable-bidireccional-it6005c-80-150\\\/#primaryimage\"},\"image\":{\"@id\":\"https:\\\/\\\/techmasterdemexico.com\\\/producto\\\/fuente-de-alimentacion-cc-programable-bidireccional-it6005c-80-150\\\/#primaryimage\"},\"thumbnailUrl\":\"https:\\\/\\\/techmasterdemexico.com\\\/wp-content\\\/uploads\\\/IT6005C-80-150.png\",\"datePublished\":\"2024-10-18T23:56:15+00:00\",\"dateModified\":\"2024-10-21T19:53:29+00:00\",\"breadcrumb\":{\"@id\":\"https:\\\/\\\/techmasterdemexico.com\\\/producto\\\/fuente-de-alimentacion-cc-programable-bidireccional-it6005c-80-150\\\/#breadcrumb\"},\"inLanguage\":\"en-US\",\"potentialAction\":[{\"@type\":\"ReadAction\",\"target\":[\"https:\\\/\\\/techmasterdemexico.com\\\/producto\\\/fuente-de-alimentacion-cc-programable-bidireccional-it6005c-80-150\\\/\"]}]},{\"@type\":\"ImageObject\",\"inLanguage\":\"en-US\",\"@id\":\"https:\\\/\\\/techmasterdemexico.com\\\/producto\\\/fuente-de-alimentacion-cc-programable-bidireccional-it6005c-80-150\\\/#primaryimage\",\"url\":\"https:\\\/\\\/techmasterdemexico.com\\\/wp-content\\\/uploads\\\/IT6005C-80-150.png\",\"contentUrl\":\"https:\\\/\\\/techmasterdemexico.com\\\/wp-content\\\/uploads\\\/IT6005C-80-150.png\",\"width\":1000,\"height\":1000},{\"@type\":\"BreadcrumbList\",\"@id\":\"https:\\\/\\\/techmasterdemexico.com\\\/producto\\\/fuente-de-alimentacion-cc-programable-bidireccional-it6005c-80-150\\\/#breadcrumb\",\"itemListElement\":[{\"@type\":\"ListItem\",\"position\":1,\"name\":\"Portada\",\"item\":\"https:\\\/\\\/techmasterdemexico.com\\\/\"},{\"@type\":\"ListItem\",\"position\":2,\"name\":\"Fuente de alimentaci\u00f3n CC programable bidireccional IT6005C-80-150\"}]},{\"@type\":\"WebSite\",\"@id\":\"https:\\\/\\\/techmasterdemexico.com\\\/#website\",\"url\":\"https:\\\/\\\/techmasterdemexico.com\\\/\",\"name\":\"Techmaster de Mexico\",\"description\":\"\",\"potentialAction\":[{\"@type\":\"SearchAction\",\"target\":{\"@type\":\"EntryPoint\",\"urlTemplate\":\"https:\\\/\\\/techmasterdemexico.com\\\/?s={search_term_string}\"},\"query-input\":{\"@type\":\"PropertyValueSpecification\",\"valueRequired\":true,\"valueName\":\"search_term_string\"}}],\"inLanguage\":\"en-US\"}]}<\/script>\n<!-- \/ Yoast SEO plugin. -->","yoast_head_json":{"title":"Fuente de alimentaci\u00f3n CC programable bidireccional IT6005C-80-150 - Techmaster de Mexico","robots":{"index":"index","follow":"follow","max-snippet":"max-snippet:-1","max-image-preview":"max-image-preview:large","max-video-preview":"max-video-preview:-1"},"canonical":"https:\/\/techmasterdemexico.com\/producto\/fuente-de-alimentacion-cc-programable-bidireccional-it6005c-80-150\/","og_locale":"en_US","og_type":"article","og_title":"Fuente de alimentaci\u00f3n CC programable bidireccional IT6005C-80-150 - Techmaster de Mexico","og_description":"El IT6005C-80-150 de Rexgear es una fuente de poder DC bidireccional y programable, parte de la serie IT6000C. Tiene la capacidad de operar tanto como fuente (source) como carga regenerativa (sink), lo que permite un flujo de energ\u00eda en dos direcciones y la regeneraci\u00f3n de energ\u00eda hacia la red el\u00e9ctrica, lo que reduce el consumo [&hellip;]","og_url":"https:\/\/techmasterdemexico.com\/producto\/fuente-de-alimentacion-cc-programable-bidireccional-it6005c-80-150\/","og_site_name":"Techmaster de Mexico","article_modified_time":"2024-10-21T19:53:29+00:00","og_image":[{"width":1000,"height":1000,"url":"https:\/\/techmasterdemexico.com\/wp-content\/uploads\/IT6005C-80-150.png","type":"image\/png"}],"twitter_card":"summary_large_image","twitter_misc":{"Est. reading time":"2 minutes"},"schema":{"@context":"https:\/\/schema.org","@graph":[{"@type":"WebPage","@id":"https:\/\/techmasterdemexico.com\/producto\/fuente-de-alimentacion-cc-programable-bidireccional-it6005c-80-150\/","url":"https:\/\/techmasterdemexico.com\/producto\/fuente-de-alimentacion-cc-programable-bidireccional-it6005c-80-150\/","name":"Fuente de alimentaci\u00f3n CC programable bidireccional IT6005C-80-150 - Techmaster de Mexico","isPartOf":{"@id":"https:\/\/techmasterdemexico.com\/#website"},"primaryImageOfPage":{"@id":"https:\/\/techmasterdemexico.com\/producto\/fuente-de-alimentacion-cc-programable-bidireccional-it6005c-80-150\/#primaryimage"},"image":{"@id":"https:\/\/techmasterdemexico.com\/producto\/fuente-de-alimentacion-cc-programable-bidireccional-it6005c-80-150\/#primaryimage"},"thumbnailUrl":"https:\/\/techmasterdemexico.com\/wp-content\/uploads\/IT6005C-80-150.png","datePublished":"2024-10-18T23:56:15+00:00","dateModified":"2024-10-21T19:53:29+00:00","breadcrumb":{"@id":"https:\/\/techmasterdemexico.com\/producto\/fuente-de-alimentacion-cc-programable-bidireccional-it6005c-80-150\/#breadcrumb"},"inLanguage":"en-US","potentialAction":[{"@type":"ReadAction","target":["https:\/\/techmasterdemexico.com\/producto\/fuente-de-alimentacion-cc-programable-bidireccional-it6005c-80-150\/"]}]},{"@type":"ImageObject","inLanguage":"en-US","@id":"https:\/\/techmasterdemexico.com\/producto\/fuente-de-alimentacion-cc-programable-bidireccional-it6005c-80-150\/#primaryimage","url":"https:\/\/techmasterdemexico.com\/wp-content\/uploads\/IT6005C-80-150.png","contentUrl":"https:\/\/techmasterdemexico.com\/wp-content\/uploads\/IT6005C-80-150.png","width":1000,"height":1000},{"@type":"BreadcrumbList","@id":"https:\/\/techmasterdemexico.com\/producto\/fuente-de-alimentacion-cc-programable-bidireccional-it6005c-80-150\/#breadcrumb","itemListElement":[{"@type":"ListItem","position":1,"name":"Portada","item":"https:\/\/techmasterdemexico.com\/"},{"@type":"ListItem","position":2,"name":"Fuente de alimentaci\u00f3n CC programable bidireccional IT6005C-80-150"}]},{"@type":"WebSite","@id":"https:\/\/techmasterdemexico.com\/#website","url":"https:\/\/techmasterdemexico.com\/","name":"Techmaster de Mexico","description":"","potentialAction":[{"@type":"SearchAction","target":{"@type":"EntryPoint","urlTemplate":"https:\/\/techmasterdemexico.com\/?s={search_term_string}"},"query-input":{"@type":"PropertyValueSpecification","valueRequired":true,"valueName":"search_term_string"}}],"inLanguage":"en-US"}]}},"brands":[{"id":670,"name":"ITECH","slug":"itech"}],"_links":{"self":[{"href":"https:\/\/techmasterdemexico.com\/en\/wp-json\/wp\/v2\/product\/22032","targetHints":{"allow":["GET"]}}],"collection":[{"href":"https:\/\/techmasterdemexico.com\/en\/wp-json\/wp\/v2\/product"}],"about":[{"href":"https:\/\/techmasterdemexico.com\/en\/wp-json\/wp\/v2\/types\/product"}],"wp:featuredmedia":[{"embeddable":true,"href":"https:\/\/techmasterdemexico.com\/en\/wp-json\/wp\/v2\/media\/22126"}],"wp:attachment":[{"href":"https:\/\/techmasterdemexico.com\/en\/wp-json\/wp\/v2\/media?parent=22032"}],"wp:term":[{"taxonomy":"pwb-brand","embeddable":true,"href":"https:\/\/techmasterdemexico.com\/en\/wp-json\/wp\/v2\/pwb-brand?post=22032"},{"taxonomy":"product_brand","embeddable":true,"href":"https:\/\/techmasterdemexico.com\/en\/wp-json\/wp\/v2\/product_brand?post=22032"},{"taxonomy":"product_cat","embeddable":true,"href":"https:\/\/techmasterdemexico.com\/en\/wp-json\/wp\/v2\/product_cat?post=22032"},{"taxonomy":"product_tag","embeddable":true,"href":"https:\/\/techmasterdemexico.com\/en\/wp-json\/wp\/v2\/product_tag?post=22032"}],"curies":[{"name":"wp","href":"https:\/\/api.w.org\/{rel}","templated":true}]}}