{"id":21449,"date":"2024-09-19T12:23:28","date_gmt":"2024-09-19T19:23:28","guid":{"rendered":"https:\/\/techmasterdemexico.com\/producto\/estuche-de-transporte-modelo-9095\/"},"modified":"2024-09-24T16:59:47","modified_gmt":"2024-09-24T23:59:47","slug":"estuche-de-transporte-modelo-9095","status":"publish","type":"product","link":"https:\/\/techmasterdemexico.com\/en\/producto\/estuche-de-transporte-modelo-9095\/","title":{"rendered":"Estuche de transporte MODELO 9095"},"content":{"rendered":"<ul>\n<li>Malet\u00edn de transporte<\/li>\n<li>162 (L) \u00d7 134 (A) \u00d7 45 (P)mm<\/li>\n<\/ul>\n<p>Especificaci\u00f3n<br \/>\nModelos aplicables 1009, 1011, 1012, 2010, 8112, 8112BNC, 8115, 8121, 8122, 8125, 8126, 8127, 8128, 8130, 8133, 8135, 8141, 8142, 8146, 8147, 8177<\/p>\n","protected":false},"excerpt":{"rendered":"<p>Malet\u00edn de transporte 162 (L) \u00d7 134 (A) \u00d7 45 (P)mm Especificaci\u00f3n Modelos aplicables 1009, 1011, 1012, 2010, 8112, 8112BNC, 8115, 8121, 8122, 8125, 8126, 8127, 8128, 8130, 8133, 8135, 8141, 8142, 8146, 8147, 8177<\/p>\n","protected":false},"featured_media":21941,"template":"","meta":{"_acf_changed":false},"pwb-brand":[624],"product_brand":[],"product_cat":[650,620,644],"product_tag":[],"class_list":{"0":"post-21449","1":"product","2":"type-product","3":"status-publish","4":"has-post-thumbnail","6":"pwb-brand-kyoritsu","7":"product_cat-accesorios-sensores-accesorios","8":"product_cat-kyoritsu","9":"product_cat-sensores-accesorios","11":"first","12":"instock","13":"taxable","14":"shipping-taxable","15":"product-type-simple"},"acf":[],"yoast_head":"<!-- This site is optimized with the Yoast SEO plugin v27.3 - https:\/\/yoast.com\/product\/yoast-seo-wordpress\/ -->\n<title>Estuche de transporte MODELO 9095 - Techmaster de Mexico<\/title>\n<meta name=\"robots\" content=\"index, follow, max-snippet:-1, max-image-preview:large, max-video-preview:-1\" \/>\n<link rel=\"canonical\" href=\"https:\/\/techmasterdemexico.com\/en\/producto\/estuche-de-transporte-modelo-9095\/\" \/>\n<meta property=\"og:locale\" content=\"en_US\" \/>\n<meta property=\"og:type\" content=\"article\" \/>\n<meta property=\"og:title\" content=\"Estuche de transporte MODELO 9095 - Techmaster de Mexico\" \/>\n<meta property=\"og:description\" content=\"Malet\u00edn de transporte 162 (L) \u00d7 134 (A) \u00d7 45 (P)mm Especificaci\u00f3n Modelos aplicables 1009, 1011, 1012, 2010, 8112, 8112BNC, 8115, 8121, 8122, 8125, 8126, 8127, 8128, 8130, 8133, 8135, 8141, 8142, 8146, 8147, 8177\" \/>\n<meta property=\"og:url\" content=\"https:\/\/techmasterdemexico.com\/en\/producto\/estuche-de-transporte-modelo-9095\/\" \/>\n<meta property=\"og:site_name\" content=\"Techmaster de Mexico\" \/>\n<meta property=\"article:modified_time\" content=\"2024-09-24T23:59:47+00:00\" \/>\n<meta property=\"og:image\" content=\"https:\/\/techmasterdemexico.com\/wp-content\/uploads\/MODEL-9095.jpg\" \/>\n\t<meta property=\"og:image:width\" content=\"1000\" \/>\n\t<meta property=\"og:image:height\" content=\"1000\" \/>\n\t<meta property=\"og:image:type\" content=\"image\/jpeg\" \/>\n<meta name=\"twitter:card\" content=\"summary_large_image\" \/>\n<meta name=\"twitter:label1\" content=\"Est. reading time\" \/>\n\t<meta name=\"twitter:data1\" content=\"1 minute\" \/>\n<script type=\"application\/ld+json\" class=\"yoast-schema-graph\">{\"@context\":\"https:\\\/\\\/schema.org\",\"@graph\":[{\"@type\":\"WebPage\",\"@id\":\"https:\\\/\\\/techmasterdemexico.com\\\/en\\\/producto\\\/estuche-de-transporte-modelo-9095\\\/\",\"url\":\"https:\\\/\\\/techmasterdemexico.com\\\/en\\\/producto\\\/estuche-de-transporte-modelo-9095\\\/\",\"name\":\"Estuche de transporte MODELO 9095 - Techmaster de Mexico\",\"isPartOf\":{\"@id\":\"https:\\\/\\\/techmasterdemexico.com\\\/#website\"},\"primaryImageOfPage\":{\"@id\":\"https:\\\/\\\/techmasterdemexico.com\\\/en\\\/producto\\\/estuche-de-transporte-modelo-9095\\\/#primaryimage\"},\"image\":{\"@id\":\"https:\\\/\\\/techmasterdemexico.com\\\/en\\\/producto\\\/estuche-de-transporte-modelo-9095\\\/#primaryimage\"},\"thumbnailUrl\":\"https:\\\/\\\/techmasterdemexico.com\\\/wp-content\\\/uploads\\\/MODEL-9095.jpg\",\"datePublished\":\"2024-09-19T19:23:28+00:00\",\"dateModified\":\"2024-09-24T23:59:47+00:00\",\"breadcrumb\":{\"@id\":\"https:\\\/\\\/techmasterdemexico.com\\\/en\\\/producto\\\/estuche-de-transporte-modelo-9095\\\/#breadcrumb\"},\"inLanguage\":\"en-US\",\"potentialAction\":[{\"@type\":\"ReadAction\",\"target\":[\"https:\\\/\\\/techmasterdemexico.com\\\/en\\\/producto\\\/estuche-de-transporte-modelo-9095\\\/\"]}]},{\"@type\":\"ImageObject\",\"inLanguage\":\"en-US\",\"@id\":\"https:\\\/\\\/techmasterdemexico.com\\\/en\\\/producto\\\/estuche-de-transporte-modelo-9095\\\/#primaryimage\",\"url\":\"https:\\\/\\\/techmasterdemexico.com\\\/wp-content\\\/uploads\\\/MODEL-9095.jpg\",\"contentUrl\":\"https:\\\/\\\/techmasterdemexico.com\\\/wp-content\\\/uploads\\\/MODEL-9095.jpg\",\"width\":1000,\"height\":1000},{\"@type\":\"BreadcrumbList\",\"@id\":\"https:\\\/\\\/techmasterdemexico.com\\\/en\\\/producto\\\/estuche-de-transporte-modelo-9095\\\/#breadcrumb\",\"itemListElement\":[{\"@type\":\"ListItem\",\"position\":1,\"name\":\"Portada\",\"item\":\"https:\\\/\\\/techmasterdemexico.com\\\/\"},{\"@type\":\"ListItem\",\"position\":2,\"name\":\"Estuche de transporte MODELO 9095\"}]},{\"@type\":\"WebSite\",\"@id\":\"https:\\\/\\\/techmasterdemexico.com\\\/#website\",\"url\":\"https:\\\/\\\/techmasterdemexico.com\\\/\",\"name\":\"Techmaster de Mexico\",\"description\":\"\",\"potentialAction\":[{\"@type\":\"SearchAction\",\"target\":{\"@type\":\"EntryPoint\",\"urlTemplate\":\"https:\\\/\\\/techmasterdemexico.com\\\/?s={search_term_string}\"},\"query-input\":{\"@type\":\"PropertyValueSpecification\",\"valueRequired\":true,\"valueName\":\"search_term_string\"}}],\"inLanguage\":\"en-US\"}]}<\/script>\n<!-- \/ Yoast SEO plugin. -->","yoast_head_json":{"title":"Estuche de transporte MODELO 9095 - Techmaster de Mexico","robots":{"index":"index","follow":"follow","max-snippet":"max-snippet:-1","max-image-preview":"max-image-preview:large","max-video-preview":"max-video-preview:-1"},"canonical":"https:\/\/techmasterdemexico.com\/en\/producto\/estuche-de-transporte-modelo-9095\/","og_locale":"en_US","og_type":"article","og_title":"Estuche de transporte MODELO 9095 - Techmaster de Mexico","og_description":"Malet\u00edn de transporte 162 (L) \u00d7 134 (A) \u00d7 45 (P)mm Especificaci\u00f3n Modelos aplicables 1009, 1011, 1012, 2010, 8112, 8112BNC, 8115, 8121, 8122, 8125, 8126, 8127, 8128, 8130, 8133, 8135, 8141, 8142, 8146, 8147, 8177","og_url":"https:\/\/techmasterdemexico.com\/en\/producto\/estuche-de-transporte-modelo-9095\/","og_site_name":"Techmaster de Mexico","article_modified_time":"2024-09-24T23:59:47+00:00","og_image":[{"width":1000,"height":1000,"url":"https:\/\/techmasterdemexico.com\/wp-content\/uploads\/MODEL-9095.jpg","type":"image\/jpeg"}],"twitter_card":"summary_large_image","twitter_misc":{"Est. reading time":"1 minute"},"schema":{"@context":"https:\/\/schema.org","@graph":[{"@type":"WebPage","@id":"https:\/\/techmasterdemexico.com\/en\/producto\/estuche-de-transporte-modelo-9095\/","url":"https:\/\/techmasterdemexico.com\/en\/producto\/estuche-de-transporte-modelo-9095\/","name":"Estuche de transporte MODELO 9095 - Techmaster de Mexico","isPartOf":{"@id":"https:\/\/techmasterdemexico.com\/#website"},"primaryImageOfPage":{"@id":"https:\/\/techmasterdemexico.com\/en\/producto\/estuche-de-transporte-modelo-9095\/#primaryimage"},"image":{"@id":"https:\/\/techmasterdemexico.com\/en\/producto\/estuche-de-transporte-modelo-9095\/#primaryimage"},"thumbnailUrl":"https:\/\/techmasterdemexico.com\/wp-content\/uploads\/MODEL-9095.jpg","datePublished":"2024-09-19T19:23:28+00:00","dateModified":"2024-09-24T23:59:47+00:00","breadcrumb":{"@id":"https:\/\/techmasterdemexico.com\/en\/producto\/estuche-de-transporte-modelo-9095\/#breadcrumb"},"inLanguage":"en-US","potentialAction":[{"@type":"ReadAction","target":["https:\/\/techmasterdemexico.com\/en\/producto\/estuche-de-transporte-modelo-9095\/"]}]},{"@type":"ImageObject","inLanguage":"en-US","@id":"https:\/\/techmasterdemexico.com\/en\/producto\/estuche-de-transporte-modelo-9095\/#primaryimage","url":"https:\/\/techmasterdemexico.com\/wp-content\/uploads\/MODEL-9095.jpg","contentUrl":"https:\/\/techmasterdemexico.com\/wp-content\/uploads\/MODEL-9095.jpg","width":1000,"height":1000},{"@type":"BreadcrumbList","@id":"https:\/\/techmasterdemexico.com\/en\/producto\/estuche-de-transporte-modelo-9095\/#breadcrumb","itemListElement":[{"@type":"ListItem","position":1,"name":"Portada","item":"https:\/\/techmasterdemexico.com\/"},{"@type":"ListItem","position":2,"name":"Estuche de transporte MODELO 9095"}]},{"@type":"WebSite","@id":"https:\/\/techmasterdemexico.com\/#website","url":"https:\/\/techmasterdemexico.com\/","name":"Techmaster de Mexico","description":"","potentialAction":[{"@type":"SearchAction","target":{"@type":"EntryPoint","urlTemplate":"https:\/\/techmasterdemexico.com\/?s={search_term_string}"},"query-input":{"@type":"PropertyValueSpecification","valueRequired":true,"valueName":"search_term_string"}}],"inLanguage":"en-US"}]}},"brands":[{"id":624,"name":"Kyoritsu","slug":"kyoritsu"}],"_links":{"self":[{"href":"https:\/\/techmasterdemexico.com\/en\/wp-json\/wp\/v2\/product\/21449","targetHints":{"allow":["GET"]}}],"collection":[{"href":"https:\/\/techmasterdemexico.com\/en\/wp-json\/wp\/v2\/product"}],"about":[{"href":"https:\/\/techmasterdemexico.com\/en\/wp-json\/wp\/v2\/types\/product"}],"wp:featuredmedia":[{"embeddable":true,"href":"https:\/\/techmasterdemexico.com\/en\/wp-json\/wp\/v2\/media\/21941"}],"wp:attachment":[{"href":"https:\/\/techmasterdemexico.com\/en\/wp-json\/wp\/v2\/media?parent=21449"}],"wp:term":[{"taxonomy":"pwb-brand","embeddable":true,"href":"https:\/\/techmasterdemexico.com\/en\/wp-json\/wp\/v2\/pwb-brand?post=21449"},{"taxonomy":"product_brand","embeddable":true,"href":"https:\/\/techmasterdemexico.com\/en\/wp-json\/wp\/v2\/product_brand?post=21449"},{"taxonomy":"product_cat","embeddable":true,"href":"https:\/\/techmasterdemexico.com\/en\/wp-json\/wp\/v2\/product_cat?post=21449"},{"taxonomy":"product_tag","embeddable":true,"href":"https:\/\/techmasterdemexico.com\/en\/wp-json\/wp\/v2\/product_tag?post=21449"}],"curies":[{"name":"wp","href":"https:\/\/api.w.org\/{rel}","templated":true}]}}