{"id":21439,"date":"2024-09-19T12:23:26","date_gmt":"2024-09-19T19:23:26","guid":{"rendered":"https:\/\/techmasterdemexico.com\/producto\/estuche-de-transporte-con-iman-modelo-9132\/"},"modified":"2024-09-24T17:03:52","modified_gmt":"2024-09-25T00:03:52","slug":"estuche-de-transporte-con-iman-modelo-9132","status":"publish","type":"product","link":"https:\/\/techmasterdemexico.com\/en\/producto\/estuche-de-transporte-con-iman-modelo-9132\/","title":{"rendered":"Estuche de transporte con im\u00e1n MODELO 9132"},"content":{"rendered":"<p>Malet\u00edn de transporte con im\u00e1n<\/p>\n<ul>\n<li>Ajuste f\u00e1cil con im\u00e1n en la placa de acero, etc. del cuadro de distribuci\u00f3n<\/li>\n<li>188 (L) \u00d7 136 (A) \u00d7 77 (P)mm<\/li>\n<\/ul>\n<p>Especificaci\u00f3n<br \/>\nModelos aplicables 6305,6315<\/p>\n","protected":false},"excerpt":{"rendered":"<p>Malet\u00edn de transporte con im\u00e1n Ajuste f\u00e1cil con im\u00e1n en la placa de acero, etc. del cuadro de distribuci\u00f3n 188 (L) \u00d7 136 (A) \u00d7 77 (P)mm Especificaci\u00f3n Modelos aplicables 6305,6315<\/p>\n","protected":false},"featured_media":21946,"template":"","meta":{"_acf_changed":false},"pwb-brand":[624],"product_brand":[],"product_cat":[650,620,644],"product_tag":[],"class_list":{"0":"post-21439","1":"product","2":"type-product","3":"status-publish","4":"has-post-thumbnail","6":"pwb-brand-kyoritsu","7":"product_cat-accesorios-sensores-accesorios","8":"product_cat-kyoritsu","9":"product_cat-sensores-accesorios","11":"first","12":"instock","13":"taxable","14":"shipping-taxable","15":"product-type-simple"},"acf":[],"yoast_head":"<!-- This site is optimized with the Yoast SEO plugin v27.3 - https:\/\/yoast.com\/product\/yoast-seo-wordpress\/ -->\n<title>Estuche de transporte con im\u00e1n MODELO 9132 - Techmaster de Mexico<\/title>\n<meta name=\"robots\" content=\"index, follow, max-snippet:-1, max-image-preview:large, max-video-preview:-1\" \/>\n<link rel=\"canonical\" href=\"https:\/\/techmasterdemexico.com\/producto\/estuche-de-transporte-con-iman-modelo-9132\/\" \/>\n<meta property=\"og:locale\" content=\"en_US\" \/>\n<meta property=\"og:type\" content=\"article\" \/>\n<meta property=\"og:title\" content=\"Estuche de transporte con im\u00e1n MODELO 9132 - Techmaster de Mexico\" \/>\n<meta property=\"og:description\" content=\"Malet\u00edn de transporte con im\u00e1n Ajuste f\u00e1cil con im\u00e1n en la placa de acero, etc. del cuadro de distribuci\u00f3n 188 (L) \u00d7 136 (A) \u00d7 77 (P)mm Especificaci\u00f3n Modelos aplicables 6305,6315\" \/>\n<meta property=\"og:url\" content=\"https:\/\/techmasterdemexico.com\/producto\/estuche-de-transporte-con-iman-modelo-9132\/\" \/>\n<meta property=\"og:site_name\" content=\"Techmaster de Mexico\" \/>\n<meta property=\"article:modified_time\" content=\"2024-09-25T00:03:52+00:00\" \/>\n<meta property=\"og:image\" content=\"https:\/\/techmasterdemexico.com\/wp-content\/uploads\/MODEL-9132.jpg\" \/>\n\t<meta property=\"og:image:width\" content=\"1000\" \/>\n\t<meta property=\"og:image:height\" content=\"1000\" \/>\n\t<meta property=\"og:image:type\" content=\"image\/jpeg\" \/>\n<meta name=\"twitter:card\" content=\"summary_large_image\" \/>\n<meta name=\"twitter:label1\" content=\"Est. reading time\" \/>\n\t<meta name=\"twitter:data1\" content=\"1 minute\" \/>\n<script type=\"application\/ld+json\" class=\"yoast-schema-graph\">{\"@context\":\"https:\\\/\\\/schema.org\",\"@graph\":[{\"@type\":\"WebPage\",\"@id\":\"https:\\\/\\\/techmasterdemexico.com\\\/producto\\\/estuche-de-transporte-con-iman-modelo-9132\\\/\",\"url\":\"https:\\\/\\\/techmasterdemexico.com\\\/producto\\\/estuche-de-transporte-con-iman-modelo-9132\\\/\",\"name\":\"Estuche de transporte con im\u00e1n MODELO 9132 - Techmaster de Mexico\",\"isPartOf\":{\"@id\":\"https:\\\/\\\/techmasterdemexico.com\\\/#website\"},\"primaryImageOfPage\":{\"@id\":\"https:\\\/\\\/techmasterdemexico.com\\\/producto\\\/estuche-de-transporte-con-iman-modelo-9132\\\/#primaryimage\"},\"image\":{\"@id\":\"https:\\\/\\\/techmasterdemexico.com\\\/producto\\\/estuche-de-transporte-con-iman-modelo-9132\\\/#primaryimage\"},\"thumbnailUrl\":\"https:\\\/\\\/techmasterdemexico.com\\\/wp-content\\\/uploads\\\/MODEL-9132.jpg\",\"datePublished\":\"2024-09-19T19:23:26+00:00\",\"dateModified\":\"2024-09-25T00:03:52+00:00\",\"breadcrumb\":{\"@id\":\"https:\\\/\\\/techmasterdemexico.com\\\/producto\\\/estuche-de-transporte-con-iman-modelo-9132\\\/#breadcrumb\"},\"inLanguage\":\"en-US\",\"potentialAction\":[{\"@type\":\"ReadAction\",\"target\":[\"https:\\\/\\\/techmasterdemexico.com\\\/producto\\\/estuche-de-transporte-con-iman-modelo-9132\\\/\"]}]},{\"@type\":\"ImageObject\",\"inLanguage\":\"en-US\",\"@id\":\"https:\\\/\\\/techmasterdemexico.com\\\/producto\\\/estuche-de-transporte-con-iman-modelo-9132\\\/#primaryimage\",\"url\":\"https:\\\/\\\/techmasterdemexico.com\\\/wp-content\\\/uploads\\\/MODEL-9132.jpg\",\"contentUrl\":\"https:\\\/\\\/techmasterdemexico.com\\\/wp-content\\\/uploads\\\/MODEL-9132.jpg\",\"width\":1000,\"height\":1000},{\"@type\":\"BreadcrumbList\",\"@id\":\"https:\\\/\\\/techmasterdemexico.com\\\/producto\\\/estuche-de-transporte-con-iman-modelo-9132\\\/#breadcrumb\",\"itemListElement\":[{\"@type\":\"ListItem\",\"position\":1,\"name\":\"Portada\",\"item\":\"https:\\\/\\\/techmasterdemexico.com\\\/\"},{\"@type\":\"ListItem\",\"position\":2,\"name\":\"Estuche de transporte con im\u00e1n MODELO 9132\"}]},{\"@type\":\"WebSite\",\"@id\":\"https:\\\/\\\/techmasterdemexico.com\\\/#website\",\"url\":\"https:\\\/\\\/techmasterdemexico.com\\\/\",\"name\":\"Techmaster de Mexico\",\"description\":\"\",\"potentialAction\":[{\"@type\":\"SearchAction\",\"target\":{\"@type\":\"EntryPoint\",\"urlTemplate\":\"https:\\\/\\\/techmasterdemexico.com\\\/?s={search_term_string}\"},\"query-input\":{\"@type\":\"PropertyValueSpecification\",\"valueRequired\":true,\"valueName\":\"search_term_string\"}}],\"inLanguage\":\"en-US\"}]}<\/script>\n<!-- \/ Yoast SEO plugin. -->","yoast_head_json":{"title":"Estuche de transporte con im\u00e1n MODELO 9132 - Techmaster de Mexico","robots":{"index":"index","follow":"follow","max-snippet":"max-snippet:-1","max-image-preview":"max-image-preview:large","max-video-preview":"max-video-preview:-1"},"canonical":"https:\/\/techmasterdemexico.com\/producto\/estuche-de-transporte-con-iman-modelo-9132\/","og_locale":"en_US","og_type":"article","og_title":"Estuche de transporte con im\u00e1n MODELO 9132 - Techmaster de Mexico","og_description":"Malet\u00edn de transporte con im\u00e1n Ajuste f\u00e1cil con im\u00e1n en la placa de acero, etc. del cuadro de distribuci\u00f3n 188 (L) \u00d7 136 (A) \u00d7 77 (P)mm Especificaci\u00f3n Modelos aplicables 6305,6315","og_url":"https:\/\/techmasterdemexico.com\/producto\/estuche-de-transporte-con-iman-modelo-9132\/","og_site_name":"Techmaster de Mexico","article_modified_time":"2024-09-25T00:03:52+00:00","og_image":[{"width":1000,"height":1000,"url":"https:\/\/techmasterdemexico.com\/wp-content\/uploads\/MODEL-9132.jpg","type":"image\/jpeg"}],"twitter_card":"summary_large_image","twitter_misc":{"Est. reading time":"1 minute"},"schema":{"@context":"https:\/\/schema.org","@graph":[{"@type":"WebPage","@id":"https:\/\/techmasterdemexico.com\/producto\/estuche-de-transporte-con-iman-modelo-9132\/","url":"https:\/\/techmasterdemexico.com\/producto\/estuche-de-transporte-con-iman-modelo-9132\/","name":"Estuche de transporte con im\u00e1n MODELO 9132 - Techmaster de Mexico","isPartOf":{"@id":"https:\/\/techmasterdemexico.com\/#website"},"primaryImageOfPage":{"@id":"https:\/\/techmasterdemexico.com\/producto\/estuche-de-transporte-con-iman-modelo-9132\/#primaryimage"},"image":{"@id":"https:\/\/techmasterdemexico.com\/producto\/estuche-de-transporte-con-iman-modelo-9132\/#primaryimage"},"thumbnailUrl":"https:\/\/techmasterdemexico.com\/wp-content\/uploads\/MODEL-9132.jpg","datePublished":"2024-09-19T19:23:26+00:00","dateModified":"2024-09-25T00:03:52+00:00","breadcrumb":{"@id":"https:\/\/techmasterdemexico.com\/producto\/estuche-de-transporte-con-iman-modelo-9132\/#breadcrumb"},"inLanguage":"en-US","potentialAction":[{"@type":"ReadAction","target":["https:\/\/techmasterdemexico.com\/producto\/estuche-de-transporte-con-iman-modelo-9132\/"]}]},{"@type":"ImageObject","inLanguage":"en-US","@id":"https:\/\/techmasterdemexico.com\/producto\/estuche-de-transporte-con-iman-modelo-9132\/#primaryimage","url":"https:\/\/techmasterdemexico.com\/wp-content\/uploads\/MODEL-9132.jpg","contentUrl":"https:\/\/techmasterdemexico.com\/wp-content\/uploads\/MODEL-9132.jpg","width":1000,"height":1000},{"@type":"BreadcrumbList","@id":"https:\/\/techmasterdemexico.com\/producto\/estuche-de-transporte-con-iman-modelo-9132\/#breadcrumb","itemListElement":[{"@type":"ListItem","position":1,"name":"Portada","item":"https:\/\/techmasterdemexico.com\/"},{"@type":"ListItem","position":2,"name":"Estuche de transporte con im\u00e1n MODELO 9132"}]},{"@type":"WebSite","@id":"https:\/\/techmasterdemexico.com\/#website","url":"https:\/\/techmasterdemexico.com\/","name":"Techmaster de Mexico","description":"","potentialAction":[{"@type":"SearchAction","target":{"@type":"EntryPoint","urlTemplate":"https:\/\/techmasterdemexico.com\/?s={search_term_string}"},"query-input":{"@type":"PropertyValueSpecification","valueRequired":true,"valueName":"search_term_string"}}],"inLanguage":"en-US"}]}},"brands":[{"id":624,"name":"Kyoritsu","slug":"kyoritsu"}],"_links":{"self":[{"href":"https:\/\/techmasterdemexico.com\/en\/wp-json\/wp\/v2\/product\/21439","targetHints":{"allow":["GET"]}}],"collection":[{"href":"https:\/\/techmasterdemexico.com\/en\/wp-json\/wp\/v2\/product"}],"about":[{"href":"https:\/\/techmasterdemexico.com\/en\/wp-json\/wp\/v2\/types\/product"}],"wp:featuredmedia":[{"embeddable":true,"href":"https:\/\/techmasterdemexico.com\/en\/wp-json\/wp\/v2\/media\/21946"}],"wp:attachment":[{"href":"https:\/\/techmasterdemexico.com\/en\/wp-json\/wp\/v2\/media?parent=21439"}],"wp:term":[{"taxonomy":"pwb-brand","embeddable":true,"href":"https:\/\/techmasterdemexico.com\/en\/wp-json\/wp\/v2\/pwb-brand?post=21439"},{"taxonomy":"product_brand","embeddable":true,"href":"https:\/\/techmasterdemexico.com\/en\/wp-json\/wp\/v2\/product_brand?post=21439"},{"taxonomy":"product_cat","embeddable":true,"href":"https:\/\/techmasterdemexico.com\/en\/wp-json\/wp\/v2\/product_cat?post=21439"},{"taxonomy":"product_tag","embeddable":true,"href":"https:\/\/techmasterdemexico.com\/en\/wp-json\/wp\/v2\/product_tag?post=21439"}],"curies":[{"name":"wp","href":"https:\/\/api.w.org\/{rel}","templated":true}]}}