{"id":21317,"date":"2024-09-19T12:22:52","date_gmt":"2024-09-19T19:22:52","guid":{"rendered":"https:\/\/techmasterdemexico.com\/producto\/para-el-registrador-kew-5050\/"},"modified":"2024-09-24T11:50:32","modified_gmt":"2024-09-24T18:50:32","slug":"para-el-registrador-kew-5050","status":"publish","type":"product","link":"https:\/\/techmasterdemexico.com\/en\/producto\/para-el-registrador-kew-5050\/","title":{"rendered":"Para el registrador KEW 5050"},"content":{"rendered":"<p>\u00a1Registrador Ior sin precedentes!<\/p>\n<ul>\n<li>Proporciona mediciones simult\u00e1neas y registra hasta 4 canales<\/li>\n<li>Soporta varios sistemas de cableado<\/li>\n<li>(Monof\u00e1sico 2&amp;3 hilos, Trif\u00e1sico 3&amp;4 hilos*) *Excepto Ior para trif\u00e1sico 4 hilos<\/li>\n<li>La velocidad de clase m\u00e1s r\u00e1pida del mundo con un intervalo de 200 ms para la medici\u00f3n de corriente de fuga<\/li>\n<li>Ofrece mediciones tradicionales de corriente de fuga y de carga<\/li>\n<li>Gran pantalla gr\u00e1fica e im\u00e1n en la carcasa trasera para fijarlo en armarios met\u00e1licos<\/li>\n<\/ul>\n","protected":false},"excerpt":{"rendered":"<p>\u00a1Registrador Ior sin precedentes! Proporciona mediciones simult\u00e1neas y registra hasta 4 canales Soporta varios sistemas de cableado (Monof\u00e1sico 2&amp;3 hilos, Trif\u00e1sico 3&amp;4 hilos*) *Excepto Ior para trif\u00e1sico 4 hilos La velocidad de clase m\u00e1s r\u00e1pida del mundo con un intervalo de 200 ms para la medici\u00f3n de corriente de fuga Ofrece mediciones tradicionales de corriente [&hellip;]<\/p>\n","protected":false},"featured_media":21764,"template":"","meta":{"_acf_changed":false},"pwb-brand":[624],"product_brand":[],"product_cat":[620,640,636],"product_tag":[],"class_list":{"0":"post-21317","1":"product","2":"type-product","3":"status-publish","4":"has-post-thumbnail","6":"pwb-brand-kyoritsu","7":"product_cat-kyoritsu","8":"product_cat-registradores","9":"product_cat-registradores-medidores-de-potencia-pqa","11":"first","12":"instock","13":"taxable","14":"shipping-taxable","15":"product-type-simple"},"acf":[],"yoast_head":"<!-- This site is optimized with the Yoast SEO plugin v27.4 - https:\/\/yoast.com\/product\/yoast-seo-wordpress\/ -->\n<title>Para el registrador KEW 5050 - Techmaster de Mexico<\/title>\n<meta name=\"robots\" content=\"index, follow, max-snippet:-1, max-image-preview:large, max-video-preview:-1\" \/>\n<link rel=\"canonical\" href=\"https:\/\/techmasterdemexico.com\/producto\/para-el-registrador-kew-5050\/\" \/>\n<meta property=\"og:locale\" content=\"en_US\" \/>\n<meta property=\"og:type\" content=\"article\" \/>\n<meta property=\"og:title\" content=\"Para el registrador KEW 5050 - Techmaster de Mexico\" \/>\n<meta property=\"og:description\" content=\"\u00a1Registrador Ior sin precedentes! Proporciona mediciones simult\u00e1neas y registra hasta 4 canales Soporta varios sistemas de cableado (Monof\u00e1sico 2&amp;3 hilos, Trif\u00e1sico 3&amp;4 hilos*) *Excepto Ior para trif\u00e1sico 4 hilos La velocidad de clase m\u00e1s r\u00e1pida del mundo con un intervalo de 200 ms para la medici\u00f3n de corriente de fuga Ofrece mediciones tradicionales de corriente [&hellip;]\" \/>\n<meta property=\"og:url\" content=\"https:\/\/techmasterdemexico.com\/producto\/para-el-registrador-kew-5050\/\" \/>\n<meta property=\"og:site_name\" content=\"Techmaster de Mexico\" \/>\n<meta property=\"article:modified_time\" content=\"2024-09-24T18:50:32+00:00\" \/>\n<meta property=\"og:image\" content=\"https:\/\/techmasterdemexico.com\/wp-content\/uploads\/KEW-5050.jpg\" \/>\n\t<meta property=\"og:image:width\" content=\"1000\" \/>\n\t<meta property=\"og:image:height\" content=\"1000\" \/>\n\t<meta property=\"og:image:type\" content=\"image\/jpeg\" \/>\n<meta name=\"twitter:card\" content=\"summary_large_image\" \/>\n<meta name=\"twitter:label1\" content=\"Est. reading time\" \/>\n\t<meta name=\"twitter:data1\" content=\"1 minute\" \/>\n<script type=\"application\/ld+json\" class=\"yoast-schema-graph\">{\"@context\":\"https:\\\/\\\/schema.org\",\"@graph\":[{\"@type\":\"WebPage\",\"@id\":\"https:\\\/\\\/techmasterdemexico.com\\\/producto\\\/para-el-registrador-kew-5050\\\/\",\"url\":\"https:\\\/\\\/techmasterdemexico.com\\\/producto\\\/para-el-registrador-kew-5050\\\/\",\"name\":\"Para el registrador KEW 5050 - Techmaster de Mexico\",\"isPartOf\":{\"@id\":\"https:\\\/\\\/techmasterdemexico.com\\\/#website\"},\"primaryImageOfPage\":{\"@id\":\"https:\\\/\\\/techmasterdemexico.com\\\/producto\\\/para-el-registrador-kew-5050\\\/#primaryimage\"},\"image\":{\"@id\":\"https:\\\/\\\/techmasterdemexico.com\\\/producto\\\/para-el-registrador-kew-5050\\\/#primaryimage\"},\"thumbnailUrl\":\"https:\\\/\\\/techmasterdemexico.com\\\/wp-content\\\/uploads\\\/KEW-5050.jpg\",\"datePublished\":\"2024-09-19T19:22:52+00:00\",\"dateModified\":\"2024-09-24T18:50:32+00:00\",\"breadcrumb\":{\"@id\":\"https:\\\/\\\/techmasterdemexico.com\\\/producto\\\/para-el-registrador-kew-5050\\\/#breadcrumb\"},\"inLanguage\":\"en-US\",\"potentialAction\":[{\"@type\":\"ReadAction\",\"target\":[\"https:\\\/\\\/techmasterdemexico.com\\\/producto\\\/para-el-registrador-kew-5050\\\/\"]}]},{\"@type\":\"ImageObject\",\"inLanguage\":\"en-US\",\"@id\":\"https:\\\/\\\/techmasterdemexico.com\\\/producto\\\/para-el-registrador-kew-5050\\\/#primaryimage\",\"url\":\"https:\\\/\\\/techmasterdemexico.com\\\/wp-content\\\/uploads\\\/KEW-5050.jpg\",\"contentUrl\":\"https:\\\/\\\/techmasterdemexico.com\\\/wp-content\\\/uploads\\\/KEW-5050.jpg\",\"width\":1000,\"height\":1000},{\"@type\":\"BreadcrumbList\",\"@id\":\"https:\\\/\\\/techmasterdemexico.com\\\/producto\\\/para-el-registrador-kew-5050\\\/#breadcrumb\",\"itemListElement\":[{\"@type\":\"ListItem\",\"position\":1,\"name\":\"Portada\",\"item\":\"https:\\\/\\\/techmasterdemexico.com\\\/\"},{\"@type\":\"ListItem\",\"position\":2,\"name\":\"Para el registrador KEW 5050\"}]},{\"@type\":\"WebSite\",\"@id\":\"https:\\\/\\\/techmasterdemexico.com\\\/#website\",\"url\":\"https:\\\/\\\/techmasterdemexico.com\\\/\",\"name\":\"Techmaster de Mexico\",\"description\":\"\",\"potentialAction\":[{\"@type\":\"SearchAction\",\"target\":{\"@type\":\"EntryPoint\",\"urlTemplate\":\"https:\\\/\\\/techmasterdemexico.com\\\/?s={search_term_string}\"},\"query-input\":{\"@type\":\"PropertyValueSpecification\",\"valueRequired\":true,\"valueName\":\"search_term_string\"}}],\"inLanguage\":\"en-US\"}]}<\/script>\n<!-- \/ Yoast SEO plugin. -->","yoast_head_json":{"title":"Para el registrador KEW 5050 - Techmaster de Mexico","robots":{"index":"index","follow":"follow","max-snippet":"max-snippet:-1","max-image-preview":"max-image-preview:large","max-video-preview":"max-video-preview:-1"},"canonical":"https:\/\/techmasterdemexico.com\/producto\/para-el-registrador-kew-5050\/","og_locale":"en_US","og_type":"article","og_title":"Para el registrador KEW 5050 - Techmaster de Mexico","og_description":"\u00a1Registrador Ior sin precedentes! Proporciona mediciones simult\u00e1neas y registra hasta 4 canales Soporta varios sistemas de cableado (Monof\u00e1sico 2&amp;3 hilos, Trif\u00e1sico 3&amp;4 hilos*) *Excepto Ior para trif\u00e1sico 4 hilos La velocidad de clase m\u00e1s r\u00e1pida del mundo con un intervalo de 200 ms para la medici\u00f3n de corriente de fuga Ofrece mediciones tradicionales de corriente [&hellip;]","og_url":"https:\/\/techmasterdemexico.com\/producto\/para-el-registrador-kew-5050\/","og_site_name":"Techmaster de Mexico","article_modified_time":"2024-09-24T18:50:32+00:00","og_image":[{"width":1000,"height":1000,"url":"https:\/\/techmasterdemexico.com\/wp-content\/uploads\/KEW-5050.jpg","type":"image\/jpeg"}],"twitter_card":"summary_large_image","twitter_misc":{"Est. reading time":"1 minute"},"schema":{"@context":"https:\/\/schema.org","@graph":[{"@type":"WebPage","@id":"https:\/\/techmasterdemexico.com\/producto\/para-el-registrador-kew-5050\/","url":"https:\/\/techmasterdemexico.com\/producto\/para-el-registrador-kew-5050\/","name":"Para el registrador KEW 5050 - Techmaster de Mexico","isPartOf":{"@id":"https:\/\/techmasterdemexico.com\/#website"},"primaryImageOfPage":{"@id":"https:\/\/techmasterdemexico.com\/producto\/para-el-registrador-kew-5050\/#primaryimage"},"image":{"@id":"https:\/\/techmasterdemexico.com\/producto\/para-el-registrador-kew-5050\/#primaryimage"},"thumbnailUrl":"https:\/\/techmasterdemexico.com\/wp-content\/uploads\/KEW-5050.jpg","datePublished":"2024-09-19T19:22:52+00:00","dateModified":"2024-09-24T18:50:32+00:00","breadcrumb":{"@id":"https:\/\/techmasterdemexico.com\/producto\/para-el-registrador-kew-5050\/#breadcrumb"},"inLanguage":"en-US","potentialAction":[{"@type":"ReadAction","target":["https:\/\/techmasterdemexico.com\/producto\/para-el-registrador-kew-5050\/"]}]},{"@type":"ImageObject","inLanguage":"en-US","@id":"https:\/\/techmasterdemexico.com\/producto\/para-el-registrador-kew-5050\/#primaryimage","url":"https:\/\/techmasterdemexico.com\/wp-content\/uploads\/KEW-5050.jpg","contentUrl":"https:\/\/techmasterdemexico.com\/wp-content\/uploads\/KEW-5050.jpg","width":1000,"height":1000},{"@type":"BreadcrumbList","@id":"https:\/\/techmasterdemexico.com\/producto\/para-el-registrador-kew-5050\/#breadcrumb","itemListElement":[{"@type":"ListItem","position":1,"name":"Portada","item":"https:\/\/techmasterdemexico.com\/"},{"@type":"ListItem","position":2,"name":"Para el registrador KEW 5050"}]},{"@type":"WebSite","@id":"https:\/\/techmasterdemexico.com\/#website","url":"https:\/\/techmasterdemexico.com\/","name":"Techmaster de Mexico","description":"","potentialAction":[{"@type":"SearchAction","target":{"@type":"EntryPoint","urlTemplate":"https:\/\/techmasterdemexico.com\/?s={search_term_string}"},"query-input":{"@type":"PropertyValueSpecification","valueRequired":true,"valueName":"search_term_string"}}],"inLanguage":"en-US"}]}},"brands":[{"id":624,"name":"Kyoritsu","slug":"kyoritsu"}],"_links":{"self":[{"href":"https:\/\/techmasterdemexico.com\/en\/wp-json\/wp\/v2\/product\/21317","targetHints":{"allow":["GET"]}}],"collection":[{"href":"https:\/\/techmasterdemexico.com\/en\/wp-json\/wp\/v2\/product"}],"about":[{"href":"https:\/\/techmasterdemexico.com\/en\/wp-json\/wp\/v2\/types\/product"}],"wp:featuredmedia":[{"embeddable":true,"href":"https:\/\/techmasterdemexico.com\/en\/wp-json\/wp\/v2\/media\/21764"}],"wp:attachment":[{"href":"https:\/\/techmasterdemexico.com\/en\/wp-json\/wp\/v2\/media?parent=21317"}],"wp:term":[{"taxonomy":"pwb-brand","embeddable":true,"href":"https:\/\/techmasterdemexico.com\/en\/wp-json\/wp\/v2\/pwb-brand?post=21317"},{"taxonomy":"product_brand","embeddable":true,"href":"https:\/\/techmasterdemexico.com\/en\/wp-json\/wp\/v2\/product_brand?post=21317"},{"taxonomy":"product_cat","embeddable":true,"href":"https:\/\/techmasterdemexico.com\/en\/wp-json\/wp\/v2\/product_cat?post=21317"},{"taxonomy":"product_tag","embeddable":true,"href":"https:\/\/techmasterdemexico.com\/en\/wp-json\/wp\/v2\/product_tag?post=21317"}],"curies":[{"name":"wp","href":"https:\/\/api.w.org\/{rel}","templated":true}]}}