{"id":21314,"date":"2024-09-19T12:22:51","date_gmt":"2024-09-19T19:22:51","guid":{"rendered":"https:\/\/techmasterdemexico.com\/producto\/registrador-de-corriente-voltaje-kew-5020\/"},"modified":"2024-09-24T11:52:22","modified_gmt":"2024-09-24T18:52:22","slug":"registrador-de-corriente-voltaje-kew-5020","status":"publish","type":"product","link":"https:\/\/techmasterdemexico.com\/en\/producto\/registrador-de-corriente-voltaje-kew-5020\/","title":{"rendered":"Registrador de corriente voltaje KEW 5020"},"content":{"rendered":"<p>Entradas de 3 canales para el registro simult\u00e1neo de corriente de fuga, corriente de carga y tensi\u00f3n<\/p>\n<ul>\n<li>An\u00e1lisis de la calidad de la energ\u00eda<\/li>\n<li>Gran capacidad para almacenar 60.000 puntos de datos<\/li>\n<li>Filtro de paso bajo que filtra los arm\u00f3nicos<\/li>\n<li>El LED parpadea cuando se supera el valor de corriente\/tensi\u00f3n preestablecido<\/li>\n<li>CALL: Confirmaci\u00f3n de los datos registrados<\/li>\n<li>Selecci\u00f3n de modo \u00fanico o modo sin fin<\/li>\n<li>Memoria no vol\u00e1til<\/li>\n<li>Indicador de carga de la bater\u00eda<\/li>\n<li>Software para PC &#8220;KEW LOG Soft2&#8221; de f\u00e1cil manejo<\/li>\n<li>Tiempo de medici\u00f3n continuo: Aprox. 10 d\u00edas (pila alcalina)<\/li>\n<\/ul>\n","protected":false},"excerpt":{"rendered":"<p>Entradas de 3 canales para el registro simult\u00e1neo de corriente de fuga, corriente de carga y tensi\u00f3n An\u00e1lisis de la calidad de la energ\u00eda Gran capacidad para almacenar 60.000 puntos de datos Filtro de paso bajo que filtra los arm\u00f3nicos El LED parpadea cuando se supera el valor de corriente\/tensi\u00f3n preestablecido CALL: Confirmaci\u00f3n de los [&hellip;]<\/p>\n","protected":false},"featured_media":21768,"template":"","meta":{"_acf_changed":false},"pwb-brand":[624],"product_brand":[],"product_cat":[620,640,636],"product_tag":[],"class_list":{"0":"post-21314","1":"product","2":"type-product","3":"status-publish","4":"has-post-thumbnail","6":"pwb-brand-kyoritsu","7":"product_cat-kyoritsu","8":"product_cat-registradores","9":"product_cat-registradores-medidores-de-potencia-pqa","11":"first","12":"instock","13":"taxable","14":"shipping-taxable","15":"product-type-simple"},"acf":[],"yoast_head":"<!-- This site is optimized with the Yoast SEO plugin v27.4 - https:\/\/yoast.com\/product\/yoast-seo-wordpress\/ -->\n<title>Registrador de corriente voltaje KEW 5020 - Techmaster de Mexico<\/title>\n<meta name=\"robots\" content=\"index, follow, max-snippet:-1, max-image-preview:large, max-video-preview:-1\" \/>\n<link rel=\"canonical\" href=\"https:\/\/techmasterdemexico.com\/producto\/registrador-de-corriente-voltaje-kew-5020\/\" \/>\n<meta property=\"og:locale\" content=\"en_US\" \/>\n<meta property=\"og:type\" content=\"article\" \/>\n<meta property=\"og:title\" content=\"Registrador de corriente voltaje KEW 5020 - Techmaster de Mexico\" \/>\n<meta property=\"og:description\" content=\"Entradas de 3 canales para el registro simult\u00e1neo de corriente de fuga, corriente de carga y tensi\u00f3n An\u00e1lisis de la calidad de la energ\u00eda Gran capacidad para almacenar 60.000 puntos de datos Filtro de paso bajo que filtra los arm\u00f3nicos El LED parpadea cuando se supera el valor de corriente\/tensi\u00f3n preestablecido CALL: Confirmaci\u00f3n de los [&hellip;]\" \/>\n<meta property=\"og:url\" content=\"https:\/\/techmasterdemexico.com\/producto\/registrador-de-corriente-voltaje-kew-5020\/\" \/>\n<meta property=\"og:site_name\" content=\"Techmaster de Mexico\" \/>\n<meta property=\"article:modified_time\" content=\"2024-09-24T18:52:22+00:00\" \/>\n<meta property=\"og:image\" content=\"https:\/\/techmasterdemexico.com\/wp-content\/uploads\/KEW-5020.jpg\" \/>\n\t<meta property=\"og:image:width\" content=\"1000\" \/>\n\t<meta property=\"og:image:height\" content=\"1000\" \/>\n\t<meta property=\"og:image:type\" content=\"image\/jpeg\" \/>\n<meta name=\"twitter:card\" content=\"summary_large_image\" \/>\n<meta name=\"twitter:label1\" content=\"Est. reading time\" \/>\n\t<meta name=\"twitter:data1\" content=\"1 minute\" \/>\n<script type=\"application\/ld+json\" class=\"yoast-schema-graph\">{\"@context\":\"https:\\\/\\\/schema.org\",\"@graph\":[{\"@type\":\"WebPage\",\"@id\":\"https:\\\/\\\/techmasterdemexico.com\\\/producto\\\/registrador-de-corriente-voltaje-kew-5020\\\/\",\"url\":\"https:\\\/\\\/techmasterdemexico.com\\\/producto\\\/registrador-de-corriente-voltaje-kew-5020\\\/\",\"name\":\"Registrador de corriente voltaje KEW 5020 - Techmaster de Mexico\",\"isPartOf\":{\"@id\":\"https:\\\/\\\/techmasterdemexico.com\\\/#website\"},\"primaryImageOfPage\":{\"@id\":\"https:\\\/\\\/techmasterdemexico.com\\\/producto\\\/registrador-de-corriente-voltaje-kew-5020\\\/#primaryimage\"},\"image\":{\"@id\":\"https:\\\/\\\/techmasterdemexico.com\\\/producto\\\/registrador-de-corriente-voltaje-kew-5020\\\/#primaryimage\"},\"thumbnailUrl\":\"https:\\\/\\\/techmasterdemexico.com\\\/wp-content\\\/uploads\\\/KEW-5020.jpg\",\"datePublished\":\"2024-09-19T19:22:51+00:00\",\"dateModified\":\"2024-09-24T18:52:22+00:00\",\"breadcrumb\":{\"@id\":\"https:\\\/\\\/techmasterdemexico.com\\\/producto\\\/registrador-de-corriente-voltaje-kew-5020\\\/#breadcrumb\"},\"inLanguage\":\"en-US\",\"potentialAction\":[{\"@type\":\"ReadAction\",\"target\":[\"https:\\\/\\\/techmasterdemexico.com\\\/producto\\\/registrador-de-corriente-voltaje-kew-5020\\\/\"]}]},{\"@type\":\"ImageObject\",\"inLanguage\":\"en-US\",\"@id\":\"https:\\\/\\\/techmasterdemexico.com\\\/producto\\\/registrador-de-corriente-voltaje-kew-5020\\\/#primaryimage\",\"url\":\"https:\\\/\\\/techmasterdemexico.com\\\/wp-content\\\/uploads\\\/KEW-5020.jpg\",\"contentUrl\":\"https:\\\/\\\/techmasterdemexico.com\\\/wp-content\\\/uploads\\\/KEW-5020.jpg\",\"width\":1000,\"height\":1000},{\"@type\":\"BreadcrumbList\",\"@id\":\"https:\\\/\\\/techmasterdemexico.com\\\/producto\\\/registrador-de-corriente-voltaje-kew-5020\\\/#breadcrumb\",\"itemListElement\":[{\"@type\":\"ListItem\",\"position\":1,\"name\":\"Portada\",\"item\":\"https:\\\/\\\/techmasterdemexico.com\\\/\"},{\"@type\":\"ListItem\",\"position\":2,\"name\":\"Registrador de corriente voltaje KEW 5020\"}]},{\"@type\":\"WebSite\",\"@id\":\"https:\\\/\\\/techmasterdemexico.com\\\/#website\",\"url\":\"https:\\\/\\\/techmasterdemexico.com\\\/\",\"name\":\"Techmaster de Mexico\",\"description\":\"\",\"potentialAction\":[{\"@type\":\"SearchAction\",\"target\":{\"@type\":\"EntryPoint\",\"urlTemplate\":\"https:\\\/\\\/techmasterdemexico.com\\\/?s={search_term_string}\"},\"query-input\":{\"@type\":\"PropertyValueSpecification\",\"valueRequired\":true,\"valueName\":\"search_term_string\"}}],\"inLanguage\":\"en-US\"}]}<\/script>\n<!-- \/ Yoast SEO plugin. -->","yoast_head_json":{"title":"Registrador de corriente voltaje KEW 5020 - Techmaster de Mexico","robots":{"index":"index","follow":"follow","max-snippet":"max-snippet:-1","max-image-preview":"max-image-preview:large","max-video-preview":"max-video-preview:-1"},"canonical":"https:\/\/techmasterdemexico.com\/producto\/registrador-de-corriente-voltaje-kew-5020\/","og_locale":"en_US","og_type":"article","og_title":"Registrador de corriente voltaje KEW 5020 - Techmaster de Mexico","og_description":"Entradas de 3 canales para el registro simult\u00e1neo de corriente de fuga, corriente de carga y tensi\u00f3n An\u00e1lisis de la calidad de la energ\u00eda Gran capacidad para almacenar 60.000 puntos de datos Filtro de paso bajo que filtra los arm\u00f3nicos El LED parpadea cuando se supera el valor de corriente\/tensi\u00f3n preestablecido CALL: Confirmaci\u00f3n de los [&hellip;]","og_url":"https:\/\/techmasterdemexico.com\/producto\/registrador-de-corriente-voltaje-kew-5020\/","og_site_name":"Techmaster de Mexico","article_modified_time":"2024-09-24T18:52:22+00:00","og_image":[{"width":1000,"height":1000,"url":"https:\/\/techmasterdemexico.com\/wp-content\/uploads\/KEW-5020.jpg","type":"image\/jpeg"}],"twitter_card":"summary_large_image","twitter_misc":{"Est. reading time":"1 minute"},"schema":{"@context":"https:\/\/schema.org","@graph":[{"@type":"WebPage","@id":"https:\/\/techmasterdemexico.com\/producto\/registrador-de-corriente-voltaje-kew-5020\/","url":"https:\/\/techmasterdemexico.com\/producto\/registrador-de-corriente-voltaje-kew-5020\/","name":"Registrador de corriente voltaje KEW 5020 - Techmaster de Mexico","isPartOf":{"@id":"https:\/\/techmasterdemexico.com\/#website"},"primaryImageOfPage":{"@id":"https:\/\/techmasterdemexico.com\/producto\/registrador-de-corriente-voltaje-kew-5020\/#primaryimage"},"image":{"@id":"https:\/\/techmasterdemexico.com\/producto\/registrador-de-corriente-voltaje-kew-5020\/#primaryimage"},"thumbnailUrl":"https:\/\/techmasterdemexico.com\/wp-content\/uploads\/KEW-5020.jpg","datePublished":"2024-09-19T19:22:51+00:00","dateModified":"2024-09-24T18:52:22+00:00","breadcrumb":{"@id":"https:\/\/techmasterdemexico.com\/producto\/registrador-de-corriente-voltaje-kew-5020\/#breadcrumb"},"inLanguage":"en-US","potentialAction":[{"@type":"ReadAction","target":["https:\/\/techmasterdemexico.com\/producto\/registrador-de-corriente-voltaje-kew-5020\/"]}]},{"@type":"ImageObject","inLanguage":"en-US","@id":"https:\/\/techmasterdemexico.com\/producto\/registrador-de-corriente-voltaje-kew-5020\/#primaryimage","url":"https:\/\/techmasterdemexico.com\/wp-content\/uploads\/KEW-5020.jpg","contentUrl":"https:\/\/techmasterdemexico.com\/wp-content\/uploads\/KEW-5020.jpg","width":1000,"height":1000},{"@type":"BreadcrumbList","@id":"https:\/\/techmasterdemexico.com\/producto\/registrador-de-corriente-voltaje-kew-5020\/#breadcrumb","itemListElement":[{"@type":"ListItem","position":1,"name":"Portada","item":"https:\/\/techmasterdemexico.com\/"},{"@type":"ListItem","position":2,"name":"Registrador de corriente voltaje KEW 5020"}]},{"@type":"WebSite","@id":"https:\/\/techmasterdemexico.com\/#website","url":"https:\/\/techmasterdemexico.com\/","name":"Techmaster de Mexico","description":"","potentialAction":[{"@type":"SearchAction","target":{"@type":"EntryPoint","urlTemplate":"https:\/\/techmasterdemexico.com\/?s={search_term_string}"},"query-input":{"@type":"PropertyValueSpecification","valueRequired":true,"valueName":"search_term_string"}}],"inLanguage":"en-US"}]}},"brands":[{"id":624,"name":"Kyoritsu","slug":"kyoritsu"}],"_links":{"self":[{"href":"https:\/\/techmasterdemexico.com\/en\/wp-json\/wp\/v2\/product\/21314","targetHints":{"allow":["GET"]}}],"collection":[{"href":"https:\/\/techmasterdemexico.com\/en\/wp-json\/wp\/v2\/product"}],"about":[{"href":"https:\/\/techmasterdemexico.com\/en\/wp-json\/wp\/v2\/types\/product"}],"wp:featuredmedia":[{"embeddable":true,"href":"https:\/\/techmasterdemexico.com\/en\/wp-json\/wp\/v2\/media\/21768"}],"wp:attachment":[{"href":"https:\/\/techmasterdemexico.com\/en\/wp-json\/wp\/v2\/media?parent=21314"}],"wp:term":[{"taxonomy":"pwb-brand","embeddable":true,"href":"https:\/\/techmasterdemexico.com\/en\/wp-json\/wp\/v2\/pwb-brand?post=21314"},{"taxonomy":"product_brand","embeddable":true,"href":"https:\/\/techmasterdemexico.com\/en\/wp-json\/wp\/v2\/product_brand?post=21314"},{"taxonomy":"product_cat","embeddable":true,"href":"https:\/\/techmasterdemexico.com\/en\/wp-json\/wp\/v2\/product_cat?post=21314"},{"taxonomy":"product_tag","embeddable":true,"href":"https:\/\/techmasterdemexico.com\/en\/wp-json\/wp\/v2\/product_tag?post=21314"}],"curies":[{"name":"wp","href":"https:\/\/api.w.org\/{rel}","templated":true}]}}