{"id":21293,"date":"2024-09-19T12:22:44","date_gmt":"2024-09-19T19:22:44","guid":{"rendered":"https:\/\/techmasterdemexico.com\/producto\/comprobador-de-bucle-pfc-psc-modelo-4118a\/"},"modified":"2024-09-24T11:11:16","modified_gmt":"2024-09-24T18:11:16","slug":"comprobador-de-bucle-pfc-psc-modelo-4118a","status":"publish","type":"product","link":"https:\/\/techmasterdemexico.com\/en\/producto\/comprobador-de-bucle-pfc-psc-modelo-4118a\/","title":{"rendered":"Comprobador de bucle\/PFC\/PSC MODELO 4118A"},"content":{"rendered":"<ul>\n<li>Control por microprocesador personalizado para la m\u00e1xima precisi\u00f3n y fiabilidad<\/li>\n<li>3 LED para comprobar el estado correcto del cableado<\/li>\n<li>Medici\u00f3n de LOOP de 15mA:La medici\u00f3n del rango de impedancia de LOOP 2000\u03a9 se realiza con una corriente de prueba baja (15mA).<\/li>\n<li>La corriente no provocar\u00e1 la desconexi\u00f3n del RCD implicado, ni siquiera el que tenga la corriente diferencial nominal m\u00e1s baja (30mA)<\/li>\n<li>Lectura directa de la corriente prospectiva de cortocircuito (PSC)<\/li>\n<li>Medici\u00f3n de resistencias de bucle bajas (resoluci\u00f3n de 0,01\u03a9)<\/li>\n<li>Bloqueo autom\u00e1tico en caso de sobrecalentamiento del resistor de prueba<\/li>\n<li>Gran pantalla digital de lectura personalizada<\/li>\n<li>Indicaci\u00f3n visual de fase invertida y cableado neutro en el enchufe<\/li>\n<li>Dise\u00f1ado para IP54<\/li>\n<\/ul>\n","protected":false},"excerpt":{"rendered":"<p>Control por microprocesador personalizado para la m\u00e1xima precisi\u00f3n y fiabilidad 3 LED para comprobar el estado correcto del cableado Medici\u00f3n de LOOP de 15mA:La medici\u00f3n del rango de impedancia de LOOP 2000\u03a9 se realiza con una corriente de prueba baja (15mA). La corriente no provocar\u00e1 la desconexi\u00f3n del RCD implicado, ni siquiera el que tenga [&hellip;]<\/p>\n","protected":false},"featured_media":21724,"template":"","meta":{"_acf_changed":false},"pwb-brand":[624],"product_brand":[],"product_cat":[630,621,620],"product_tag":[],"class_list":{"0":"post-21293","1":"product","2":"type-product","3":"status-publish","4":"has-post-thumbnail","6":"pwb-brand-kyoritsu","7":"product_cat-comprobadores-de-bucle-pfc-psc","8":"product_cat-instrumentos-de-medicion-y-prueba","9":"product_cat-kyoritsu","11":"first","12":"instock","13":"taxable","14":"shipping-taxable","15":"product-type-simple"},"acf":[],"yoast_head":"<!-- This site is optimized with the Yoast SEO plugin v27.4 - https:\/\/yoast.com\/product\/yoast-seo-wordpress\/ -->\n<title>Comprobador de bucle\/PFC\/PSC MODELO 4118A - Techmaster de Mexico<\/title>\n<meta name=\"robots\" content=\"index, follow, max-snippet:-1, max-image-preview:large, max-video-preview:-1\" \/>\n<link rel=\"canonical\" href=\"https:\/\/techmasterdemexico.com\/producto\/comprobador-de-bucle-pfc-psc-modelo-4118a\/\" \/>\n<meta property=\"og:locale\" content=\"en_US\" \/>\n<meta property=\"og:type\" content=\"article\" \/>\n<meta property=\"og:title\" content=\"Comprobador de bucle\/PFC\/PSC MODELO 4118A - Techmaster de Mexico\" \/>\n<meta property=\"og:description\" content=\"Control por microprocesador personalizado para la m\u00e1xima precisi\u00f3n y fiabilidad 3 LED para comprobar el estado correcto del cableado Medici\u00f3n de LOOP de 15mA:La medici\u00f3n del rango de impedancia de LOOP 2000\u03a9 se realiza con una corriente de prueba baja (15mA). La corriente no provocar\u00e1 la desconexi\u00f3n del RCD implicado, ni siquiera el que tenga [&hellip;]\" \/>\n<meta property=\"og:url\" content=\"https:\/\/techmasterdemexico.com\/producto\/comprobador-de-bucle-pfc-psc-modelo-4118a\/\" \/>\n<meta property=\"og:site_name\" content=\"Techmaster de Mexico\" \/>\n<meta property=\"article:modified_time\" content=\"2024-09-24T18:11:16+00:00\" \/>\n<meta property=\"og:image\" content=\"https:\/\/techmasterdemexico.com\/wp-content\/uploads\/MODEL-4118A.jpg\" \/>\n\t<meta property=\"og:image:width\" content=\"1000\" \/>\n\t<meta property=\"og:image:height\" content=\"1000\" \/>\n\t<meta property=\"og:image:type\" content=\"image\/jpeg\" \/>\n<meta name=\"twitter:card\" content=\"summary_large_image\" \/>\n<meta name=\"twitter:label1\" content=\"Est. reading time\" \/>\n\t<meta name=\"twitter:data1\" content=\"1 minute\" \/>\n<script type=\"application\/ld+json\" class=\"yoast-schema-graph\">{\"@context\":\"https:\\\/\\\/schema.org\",\"@graph\":[{\"@type\":\"WebPage\",\"@id\":\"https:\\\/\\\/techmasterdemexico.com\\\/producto\\\/comprobador-de-bucle-pfc-psc-modelo-4118a\\\/\",\"url\":\"https:\\\/\\\/techmasterdemexico.com\\\/producto\\\/comprobador-de-bucle-pfc-psc-modelo-4118a\\\/\",\"name\":\"Comprobador de bucle\\\/PFC\\\/PSC MODELO 4118A - Techmaster de Mexico\",\"isPartOf\":{\"@id\":\"https:\\\/\\\/techmasterdemexico.com\\\/#website\"},\"primaryImageOfPage\":{\"@id\":\"https:\\\/\\\/techmasterdemexico.com\\\/producto\\\/comprobador-de-bucle-pfc-psc-modelo-4118a\\\/#primaryimage\"},\"image\":{\"@id\":\"https:\\\/\\\/techmasterdemexico.com\\\/producto\\\/comprobador-de-bucle-pfc-psc-modelo-4118a\\\/#primaryimage\"},\"thumbnailUrl\":\"https:\\\/\\\/techmasterdemexico.com\\\/wp-content\\\/uploads\\\/MODEL-4118A.jpg\",\"datePublished\":\"2024-09-19T19:22:44+00:00\",\"dateModified\":\"2024-09-24T18:11:16+00:00\",\"breadcrumb\":{\"@id\":\"https:\\\/\\\/techmasterdemexico.com\\\/producto\\\/comprobador-de-bucle-pfc-psc-modelo-4118a\\\/#breadcrumb\"},\"inLanguage\":\"en-US\",\"potentialAction\":[{\"@type\":\"ReadAction\",\"target\":[\"https:\\\/\\\/techmasterdemexico.com\\\/producto\\\/comprobador-de-bucle-pfc-psc-modelo-4118a\\\/\"]}]},{\"@type\":\"ImageObject\",\"inLanguage\":\"en-US\",\"@id\":\"https:\\\/\\\/techmasterdemexico.com\\\/producto\\\/comprobador-de-bucle-pfc-psc-modelo-4118a\\\/#primaryimage\",\"url\":\"https:\\\/\\\/techmasterdemexico.com\\\/wp-content\\\/uploads\\\/MODEL-4118A.jpg\",\"contentUrl\":\"https:\\\/\\\/techmasterdemexico.com\\\/wp-content\\\/uploads\\\/MODEL-4118A.jpg\",\"width\":1000,\"height\":1000},{\"@type\":\"BreadcrumbList\",\"@id\":\"https:\\\/\\\/techmasterdemexico.com\\\/producto\\\/comprobador-de-bucle-pfc-psc-modelo-4118a\\\/#breadcrumb\",\"itemListElement\":[{\"@type\":\"ListItem\",\"position\":1,\"name\":\"Portada\",\"item\":\"https:\\\/\\\/techmasterdemexico.com\\\/\"},{\"@type\":\"ListItem\",\"position\":2,\"name\":\"Comprobador de bucle\\\/PFC\\\/PSC MODELO 4118A\"}]},{\"@type\":\"WebSite\",\"@id\":\"https:\\\/\\\/techmasterdemexico.com\\\/#website\",\"url\":\"https:\\\/\\\/techmasterdemexico.com\\\/\",\"name\":\"Techmaster de Mexico\",\"description\":\"\",\"potentialAction\":[{\"@type\":\"SearchAction\",\"target\":{\"@type\":\"EntryPoint\",\"urlTemplate\":\"https:\\\/\\\/techmasterdemexico.com\\\/?s={search_term_string}\"},\"query-input\":{\"@type\":\"PropertyValueSpecification\",\"valueRequired\":true,\"valueName\":\"search_term_string\"}}],\"inLanguage\":\"en-US\"}]}<\/script>\n<!-- \/ Yoast SEO plugin. -->","yoast_head_json":{"title":"Comprobador de bucle\/PFC\/PSC MODELO 4118A - Techmaster de Mexico","robots":{"index":"index","follow":"follow","max-snippet":"max-snippet:-1","max-image-preview":"max-image-preview:large","max-video-preview":"max-video-preview:-1"},"canonical":"https:\/\/techmasterdemexico.com\/producto\/comprobador-de-bucle-pfc-psc-modelo-4118a\/","og_locale":"en_US","og_type":"article","og_title":"Comprobador de bucle\/PFC\/PSC MODELO 4118A - Techmaster de Mexico","og_description":"Control por microprocesador personalizado para la m\u00e1xima precisi\u00f3n y fiabilidad 3 LED para comprobar el estado correcto del cableado Medici\u00f3n de LOOP de 15mA:La medici\u00f3n del rango de impedancia de LOOP 2000\u03a9 se realiza con una corriente de prueba baja (15mA). La corriente no provocar\u00e1 la desconexi\u00f3n del RCD implicado, ni siquiera el que tenga [&hellip;]","og_url":"https:\/\/techmasterdemexico.com\/producto\/comprobador-de-bucle-pfc-psc-modelo-4118a\/","og_site_name":"Techmaster de Mexico","article_modified_time":"2024-09-24T18:11:16+00:00","og_image":[{"width":1000,"height":1000,"url":"https:\/\/techmasterdemexico.com\/wp-content\/uploads\/MODEL-4118A.jpg","type":"image\/jpeg"}],"twitter_card":"summary_large_image","twitter_misc":{"Est. reading time":"1 minute"},"schema":{"@context":"https:\/\/schema.org","@graph":[{"@type":"WebPage","@id":"https:\/\/techmasterdemexico.com\/producto\/comprobador-de-bucle-pfc-psc-modelo-4118a\/","url":"https:\/\/techmasterdemexico.com\/producto\/comprobador-de-bucle-pfc-psc-modelo-4118a\/","name":"Comprobador de bucle\/PFC\/PSC MODELO 4118A - Techmaster de Mexico","isPartOf":{"@id":"https:\/\/techmasterdemexico.com\/#website"},"primaryImageOfPage":{"@id":"https:\/\/techmasterdemexico.com\/producto\/comprobador-de-bucle-pfc-psc-modelo-4118a\/#primaryimage"},"image":{"@id":"https:\/\/techmasterdemexico.com\/producto\/comprobador-de-bucle-pfc-psc-modelo-4118a\/#primaryimage"},"thumbnailUrl":"https:\/\/techmasterdemexico.com\/wp-content\/uploads\/MODEL-4118A.jpg","datePublished":"2024-09-19T19:22:44+00:00","dateModified":"2024-09-24T18:11:16+00:00","breadcrumb":{"@id":"https:\/\/techmasterdemexico.com\/producto\/comprobador-de-bucle-pfc-psc-modelo-4118a\/#breadcrumb"},"inLanguage":"en-US","potentialAction":[{"@type":"ReadAction","target":["https:\/\/techmasterdemexico.com\/producto\/comprobador-de-bucle-pfc-psc-modelo-4118a\/"]}]},{"@type":"ImageObject","inLanguage":"en-US","@id":"https:\/\/techmasterdemexico.com\/producto\/comprobador-de-bucle-pfc-psc-modelo-4118a\/#primaryimage","url":"https:\/\/techmasterdemexico.com\/wp-content\/uploads\/MODEL-4118A.jpg","contentUrl":"https:\/\/techmasterdemexico.com\/wp-content\/uploads\/MODEL-4118A.jpg","width":1000,"height":1000},{"@type":"BreadcrumbList","@id":"https:\/\/techmasterdemexico.com\/producto\/comprobador-de-bucle-pfc-psc-modelo-4118a\/#breadcrumb","itemListElement":[{"@type":"ListItem","position":1,"name":"Portada","item":"https:\/\/techmasterdemexico.com\/"},{"@type":"ListItem","position":2,"name":"Comprobador de bucle\/PFC\/PSC MODELO 4118A"}]},{"@type":"WebSite","@id":"https:\/\/techmasterdemexico.com\/#website","url":"https:\/\/techmasterdemexico.com\/","name":"Techmaster de Mexico","description":"","potentialAction":[{"@type":"SearchAction","target":{"@type":"EntryPoint","urlTemplate":"https:\/\/techmasterdemexico.com\/?s={search_term_string}"},"query-input":{"@type":"PropertyValueSpecification","valueRequired":true,"valueName":"search_term_string"}}],"inLanguage":"en-US"}]}},"brands":[{"id":624,"name":"Kyoritsu","slug":"kyoritsu"}],"_links":{"self":[{"href":"https:\/\/techmasterdemexico.com\/en\/wp-json\/wp\/v2\/product\/21293","targetHints":{"allow":["GET"]}}],"collection":[{"href":"https:\/\/techmasterdemexico.com\/en\/wp-json\/wp\/v2\/product"}],"about":[{"href":"https:\/\/techmasterdemexico.com\/en\/wp-json\/wp\/v2\/types\/product"}],"wp:featuredmedia":[{"embeddable":true,"href":"https:\/\/techmasterdemexico.com\/en\/wp-json\/wp\/v2\/media\/21724"}],"wp:attachment":[{"href":"https:\/\/techmasterdemexico.com\/en\/wp-json\/wp\/v2\/media?parent=21293"}],"wp:term":[{"taxonomy":"pwb-brand","embeddable":true,"href":"https:\/\/techmasterdemexico.com\/en\/wp-json\/wp\/v2\/pwb-brand?post=21293"},{"taxonomy":"product_brand","embeddable":true,"href":"https:\/\/techmasterdemexico.com\/en\/wp-json\/wp\/v2\/product_brand?post=21293"},{"taxonomy":"product_cat","embeddable":true,"href":"https:\/\/techmasterdemexico.com\/en\/wp-json\/wp\/v2\/product_cat?post=21293"},{"taxonomy":"product_tag","embeddable":true,"href":"https:\/\/techmasterdemexico.com\/en\/wp-json\/wp\/v2\/product_tag?post=21293"}],"curies":[{"name":"wp","href":"https:\/\/api.w.org\/{rel}","templated":true}]}}